{"id":39745,"date":"2022-01-26T20:54:07","date_gmt":"2022-01-26T20:54:07","guid":{"rendered":"https:\/\/www.sisinternational.com\/?page_id=39745"},"modified":"2025-09-23T22:06:51","modified_gmt":"2025-09-24T02:06:51","slug":"analise-multivariada-pesquisa-de-mercado","status":"publish","type":"page","link":"https:\/\/www.sisinternational.com\/pt\/pericia\/analise-multivariada-pesquisa-de-mercado\/","title":{"rendered":"Pesquisa de Mercado de An\u00e1lise Multivariada"},"content":{"rendered":"<h1 class=\"wp-block-heading p1\"><span class=\"s1\">Pesquisa de Mercado de An\u00e1lise Multivariada<\/span><\/h1>\n\n\n\n<figure class=\"gb-block-image gb-block-image-92735762\"><img loading=\"lazy\" decoding=\"async\" width=\"1456\" height=\"816\" class=\"gb-image gb-image-92735762\" src=\"https:\/\/www.sisinternational.com\/wp-content\/uploads\/2025\/08\/Strategy-consulting-10.jpg\" alt=\"Pesquisa e Estrat\u00e9gia de Mercado Internacional da SIS\" title=\"Strategy consulting (10)\" srcset=\"https:\/\/www.sisinternational.com\/wp-content\/uploads\/2025\/08\/Strategy-consulting-10.jpg 1456w, https:\/\/www.sisinternational.com\/wp-content\/uploads\/2025\/08\/Strategy-consulting-10-300x168.jpg 300w, https:\/\/www.sisinternational.com\/wp-content\/uploads\/2025\/08\/Strategy-consulting-10-1024x574.jpg 1024w, https:\/\/www.sisinternational.com\/wp-content\/uploads\/2025\/08\/Strategy-consulting-10-768x430.jpg 768w, https:\/\/www.sisinternational.com\/wp-content\/uploads\/2025\/08\/Strategy-consulting-10-18x10.jpg 18w\" sizes=\"auto, (max-width: 1456px) 100vw, 1456px\"><\/figure>\n\n\n\n<p><\/p>\n\n\n\n<hr class=\"wp-block-separator has-alpha-channel-opacity is-style-dots\"\/>\n\n\n\n<p class=\"p2\">A an\u00e1lise multivariada estuda mais de duas vari\u00e1veis para encontrar poss\u00edveis liga\u00e7\u00f5es entre elas. Ajuda os profissionais de marketing a compreender os diferentes resultados. Tamb\u00e9m vincula cada uma das v\u00e1rias formas de pesquisa.<\/p>\n\n\n\n<p class=\"p2\">Usar a an\u00e1lise para resolver um problema pode envolver v\u00e1rios tipos de an\u00e1lise multivariada. Tamb\u00e9m pode envolver outros estudos para ver a rela\u00e7\u00e3o entre as vari\u00e1veis e como elas se conectam com o problema.<\/p>\n\n\n\n<p class=\"p2\">This form of <a href=\"https:\/\/www.sisinternational.com\/pt\/sis-application-of-quantitative-data-analytics-to-sensory-testing\/\" title=\"SIS Application of Quantitative Data Analytics to Sensory Testing\"  data-wpil-monitor-id=\"7974\">testing studies more hard data<\/a> sets than any other analysis could manage. Researchers tend to use software to do this type of <a href=\"https:\/\/www.sisinternational.com\/pt\/dia-mundial-do-autismo\/\" title=\"Estudos de pesquisa de mercado sobre autismo\"  data-wpil-monitor-id=\"7976\">estudar<\/a> as it dealing with so much data by hand can be a bit much.<\/p>\n\n\n\n<p class=\"p2\">Este estudo pode ser dif\u00edcil \u00e0s vezes e tamb\u00e9m dif\u00edcil de resolver. Ainda assim, \u00e9 tudo sobre o que a pessoa est\u00e1 procurando. Essa dificuldade \u00e0s vezes causa problemas e retarda o progresso. Este resultado pode significar que os resultados podem n\u00e3o ter significado devido a erros.<\/p>\n\n\n\n<h2 class=\"wp-block-heading p3\">Por que a an\u00e1lise multivariada \u00e9 importante?<\/h2>\n\n\n\n<p class=\"p2\">A an\u00e1lise \u00e9 cr\u00edtica e \u00fatil. Sua principal vantagem \u00e9 que ele lida com mais de um conjunto de vari\u00e1veis, problemas e outros dados. Por sua vez, ajuda a tirar conclus\u00f5es mais exatas. Essas solu\u00e7\u00f5es s\u00e3o mais realistas e corretas para tomar melhores decis\u00f5es. O estudo permite testar todas as vari\u00e1veis em conjunto, em vez de muitas respostas.<\/p>\n\n\n\n<p class=\"p2\">Apart from that, multivariate testing is a necessary part of biostatistics. It is a valued part of public health. That is because <a href=\"https:\/\/www.sisinternational.com\/pt\/o-que-sao-relacoes-publicas\/\" title=\"Rela\u00e7\u00f5es P\u00fablicas e Pesquisa de Mercado\"  data-wpil-monitor-id=\"7975\">public health research<\/a> has been expanding. It is also attracting more attention. Furthermore, when people use this method, they can help explain complex problems in simple ways.<\/p>\n\n\n\n<h2 class=\"wp-block-heading p3\">Principais cargos<\/h2>\n\n\n\n<h3 class=\"wp-block-heading p2\">Estes s\u00e3o alguns trabalhos que usam an\u00e1lise multivariada:<\/h3>\n\n\n\n<ul class=\"wp-block-list ul1\">\n<li>Analista de i-Gaming<\/li>\n\n\n\n<li>Cientistas de Dados<\/li>\n\n\n\n<li>Analista criminal<\/li>\n\n\n\n<li>Associado de pesquisa<\/li>\n\n\n\n<li>Analista de experi\u00eancia do cliente<\/li>\n<\/ul>\n\n\n\n<h2 class=\"wp-block-heading p3\">Por que as empresas precisam de an\u00e1lise multivariada?<\/h2>\n\n\n\n<p class=\"p2\">This study measures many variables and how they relate to each other. This method can help in all areas of a business. By using the correct data, a business can do many things. Also, it tests several sets at once, which saves <a href=\"https:\/\/www.sisinternational.com\/pt\/solucoes\/solucoes-de-branding-e-pesquisa-de-clientes\/pesquisa-de-mercado-para-testes-de-produtos\/empresa-lider-em-pesquisa-de-mercado-de-usabilidade\/\" title=\"Usability testing Company\"  data-wpil-monitor-id=\"7971\">companies much time compared to testing<\/a> single or only two at a time. This method finds answers to problems with more than two values.<\/p>\n\n\n\n<p class=\"p2\">Especialistas s\u00e3o aqueles que escrevem as regras do estudo. Enquanto isso, os propriet\u00e1rios, gerentes de vendas, gerentes de marketing e investidores s\u00e3o os clientes. O sistema \u00e9 semelhante ao de fornecedor e cliente.<\/p>\n\n\n\n<h3 class=\"wp-block-heading p3\">Principais fatores de sucesso<\/h3>\n\n\n\n<p class=\"p2\">Como mencionado anteriormente, a principal vantagem desta an\u00e1lise \u00e9 que ela lida com mais de um fator ao mesmo tempo. Pode dar \u00e0 sua empresa uma melhor compreens\u00e3o das vari\u00e1veis. Tamb\u00e9m ajudando a tirar conclus\u00f5es adequadas. No entanto, tem muito mais benef\u00edcios. Quando bem feita, essa an\u00e1lise n\u00e3o pode anular a necessidade de fazer dois testes, um de cada vez, com o mesmo objetivo. Em vez disso, os testes s\u00e3o executados em per\u00edodos mais curtos. Al\u00e9m disso, o uso de software torna tudo muito mais f\u00e1cil.<\/p>\n\n\n\n<h2 class=\"wp-block-heading p3\">Sobre Pesquisa de Mercado de An\u00e1lise Multivariada<\/h2>\n\n\n\n<p class=\"p4\">Using the multivariate <a href=\"https:\/\/www.sisinternational.com\/pt\/solucoes\/pesquisa-de-consultoria-em-estrategia-fintech\/analise-de-custo-beneficio-pesquisa-de-mercado\/\" title=\"Pesquisa de mercado de an\u00e1lise de custo-benef\u00edcio\"  data-wpil-monitor-id=\"7970\">analysis can benefit<\/a> businesses in many ways. One of the main benefits is gains in profit. If your company is willing to use these methods, our business is here to help. We arrange focus groups to assist in this and other areas as well. We also conduct strategic, quantitative, and qualitative research in all areas. The <a href=\"https:\/\/www.sisinternational.com\/pt\/solucoes\/pesquisa-de-mercado-em-grupo-focal\/\" title=\"Pesquisa de mercado com grupo focal\"  data-wpil-monitor-id=\"7973\">groups do all the research<\/a> needed to give the best results. With the help of our team, we can help improve the choices you make in the company to increase profits. Get in touch with us. Let\u2019s start building your business today. <a href=\"https:\/\/www.sisinternational.com\/pt\/predictive-analytics\/\" title=\"Predictive Analytics: Your Crystal Ball for Business Success\"  data-wpil-monitor-id=\"7972\">Success will be in your business&#8217;s<\/a> future.<\/p>\n\n\n\n<p><\/p>","protected":false},"excerpt":{"rendered":"<p>An\u00e1lise Multivariada A Pesquisa de Mercado gerencia mais de um conjunto de vari\u00e1veis, quest\u00f5es e outros dados. Isso ajuda a fazer uma determina\u00e7\u00e3o mais exata. O uso da an\u00e1lise multivariada beneficia as empresas, principalmente com ganhos de lucro.<\/p>","protected":false},"author":1,"featured_media":62536,"parent":14514,"menu_order":94,"comment_status":"closed","ping_status":"closed","template":"","meta":{"footnotes":""},"class_list":["post-39745","page","type-page","status-publish","has-post-thumbnail"],"_links":{"self":[{"href":"https:\/\/www.sisinternational.com\/pt\/wp-json\/wp\/v2\/pages\/39745","targetHints":{"allow":["GET"]}}],"collection":[{"href":"https:\/\/www.sisinternational.com\/pt\/wp-json\/wp\/v2\/pages"}],"about":[{"href":"https:\/\/www.sisinternational.com\/pt\/wp-json\/wp\/v2\/types\/page"}],"author":[{"embeddable":true,"href":"https:\/\/www.sisinternational.com\/pt\/wp-json\/wp\/v2\/users\/1"}],"replies":[{"embeddable":true,"href":"https:\/\/www.sisinternational.com\/pt\/wp-json\/wp\/v2\/comments?post=39745"}],"version-history":[{"count":4,"href":"https:\/\/www.sisinternational.com\/pt\/wp-json\/wp\/v2\/pages\/39745\/revisions"}],"predecessor-version":[{"id":81344,"href":"https:\/\/www.sisinternational.com\/pt\/wp-json\/wp\/v2\/pages\/39745\/revisions\/81344"}],"up":[{"embeddable":true,"href":"https:\/\/www.sisinternational.com\/pt\/wp-json\/wp\/v2\/pages\/14514"}],"wp:featuredmedia":[{"embeddable":true,"href":"https:\/\/www.sisinternational.com\/pt\/wp-json\/wp\/v2\/media\/62536"}],"wp:attachment":[{"href":"https:\/\/www.sisinternational.com\/pt\/wp-json\/wp\/v2\/media?parent=39745"}],"curies":[{"name":"wp","href":"https:\/\/api.w.org\/{rel}","templated":true}]}}