{"id":39741,"date":"2022-01-26T20:54:58","date_gmt":"2022-01-26T20:54:58","guid":{"rendered":"https:\/\/www.sisinternational.com\/?page_id=39741"},"modified":"2026-01-25T19:37:07","modified_gmt":"2026-01-26T00:37:07","slug":"pesquisa-de-mercado-de-testes-monadicos","status":"publish","type":"page","link":"https:\/\/www.sisinternational.com\/pt\/pericia\/pesquisa-de-mercado-de-testes-monadicos\/","title":{"rendered":"Pesquisa de mercado de testes mon\u00e1dicos"},"content":{"rendered":"<h1 class=\"wp-block-heading\">Pesquisa de mercado de testes mon\u00e1dicos<\/h1>\n\n\n\n<figure class=\"gb-block-image gb-block-image-3dd5f693\"><img loading=\"lazy\" decoding=\"async\" width=\"1456\" height=\"816\" class=\"gb-image gb-image-3dd5f693\" src=\"https:\/\/www.sisinternational.com\/wp-content\/uploads\/2025\/09\/Research-9.jpg\" alt=\"Pesquisa e Estrat\u00e9gia de Mercado Internacional da SIS\" title=\"Research (9)\" srcset=\"https:\/\/www.sisinternational.com\/wp-content\/uploads\/2025\/09\/Research-9.jpg 1456w, https:\/\/www.sisinternational.com\/wp-content\/uploads\/2025\/09\/Research-9-300x168.jpg 300w, https:\/\/www.sisinternational.com\/wp-content\/uploads\/2025\/09\/Research-9-1024x574.jpg 1024w, https:\/\/www.sisinternational.com\/wp-content\/uploads\/2025\/09\/Research-9-768x430.jpg 768w, https:\/\/www.sisinternational.com\/wp-content\/uploads\/2025\/09\/Research-9-18x10.jpg 18w\" sizes=\"auto, (max-width: 1456px) 100vw, 1456px\"><\/figure>\n\n\n\n<p><\/p>\n\n\n\n<hr class=\"wp-block-separator has-alpha-channel-opacity is-style-dots\"\/>\n\n\n\n<h2 class=\"wp-block-heading\">O que \u00e9 pesquisa de mercado de testes mon\u00e1dicos?<\/h2>\n\n\n\n<p class=\"p3\">Monadic Testing is a method of consumer testing. With this method, the respondent rates one thing by itself. In essence, it\u2019s done in isolation, separate from the influence of other choices. It is unlike comparison testing, which uses many options and respondents. Monadic Testing is suitable for <a href=\"https:\/\/www.sisinternational.com\/pt\/solucoes\/solucoes-de-branding-e-pesquisa-de-clientes\/pesquisa-de-mercado-para-testes-de-produtos\/new-product-concept-testing-methods\/\" title=\"New Product Concept Testing Methods\"  data-wpil-monitor-id=\"8633\">concept<\/a> testing and packing research. Areas like this need specific information that can grab a new customer\u2019s attention. Why? Because they represent the brand itself in a way. In most cases, a monadic test operates like this:<\/p>\n\n\n\n<div class=\"table-1\">\n<table width=\"100%\">\n<thead>\n<tr>\n<th align=\"left\">Grupo 1<\/th>\n<th align=\"left\">Grupo 2<\/th>\n<th align=\"left\">Grupo 3<\/th>\n<\/tr>\n<\/thead>\n<tbody>\n<tr>\n<td align=\"left\">Ideia 1<\/td>\n<td align=\"left\">Ideia 2<\/td>\n<td align=\"left\">Produto atual<\/td>\n<\/tr>\n<\/tbody>\n<\/table>\n<\/div>\n\n\n\n<p class=\"p1\"><strong>A Figura 1.0 mostra um teste mon\u00e1dico<\/strong><\/p>\n\n\n\n<p class=\"p3\">Na Figura 1.0, o pesquisador d\u00e1 uma ideia a cada grupo e faz perguntas para ver como eles se sentem em rela\u00e7\u00e3o \u00e0 ideia. Um grupo de controle tamb\u00e9m serve como refer\u00eancia para medir as mudan\u00e7as. A\u00ed, quando fazem o teste, o pesquisador coleta os resultados e os analisa. Neste teste, as pr\u00f3prias pessoas n\u00e3o precisam comparar produtos\/ideias\/projetos. Eles s\u00f3 precisam se concentrar no que est\u00e1 bem na frente deles. E assim, suas escolhas n\u00e3o s\u00e3o influenciadas pelos outros produtos dispon\u00edveis.<\/p>\n\n\n\n<h2 class=\"wp-block-heading p2\"><b>Por que a pesquisa de mercado de testes mon\u00e1dicos \u00e9 importante?<\/b><\/h2>\n\n\n\n<p class=\"p3\">The main advantage of the monadic test is that it can realistically measure the appeal of a product or service. In other words, it gets an accurate opinion of the potential customers. Even better, it does so without outside influences. Monadic tests are essential to get a more realistic view of <a href=\"https:\/\/www.sisinternational.com\/pt\/pericia\/industrias\/voz-da-pesquisa-de-mercado-do-cliente-sobre-alimentos-e-bebidas\/\" title=\"Pesquisa de Mercado Voz do Cliente em Alimentos e Bebidas\"  data-wpil-monitor-id=\"8634\">customers\u2019 choices in the market<\/a>. In contrast, a comparison test usually provides information that lacks context. Thus, it is less valuable. When doing market research, getting the most accurate information is crucial.<\/p>\n\n\n\n<p class=\"p3\">To summarize, the better the info, the better the insights. And the better the insights, the better the predictions. <a href=\"https:\/\/www.sisinternational.com\/pt\/pericia\/industrias\/diretor-de-informacoes-cio-pesquisa-de-mercado\/\" title=\"Diretor de Informa\u00e7\u00f5es (CIO) Pesquisa de Mercado\"  data-wpil-monitor-id=\"8632\">Market research seeks to produce accurate information<\/a> with practical application. And you can\u2019t do that if your methods lack depth.<\/p>\n\n\n\n<h2 class=\"wp-block-heading p2\"><b>Principais cargos<\/b><\/h2>\n\n\n\n<h3 class=\"wp-block-heading p3\">Alguns trabalhos not\u00e1veis incluem:<\/h3>\n\n\n\n<ul class=\"wp-block-list ul1\">\n<li>Analista de Pesquisa de Mercado<\/li>\n\n\n\n<li>Analista de pesquisa de dados<\/li>\n\n\n\n<li>Analista de produto<\/li>\n<\/ul>\n\n\n\n<h2 class=\"wp-block-heading p2\"><b>Por que as empresas precisam de pesquisa de mercado de testes mon\u00e1dicos<\/b><\/h2>\n\n\n\n<p class=\"p3\">One of the main things to note when running a business is efficiency. You have to make sure you\u2019re getting the most bang for your buck. You have to look at it spending-wise and consider the time and effort spent on your new projects. <a href=\"https:\/\/www.sisinternational.com\/pt\/pericia\/industrias\/pesquisa-de-mercado-monadica-vs-sequencial\/\" title=\"Pesquisa de mercado mon\u00e1dica vs sequencial\"  data-wpil-monitor-id=\"5815\">Monadic Testing<\/a> is an excellent way of getting more in-depth and valuable info for your market research. Furthermore, monadic tests need fewer people to run, saving time and money.<\/p>\n\n\n\n<h3 class=\"wp-block-heading p2\"><b>Principais fatores de sucesso<\/b><\/h3>\n\n\n\n<p class=\"p3\">Embora ter um toque humano seja sempre importante, n\u00e3o utilizar as novas ferramentas \u00e0 nossa disposi\u00e7\u00e3o seria um desperd\u00edcio. Os algoritmos permitem executar milhares de conjuntos de dados. Eles economizam meses em seu tempo de pesquisa. Em ess\u00eancia, uma abordagem mais baseada em software acelera a pesquisa de mercado.<\/p>\n\n\n\n<p class=\"p3\">So, one solution is to use other <a href=\"https:\/\/www.sisinternational.com\/pt\/estudos-de-caso\/\" title=\"Estudos de caso\"  data-wpil-monitor-id=\"8629\">market research studies<\/a> and learn from them. Many businesses use <a href=\"https:\/\/www.sisinternational.com\/pt\/solucoes\/teste-de-sabor\/pesquisa-de-mercado-para-testes-de-sabor-monadico\/\" title=\"Pesquisa de mercado de testes de sabor mon\u00e1dicos\"  data-wpil-monitor-id=\"8630\">monadic market research<\/a> to help fine-tune their operations. Some of this information is available online and is easy to access. While it\u2019s best to do your <a href=\"https:\/\/www.sisinternational.com\/pt\/pericia\/industrias\/dados-de-treinamento-pesquisa-de-mercado\/\" title=\"Pesquisa de mercado de dados de treinamento\"  data-wpil-monitor-id=\"8631\">market research for the kind of data<\/a> most relevant to your needs, it doesn\u2019t hurt to read up.<\/p>\n\n\n\n<p class=\"p3\">It is worth noting that people\u2019s choices can influence results. So, for Monadic Testing, researchers show them different scenarios. For example, a person who starts the <a href=\"https:\/\/www.sisinternational.com\/pt\/solucoes\/solucoes-de-branding-e-pesquisa-de-clientes\/pesquisa-de-mercado-para-testes-de-produtos\/\" title=\"Pesquisa de mercado para testes de produtos\"  data-wpil-monitor-id=\"8635\">test with a product<\/a> design they like may give the ones that come after a lower score. If the <a href=\"https:\/\/www.sisinternational.com\/pt\/solucoes\/solucoes-de-pesquisa-quantitativa-qualitativa\/empresas-de-design-de-pesquisa-de-mercado\/\" title=\"Empresa de pesquisa de design\"  data-wpil-monitor-id=\"8636\">researcher only showed people each design<\/a> without prior knowledge, that wouldn\u2019t happen. They would give a more accurate representation of a new consumer. So, it\u2019s essential to make a note of that.<\/p>\n\n\n\n<h2 class=\"wp-block-heading p2\"><b>Sobre a pesquisa de mercado de testes mon\u00e1dicos<\/b><\/h2>\n\n\n\n<p class=\"p4\">Os pesquisadores usam testes mon\u00e1dicos em estudos de precifica\u00e7\u00e3o. Eles usam pesquisas qualitativas e quantitativas em seus testes. Tamb\u00e9m \u00e9 bom aumentar o seu conjunto de dados incorporando grupos focais e pesquisas. As entrevistas s\u00e3o outra \u00f3tima ferramenta para incorporar ao seu processo. Isso tamb\u00e9m pode ajudar a preencher as lacunas e fornecer melhores \u201cinsights\u201d.<\/p>\n\n\n\n<p><\/p>","protected":false},"excerpt":{"rendered":"<p> O teste mon\u00e1dico \u00e9 apropriado para testes de conceito e pesquisas de embalagens. O Teste Mon\u00e1dico \u00e9 a forma ideal para sua empresa obter informa\u00e7\u00f5es mais aprofundadas e pr\u00e1ticas para sua pesquisa de mercado e melhorar sua opera\u00e7\u00e3o. <\/p>","protected":false},"author":1,"featured_media":69505,"parent":14514,"menu_order":95,"comment_status":"closed","ping_status":"closed","template":"","meta":{"footnotes":""},"class_list":["post-39741","page","type-page","status-publish","has-post-thumbnail"],"_links":{"self":[{"href":"https:\/\/www.sisinternational.com\/pt\/wp-json\/wp\/v2\/pages\/39741","targetHints":{"allow":["GET"]}}],"collection":[{"href":"https:\/\/www.sisinternational.com\/pt\/wp-json\/wp\/v2\/pages"}],"about":[{"href":"https:\/\/www.sisinternational.com\/pt\/wp-json\/wp\/v2\/types\/page"}],"author":[{"embeddable":true,"href":"https:\/\/www.sisinternational.com\/pt\/wp-json\/wp\/v2\/users\/1"}],"replies":[{"embeddable":true,"href":"https:\/\/www.sisinternational.com\/pt\/wp-json\/wp\/v2\/comments?post=39741"}],"version-history":[{"count":5,"href":"https:\/\/www.sisinternational.com\/pt\/wp-json\/wp\/v2\/pages\/39741\/revisions"}],"predecessor-version":[{"id":81447,"href":"https:\/\/www.sisinternational.com\/pt\/wp-json\/wp\/v2\/pages\/39741\/revisions\/81447"}],"up":[{"embeddable":true,"href":"https:\/\/www.sisinternational.com\/pt\/wp-json\/wp\/v2\/pages\/14514"}],"wp:featuredmedia":[{"embeddable":true,"href":"https:\/\/www.sisinternational.com\/pt\/wp-json\/wp\/v2\/media\/69505"}],"wp:attachment":[{"href":"https:\/\/www.sisinternational.com\/pt\/wp-json\/wp\/v2\/media?parent=39741"}],"curies":[{"name":"wp","href":"https:\/\/api.w.org\/{rel}","templated":true}]}}