{"id":39736,"date":"2022-01-26T20:57:21","date_gmt":"2022-01-26T20:57:21","guid":{"rendered":"https:\/\/www.sisinternational.com\/?page_id=39736"},"modified":"2025-09-23T22:33:34","modified_gmt":"2025-09-24T02:33:34","slug":"pesquisa-de-mercado-botanica","status":"publish","type":"page","link":"https:\/\/www.sisinternational.com\/pt\/pericia\/pesquisa-de-mercado-botanica\/","title":{"rendered":"Pesquisa de mercado bot\u00e2nica"},"content":{"rendered":"<h1 class=\"wp-block-heading p1\"><span class=\"s1\">Pesquisa de mercado bot\u00e2nica<\/span><\/h1>\n\n\n\n<figure class=\"gb-block-image gb-block-image-b86c8209\"><img loading=\"lazy\" decoding=\"async\" width=\"1456\" height=\"816\" class=\"gb-image gb-image-b86c8209\" src=\"https:\/\/www.sisinternational.com\/wp-content\/uploads\/2025\/09\/Botany-3.jpg\" alt=\"Pesquisa e Estrat\u00e9gia de Mercado Internacional da SIS\" title=\"Botany (3)\" srcset=\"https:\/\/www.sisinternational.com\/wp-content\/uploads\/2025\/09\/Botany-3.jpg 1456w, https:\/\/www.sisinternational.com\/wp-content\/uploads\/2025\/09\/Botany-3-300x168.jpg 300w, https:\/\/www.sisinternational.com\/wp-content\/uploads\/2025\/09\/Botany-3-1024x574.jpg 1024w, https:\/\/www.sisinternational.com\/wp-content\/uploads\/2025\/09\/Botany-3-768x430.jpg 768w, https:\/\/www.sisinternational.com\/wp-content\/uploads\/2025\/09\/Botany-3-18x10.jpg 18w\" sizes=\"auto, (max-width: 1456px) 100vw, 1456px\"><\/figure>\n\n\n\n<p><\/p>\n\n\n\n<hr class=\"wp-block-separator has-alpha-channel-opacity is-style-dots\"\/>\n\n\n\n<p>&nbsp;<\/p>\n\n\n\n<h2 class=\"wp-block-heading p3\">O que \u00e9 Bot\u00e2nica?<\/h2>\n\n\n\n<p class=\"p4\">As plantas est\u00e3o ao nosso redor. Todos sabemos que s\u00e3o essenciais. Eles nos fornecem comida e oxig\u00eanio. Eles at\u00e9 ajudam na luta contra as mudan\u00e7as clim\u00e1ticas. Pela sua import\u00e2ncia, quanto mais soubermos sobre as plantas, melhor. A bot\u00e2nica, em termos simples, \u00e9 a ci\u00eancia das plantas. Trata-se de obter conhecimento de como as plantas fazem o que fazem. Ele ainda cobre como algumas coisas podem melhorar para o plantio e subprodutos de plantas. A bot\u00e2nica tamb\u00e9m inclui a gen\u00e9tica e como este campo emergente pode ajudar a resolver alguns dos problemas que enfrentamos. Por exemplo, algumas plantas podem ser propensas a doen\u00e7as inc\u00f4modas. A bot\u00e2nica encontraria ent\u00e3o uma maneira de mudar as culturas para resistir a estas doen\u00e7as.<\/p>\n\n\n\n<h2 class=\"wp-block-heading\">Por que a bot\u00e2nica \u00e9 importante?<\/h2>\n\n\n\n<p class=\"p4\">Todo o reino animal depende das plantas para viver e, em alguns casos, s\u00e3o a sua \u00fanica fonte de alimento e abrigo. As plantas fornecem mais do que comida, em qualquer caso. Os humanos usam plantas para construir casas e at\u00e9 mesmo para sustentar linhas de energia. Muitos medicamentos que salvam vidas v\u00eam de todas as partes de diferentes plantas. Usamos at\u00e9 plantas para est\u00e9tica e terapia. \u00c9 claro que n\u00e3o podemos esquecer o seu papel crucial no fornecimento de oxig\u00e9nio e na elimina\u00e7\u00e3o do di\u00f3xido de carbono. O estudo das plantas \u00e9 abrangente e muito necess\u00e1rio. Por causa disso, a bot\u00e2nica pode afetar todas as ind\u00fastrias e at\u00e9 mesmo a vida cotidiana.<\/p>\n\n\n\n<h2 class=\"wp-block-heading p3\">Principais cargos<\/h2>\n\n\n\n<p class=\"p5\">Como a bot\u00e2nica tem uma ampla gama de usos, pessoas de diversas origens podem encontrar emprego nessa \u00e1rea. Bot\u00e2nica, ecologia, qu\u00edmica s\u00e3o algumas \u00e1reas relacionadas. Algumas outras \u00e1reas incluem matem\u00e1tica, f\u00edsica e pesquisa.<\/p>\n\n\n\n<h3 class=\"wp-block-heading p5\">Os principais cargos incluem:<\/h3>\n\n\n\n<ul class=\"wp-block-list\">\n<li>Bi\u00f3logos da Vida Selvagem<\/li>\n\n\n\n<li>Cientistas do Solo e das Plantas<\/li>\n\n\n\n<li>Bot\u00e2nicos<\/li>\n\n\n\n<li>Ecologistas de plantas<\/li>\n\n\n\n<li>Taxonomistas<\/li>\n\n\n\n<li>Conservacionistas<\/li>\n\n\n\n<li>T\u00e9cnicos de pesquisa<\/li>\n<\/ul>\n\n\n\n<h2 class=\"wp-block-heading p3\">Por que as empresas precisam da bot\u00e2nica<\/h2>\n\n\n\n<p class=\"p4\">We have already agreed that plants, and by extension botany, affects many industries. Hence, many different businesses need botany. For example, the <a href=\"https:\/\/www.sisinternational.com\/pt\/pericia\/industrias\/pesquisa-de-mercado-de-ingredientes-de-bebidas-alimenticias\/\" title=\"Pesquisa de mercado de ingredientes de alimentos e bebidas\"  data-wpil-monitor-id=\"7955\">food industry benefits by finding new ingredients<\/a>, flavors, and preservatives. The construction industry can find better processes to make some materials more durable. Also, the medical industry can discover new properties of traditional and non-traditional plants. Even agriculture can benefit. It pays for agricultural experts to learn more about better care for some plants. Though we have touched on many industries here, there are many more ways that botany can apply to each one. There are even a lot more industries that botany can impact for the better.<\/p>\n\n\n\n<h3 class=\"wp-block-heading p3\">Principais fatores de sucesso<\/h3>\n\n\n\n<p class=\"p4\"><a href=\"https:\/\/www.sisinternational.com\/pt\/top-5-benefits-of-qualitative-market-research-for-businesses\/\" title=\"Top 5 Benefits of Qualitative Market Research for Businesses\"  data-wpil-monitor-id=\"7957\">Businesses can tap into the benefits<\/a> of applying botany to their current industry. Or they can even enter the <a href=\"https:\/\/www.sisinternational.com\/pt\/solucoes\/solucoes-de-pesquisa-quantitativa-qualitativa\/pesquisa-de-mercado-de-servicos-de-campo\/\" title=\"Pesquisa de mercado de servi\u00e7os de campo\"  data-wpil-monitor-id=\"7956\">field of botany research<\/a> in and of itself. <a href=\"https:\/\/www.sisinternational.com\/pt\/pericia\/industrias\/pesquisa-de-mercado-automotivo\/pesquisa-de-consumo-automotivo-para-veiculos-eletricos\/\" title=\"Por que a pesquisa do consumidor automotivo \u00e9 t\u00e3o vital hoje com o futuro dos ve\u00edculos el\u00e9tricos\"  data-wpil-monitor-id=\"7958\">Research is vital<\/a> no matter how you use it to benefit your business. Plants need lots of scientific research. So companies need to understand the what\u2019s, how\u2019s, and why\u2019s. Only then will they be able to provide solutions for the existing problems. Knowing the <a href=\"https:\/\/www.sisinternational.com\/pt\/cobertura\/as-americas\/cobertura-dos-eua\/pesquisa-de-mercado-em-key-west-florida\/\" title=\"Pesquisa de mercado de Key West Fl\u00f3rida\"  data-wpil-monitor-id=\"7953\">market and its needs are also key<\/a> to guiding your company. With research comes new ideas. Being open-minded to creating things outside of the box is also something to consider. Non-traditional ways may be what your company needs to succeed using botany.<\/p>\n\n\n\n<h2 class=\"wp-block-heading p3\">Sobre Bot\u00e2nica<\/h2>\n\n\n\n<p class=\"p6\">Botany is very important to human and animal life. The field thrives on new data and discoveries. Due to this, research is vital when it comes to botany. You can use a wide range of research types to do this. These <a href=\"https:\/\/www.sisinternational.com\/pt\/how-to-design-effective-surveys-for-quantitative-research\/\" title=\"How to Design Effective Surveys for Quantitative Research\"  data-wpil-monitor-id=\"7948\">research types include quantitative<\/a>, qualitative, and strategy research. The <a href=\"https:\/\/www.sisinternational.com\/pt\/quantitative-market-research-methods-and-techniques\/\" title=\"Quantitative Market Research Methods and Techniques\"  data-wpil-monitor-id=\"7951\">methods used to carry out such research<\/a> are, for example, interviews and surveys. You can also use focus groups and experiments.<\/p>\n\n\n\n<p><\/p>","protected":false},"excerpt":{"rendered":"<p>A bot\u00e2nica \u00e9 a ci\u00eancia das plantas e o campo est\u00e1 aberto a uma enorme gama de empresas e ind\u00fastrias. <\/p>","protected":false},"author":1,"featured_media":69922,"parent":14514,"menu_order":96,"comment_status":"closed","ping_status":"closed","template":"","meta":{"footnotes":""},"class_list":["post-39736","page","type-page","status-publish","has-post-thumbnail"],"_links":{"self":[{"href":"https:\/\/www.sisinternational.com\/pt\/wp-json\/wp\/v2\/pages\/39736","targetHints":{"allow":["GET"]}}],"collection":[{"href":"https:\/\/www.sisinternational.com\/pt\/wp-json\/wp\/v2\/pages"}],"about":[{"href":"https:\/\/www.sisinternational.com\/pt\/wp-json\/wp\/v2\/types\/page"}],"author":[{"embeddable":true,"href":"https:\/\/www.sisinternational.com\/pt\/wp-json\/wp\/v2\/users\/1"}],"replies":[{"embeddable":true,"href":"https:\/\/www.sisinternational.com\/pt\/wp-json\/wp\/v2\/comments?post=39736"}],"version-history":[{"count":4,"href":"https:\/\/www.sisinternational.com\/pt\/wp-json\/wp\/v2\/pages\/39736\/revisions"}],"predecessor-version":[{"id":81340,"href":"https:\/\/www.sisinternational.com\/pt\/wp-json\/wp\/v2\/pages\/39736\/revisions\/81340"}],"up":[{"embeddable":true,"href":"https:\/\/www.sisinternational.com\/pt\/wp-json\/wp\/v2\/pages\/14514"}],"wp:featuredmedia":[{"embeddable":true,"href":"https:\/\/www.sisinternational.com\/pt\/wp-json\/wp\/v2\/media\/69922"}],"wp:attachment":[{"href":"https:\/\/www.sisinternational.com\/pt\/wp-json\/wp\/v2\/media?parent=39736"}],"curies":[{"name":"wp","href":"https:\/\/api.w.org\/{rel}","templated":true}]}}