{"id":39699,"date":"2022-01-19T04:28:16","date_gmt":"2022-01-19T04:28:16","guid":{"rendered":"https:\/\/www.sisinternational.com\/?page_id=39699"},"modified":"2025-09-23T22:31:30","modified_gmt":"2025-09-24T02:31:30","slug":"pesquisa-de-mercado-genetica","status":"publish","type":"page","link":"https:\/\/www.sisinternational.com\/pt\/solucoes\/inovacao\/pesquisa-de-mercado-genetica\/","title":{"rendered":"Pesquisa de mercado de gen\u00e9tica"},"content":{"rendered":"<h1 class=\"wp-block-heading\">Pesquisa de mercado de gen\u00e9tica<\/h1>\n\n\n\n<figure class=\"gb-block-image gb-block-image-1d9e735c\"><img loading=\"lazy\" decoding=\"async\" width=\"1456\" height=\"816\" class=\"gb-image gb-image-1d9e735c\" src=\"https:\/\/www.sisinternational.com\/wp-content\/uploads\/2025\/09\/DNA-Genetics-27.jpg\" alt=\"Pesquisa e Estrat\u00e9gia de Mercado Internacional da SIS\" title=\"DNA Genetics (27)\" srcset=\"https:\/\/www.sisinternational.com\/wp-content\/uploads\/2025\/09\/DNA-Genetics-27.jpg 1456w, https:\/\/www.sisinternational.com\/wp-content\/uploads\/2025\/09\/DNA-Genetics-27-300x168.jpg 300w, https:\/\/www.sisinternational.com\/wp-content\/uploads\/2025\/09\/DNA-Genetics-27-1024x574.jpg 1024w, https:\/\/www.sisinternational.com\/wp-content\/uploads\/2025\/09\/DNA-Genetics-27-768x430.jpg 768w, https:\/\/www.sisinternational.com\/wp-content\/uploads\/2025\/09\/DNA-Genetics-27-18x10.jpg 18w\" sizes=\"auto, (max-width: 1456px) 100vw, 1456px\"><\/figure>\n\n\n\n<p><\/p>\n\n\n\n<h2 class=\"wp-block-heading\">O que \u00e9 gen\u00e9tica?<\/h2>\n\n\n\n<p>A gen\u00e9tica \u00e9 uma \u00e1rea da biologia que estuda todas as formas de vida. Inclui o DNA, como os genes se formam e como as plantas e os animais herdam esses genes. Analisa como os organismos transmitem genes e caracter\u00edsticas de uma gera\u00e7\u00e3o para outra. Os dados transportados pelos genes afetam a sa\u00fade e a apar\u00eancia de uma pessoa. Afeta at\u00e9 a personalidade!<\/p>\n\n\n\n<h2 class=\"wp-block-heading\">Por que a gen\u00e9tica \u00e9 importante?<\/h2>\n\n\n\n<p>A gen\u00e9tica desempenha um papel muito importante na preven\u00e7\u00e3o das causas de alguns dist\u00farbios. Para desenvolver o melhor tratamento para cada enfermidade, os m\u00e9dicos precisam ter as informa\u00e7\u00f5es corretas. Al\u00e9m disso, cerca de metade da popula\u00e7\u00e3o mundial corre o risco de desenvolver doen\u00e7as cr\u00f3nicas. Por exemplo, c\u00e2ncer, diabetes e problemas card\u00edacos s\u00e3o grandes problemas. A gen\u00e9tica pode fornecer informa\u00e7\u00f5es sobre as chances de uma pessoa contrair uma doen\u00e7a. Aprender sobre isso pode ajudar a evitar a doen\u00e7a. Tamb\u00e9m pode corrigir a causa raiz para que as gera\u00e7\u00f5es futuras n\u00e3o a contraiam. A gen\u00e9tica abre muitas portas de possibilidades e tamb\u00e9m pode ajudar no crescimento de cada esp\u00e9cie.<\/p>\n\n\n\n<h2 class=\"wp-block-heading\">Principais cargos<\/h2>\n\n\n\n<figure class=\"gb-block-image gb-block-image-40fe0f21\"><img loading=\"lazy\" decoding=\"async\" width=\"1456\" height=\"816\" class=\"gb-image gb-image-40fe0f21\" src=\"https:\/\/www.sisinternational.com\/wp-content\/uploads\/2025\/09\/DNA-Genetics-16.jpg\" alt=\"Pesquisa e Estrat\u00e9gia de Mercado Internacional da SIS\" title=\"DNA Genetics (16)\" srcset=\"https:\/\/www.sisinternational.com\/wp-content\/uploads\/2025\/09\/DNA-Genetics-16.jpg 1456w, https:\/\/www.sisinternational.com\/wp-content\/uploads\/2025\/09\/DNA-Genetics-16-300x168.jpg 300w, https:\/\/www.sisinternational.com\/wp-content\/uploads\/2025\/09\/DNA-Genetics-16-1024x574.jpg 1024w, https:\/\/www.sisinternational.com\/wp-content\/uploads\/2025\/09\/DNA-Genetics-16-768x430.jpg 768w, https:\/\/www.sisinternational.com\/wp-content\/uploads\/2025\/09\/DNA-Genetics-16-18x10.jpg 18w\" sizes=\"auto, (max-width: 1456px) 100vw, 1456px\"><\/figure>\n\n\n\n<p><\/p>\n\n\n\n<h3 class=\"wp-block-heading\">Geneticista Cl\u00ednico<\/h3>\n\n\n\n<p>Um geneticista cl\u00ednico ajuda a realizar os testes laboratoriais corretos dos genes. Eles tamb\u00e9m aconselham pacientes que correm risco de desenvolver problemas de sa\u00fade devido \u00e0 sua composi\u00e7\u00e3o gen\u00e9tica.<\/p>\n\n\n\n<h3 class=\"wp-block-heading\">Conselheiro Gen\u00e9tico<\/h3>\n\n\n\n<p>Esses conselheiros orientam os pacientes a fazerem boas escolhas em rela\u00e7\u00e3o \u00e0 sua sa\u00fade gen\u00e9tica. Seus campos de estudo incluem ci\u00eancias b\u00e1sicas e tamb\u00e9m gen\u00e9tica m\u00e9dica. Assim, eles podem conversar com os clientes sobre um conjunto diversificado de indicadores gen\u00e9ticos.<\/p>\n\n\n\n<h3 class=\"wp-block-heading\">Criador de plantas<\/h3>\n\n\n\n<p>Os melhoristas de plantas visam desenvolver boas caracter\u00edsticas nas plantas. Por exemplo, eles criam plantas que resistem a doen\u00e7as e \u00e0 seca. Um criador raramente consegue se concentrar em um \u00fanico atributo. Em vez disso, devem avaliar muitas caracter\u00edsticas que tornam a planta mais \u00fatil.<\/p>\n\n\n\n<h2 class=\"wp-block-heading\">Por que as empresas precisam de pesquisas gen\u00e9ticas de mercado?<\/h2>\n\n\n\n<p>O <a href=\"https:\/\/www.sisinternational.com\/pt\/solucoes\/solucoes-de-pesquisa-quantitativa-qualitativa\/pesquisa-de-mercado-de-servicos-de-campo\/\" title=\"Pesquisa de mercado de servi\u00e7os de campo\"  data-wpil-monitor-id=\"7969\">field of genetic research<\/a> has seen constant growth. It helped in the development of better plants, for instance, food crops such as corn, rice, and wheat. Geneticists are also able to harness better quality seeds. Another benefit is investing in the cross-breeding of plants for better quality produce. These plants help treat various kinds of diseases. Geneticists use these plants to place genes into individual cells. This type of therapy helps treat some forms of cancer. It replaces harmful mutant alleles with essential cells.<\/p>\n\n\n\n<h2 class=\"wp-block-heading\">Fatores importantes de sucesso<\/h2>\n\n\n\n<p>Na natureza, todos os organismos ainda est\u00e3o em evolu\u00e7\u00e3o. A grama em campo aberto \u00e9 uma popula\u00e7\u00e3o natural. O mesmo acontece com os lobos na floresta e at\u00e9 com as bact\u00e9rias no corpo de uma pessoa. Cada uma dessas popula\u00e7\u00f5es desenvolve pelo menos alguns de seus genes.<\/p>\n\n\n\n<p>These populations will never reach some final state of perfection. Their <a href=\"https:\/\/www.sisinternational.com\/pt\/global-beverage-market\/\" title=\"Global Beverage Market: Market Dynamics, Growth Projections &amp; Consumer Insights\"  data-wpil-monitor-id=\"7968\">growth is dynamic<\/a> and their genetic makeup will change over generations. The changes are subtle. For instance, there may be a shift in the number of genes for black instead of grey fur in a wolf pack. Sometimes this kind of change happens because of a natural process. Or, it comes from new members moving into the population. Or it can be from random events\u2014the organic process\u2019s \u201cluck of the draw.\u201d<\/p>\n\n\n\n<p>Abaixo est\u00e3o alguns dos fatores cr\u00edticos que influenciam o equil\u00edbrio e as mudan\u00e7as gen\u00e9ticas:<\/p>\n\n\n\n<ul class=\"wp-block-list\">\n<li>Muta\u00e7\u00f5es<\/li>\n\n\n\n<li>Acasalamento Aleat\u00f3rio<\/li>\n\n\n\n<li>Deriva gen\u00e9tica<\/li>\n\n\n\n<li>Fluxo Gen\u00e9tico<\/li>\n\n\n\n<li>Sele\u00e7\u00e3o natural<\/li>\n<\/ul>\n\n\n\n<h2 class=\"wp-block-heading\">Sobre pesquisa gen\u00e9tica de mercado<\/h2>\n\n\n\n<p><a href=\"https:\/\/www.sisinternational.com\/pt\/entre-em-contato-com-a-sis-international-market-research\/\" title=\"Contate-nos\"  data-wpil-monitor-id=\"7964\">A SIS International Research<\/a> carries out surveys to collect data on what customers think. We also do focus groups and live interviews. These <a href=\"https:\/\/www.sisinternational.com\/pt\/quantitative-market-research-methods-and-techniques\/\" title=\"Quantitative Market Research Methods and Techniques\"  data-wpil-monitor-id=\"7965\">market research methods<\/a> are excellent for gathering in-depth insights. Focus groups also reveal customers\u2019 actual opinions and points of view.<\/p>\n\n\n\n<p>Qualitativo <a href=\"https:\/\/www.sisinternational.com\/pt\/publicacoes\/comportamento-do-comprador-apos-coronavirus-novo-consumidor\/\" title=\"Comportamento do comprador ap\u00f3s o coronav\u00edrus \u2013 Pesquisa de mercado de consumo\"  data-wpil-monitor-id=\"7966\">research helps us to understand consumer behavior<\/a> in the field of genetics. It also identifies who the customers are and their reasons for buying. Quantitative analysis, in contrast, gives us impartial data about customers\u2019 buying habits. With our strategy research, we help <a href=\"https:\/\/www.sisinternational.com\/pt\/pericia\/industrias\/solucoes-de-pesquisa-de-mercado-de-saude\/\" title=\"Empresa de pesquisa de mercado no setor de sa\u00fade\"  data-wpil-monitor-id=\"7967\">firms and researchers<\/a> save money and ensure business success.<\/p>\n\n\n\n<p><\/p>","protected":false},"excerpt":{"rendered":"<p>Pesquisa de mercado em gen\u00e9tica O que \u00e9 gen\u00e9tica? A gen\u00e9tica \u00e9 uma \u00e1rea da biologia que estuda todas as formas de vida. Inclui o DNA, como os genes se formam e como as plantas e os animais herdam esses genes. Analisa como os organismos transmitem genes e caracter\u00edsticas de uma gera\u00e7\u00e3o para outra. Os dados transportados pelos genes afetam a sa\u00fade e \u2026 <a title=\"Pesquisa de mercado de gen\u00e9tica\" class=\"read-more\" href=\"https:\/\/www.sisinternational.com\/pt\/solucoes\/inovacao\/pesquisa-de-mercado-genetica\/\" aria-label=\"Leia mais sobre Pesquisa de Mercado Gen\u00e9tica\">Leia mais<\/a><\/p>","protected":false},"author":1,"featured_media":69918,"parent":14459,"menu_order":9,"comment_status":"closed","ping_status":"closed","template":"","meta":{"footnotes":""},"class_list":["post-39699","page","type-page","status-publish","has-post-thumbnail"],"_links":{"self":[{"href":"https:\/\/www.sisinternational.com\/pt\/wp-json\/wp\/v2\/pages\/39699","targetHints":{"allow":["GET"]}}],"collection":[{"href":"https:\/\/www.sisinternational.com\/pt\/wp-json\/wp\/v2\/pages"}],"about":[{"href":"https:\/\/www.sisinternational.com\/pt\/wp-json\/wp\/v2\/types\/page"}],"author":[{"embeddable":true,"href":"https:\/\/www.sisinternational.com\/pt\/wp-json\/wp\/v2\/users\/1"}],"replies":[{"embeddable":true,"href":"https:\/\/www.sisinternational.com\/pt\/wp-json\/wp\/v2\/comments?post=39699"}],"version-history":[{"count":3,"href":"https:\/\/www.sisinternational.com\/pt\/wp-json\/wp\/v2\/pages\/39699\/revisions"}],"predecessor-version":[{"id":81343,"href":"https:\/\/www.sisinternational.com\/pt\/wp-json\/wp\/v2\/pages\/39699\/revisions\/81343"}],"up":[{"embeddable":true,"href":"https:\/\/www.sisinternational.com\/pt\/wp-json\/wp\/v2\/pages\/14459"}],"wp:featuredmedia":[{"embeddable":true,"href":"https:\/\/www.sisinternational.com\/pt\/wp-json\/wp\/v2\/media\/69918"}],"wp:attachment":[{"href":"https:\/\/www.sisinternational.com\/pt\/wp-json\/wp\/v2\/media?parent=39699"}],"curies":[{"name":"wp","href":"https:\/\/api.w.org\/{rel}","templated":true}]}}