{"id":39697,"date":"2022-01-18T15:54:41","date_gmt":"2022-01-18T15:54:41","guid":{"rendered":"https:\/\/www.sisinternational.com\/?page_id=39697"},"modified":"2025-09-23T22:16:12","modified_gmt":"2025-09-24T02:16:12","slug":"pesquisa-de-mercado-de-logistica-de-terceiros","status":"publish","type":"page","link":"https:\/\/www.sisinternational.com\/pt\/pericia\/pesquisa-de-mercado-de-logistica-de-terceiros\/","title":{"rendered":"Pesquisa de mercado de log\u00edstica de terceiros"},"content":{"rendered":"<h1 class=\"wp-block-heading\">Pesquisa de mercado de log\u00edstica de terceiros<\/h1>\n\n\n\n<figure class=\"gb-block-image gb-block-image-0bf0614a\"><img loading=\"lazy\" decoding=\"async\" width=\"1456\" height=\"816\" class=\"gb-image gb-image-0bf0614a\" src=\"https:\/\/www.sisinternational.com\/wp-content\/uploads\/2025\/08\/Logisticv-6.jpg\" srcset=\"https:\/\/www.sisinternational.com\/wp-content\/uploads\/2025\/08\/Logisticv-6.jpg 1456w, https:\/\/www.sisinternational.com\/wp-content\/uploads\/2025\/08\/Logisticv-6-300x168.jpg 300w, https:\/\/www.sisinternational.com\/wp-content\/uploads\/2025\/08\/Logisticv-6-1024x574.jpg 1024w, https:\/\/www.sisinternational.com\/wp-content\/uploads\/2025\/08\/Logisticv-6-768x430.jpg 768w, https:\/\/www.sisinternational.com\/wp-content\/uploads\/2025\/08\/Logisticv-6-18x10.jpg 18w\" sizes=\"auto, (max-width: 1456px) 100vw, 1456px\" alt=\"Pesquisa e Estrat\u00e9gia de Mercado Internacional da SIS\"><\/figure>\n\n\n\n<hr class=\"wp-block-separator has-alpha-channel-opacity is-style-dots\"\/>\n\n\n\n<p><\/p>\n\n\n\n<h2 class=\"wp-block-heading\">O que \u00e9 Log\u00edstica de Terceiros?<\/h2>\n\n\n\n<p>A log\u00edstica de terceiros (3PL) \u00e9 um m\u00e9todo que as empresas usam em seus processos de remessa para atender \u00e0 demanda do consumidor. A empresa contrata outra empresa para enviar seus produtos aos clientes nesse processo. A log\u00edstica de terceiros pode apoiar ainda mais alguns ou todos os processos de remessa de uma empresa. Os servi\u00e7os cobertos pelo 3PL incluem:<\/p>\n\n\n\n<ul class=\"wp-block-list\">\n<li>Transporte<\/li>\n\n\n\n<li>Armazenagem<\/li>\n\n\n\n<li>Compras<\/li>\n\n\n\n<li>Rastreamento de Remessa<\/li>\n<\/ul>\n\n\n\n<p>Um processo t\u00edpico de Log\u00edstica de Terceiros envolve as etapas abaixo:<\/p>\n\n\n\n<ol class=\"wp-block-list\">\n<li>O fornecedor 3PL recebe a mercadoria da empresa que a contratou. Esse estoque vai para seu dep\u00f3sito. Um membro da equipe cuida da remessa neste momento.<\/li>\n\n\n\n<li>O cliente faz um pedido no site de com\u00e9rcio eletr\u00f4nico da empresa. A empresa, por sua vez, repassa esse pedido ao seu provedor 3PL. Este processo pode ser autom\u00e1tico ou manual.<\/li>\n\n\n\n<li>Um membro da equipe no armaz\u00e9m recebe uma lista para coletar os itens encomendados.<\/li>\n\n\n\n<li>O fornecedor imprime a etiqueta de envio. Ele tamb\u00e9m pode usar uma de suas transportadoras parceiras.<\/li>\n\n\n\n<li>A transportadora coleta o pacote no centro 3PL e depois o entrega ao cliente.<\/li>\n\n\n\n<li>A transportadora coloca informa\u00e7\u00f5es de rastreamento no sistema 3PL.<\/li>\n<\/ol>\n\n\n\n<h2 class=\"wp-block-heading\">Por que isso \u00e9 importante?<\/h2>\n\n\n\n<p>Using Third-Party Logistics allows <a href=\"https:\/\/www.sisinternational.com\/pt\/solucoes\/pesquisa-de-mercado-consumidor\/\" title=\"Consumer Market Research Services for Smarter Business Decisions\"  data-wpil-monitor-id=\"7981\">businesses to improve their services<\/a>. Furthermore, it helps them to be more efficient and productive. 3PL providers also provide extra expertise in some logistic areas. They are customer-focused and adapt to different consumer needs. Besides, a business can reduce the pressure of handling the details of delivering their goods. Using Third-Party Logistics also helps reduce the risk of losing customer products and decreases wait times. It makes customers happy because they can receive their orders much faster. 3PLs are also crucial because they can locate and fill the gaps in a business supply chain.<\/p>\n\n\n\n<h2 class=\"wp-block-heading\">Principais cargos<\/h2>\n\n\n\n<p>Os principais cargos para pessoas em Log\u00edstica Terceirizada s\u00e3o os seguintes:<\/p>\n\n\n\n<ul class=\"wp-block-list\">\n<li>Gerente 3PL<\/li>\n\n\n\n<li>Operador de empilhadeira<\/li>\n\n\n\n<li>especialista em log\u00edstica<\/li>\n\n\n\n<li>Gerente de Opera\u00e7\u00f5es<\/li>\n\n\n\n<li>Analista de Log\u00edstica<\/li>\n<\/ul>\n\n\n\n<p>Os membros da equipe 3PL formam a parte de remessa, distribui\u00e7\u00e3o e armazenamento de uma empresa. Assim, os t\u00edtulos dos cargos refletem isso.<\/p>\n\n\n\n<h2 class=\"wp-block-heading\">Por que as empresas precisam de pesquisas de mercado log\u00edstico de terceiros<\/h2>\n\n\n\n<p>As a business expands, its operations and consumer demand increase. Moreover, this increase can overwhelm some <a href=\"https:\/\/www.sisinternational.com\/pt\/servicos-de-publicidade-multicultural-para-uma-empresa-ferroviaria-conhecida\/\" title=\"Servi\u00e7os de publicidade multicultural para uma empresa ferrovi\u00e1ria conhecida\"  data-wpil-monitor-id=\"7982\">companies and result in slower service<\/a>. But, with 3PL, another agency makes product distribution easy.<\/p>\n\n\n\n<p>Os provedores 3PL tamb\u00e9m ajudam a facilitar as transi\u00e7\u00f5es entre per\u00edodos sazonais e altos e baixos do setor. Assim, eles gerenciam fluxos de trabalho durante per\u00edodos de maior movimento.<\/p>\n\n\n\n<p>3PL permite que uma empresa dimensione espa\u00e7o e m\u00e3o de obra com base no estoque atual.<\/p>\n\n\n\n<h2 class=\"wp-block-heading\">Principais fatores de sucesso<\/h2>\n\n\n\n<p>O <a href=\"https:\/\/www.sisinternational.com\/pt\/principais-fatores-de-sucesso-na-pesquisa-de-mercado-automotivo\/\" title=\"Principais fatores de sucesso na pesquisa de mercado automotivo\"  data-wpil-monitor-id=\"7979\">key to success<\/a> lies within strategies used by Third-Party Logistics industry leaders. Some of these factors are as follows:<\/p>\n\n\n\n<ol class=\"wp-block-list\">\n<li>A 3PL <a href=\"https:\/\/www.sisinternational.com\/pt\/analysis-b2b\/\" title=\"What Business Leaders Need to Know Right Now\"  data-wpil-monitor-id=\"7983\">business should know<\/a> who it is and what type of service it provides. It must also be aware of customers who seek the products.<\/li>\n\n\n\n<li>O fornecedor 3PL deve ser capaz de se adaptar rapidamente \u00e0s mudan\u00e7as. A ind\u00fastria muda constantemente. Assim, ser \u00e1gil \u00e9 essencial para o sucesso.<\/li>\n\n\n\n<li>O fornecedor 3PL deve saber como manter a equipe do armaz\u00e9m.<\/li>\n\n\n\n<li>O rastreamento preciso dos dados do armaz\u00e9m \u00e9 essencial.<\/li>\n\n\n\n<li>Atualize a tecnologia 3PL regularmente.<\/li>\n<\/ol>\n\n\n\n<h2 class=\"wp-block-heading\">Sobre pesquisa de mercado de log\u00edstica de terceiros<\/h2>\n\n\n\n<p>All in all, it is always essential to <a href=\"https:\/\/www.sisinternational.com\/pt\/how-to-conduct-effective-quantitative-market-research\/\" title=\"How to Conduct Effective Quantitative Market Research\"  data-wpil-monitor-id=\"7978\">conduct market research<\/a>. Quantitative, Qualitative, and Strategy Research are helpful for this purpose. Research methods may take the form of Interviews, Surveys, or Focus Groups. For 3PLs, a <a href=\"https:\/\/www.sisinternational.com\/pt\/estrategia-de-campanha-de-marketing-multiplataforma-para-uma-holding-e-conglomerado-empresarial-dos-emirados\/\" title=\"Servi\u00e7os de publicidade multicultural para uma holding e conglomerado empresarial dos Emirados\"  data-wpil-monitor-id=\"7984\">business can use the service<\/a> to analyze the effects on profits. It can also use 3PL to measure whether <a href=\"https:\/\/www.sisinternational.com\/pt\/solucoes\/teste-de-sabor\/testes-de-produtos-de-consumo-em-nova-york\/\" title=\"Testes de produtos de consumo em Nova York\"  data-wpil-monitor-id=\"7980\">consumers are happy with a product<\/a>.<\/p>\n\n\n\n<p>Se sua empresa vende produtos tang\u00edveis e pretende maximizar o potencial de crescimento, voc\u00ea deve considerar o 3PL. Este sistema \u00e9 crucial para essas empresas, especialmente quando se deslocam entre \u00e9pocas de maior movimento.<\/p>\n\n\n\n<p><\/p>","protected":false},"excerpt":{"rendered":"<p>3PL \u00e9 um m\u00e9todo que as empresas usam para enviar produtos aos clientes, contratando outra empresa para o processo de envio.<\/p>","protected":false},"author":1,"featured_media":63705,"parent":14514,"menu_order":93,"comment_status":"closed","ping_status":"closed","template":"","meta":{"footnotes":""},"class_list":["post-39697","page","type-page","status-publish","has-post-thumbnail"],"_links":{"self":[{"href":"https:\/\/www.sisinternational.com\/pt\/wp-json\/wp\/v2\/pages\/39697","targetHints":{"allow":["GET"]}}],"collection":[{"href":"https:\/\/www.sisinternational.com\/pt\/wp-json\/wp\/v2\/pages"}],"about":[{"href":"https:\/\/www.sisinternational.com\/pt\/wp-json\/wp\/v2\/types\/page"}],"author":[{"embeddable":true,"href":"https:\/\/www.sisinternational.com\/pt\/wp-json\/wp\/v2\/users\/1"}],"replies":[{"embeddable":true,"href":"https:\/\/www.sisinternational.com\/pt\/wp-json\/wp\/v2\/comments?post=39697"}],"version-history":[{"count":4,"href":"https:\/\/www.sisinternational.com\/pt\/wp-json\/wp\/v2\/pages\/39697\/revisions"}],"predecessor-version":[{"id":81345,"href":"https:\/\/www.sisinternational.com\/pt\/wp-json\/wp\/v2\/pages\/39697\/revisions\/81345"}],"up":[{"embeddable":true,"href":"https:\/\/www.sisinternational.com\/pt\/wp-json\/wp\/v2\/pages\/14514"}],"wp:featuredmedia":[{"embeddable":true,"href":"https:\/\/www.sisinternational.com\/pt\/wp-json\/wp\/v2\/media\/63705"}],"wp:attachment":[{"href":"https:\/\/www.sisinternational.com\/pt\/wp-json\/wp\/v2\/media?parent=39697"}],"curies":[{"name":"wp","href":"https:\/\/api.w.org\/{rel}","templated":true}]}}