{"id":39690,"date":"2022-01-18T05:11:24","date_gmt":"2022-01-18T05:11:24","guid":{"rendered":"https:\/\/www.sisinternational.com\/?page_id=39690"},"modified":"2025-09-23T22:27:15","modified_gmt":"2025-09-24T02:27:15","slug":"pesquisa-de-mercado-de-aprendizagem-profunda","status":"publish","type":"page","link":"https:\/\/www.sisinternational.com\/pt\/solucoes\/inovacao\/pesquisa-de-mercado-de-aprendizagem-profunda\/","title":{"rendered":"Pesquisa de mercado de aprendizagem profunda"},"content":{"rendered":"<h1 class=\"wp-block-heading\">Pesquisa de mercado de aprendizagem profunda<\/h1>\n\n\n\n<figure class=\"gb-block-image gb-block-image-e95e2686\"><img loading=\"lazy\" decoding=\"async\" width=\"1456\" height=\"816\" class=\"gb-image gb-image-e95e2686\" src=\"https:\/\/www.sisinternational.com\/wp-content\/uploads\/2025\/08\/Deep-learning-machine-learning-42.jpg\" alt=\"Pesquisa e Estrat\u00e9gia de Mercado Internacional da SIS\" title=\"Deep learning machine learning (42)\" srcset=\"https:\/\/www.sisinternational.com\/wp-content\/uploads\/2025\/08\/Deep-learning-machine-learning-42.jpg 1456w, https:\/\/www.sisinternational.com\/wp-content\/uploads\/2025\/08\/Deep-learning-machine-learning-42-300x168.jpg 300w, https:\/\/www.sisinternational.com\/wp-content\/uploads\/2025\/08\/Deep-learning-machine-learning-42-1024x574.jpg 1024w, https:\/\/www.sisinternational.com\/wp-content\/uploads\/2025\/08\/Deep-learning-machine-learning-42-768x430.jpg 768w, https:\/\/www.sisinternational.com\/wp-content\/uploads\/2025\/08\/Deep-learning-machine-learning-42-18x10.jpg 18w\" sizes=\"auto, (max-width: 1456px) 100vw, 1456px\"><\/figure>\n\n\n\n<p><\/p>\n\n\n\n<h2 class=\"wp-block-heading\">O que \u00e9 aprendizagem profunda?<\/h2>\n\n\n\n<p>O Deep Learning faz parte do Machine Learning. O objetivo do Deep Learning \u00e9 tornar a Intelig\u00eancia Artificial mais inteligente. Ele faz isso copiando a maneira como o c\u00e9rebro humano aprende. O c\u00e9rebro humano possui redes neurais que nos ajudam a processar as informa\u00e7\u00f5es que obtemos do mundo. No Deep Learning, existem tr\u00eas ou mais camadas de redes neurais artificiais. As camadas permitem que o computador processe mais dados. O computador usa os dados para \u201caprender\u201d com exemplos. Assim, eles far\u00e3o melhores previs\u00f5es, levando a resultados mais corretos.<\/p>\n\n\n\n<h2 class=\"wp-block-heading\">Por que o aprendizado profundo \u00e9 importante?<\/h2>\n\n\n\n<p>Os computadores t\u00eam mais responsabilidades hoje do que nunca. No futuro, o seu papel nas nossas vidas aumentar\u00e1 ainda mais. Por exemplo, confiamos nas m\u00e1quinas para criar hor\u00e1rios para n\u00f3s. Al\u00e9m disso, para alertar os bancos sobre fraudes com cart\u00f5es de cr\u00e9dito. As empresas est\u00e3o at\u00e9 fabricando carros aut\u00f4nomos e ensinando m\u00e1quinas a operar pessoas. Assim, \u00e9 essencial ter IAs que possam aprender com intera\u00e7\u00f5es passadas e que necessitem de menos interven\u00e7\u00e3o humana.<\/p>\n\n\n\n<h2 class=\"wp-block-heading\">Aqui est\u00e3o alguns trabalhos importantes em aprendizagem profunda<\/h2>\n\n\n\n<ul class=\"wp-block-list\">\n<li>Analista de pesquisa<\/li>\n\n\n\n<li>Cientista de Dados<\/li>\n\n\n\n<li>Engenheiro de dados<\/li>\n\n\n\n<li>Cientista Aplicado<\/li>\n\n\n\n<li>Engenheiro de software<\/li>\n<\/ul>\n\n\n\n<h2 class=\"wp-block-heading\">Por que as empresas precisam de Deep Learning?<\/h2>\n\n\n\n<h3 class=\"wp-block-heading\">Protege contra fraudes<\/h3>\n\n\n\n<p>Many businesses keep essential information <a href=\"https:\/\/www.sisinternational.com\/pt\/pericia\/industrias\/empresa-de-pesquisa-de-mercado-de-painel-on-line\/\" title=\"Empresa de pesquisa de mercado de painel on-line\"  data-wpil-monitor-id=\"7937\">online since it protects company<\/a> and client information. But they are still open to cyber-attacks such as fraud. This fraud might cost the company money. It could also give the company a bad name and cause them to lose clients.<\/p>\n\n\n\n<p>Com uma IA de Deep Learning, o computador percebe atividades incomuns. Depois que a IA detectar a fraude, ela poder\u00e1 sugerir maneiras de impedir que isso aconte\u00e7a no futuro.<\/p>\n\n\n\n<h3 class=\"wp-block-heading\">Fornece dados atuais<\/h3>\n\n\n\n<p>O <a href=\"https:\/\/www.sisinternational.com\/pt\/solucoes\/consultoria-estrategica\/analise-de-dados\/\" title=\"Empresa de an\u00e1lise de dados\"  data-wpil-monitor-id=\"7935\">data that can affect the company<\/a> is fluid. It changes often and fast. Keeping up with these changes helps <a href=\"https:\/\/www.sisinternational.com\/pt\/empresa-lider-global-em-pesquisa-quantitativa-de-mercado\/\" title=\"Empresa l\u00edder global em pesquisa quantitativa de mercado\"  data-wpil-monitor-id=\"7932\">companies to compete in the global market<\/a>. But, it would be hard to do so without AI. Deep Learning takes data and turns it into useful information for the company. Thus, business owners will use the information to make choices. Of course, these choices should benefit the company.<\/p>\n\n\n\n<h2 class=\"wp-block-heading\">Fatores-chave para o sucesso do aprendizado profundo<\/h2>\n\n\n\n<h3 class=\"wp-block-heading\">Muitos dados<\/h3>\n\n\n\n<p>Se uma empresa quiser usar IA em seu site ou aplicativo, ela dever\u00e1 treinar a m\u00e1quina. Esse \u201ctreinamento\u201d ensina-o a perceber e compreender os dados que ir\u00e1 processar. Ent\u00e3o, se a empresa optar por usar Deep Learning, os engenheiros dever\u00e3o utilizar muitos dados.<\/p>\n\n\n\n<p>Al\u00e9m disso, o objetivo \u00e9 ter uma IA eficiente que funcione como o c\u00e9rebro humano. Assim, a m\u00e1quina tamb\u00e9m deve obter dados de alta qualidade, que dever\u00e1 anotar. O processo de anota\u00e7\u00e3o garante que os dados estejam acess\u00edveis para o computador compreender e usar.<\/p>\n\n\n\n<h3 class=\"wp-block-heading\">Trabalhe com o desenvolvedor<\/h3>\n\n\n\n<p>Embora a empresa n\u00e3o esteja construindo IA, eles a usar\u00e3o o tempo todo. Portanto, eles devem trabalhar em conjunto com o desenvolvedor. Se os t\u00e9cnicos trabalharem sozinhos, a IA poder\u00e1 ser demasiado complexa. Mas, quando trabalham juntos, podem decidir quais problemas o ML resolver\u00e1. Esta colabora\u00e7\u00e3o tornar\u00e1 a IA mais f\u00e1cil de usar no futuro.<\/p>\n\n\n\n<h3 class=\"wp-block-heading\">Ser paciente<\/h3>\n\n\n\n<p>Construir uma IA que funcione como um c\u00e9rebro n\u00e3o \u00e9 f\u00e1cil. \u00c9 improv\u00e1vel que o processo seja perfeito na primeira vez. As empresas devem lembrar que h\u00e1 muitos fatores a serem considerados. Portanto, eles devem estar bem com tentativa e erro. Leva tempo para criar o sistema de IA certo.<\/p>\n\n\n\n<h3 class=\"wp-block-heading\">Sobre aprendizagem profunda<\/h3>\n\n\n\n<p><a href=\"https:\/\/www.sisinternational.com\/pt\/pericia\/industrias\/empresa-de-pesquisa-de-mercado-de-grupo-focal-pop-up\/\" title=\"Empresa de pesquisa de mercado Pop Up Focus Group\"  data-wpil-monitor-id=\"7931\">Grupos de foco<\/a> and interviews will help the company decide why they need Deep Learning. <a href=\"https:\/\/www.sisinternational.com\/pt\/solucoes\/solucoes-de-pesquisa-quantitativa-qualitativa\/pesquisa-de-mercado\/\" title=\"Pesquisa de mercado\"  data-wpil-monitor-id=\"7936\">Surveys are another way to do research<\/a>. The survey will inform consumers of Deep Learning. It will also get their views on this kind of Machine Learning.<\/p>\n\n\n\n<p>It is safe to say that Deep Learning is the future of business. But each company needs to do its homework before choosing to add it. That\u2019s why companies need to do <a href=\"https:\/\/www.sisinternational.com\/pt\/solucoes\/solucoes-de-pesquisa-quantitativa-qualitativa\/recrutamento-de-pesquisa-qualitativa\/\" title=\"Recrutamento de Pesquisa Qualitativa\"  data-wpil-monitor-id=\"7933\">Qualitative and Quantitative research<\/a>. O <a href=\"https:\/\/www.sisinternational.com\/pt\/pericia\/curriculos-de-experiencia\/pesquisa-de-marca\/\" title=\"Empresa de pesquisa de marca\"  data-wpil-monitor-id=\"7934\">research will inform the company<\/a> of the best data for machine training.<\/p>\n\n\n\n<p><\/p>","protected":false},"excerpt":{"rendered":"<p>Pesquisa de mercado de Deep Learning O que \u00e9 Deep Learning? O Deep Learning faz parte do Machine Learning. O objetivo do Deep Learning \u00e9 tornar a Intelig\u00eancia Artificial mais inteligente. Ele faz isso copiando a maneira como o c\u00e9rebro humano aprende. O c\u00e9rebro humano possui redes neurais que nos ajudam a processar as informa\u00e7\u00f5es que obtemos do mundo. \u2026 <a title=\"Pesquisa de mercado de aprendizagem profunda\" class=\"read-more\" href=\"https:\/\/www.sisinternational.com\/pt\/solucoes\/inovacao\/pesquisa-de-mercado-de-aprendizagem-profunda\/\" aria-label=\"Leia mais sobre pesquisa de mercado de aprendizagem profunda\">Leia mais<\/a><\/p>","protected":false},"author":1,"featured_media":64419,"parent":14459,"menu_order":7,"comment_status":"closed","ping_status":"closed","template":"","meta":{"footnotes":""},"class_list":["post-39690","page","type-page","status-publish","has-post-thumbnail"],"_links":{"self":[{"href":"https:\/\/www.sisinternational.com\/pt\/wp-json\/wp\/v2\/pages\/39690","targetHints":{"allow":["GET"]}}],"collection":[{"href":"https:\/\/www.sisinternational.com\/pt\/wp-json\/wp\/v2\/pages"}],"about":[{"href":"https:\/\/www.sisinternational.com\/pt\/wp-json\/wp\/v2\/types\/page"}],"author":[{"embeddable":true,"href":"https:\/\/www.sisinternational.com\/pt\/wp-json\/wp\/v2\/users\/1"}],"replies":[{"embeddable":true,"href":"https:\/\/www.sisinternational.com\/pt\/wp-json\/wp\/v2\/comments?post=39690"}],"version-history":[{"count":3,"href":"https:\/\/www.sisinternational.com\/pt\/wp-json\/wp\/v2\/pages\/39690\/revisions"}],"predecessor-version":[{"id":81339,"href":"https:\/\/www.sisinternational.com\/pt\/wp-json\/wp\/v2\/pages\/39690\/revisions\/81339"}],"up":[{"embeddable":true,"href":"https:\/\/www.sisinternational.com\/pt\/wp-json\/wp\/v2\/pages\/14459"}],"wp:featuredmedia":[{"embeddable":true,"href":"https:\/\/www.sisinternational.com\/pt\/wp-json\/wp\/v2\/media\/64419"}],"wp:attachment":[{"href":"https:\/\/www.sisinternational.com\/pt\/wp-json\/wp\/v2\/media?parent=39690"}],"curies":[{"name":"wp","href":"https:\/\/api.w.org\/{rel}","templated":true}]}}