{"id":39686,"date":"2022-01-18T04:47:09","date_gmt":"2022-01-18T04:47:09","guid":{"rendered":"https:\/\/www.sisinternational.com\/?page_id=39686"},"modified":"2025-09-23T22:36:54","modified_gmt":"2025-09-24T02:36:54","slug":"pesquisa-de-mercado-do-metaverso","status":"publish","type":"page","link":"https:\/\/www.sisinternational.com\/pt\/pericia\/pesquisa-de-mercado-do-metaverso\/","title":{"rendered":"Pesquisa de mercado do metaverso"},"content":{"rendered":"<h1 class=\"wp-block-heading\">Pesquisa de mercado do metaverso<\/h1>\n\n\n\n<figure class=\"gb-block-image gb-block-image-35aa4790\"><img loading=\"lazy\" decoding=\"async\" width=\"1456\" height=\"816\" class=\"gb-image gb-image-35aa4790\" src=\"https:\/\/www.sisinternational.com\/wp-content\/uploads\/2025\/08\/Virtual-reality-metaverse-17.jpg\" alt=\"Pesquisa e Estrat\u00e9gia de Mercado Internacional da SIS\" title=\"Virtual reality metaverse (17)\" srcset=\"https:\/\/www.sisinternational.com\/wp-content\/uploads\/2025\/08\/Virtual-reality-metaverse-17.jpg 1456w, https:\/\/www.sisinternational.com\/wp-content\/uploads\/2025\/08\/Virtual-reality-metaverse-17-300x168.jpg 300w, https:\/\/www.sisinternational.com\/wp-content\/uploads\/2025\/08\/Virtual-reality-metaverse-17-1024x574.jpg 1024w, https:\/\/www.sisinternational.com\/wp-content\/uploads\/2025\/08\/Virtual-reality-metaverse-17-768x430.jpg 768w, https:\/\/www.sisinternational.com\/wp-content\/uploads\/2025\/08\/Virtual-reality-metaverse-17-18x10.jpg 18w\" sizes=\"auto, (max-width: 1456px) 100vw, 1456px\"><\/figure>\n\n\n\n<p><\/p>\n\n\n\n<h2 class=\"wp-block-heading\">O que \u00e9 o Metaverso?<\/h2>\n\n\n\n<p>O Metaverso ser\u00e1 um mundo digital baseado no f\u00edsico. Assim, ser\u00e1 uma forma alternativa de realidade. \u00c9 uma mistura de realidade virtual (VR) e realidade aumentada (AR). Outra caracter\u00edstica \u00e9 que os usu\u00e1rios poder\u00e3o interagir com o ambiente ao seu redor e com outras pessoas por meio da tecnologia digital. O Metaverso criar\u00e1 uma nova experi\u00eancia para os humanos. Muitos podem ter ouvido o termo \u201cMetaverso\u201d depois que o Facebook se tornou p\u00fablico e disse que tentaria desenvolv\u00ea-lo ainda mais. O conceito de Metaverso j\u00e1 existia muito antes disso, em livros e filmes, e pode-se pensar nele como um jogo de realidade virtual mais avan\u00e7ado. O Metaverso combinar\u00e1 muitas fun\u00e7\u00f5es e servi\u00e7os online. Por exemplo, reunir\u00e1 compras online, pagamentos, reuni\u00f5es e jogos. Ser\u00e1 uma experi\u00eancia completa.<\/p>\n\n\n\n<h2 class=\"wp-block-heading\">Por que o metaverso \u00e9 importante?<\/h2>\n\n\n\n<p>The Metaverse is the direction that tech is heading. So, like it or not, it will soon be a part of our lives. Furthermore, many <a href=\"https:\/\/www.sisinternational.com\/pt\/solucoes\/teste-de-sabor\/product-testing-for-companies\/\" title=\"Product Testing for Companies\"  data-wpil-monitor-id=\"8413\">companies have been going into creating products<\/a> and services for Metaverse use. Other companies have been trying out the benefits that the Metaverse will offer. For instance, one business entity was able to host a virtual gallery and art show. The Metaverse will change how we conduct business and even our everyday lives. Above all, it will create easy ways to connect, socialize and work. Knowing what it is and how to stay ahead of the game is essential in business.<\/p>\n\n\n\n<h2 class=\"wp-block-heading\">Principais cargos<\/h2>\n\n\n\n<p>Devido \u00e0 vasta natureza do Metaverso, uma extensa gama de empregos dever\u00e1 atend\u00ea-lo. Abrir\u00e1 assim vagas relacionadas com a sua cria\u00e7\u00e3o, servi\u00e7os que pode prestar e atividades de lazer. Por enquanto, a variedade desses cargos e fun\u00e7\u00f5es s\u00f3 pode ficar na nossa imagina\u00e7\u00e3o. Como resultado, esses novos empregos abranger\u00e3o v\u00e1rios campos, incluindo TI, neg\u00f3cios e marketing.<\/p>\n\n\n\n<h2 class=\"wp-block-heading\">T\u00edtulos de trabalho:<\/h2>\n\n\n\n<ul class=\"wp-block-list\">\n<li>Desenvolvedor de software<\/li>\n\n\n\n<li>Gerente de marketing<\/li>\n\n\n\n<li>Consultor de ativos<\/li>\n\n\n\n<li>Advogado<\/li>\n\n\n\n<li>Designer de jogos<\/li>\n\n\n\n<li>Vide\u00f3grafo<\/li>\n\n\n\n<li>Produtor<\/li>\n\n\n\n<li>Produtor de dados<\/li>\n\n\n\n<li>ArtistaDesigner de Personagens<\/li>\n\n\n\n<li>Criador de captura de movimento<\/li>\n\n\n\n<li>Geomarcador<\/li>\n\n\n\n<li>Mapeador Espacial<\/li>\n<\/ul>\n\n\n\n<h2 class=\"wp-block-heading\">Por que as empresas precisam do metaverso<\/h2>\n\n\n\n<p>The Metaverse will help companies step up their game, allow them to market to a broader audience, and increase innovation. Moreover, it will revamp <a href=\"https:\/\/www.sisinternational.com\/pt\/solucoes\/teste-de-sabor\/servicos-de-teste-de-produtos-em-nova-york\/\" title=\"Servi\u00e7os de teste de produtos em Nova York\"  data-wpil-monitor-id=\"8414\">products and services<\/a>. It will also make business systems and customer relations work better. Businesses will have the chance to thrive in unique ways. The Metaverse will bring about a lot of notable changes. The companies that adopt it early will benefit most. Businesses need the Metaverse to push a new era and new opportunities.<\/p>\n\n\n\n<h2 class=\"wp-block-heading\">Principais fatores de sucesso<\/h2>\n\n\n\n<p>For companies to be successful in the Metaverse, they have to think ahead. Hence creative thinking is essential to take advantage of opportunities. Companies have also to be willing to adapt. Staying hooked on old <a href=\"https:\/\/www.sisinternational.com\/pt\/publicacoes\/pesquisa-de-mercado-de-negocios-escalaveis-7-maneiras-de-construir-um-negocio-escalavel\/\" title=\"Pesquisa de mercado de neg\u00f3cios escal\u00e1veis: 7 maneiras de construir um neg\u00f3cio escal\u00e1vel\"  data-wpil-monitor-id=\"8412\">ways will blind businesses<\/a> from jumping on lucrative trends. The new marketing tactics the Metaverse will afford will also be essential. The virtual reality world will provide many options to get products to new audiences. As a result, using them will skyrocket popularity and, if done well, profits.<\/p>\n\n\n\n<h2 class=\"wp-block-heading\">Sobre o Metaverso<\/h2>\n\n\n\n<p>O Metaverso est\u00e1 cheio de potencial e proporcionar\u00e1 um novo modo de vida. H\u00e1 muito o que esperar quando se trata de neg\u00f3cios. Os desenvolvedores ainda est\u00e3o trabalhando nisso. Este enorme conceito precisar\u00e1 de muito trabalho para decolar. A pesquisa quantitativa, qualitativa e estrat\u00e9gica \u00e9 uma grande parte deste trabalho. Esses m\u00e9todos permitem uma an\u00e1lise aprofundada para permitir que uma opera\u00e7\u00e3o t\u00e3o grande seja bem lan\u00e7ada. Essa pesquisa provavelmente assumir\u00e1 a forma de entrevistas, grupos focais e pesquisas.<\/p>\n\n\n\n<p><\/p>","protected":false},"excerpt":{"rendered":"<p>O Metaverso \u00e9 um mundo digital baseado no f\u00edsico. \u00c9 uma mistura de realidade virtual (VR) e realidade aumentada (AR).<\/p>","protected":false},"author":1,"featured_media":64018,"parent":14514,"menu_order":91,"comment_status":"closed","ping_status":"closed","template":"","meta":{"footnotes":""},"class_list":["post-39686","page","type-page","status-publish","has-post-thumbnail"],"_links":{"self":[{"href":"https:\/\/www.sisinternational.com\/pt\/wp-json\/wp\/v2\/pages\/39686","targetHints":{"allow":["GET"]}}],"collection":[{"href":"https:\/\/www.sisinternational.com\/pt\/wp-json\/wp\/v2\/pages"}],"about":[{"href":"https:\/\/www.sisinternational.com\/pt\/wp-json\/wp\/v2\/types\/page"}],"author":[{"embeddable":true,"href":"https:\/\/www.sisinternational.com\/pt\/wp-json\/wp\/v2\/users\/1"}],"replies":[{"embeddable":true,"href":"https:\/\/www.sisinternational.com\/pt\/wp-json\/wp\/v2\/comments?post=39686"}],"version-history":[{"count":4,"href":"https:\/\/www.sisinternational.com\/pt\/wp-json\/wp\/v2\/pages\/39686\/revisions"}],"predecessor-version":[{"id":81411,"href":"https:\/\/www.sisinternational.com\/pt\/wp-json\/wp\/v2\/pages\/39686\/revisions\/81411"}],"up":[{"embeddable":true,"href":"https:\/\/www.sisinternational.com\/pt\/wp-json\/wp\/v2\/pages\/14514"}],"wp:featuredmedia":[{"embeddable":true,"href":"https:\/\/www.sisinternational.com\/pt\/wp-json\/wp\/v2\/media\/64018"}],"wp:attachment":[{"href":"https:\/\/www.sisinternational.com\/pt\/wp-json\/wp\/v2\/media?parent=39686"}],"curies":[{"name":"wp","href":"https:\/\/api.w.org\/{rel}","templated":true}]}}