{"id":39684,"date":"2022-01-18T04:33:24","date_gmt":"2022-01-18T04:33:24","guid":{"rendered":"https:\/\/www.sisinternational.com\/?page_id=39684"},"modified":"2026-01-25T16:48:55","modified_gmt":"2026-01-25T21:48:55","slug":"pesquisa-de-mercado-de-grama","status":"publish","type":"page","link":"https:\/\/www.sisinternational.com\/pt\/solucoes\/solucoes-de-pesquisa-quantitativa-qualitativa\/pesquisa-de-mercado-de-grama\/","title":{"rendered":"Pesquisa de mercado de TURF"},"content":{"rendered":"<h1 class=\"wp-block-heading\">Pesquisa de mercado de TURF<\/h1>\n\n\n\n<figure class=\"gb-block-image gb-block-image-92f58603\"><img loading=\"lazy\" decoding=\"async\" width=\"1456\" height=\"816\" class=\"gb-image gb-image-92f58603\" src=\"https:\/\/www.sisinternational.com\/wp-content\/uploads\/2025\/09\/Research-18.jpg\" srcset=\"https:\/\/www.sisinternational.com\/wp-content\/uploads\/2025\/09\/Research-18.jpg 1456w, https:\/\/www.sisinternational.com\/wp-content\/uploads\/2025\/09\/Research-18-300x168.jpg 300w, https:\/\/www.sisinternational.com\/wp-content\/uploads\/2025\/09\/Research-18-1024x574.jpg 1024w, https:\/\/www.sisinternational.com\/wp-content\/uploads\/2025\/09\/Research-18-768x430.jpg 768w, https:\/\/www.sisinternational.com\/wp-content\/uploads\/2025\/09\/Research-18-18x10.jpg 18w\" sizes=\"auto, (max-width: 1456px) 100vw, 1456px\" alt=\"Pesquisa e Estrat\u00e9gia de Mercado Internacional da SIS\"><\/figure>\n\n\n\n<p><\/p>\n\n\n\n<hr class=\"wp-block-separator has-alpha-channel-opacity is-style-dots\"\/>\n\n\n\n<h2 class=\"wp-block-heading\">O que \u00e9 pesquisa de mercado de TURF?<\/h2>\n\n\n\n<p>TURF analysis is a method used in statistical research. It stands for Total Unduplicated Reach and Frequency Analysis, and it allows users to assess market research potential. TURF analysis is possible for many products and services. It uses a ranking system. For example, it may rank a mix of products based on how many people like that blend.<\/p>\n\n\n\n<p>\u201cAlcance\u201d (o R em TURF) descreve quantas pessoas voc\u00ea contata. A \u201cfrequ\u00eancia\u201d significa quantas vezes voc\u00ea liga para essas pessoas.<\/p>\n\n\n\n<p>TURF fornece um m\u00e9todo usado para atingir o m\u00e1ximo de vendas de produtos. Ele usa uma ferramenta de algoritmo TURF, que analisa todas as combina\u00e7\u00f5es poss\u00edveis. Os consumidores devem responder a uma pesquisa de m\u00faltipla escolha. O analista ent\u00e3o avalia as op\u00e7\u00f5es de resposta desta pesquisa. No final, uma an\u00e1lise TURF fornece escolhas que o utilizador n\u00e3o considerou.<\/p>\n\n\n\n<p>Apesar dos seus benef\u00edcios, a an\u00e1lise TURF tem alguns limites. Por exemplo, n\u00e3o considera o valor dos consumidores. Portanto, n\u00e3o \u00e9 melhor usar do ponto de vista de vendas de valor.<\/p>\n\n\n\n<p>Por que a an\u00e1lise TURF \u00e9 importante?<\/p>\n\n\n\n<p>O TURF \u00e9 uma ferramenta potente e crucial em muitos contextos de neg\u00f3cios. Ajuda a otimizar as ofertas de produtos e servi\u00e7os. Al\u00e9m disso, ajuda a ajustar a efic\u00e1cia de uma estrat\u00e9gia de comunica\u00e7\u00e3o.<\/p>\n\n\n\n<p>Another feature of TURF <a href=\"https:\/\/www.sisinternational.com\/pt\/solucoes\/pesquisa-de-mercado-de-ia-e-consultoria-estrategica\/analise-de-pesquisa-de-mercado-de-sentimento-de-ia\/\" title=\"An\u00e1lise de pesquisa de mercado de sentimento de IA\"  data-wpil-monitor-id=\"10282\">analysis is that it helps researchers<\/a> understand the effect of removing or including a product offering. To add, it makes the most of the market strategy used.<\/p>\n\n\n\n<p>O TURF funciona melhor do que usar simples totais ou porcentagens para decis\u00f5es. Considera combina\u00e7\u00f5es complexas de produtos.<\/p>\n\n\n\n<h2 class=\"wp-block-heading\">Principais cargos<\/h2>\n\n\n\n<p>Com base na natureza da TURF, os cargos abaixo s\u00e3o os mais relevantes:<\/p>\n\n\n\n<p>\u2013 Estat\u00edsticos<\/p>\n\n\n\n<p>- Gerente de marketing<\/p>\n\n\n\n<p>- Especialista em marketing<\/p>\n\n\n\n<p>\u2013 Desenvolvedor de Produto<\/p>\n\n\n\n<h2 class=\"wp-block-heading\">Por que as empresas precisam de pesquisa de mercado TURF<\/h2>\n\n\n\n<p>This method provides high valued insights to companies. Thus, it is helpful for those who wish to expand product portfolios. Its ability to spot the potential and reach of products is crucial. A TURF analysis can suggest <a href=\"https:\/\/www.sisinternational.com\/pt\/pericia\/curriculos-de-experiencia\/pesquisa-de-mercado-de-produtos-de-higiene-pessoal\/\" title=\"Pesquisa de mercado de produtos de cuidados pessoais\"  data-wpil-monitor-id=\"10280\">products that will further improve market<\/a> reach.<\/p>\n\n\n\n<p>It allows a business to devise an ideal product and <a href=\"https:\/\/www.sisinternational.com\/pt\/solucoes\/pesquisa-de-consultoria-em-estrategia-fintech\/pesquisa-de-mercado-de-servicos-bancarios-como-servico-e-consultoria-estrategica\/\" title=\"Pesquisa de mercado e consultoria estrat\u00e9gica de servi\u00e7os banc\u00e1rios como servi\u00e7o\"  data-wpil-monitor-id=\"10277\">service marketing strategy<\/a>. This strategy is essential for brands.<\/p>\n\n\n\n<p>A TURF ajuda as empresas a encontrar:<\/p>\n\n\n\n<p>\u2013 Potential market share when <a href=\"https:\/\/www.sisinternational.com\/pt\/solucoes\/consultoria-estrategica\/pesquisa-de-mercado-para-lancamento-de-novos-produtos\/\" title=\"Pesquisa de lan\u00e7amento de novos produtos\"  data-wpil-monitor-id=\"10281\">launching new products<\/a><\/p>\n\n\n\n<p>\u2013 Linha de produtos ideal que uma marca pode oferecer<\/p>\n\n\n\n<p>\u2013 Quais recursos um produto deve ter<\/p>\n\n\n\n<p>\u2013 Melhores componentes de mensagem para misturar para alcan\u00e7ar os consumidores<\/p>\n\n\n\n<p><a href=\"https:\/\/www.sisinternational.com\/pt\/publicacoes\/comportamento-do-comprador-apos-coronavirus-novo-consumidor\/\" title=\"Comportamento do comprador ap\u00f3s o coronav\u00edrus \u2013 Pesquisa de mercado de consumo\"  data-wpil-monitor-id=\"10283\">\u2013 Melhores canais para alcan\u00e7ar novos consumidores<\/a><\/p>\n\n\n\n<p>\u2013 Principais pontos de venda para campanhas<\/p>\n\n\n\n<p>\u00c9 mais utilizado quando uma empresa deseja desenvolver algo novo ou penetrar no mercado. Al\u00e9m disso, fornece bons insights para empresas com or\u00e7amento apertado. Dessa forma, uma empresa pode escolher a melhor forma de gastar seu or\u00e7amento de marketing.<\/p>\n\n\n\n<h2 class=\"wp-block-heading\">Principais fatores de sucesso<\/h2>\n\n\n\n<p>Uma an\u00e1lise TURF faz muitas suposi\u00e7\u00f5es que podem limitar a sua precis\u00e3o. No entanto, pode-se compensar isso. Para isso, as perguntas da pesquisa devem identificar a frequ\u00eancia com que o respondente utiliza o produto.<\/p>\n\n\n\n<p>Antes de realizar a an\u00e1lise, o usu\u00e1rio deve fornecer descri\u00e7\u00f5es precisas. Por exemplo, \u00e9 preciso definir o que constitui um \u201calcance\u201d. Um alcance ocorre quando uma pessoa deseja pelo menos um produto em cada mistura de produtos.<\/p>\n\n\n\n<h2 class=\"wp-block-heading\">Sobre a Pesquisa de Mercado TURF<\/h2>\n\n\n\n<p>Quantitative, qualitative, and strategy <a href=\"https:\/\/www.sisinternational.com\/pt\/pericia\/industrias\/pesquisa-de-mercado-de-vacinacao\/\" title=\"Pesquisa de mercado de vacina\u00e7\u00e3o\"  data-wpil-monitor-id=\"3751\">research are helpful for market<\/a> research. These methods may take the form of interviews, surveys, or focus groups. TURF Analysis is another tool that aids <a href=\"https:\/\/www.sisinternational.com\/pt\/solucoes\/solucoes-de-pesquisa-quantitativa-qualitativa\/pesquisa-de-mercado-de-analise-chaid\/\" title=\"Pesquisa de mercado de an\u00e1lise CHAID\"  data-wpil-monitor-id=\"10278\">pesquisa de mercado<\/a>.<\/p>\n\n\n\n<p>Its ability to predict market trends makes it ideal. It\u2019s also a boon when a <a href=\"https:\/\/www.sisinternational.com\/pt\/publicacoes\/pesquisa-de-mercado-de-negocios-escalaveis-7-maneiras-de-construir-um-negocio-escalavel\/\" title=\"Pesquisa de mercado de neg\u00f3cios escal\u00e1veis: 7 maneiras de construir um neg\u00f3cio escal\u00e1vel\"  data-wpil-monitor-id=\"10284\">business wants to penetrate the market<\/a>. Thus, it is crucial for a company that deals with a product or service.<\/p>\n\n\n\n<p>Analysts can mix <a href=\"https:\/\/www.sisinternational.com\/pt\/solucoes\/solucoes-de-pesquisa-quantitativa-qualitativa\/turf-analysis-market-research\/\" title=\"TURF Analysis Market Research\"  data-wpil-monitor-id=\"1527\">TURF with other market research<\/a> strategies. In this way, they can get a complete picture. Thus, the user will have more significant <a href=\"https:\/\/www.sisinternational.com\/pt\/global-beverage-market\/\" title=\"Global Beverage Market: Market Dynamics, Growth Projections &amp; Consumer Insights\"  data-wpil-monitor-id=\"10279\">insights into consumer preference and market<\/a> potential.<\/p>\n\n\n\n<p><\/p>","protected":false},"excerpt":{"rendered":"<p>TURF Market Research What is TURF Market Research? TURF analysis is a method used in statistical research. It stands for Total Unduplicated Reach and Frequency Analysis, and it allows users to assess market research potential. TURF analysis is possible for many products and services. It uses a ranking system. For example, it may rank a &#8230; <a title=\"Pesquisa de mercado de TURF\" class=\"read-more\" href=\"https:\/\/www.sisinternational.com\/pt\/solucoes\/solucoes-de-pesquisa-quantitativa-qualitativa\/pesquisa-de-mercado-de-grama\/\" aria-label=\"Leia mais sobre Pesquisa de Mercado TURF\">Leia mais<\/a><\/p>","protected":false},"author":1,"featured_media":69513,"parent":14660,"menu_order":26,"comment_status":"closed","ping_status":"closed","template":"","meta":{"footnotes":""},"class_list":["post-39684","page","type-page","status-publish","has-post-thumbnail"],"_links":{"self":[{"href":"https:\/\/www.sisinternational.com\/pt\/wp-json\/wp\/v2\/pages\/39684","targetHints":{"allow":["GET"]}}],"collection":[{"href":"https:\/\/www.sisinternational.com\/pt\/wp-json\/wp\/v2\/pages"}],"about":[{"href":"https:\/\/www.sisinternational.com\/pt\/wp-json\/wp\/v2\/types\/page"}],"author":[{"embeddable":true,"href":"https:\/\/www.sisinternational.com\/pt\/wp-json\/wp\/v2\/users\/1"}],"replies":[{"embeddable":true,"href":"https:\/\/www.sisinternational.com\/pt\/wp-json\/wp\/v2\/comments?post=39684"}],"version-history":[{"count":5,"href":"https:\/\/www.sisinternational.com\/pt\/wp-json\/wp\/v2\/pages\/39684\/revisions"}],"predecessor-version":[{"id":81695,"href":"https:\/\/www.sisinternational.com\/pt\/wp-json\/wp\/v2\/pages\/39684\/revisions\/81695"}],"up":[{"embeddable":true,"href":"https:\/\/www.sisinternational.com\/pt\/wp-json\/wp\/v2\/pages\/14660"}],"wp:featuredmedia":[{"embeddable":true,"href":"https:\/\/www.sisinternational.com\/pt\/wp-json\/wp\/v2\/media\/69513"}],"wp:attachment":[{"href":"https:\/\/www.sisinternational.com\/pt\/wp-json\/wp\/v2\/media?parent=39684"}],"curies":[{"name":"wp","href":"https:\/\/api.w.org\/{rel}","templated":true}]}}