{"id":39678,"date":"2022-01-18T03:57:02","date_gmt":"2022-01-18T03:57:02","guid":{"rendered":"https:\/\/www.sisinternational.com\/?page_id=39678"},"modified":"2025-09-23T23:46:06","modified_gmt":"2025-09-24T03:46:06","slug":"pesquisa-de-mercado-industrial-2","status":"publish","type":"page","link":"https:\/\/www.sisinternational.com\/pt\/solucoes\/solucoes-de-pesquisa-quantitativa-qualitativa\/pesquisa-de-mercado-industrial-2\/","title":{"rendered":"Pesquisa de mercado de manufatura"},"content":{"rendered":"<h1 class=\"wp-block-heading\">Pesquisa de mercado de manufatura<\/h1>\n\n\n\n<figure class=\"gb-block-image gb-block-image-096bf92b\"><img loading=\"lazy\" decoding=\"async\" width=\"1456\" height=\"816\" class=\"gb-image gb-image-096bf92b\" src=\"https:\/\/www.sisinternational.com\/wp-content\/uploads\/2025\/08\/Manufacturing-6.jpg\" alt=\"Pesquisa e Estrat\u00e9gia de Mercado Internacional da SIS\" title=\"Manufacturing (6)\" srcset=\"https:\/\/www.sisinternational.com\/wp-content\/uploads\/2025\/08\/Manufacturing-6.jpg 1456w, https:\/\/www.sisinternational.com\/wp-content\/uploads\/2025\/08\/Manufacturing-6-300x168.jpg 300w, https:\/\/www.sisinternational.com\/wp-content\/uploads\/2025\/08\/Manufacturing-6-1024x574.jpg 1024w, https:\/\/www.sisinternational.com\/wp-content\/uploads\/2025\/08\/Manufacturing-6-768x430.jpg 768w, https:\/\/www.sisinternational.com\/wp-content\/uploads\/2025\/08\/Manufacturing-6-18x10.jpg 18w\" sizes=\"auto, (max-width: 1456px) 100vw, 1456px\"><\/figure>\n\n\n\n<p><\/p>\n\n\n\n<hr class=\"wp-block-separator has-alpha-channel-opacity is-style-dots\"\/>\n\n\n\n<h2 class=\"wp-block-heading\">Emerging from the Pandemic amid big changes<\/h2>\n\n\n\n<p>The Global <a href=\"https:\/\/sisaisolutions.com\/application-of-ai-in-manufacturing\/\" target=\"_blank\" rel=\"noopener\">Manufacturing Market<\/a> emerged from the COVID pandemic, challenged by supply chain instability (headlined by a large-scale semiconductor shortage), rising freight and raw material costs, a workforce shortage, and an ever-expanding need for digital integrations and accessibility across all sectors. Furthermore, with US manufacturers reporting phishing or ransomware security incidents in the past 12 months, Cybersecurity has become a bigger need in the sector.<\/p>\n\n\n\n<p>Manufacturers are building back fast despite these significant headwinds with rising demand, and are expected to return to pre-pandemic production within several years.<\/p>\n\n\n\n<p>A pandemia levou os fabricantes a ajustar a sua abordagem omnicanal e a criar experi\u00eancias envolventes com os seus clientes. Como tal, um foco proativo em efici\u00eancias, melhorias de processos e novas integra\u00e7\u00f5es tecnol\u00f3gicas est\u00e3o impulsionando os melhores segmentos.<\/p>\n\n\n\n<h2 class=\"wp-block-heading\">IA, IIoT e tecnologias conectadas<\/h2>\n\n\n\n<p>Artificial Intelligence and the Industrial Internet of Things (IoT) have graduated from buzzwords to a prioritized focus, driving post-pandemic manufacturing improvement. Improved sensor data and investment in using that data through IoT, machine learning algorithms, predictive maintenance, and customer experience optimization tools have been a large driver in manufacturing\u2019s improved efficiency. For many industries like healthcare, retail, automotive, and transport, the IIoT will significantly improve reliability, production, and customer satisfaction. Acceleration in digital technology adoption will bring operational efficiencies to scale.<\/p>\n\n\n\n<p>Artificial Intelligence and the Industrial Internet of Things (IoT) have truly graduated from buzzwords to a prioritized focus, driving post-pandemic manufacturing improvement. Improved sensor data and investment in using that data through IoT, machine learning algorithms, predictive maintenance, and customer experience optimization tools have been a large driver in manufacturing\u2019s improved efficiency. For many industries like healthcare, retail, automotive, and transport, the IIoT will significantly improve reliability, production, and customer satisfaction.<\/p>\n\n\n\n<h2 class=\"wp-block-heading\">Dados em efici\u00eancia operacional aprimorada<\/h2>\n\n\n\n<figure class=\"gb-block-image gb-block-image-0eac6ac6\"><img loading=\"lazy\" decoding=\"async\" width=\"1456\" height=\"816\" class=\"gb-image gb-image-0eac6ac6\" src=\"https:\/\/www.sisinternational.com\/wp-content\/uploads\/2025\/08\/Manufacturing-18.jpg\" alt=\"Pesquisa e Estrat\u00e9gia de Mercado Internacional da SIS\" title=\"Manufacturing (18)\" srcset=\"https:\/\/www.sisinternational.com\/wp-content\/uploads\/2025\/08\/Manufacturing-18.jpg 1456w, https:\/\/www.sisinternational.com\/wp-content\/uploads\/2025\/08\/Manufacturing-18-300x168.jpg 300w, https:\/\/www.sisinternational.com\/wp-content\/uploads\/2025\/08\/Manufacturing-18-1024x574.jpg 1024w, https:\/\/www.sisinternational.com\/wp-content\/uploads\/2025\/08\/Manufacturing-18-768x430.jpg 768w, https:\/\/www.sisinternational.com\/wp-content\/uploads\/2025\/08\/Manufacturing-18-18x10.jpg 18w\" sizes=\"auto, (max-width: 1456px) 100vw, 1456px\"><\/figure>\n\n\n\n<p><\/p>\n\n\n\n<p>Multi-pronged supply chain strategies will help protect companies from the vast challenges and rising costs of goods. Leveraging existing and recently enhanced data \u201cfabrics\u201d to connect the dots and work through complex scenarios will find the most efficient outcome in supply chain-related problems. Advancements in so-called \u201cdigital supply networks\u201d and analytics systems help plan, provide additional reserve materials, and give manufacturers more isolation from the recent supply chain instability.<\/p>\n\n\n\n<p>Furthermore, existing and additional new staffing data can help understand concerns, improve retention, and improve overall work efficiencies as remote work becomes a desired alternative, even in the manufacturing world.<\/p>\n\n\n\n<h2 class=\"wp-block-heading\">Solu\u00e7\u00f5es de pesquisa de mercado de manufatura<\/h2>\n\n\n\n<p><a href=\"https:\/\/www.linkedin.com\/company\/sisinternationalresearch\" target=\"_blank\" rel=\"noopener\">A SIS International Research<\/a> has over 40+ years of experience in Market Research and Strategy Consulting in the Manufacturing industry.&nbsp; We conduct research with suppliers, manufacturers, wholesalers, retail partners, and other stakeholders.<\/p>\n\n\n\n<p>N\u00f3s provemos:<\/p>\n\n\n\n<ul class=\"wp-block-list\">\n<li>Grupos de foco<\/li>\n\n\n\n<li>Comunidades de insights on-line<\/li>\n\n\n\n<li>Entrevistas aprofundadas<\/li>\n\n\n\n<li>Pesquisas on-line<\/li>\n\n\n\n<li>Multi-country &amp; <a class=\"wpil_keyword_link\" href=\"https:\/\/www.sisinternational.com\/pt\/pericia\/pesquisa-de-mercado-bric\/\" title=\"Pesquisa de Mercado BRIC (Brasil, R\u00fassia, \u00cdndia e China)\" data-wpil-keyword-link=\"linked\" data-wpil-monitor-id=\"739\">Pesquisa de mercado internacional<\/a><\/li>\n\n\n\n<li>Entrada no mercado, dimensionamento e oportunidade<\/li>\n\n\n\n<li>An\u00e1lise Estrat\u00e9gica e Competitiva<\/li>\n<\/ul>\n\n\n\n<h2 class=\"wp-block-heading\">Localiza\u00e7\u00e3o de nossas instala\u00e7\u00f5es em Nova York<\/h2>\n\n\n\n<p>  <iframe loading=\"lazy\" src=\"https:\/\/www.google.com\/maps\/embed?pb=!1m18!1m12!1m3!1d3022.976188376966!2d-73.99130312499956!3d40.740549471389315!2m3!1f0!2f0!3f0!3m2!1i1024!2i768!4f13.1!3m3!1m2!1s0x89c259a15798c731%3A0xd695d09bdd495f25!2s11%20E%2022nd%20St%20FL%202%2C%20New%20York%2C%20NY%2010010%2C%20USA!5e0!3m2!1sen!2spe!4v1726171763526!5m2!1sen!2spe\" width=\"600\" height=\"450\" allowfullscreen=\"allowfullscreen\" data-mce-fragment=\"1\"><\/iframe>  <\/p>\n\n\n\n<h3 class=\"wp-block-heading\">11 E 22nd Street, 2\u00ba andar, Nova York, NY 10010 T: +1(212) 505-6805<\/h3>\n\n\n\n<hr class=\"wp-block-separator has-alpha-channel-opacity\"\/>\n\n\n\n<h2 class=\"wp-block-heading\"><span style=\"font-weight: 400;\">Sobre SIS Internacional<\/span><\/h2>\n\n\n\n<p><a href=\"https:\/\/www.sisinternational.com\/pt\/\"><span style=\"font-weight: 400;\">SIS Internacional<\/span><\/a><span style=\"font-weight: 400;\"> oferece pesquisa quantitativa, qualitativa e estrat\u00e9gica. Fornecemos dados, ferramentas, estrat\u00e9gias, relat\u00f3rios e insights para a tomada de decis\u00f5es. Tamb\u00e9m realizamos entrevistas, pesquisas, grupos focais e outros m\u00e9todos e abordagens de Pesquisa de Mercado.<\/span><a href=\"https:\/\/www.sisinternational.com\/pt\/sobre-a-sis-international-research\/contact-sis-international-market-research\/\"><span style=\"font-weight: 400;\"> Entre em contato conosco<\/span><\/a><span style=\"font-weight: 400;\"> para o seu pr\u00f3ximo projeto de pesquisa de mercado.<\/span><\/p>\n\n\n\n<p><\/p>","protected":false},"excerpt":{"rendered":"<p>Manufacturing Market Research Emerging from the Pandemic amid big changes The Global Manufacturing Market emerged from the COVID pandemic, challenged by supply chain instability (headlined by a large-scale semiconductor shortage), rising freight and raw material costs, a workforce shortage, and an ever-expanding need for digital integrations and accessibility across all sectors. Furthermore, with US manufacturers &#8230; <a title=\"Pesquisa de mercado de manufatura\" class=\"read-more\" href=\"https:\/\/www.sisinternational.com\/pt\/solucoes\/solucoes-de-pesquisa-quantitativa-qualitativa\/pesquisa-de-mercado-industrial-2\/\" aria-label=\"Leia mais sobre Pesquisa de Mercado de Manufatura\">Leia mais<\/a><\/p>","protected":false},"author":1,"featured_media":63708,"parent":14660,"menu_order":25,"comment_status":"closed","ping_status":"closed","template":"","meta":{"footnotes":""},"class_list":["post-39678","page","type-page","status-publish","has-post-thumbnail"],"_links":{"self":[{"href":"https:\/\/www.sisinternational.com\/pt\/wp-json\/wp\/v2\/pages\/39678","targetHints":{"allow":["GET"]}}],"collection":[{"href":"https:\/\/www.sisinternational.com\/pt\/wp-json\/wp\/v2\/pages"}],"about":[{"href":"https:\/\/www.sisinternational.com\/pt\/wp-json\/wp\/v2\/types\/page"}],"author":[{"embeddable":true,"href":"https:\/\/www.sisinternational.com\/pt\/wp-json\/wp\/v2\/users\/1"}],"replies":[{"embeddable":true,"href":"https:\/\/www.sisinternational.com\/pt\/wp-json\/wp\/v2\/comments?post=39678"}],"version-history":[{"count":7,"href":"https:\/\/www.sisinternational.com\/pt\/wp-json\/wp\/v2\/pages\/39678\/revisions"}],"predecessor-version":[{"id":75156,"href":"https:\/\/www.sisinternational.com\/pt\/wp-json\/wp\/v2\/pages\/39678\/revisions\/75156"}],"up":[{"embeddable":true,"href":"https:\/\/www.sisinternational.com\/pt\/wp-json\/wp\/v2\/pages\/14660"}],"wp:featuredmedia":[{"embeddable":true,"href":"https:\/\/www.sisinternational.com\/pt\/wp-json\/wp\/v2\/media\/63708"}],"wp:attachment":[{"href":"https:\/\/www.sisinternational.com\/pt\/wp-json\/wp\/v2\/media?parent=39678"}],"curies":[{"name":"wp","href":"https:\/\/api.w.org\/{rel}","templated":true}]}}