{"id":39617,"date":"2021-12-31T01:15:07","date_gmt":"2021-12-31T01:15:07","guid":{"rendered":"https:\/\/www.sisinternational.com\/?page_id=39617"},"modified":"2026-01-24T20:54:24","modified_gmt":"2026-01-25T01:54:24","slug":"pesquisa-de-mercado-da-cadeia-de-suprimentos","status":"publish","type":"page","link":"https:\/\/www.sisinternational.com\/pt\/solucoes\/consultoria-estrategica\/pesquisa-de-mercado-da-cadeia-de-suprimentos\/","title":{"rendered":"Pesquisa de mercado da cadeia de suprimentos"},"content":{"rendered":"<h1 class=\"wp-block-heading\">Pesquisa de mercado da cadeia de suprimentos<\/h1>\n\n\n\n<figure class=\"gb-block-image gb-block-image-2702dab9\"><img loading=\"lazy\" decoding=\"async\" width=\"1456\" height=\"816\" class=\"gb-image gb-image-2702dab9\" src=\"https:\/\/www.sisinternational.com\/wp-content\/uploads\/2025\/08\/Freight-3.jpg\" alt=\"Pesquisa e Estrat\u00e9gia de Mercado Internacional da SIS\" title=\"Freight (3)\" srcset=\"https:\/\/www.sisinternational.com\/wp-content\/uploads\/2025\/08\/Freight-3.jpg 1456w, https:\/\/www.sisinternational.com\/wp-content\/uploads\/2025\/08\/Freight-3-300x168.jpg 300w, https:\/\/www.sisinternational.com\/wp-content\/uploads\/2025\/08\/Freight-3-1024x574.jpg 1024w, https:\/\/www.sisinternational.com\/wp-content\/uploads\/2025\/08\/Freight-3-768x430.jpg 768w, https:\/\/www.sisinternational.com\/wp-content\/uploads\/2025\/08\/Freight-3-18x10.jpg 18w\" sizes=\"auto, (max-width: 1456px) 100vw, 1456px\"><\/figure>\n\n\n\n<p><\/p>\n\n\n\n<h2 class=\"wp-block-heading\">O que \u00e9 pesquisa de mercado da cadeia de suprimentos?<\/h2>\n\n\n\n<p>Uma cadeia de suprimentos \u00e9 uma rede entre fornecedores e compradores que fabrica produtos e depois os distribui ao comprador final. A cadeia de suprimentos cobre cada etapa do processo de produ\u00e7\u00e3o. Isso inclui elementos como pessoas, entidades, dados e recursos.<\/p>\n\n\n\n<p>There are different supply chain models. The continuous flow model is one that many companies use. It is best for products that are the same and are in high demand. Managers constantly replace the raw materials to <a href=\"https:\/\/www.sisinternational.com\/pt\/what-is-a-value-proposition-canvas-the-game-changing-framework-that-prevents-product-failures\/\" title=\"What Is a Value Proposition Canvas? &#091;The Game-Changing Framework That Prevents Product Failures&#093;\"  data-wpil-monitor-id=\"8641\">prevent bottlenecks in production<\/a>.<\/p>\n\n\n\n<p>Another one is the fast chain model. It is best suited for <a href=\"https:\/\/www.sisinternational.com\/pt\/empresa-de-previsao-de-tendencias-da-industria-b2b\/\" title=\"Empresa de previs\u00e3o das principais tend\u00eancias da ind\u00fastria B2B\"  data-wpil-monitor-id=\"8645\">companies that sell products based on trends<\/a>. These products have a limited time appeal. In this case, ideas move from prototype to <a href=\"https:\/\/www.sisinternational.com\/pt\/solucoes\/teste-de-sabor\/testes-de-produtos-de-consumo-em-nova-york\/\" title=\"Testes de produtos de consumo em Nova York\"  data-wpil-monitor-id=\"8640\">production to consumer<\/a> very fast.<\/p>\n\n\n\n<p>The flexible model is also popular. <a href=\"https:\/\/www.sisinternational.com\/pt\/solucoes\/teste-de-sabor\/product-testing-for-companies\/\" title=\"Product Testing for Companies\"  data-wpil-monitor-id=\"8646\">Companies that make seasonal products<\/a> use this model, where items surge in demand during peak periods. There\u2019s little or no need for these goods otherwise (for example, Christmas decorations). This model allows quick production starts and efficient shutdowns. It relies on accurate demand forecasts to determine raw material needs.<\/p>\n\n\n\n<h2 class=\"wp-block-heading\">Por que isso \u00e9 importante?<\/h2>\n\n\n\n<p>As cadeias de abastecimento ajudam as empresas a reduzir os seus custos e a competir.<\/p>\n\n\n\n<p>A rapidez com que um produto se move pela cadeia de abastecimento afeta os lucros. Quando os fornecedores conseguem entregar produtos caros rapidamente, isso ajuda os varejistas a vend\u00ea-los rapidamente. Assim, as lojas podem evitar altos custos de estoque. Quando os materiais passam rapidamente pela cadeia de abastecimento, isso tamb\u00e9m reduz os custos de produ\u00e7\u00e3o. Al\u00e9m disso, evita a ocorr\u00eancia de escassez. Assim, a produ\u00e7\u00e3o pode continuar e n\u00e3o h\u00e1 perda de receita.<\/p>\n\n\n\n<p>Supply chains play a crucial role in countries\u2019 economies. More market growth occurs in societies with well-developed <a href=\"https:\/\/www.sisinternational.com\/pt\/solucoes\/pesquisa-de-consultoria-em-estrategia-fintech\/pesquisa-de-mercado-financeiro-da-cadeia-de-suprimentos\/\" title=\"Pesquisa de mercado financeiro da cadeia de suprimentos\"  data-wpil-monitor-id=\"8643\">supply<\/a> chains. As businesses trade goods at a fast rate, more consumers can buy at a low cost. Supply chains can thus help to raise the standard of living in society.<\/p>\n\n\n\n<p>As v\u00e1rias fases da cadeia de abastecimento tamb\u00e9m proporcionam empregos a muitas pessoas.<\/p>\n\n\n\n<h2 class=\"wp-block-heading\">Principais cargos<\/h2>\n\n\n\n<p>Many roles within a supply chain are crucial to its success. These roles pay close attention to the logistics that occur. Some examples are:<\/p>\n\n\n\n<p>1. Gerentes da cadeia de suprimentos<\/p>\n\n\n\n<p>2. Agentes de compras<\/p>\n\n\n\n<p>3. Analistas de log\u00edstica<\/p>\n\n\n\n<p>4. Gerente de opera\u00e7\u00f5es<\/p>\n\n\n\n<h2 class=\"wp-block-heading\">Por que as empresas precisam de uma cadeia de suprimentos<\/h2>\n\n\n\n<p>Uma empresa que envolve a movimenta\u00e7\u00e3o de mercadorias de um fornecedor para o comprador deve ter uma cadeia de suprimentos. A cadeia pode assumir uma forma diferente dependendo da natureza do neg\u00f3cio. Apesar disso, uma empresa deve garantir que a sua cadeia de abastecimento seja \u00f3ptima. \u00c9 a melhor maneira de garantir que obtenha lucros m\u00e1ximos.<\/p>\n\n\n\n<h2 class=\"wp-block-heading\">Principais fatores de sucesso<\/h2>\n\n\n\n<p>Supply chains achieve <a href=\"https:\/\/www.sisinternational.com\/pt\/principais-fatores-de-sucesso-na-pesquisa-de-mercado-automotivo\/\" title=\"Principais fatores de sucesso na pesquisa de mercado automotivo\"  data-wpil-monitor-id=\"8642\">success due to many factors<\/a>.<\/p>\n\n\n\n<p>Por exemplo, a capacidade de inovar \u00e9 um factor-chave. Desta forma, a cadeia de abastecimento continua a crescer. Esse crescimento envolve o uso de novos sistemas, como a tecnologia em nuvem. Outro novo m\u00e9todo \u00e9 o uso de ferramentas de integra\u00e7\u00e3o de ponta, que permitem que os sistemas de uma empresa compartilhem informa\u00e7\u00f5es. O uso de tecnologia m\u00f3vel avan\u00e7ada tamb\u00e9m \u00e9 outra inova\u00e7\u00e3o.<\/p>\n\n\n\n<p>Cadeias de abastecimento bem-sucedidas tamb\u00e9m s\u00e3o baseadas em dados. Sua empresa pode usar os dados coletados na cadeia de suprimentos para ajud\u00e1-la a operar melhor.<\/p>\n\n\n\n<p>Outro fator cr\u00edtico \u00e9 a capacidade de capacitar os funcion\u00e1rios. O empoderamento ajuda os trabalhadores a investir no sucesso da cadeia de abastecimento. Como resultado, eles t\u00eam melhor desempenho.<\/p>\n\n\n\n<p>Having a transparent system is also crucial. Such a system involves <a href=\"https:\/\/www.sisinternational.com\/pt\/solucoes\/consultoria-estrategica\/analise-de-dados\/\" title=\"Empresa de an\u00e1lise de dados\"  data-wpil-monitor-id=\"8644\">data sharing through the entire company<\/a>. Thus, all aspects connect well. As a result, the business becomes more efficient and gains more profits. It helps the business maintain control. It enables the company to take better account of its operation and become more compliant.<\/p>\n\n\n\n<p>A capacidade de lidar com mudan\u00e7as repentinas \u00e9 outro fator cr\u00edtico para o sucesso. As coisas sempre mudam. Podem surgir muitos obst\u00e1culos, especialmente na cadeia de abastecimento. Uma vez que consiga se adaptar a essas mudan\u00e7as, poder\u00e1 alcan\u00e7ar o sucesso.<\/p>\n\n\n\n<h2 class=\"wp-block-heading\">Sobre a pesquisa de mercado da cadeia de suprimentos<\/h2>\n\n\n\n<p>For best results, <a href=\"https:\/\/www.sisinternational.com\/pt\/empresa-lider-global-em-pesquisa-quantitativa-de-mercado\/\" title=\"Empresa l\u00edder global em pesquisa quantitativa de mercado\"  data-wpil-monitor-id=\"8647\">companies need to do Quantitative<\/a>, Qualitative, and Strategy Research. This research can be in the form of interviews, surveys, or focus groups.<\/p>\n\n\n\n<p>Supply <a href=\"https:\/\/www.sisinternational.com\/pt\/solucoes\/consultoria-em-hotelaria-e-turismo-em-viagens\/pesquisa-de-mercado-de-rede-hoteleira\/\" title=\"Pesquisa de mercado de cadeia hoteleira\"  data-wpil-monitor-id=\"3016\">Chain market research<\/a> is vital for businesses wishing to maximize profits. It provides insight into risks and ways to improve the process. These insights also help avoid losses.<\/p>\n\n\n\n<p><\/p>","protected":false},"excerpt":{"rendered":"<p>As cadeias de abastecimento desempenham um papel crucial nas economias dos pa\u00edses. Um maior crescimento do mercado ocorre em sociedades com cadeias de abastecimento bem desenvolvidas.<\/p>","protected":false},"author":1,"featured_media":63816,"parent":14567,"menu_order":24,"comment_status":"closed","ping_status":"closed","template":"","meta":{"footnotes":""},"class_list":["post-39617","page","type-page","status-publish","has-post-thumbnail"],"_links":{"self":[{"href":"https:\/\/www.sisinternational.com\/pt\/wp-json\/wp\/v2\/pages\/39617","targetHints":{"allow":["GET"]}}],"collection":[{"href":"https:\/\/www.sisinternational.com\/pt\/wp-json\/wp\/v2\/pages"}],"about":[{"href":"https:\/\/www.sisinternational.com\/pt\/wp-json\/wp\/v2\/types\/page"}],"author":[{"embeddable":true,"href":"https:\/\/www.sisinternational.com\/pt\/wp-json\/wp\/v2\/users\/1"}],"replies":[{"embeddable":true,"href":"https:\/\/www.sisinternational.com\/pt\/wp-json\/wp\/v2\/comments?post=39617"}],"version-history":[{"count":6,"href":"https:\/\/www.sisinternational.com\/pt\/wp-json\/wp\/v2\/pages\/39617\/revisions"}],"predecessor-version":[{"id":81449,"href":"https:\/\/www.sisinternational.com\/pt\/wp-json\/wp\/v2\/pages\/39617\/revisions\/81449"}],"up":[{"embeddable":true,"href":"https:\/\/www.sisinternational.com\/pt\/wp-json\/wp\/v2\/pages\/14567"}],"wp:featuredmedia":[{"embeddable":true,"href":"https:\/\/www.sisinternational.com\/pt\/wp-json\/wp\/v2\/media\/63816"}],"wp:attachment":[{"href":"https:\/\/www.sisinternational.com\/pt\/wp-json\/wp\/v2\/media?parent=39617"}],"curies":[{"name":"wp","href":"https:\/\/api.w.org\/{rel}","templated":true}]}}