{"id":39615,"date":"2021-12-31T01:13:59","date_gmt":"2021-12-31T01:13:59","guid":{"rendered":"https:\/\/www.sisinternational.com\/?page_id=39615"},"modified":"2026-01-26T17:04:46","modified_gmt":"2026-01-26T22:04:46","slug":"fornecimento-estrategico","status":"publish","type":"page","link":"https:\/\/www.sisinternational.com\/pt\/solucoes\/consultoria-estrategica\/fornecimento-estrategico\/","title":{"rendered":"Consultoria de Sourcing Estrat\u00e9gico"},"content":{"rendered":"<h1 class=\"wp-block-heading\">Consultoria de Sourcing Estrat\u00e9gico<\/h1>\n\n\n\n<figure class=\"gb-block-image gb-block-image-616ad5d3\"><img loading=\"lazy\" decoding=\"async\" width=\"1456\" height=\"816\" class=\"gb-image gb-image-616ad5d3\" src=\"https:\/\/www.sisinternational.com\/wp-content\/uploads\/2025\/08\/Strategy-consulting-25.jpg\" alt=\"Pesquisa e Estrat\u00e9gia de Mercado Internacional da SIS\" title=\"Strategy consulting (25)\" srcset=\"https:\/\/www.sisinternational.com\/wp-content\/uploads\/2025\/08\/Strategy-consulting-25.jpg 1456w, https:\/\/www.sisinternational.com\/wp-content\/uploads\/2025\/08\/Strategy-consulting-25-300x168.jpg 300w, https:\/\/www.sisinternational.com\/wp-content\/uploads\/2025\/08\/Strategy-consulting-25-1024x574.jpg 1024w, https:\/\/www.sisinternational.com\/wp-content\/uploads\/2025\/08\/Strategy-consulting-25-768x430.jpg 768w, https:\/\/www.sisinternational.com\/wp-content\/uploads\/2025\/08\/Strategy-consulting-25-18x10.jpg 18w\" sizes=\"auto, (max-width: 1456px) 100vw, 1456px\"><\/figure>\n\n\n\n<p><\/p>\n\n\n\n<h2 class=\"wp-block-heading\">O que \u00e9 Sourcing Estrat\u00e9gico?<\/h2>\n\n\n\n<p>O sourcing estrat\u00e9gico \u00e9 uma forma de reduzir custos em todas as formas de capital. Reduz os riscos atrav\u00e9s de uma melhor cadeia de abastecimento e aumenta os pre\u00e7os. Ele tamb\u00e9m tenta prever a visibilidade. Al\u00e9m disso, o sourcing estrat\u00e9gico leva em considera\u00e7\u00e3o aspectos como negocia\u00e7\u00f5es contratuais e a cadeia de suprimentos. Tamb\u00e9m analisa modelos de terceiriza\u00e7\u00e3o.<\/p>\n\n\n\n<p>Strategic sourcing is another way to connect your buying power with your strategy. It\u2019s not the same as regular sourcing. That model includes looking for a supplier based on external factors like price and region. Further, the collection of data and supplier estimates are part of the strategic sourcing process. The process enables <a href=\"https:\/\/www.sisinternational.com\/pt\/publicacoes\/pesquisa-de-mercado-de-negocios-escalaveis-7-maneiras-de-construir-um-negocio-escalavel\/\" title=\"Pesquisa de mercado de neg\u00f3cios escal\u00e1veis: 7 maneiras de construir um neg\u00f3cio escal\u00e1vel\"  data-wpil-monitor-id=\"9491\">businesses to build<\/a> a close bond with their suppliers. It also allows them to do checkups with <a href=\"https:\/\/www.sisinternational.com\/pt\/pericia\/industrias\/pesquisa-de-mercado-de-aprendizagem-profunda\/\" title=\"Pesquisa de mercado de aprendizagem profunda\"  data-wpil-monitor-id=\"9485\">deep market research<\/a>. These checkups measure performance and match exact sourcing needs.<\/p>\n\n\n\n<h2 class=\"wp-block-heading\">Por que a consultoria em Strategic Sourcing \u00e9 importante?<\/h2>\n\n\n\n<h3 class=\"wp-block-heading\">Parcerias com Fornecedores<\/h3>\n\n\n\n<p>Levar em conta o que os fornecedores s\u00e3o capazes de fazer abrir\u00e1 novos caminhos. Assim voc\u00ea pode construir la\u00e7os mais fortes com os fornecedores. Al\u00e9m disso, um fornecedor pode ter um impacto nas compras e nos pensamentos do cliente. No entanto, raramente s\u00e3o responsabilizados por quaisquer falhas ou preocupa\u00e7\u00f5es de qualidade que surjam. H\u00e1 um n\u00edvel mais alto de clareza com o sourcing estrat\u00e9gico. La\u00e7os mais pr\u00f3ximos permitem prazos de entrega mais r\u00e1pidos e mais consist\u00eancia, resultando em um produto\/servi\u00e7o de maior qualidade. Quando se trata de negocia\u00e7\u00f5es contratuais, tamb\u00e9m h\u00e1 mais margem de manobra. Ao vincular as prioridades do fornecedor e do comprador, o sourcing estrat\u00e9gico proporciona uma vantagem competitiva.<\/p>\n\n\n\n<h3 class=\"wp-block-heading\">Gest\u00e3o de Risco<\/h3>\n\n\n\n<p>O sourcing estrat\u00e9gico reduz o risco de fornecimento de formas que v\u00e3o al\u00e9m de uma verifica\u00e7\u00e3o legal. Na verdade, muitas empresas possuem um processo de pr\u00e9-avalia\u00e7\u00e3o para avaliar a situa\u00e7\u00e3o financeira de um fornecedor. Ainda assim, existem outros riscos a considerar.<\/p>\n\n\n\n<h3 class=\"wp-block-heading\">Reduzir o custo<\/h3>\n\n\n\n<p>Strategic sourcing can save your money in various ways and have a big impact on your bottom line. Another key point is that <a href=\"https:\/\/www.sisinternational.com\/pt\/solucoes\/pesquisa-de-consultoria-em-estrategia-fintech\/analise-de-custo-beneficio-pesquisa-de-mercado\/\" title=\"Pesquisa de mercado de an\u00e1lise de custo-benef\u00edcio\"  data-wpil-monitor-id=\"9489\">cost reduction yields direct benefits<\/a> and frees up resources. It enables you to build your firm and focus on profit.<\/p>\n\n\n\n<h2 class=\"wp-block-heading\">Cargo principal<\/h2>\n\n\n\n<h3 class=\"wp-block-heading\">Especialistas em Sourcing Estrat\u00e9gico<\/h3>\n\n\n\n<p>Strategic sourcing experts are in charge of a company\u2019s supply chain. They gather, study, and report data from the supply chain. Also, they keep track of costs and logistics, and assess supplier performance. Predicting <a href=\"https:\/\/www.sisinternational.com\/pt\/pericia\/industrias\/pesquisa-de-mercado-sobre-mudancas-climaticas\/\" title=\"Pesquisa de mercado sobre mudan\u00e7as clim\u00e1ticas\"  data-wpil-monitor-id=\"9487\">changes in market<\/a> trends is also part of their job.<\/p>\n\n\n\n<h3 class=\"wp-block-heading\">Por que as empresas precisam de fornecimento estrat\u00e9gico?<\/h3>\n\n\n\n<p>Firms can profit from strategic sourcing in various ways, the most obvious of which is cost savings. Businesses can be sure that they are always getting huge cost savings by using this method. It\u2019s an excellent means of sourcing suppliers. It also lets you <a href=\"https:\/\/www.sisinternational.com\/pt\/solucoes\/consultoria-estrategica\/estudos-de-dimensionamento-de-viabilidade-de-entrada-no-mercado\/\" title=\"Estudos de entrada no mercado, viabilidade e dimensionamento\"  data-wpil-monitor-id=\"9490\">study the shifting market<\/a>. It allows companies to align part sourcing with their business goals. This, in turn, boosts supply chain value and lowers the risk. What\u2019s more, you can match these business goals with the current best suppliers. Thus, you get high value at a low cost.<\/p>\n\n\n\n<h2 class=\"wp-block-heading\">Principais fatores de sucesso<\/h2>\n\n\n\n<p>\u00c9 vital impulsionar seu processo de sourcing estrat\u00e9gico. Aqui est\u00e3o as etapas cr\u00edticas para aprimorar o processo de sourcing estrat\u00e9gico:<\/p>\n\n\n\n<ul class=\"wp-block-list\">\n<li>Conhecendo \u00e1reas de gastos<\/li>\n\n\n\n<li><a href=\"https:\/\/www.sisinternational.com\/pt\/how-to-conduct-in-depth-interviews-for-market-insights\/\" title=\"Como conduzir entrevistas em profundidade para obter insights de mercado\"  data-wpil-monitor-id=\"9492\">Conducting a supply market<\/a> check<\/li>\n\n\n\n<li>Estudando sua estrat\u00e9gia atual<\/li>\n\n\n\n<li>Building a <a href=\"https:\/\/www.sisinternational.com\/pt\/solucoes\/sis-crescimento-global\/consultoria-em-planejamento-estrategico\/\" title=\"Consultoria em Planejamento Estrat\u00e9gico\"  data-wpil-monitor-id=\"6376\">strategic sourcing plan<\/a><\/li>\n\n\n\n<li>Escolhendo um fornecedor<\/li>\n\n\n\n<li>Iniciando o processo de RFQ<\/li>\n\n\n\n<li>Mantendo fortes os la\u00e7os com seus fornecedores<\/li>\n<\/ul>\n\n\n\n<h2 class=\"wp-block-heading\">Sobre Consultoria de Sourcing Estrat\u00e9gico<\/h2>\n\n\n\n<p>Qualitativo <a href=\"https:\/\/www.sisinternational.com\/pt\/dia-mundial-do-autismo\/\" title=\"Estudos de pesquisa de mercado sobre autismo\"  data-wpil-monitor-id=\"9488\">research aids in studying<\/a> buyer habits and shows the reasons for product buybacks. Quantitative research gives us facts and figures on your clients\u2019 buying patterns. Also, by doing strategy research, we help you save money and ensure your firm\u2019s growth. We also do live interviews and surveys. We also host focus groups, one of the most <a href=\"https:\/\/www.sisinternational.com\/pt\/how-to-conduct-effective-quantitative-market-research\/\" title=\"How to Conduct Effective Quantitative Market Research\"  data-wpil-monitor-id=\"9486\">effective market research<\/a> tools. This method is perfect for gathering in-depth information. Focus groups make clear the customers\u2019 actual points of view and ideas.<\/p>\n\n\n\n<p><\/p>","protected":false},"excerpt":{"rendered":"<p>A consultoria de sourcing estrat\u00e9gico reduz custos em todas as formas de capital. Reduz os riscos atrav\u00e9s de uma melhor cadeia de abastecimento e aumenta os pre\u00e7os.<\/p>","protected":false},"author":1,"featured_media":62559,"parent":14567,"menu_order":23,"comment_status":"closed","ping_status":"closed","template":"","meta":{"footnotes":""},"class_list":["post-39615","page","type-page","status-publish","has-post-thumbnail"],"_links":{"self":[{"href":"https:\/\/www.sisinternational.com\/pt\/wp-json\/wp\/v2\/pages\/39615","targetHints":{"allow":["GET"]}}],"collection":[{"href":"https:\/\/www.sisinternational.com\/pt\/wp-json\/wp\/v2\/pages"}],"about":[{"href":"https:\/\/www.sisinternational.com\/pt\/wp-json\/wp\/v2\/types\/page"}],"author":[{"embeddable":true,"href":"https:\/\/www.sisinternational.com\/pt\/wp-json\/wp\/v2\/users\/1"}],"replies":[{"embeddable":true,"href":"https:\/\/www.sisinternational.com\/pt\/wp-json\/wp\/v2\/comments?post=39615"}],"version-history":[{"count":6,"href":"https:\/\/www.sisinternational.com\/pt\/wp-json\/wp\/v2\/pages\/39615\/revisions"}],"predecessor-version":[{"id":81584,"href":"https:\/\/www.sisinternational.com\/pt\/wp-json\/wp\/v2\/pages\/39615\/revisions\/81584"}],"up":[{"embeddable":true,"href":"https:\/\/www.sisinternational.com\/pt\/wp-json\/wp\/v2\/pages\/14567"}],"wp:featuredmedia":[{"embeddable":true,"href":"https:\/\/www.sisinternational.com\/pt\/wp-json\/wp\/v2\/media\/62559"}],"wp:attachment":[{"href":"https:\/\/www.sisinternational.com\/pt\/wp-json\/wp\/v2\/media?parent=39615"}],"curies":[{"name":"wp","href":"https:\/\/api.w.org\/{rel}","templated":true}]}}