{"id":39613,"date":"2021-12-31T01:10:49","date_gmt":"2021-12-31T01:10:49","guid":{"rendered":"https:\/\/www.sisinternational.com\/?page_id=39613"},"modified":"2026-01-27T16:32:52","modified_gmt":"2026-01-27T21:32:52","slug":"pesquisa-de-mercado-de-mapeamento-de-oportunidades","status":"publish","type":"page","link":"https:\/\/www.sisinternational.com\/pt\/solucoes\/consultoria-estrategica\/pesquisa-de-mercado-de-mapeamento-de-oportunidades\/","title":{"rendered":"Pesquisa de mercado de mapeamento de oportunidades"},"content":{"rendered":"<h1 class=\"wp-block-heading\">Pesquisa de mercado de mapeamento de oportunidades<\/h1>\n\n\n\n<figure class=\"gb-block-image gb-block-image-d7f4c654\"><img loading=\"lazy\" decoding=\"async\" width=\"1456\" height=\"816\" class=\"gb-image gb-image-d7f4c654\" src=\"https:\/\/www.sisinternational.com\/wp-content\/uploads\/2025\/08\/Desk-research-33.jpg\" alt=\"Pesquisa e Estrat\u00e9gia de Mercado Internacional da SIS\" title=\"Desk research 33\" srcset=\"https:\/\/www.sisinternational.com\/wp-content\/uploads\/2025\/08\/Desk-research-33.jpg 1456w, https:\/\/www.sisinternational.com\/wp-content\/uploads\/2025\/08\/Desk-research-33-300x168.jpg 300w, https:\/\/www.sisinternational.com\/wp-content\/uploads\/2025\/08\/Desk-research-33-1024x574.jpg 1024w, https:\/\/www.sisinternational.com\/wp-content\/uploads\/2025\/08\/Desk-research-33-768x430.jpg 768w, https:\/\/www.sisinternational.com\/wp-content\/uploads\/2025\/08\/Desk-research-33-18x10.jpg 18w\" sizes=\"auto, (max-width: 1456px) 100vw, 1456px\"><\/figure>\n\n\n\n<p><\/p>\n\n\n\n<p><span style=\"font-weight: 400;\">Voc\u00ea j\u00e1 se perguntou como as empresas identificam e aproveitam novas oportunidades em um cen\u00e1rio de mercado em constante evolu\u00e7\u00e3o? A pesquisa de mercado de mapeamento de oportunidades \u00e9 a chave para desbloquear esse potencial. <\/span><\/p>\n\n\n\n<h2 class=\"wp-block-heading\">O que \u00e9 mapeamento de oportunidades?<\/h2>\n\n\n\n<p><span style=\"font-weight: 400;\">A pesquisa de mercado de mapeamento de oportunidades \u00e9 uma abordagem estrat\u00e9gica que combina v\u00e1rias t\u00e9cnicas anal\u00edticas para identificar \u00e1reas potenciais para crescimento e desenvolvimento de neg\u00f3cios. Este m\u00e9todo envolve a an\u00e1lise de dados de mercado, comportamentos do consumidor, tend\u00eancias do setor e cen\u00e1rios competitivos para identificar segmentos de mercado inexplorados ou subexplorados.<\/span><\/p>\n\n\n\n<p><span style=\"font-weight: 400;\">\u00c9 tudo uma quest\u00e3o de compreender os que s\u00e3o mal atendidos ou completamente inexplorados pelas empresas existentes. \u00c9 um processo que vai al\u00e9m dos m\u00e9todos tradicionais de pesquisa de mercado, que muitas vezes se concentram na satisfa\u00e7\u00e3o atual do cliente e no desempenho do produto. Em vez disso, esta abordagem procura proativamente novos caminhos para inova\u00e7\u00e3o e expans\u00e3o.<\/span><\/p>\n\n\n\n<p><span style=\"font-weight: 400;\">Este tipo de pesquisa de mercado normalmente inclui uma an\u00e1lise completa de fatores internos e externos. Internamente, examina os pontos fortes, fracos e capacidades \u00fanicas de uma empresa. Externamente, analisa a din\u00e2mica do mercado, as tend\u00eancias emergentes, os avan\u00e7os tecnol\u00f3gicos e as mudan\u00e7as nas prefer\u00eancias dos consumidores. Este foco duplo permite que as empresas alinhem os seus recursos e compet\u00eancias internas com oportunidades externas.<\/span><\/p>\n\n\n\n<h2 class=\"wp-block-heading\">Por que o mapeamento de oportunidades \u00e9 importante?<\/h2>\n\n\n\n<p>Para prosperar, voc\u00ea precisa ser capaz de ver o que o mercado precisa. Voc\u00ea tamb\u00e9m deve estar \u00e0 frente da multid\u00e3o e atender \u00e0s necessidades dos clientes antes que seus concorrentes o fa\u00e7am. Quando uma empresa tem um objetivo que gostaria de alcan\u00e7ar, saber como alcan\u00e7\u00e1-lo \u00e9 fundamental. O mapeamento de oportunidades permite que essas coisas aconte\u00e7am, e aconte\u00e7am bem. Ajuda as empresas a ver as melhores maneiras de atingir os objetivos que gostariam de alcan\u00e7ar. Isso ajuda a tornar o neg\u00f3cio um sucesso. Tamb\u00e9m ajuda a manter-se \u00e0 frente do mercado, mantendo clientes antigos satisfeitos e conquistando novos.<\/p>\n\n\n\n<p><span style=\"font-weight: 400;\">Opportunity <a href=\"https:\/\/www.sisinternational.com\/pt\/pericia\/industrias\/pesquisa-de-mercado-com-mapa-de-calor\/\" title=\"Pesquisa de mercado com mapa de calor\"  data-wpil-monitor-id=\"3101\">mapping market research<\/a> helps businesses identify emerging trends and unmet consumer needs. Moreover, this research methodology aids in risk mitigation because by analyzing market trends and forecasting future scenarios, businesses can make more informed decisions and avoid costly mistakes. It also helps in identifying potential roadblocks and market shifts that could impact business operations, allowing companies to develop contingency plans and adapt their strategies accordingly.<\/span><\/p>\n\n\n\n<h2 class=\"wp-block-heading\">Ent\u00e3o\u2026 Por que as empresas precisam de mapeamento de oportunidades?<\/h2>\n\n\n\n<p>As empresas precisam sobreviver aos altos e baixos do mercado. Sua sobreviv\u00eancia envolve assumir riscos e, ao mesmo tempo, manter os clientes satisfeitos. Consiste tamb\u00e9m em cumprir as metas que o neg\u00f3cio estabelece. As empresas precisam de planos detalhados das oportunidades existentes.<\/p>\n\n\n\n<p>Esses planos ajudam a gui\u00e1-los para o sucesso. Sem mapeamento de oportunidades, as empresas t\u00eam que passar por tentativa e erro. Esse caminho leva ao desperd\u00edcio de dinheiro, recursos e tempo. Eles tamb\u00e9m sentir\u00e3o falta de boas maneiras de atingir seus objetivos que n\u00e3o s\u00e3o \u00f3bvias a olho nu. Um bom neg\u00f3cio precisa saber o que est\u00e1 acontecendo no mercado ao seu redor. N\u00e3o pode deixar as coisas ao acaso, por isso precisa desta estrat\u00e9gia.<\/p>\n\n\n\n<h2 class=\"wp-block-heading\"><span style=\"font-weight: 400;\"><strong>Benef\u00edcios da pesquisa de mercado de mapeamento de oportunidades<\/strong><\/span><\/h2>\n\n\n\n<figure class=\"gb-block-image gb-block-image-a23eba56\"><img loading=\"lazy\" decoding=\"async\" width=\"1456\" height=\"816\" class=\"gb-image gb-image-a23eba56\" src=\"https:\/\/www.sisinternational.com\/wp-content\/uploads\/2025\/08\/Desk-research-7.jpg\" alt=\"Pesquisa e Estrat\u00e9gia de Mercado Internacional da SIS\" title=\"Desk research (7)\" srcset=\"https:\/\/www.sisinternational.com\/wp-content\/uploads\/2025\/08\/Desk-research-7.jpg 1456w, https:\/\/www.sisinternational.com\/wp-content\/uploads\/2025\/08\/Desk-research-7-300x168.jpg 300w, https:\/\/www.sisinternational.com\/wp-content\/uploads\/2025\/08\/Desk-research-7-1024x574.jpg 1024w, https:\/\/www.sisinternational.com\/wp-content\/uploads\/2025\/08\/Desk-research-7-768x430.jpg 768w, https:\/\/www.sisinternational.com\/wp-content\/uploads\/2025\/08\/Desk-research-7-18x10.jpg 18w\" sizes=\"auto, (max-width: 1456px) 100vw, 1456px\"><\/figure>\n\n\n\n<p><\/p>\n\n\n\n<p><span style=\"font-weight: 400;\"><a href=\"https:\/\/www.sisinternational.com\/pt\/o-mercado-africano-em-mudanca\/\" title=\"Pesquisa de oportunidades de mercado em \u00c1frica\"  data-wpil-monitor-id=\"7244\">Opportunity mapping market research<\/a> offers several benefits that can significantly enhance a business&#8217;s potential for growth and success. These benefits span various dimensions of business operations and strategic planning, making it a vital tool for companies looking to thrive in competitive markets.<\/span><\/p>\n\n\n\n<p><b>\u2022 Identifica\u00e7\u00e3o de mercados inexplorados: <\/b><span style=\"font-weight: 400;\">Um dos principais benef\u00edcios da pesquisa de mercado de mapeamento de oportunidades \u00e9 a sua capacidade de revelar segmentos de mercado inexplorados. Ao identificar estes \u201cespa\u00e7os em branco\u201d, as empresas podem explorar novas \u00e1reas de expans\u00e3o, conduzindo potencialmente a um aumento da quota de mercado e dos fluxos de receitas.<\/span><\/p>\n\n\n\n<p><b>\u2022 Inova\u00e7\u00e3o e Desenvolvimento de Produtos:<\/b><span style=\"font-weight: 400;\"> Ao compreender as tend\u00eancias emergentes e as necessidades n\u00e3o satisfeitas dos clientes, as empresas podem concentrar os seus esfor\u00e7os de inova\u00e7\u00e3o e desenvolvimento de produtos de forma mais eficaz.<\/span><\/p>\n\n\n\n<p><b>\u2022 Vantagem competitiva:<\/b><span style=\"font-weight: 400;\"> Businesses that engage in <a href=\"https:\/\/www.sisinternational.com\/pt\/dia-dos-namorados-como-sua-empresa-pode-sentir-o-amor\/\" title=\"Pesquisa de mercado do Dia dos Namorados: como sua empresa pode sentir o amor\"  data-wpil-monitor-id=\"7393\">pesquisa de mercado de mapeamento de oportunidades<\/a> often gain a competitive edge. This approach allows them to be proactive rather than reactive, positioning them as market leaders rather than followers.<\/span><\/p>\n\n\n\n<p><b>\u2022 Alinhamento Estrat\u00e9gico e Otimiza\u00e7\u00e3o de Recursos: <\/b><span style=\"font-weight: 400;\">Essa metodologia de pesquisa auxilia no alinhamento da estrat\u00e9gia da empresa com as oportunidades de mercado. Ao compreender onde est\u00e3o as maiores oportunidades, as empresas podem otimizar a aloca\u00e7\u00e3o de recursos, concentrando tempo, esfor\u00e7o e investimento em \u00e1reas que oferecem o maior retorno.<\/span><\/p>\n\n\n\n<h2 class=\"wp-block-heading\"><span style=\"font-weight: 400;\"><strong>Quando realizar pesquisas de mercado de mapeamento de oportunidades?<\/strong><\/span><\/h2>\n\n\n\n<p><span style=\"font-weight: 400;\">Determinar o momento certo para realizar a Pesquisa de Mercado de Mapeamento de Oportunidades \u00e9 crucial para maximizar sua efic\u00e1cia. Embora a necessidade desta investiga\u00e7\u00e3o possa variar dependendo do neg\u00f3cio e da ind\u00fastria, existem certos cen\u00e1rios em que a sua aplica\u00e7\u00e3o \u00e9 particularmente ben\u00e9fica.<\/span><\/p>\n\n\n\n<p><b>\u2022 Antes de lan\u00e7ar um novo produto ou servi\u00e7o:<\/b> Antes de introduzir um novo produto ou servi\u00e7o no mercado, \u00e9 essencial compreender as potenciais oportunidades e desafios. A pesquisa de mercado de mapeamento de oportunidades pode identificar lacunas no mercado, prever a resposta do consumidor e ajudar a refinar o produto para melhor atender \u00e0s necessidades do cliente.<\/p>\n\n\n\n<p><b>\u2022 Durante o Planejamento Estrat\u00e9gico:<\/b><span style=\"font-weight: 400;\"> Ao desenvolver ou revisar uma estrat\u00e9gia de neg\u00f3cios, esta pesquisa pode fornecer informa\u00e7\u00f5es valiosas. Ajuda a alinhar a estrat\u00e9gia do neg\u00f3cio com as oportunidades de mercado, garantindo que a empresa se concentre nas \u00e1reas mais lucrativas e promissoras.<\/span><\/p>\n\n\n\n<p><b>\u2022 Ao entrar em novos mercados: <\/b>Expanding into new geographical or demographic markets is a significant move that requires careful <a href=\"https:\/\/www.sisinternational.com\/pt\/pericia\/industrias\/pesquisa-de-mercado-de-semicondutores\/\" title=\"Pesquisa de mercado de semicondutores\"  data-wpil-monitor-id=\"4913\">pesquisar<\/a>. Research can reveal the nuances of these new markets, providing a clearer picture of the opportunities and risks involved.<\/span><\/p>\n\n\n\n<p><b>\u2022 Para An\u00e1lise Competitiva: <\/b><span style=\"font-weight: 400;\">A pesquisa de mercado de mapeamento de oportunidades ajuda a identificar \u00e1reas onde os concorrentes n\u00e3o atendem efetivamente o mercado, revelando oportunidades de diferencia\u00e7\u00e3o e vantagem competitiva.<\/span><\/p>\n\n\n\n<p><b>\u2022 Ao enfrentar o crescimento estagnado:<\/b><span style=\"font-weight: 400;\"> Se uma empresa estiver a registar um crescimento estagnado ou um decl\u00ednio nas vendas, esta investiga\u00e7\u00e3o pode identificar novas \u00e1reas de expans\u00e3o ou melhoria, ajudando a revigorar o neg\u00f3cio.<\/span><\/p>\n\n\n\n<p><b>\u2022 Ao procurar investimento: <\/b><span style=\"font-weight: 400;\">Para as empresas que procuram atrair investidores, esta investiga\u00e7\u00e3o pode fornecer provas convincentes de potenciais oportunidades de crescimento, tornando o neg\u00f3cio mais atraente para potenciais investidores.<\/span><\/p>\n\n\n\n<h2 class=\"wp-block-heading\"><span style=\"font-weight: 400;\"><strong>Oportunidades em pesquisa de mercado de mapeamento de oportunidades<\/strong><\/span><\/h2>\n\n\n\n<p><span style=\"font-weight: 400;\">O cen\u00e1rio da pesquisa de mercado de mapeamento de oportunidades apresenta in\u00fameras oportunidades para empresas em v\u00e1rios setores. Ao aproveitar eficazmente esta investiga\u00e7\u00e3o, as empresas podem descobrir novas \u00e1reas de crescimento, inovar os seus produtos e servi\u00e7os e manter-se \u00e0 frente da concorr\u00eancia. Aqui est\u00e3o algumas das principais oportunidades que esta pesquisa de mercado abre para as empresas:<\/span><\/p>\n\n\n\n<p><b>\u2022 Inova\u00e7\u00e3o e Desenvolvimento de Produtos: <\/b><span style=\"font-weight: 400;\">Uma das oportunidades mais significativas reside na \u00e1rea da inova\u00e7\u00e3o de produtos e servi\u00e7os. A pesquisa de mercado pode revelar lacunas no mercado, permitindo que as empresas desenvolvam novos produtos ou aprimorem os existentes para atender \u00e0s necessidades insatisfeitas dos clientes.<\/span><\/p>\n\n\n\n<p><b>\u2022 Expans\u00e3o do Mercado: <\/b>This research can identify <a href=\"https:\/\/www.sisinternational.com\/pt\/cobertura\/as-americas\/pesquisa-de-mercado-na-america-latina\/pesquisa-de-mercado-costa-rica\/\" title=\"Pesquisa de mercado na Costa Rica\"  data-wpil-monitor-id=\"4935\">oportunidades<\/a> for businesses to expand into new markets or segments.<\/span><\/p>\n\n\n\n<p><b>\u2022 Experi\u00eancia aprimorada do cliente: <\/b><span style=\"font-weight: 400;\">Ao compreender mais profundamente as necessidades e prefer\u00eancias dos clientes, as empresas podem adaptar suas ofertas para aumentar a satisfa\u00e7\u00e3o e a fidelidade do cliente.<\/span><\/p>\n\n\n\n<p><b>\u2022 Vantagem competitiva: <\/b><span style=\"font-weight: 400;\">A identifica\u00e7\u00e3o precoce de novas oportunidades permite que as empresas atuem antes dos seus concorrentes, dando-lhes uma vantagem de serem os pioneiros.<\/span><\/p>\n\n\n\n<p><b>\u2022 Adaptabilidade \u00e0s Mudan\u00e7as do Mercado:<\/b><span style=\"font-weight: 400;\"> Esse tipo de pesquisa de mercado ajuda as empresas a se tornarem mais adapt\u00e1veis e receptivas \u00e0s mudan\u00e7as do mercado. Ao monitorizar continuamente as tend\u00eancias do mercado e os comportamentos dos consumidores, as empresas podem ajustar rapidamente as suas estrat\u00e9gias em resposta a oportunidades ou amea\u00e7as emergentes.<\/span><\/p>\n\n\n\n<p><b>\u2022 Tomada de decis\u00e3o baseada em dados: <\/b><span style=\"font-weight: 400;\">Opportunity mapping and <\/span>market research equip<span style=\"font-weight: 400;\"> businesses with data-driven insights, enhancing the decision-making process. Companies can make more informed strategic choices, reducing risks and increasing the likelihood of success.<\/span><\/p>\n\n\n\n<h2 class=\"wp-block-heading\"><span style=\"font-weight: 400;\"><strong>Desafios da pesquisa de mercado de mapeamento de oportunidades<\/strong><\/span><\/h2>\n\n\n\n<p><span style=\"font-weight: 400;\"><a href=\"https:\/\/www.sisinternational.com\/pt\/o-tesouro-de-dados-de-redes-sociais-para-pesquisadores-de-marketing\/\" title=\"Pesquisa de mercado de redes sociais: oportunidades e desafios\"  data-wpil-monitor-id=\"2701\">Opportunity mapping market research has some challenges<\/a> that businesses need to navigate. Here are some of the key challenges:<\/span><\/p>\n\n\n\n<p><b>\u2022 Din\u00e2mica de mercado em r\u00e1pida mudan\u00e7a: <\/b><span style=\"font-weight: 400;\">A natureza acelerada dos mercados modernos significa que as oportunidades identificadas hoje podem tornar-se obsoletas amanh\u00e3. Acompanhar essas mudan\u00e7as r\u00e1pidas e atualizar continuamente as pesquisas pode ser uma tarefa dif\u00edcil para as empresas.<\/span><\/p>\n\n\n\n<p><b>\u2022 Precis\u00e3o e Confiabilidade dos Dados:<\/b><span style=\"font-weight: 400;\"> Garantir a precis\u00e3o e a fiabilidade dos dados recolhidos \u00e9 outro desafio. Dados imprecisos ou tendenciosos podem levar a estrat\u00e9gias equivocadas e decis\u00f5es de neg\u00f3cios inadequadas.<\/span><\/p>\n\n\n\n<p><b>\u2022 Risco de m\u00e1 interpreta\u00e7\u00e3o: <\/b><span style=\"font-weight: 400;\">Existe sempre o risco de interpretar mal os dados ou tend\u00eancias, o que pode levar \u00e0 procura de oportunidades erradas. Isto enfatiza a necessidade de analistas qualificados que possam interpretar com precis\u00e3o os resultados da pesquisa de mercado.<\/span><\/p>\n\n\n\n<p><b>\u2022 Manter um equil\u00edbrio entre as opera\u00e7\u00f5es atuais e as novas oportunidades:<\/b><span style=\"font-weight: 400;\"> As empresas devem encontrar um equil\u00edbrio entre capitalizar novas oportunidades e manter as suas opera\u00e7\u00f5es principais. A \u00eanfase excessiva em qualquer um dos aspectos pode levar \u00e0 perda de oportunidades ou a inefici\u00eancias operacionais.<\/span><\/p>\n\n\n\n<h2 class=\"wp-block-heading\">Principais cargos<\/h2>\n\n\n\n<p>O mapeamento de oportunidades \u00e9 uma \u00e1rea bastante espec\u00edfica. Ainda assim, existem alguns empregos na \u00e1rea. Muitos desses empregos exigem um diploma de bacharel em marketing, pesquisa ou an\u00e1lise. Algumas outras \u00e1reas relacionadas s\u00e3o estat\u00edstica, economia, neg\u00f3cios e TI. As principais carreiras incluem:<\/p>\n\n\n\n<ul class=\"wp-block-list\">\n<li>Analista de Pesquisa de Mercado<\/li>\n\n\n\n<li>Analista de marketing<\/li>\n\n\n\n<li>Analista de informa\u00e7\u00f5es<\/li>\n\n\n\n<li>Cientista de Dados<\/li>\n<\/ul>\n\n\n\n<h2 class=\"wp-block-heading\">Principais fatores de sucesso<\/h2>\n\n\n\n<p>Para que o mapeamento de oportunidades seja bem-sucedido, ele deve ser preciso. \u00c9 vital fazer as perguntas certas. S\u00f3 ent\u00e3o voc\u00ea poder\u00e1 obter as respostas que a empresa precisa.<\/p>\n\n\n\n<p>Outra chave para o sucesso \u00e9 saber exatamente para onde o neg\u00f3cio deve se dirigir. Com objetivos bem definidos, \u00e9 poss\u00edvel identificar os melhores prospects. A an\u00e1lise tamb\u00e9m precisa ser capaz de compreender a base de clientes.<\/p>\n\n\n\n<p>O \u00faltimo fator chave \u00e9 uma equipe forte. Essa equipe deve ser formada por pessoas bem versadas em seu setor. O campo exige pessoas qualificadas, de mente aberta e completas. Voc\u00ea pode ter o mapeamento de oportunidades como parte do seu departamento de neg\u00f3cios. Voc\u00ea tamb\u00e9m pode contratar consultores quando necess\u00e1rio para realizar uma an\u00e1lise. Um bom momento para encontrar oportunidades tamb\u00e9m \u00e9 essencial para o sucesso.<\/p>\n\n\n\n<h2 class=\"wp-block-heading\">Sobre o mapeamento de oportunidades<\/h2>\n\n\n\n<p>O mapeamento de oportunidades envolve muita pesquisa, incluindo pesquisas qualitativas, quantitativas e estrat\u00e9gicas. Esses m\u00e9todos oferecem diferentes maneiras de compreender o mercado, os clientes e os concorrentes. A pesquisa qualitativa \u00e9 aprofundada, enquanto a quantitativa fornece estat\u00edsticas e dados ricos. Este \u00faltimo pode assumir a forma de entrevistas, pesquisas e grupos focais. Tamb\u00e9m pode usar testes de campo e observa\u00e7\u00e3o.<\/p>\n\n\n\n<p><\/p>","protected":false},"excerpt":{"rendered":"<p>Descubra a pesquisa de mapeamento de oportunidades da SIS International, que fornece insights estrat\u00e9gicos para explora\u00e7\u00e3o de mercado e tomada de decis\u00e3o informada em diversos cen\u00e1rios de neg\u00f3cios.<\/p>","protected":false},"author":1,"featured_media":62811,"parent":14567,"menu_order":22,"comment_status":"closed","ping_status":"closed","template":"","meta":{"footnotes":""},"class_list":["post-39613","page","type-page","status-publish","has-post-thumbnail"],"_links":{"self":[{"href":"https:\/\/www.sisinternational.com\/pt\/wp-json\/wp\/v2\/pages\/39613","targetHints":{"allow":["GET"]}}],"collection":[{"href":"https:\/\/www.sisinternational.com\/pt\/wp-json\/wp\/v2\/pages"}],"about":[{"href":"https:\/\/www.sisinternational.com\/pt\/wp-json\/wp\/v2\/types\/page"}],"author":[{"embeddable":true,"href":"https:\/\/www.sisinternational.com\/pt\/wp-json\/wp\/v2\/users\/1"}],"replies":[{"embeddable":true,"href":"https:\/\/www.sisinternational.com\/pt\/wp-json\/wp\/v2\/comments?post=39613"}],"version-history":[{"count":9,"href":"https:\/\/www.sisinternational.com\/pt\/wp-json\/wp\/v2\/pages\/39613\/revisions"}],"predecessor-version":[{"id":81036,"href":"https:\/\/www.sisinternational.com\/pt\/wp-json\/wp\/v2\/pages\/39613\/revisions\/81036"}],"up":[{"embeddable":true,"href":"https:\/\/www.sisinternational.com\/pt\/wp-json\/wp\/v2\/pages\/14567"}],"wp:featuredmedia":[{"embeddable":true,"href":"https:\/\/www.sisinternational.com\/pt\/wp-json\/wp\/v2\/media\/62811"}],"wp:attachment":[{"href":"https:\/\/www.sisinternational.com\/pt\/wp-json\/wp\/v2\/media?parent=39613"}],"curies":[{"name":"wp","href":"https:\/\/api.w.org\/{rel}","templated":true}]}}