{"id":39611,"date":"2021-12-31T01:07:20","date_gmt":"2021-12-31T01:07:20","guid":{"rendered":"https:\/\/www.sisinternational.com\/?page_id=39611"},"modified":"2026-01-24T16:45:15","modified_gmt":"2026-01-24T21:45:15","slug":"pesquisa-de-mercado-para-lancamento-de-novos-produtos","status":"publish","type":"page","link":"https:\/\/www.sisinternational.com\/pt\/solucoes\/consultoria-estrategica\/pesquisa-de-mercado-para-lancamento-de-novos-produtos\/","title":{"rendered":"Pesquisa de lan\u00e7amento de novos produtos"},"content":{"rendered":"<h1 class=\"wp-block-heading\">Pesquisa de lan\u00e7amento de novos produtos<\/h1>\n\n\n\n<figure class=\"gb-block-image gb-block-image-8929a944\"><img loading=\"lazy\" decoding=\"async\" width=\"1456\" height=\"816\" class=\"gb-image gb-image-8929a944\" src=\"https:\/\/www.sisinternational.com\/wp-content\/uploads\/2025\/08\/Product-testing-2.jpg\" alt=\"Pesquisa e Estrat\u00e9gia de Mercado Internacional da SIS\" title=\"Product testing (2)\" srcset=\"https:\/\/www.sisinternational.com\/wp-content\/uploads\/2025\/08\/Product-testing-2.jpg 1456w, https:\/\/www.sisinternational.com\/wp-content\/uploads\/2025\/08\/Product-testing-2-300x168.jpg 300w, https:\/\/www.sisinternational.com\/wp-content\/uploads\/2025\/08\/Product-testing-2-1024x574.jpg 1024w, https:\/\/www.sisinternational.com\/wp-content\/uploads\/2025\/08\/Product-testing-2-768x430.jpg 768w, https:\/\/www.sisinternational.com\/wp-content\/uploads\/2025\/08\/Product-testing-2-18x10.jpg 18w\" sizes=\"auto, (max-width: 1456px) 100vw, 1456px\"><\/figure>\n\n\n\n<p><\/p>\n\n\n\n<p>A pesquisa de mercado de lan\u00e7amento de novos produtos visa descobrir oportunidades para o desenvolvimento de novos produtos. Determina se vale a pena transformar suas ideias de produtos em realidade. Se valer a pena faz\u00ea-lo, ele lhe dir\u00e1 como faz\u00ea-lo melhor. N\u00e3o \u00e9 apenas o que seus rivais est\u00e3o fazendo, mas se o seu p\u00fablico-alvo est\u00e1 disposto a gastar dinheiro com voc\u00ea.<\/p>\n\n\n\n<p>O lan\u00e7amento de um produto traz um novo item ou servi\u00e7o ao mercado. Isso garante que toda a sua equipe e clientes-alvo conhe\u00e7am seu novo produto.<\/p>\n\n\n\n<h2 class=\"wp-block-heading\">O que \u00e9 pesquisa de mercado de introdu\u00e7\u00e3o de novos produtos?<\/h2>\n\n\n\n<p><span style=\"font-weight: 400;\">A pesquisa de mercado de introdu\u00e7\u00e3o de novos produtos serve como uma b\u00fassola estrat\u00e9gica para empresas que embarcam no lan\u00e7amento de um novo produto. Ele re\u00fane insights acion\u00e1veis e avalia a viabilidade do mercado antes que um produto chegue \u00e0s prateleiras. Atrav\u00e9s da recolha e an\u00e1lise meticulosa de dados, as empresas obt\u00eam uma compreens\u00e3o mais profunda do seu mercado-alvo, do cen\u00e1rio competitivo e dos potenciais desafios que podem encontrar ao longo do caminho. Ao aproveitar estes conhecimentos, as empresas podem tomar decis\u00f5es informadas em cada fase do processo de desenvolvimento do produto, desde a conceptualiza\u00e7\u00e3o at\u00e9 \u00e0 comercializa\u00e7\u00e3o, maximizando, em \u00faltima an\u00e1lise, as suas hip\u00f3teses de sucesso num mercado em r\u00e1pida evolu\u00e7\u00e3o.<\/span><\/p>\n\n\n\n<h2 class=\"wp-block-heading\">Por que as empresas precisam de pesquisas de mercado para introdu\u00e7\u00e3o de novos produtos?<\/h2>\n\n\n\n<p><span style=\"font-weight: 400;\">As empresas recorrem \u00e0 pesquisa de mercado para introdu\u00e7\u00e3o de novos produtos por v\u00e1rios motivos convincentes. \u00c9 uma ferramenta cr\u00edtica de mitiga\u00e7\u00e3o de riscos, permitindo \u00e0s empresas avaliar a procura do mercado e identificar potenciais obst\u00e1culos antes de investir recursos significativos no desenvolvimento e lan\u00e7amento de produtos.&nbsp;<\/span><\/p>\n\n\n\n<p><span style=\"font-weight: 400;\">Moreover, this <a href=\"https:\/\/www.sisinternational.com\/pt\/pericia\/industrias\/o-que-e-equipamento-de-perfuracao-e-extracao\/\" title=\"Pesquisa de mercado de equipamentos de perfura\u00e7\u00e3o e extra\u00e7\u00e3o\"  data-wpil-monitor-id=\"10275\">market research equips<\/a> businesses with critical findings into the competitive landscape. With this competitive intelligence, companies can fine-tune their product features, pricing strategies, and marketing tactics to gain a competitive edge and capture market share.<\/span><\/p>\n\n\n\n<p><span style=\"font-weight: 400;\">Additionally, new product introduction <a href=\"https:\/\/www.sisinternational.com\/pt\/solucoes\/consultoria-estrategica\/consultoria-em-estrategia-de-pesquisa-de-mercado-de-capacitacao-de-vendas\/\" title=\"Pesquisa de mercado e consultoria estrat\u00e9gica para capacita\u00e7\u00e3o de vendas\"  data-wpil-monitor-id=\"10270\">market research enables<\/a> businesses to optimize resource allocation and investment decisions. This ensures that resources are allocated efficiently and effectively, maximizing ROI and minimizing the risk of overinvestment or underperformance. However, it brings some other benefits, including:<\/span><\/p>\n\n\n\n<ul class=\"wp-block-list\">\n<li><b>Valida\u00e7\u00e3o de Mercado<\/b>: <a href=\"https:\/\/www.sisinternational.com\/pt\/how-to-conduct-effective-quantitative-market-research\/\" title=\"How to Conduct Effective Quantitative Market Research\"  data-wpil-monitor-id=\"10276\">Realiza\u00e7\u00e3o de pesquisas de mercado<\/a> helps validate the demand for a new product before investing significant resources in its development and launch.&nbsp;<\/span><\/li>\n\n\n\n<li><b>Mitiga\u00e7\u00e3o de riscos<\/b><span style=\"font-weight: 400;\">: permite que as empresas identifiquem potenciais obst\u00e1culos e desafios no in\u00edcio do processo de desenvolvimento de produtos, permitindo-lhes mitigar riscos e evitar erros dispendiosos.&nbsp;<\/span><\/li>\n\n\n\n<li><b>Percep\u00e7\u00f5es dos clientes<\/b><span style=\"font-weight: 400;\">: as empresas obt\u00eam informa\u00e7\u00f5es valiosas sobre as necessidades, prefer\u00eancias e pontos problem\u00e1ticos dos clientes por meio de pesquisas com consumidores, grupos focais e outros m\u00e9todos de pesquisa.&nbsp;<\/span><\/li>\n\n\n\n<li><b>Vantagem competitiva<\/b><span style=\"font-weight: 400;\">: Ao analisar as ofertas, o posicionamento de mercado e as estrat\u00e9gias de marketing dos concorrentes, as empresas podem identificar lacunas no mercado e oportunidades para diferenciar eficazmente os seus produtos.&nbsp;<\/span><\/li>\n\n\n\n<li><b>Estrat\u00e9gias de marketing otimizadas<\/b><span style=\"font-weight: 400;\">: a pesquisa de mercado ajuda as empresas a desenvolver estrat\u00e9gias de marketing direcionadas que repercutam em seu p\u00fablico-alvo e gerem engajamento.&nbsp;<\/span><\/li>\n<\/ul>\n\n\n\n<h2 class=\"wp-block-heading\">Principais cargos<\/h2>\n\n\n\n<ul class=\"wp-block-list\">\n<li>Diretor de pesquisa de mercado<\/li>\n\n\n\n<li>Assistente de pesquisa qualitativa<\/li>\n\n\n\n<li>An\u00e1lises intuitivas<\/li>\n\n\n\n<li><a class=\"wpil_keyword_link\" href=\"https:\/\/www.sisinternational.com\/pt\/pericia\/industrias\/pesquisa-de-produto\/\"   title=\"Pesquisa de produto\" data-wpil-keyword-link=\"linked\"  data-wpil-monitor-id=\"740\">Pesquisa de produto<\/a> analyst<\/li>\n\n\n\n<li>Analista de Pesquisa de Mercado<\/li>\n\n\n\n<li>Analista de dados de marketing<\/li>\n\n\n\n<li><a href=\"https:\/\/www.sisinternational.com\/pt\/solucoes\/solucoes-de-pesquisa-quantitativa-qualitativa\/entrevistas-por-telefone-pesquisa-de-mercado\/\" title=\"Pesquisa de mercado de entrevistas em profundidade por telefone\"  data-wpil-monitor-id=\"10274\">Entrevistador de pesquisa de mercado<\/a><\/li>\n<\/ul>\n\n\n\n<h2 class=\"wp-block-heading\">Quem usa pesquisa de mercado de introdu\u00e7\u00e3o de novos produtos<\/h2>\n\n\n\n<ul class=\"wp-block-list\">\n<li><b>Equipes de Desenvolvimento de Produto<\/b><span style=\"font-weight: 400;\"> contam com pesquisas de mercado para compreender as necessidades e prefer\u00eancias dos clientes, identificar lacunas de mercado e desenvolver com efic\u00e1cia produtos que atendam \u00e0s necessidades n\u00e3o atendidas. Ao incorporar insights de pesquisas de mercado no processo de desenvolvimento de produtos, as equipes podem garantir que os novos produtos tenham repercuss\u00e3o nos clientes-alvo e atendam \u00e0s suas expectativas.<\/span><\/li>\n\n\n\n<li><b>Departamentos de Marketing<\/b><span style=\"font-weight: 400;\"> utilize market research to develop targeted marketing strategies that effectively communicate the <a href=\"https:\/\/www.sisinternational.com\/pt\/what-is-a-value-proposition-canvas-the-game-changing-framework-that-prevents-product-failures\/\" title=\"What Is a Value Proposition Canvas? &#091;The Game-Changing Framework That Prevents Product Failures&#093;\"  data-wpil-monitor-id=\"1464\">value proposition of new products<\/a> and drive customer engagement. By analyzing consumer behavior, media consumption habits, and purchasing preferences, marketers can craft messaging and positioning strategies that resonate with the target audience and drive awareness and adoption of new products.<\/span><\/li>\n\n\n\n<li><b>Equipes de vendas<\/b><span style=\"font-weight: 400;\"> aproveite a pesquisa de mercado para compreender a din\u00e2mica do mercado, as amea\u00e7as competitivas e os pontos problem\u00e1ticos do cliente. Isto permite-lhes posicionar e vender eficazmente novos produtos aos clientes e capacita-os a abordar proativamente as preocupa\u00e7\u00f5es e obje\u00e7\u00f5es dos clientes, aumentando a probabilidade de resultados de vendas bem-sucedidos.<\/span><\/li>\n\n\n\n<li><b>Investidores e partes interessadas<\/b><span style=\"font-weight: 400;\"> muitas vezes exigem pesquisas de mercado para avaliar o potencial retorno sobre o investimento (ROI) de iniciativas de novos produtos e avaliar a viabilidade de planos de expans\u00e3o de neg\u00f3cios. Ao fornecer informa\u00e7\u00f5es sobre o tamanho do mercado, o potencial de crescimento e a din\u00e2mica competitiva, a pesquisa de mercado ajuda os investidores a tomar decis\u00f5es informadas sobre a aloca\u00e7\u00e3o de capital e o apoio a iniciativas empresariais.<\/span><\/li>\n<\/ul>\n\n\n\n<h2 class=\"wp-block-heading\">Quando conduzir esta pesquisa de mercado<\/h2>\n\n\n\n<figure class=\"gb-block-image gb-block-image-19ebe988\"><img decoding=\"async\" class=\"gb-image gb-image-19ebe988\" src=\"https:\/\/www.sisinternational.com\/wp-content\/uploads\/2025\/08\/Consumer-market-.jpg\" alt=\"Pesquisa e Estrat\u00e9gia de Mercado Internacional da SIS\" title=\"Consumer market\"><\/figure>\n\n\n\n<p><\/p>\n\n\n\n<p><span style=\"font-weight: 400;\">Timing is crucial when it comes to conducting new product introduction market research. Businesses should initiate <a href=\"https:\/\/www.sisinternational.com\/pt\/garantindo-que-os-clientes-se-lembrem-de-sua-mensagem\/\" title=\"Pesquisa de mercado de ativa\u00e7\u00e3o de marca\"  data-wpil-monitor-id=\"10271\">market research activities<\/a> at strategic junctures throughout the product development lifecycle to maximize their impact and effectiveness. Here are some key milestones when conducting new product introduction market research is essential:<\/span><\/p>\n\n\n\n<ul class=\"wp-block-list\">\n<li><b>Fase de gera\u00e7\u00e3o de ideias<\/b><span style=\"font-weight: 400;\">: A pesquisa de mercado deve come\u00e7ar no in\u00edcio do processo de desenvolvimento do produto, durante a fase de gera\u00e7\u00e3o de ideias. Ao solicitar feedback de potenciais clientes, realizar testes de conceito e identificar tend\u00eancias de mercado e necessidades n\u00e3o atendidas, as empresas podem refinar os conceitos de seus produtos e garantir o alinhamento com a demanda do mercado desde o in\u00edcio.<\/span><\/li>\n\n\n\n<li><b>Est\u00e1gio de Desenvolvimento de Conceito<\/b><span style=\"font-weight: 400;\">: Uma vez formulados os conceitos iniciais do produto, a pesquisa de mercado pode ajudar a validar e refinar ainda mais esses conceitos. A realiza\u00e7\u00e3o de testes de conceito, grupos focais e pesquisas permite que as empresas avaliem o interesse do consumidor, avaliem o valor percebido e identifiquem \u00e1reas de melhoria antes de prosseguir com o desenvolvimento em grande escala.<\/span><\/li>\n\n\n\n<li><b>Teste de prot\u00f3tipo<\/b>: As prototypes or <a href=\"https:\/\/www.sisinternational.com\/pt\/solucoes\/consultoria-estrategica\/pesquisa-de-mercado-de-produto-minimo-viavel\/\" title=\"Pesquisa de mercado de produto m\u00ednimo vi\u00e1vel\"  data-wpil-monitor-id=\"10272\">minimum viable products<\/a> (MVPs) are developed, businesses should conduct testing with target customers to gather feedback on product features, functionality, and usability. Prototype testing allows businesses to identify potential issues early in development and make necessary adjustments to enhance the product&#8217;s appeal and performance.<\/span><\/li>\n\n\n\n<li><b>Fase de pr\u00e9-lan\u00e7amento<\/b><span style=\"font-weight: 400;\">: Na fase de pr\u00e9-lan\u00e7amento, as empresas devem realizar avalia\u00e7\u00f5es de mercado abrangentes para avaliar o cen\u00e1rio competitivo, identificar potenciais barreiras \u00e0 entrada e refinar a sua estrat\u00e9gia de entrada no mercado. Isso inclui a an\u00e1lise das ofertas dos concorrentes, a realiza\u00e7\u00e3o de estudos de pre\u00e7os e o refinamento das mensagens de marketing para garantir o sucesso do lan\u00e7amento do produto.<\/span><\/li>\n\n\n\n<li><b>Monitoramento P\u00f3s-Lan\u00e7amento<\/b><span style=\"font-weight: 400;\">: A pesquisa de mercado n\u00e3o deve parar quando o produto \u00e9 lan\u00e7ado. O monitoramento cont\u00ednuo da din\u00e2mica do mercado, do feedback dos clientes e dos desenvolvimentos competitivos \u00e9 essencial para acompanhar o desempenho do produto, identificar tend\u00eancias emergentes e fazer ajustes oportunos nas estrat\u00e9gias de marketing e ofertas de produtos.<\/span><\/li>\n<\/ul>\n\n\n\n<h2 class=\"wp-block-heading\">Fatores cr\u00edticos de sucesso para uma introdu\u00e7\u00e3o bem-sucedida de um novo produto<\/h2>\n\n\n\n<p><span style=\"font-weight: 400;\">V\u00e1rios factores-chave contribuem para o sucesso da introdu\u00e7\u00e3o de um novo produto, e as empresas devem abordar estes factores de forma eficaz para maximizar as suas hip\u00f3teses de sucesso. Aqui est\u00e3o alguns fatores cr\u00edticos de sucesso:<\/span><\/p>\n\n\n\n<ul class=\"wp-block-list\">\n<li><b>Compreens\u00e3o do mercado<\/b><span style=\"font-weight: 400;\">: Uma compreens\u00e3o completa do mercado-alvo \u00e9 essencial para o sucesso do lan\u00e7amento de novos produtos. As empresas devem realizar pesquisas de mercado abrangentes para identificar as necessidades, prefer\u00eancias e pontos problem\u00e1ticos dos clientes e avaliar o cen\u00e1rio competitivo e a din\u00e2mica do mercado.&nbsp;<\/span><\/li>\n\n\n\n<li><b>Diferencia\u00e7\u00e3o do produto<\/b><span style=\"font-weight: 400;\">: novos produtos de sucesso geralmente oferecem recursos ou benef\u00edcios exclusivos que os diferenciam das ofertas existentes no mercado. As empresas devem identificar oportunidades de diferencia\u00e7\u00e3o de produtos e desenvolver propostas de valor atraentes que repercutam em seu p\u00fablico-alvo.&nbsp;<\/span><\/li>\n\n\n\n<li><b>Marketing e promo\u00e7\u00e3o eficazes<\/b><span style=\"font-weight: 400;\">: O marketing desempenha um papel crucial na promo\u00e7\u00e3o da conscientiza\u00e7\u00e3o, na gera\u00e7\u00e3o de interesse e no aumento das vendas de novos produtos. As empresas devem desenvolver estrat\u00e9gias de marketing abrangentes que aproveitem v\u00e1rios canais, como marketing digital, redes sociais, publicidade e rela\u00e7\u00f5es p\u00fablicas, para atingir eficazmente o seu p\u00fablico-alvo.&nbsp;<\/span><\/li>\n\n\n\n<li><b>Estrat\u00e9gia de pre\u00e7os otimizada<\/b><span style=\"font-weight: 400;\">: o pre\u00e7o influencia significativamente as decis\u00f5es de compra dos clientes e a ado\u00e7\u00e3o geral do produto. As empresas devem desenvolver estrat\u00e9gias de pre\u00e7os que encontrem o equil\u00edbrio certo entre percep\u00e7\u00e3o de valor e acessibilidade. Atrav\u00e9s da pesquisa e an\u00e1lise de pre\u00e7os, as empresas podem determinar o pre\u00e7o ideal para os seus novos produtos, maximizando a receita e mantendo-se competitivas.<\/span><\/li>\n<\/ul>\n\n\n\n<h2 class=\"wp-block-heading\">Resultados esperados da pesquisa de mercado de lan\u00e7amento de novos produtos da SIS International<\/h2>\n\n\n\n<p><span style=\"font-weight: 400;\">SIS International offers comprehensive <a href=\"https:\/\/www.sisinternational.com\/pt\/solucoes\/pesquisa-de-consultoria-em-estrategia-fintech\/pesquisa-de-mercado-de-servicos-financeiros\/\" title=\"Pesquisa de mercado de servi\u00e7os financeiros\"  data-wpil-monitor-id=\"10273\">market research services<\/a> tailored to the unique needs of businesses embarking on new product introductions. By partnering with SIS International, businesses can expect a range of valuable outcomes and benefits:<\/span><\/p>\n\n\n\n<ul class=\"wp-block-list\">\n<li><b>Insights aprofundados do mercado<\/b><span style=\"font-weight: 400;\">: A SIS International realiza an\u00e1lises de mercado completas para fornecer \u00e0s empresas insights pr\u00e1ticos sobre tend\u00eancias de mercado, prefer\u00eancias dos clientes e din\u00e2mica competitiva. Atrav\u00e9s de m\u00e9todos de pesquisa prim\u00e1ria, como pesquisas, grupos focais e entrevistas, complementados por pesquisa secund\u00e1ria e an\u00e1lise de dados, a SIS International fornece insights aprofundados que informam a tomada de decis\u00f5es estrat\u00e9gicas e o desenvolvimento de produtos.<\/span><\/li>\n\n\n\n<li><b>Feedback e valida\u00e7\u00e3o do cliente<\/b><span style=\"font-weight: 400;\">: o SIS facilita o envolvimento direto com clientes-alvo para coletar feedback e validar novos conceitos de produtos, recursos e propostas de valor. Ao alavancar metodologias de investiga\u00e7\u00e3o qualitativas e quantitativas, a SIS International garante que as empresas recebem feedback honesto e imparcial do seu p\u00fablico-alvo, permitindo-lhes refinar os seus produtos e estrat\u00e9gias de marketing para obter o m\u00e1ximo impacto.<\/span><\/li>\n\n\n\n<li><b>Inteligencia competitiva<\/b><span style=\"font-weight: 400;\">: A SIS International realiza an\u00e1lises competitivas para ajudar as empresas a compreender o seu cen\u00e1rio competitivo e identificar oportunidades de diferencia\u00e7\u00e3o. Ao analisar as ofertas dos concorrentes, estrat\u00e9gias de pre\u00e7os e t\u00e1ticas de marketing, a SIS International fornece \u00e0s empresas informa\u00e7\u00f5es valiosas que informam seu posicionamento, mensagens e estrat\u00e9gias de entrada no mercado.<\/span><\/li>\n\n\n\n<li><b>Suporte e monitoramento cont\u00ednuo<\/b><span style=\"font-weight: 400;\">: Al\u00e9m da fase inicial de pesquisa, a SIS International oferece suporte e monitoramento cont\u00ednuos para garantir o sucesso do lan\u00e7amento de novos produtos. Atrav\u00e9s da monitoriza\u00e7\u00e3o constante do mercado, da an\u00e1lise do feedback dos clientes e do acompanhamento do desempenho, a SIS International ajuda as empresas a adaptarem-se \u00e0s condi\u00e7\u00f5es de mercado em evolu\u00e7\u00e3o e \u00e0s prefer\u00eancias dos consumidores, maximizando o sucesso e a rentabilidade a longo prazo dos seus novos produtos.<\/span><\/li>\n<\/ul>\n\n\n\n<h2 class=\"wp-block-heading\">Opportunities in the New Product Introduction Market<\/h2>\n\n\n\n<p><span style=\"font-weight: 400;\">Entrar no mercado de introdu\u00e7\u00e3o de novos produtos apresenta \u00e0s empresas muitas oportunidades para inovar, diferenciar e crescer. Aqui est\u00e3o algumas oportunidades importantes para empresas neste mercado din\u00e2mico:<\/span><\/p>\n\n\n\n<ul class=\"wp-block-list\">\n<li><b>Expandindo para novos mercados<\/b><span style=\"font-weight: 400;\">: O lan\u00e7amento de novos produtos oferece \u00e0s empresas a oportunidade de expans\u00e3o para novas regi\u00f5es geogr\u00e1ficas ou segmentos de mercado. Ao realizar pesquisas de mercado para compreender as prefer\u00eancias locais, as nuances culturais e os requisitos regulamentares, as empresas podem adaptar os seus produtos e estrat\u00e9gias de marketing para penetrar eficazmente em novos mercados e capturar oportunidades inexploradas de crescimento.<\/span><\/li>\n\n\n\n<li><b>Construindo fidelidade \u00e0 marca<\/b><span style=\"font-weight: 400;\">: Launching new products allows businesses to strengthen their brand identity and build customer loyalty. Through delivering high-quality products, exceptional customer experiences, and meaningful brand messaging, companies can foster long-term relationships with customers and establish themselves as trusted and preferred <a href=\"https:\/\/www.sisinternational.com\/pt\/publicidade-de-choque-e-marketing-de-choque\/\" title=\"Publicidade de choque e marketing de choque\"  data-wpil-monitor-id=\"10269\">brands in their respective markets<\/a>.<\/span><\/li>\n\n\n\n<li><b>Promovendo a Cultura de Inova\u00e7\u00e3o<\/b><span style=\"font-weight: 400;\">: Abra\u00e7ar uma cultura de inova\u00e7\u00e3o dentro da organiza\u00e7\u00e3o estimula a criatividade, a colabora\u00e7\u00e3o e a melhoria cont\u00ednua. Incentivar os funcion\u00e1rios a contribuir com ideias, experimentar novos conceitos e desafiar o status quo permite que as empresas se mantenham \u00e0 frente da curva e impulsionem a inova\u00e7\u00e3o cont\u00ednua nas suas ofertas de produtos.<\/span><\/li>\n<\/ul>\n\n\n\n<h2 class=\"wp-block-heading\">Como a experi\u00eancia da SIS International ajuda as empresas na introdu\u00e7\u00e3o de novos produtos<\/h2>\n\n\n\n<p><a href=\"https:\/\/www.linkedin.com\/company\/sisinternationalresearch\/\" target=\"_blank\" rel=\"noopener\"><span style=\"font-weight: 400;\">SIS Internacional<\/span><\/a><span style=\"font-weight: 400;\"> oferece uma gama de servi\u00e7os especializados e conhecimentos para apoiar as empresas em todo o processo de introdu\u00e7\u00e3o de novos produtos. Veja como a SIS International pode ajudar as empresas a ter sucesso:<\/span><\/p>\n\n\n\n<ul class=\"wp-block-list\">\n<li><b>Pesquisa de mercado abrangente<\/b><span style=\"font-weight: 400;\">: A SIS realiza pesquisas de mercado abrangentes para fornecer \u00e0s empresas informa\u00e7\u00f5es valiosas sobre tend\u00eancias de mercado, prefer\u00eancias dos clientes e din\u00e2mica competitiva. Ao aproveitar metodologias de pesquisa qualitativas e quantitativas, fornecemos insights acion\u00e1veis que informam a tomada de decis\u00f5es estrat\u00e9gicas e orientam o desenvolvimento de produtos.<\/span><\/li>\n\n\n\n<li><b>Insights e valida\u00e7\u00e3o do cliente<\/b><span style=\"font-weight: 400;\">: o SIS facilita o envolvimento direto com clientes-alvo para coletar feedback e validar novos conceitos de produtos, recursos e propostas de valor. Atrav\u00e9s de grupos focais, pesquisas, entrevistas e outros m\u00e9todos de pesquisa, nossos consultores garantem que as empresas recebam feedback honesto e imparcial de seu p\u00fablico-alvo, permitindo-lhes refinar seus produtos e estrat\u00e9gias de marketing para obter o m\u00e1ximo impacto.<\/span><\/li>\n\n\n\n<li><b>Inteligencia competitiva<\/b><span style=\"font-weight: 400;\">: A SIS International realiza an\u00e1lises competitivas completas para ajudar as empresas a compreender seu cen\u00e1rio competitivo e identificar oportunidades de diferencia\u00e7\u00e3o. Ao analisar as ofertas dos concorrentes, estrat\u00e9gias de pre\u00e7os e t\u00e1ticas de marketing, a SIS International fornece \u00e0s empresas informa\u00e7\u00f5es valiosas que informam seu posicionamento, mensagens e estrat\u00e9gias de entrada no mercado.<\/span><\/li>\n\n\n\n<li><b>Suporte e monitoramento cont\u00ednuo<\/b><span style=\"font-weight: 400;\">: Al\u00e9m da fase inicial de pesquisa, o SIS oferece suporte e monitoramento cont\u00ednuos para garantir o sucesso do lan\u00e7amento de novos produtos. Atrav\u00e9s da monitoriza\u00e7\u00e3o cont\u00ednua do mercado, da an\u00e1lise do feedback dos clientes e do acompanhamento do desempenho, a SIS International ajuda as empresas a adaptarem-se \u00e0s condi\u00e7\u00f5es de mercado em evolu\u00e7\u00e3o e \u00e0s prefer\u00eancias dos consumidores, maximizando o sucesso e a rentabilidade a longo prazo dos seus novos produtos.<\/span><\/li>\n<\/ul>\n\n\n\n<h2 class=\"wp-block-heading\">Sobre a pesquisa de mercado de lan\u00e7amento de novos produtos<\/h2>\n\n\n\n<p>Voc\u00ea quer lan\u00e7ar um produto? Voc\u00ea precisa de pesquisa de mercado para lan\u00e7amento de novos produtos? Ent\u00e3o voc\u00ea est\u00e1 no lugar certo. Montamos grupos focais para voc\u00ea. Tamb\u00e9m podemos fazer pesquisas qualitativas, quantitativas e estrat\u00e9gicas para sua empresa. Certifique-se de fazer pesquisas de mercado para lan\u00e7amento de novos produtos. Isso garantir\u00e1 o sucesso do seu produto.<\/p>\n\n\n\n<p><\/p>","protected":false},"excerpt":{"rendered":"<p>A pesquisa de mercado de lan\u00e7amento de novos produtos re\u00fane insights acion\u00e1veis e avalia a viabilidade do mercado antes que um produto chegue \u00e0s prateleiras.<\/p>","protected":false},"author":1,"featured_media":62701,"parent":14567,"menu_order":21,"comment_status":"closed","ping_status":"closed","template":"","meta":{"footnotes":""},"class_list":["post-39611","page","type-page","status-publish","has-post-thumbnail"],"_links":{"self":[{"href":"https:\/\/www.sisinternational.com\/pt\/wp-json\/wp\/v2\/pages\/39611","targetHints":{"allow":["GET"]}}],"collection":[{"href":"https:\/\/www.sisinternational.com\/pt\/wp-json\/wp\/v2\/pages"}],"about":[{"href":"https:\/\/www.sisinternational.com\/pt\/wp-json\/wp\/v2\/types\/page"}],"author":[{"embeddable":true,"href":"https:\/\/www.sisinternational.com\/pt\/wp-json\/wp\/v2\/users\/1"}],"replies":[{"embeddable":true,"href":"https:\/\/www.sisinternational.com\/pt\/wp-json\/wp\/v2\/comments?post=39611"}],"version-history":[{"count":9,"href":"https:\/\/www.sisinternational.com\/pt\/wp-json\/wp\/v2\/pages\/39611\/revisions"}],"predecessor-version":[{"id":81696,"href":"https:\/\/www.sisinternational.com\/pt\/wp-json\/wp\/v2\/pages\/39611\/revisions\/81696"}],"up":[{"embeddable":true,"href":"https:\/\/www.sisinternational.com\/pt\/wp-json\/wp\/v2\/pages\/14567"}],"wp:featuredmedia":[{"embeddable":true,"href":"https:\/\/www.sisinternational.com\/pt\/wp-json\/wp\/v2\/media\/62701"}],"wp:attachment":[{"href":"https:\/\/www.sisinternational.com\/pt\/wp-json\/wp\/v2\/media?parent=39611"}],"curies":[{"name":"wp","href":"https:\/\/api.w.org\/{rel}","templated":true}]}}