{"id":39605,"date":"2021-12-31T00:38:45","date_gmt":"2021-12-31T00:38:45","guid":{"rendered":"https:\/\/www.sisinternational.com\/?page_id=39605"},"modified":"2026-01-25T16:38:47","modified_gmt":"2026-01-25T21:38:47","slug":"empresas-de-consultoria-de-gestao","status":"publish","type":"page","link":"https:\/\/www.sisinternational.com\/pt\/solucoes\/consultoria-estrategica\/empresas-de-consultoria-de-gestao\/","title":{"rendered":"Empresa global de consultoria de gest\u00e3o"},"content":{"rendered":"<h1 class=\"wp-block-heading\">Empresa global de consultoria de gest\u00e3o<\/h1>\n\n\n\n<figure class=\"gb-block-image gb-block-image-2337b6aa\"><img loading=\"lazy\" decoding=\"async\" width=\"1456\" height=\"816\" class=\"gb-image gb-image-2337b6aa\" src=\"https:\/\/www.sisinternational.com\/wp-content\/uploads\/2025\/08\/Strategy-consulting-23.jpg\" alt=\"Pesquisa e Estrat\u00e9gia de Mercado Internacional da SIS\" title=\"Strategy consulting (23)\" srcset=\"https:\/\/www.sisinternational.com\/wp-content\/uploads\/2025\/08\/Strategy-consulting-23.jpg 1456w, https:\/\/www.sisinternational.com\/wp-content\/uploads\/2025\/08\/Strategy-consulting-23-300x168.jpg 300w, https:\/\/www.sisinternational.com\/wp-content\/uploads\/2025\/08\/Strategy-consulting-23-1024x574.jpg 1024w, https:\/\/www.sisinternational.com\/wp-content\/uploads\/2025\/08\/Strategy-consulting-23-768x430.jpg 768w, https:\/\/www.sisinternational.com\/wp-content\/uploads\/2025\/08\/Strategy-consulting-23-18x10.jpg 18w\" sizes=\"auto, (max-width: 1456px) 100vw, 1456px\"><\/figure>\n\n\n\n<p><\/p>\n\n\n\n<p>Management consulting is the process of advising companies on ways to improve. Further, it helps these companies to refine their image and boost growth. As a matter of fact, consultants work with firms to solve problems, and we need them for different reasons. Since they work with several firms, it\u2019s easy for them to learn the best practices. They also get a firsthand view of the nature of each situation.<\/p>\n\n\n\n<p>They work with different types of firms, and in many cases, they provide services worldwide. The world of management consulting continues to grow daily. In fact, management <a href=\"https:\/\/www.sisinternational.com\/pt\/solucoes\/solucoes-de-branding-e-pesquisa-de-clientes\/pesquisa-de-mercado-de-cuidados-com-a-pele\/\" title=\"Pesquisa de mercado de cuidados com a pele | Consultoria na ind\u00fastria de beleza\"  data-wpil-monitor-id=\"10254\">consulting is now a billion-dollar industry<\/a>.<\/p>\n\n\n\n<p>Management consulting isn\u2019t limited and has a broad span, making it a decent career. Also, it offers opportunities, challenges, personal development, and new projects.<\/p>\n\n\n\n<h2 class=\"wp-block-heading\">Por que a consultoria de gest\u00e3o \u00e9 importante?<\/h2>\n\n\n\n<p>All <a href=\"https:\/\/www.sisinternational.com\/pt\/cobertura\/as-americas\/pesquisa-de-mercado-no-caribe\/empresa-de-consultoria-estrategica-caribenha\/\" title=\"Empresa de consultoria estrat\u00e9gica do Caribe\"  data-wpil-monitor-id=\"10256\">companies should have a team of consultants<\/a> to help them find and use opportunities for the business. Moreover, having <a href=\"https:\/\/www.sisinternational.com\/pt\/cobertura\/as-americas\/pesquisa-de-mercado-no-caribe\/empresa-de-consultoria-de-gestao-caribenha\/\" title=\"Empresa de consultoria de gest\u00e3o caribenha\"  data-wpil-monitor-id=\"10253\">management consultants helps the company<\/a> to make the fullest use of its capital resources. It also helps it to make full use of finances and human resources.<\/p>\n\n\n\n<p>Consultants work with the HR, marketing, and finance departments. They are great at forecasting future outcomes. They can warn the business of which direction to go if they sense an impending loss. Their teams conduct careful planning. They also assist in management changes, leadership training, and much more.<\/p>\n\n\n\n<h2 class=\"wp-block-heading\">Principais cargos<\/h2>\n\n\n\n<p>H\u00e1 uma ampla gama de empregos em consultoria, de analista a diretor. Outros cargos incluem:<\/p>\n\n\n\n<ul class=\"wp-block-list\">\n<li>Consultor Associado<\/li>\n\n\n\n<li>Consultor de neg\u00f3cios<\/li>\n\n\n\n<li>Gestor de projeto<\/li>\n\n\n\n<li>Gerente de produtividade<\/li>\n\n\n\n<li>Gerente s\u00eanior<\/li>\n<\/ul>\n\n\n\n<p>The titles listed above are jobs within <a href=\"https:\/\/www.sisinternational.com\/pt\/optimized-management-system-for-a-leading-us-immigration-law-firm\/\" title=\"Optimized Management System for a Leading US Immigration law firm\"  data-wpil-monitor-id=\"3655\">empresas de consultoria de gest\u00e3o<\/a>. Most times, the highest level is to be a director in the firm.<\/p>\n\n\n\n<h2 class=\"wp-block-heading\">Por que as empresas precisam de consultoria de gest\u00e3o<\/h2>\n\n\n\n<p>Ter um consultor pode melhorar o trabalho para alcan\u00e7ar o sucesso. Outro ponto fundamental \u00e9 que com uma equipe os desafios s\u00e3o mais f\u00e1ceis de lidar. Tamb\u00e9m fica mais f\u00e1cil aumentar a receita. Aqui est\u00e3o alguns outros motivos pelos quais as empresas precisam de consultores:<\/p>\n\n\n\n<ul class=\"wp-block-list\">\n<li>Fornecendo diferentes habilidades em projetos espec\u00edficos<\/li>\n\n\n\n<li>Apontando problemas<\/li>\n\n\n\n<li>Criando novos neg\u00f3cios<\/li>\n\n\n\n<li>Reconstruindo neg\u00f3cios<\/li>\n\n\n\n<li>Treinamento de funcion\u00e1rios<\/li>\n<\/ul>\n\n\n\n<p>Consultants can give helpful criticism, which helps business owners see things in a new light. Owners should strive to take their advice. They must also be open to feedback, as their ties to the business can blind them, which can be a barrier to growth. Making a business <a href=\"https:\/\/www.sisinternational.com\/pt\/solucoes\/sis-crescimento-global\/consultoria-em-planejamento-estrategico\/\" title=\"Consultoria em Planejamento Estrat\u00e9gico\"  data-wpil-monitor-id=\"10255\">plan with a consultant<\/a> can double its value.<\/p>\n\n\n\n<h2 class=\"wp-block-heading\">Principais fatores de sucesso<\/h2>\n\n\n\n<figure class=\"gb-block-image gb-block-image-8bf096b9\"><img loading=\"lazy\" decoding=\"async\" width=\"1456\" height=\"816\" class=\"gb-image gb-image-8bf096b9\" src=\"https:\/\/www.sisinternational.com\/wp-content\/uploads\/2025\/08\/Strategy-consulting-33.jpg\" alt=\"Pesquisa e Estrat\u00e9gia de Mercado Internacional da SIS\" title=\"Strategy consulting (33)\" srcset=\"https:\/\/www.sisinternational.com\/wp-content\/uploads\/2025\/08\/Strategy-consulting-33.jpg 1456w, https:\/\/www.sisinternational.com\/wp-content\/uploads\/2025\/08\/Strategy-consulting-33-300x168.jpg 300w, https:\/\/www.sisinternational.com\/wp-content\/uploads\/2025\/08\/Strategy-consulting-33-1024x574.jpg 1024w, https:\/\/www.sisinternational.com\/wp-content\/uploads\/2025\/08\/Strategy-consulting-33-768x430.jpg 768w, https:\/\/www.sisinternational.com\/wp-content\/uploads\/2025\/08\/Strategy-consulting-33-18x10.jpg 18w\" sizes=\"auto, (max-width: 1456px) 100vw, 1456px\"><\/figure>\n\n\n\n<p><\/p>\n\n\n\n<p>All consultants have their own style of <a href=\"https:\/\/www.sisinternational.com\/pt\/pericia\/industrias\/pesquisa-de-mercado-de-manuseio-de-materiais\/\" title=\"Pesquisa de mercado de manuseio de materiais\"  data-wpil-monitor-id=\"10259\">handling a project and doing research<\/a>. Despite that, they must have these three <a href=\"https:\/\/www.sisinternational.com\/pt\/principais-fatores-de-sucesso-na-pesquisa-de-mercado-automotivo\/\" title=\"Principais fatores de sucesso na pesquisa de mercado automotivo\"  data-wpil-monitor-id=\"10258\">factors to start gaining success<\/a>.<\/p>\n\n\n\n<h3 class=\"wp-block-heading\">Pensamento anal\u00edtico<\/h3>\n\n\n\n<p>A person working in this area must understand a problem and be able to solve it. New challenges will happen from time to time that they haven\u2019t faced before. Therefore, they must be aware and smart enough to find a way to solve the issue and read between the lines.<\/p>\n\n\n\n<h3 class=\"wp-block-heading\">Organiza\u00e7\u00e3o<\/h3>\n\n\n\n<p>Para trabalhar em uma consultoria \u00e9 preciso se manter organizado. Ajuda no planejamento, execu\u00e7\u00e3o de tarefas e gerenciamento de tempo. Essa habilidade \u00e9 \u00fatil quando todos os e-mails, relat\u00f3rios e outros dados come\u00e7am a chegar.<\/p>\n\n\n\n<h3 class=\"wp-block-heading\">Comunica\u00e7\u00e3o<\/h3>\n\n\n\n<p>Communication skills are a must-have when working in a consulting firm. It needs to be precise because consultants speak to clients and other high-profile players in the <a href=\"https:\/\/www.sisinternational.com\/pt\/solucoes\/pesquisa-de-mercado-de-ia-e-consultoria-estrategica\/empresa-global-de-consultoria-em-automacao-de-ia\/\" title=\"Empresa global de consultoria em IA e automa\u00e7\u00e3o\"  data-wpil-monitor-id=\"2391\">firm\u2019s<\/a> industry. Hence, they must adjust their language based on the person to whom they\u2019re speaking.<\/p>\n\n\n\n<h2 class=\"wp-block-heading\">Sobre Consultoria de Gest\u00e3o<\/h2>\n\n\n\n<p>Finding a good <a href=\"https:\/\/www.sisinternational.com\/pt\/pericia\/industrias\/empresa-de-consultoria-em-pesquisa-de-mercado-de-franquia\/\" title=\"Empresa de pesquisa e consultoria de mercado de franquia\"  data-wpil-monitor-id=\"10257\">consultant for your company<\/a> can be challenging. That\u2019s why our company is always ready to help. We form focus groups and do qualitative, quantitative, and strategic research. Our company works hard to ensure you get the data needed for growth. We <a href=\"https:\/\/www.sisinternational.com\/pt\/pericia\/industrias\/entrevista-por-telefone-assistida-por-computador-pesquisa-de-mercado\/\" title=\"Pesquisa de mercado de entrevistas por telefone assistidas por computador\"  data-wpil-monitor-id=\"10260\">assist in surveys as well as interviews<\/a>. Feel free to contact us. Let\u2019s start working today.<\/p>\n\n\n\n<p><\/p>","protected":false},"excerpt":{"rendered":"<p>A SIS International redefine a estrat\u00e9gia com consultoria de gest\u00e3o de alto n\u00edvel, impulsionando solu\u00e7\u00f5es transformadoras para empresas num mundo competitivo.<\/p>","protected":false},"author":1,"featured_media":62557,"parent":14567,"menu_order":19,"comment_status":"closed","ping_status":"closed","template":"","meta":{"footnotes":""},"class_list":["post-39605","page","type-page","status-publish","has-post-thumbnail"],"_links":{"self":[{"href":"https:\/\/www.sisinternational.com\/pt\/wp-json\/wp\/v2\/pages\/39605","targetHints":{"allow":["GET"]}}],"collection":[{"href":"https:\/\/www.sisinternational.com\/pt\/wp-json\/wp\/v2\/pages"}],"about":[{"href":"https:\/\/www.sisinternational.com\/pt\/wp-json\/wp\/v2\/types\/page"}],"author":[{"embeddable":true,"href":"https:\/\/www.sisinternational.com\/pt\/wp-json\/wp\/v2\/users\/1"}],"replies":[{"embeddable":true,"href":"https:\/\/www.sisinternational.com\/pt\/wp-json\/wp\/v2\/comments?post=39605"}],"version-history":[{"count":6,"href":"https:\/\/www.sisinternational.com\/pt\/wp-json\/wp\/v2\/pages\/39605\/revisions"}],"predecessor-version":[{"id":81693,"href":"https:\/\/www.sisinternational.com\/pt\/wp-json\/wp\/v2\/pages\/39605\/revisions\/81693"}],"up":[{"embeddable":true,"href":"https:\/\/www.sisinternational.com\/pt\/wp-json\/wp\/v2\/pages\/14567"}],"wp:featuredmedia":[{"embeddable":true,"href":"https:\/\/www.sisinternational.com\/pt\/wp-json\/wp\/v2\/media\/62557"}],"wp:attachment":[{"href":"https:\/\/www.sisinternational.com\/pt\/wp-json\/wp\/v2\/media?parent=39605"}],"curies":[{"name":"wp","href":"https:\/\/api.w.org\/{rel}","templated":true}]}}