{"id":39537,"date":"2021-12-14T22:51:36","date_gmt":"2021-12-14T22:51:36","guid":{"rendered":"https:\/\/www.sisinternational.com\/?page_id=39537"},"modified":"2025-09-14T20:16:47","modified_gmt":"2025-09-15T00:16:47","slug":"pesquisa-de-mercado-de-recursos-naturais","status":"publish","type":"page","link":"https:\/\/www.sisinternational.com\/pt\/pericia\/pesquisa-de-mercado-de-recursos-naturais\/","title":{"rendered":"Pesquisa de mercado de recursos naturais"},"content":{"rendered":"<h1 class=\"wp-block-heading\">Pesquisa de mercado de recursos naturais<\/h1>\n\n\n\n<figure class=\"gb-block-image gb-block-image-48ad94ed\"><img loading=\"lazy\" decoding=\"async\" width=\"1456\" height=\"816\" class=\"gb-image gb-image-48ad94ed\" src=\"https:\/\/www.sisinternational.com\/wp-content\/uploads\/2025\/08\/Mining-workers-4.jpg\" alt=\"Pesquisa e Estrat\u00e9gia de Mercado Internacional da SIS\" title=\"Mining workers (4)\" srcset=\"https:\/\/www.sisinternational.com\/wp-content\/uploads\/2025\/08\/Mining-workers-4.jpg 1456w, https:\/\/www.sisinternational.com\/wp-content\/uploads\/2025\/08\/Mining-workers-4-300x168.jpg 300w, https:\/\/www.sisinternational.com\/wp-content\/uploads\/2025\/08\/Mining-workers-4-1024x574.jpg 1024w, https:\/\/www.sisinternational.com\/wp-content\/uploads\/2025\/08\/Mining-workers-4-768x430.jpg 768w, https:\/\/www.sisinternational.com\/wp-content\/uploads\/2025\/08\/Mining-workers-4-18x10.jpg 18w\" sizes=\"auto, (max-width: 1456px) 100vw, 1456px\"><\/figure>\n\n\n\n<p><\/p>\n\n\n\n<p>Como saber se um mercado \u00e9 vi\u00e1vel? Uma das maneiras \u00e9 conhecer seu acesso aos recursos naturais. Muitos pa\u00edses vinculam a sua riqueza aos seus recursos naturais. Pa\u00edses como a Ar\u00e1bia Saudita s\u00e3o ricos devido aos seus dep\u00f3sitos de petr\u00f3leo. Da mesma forma, a Austr\u00e1lia pode creditar grande parte do seu crescimento \u00e0 exporta\u00e7\u00e3o de ferro.<\/p>\n\n\n\n<h2 class=\"wp-block-heading\">Por que a pesquisa de mercado de recursos naturais \u00e9 importante?<\/h2>\n\n\n\n<p>It is vital to know what natural resources a country has to the table. It can give <a href=\"https:\/\/www.sisinternational.com\/pt\/pericia\/industrias\/pesquisa-de-mercado-para-tomadores-de-decisao-de-negocios\/\" title=\"Pesquisa de mercado para tomadores de decis\u00e3o de neg\u00f3cios\"  data-wpil-monitor-id=\"7874\">business<\/a> owners and investors a good idea of the market forces. Shortages and surpluses can impact the health of a business or country. It can also affect the countries around it. For example, finding a new oil well can be a boon for Country A. It can now produce its oil and does not have to import as much to support any industries that depend on it. It also doesn\u2019t need to rely on other countries as much. This change in the status quo affects the nations that benefit from it. Other nations might need to reduce their oil prices. Why? Because Country A has reduced its demand for oil.<\/p>\n\n\n\n<h2 class=\"wp-block-heading\">Principais cargos<\/h2>\n\n\n\n<p>Economistas: Economista de Recursos Naturais (NRE) \u00e9 um cargo importante. As NREs medem o impacto dos recursos naturais. Este campo procura abordar as rela\u00e7\u00f5es entre as economias humanas e os ecossistemas naturais.<\/p>\n\n\n\n<h3 class=\"wp-block-heading\">Ecologistas<\/h3>\n\n\n\n<p>As NREs t\u00eam a tarefa de observar como as economias humanas se relacionam com a natureza. Mas \u00e9 preciso ser um verdadeiro ecologista para ver o impacto em grande escala. Os ecologistas medem como o uso de um recurso natural pode afetar o local onde a vida selvagem vive. Eles tamb\u00e9m analisam seus efeitos no n\u00famero de animais, nos padr\u00f5es clim\u00e1ticos e no clima.<\/p>\n\n\n\n<h3 class=\"wp-block-heading\">Ge\u00f3logos<\/h3>\n\n\n\n<p>Os ge\u00f3logos decidem o uso dos recursos naturais. Eles tamb\u00e9m escolhem a melhor forma de obter esses recursos. Muitos recursos naturais, como ferro, cobre, petr\u00f3leo, g\u00e1s e areia, necessitam de conhecimento especializado. Os ge\u00f3logos s\u00e3o os especialistas em minera\u00e7\u00e3o pr\u00e1tica. Por exemplo, ao extrair ferro, os ge\u00f3logos sabem qual \u00e9 a apar\u00eancia do min\u00e9rio de ferro, sua dureza e como encontr\u00e1-lo. Eles tamb\u00e9m sabem como fundi-lo e quais subprodutos ele produzir\u00e1.<\/p>\n\n\n\n<h3 class=\"wp-block-heading\">Analista de Pesquisa de Mercado<\/h3>\n\n\n\n<p>This title is one of the most important in market research. As its name suggests, these analysts examine market trends.<\/p>\n\n\n\n<h2 class=\"wp-block-heading\">Por que as empresas precisam de pesquisas de mercado de recursos naturais<\/h2>\n\n\n\n<p>Os recursos naturais t\u00eam impacto em todas as empresas. Todos eles dependem de fontes seguras de recursos para funcionar. Os recursos naturais tamb\u00e9m permitem que as empresas inovem. Por\u00e9m, o uso de recursos naturais por uma empresa pode representar um risco para a reputa\u00e7\u00e3o. O mesmo acontece com a sua atitude em rela\u00e7\u00e3o ao uso sustent\u00e1vel do recurso. A falta de acesso seguro aos recursos tamb\u00e9m pode ter um impacto direto. Uma empresa de bens de consumo n\u00e3o pode operar se n\u00e3o houver acesso.<\/p>\n\n\n\n<h2 class=\"wp-block-heading\">Principais fatores de sucesso<\/h2>\n\n\n\n<p><a href=\"https:\/\/www.sisinternational.com\/pt\/analysis-b2b\/\" title=\"What Business Leaders Need to Know Right Now\"  data-wpil-monitor-id=\"7872\">Businesses need to know<\/a> what resources are available in any given region. A company could misuse its resources if it lacks that data. Thus, it must know what is scarce or in surplus. That info is vital for maximizing how much a business can produce. It also helps the firm to use raw materials sustainably. It allows firms to decide whether to buy at lower prices when the opportunity arises. Shortages do not faze such companies. Other firms that are not as savvy can suffer huge losses.<\/p>\n\n\n\n<h2 class=\"wp-block-heading\">Sobre a pesquisa de mercado de recursos naturais<\/h2>\n\n\n\n<p>What\u2019s the best way to get practical and accurate info? Companies need to use many data-gathering techniques. Making use of <a href=\"https:\/\/www.sisinternational.com\/pt\/solucoes\/solucoes-de-pesquisa-quantitativa-qualitativa\/recrutamento-de-pesquisa-qualitativa\/\" title=\"Recrutamento de Pesquisa Qualitativa\"  data-wpil-monitor-id=\"7873\">Qualitative and Quantitative research<\/a> is an excellent tool for this. Those tools can help determine what works and what doesn\u2019t. Finding the best course of action is vital for any business.<\/p>\n\n\n\n<p><\/p>","protected":false},"excerpt":{"rendered":"<p>A pesquisa de mercado de Recursos Naturais \u00e9 crucial para as empresas. Ajuda-os a maximizar a produ\u00e7\u00e3o, a utilizar mat\u00e9rias-primas sustent\u00e1veis e a tomar decis\u00f5es informadas.<\/p>","protected":false},"author":1,"featured_media":63973,"parent":14514,"menu_order":88,"comment_status":"closed","ping_status":"closed","template":"","meta":{"footnotes":""},"class_list":["post-39537","page","type-page","status-publish","has-post-thumbnail"],"_links":{"self":[{"href":"https:\/\/www.sisinternational.com\/pt\/wp-json\/wp\/v2\/pages\/39537","targetHints":{"allow":["GET"]}}],"collection":[{"href":"https:\/\/www.sisinternational.com\/pt\/wp-json\/wp\/v2\/pages"}],"about":[{"href":"https:\/\/www.sisinternational.com\/pt\/wp-json\/wp\/v2\/types\/page"}],"author":[{"embeddable":true,"href":"https:\/\/www.sisinternational.com\/pt\/wp-json\/wp\/v2\/users\/1"}],"replies":[{"embeddable":true,"href":"https:\/\/www.sisinternational.com\/pt\/wp-json\/wp\/v2\/comments?post=39537"}],"version-history":[{"count":4,"href":"https:\/\/www.sisinternational.com\/pt\/wp-json\/wp\/v2\/pages\/39537\/revisions"}],"predecessor-version":[{"id":81328,"href":"https:\/\/www.sisinternational.com\/pt\/wp-json\/wp\/v2\/pages\/39537\/revisions\/81328"}],"up":[{"embeddable":true,"href":"https:\/\/www.sisinternational.com\/pt\/wp-json\/wp\/v2\/pages\/14514"}],"wp:featuredmedia":[{"embeddable":true,"href":"https:\/\/www.sisinternational.com\/pt\/wp-json\/wp\/v2\/media\/63973"}],"wp:attachment":[{"href":"https:\/\/www.sisinternational.com\/pt\/wp-json\/wp\/v2\/media?parent=39537"}],"curies":[{"name":"wp","href":"https:\/\/api.w.org\/{rel}","templated":true}]}}