{"id":39531,"date":"2021-12-14T22:12:27","date_gmt":"2021-12-14T22:12:27","guid":{"rendered":"https:\/\/www.sisinternational.com\/?page_id=39531"},"modified":"2025-09-14T21:47:14","modified_gmt":"2025-09-15T01:47:14","slug":"pesquisa-de-mercado-na-jamaica","status":"publish","type":"page","link":"https:\/\/www.sisinternational.com\/pt\/cobertura\/pesquisa-de-mercado-no-caribe\/pesquisa-de-mercado-na-jamaica\/","title":{"rendered":"Pesquisa de mercado na Jamaica"},"content":{"rendered":"<h1 class=\"wp-block-heading\">Pesquisa de mercado na Jamaica<\/h1>\n\n\n\n<figure class=\"gb-block-image gb-block-image-b9ef4f3a\"><img loading=\"lazy\" decoding=\"async\" width=\"1456\" height=\"816\" class=\"gb-image gb-image-b9ef4f3a\" src=\"https:\/\/www.sisinternational.com\/wp-content\/uploads\/2025\/09\/Jamaica-2.jpg\" alt=\"Pesquisa e Estrat\u00e9gia de Mercado Internacional da SIS\" title=\"Jamaica (2)\" srcset=\"https:\/\/www.sisinternational.com\/wp-content\/uploads\/2025\/09\/Jamaica-2.jpg 1456w, https:\/\/www.sisinternational.com\/wp-content\/uploads\/2025\/09\/Jamaica-2-300x168.jpg 300w, https:\/\/www.sisinternational.com\/wp-content\/uploads\/2025\/09\/Jamaica-2-1024x574.jpg 1024w, https:\/\/www.sisinternational.com\/wp-content\/uploads\/2025\/09\/Jamaica-2-768x430.jpg 768w, https:\/\/www.sisinternational.com\/wp-content\/uploads\/2025\/09\/Jamaica-2-18x10.jpg 18w\" sizes=\"auto, (max-width: 1456px) 100vw, 1456px\"><\/figure>\n\n\n\n<p><\/p>\n\n\n\n<p>A Jamaica \u00e9 a terceira maior ilha do Caribe e a maior ilha de l\u00edngua inglesa da regi\u00e3o. Fica a cerca de 285 milhas ao norte do continente centro-americano. O Haiti, a leste, e Cuba, ao norte, s\u00e3o vizinhos pr\u00f3ximos. A Jamaica \u00e9 o lar de quase tr\u00eas milh\u00f5es de pessoas. Kingston, a capital e principal cidade da ilha, fica no canto sudeste.<\/p>\n\n\n\n<h2 class=\"wp-block-heading\">Principais ind\u00fastrias<\/h2>\n\n\n\n<p>Recursos naturais como minerais s\u00e3o abundantes em todo o pa\u00eds. A Jamaica tamb\u00e9m possui um ambiente agrad\u00e1vel e belezas naturais. Embora o pa\u00eds tenha uma grande for\u00e7a de trabalho, a taxa de desemprego \u00e9 elevada. A d\u00edvida externa \u00e9 outra estat\u00edstica assustadora. O turismo, a agricultura, a minera\u00e7\u00e3o e a ind\u00fastria transformadora s\u00e3o os principais sectores da economia do pa\u00eds \u2013 o turismo e a ind\u00fastria transformadora representam, cada um, cerca de um ter\u00e7o do seu PIB.<\/p>\n\n\n\n<h2 class=\"wp-block-heading\">Bairros<\/h2>\n\n\n\n<p>Os Palisadoes, uma vasta faixa de areia com uma hist\u00f3ria colorida, protegem o porto natural de Kingston. Esta ponta liga a cidade de Port Royal e o Aeroporto Norman Manley ao continente. Al\u00e9m disso, o Museu Bob Marley fica no cora\u00e7\u00e3o da cidade, na casa do m\u00fasico de reggae. A Devon House, uma casa da era colonial com mobili\u00e1rio de \u00e9poca, tamb\u00e9m fica nas proximidades. O pa\u00eds exibe sua flora e fauna naturais no Hope Botanical Gardens &amp; Zoo. As Montanhas Azuis, uma conhecida zona cafeeira com trilhas e riachos para caminhantes, ficam a nordeste da cidade.<\/p>\n\n\n\n<h2 class=\"wp-block-heading\">Tend\u00eancias<\/h2>\n\n\n\n<p>As Jamaica\u2019s economy shows signs of growth, the housing market has yet to catch up. Property <a href=\"https:\/\/www.sisinternational.com\/pt\/pesquisa-de-mercado-de-vinho\/\" title=\"Pesquisa de mercado de vinho: somando os lucros das vendas nacionais de vinho\"  data-wpil-monitor-id=\"7857\">sales<\/a> have slowed to a halt while domestic rentals have gone up. The country suffers from high inflation and soaring crime rates. Thus, Jamaica\u2019s real estate industry has failed in recent years. Property <a href=\"https:\/\/www.sisinternational.com\/pt\/solucoes\/solucoes-de-pesquisa-quantitativa-qualitativa\/pricing-and-demand-analysis\/\" title=\"Pricing and Demand Analysis\"  data-wpil-monitor-id=\"7854\">prices fell in 2009 as foreign demand<\/a> slowed, and many upscale houses saw price drops. The number of sales has also fallen. Still, the lower-middle-income part of the <a href=\"https:\/\/www.sisinternational.com\/pt\/garantindo-que-os-clientes-se-lembrem-de-sua-mensagem\/\" title=\"Pesquisa de mercado de ativa\u00e7\u00e3o de marca\"  data-wpil-monitor-id=\"7851\">market has remained active<\/a>.<\/p>\n\n\n\n<h2 class=\"wp-block-heading\">Benefits And Strengths in the Market<\/h2>\n\n\n\n<figure class=\"gb-block-image gb-block-image-2017e688\"><img loading=\"lazy\" decoding=\"async\" width=\"1456\" height=\"816\" class=\"gb-image gb-image-2017e688\" src=\"https:\/\/www.sisinternational.com\/wp-content\/uploads\/2025\/09\/Jamaica-3.jpg\" alt=\"Pesquisa e Estrat\u00e9gia de Mercado Internacional da SIS\" title=\"Jamaica (3)\" srcset=\"https:\/\/www.sisinternational.com\/wp-content\/uploads\/2025\/09\/Jamaica-3.jpg 1456w, https:\/\/www.sisinternational.com\/wp-content\/uploads\/2025\/09\/Jamaica-3-300x168.jpg 300w, https:\/\/www.sisinternational.com\/wp-content\/uploads\/2025\/09\/Jamaica-3-1024x574.jpg 1024w, https:\/\/www.sisinternational.com\/wp-content\/uploads\/2025\/09\/Jamaica-3-768x430.jpg 768w, https:\/\/www.sisinternational.com\/wp-content\/uploads\/2025\/09\/Jamaica-3-18x10.jpg 18w\" sizes=\"auto, (max-width: 1456px) 100vw, 1456px\"><\/figure>\n\n\n\n<p><\/p>\n\n\n\n<p>Nos \u00faltimos anos, a Jamaica registou ganhos econ\u00f3micos. Estes ganhos s\u00e3o o resultado do seu esfor\u00e7o para praticar a prud\u00eancia fiscal. Estes n\u00fameros financeiros colocam a Jamaica entre os melhores desempenhos do mundo.<\/p>\n\n\n\n<p>Also, Jamaica is one of the top twenty nations for its great credit system. And its rates are among some of the best in the world for starting a business. Any businessperson can create and run a business in as few as two steps and three days.<\/p>\n\n\n\n<h2 class=\"wp-block-heading\">Base de Consumidores<\/h2>\n\n\n\n<p>Internet subscriptions are increasing. More Jamaicans are spending time online on their PCs and smartphones. Yet, only a tiny fraction of Jamaicans use the Internet to shop. Still, top hitters in the e-commerce field are optimistic. They <a href=\"https:\/\/www.sisinternational.com\/pt\/pericia\/industrias\/pesquisa-de-mercado-para-fundamentacao-de-reivindicacoes\/\" title=\"Pesquisa de mercado para comprova\u00e7\u00e3o de reivindica\u00e7\u00f5es\"  data-wpil-monitor-id=\"7856\">claim<\/a> that the use of the Internet for online marketing is increasing at a high rate. Retailers are moving to keep up with the Internet trend. Many of them are increasing their investments in <a href=\"https:\/\/www.sisinternational.com\/pt\/pericia\/industrias\/pesquisa-de-mercado-de-plataforma-automotiva-on-line\/\" title=\"Pesquisa de mercado on-line da plataforma automotiva\"  data-wpil-monitor-id=\"7855\">online shopping platforms<\/a>.<\/p>\n\n\n\n<p>Nos \u00faltimos anos, os supermercados tiveram uma tend\u00eancia crescente de fabricar itens de valor agregado. Eles fabricam a maioria desses itens com frutas frescas para aumentar as vendas e competir. Os m\u00e9todos Ready-To-Eat (RTE) e Ready-To-Cook (RTC) est\u00e3o entre esses itens. Os consumidores est\u00e3o se afastando dos antigos m\u00e9todos de prepara\u00e7\u00e3o de alimentos. Assim, \u00e9 prov\u00e1vel que esta tend\u00eancia continue a aumentar.<\/p>\n\n\n\n<h2 class=\"wp-block-heading\">Raz\u00f5es para fazer neg\u00f3cios na Jamaica<\/h2>\n\n\n\n<ul class=\"wp-block-list\">\n<li>A Jamaica \u00e9 um dos melhores pa\u00edses do mundo para iniciar um neg\u00f3cio e est\u00e1 subindo na hierarquia.<\/li>\n\n\n\n<li>Its housing demand got a boost from recent cuts in mortgage interest rates. Some banks also increased loan limits. As a result, being a homeowner is no longer a pipe dream.<\/li>\n\n\n\n<li>For investors, Jamaica has lots of advantages, particularly regarding location. It lies between <a href=\"https:\/\/www.sisinternational.com\/pt\/cobertura\/as-americas\/pesquisa-de-mercado-america-do-norte\/\" title=\"Pesquisa de mercado na Am\u00e9rica do Norte\"  data-wpil-monitor-id=\"7850\">North and South America<\/a>. It also has an 800 million consumer market within four hours of its coastlines.<\/li>\n<\/ul>\n\n\n\n<h2 class=\"wp-block-heading\">Pesquisa de mercado na Jamaica<\/h2>\n\n\n\n<p>It is essential to conduct quantitative, qualitative, and strategic research. Another important thing to keep in mind is that focus groups and surveys are valuable. They can reveal the genuine opinions and ideas of customers. Besides, the <a href=\"https:\/\/www.sisinternational.com\/pt\/solucoes\/teste-de-sabor\/pesquisa-de-mercado-comparativa-de-testes-de-sabor\/\" title=\"Pesquisa comparativa de mercado de testes de sabor\"  data-wpil-monitor-id=\"7853\">market entry process in Jamaica is comparable<\/a> to that of many other nations. You should first take a trip to the island to look around. Your <a href=\"https:\/\/www.sisinternational.com\/pt\/pericia\/curriculos-de-experiencia\/curriculo-de-experiencia-na-industria-automotiva\/\" title=\"Empresa de pesquisa de mercado da ind\u00fastria automotiva\"  data-wpil-monitor-id=\"7852\">company can set up helpful industry<\/a> ties during a visit. These ties could be beneficial in allowing you to flourish in the market.<\/p>\n\n\n\n<p><\/p>","protected":false},"excerpt":{"rendered":"<p>Pesquisa de Mercado na Jamaica A Jamaica \u00e9 a terceira maior ilha do Caribe e a maior ilha de l\u00edngua inglesa da regi\u00e3o. Fica a cerca de 285 milhas ao norte do continente centro-americano. O Haiti, a leste, e Cuba, ao norte, s\u00e3o vizinhos pr\u00f3ximos. A Jamaica \u00e9 o lar de quase tr\u00eas milh\u00f5es de pessoas. Kingston, a capital e principal cidade da ilha, \u00e9\u2026 <a title=\"Pesquisa de mercado na Jamaica\" class=\"read-more\" href=\"https:\/\/www.sisinternational.com\/pt\/cobertura\/pesquisa-de-mercado-no-caribe\/pesquisa-de-mercado-na-jamaica\/\" aria-label=\"Leia mais sobre Pesquisa de Mercado na Jamaica\">Leia mais<\/a><\/p>","protected":false},"author":1,"featured_media":66130,"parent":33287,"menu_order":3,"comment_status":"closed","ping_status":"closed","template":"","meta":{"footnotes":""},"class_list":["post-39531","page","type-page","status-publish","has-post-thumbnail"],"_links":{"self":[{"href":"https:\/\/www.sisinternational.com\/pt\/wp-json\/wp\/v2\/pages\/39531","targetHints":{"allow":["GET"]}}],"collection":[{"href":"https:\/\/www.sisinternational.com\/pt\/wp-json\/wp\/v2\/pages"}],"about":[{"href":"https:\/\/www.sisinternational.com\/pt\/wp-json\/wp\/v2\/types\/page"}],"author":[{"embeddable":true,"href":"https:\/\/www.sisinternational.com\/pt\/wp-json\/wp\/v2\/users\/1"}],"replies":[{"embeddable":true,"href":"https:\/\/www.sisinternational.com\/pt\/wp-json\/wp\/v2\/comments?post=39531"}],"version-history":[{"count":3,"href":"https:\/\/www.sisinternational.com\/pt\/wp-json\/wp\/v2\/pages\/39531\/revisions"}],"predecessor-version":[{"id":81324,"href":"https:\/\/www.sisinternational.com\/pt\/wp-json\/wp\/v2\/pages\/39531\/revisions\/81324"}],"up":[{"embeddable":true,"href":"https:\/\/www.sisinternational.com\/pt\/wp-json\/wp\/v2\/pages\/33287"}],"wp:featuredmedia":[{"embeddable":true,"href":"https:\/\/www.sisinternational.com\/pt\/wp-json\/wp\/v2\/media\/66130"}],"wp:attachment":[{"href":"https:\/\/www.sisinternational.com\/pt\/wp-json\/wp\/v2\/media?parent=39531"}],"curies":[{"name":"wp","href":"https:\/\/api.w.org\/{rel}","templated":true}]}}