{"id":39523,"date":"2021-12-14T21:38:19","date_gmt":"2021-12-14T21:38:19","guid":{"rendered":"https:\/\/www.sisinternational.com\/?page_id=39523"},"modified":"2026-01-24T14:08:41","modified_gmt":"2026-01-24T19:08:41","slug":"pesquisa-de-mercado-bolivia","status":"publish","type":"page","link":"https:\/\/www.sisinternational.com\/pt\/cobertura\/latin-america\/pesquisa-de-mercado-na-america-latina\/pesquisa-de-mercado-bolivia\/","title":{"rendered":"Pesquisa de mercado na Bol\u00edvia"},"content":{"rendered":"<h1 class=\"wp-block-heading\">Pesquisa de mercado na Bol\u00edvia<\/h1>\n\n\n\n<figure class=\"gb-block-image gb-block-image-18e1348b\"><img loading=\"lazy\" decoding=\"async\" width=\"1456\" height=\"816\" class=\"gb-image gb-image-18e1348b\" src=\"https:\/\/www.sisinternational.com\/wp-content\/uploads\/2025\/09\/Bolivia-3.jpg\" alt=\"Pesquisa e Estrat\u00e9gia de Mercado Internacional da SIS\" title=\"Bolivia (3)\" srcset=\"https:\/\/www.sisinternational.com\/wp-content\/uploads\/2025\/09\/Bolivia-3.jpg 1456w, https:\/\/www.sisinternational.com\/wp-content\/uploads\/2025\/09\/Bolivia-3-300x168.jpg 300w, https:\/\/www.sisinternational.com\/wp-content\/uploads\/2025\/09\/Bolivia-3-1024x574.jpg 1024w, https:\/\/www.sisinternational.com\/wp-content\/uploads\/2025\/09\/Bolivia-3-768x430.jpg 768w, https:\/\/www.sisinternational.com\/wp-content\/uploads\/2025\/09\/Bolivia-3-18x10.jpg 18w\" sizes=\"auto, (max-width: 1456px) 100vw, 1456px\"><\/figure>\n\n\n\n<p><\/p>\n\n\n\n<p>Bolivia is in west-central South America. Sucre is the capital city, but the financial capital is La Paz. Bolivia went through some financial troubles in the 20th century. It has now bounced back better than ever. With rising GDP and falling rates of poverty, it is enjoying an economic boom. But good data is essential for the country to make good use of this new prosperity. Good knowledge of the <a href=\"https:\/\/www.sisinternational.com\/pt\/publicacoes\/pesquisa-de-mercado-de-negocios-escalaveis-7-maneiras-de-construir-um-negocio-escalavel\/\" title=\"Pesquisa de mercado de neg\u00f3cios escal\u00e1veis: 7 maneiras de construir um neg\u00f3cio escal\u00e1vel\"  data-wpil-monitor-id=\"8686\">market is a boon in any business<\/a> starting up there.<\/p>\n\n\n\n<h2 class=\"wp-block-heading\">Principais ind\u00fastrias<\/h2>\n\n\n\n<p>Agricultura, manufatura e servi\u00e7os s\u00e3o os setores l\u00edderes do pa\u00eds. Os servi\u00e7os constituem a maior parte do PIB do pa\u00eds devido ao recente crescimento do seu setor financeiro. A ind\u00fastria manufatureira \u00e9 a segunda mais importante. Esta ind\u00fastria inclui a produ\u00e7\u00e3o de t\u00eaxteis, roupas e petr\u00f3leo refinado. Uma das principais culturas de exporta\u00e7\u00e3o da Bol\u00edvia \u00e9 a coca. \u00c9 o terceiro maior exportador mundial da cultura. Mas, nos \u00faltimos anos, o principal produto de exporta\u00e7\u00e3o do pa\u00eds tem sido a soja. Algumas outras culturas not\u00e1veis s\u00e3o cana-de-a\u00e7\u00facar, milho, batata e banana.<\/p>\n\n\n\n<h2 class=\"wp-block-heading\">Bairros<\/h2>\n\n\n\n<p>Como a Bol\u00edvia n\u00e3o tem litoral, a maior parte do seu com\u00e9rcio \u00e9 com seus vizinhos pr\u00f3ximos. Esses vizinhos s\u00e3o Chile, Peru e Brasil. As regi\u00f5es da Bol\u00edvia t\u00eam muitos climas diferentes:<\/p>\n\n\n\n<ul class=\"wp-block-list\">\n<li>Regi\u00e3o de Llanos: \u00famida e tropical<\/li>\n\n\n\n<li>Regi\u00e3o do Altiplano: Deserto e Polar<\/li>\n\n\n\n<li>Regi\u00f5es do Vale e Yungas: Temperado<\/li>\n\n\n\n<li>Regi\u00e3o do Chaco: Subtropical e semi\u00e1rida<\/li>\n<\/ul>\n\n\n\n<p>Essa variedade permite ao pa\u00eds cultivar muitas culturas diferentes.<\/p>\n\n\n\n<p>A maioria das pessoas na Bol\u00edvia vive nas terras baixas. Quanto mais nos aproximamos dos Andes, mais escassa se torna a popula\u00e7\u00e3o.<\/p>\n\n\n\n<h2 class=\"wp-block-heading\">Tend\u00eancias<\/h2>\n\n\n\n<p>A grande mistura de pessoas cria uma cultura diversificada na Bol\u00edvia. A cultura \u00e9 diferente de outros pa\u00edses da Am\u00e9rica do Sul. Por exemplo, as pessoas criaram um novo tipo de arquitetura chamada \u201cBarroco Mesti\u00e7o\u201d. Al\u00e9m disso, produziu pintores como P\u00e9rez de Holgu\u00edn, Flores e outros, conhecidos mundialmente. O folclore do pa\u00eds tamb\u00e9m \u00e9 bastante rico. Por exemplo, existem as \u201cDan\u00e7as do Diabo\u201d no Carnaval anual de Oruro. H\u00e1 tamb\u00e9m o mais obscuro Carnaval do Trabuco.<\/p>\n\n\n\n<h2 class=\"wp-block-heading\">Benef\u00edcios e pontos fortes no mercado<\/h2>\n\n\n\n<figure class=\"gb-block-image gb-block-image-26e4f48f\"><img loading=\"lazy\" decoding=\"async\" width=\"1456\" height=\"816\" class=\"gb-image gb-image-26e4f48f\" src=\"https:\/\/www.sisinternational.com\/wp-content\/uploads\/2025\/09\/Bolivia-2.jpg\" alt=\"Pesquisa e Estrat\u00e9gia de Mercado Internacional da SIS\" title=\"Bolivia (2)\" srcset=\"https:\/\/www.sisinternational.com\/wp-content\/uploads\/2025\/09\/Bolivia-2.jpg 1456w, https:\/\/www.sisinternational.com\/wp-content\/uploads\/2025\/09\/Bolivia-2-300x168.jpg 300w, https:\/\/www.sisinternational.com\/wp-content\/uploads\/2025\/09\/Bolivia-2-1024x574.jpg 1024w, https:\/\/www.sisinternational.com\/wp-content\/uploads\/2025\/09\/Bolivia-2-768x430.jpg 768w, https:\/\/www.sisinternational.com\/wp-content\/uploads\/2025\/09\/Bolivia-2-18x10.jpg 18w\" sizes=\"auto, (max-width: 1456px) 100vw, 1456px\"><\/figure>\n\n\n\n<p><\/p>\n\n\n\n<p>The country tends to export more than it imports, so it has low debt. Bolivia has many financial services. These <a href=\"https:\/\/www.sisinternational.com\/pt\/solucoes\/pesquisa-de-mercado-consumidor\/\" title=\"Consumer Market Research Services for Smarter Business Decisions\"  data-wpil-monitor-id=\"8692\">services would boost any business<\/a> trying to work there. The population is well-educated and the country has a literacy rate of 100%. The skilled service industry there makes trade across the nation stress-free. Not only that, but they may even <a href=\"https:\/\/www.sisinternational.com\/pt\/publicacoes\/exportacao-do-mercado-intermediario-do-japao\/\" title=\"Expandindo seus neg\u00f3cios no Jap\u00e3o\"  data-wpil-monitor-id=\"8689\">grow your business<\/a>.<\/p>\n\n\n\n<h2 class=\"wp-block-heading\">Base de Consumidores<\/h2>\n\n\n\n<p>Bolivia is the fifth largest country in South America with many residents. The people there are of European, Asian, and indigenous descent. Most people speak Spanish, but there are some lesser-known dialects there. When it comes to development, the low-lying valleys are more urban than the rural highlands. In total, two-thirds of the citizens live in urban areas, with the rest in rural regions. One thing of note is that Bolivia has a young population. Most residents are between the ages of 15 and 59.<\/p>\n\n\n\n<h2 class=\"wp-block-heading\">Reasons to Grow Your Business in the Bolivian Market<\/h2>\n\n\n\n<p>A baixa taxa de pobreza e a baixa taxa de desemprego da Bol\u00edvia fazem dela um \u00f3timo lugar para investir. Possui muitos parceiros comerciais devido ao seu grande n\u00famero de recursos. Por exemplo, alguns parceiros comerciais not\u00e1veis incluem o Jap\u00e3o, os EUA, a Argentina e o Brasil. Faz a maior parte de seu com\u00e9rcio com Argentina e Brasil.<\/p>\n\n\n\n<p>The country has also become more urban. The rapid development of the country makes it easy for new businesses to move in. That ease of entry means one less concern for you. With that out of the way, you can focus on profit and growth.<\/p>\n\n\n\n<h2 class=\"wp-block-heading\">Sobre pesquisa de mercado na Bol\u00edvia<\/h2>\n\n\n\n<p>It\u2019s essential to use many different techniques to get the most helpful info. <a href=\"https:\/\/www.sisinternational.com\/pt\/solucoes\/solucoes-de-pesquisa-quantitativa-qualitativa\/pesquisa-de-mercado-de-servicos-de-campo\/\" title=\"Pesquisa de mercado de servi\u00e7os de campo\"  data-wpil-monitor-id=\"8691\">Research in the field<\/a> is the best approach. It lets you get the most up-to-date information. That current info will let you make better and more correct predictions. <a href=\"https:\/\/www.sisinternational.com\/pt\/solucoes\/solucoes-de-pesquisa-quantitativa-qualitativa\/recrutamento-de-pesquisa-qualitativa\/\" title=\"Recrutamento de Pesquisa Qualitativa\"  data-wpil-monitor-id=\"8683\">Qualitative and Quantitative research<\/a> is excellent for this. Those can help determine what works and what doesn\u2019t. Also, some other suitable <a href=\"https:\/\/www.sisinternational.com\/pt\/quantitative-market-research-methods-and-techniques\/\" title=\"Quantitative Market Research Methods and Techniques\"  data-wpil-monitor-id=\"8684\">methods include Strategy Research<\/a>, Focus Groups, and Surveys. They can give you a good idea of what is going on in consumers\u2019 heads.<\/p>\n\n\n\n<p>O <a href=\"https:\/\/www.sisinternational.com\/pt\/beauty-market-research-in-the-us\/\" title=\"Beauty Market Research in the US\"  data-wpil-monitor-id=\"893\">beauty of Market Research<\/a> is that it lets you be ahead of the curve in the market. That prior knowledge will put you ahead of your competitors so that you can beat them without a sweat.<\/p>\n\n\n\n<p><\/p>","protected":false},"excerpt":{"rendered":"<p>Pesquisa de Mercado na Bol\u00edvia A Bol\u00edvia fica no centro-oeste da Am\u00e9rica do Sul. Sucre \u00e9 a capital, mas a capital financeira \u00e9 La Paz. A Bol\u00edvia passou por alguns problemas financeiros no s\u00e9culo XX. Agora se recuperou melhor do que nunca. Com o aumento do PIB e a queda das taxas de pobreza, o pa\u00eds est\u00e1 a desfrutar de um boom econ\u00f3mico. Mas \u2026 <a title=\"Pesquisa de mercado na Bol\u00edvia\" class=\"read-more\" href=\"https:\/\/www.sisinternational.com\/pt\/cobertura\/latin-america\/pesquisa-de-mercado-na-america-latina\/pesquisa-de-mercado-bolivia\/\" aria-label=\"Leia mais sobre Pesquisa de Mercado na Bol\u00edvia\">Leia mais<\/a><\/p>","protected":false},"author":1,"featured_media":66214,"parent":14351,"menu_order":20,"comment_status":"closed","ping_status":"closed","template":"","meta":{"footnotes":""},"class_list":["post-39523","page","type-page","status-publish","has-post-thumbnail"],"_links":{"self":[{"href":"https:\/\/www.sisinternational.com\/pt\/wp-json\/wp\/v2\/pages\/39523","targetHints":{"allow":["GET"]}}],"collection":[{"href":"https:\/\/www.sisinternational.com\/pt\/wp-json\/wp\/v2\/pages"}],"about":[{"href":"https:\/\/www.sisinternational.com\/pt\/wp-json\/wp\/v2\/types\/page"}],"author":[{"embeddable":true,"href":"https:\/\/www.sisinternational.com\/pt\/wp-json\/wp\/v2\/users\/1"}],"replies":[{"embeddable":true,"href":"https:\/\/www.sisinternational.com\/pt\/wp-json\/wp\/v2\/comments?post=39523"}],"version-history":[{"count":4,"href":"https:\/\/www.sisinternational.com\/pt\/wp-json\/wp\/v2\/pages\/39523\/revisions"}],"predecessor-version":[{"id":81457,"href":"https:\/\/www.sisinternational.com\/pt\/wp-json\/wp\/v2\/pages\/39523\/revisions\/81457"}],"up":[{"embeddable":true,"href":"https:\/\/www.sisinternational.com\/pt\/wp-json\/wp\/v2\/pages\/14351"}],"wp:featuredmedia":[{"embeddable":true,"href":"https:\/\/www.sisinternational.com\/pt\/wp-json\/wp\/v2\/media\/66214"}],"wp:attachment":[{"href":"https:\/\/www.sisinternational.com\/pt\/wp-json\/wp\/v2\/media?parent=39523"}],"curies":[{"name":"wp","href":"https:\/\/api.w.org\/{rel}","templated":true}]}}