{"id":39521,"date":"2021-12-14T21:19:21","date_gmt":"2021-12-14T21:19:21","guid":{"rendered":"https:\/\/www.sisinternational.com\/?page_id=39521"},"modified":"2025-09-14T21:44:05","modified_gmt":"2025-09-15T01:44:05","slug":"pesquisa-de-mercado-belize","status":"publish","type":"page","link":"https:\/\/www.sisinternational.com\/pt\/cobertura\/latin-america\/pesquisa-de-mercado-na-america-latina\/pesquisa-de-mercado-belize\/","title":{"rendered":"Pesquisa de mercado em Belize"},"content":{"rendered":"<h1 class=\"wp-block-heading\">Pesquisa de mercado em Belize<\/h1>\n\n\n\n<figure class=\"gb-block-image gb-block-image-51ec4602\"><img loading=\"lazy\" decoding=\"async\" width=\"1456\" height=\"816\" class=\"gb-image gb-image-51ec4602\" src=\"https:\/\/www.sisinternational.com\/wp-content\/uploads\/2025\/09\/Belize-3.jpg\" alt=\"Pesquisa e Estrat\u00e9gia de Mercado Internacional da SIS\" title=\"Belize (3)\" srcset=\"https:\/\/www.sisinternational.com\/wp-content\/uploads\/2025\/09\/Belize-3.jpg 1456w, https:\/\/www.sisinternational.com\/wp-content\/uploads\/2025\/09\/Belize-3-300x168.jpg 300w, https:\/\/www.sisinternational.com\/wp-content\/uploads\/2025\/09\/Belize-3-1024x574.jpg 1024w, https:\/\/www.sisinternational.com\/wp-content\/uploads\/2025\/09\/Belize-3-768x430.jpg 768w, https:\/\/www.sisinternational.com\/wp-content\/uploads\/2025\/09\/Belize-3-18x10.jpg 18w\" sizes=\"auto, (max-width: 1456px) 100vw, 1456px\"><\/figure>\n\n\n\n<p><\/p>\n\n\n\n<p>Uma coisa que destaca Belize \u00e9 o seu pequeno n\u00famero \u2013 tem a menor popula\u00e7\u00e3o da Am\u00e9rica Central. Seus vizinhos s\u00e3o o M\u00e9xico e a Guatemala. Sua maior cidade \u00e9 a cidade de Belize e sua capital \u00e9 Belmopan.<\/p>\n\n\n\n<p>The main languages are English and Spanish. Mayan is another spoken language, as are&nbsp;Kriol, German, Garifuna, and Chinese. The Mestizo is the most common ethnic <a href=\"https:\/\/www.sisinternational.com\/pt\/solucoes\/grupos-de-foco\/instalacoes-de-grupos-focais-em-nova-york\/\" title=\"Instala\u00e7\u00f5es do Focus Group em Nova York\"  data-wpil-monitor-id=\"8960\">group within the city<\/a>. Creole, Maya, Garifuna, East Indian, Caucasian, and Asian are further ethnic groups. More than half of the country practices the Christian religion. The currency is the Belize dollar (BZD).<\/p>\n\n\n\n<h2 class=\"wp-block-heading\">Principais ind\u00fastrias<\/h2>\n\n\n\n<p>Belize tem uma economia pequena e privada. Grande parte de sua renda vem da agricultura, turismo e servi\u00e7os. O petr\u00f3leo \u00e9 mais uma nova adi\u00e7\u00e3o a esta lista. A cidade de Spanish Lookout agora abriga um campo petrol\u00edfero. Trouxe novas perspectivas e problemas para este pa\u00eds em desenvolvimento. Os principais produtos de exporta\u00e7\u00e3o de Belize s\u00e3o frutas c\u00edtricas, a\u00e7\u00facar e bananas. O d\u00e9fice comercial de Belize tem aumentado devido aos baixos pre\u00e7os de exporta\u00e7\u00e3o do a\u00e7\u00facar e das bananas.<\/p>\n\n\n\n<h2 class=\"wp-block-heading\">Bairros<\/h2>\n\n\n\n<p>Belmopan, a capital, \u00e9 a capital menos populosa do continente americano. Belmopan \u00e9 tamb\u00e9m o terceiro maior assentamento de Belize. Outros assentamentos importantes s\u00e3o San Ignacio e Belize City. Belmopan, que surgiu como comunidade planejada em 1970, \u00e9 uma das mais novas capitais nacionais do mundo. Desde 2000, Belmopan \u00e9 um dos dois assentamentos em Belize com status oficial de cidade. A outra \u00e9 a cidade de Belize.<\/p>\n\n\n\n<p>A cidade de Belize, a maior cidade, j\u00e1 foi a capital das antigas Honduras brit\u00e2nicas. \u00c9 o porto principal. \u00c9 tamb\u00e9m um centro financeiro e industrial. Em outubro de 1961, o furac\u00e3o Hati quase destruiu a cidade de Belize. Foi a capital at\u00e9 que o governo se mudou para Belmopan em 1970.<\/p>\n\n\n\n<h2 class=\"wp-block-heading\">Tend\u00eancias<\/h2>\n\n\n\n<figure class=\"gb-block-image gb-block-image-818eed39\"><img loading=\"lazy\" decoding=\"async\" width=\"1456\" height=\"816\" class=\"gb-image gb-image-818eed39\" src=\"https:\/\/www.sisinternational.com\/wp-content\/uploads\/2025\/09\/Belize-4.jpg\" alt=\"Pesquisa e Estrat\u00e9gia de Mercado Internacional da SIS\" title=\"Belize (4)\" srcset=\"https:\/\/www.sisinternational.com\/wp-content\/uploads\/2025\/09\/Belize-4.jpg 1456w, https:\/\/www.sisinternational.com\/wp-content\/uploads\/2025\/09\/Belize-4-300x168.jpg 300w, https:\/\/www.sisinternational.com\/wp-content\/uploads\/2025\/09\/Belize-4-1024x574.jpg 1024w, https:\/\/www.sisinternational.com\/wp-content\/uploads\/2025\/09\/Belize-4-768x430.jpg 768w, https:\/\/www.sisinternational.com\/wp-content\/uploads\/2025\/09\/Belize-4-18x10.jpg 18w\" sizes=\"auto, (max-width: 1456px) 100vw, 1456px\"><\/figure>\n\n\n\n<p><\/p>\n\n\n\n<p>H\u00e1 um aumento no n\u00famero de turistas. Belize se tornou uma meca de f\u00e9rias em r\u00e1pido crescimento na regi\u00e3o. Tamb\u00e9m viu uma grande onda de inova\u00e7\u00e3o. Agora lidera nas \u00e1reas mais quentes da tecnologia (realidade virtual e criptomoedas).<\/p>\n\n\n\n<h2 class=\"wp-block-heading\">Benef\u00edcios e pontos fortes no mercado<\/h2>\n\n\n\n<ol class=\"wp-block-list\">\n<li>Potencial tur\u00edstico.<\/li>\n\n\n\n<li>Apoio de ag\u00eancias de cr\u00e9dito externas.<\/li>\n<\/ol>\n\n\n\n<h2 class=\"wp-block-heading\">Raz\u00f5es para expandir seus neg\u00f3cios em Belize<\/h2>\n\n\n\n<ul class=\"wp-block-list\">\n<li>O governo prioriza o emprego de belizenhos. Tamb\u00e9m oferece incentivos para empresas que desejam melhorar a economia. Estas incluem isen\u00e7\u00f5es fiscais e isen\u00e7\u00f5es de direitos de importa\u00e7\u00e3o e exporta\u00e7\u00e3o.<\/li>\n\n\n\n<li>Belize fica perto dos Estados Unidos, o que significa que \u00e9 de f\u00e1cil acesso. Al\u00e9m disso, as companhias a\u00e9reas oferecem voos diretos de Nova York, Calif\u00f3rnia, Ge\u00f3rgia, Fl\u00f3rida e Texas.<\/li>\n\n\n\n<li>A l\u00edngua principal de Belize \u00e9 o ingl\u00eas\/crioulo. Al\u00e9m disso, a maioria dos habitantes locais fala ingl\u00eas e espanhol, duas das l\u00ednguas mais populares do mundo.<\/li>\n\n\n\n<li>Belize tem la\u00e7os com a Am\u00e9rica Central e o Caribe. Assim, conta com o benef\u00edcio dos acordos comerciais assinados entre estas duas regi\u00f5es.<\/li>\n\n\n\n<li>Belize is still very young and is a developing country. Hence, there are many <a href=\"https:\/\/www.sisinternational.com\/pt\/oportunidades-bancarias-islamicas-e-obstaculos-para-a-industria-financeira-dos-eua\/\" title=\"Banco Isl\u00e2mico: Oportunidades e Obst\u00e1culos para a Ind\u00fastria Financeira dos EUA\"  data-wpil-monitor-id=\"8962\">opportunities to enter new industries<\/a>.<\/li>\n\n\n\n<li>O sal\u00e1rio m\u00ednimo em Belize \u00e9 um dos mais altos da regi\u00e3o. No entanto, ainda \u00e9 deficiente em compara\u00e7\u00e3o com o sal\u00e1rio m\u00ednimo nos pa\u00edses desenvolvidos.<\/li>\n\n\n\n<li>Real estate is cheap to rent or buy. As a matter of fact, much of the land in Belize remains undeveloped. This is good news if your <a href=\"https:\/\/www.sisinternational.com\/pt\/abrir-um-negocio-na-turquia\/\" title=\"Abrir um neg\u00f3cio na Turquia\"  data-wpil-monitor-id=\"8963\">business plans include setting<\/a> up a farm. The land could also be useful for other purposes. Your business might be far from the city or town, but the land prices will be much lower.<\/li>\n<\/ul>\n\n\n\n<h2 class=\"wp-block-heading\">Sobre pesquisa de mercado em Belize<\/h2>\n\n\n\n<p>Would you like to set up a business in Belize? If so, then you\u2019re in the right place. We set up focus <a href=\"https:\/\/www.sisinternational.com\/pt\/solucoes\/solucoes-de-pesquisa-quantitativa-qualitativa\/testes-de-localizacao-central-vs-grupos-focais\/\" title=\"Testes de localiza\u00e7\u00e3o central vs grupos focais\"  data-wpil-monitor-id=\"8961\">groups<\/a> in different areas of business in Central America. Likewise, we can conduct quantitative, qualitative, and strategic research for you. This step is vital for doing business in Belize. We will collect the <a href=\"https:\/\/www.sisinternational.com\/pt\/analysis-b2b\/\" title=\"What Business Leaders Need to Know Right Now\"  data-wpil-monitor-id=\"8964\">needed details for you and your business<\/a>. Our interviews, surveys, and other <a href=\"https:\/\/www.sisinternational.com\/pt\/quantitative-market-research-methods-and-techniques\/\" title=\"Quantitative Market Research Methods and Techniques\"  data-wpil-monitor-id=\"8959\">market research methods<\/a> will ensure your success.<\/p>\n\n\n\n<p><\/p>","protected":false},"excerpt":{"rendered":"<p>Market Research in Belize One thing that makes Belize stand out is its small numbers \u2013 it has the smallest populace in Central America. Its neighbors are Mexico and Guatemala. Its largest city is Belize City, and its capital is Belmopan. The main languages are English and Spanish. Mayan is another spoken language, as are&nbsp;Kriol, &#8230; <a title=\"Pesquisa de mercado em Belize\" class=\"read-more\" href=\"https:\/\/www.sisinternational.com\/pt\/cobertura\/latin-america\/pesquisa-de-mercado-na-america-latina\/pesquisa-de-mercado-belize\/\" aria-label=\"Leia mais sobre Pesquisa de Mercado em Belize\">Leia mais<\/a><\/p>","protected":false},"author":1,"featured_media":66210,"parent":14351,"menu_order":19,"comment_status":"closed","ping_status":"closed","template":"","meta":{"footnotes":""},"class_list":["post-39521","page","type-page","status-publish","has-post-thumbnail"],"_links":{"self":[{"href":"https:\/\/www.sisinternational.com\/pt\/wp-json\/wp\/v2\/pages\/39521","targetHints":{"allow":["GET"]}}],"collection":[{"href":"https:\/\/www.sisinternational.com\/pt\/wp-json\/wp\/v2\/pages"}],"about":[{"href":"https:\/\/www.sisinternational.com\/pt\/wp-json\/wp\/v2\/types\/page"}],"author":[{"embeddable":true,"href":"https:\/\/www.sisinternational.com\/pt\/wp-json\/wp\/v2\/users\/1"}],"replies":[{"embeddable":true,"href":"https:\/\/www.sisinternational.com\/pt\/wp-json\/wp\/v2\/comments?post=39521"}],"version-history":[{"count":3,"href":"https:\/\/www.sisinternational.com\/pt\/wp-json\/wp\/v2\/pages\/39521\/revisions"}],"predecessor-version":[{"id":81502,"href":"https:\/\/www.sisinternational.com\/pt\/wp-json\/wp\/v2\/pages\/39521\/revisions\/81502"}],"up":[{"embeddable":true,"href":"https:\/\/www.sisinternational.com\/pt\/wp-json\/wp\/v2\/pages\/14351"}],"wp:featuredmedia":[{"embeddable":true,"href":"https:\/\/www.sisinternational.com\/pt\/wp-json\/wp\/v2\/media\/66210"}],"wp:attachment":[{"href":"https:\/\/www.sisinternational.com\/pt\/wp-json\/wp\/v2\/media?parent=39521"}],"curies":[{"name":"wp","href":"https:\/\/api.w.org\/{rel}","templated":true}]}}