{"id":39515,"date":"2021-12-14T20:40:24","date_gmt":"2021-12-14T20:40:24","guid":{"rendered":"https:\/\/www.sisinternational.com\/?page_id=39515"},"modified":"2025-09-14T21:39:55","modified_gmt":"2025-09-15T01:39:55","slug":"pesquisa-de-mercado-de-servicos-ambientais","status":"publish","type":"page","link":"https:\/\/www.sisinternational.com\/pt\/pericia\/pesquisa-de-mercado-de-servicos-ambientais\/","title":{"rendered":"Pesquisa de mercado de servi\u00e7os ambientais"},"content":{"rendered":"<h1 class=\"wp-block-heading\">Pesquisa de mercado de servi\u00e7os ambientais<\/h1>\n\n\n\n<figure class=\"gb-block-image gb-block-image-1ab0731b\"><img loading=\"lazy\" decoding=\"async\" width=\"1456\" height=\"816\" class=\"gb-image gb-image-1ab0731b\" src=\"https:\/\/www.sisinternational.com\/wp-content\/uploads\/2025\/08\/Environmental-Services-5.jpg\" alt=\"Pesquisa e Estrat\u00e9gia de Mercado Internacional da SIS\" title=\"Environmental Services (5)\" srcset=\"https:\/\/www.sisinternational.com\/wp-content\/uploads\/2025\/08\/Environmental-Services-5.jpg 1456w, https:\/\/www.sisinternational.com\/wp-content\/uploads\/2025\/08\/Environmental-Services-5-300x168.jpg 300w, https:\/\/www.sisinternational.com\/wp-content\/uploads\/2025\/08\/Environmental-Services-5-1024x574.jpg 1024w, https:\/\/www.sisinternational.com\/wp-content\/uploads\/2025\/08\/Environmental-Services-5-768x430.jpg 768w, https:\/\/www.sisinternational.com\/wp-content\/uploads\/2025\/08\/Environmental-Services-5-18x10.jpg 18w\" sizes=\"auto, (max-width: 1456px) 100vw, 1456px\"><\/figure>\n\n\n\n<p><\/p>\n\n\n\n<h2 class=\"wp-block-heading\">O que s\u00e3o servi\u00e7os ambientais?<\/h2>\n\n\n\n<p>Environmental Services is the proper care of natural assets, such as land, water, and air. It includes the provision of food and clean water and covers things like flood and disease control. Environmental Services also involve nutrient cycling, which keeps the conditions for life on Earth perfect. In addition, it includes the supply of raw materials. It also covers the energy used to produce goods. It\u2019s also the cleanup of trash caused by human acts and their role in life support and landscape upkeep.<\/p>\n\n\n\n<h2 class=\"wp-block-heading\">Por que os servi\u00e7os ambientais s\u00e3o importantes?<\/h2>\n\n\n\n<p>Experts have related mortality, health status, illness (including chronic diseases), and poor birth outcomes to social and cultural factors. Equally important are mental health and other major health indicators, which depend on one\u2019s environment. That\u2019s why it\u2019s important to realize that societies need to put environmental services in place. In fact, it enables them to deal with such issues.<\/p>\n\n\n\n<h2 class=\"wp-block-heading\">Cargo principal<\/h2>\n\n\n\n<h3 class=\"wp-block-heading\">Engenheiro de Qualidade do Ar<\/h3>\n\n\n\n<p>Esses especialistas s\u00e3o respons\u00e1veis pela qualidade do ar. Na verdade, eles trabalham para manter o melhor n\u00edvel de ar poss\u00edvel e disponibiliz\u00e1-lo \u00e0s pessoas em todas as \u00e1reas.<\/p>\n\n\n\n<h3 class=\"wp-block-heading\">Cientista Conservacionista<\/h3>\n\n\n\n<p>Cientistas conservacionistas supervisionam os recursos do pa\u00eds. Eles se esfor\u00e7am para consertar e manter esses recursos.<\/p>\n\n\n\n<h3 class=\"wp-block-heading\">Advogado Ambiental<\/h3>\n\n\n\n<p>These are lawyers who focus on the legal laws and aspects of land, air, and water. They might also stand for <a href=\"https:\/\/www.sisinternational.com\/pt\/solucoes\/legal-market-research\/client-retention-strategies-in-law-firms\/\" title=\"Client Retention Strategies in Law Firms\u00a0\u00a0\"  data-wpil-monitor-id=\"7986\">clientes<\/a> in cases that concern water law and climate change law. Land management is another function of these lawyers.<\/p>\n\n\n\n<h2 class=\"wp-block-heading\">Por que as empresas precisam de servi\u00e7os ambientais?<\/h2>\n\n\n\n<figure class=\"gb-block-image gb-block-image-48361a79\"><img loading=\"lazy\" decoding=\"async\" width=\"1456\" height=\"816\" class=\"gb-image gb-image-48361a79\" src=\"https:\/\/www.sisinternational.com\/wp-content\/uploads\/2025\/08\/Environmental-Services-3.jpg\" alt=\"Pesquisa e Estrat\u00e9gia de Mercado Internacional da SIS\" title=\"Environmental Services (3)\" srcset=\"https:\/\/www.sisinternational.com\/wp-content\/uploads\/2025\/08\/Environmental-Services-3.jpg 1456w, https:\/\/www.sisinternational.com\/wp-content\/uploads\/2025\/08\/Environmental-Services-3-300x168.jpg 300w, https:\/\/www.sisinternational.com\/wp-content\/uploads\/2025\/08\/Environmental-Services-3-1024x574.jpg 1024w, https:\/\/www.sisinternational.com\/wp-content\/uploads\/2025\/08\/Environmental-Services-3-768x430.jpg 768w, https:\/\/www.sisinternational.com\/wp-content\/uploads\/2025\/08\/Environmental-Services-3-18x10.jpg 18w\" sizes=\"auto, (max-width: 1456px) 100vw, 1456px\"><\/figure>\n\n\n\n<p><\/p>\n\n\n\n<h3 class=\"wp-block-heading\">Cuidado com o p\u00fablico<\/h3>\n\n\n\n<p>In rare situations, a building project may harm the wider area even more than other factors such as air or water pollution. It might negatively impact the people and animals that live there. Moreover, ecological systems and local life cycles can be pretty fragile. A minor change in the environment can upset their balance straightaway. Thus, it pays to engage the <a href=\"https:\/\/www.sisinternational.com\/pt\/solucoes\/pesquisa-de-consultoria-em-estrategia-fintech\/engenharia-de-vendas-consultoria-em-servicos-financeiros\/\" title=\"Consultoria em servi\u00e7os financeiros de engenharia de vendas\"  data-wpil-monitor-id=\"7985\">services of an environmental consulting<\/a> firm. Companies should always do so before taking on a large-scale project.<\/p>\n\n\n\n<h3 class=\"wp-block-heading\">Siga as regras federais atuais, novas e antigas<\/h3>\n\n\n\n<p>Mercados, marcas e empresas est\u00e3o sujeitos a regulamenta\u00e7\u00f5es governamentais demoradas e complexas. Embora a raz\u00e3o por tr\u00e1s desses crit\u00e9rios possa ser s\u00f3lida, cumpri-los pode parecer dif\u00edcil. Assim, \u00e9 mais f\u00e1cil ter um especialista ambiental ao seu lado.<\/p>\n\n\n\n<h3 class=\"wp-block-heading\">Lucros para sua empresa<\/h3>\n\n\n\n<p>Hiring an environmental <a href=\"https:\/\/www.sisinternational.com\/pt\/servicos-de-publicidade-multicultural-para-uma-empresa-ferroviaria-conhecida\/\" title=\"Servi\u00e7os de publicidade multicultural para uma empresa ferrovi\u00e1ria conhecida\"  data-wpil-monitor-id=\"7987\">service firm is in your company\u2019s<\/a> best interests. If you don\u2019t, you could end up spending loads of money having to move your operation. That\u2019s why it\u2019s essential to know if your project is suitable for its location. You also need to see if it complies with your state\u2019s laws. If it doesn\u2019t, it could result in higher fees and more costly revisions. You may even have to compensate residents affected by the work.<\/p>\n\n\n\n<h3 class=\"wp-block-heading\">Importante fator de sucesso<\/h3>\n\n\n\n<p>As \u00e1rvores da floresta d\u00e3o ar puro ao mundo. Podem tamb\u00e9m servir como \u201cburacos\u201d que ajudam a compensar as actuais mudan\u00e7as clim\u00e1ticas severas na Terra. A m\u00e1 qualidade do ar \u00e9 um efeito de processos industriais deficientes. Estes processos deficientes tamb\u00e9m causaram a polui\u00e7\u00e3o da \u00e1gua, que teve impactos de longo alcance. Reduz os nutrientes do solo, mata peixes e \u00e9 terr\u00edvel para a sa\u00fade humana e para o corpo.<\/p>\n\n\n\n<h2 class=\"wp-block-heading\">Sobre a pesquisa de mercado de servi\u00e7os ambientais<\/h2>\n\n\n\n<p>O Departamento de Servi\u00e7os Ambientais (DES) existe para resolver essas quest\u00f5es. Quer oferecer servi\u00e7os como os do DES? Por exemplo, sua empresa pode retirar lixo, res\u00edduos recicl\u00e1veis e folhas secas o ano todo. O DES tamb\u00e9m cuida do nosso sistema de \u00e1gua, parques e cemit\u00e9rios. Eles removem neve e gelo, abrem \u00e1reas e terrenos baldios, plantam e podam \u00e1rvores e fazem muito mais.<\/p>\n\n\n\n<p>Can you offer programs in cities to protect and clean up the environment? Or can it preserve groundwater and boost solid waste collection? Surveys, focus groups, and interviews are critical parts of knowing what citizens want. You will also need to use quantitative, qualitative, and strategic research. These tools will let you know what features have been lagging and which parts are doing well.<\/p>\n\n\n\n<p><\/p>","protected":false},"excerpt":{"rendered":"<p>Sua empresa pode proteger o meio ambiente, preservar as \u00e1guas subterr\u00e2neas e aumentar a coleta de res\u00edduos com base no feedback dos cidad\u00e3os e em pesquisas de mercado.<\/p>","protected":false},"author":1,"featured_media":64613,"parent":14514,"menu_order":86,"comment_status":"closed","ping_status":"closed","template":"","meta":{"footnotes":""},"class_list":["post-39515","page","type-page","status-publish","has-post-thumbnail"],"_links":{"self":[{"href":"https:\/\/www.sisinternational.com\/pt\/wp-json\/wp\/v2\/pages\/39515","targetHints":{"allow":["GET"]}}],"collection":[{"href":"https:\/\/www.sisinternational.com\/pt\/wp-json\/wp\/v2\/pages"}],"about":[{"href":"https:\/\/www.sisinternational.com\/pt\/wp-json\/wp\/v2\/types\/page"}],"author":[{"embeddable":true,"href":"https:\/\/www.sisinternational.com\/pt\/wp-json\/wp\/v2\/users\/1"}],"replies":[{"embeddable":true,"href":"https:\/\/www.sisinternational.com\/pt\/wp-json\/wp\/v2\/comments?post=39515"}],"version-history":[{"count":4,"href":"https:\/\/www.sisinternational.com\/pt\/wp-json\/wp\/v2\/pages\/39515\/revisions"}],"predecessor-version":[{"id":81346,"href":"https:\/\/www.sisinternational.com\/pt\/wp-json\/wp\/v2\/pages\/39515\/revisions\/81346"}],"up":[{"embeddable":true,"href":"https:\/\/www.sisinternational.com\/pt\/wp-json\/wp\/v2\/pages\/14514"}],"wp:featuredmedia":[{"embeddable":true,"href":"https:\/\/www.sisinternational.com\/pt\/wp-json\/wp\/v2\/media\/64613"}],"wp:attachment":[{"href":"https:\/\/www.sisinternational.com\/pt\/wp-json\/wp\/v2\/media?parent=39515"}],"curies":[{"name":"wp","href":"https:\/\/api.w.org\/{rel}","templated":true}]}}