{"id":39347,"date":"2021-11-22T15:38:29","date_gmt":"2021-11-22T15:38:29","guid":{"rendered":"https:\/\/www.sisinternational.com\/?page_id=39347"},"modified":"2025-09-14T21:39:00","modified_gmt":"2025-09-15T01:39:00","slug":"q-pesquisa-de-mercado-de-comercio","status":"publish","type":"page","link":"https:\/\/www.sisinternational.com\/pt\/pericia\/q-pesquisa-de-mercado-de-comercio\/","title":{"rendered":"Pesquisa de mercado Q-Commerce"},"content":{"rendered":"<h1 class=\"wp-block-heading\">Pesquisa de mercado Q-Commerce<\/h1>\n\n\n\n<figure class=\"gb-block-image gb-block-image-46bf74f5\"><img loading=\"lazy\" decoding=\"async\" width=\"1456\" height=\"816\" class=\"gb-image gb-image-46bf74f5\" src=\"https:\/\/www.sisinternational.com\/wp-content\/uploads\/2025\/08\/ecommerce-e-commerce-5.jpg\" alt=\"Pesquisa e Estrat\u00e9gia de Mercado Internacional da SIS\" title=\"ecommerce e-commerce (5)\" srcset=\"https:\/\/www.sisinternational.com\/wp-content\/uploads\/2025\/08\/ecommerce-e-commerce-5.jpg 1456w, https:\/\/www.sisinternational.com\/wp-content\/uploads\/2025\/08\/ecommerce-e-commerce-5-300x168.jpg 300w, https:\/\/www.sisinternational.com\/wp-content\/uploads\/2025\/08\/ecommerce-e-commerce-5-1024x574.jpg 1024w, https:\/\/www.sisinternational.com\/wp-content\/uploads\/2025\/08\/ecommerce-e-commerce-5-768x430.jpg 768w, https:\/\/www.sisinternational.com\/wp-content\/uploads\/2025\/08\/ecommerce-e-commerce-5-18x10.jpg 18w\" sizes=\"auto, (max-width: 1456px) 100vw, 1456px\"><\/figure>\n\n\n\n<p><\/p>\n\n\n\n<h2 class=\"wp-block-heading\">O que \u00e9 Q-Commerce?<\/h2>\n\n\n\n<p>Q Commerce, onde Q significa \u201cr\u00e1pido\u201d, \u00e9 um tipo de com\u00e9rcio eletr\u00f4nico. Tamb\u00e9m \u00e9 conhecido como entrega sob demanda ou e-mercearia. A principal caracter\u00edstica do Q commerce \u00e9 a entrega de mercadorias (geralmente mantimentos) aos clientes em menos de uma hora. Algumas empresas oferecem um prazo de entrega de 30 minutos ou menos.<\/p>\n\n\n\n<h2 class=\"wp-block-heading\">Por que o Q Commerce \u00e9 importante?<\/h2>\n\n\n\n<p>Q-commerce economiza no tempo de entrega. O com\u00e9rcio eletr\u00f4nico ou as compras presenciais n\u00e3o permitem isso. Assim, o Q-commerce \u00e9 uma vantagem para pessoas ocupadas. Para pessoas idosas ou com defici\u00eancia, o Q-commerce elimina a maior parte do inc\u00f4modo das compras. Devido ao COVID-19, muitas pessoas se preocupam com o acesso seguro a mantimentos e medicamentos. O Q-commerce auxilia esse novo modo de vida.<\/p>\n\n\n\n<p>O Q-commerce permite que as empresas sejam mais flex\u00edveis. Mais uma vez, devido \u00e0 COVID-19, as necessidades do consumidor tornaram-se mais dif\u00edceis de satisfazer. Assim, muitas lojas se expandiram para incluir o Q commerce em seus neg\u00f3cios.<\/p>\n\n\n\n<h2 class=\"wp-block-heading\">Principais cargos<\/h2>\n\n\n\n<p>O Q Commerce tem empregos dispon\u00edveis em muitas \u00e1reas. Aqui est\u00e3o alguns cargos importantes:<\/p>\n\n\n\n<ul class=\"wp-block-list\">\n<li>Desenvolvedor Web<\/li>\n\n\n\n<li>T\u00e9cnicos de TI<\/li>\n\n\n\n<li>Atendente de pedidos<\/li>\n\n\n\n<li>Representante de atendimento ao cliente<\/li>\n\n\n\n<li>Gerente de armaz\u00e9m<\/li>\n\n\n\n<li>Motorista de entrega<\/li>\n<\/ul>\n\n\n\n<h2 class=\"wp-block-heading\">Por que as empresas precisam de pesquisa de mercado Q Commerce<\/h2>\n\n\n\n<p>Q-commerce expands the client base for retailers. Technology allows clients to have access to more retailers. With effective social media advertising and websites, <a href=\"https:\/\/www.sisinternational.com\/pt\/solucoes\/pesquisa-de-mercado-consumidor\/\" title=\"Consumer Market Research Services for Smarter Business Decisions\"  data-wpil-monitor-id=\"7906\">consumers can discover Q commerce businesses<\/a>. Q commerce also provides <a href=\"https:\/\/www.sisinternational.com\/pt\/solucoes\/pesquisa-de-consultoria-em-estrategia-fintech\/consultoria-de-aquisicao-de-clientes-de-servicos-financeiros\/\" title=\"Consultoria de aquisi\u00e7\u00e3o de clientes de servi\u00e7os financeiros\"  data-wpil-monitor-id=\"7908\">service<\/a> without needing the square footage for customer interaction. Customer interaction happens online. To upgrade the service, some companies will only need to set up and staff warehouses.<\/p>\n\n\n\n<p>Al\u00e9m disso, a pandemia pode diminuir, mas mudar\u00e1 a forma como os clientes escolhem fazer compras. As \u201cDark Stores\u201d tornaram-se muito populares. S\u00e3o lojas f\u00edsicas que agora atendem apenas pedidos online. Esta tend\u00eancia mostra que o Q commerce \u00e9 o pr\u00f3ximo passo para as empresas. O Q-commerce impediu que muitas empresas paralisassem. Tamb\u00e9m criou outra forma de seguran\u00e7a financeira.<\/p>\n\n\n\n<h2 class=\"wp-block-heading\">Principais fatores de sucesso<\/h2>\n\n\n\n<p>While Q-commerce may appear simple, it could fail if not done well. Here are some <a href=\"https:\/\/www.sisinternational.com\/pt\/principais-fatores-de-sucesso-na-pesquisa-de-mercado-automotivo\/\" title=\"Principais fatores de sucesso na pesquisa de mercado automotivo\"  data-wpil-monitor-id=\"7901\">key factors for success<\/a>.<\/p>\n\n\n\n<h3 class=\"wp-block-heading\">Necessidade do servi\u00e7o<\/h3>\n\n\n\n<p>Before starting a Q-commerce business, the entrepreneur should do the necessary groundwork. The research will let them know if it would be profitable. Q commerce would be an <a href=\"https:\/\/www.sisinternational.com\/pt\/solucoes\/solucoes-de-pesquisa-quantitativa-qualitativa\/food-taste-testing-in-new-york\/\" title=\"Why New York City is an Excellent Test City for Food Taste Testing\"  data-wpil-monitor-id=\"7905\">excellent investment in a busy city<\/a> or area near the elderly. It may not work in small or remote towns.<\/p>\n\n\n\n<h3 class=\"wp-block-heading\">Presen\u00e7a online confi\u00e1vel<\/h3>\n\n\n\n<p>Os consumidores ter\u00e3o d\u00favidas ou d\u00favidas sobre os servi\u00e7os ou seus pedidos. A empresa deve ter um representante pronto para atend\u00ea-los. Existem m\u00eddias sociais e programas de software que podem ajudar nisso. Esses programas fornecem ajuda quase 24 horas por dia aos clientes.<\/p>\n\n\n\n<h3 class=\"wp-block-heading\">Um site f\u00e1cil de usar<\/h3>\n\n\n\n<p>In Q commerce, the brunt of the client\/company interaction may be non-verbal. The customer might have to send messages or use surveys. You should state the <a href=\"https:\/\/www.sisinternational.com\/pt\/servicos-de-publicidade-multicultural-para-uma-empresa-ferroviaria-conhecida\/\" title=\"Servi\u00e7os de publicidade multicultural para uma empresa ferrovi\u00e1ria conhecida\"  data-wpil-monitor-id=\"7907\">services and the policies of the company<\/a> in a prominent place on the site. Websites with sparse or confusing information will prevent people from interacting with them.<\/p>\n\n\n\n<h3 class=\"wp-block-heading\">Prote\u00e7\u00e3o e apoio jur\u00eddico<\/h3>\n\n\n\n<p>Voc\u00ea tamb\u00e9m deve se certificar de que tudo no site \u00e9 legal e honesto. A empresa pode ter desafios de clientes ou de outras empresas. Seria ben\u00e9fico ter apoio jur\u00eddico.<\/p>\n\n\n\n<h2 class=\"wp-block-heading\">Sobre a pesquisa de mercado Q-Commerce<\/h2>\n\n\n\n<p>There are many factors to consider before starting Q commerce. To find out more about it, the <a href=\"https:\/\/www.sisinternational.com\/pt\/publicacoes\/pesquisa-de-mercado-de-negocios-escalaveis-7-maneiras-de-construir-um-negocio-escalavel\/\" title=\"Pesquisa de mercado de neg\u00f3cios escal\u00e1veis: 7 maneiras de construir um neg\u00f3cio escal\u00e1vel\"  data-wpil-monitor-id=\"7904\">business owner must do thorough research<\/a>. This research can happen in the form of <a href=\"https:\/\/www.sisinternational.com\/pt\/solucoes\/pesquisa-de-mercado-em-grupo-focal\/\" title=\"Pesquisa de mercado com grupo focal\"  data-wpil-monitor-id=\"7903\">Foco<\/a> Groups, Surveys, and Interviews. <a href=\"https:\/\/www.sisinternational.com\/pt\/how-to-design-effective-surveys-for-quantitative-research\/\" title=\"How to Design Effective Surveys for Quantitative Research\"  data-wpil-monitor-id=\"7902\">Quantitative and Qualitative research<\/a> will give entrepreneurs detailed information. They will be able to please consumers and grow their clientele. The analysis also guides the entrepreneur on which risks they should take. It will also let them know when to hold back on expansions or mergers.<\/p>\n\n\n\n<p><\/p>","protected":false},"excerpt":{"rendered":"<p>O Q-commerce amplia a base de clientes do varejista por meio de tecnologia e publicidade eficaz. A Pesquisa de Mercado Q-commerce ajuda as empresas a crescer.<\/p>","protected":false},"author":1,"featured_media":64701,"parent":14514,"menu_order":85,"comment_status":"closed","ping_status":"closed","template":"","meta":{"footnotes":""},"class_list":["post-39347","page","type-page","status-publish","has-post-thumbnail"],"_links":{"self":[{"href":"https:\/\/www.sisinternational.com\/pt\/wp-json\/wp\/v2\/pages\/39347","targetHints":{"allow":["GET"]}}],"collection":[{"href":"https:\/\/www.sisinternational.com\/pt\/wp-json\/wp\/v2\/pages"}],"about":[{"href":"https:\/\/www.sisinternational.com\/pt\/wp-json\/wp\/v2\/types\/page"}],"author":[{"embeddable":true,"href":"https:\/\/www.sisinternational.com\/pt\/wp-json\/wp\/v2\/users\/1"}],"replies":[{"embeddable":true,"href":"https:\/\/www.sisinternational.com\/pt\/wp-json\/wp\/v2\/comments?post=39347"}],"version-history":[{"count":4,"href":"https:\/\/www.sisinternational.com\/pt\/wp-json\/wp\/v2\/pages\/39347\/revisions"}],"predecessor-version":[{"id":81330,"href":"https:\/\/www.sisinternational.com\/pt\/wp-json\/wp\/v2\/pages\/39347\/revisions\/81330"}],"up":[{"embeddable":true,"href":"https:\/\/www.sisinternational.com\/pt\/wp-json\/wp\/v2\/pages\/14514"}],"wp:featuredmedia":[{"embeddable":true,"href":"https:\/\/www.sisinternational.com\/pt\/wp-json\/wp\/v2\/media\/64701"}],"wp:attachment":[{"href":"https:\/\/www.sisinternational.com\/pt\/wp-json\/wp\/v2\/media?parent=39347"}],"curies":[{"name":"wp","href":"https:\/\/api.w.org\/{rel}","templated":true}]}}