{"id":39313,"date":"2021-11-11T14:15:11","date_gmt":"2021-11-11T14:15:11","guid":{"rendered":"https:\/\/www.sisinternational.com\/?page_id=39313"},"modified":"2026-03-05T23:57:12","modified_gmt":"2026-03-06T04:57:12","slug":"pesquisa-de-mercado-de-pesquisa-de-adesao","status":"publish","type":"page","link":"https:\/\/www.sisinternational.com\/pt\/solucoes\/solucoes-de-pesquisa-quantitativa-qualitativa\/pesquisa-de-mercado-de-pesquisa-de-adesao\/","title":{"rendered":"Pesquisa de mercado de pesquisa de s\u00f3cios"},"content":{"rendered":"<h1 class=\"wp-block-heading\">Pesquisa de mercado de pesquisa de s\u00f3cios<\/h1>\n\n\n\n<figure class=\"gb-block-image gb-block-image-20bc9b35\"><img loading=\"lazy\" decoding=\"async\" width=\"1456\" height=\"816\" class=\"gb-image gb-image-20bc9b35\" src=\"https:\/\/www.sisinternational.com\/wp-content\/uploads\/2025\/08\/Survey-5.jpg\" alt=\"Pesquisa e Estrat\u00e9gia de Mercado Internacional da SIS\" title=\"Survey (5)\" srcset=\"https:\/\/www.sisinternational.com\/wp-content\/uploads\/2025\/08\/Survey-5.jpg 1456w, https:\/\/www.sisinternational.com\/wp-content\/uploads\/2025\/08\/Survey-5-300x168.jpg 300w, https:\/\/www.sisinternational.com\/wp-content\/uploads\/2025\/08\/Survey-5-1024x574.jpg 1024w, https:\/\/www.sisinternational.com\/wp-content\/uploads\/2025\/08\/Survey-5-768x430.jpg 768w, https:\/\/www.sisinternational.com\/wp-content\/uploads\/2025\/08\/Survey-5-18x10.jpg 18w\" sizes=\"auto, (max-width: 1456px) 100vw, 1456px\"><\/figure>\n\n\n\n<p><\/p>\n\n\n\n<h2 class=\"wp-block-heading\">O que \u00e9 pesquisa de mercado de pesquisa de s\u00f3cios?<\/h2>\n\n\n\n<p>Ao lidar com um clube de qualquer tamanho, os dirigentes devem equilibrar os interesses de cada s\u00f3cio. Eles tamb\u00e9m precisam coletar informa\u00e7\u00f5es sobre a situa\u00e7\u00e3o. Al\u00e9m disso, uma pesquisa de ades\u00e3o procura coletar dados essenciais. Outra grande vantagem das pesquisas de associados \u00e9 que elas s\u00e3o a melhor maneira de explicar as preocupa\u00e7\u00f5es dos associados e qualquer outro assunto.<\/p>\n\n\n\n<p>Ao criar uma pesquisa de ades\u00e3o, \u00e9 fundamental ter um objetivo claro e conciso. Al\u00e9m disso, reduz a confus\u00e3o do entrevistado. Por exemplo, um clube pode estar a perder dinheiro e perguntar-se que tipo de comodidades n\u00e3o est\u00e1 a gerar tantas receitas como antes. Podem ser muitas coisas: campo de t\u00e9nis, gin\u00e1sio, spa, bem como campo de golfe. Portanto, \u00e9 muito aberto \u00e0 interpreta\u00e7\u00e3o.<\/p>\n\n\n\n<p>Uma an\u00e1lise restringe-o \u00e0s opera\u00e7\u00f5es de gin\u00e1stica e fitness. Por exemplo, o clube pode fazer uma pesquisa espec\u00edfica para entender a satisfa\u00e7\u00e3o dos associados. Pode pelo menos descobrir a import\u00e2ncia que os membros atribuem a aspectos espec\u00edficos do gin\u00e1sio. Pode fazer o mesmo para avaliar os seus servi\u00e7os de fitness.<\/p>\n\n\n\n<p>Managers can start brainstorming ideas for questions once the goal is clear. As a matter of fact, a designated committee should do this. Of course, each committee member will have different perspectives. These perspectives will create a more thorough <a href=\"https:\/\/www.sisinternational.com\/pt\/how-to-design-effective-surveys-for-quantitative-research\/\" title=\"How to Design Effective Surveys for Quantitative Research\"  data-wpil-monitor-id=\"7789\">survey that should be more effective<\/a>.<\/p>\n\n\n\n<h2 class=\"wp-block-heading\">Maximizando a taxa de resposta<\/h2>\n\n\n\n<p>\u00e9 essencial maximizar a taxa de resposta. A taxa de resposta \u00e9 outro problema que todos os dirigentes de clubes devem enfrentar. Portanto, existem algumas t\u00e9cnicas que eles podem usar para aumentar a taxa de resposta para que seja mais preciso:<\/p>\n\n\n\n<ul class=\"wp-block-list\">\n<li>Inclua uma carta informando os membros sobre os objetivos da pesquisa. Da mesma forma, esta carta deve indicar como o clube utilizar\u00e1 as informa\u00e7\u00f5es. Al\u00e9m disso, deve conter algumas palavras sobre a import\u00e2ncia da contribui\u00e7\u00e3o do membro. Outro recurso deve ser as informa\u00e7\u00f5es de contato caso o membro tenha d\u00favidas.<\/li>\n\n\n\n<li>Inclua um retorno por data. Definir uma data de retorno aumenta a probabilidade de os membros responderem rapidamente \u2013 as chances de obter uma resposta oportuna aumentam se houver um prazo.<\/li>\n<\/ul>\n\n\n\n<h2 class=\"wp-block-heading\">Por que a pesquisa de mercado de pesquisa de s\u00f3cios \u00e9 importante<\/h2>\n\n\n\n<p>Compreender as atitudes dos associados e sobre o clube \u00e9 muito importante \u2013 desde obter alguns dados prim\u00e1rios sobre a situa\u00e7\u00e3o de cada associado at\u00e9 ser capaz de fazer planos mais complexos. Esses dados importantes podem significar a diferen\u00e7a entre lucro e fal\u00eancia.<\/p>\n\n\n\n<h2 class=\"wp-block-heading\">Principais cargos<\/h2>\n\n\n\n<p>H\u00e1 uma variedade de empregos que s\u00e3o essenciais para uma pesquisa de s\u00f3cios pr\u00f3spera<\/p>\n\n\n\n<ul class=\"wp-block-list\">\n<li>Gerente do clube<\/li>\n\n\n\n<li>Analista de informa\u00e7\u00f5es<\/li>\n\n\n\n<li>Analista de Pesquisa de Mercado<\/li>\n<\/ul>\n\n\n\n<h2 class=\"wp-block-heading\">Por que as empresas precisam de pesquisa de mercado de pesquisa de s\u00f3cios<\/h2>\n\n\n\n<figure class=\"gb-block-image gb-block-image-b64e6450\"><img loading=\"lazy\" decoding=\"async\" width=\"1456\" height=\"816\" class=\"gb-image gb-image-b64e6450\" src=\"https:\/\/www.sisinternational.com\/wp-content\/uploads\/2025\/08\/Survey-7.jpg\" alt=\"Pesquisa e Estrat\u00e9gia de Mercado Internacional da SIS\" title=\"Survey (7)\" srcset=\"https:\/\/www.sisinternational.com\/wp-content\/uploads\/2025\/08\/Survey-7.jpg 1456w, https:\/\/www.sisinternational.com\/wp-content\/uploads\/2025\/08\/Survey-7-300x168.jpg 300w, https:\/\/www.sisinternational.com\/wp-content\/uploads\/2025\/08\/Survey-7-1024x574.jpg 1024w, https:\/\/www.sisinternational.com\/wp-content\/uploads\/2025\/08\/Survey-7-768x430.jpg 768w, https:\/\/www.sisinternational.com\/wp-content\/uploads\/2025\/08\/Survey-7-18x10.jpg 18w\" sizes=\"auto, (max-width: 1456px) 100vw, 1456px\"><\/figure>\n\n\n\n<p><\/p>\n\n\n\n<p>Sendo uma organiza\u00e7\u00e3o com fins lucrativos, os clubes precisam de compreender bem os seus patronos. Por exemplo, eles precisam ser capazes de tomar decis\u00f5es para maximizar a satisfa\u00e7\u00e3o dos membros. Al\u00e9m disso, os clubes que est\u00e3o atentos \u00e0s necessidades dos seus associados ver\u00e3o a lealdade devolvida. Al\u00e9m disso, a clientela fiel atrair\u00e1 mais membros. Eles tamb\u00e9m ir\u00e3o incentiv\u00e1-los a usar as comodidades, aumentando ainda mais as margens de lucro.<\/p>\n\n\n\n<h2 class=\"wp-block-heading\">Principais fatores de sucesso<\/h2>\n\n\n\n<p>Este est\u00e1gio tem tr\u00eas armadilhas comuns. As perguntas podem ser amb\u00edguas, tendenciosas ou complexas. Um exemplo de pergunta amb\u00edgua \u00e9: \u201cQuanta carne vermelha voc\u00ea normalmente come?\u201d Por um lado, n\u00e3o diz se eles querem saber. Di\u00e1rio? Semanalmente? Quinzenal? Respostas como \u201cmuito\u201d ou \u201cpouco\u201d s\u00e3o muito subjetivas.<\/p>\n\n\n\n<p>Um exemplo de pergunta tendenciosa \u00e9: \u201cPrecisamos tomar algumas decis\u00f5es sobre a nossa \u00e1rea de caf\u00e9 da manh\u00e3. \u00c9 pobre, muito pequeno e requer muitas melhorias. Ent\u00e3o, qual curso de a\u00e7\u00e3o voc\u00ea prefere? 1. Remodelar a atual \u00e1rea de caf\u00e9 da manh\u00e3 2. Construir uma nova \u00e1rea de caf\u00e9 da manh\u00e3 e transformar a antiga em outra coisa 3. Deixar a \u00e1rea de caf\u00e9 da manh\u00e3 como est\u00e1 atualmente. \u00c9 evidente que o autor da pesquisa j\u00e1 quer reformar e n\u00e3o tem muito interesse em mudar isso. Assim, isto faz com que pare\u00e7a ao entrevistado que o clube j\u00e1 decidiu um curso de a\u00e7\u00e3o. Al\u00e9m disso, o entrevistado pode at\u00e9 sentir que a sua opini\u00e3o n\u00e3o importa.<\/p>\n\n\n\n<p>Por fim, um exemplo de complexidade seria: \u201cNo ano passado, a opera\u00e7\u00e3o de academias e fitness perdeu $80.000. Voc\u00ea considera isso aceit\u00e1vel? O membro que faz a pesquisa pode n\u00e3o ter o contexto completo da situa\u00e7\u00e3o. Alguns membros podem considerar isso muito ou pouco. O membro n\u00e3o sabe. N\u00e3o \u00e9 da conta deles, ent\u00e3o \u00e9 melhor n\u00e3o confundi-los com isso.<\/p>\n\n\n\n<p>It doesn\u2019t matter how well you word the questions to avoid ambiguity, bias, and complexity. Regardless of the clarity of the survey, it\u2019s still not foolproof. Thus, it\u2019s best to use a practice <a href=\"https:\/\/www.sisinternational.com\/pt\/solucoes\/empresa-de-pesquisa-de-mercado-por-amostragem-de-pesquisa-on-line\/\" title=\"Empresa de pesquisa de mercado de amostragem de pesquisa on-line\"  data-wpil-monitor-id=\"7785\">survey with a small sample<\/a>.<\/p>\n\n\n\n<h2 class=\"wp-block-heading\">Sobre Pesquisa de Mercado de Pesquisa de S\u00f3cios<\/h2>\n\n\n\n<p>How can one get the most practical and accurate info? It is best to use many data-gathering techniques. Making use of <a href=\"https:\/\/www.sisinternational.com\/pt\/solucoes\/solucoes-de-pesquisa-quantitativa-qualitativa\/recrutamento-de-pesquisa-qualitativa\/\" title=\"Recrutamento de Pesquisa Qualitativa\"  data-wpil-monitor-id=\"7780\">Qualitative coupled with Quantitative Research<\/a> is an excellent tool for this. Those tools can help determine what works and what doesn\u2019t. Finding the best course of action is of vital importance for any business.<\/p>\n\n\n\n<p><\/p>","protected":false},"excerpt":{"rendered":"<p>Pesquisa de mercado de pesquisa de s\u00f3cios O que \u00e9 pesquisa de mercado de pesquisa de s\u00f3cios? Ao lidar com um clube de qualquer tamanho, os dirigentes devem equilibrar os interesses de cada s\u00f3cio. Eles tamb\u00e9m precisam coletar informa\u00e7\u00f5es sobre a situa\u00e7\u00e3o. Al\u00e9m disso, uma pesquisa de ades\u00e3o procura coletar dados essenciais. Outra grande vantagem das pesquisas de s\u00f3cios \u00e9 que elas s\u00e3o\u2026 <a title=\"Pesquisa de mercado de pesquisa de s\u00f3cios\" class=\"read-more\" href=\"https:\/\/www.sisinternational.com\/pt\/solucoes\/solucoes-de-pesquisa-quantitativa-qualitativa\/pesquisa-de-mercado-de-pesquisa-de-adesao\/\" aria-label=\"Leia mais sobre Pesquisa de Mercado de Pesquisa de S\u00f3cios\">Leia mais<\/a><\/p>","protected":false},"author":1,"featured_media":62706,"parent":14660,"menu_order":23,"comment_status":"closed","ping_status":"closed","template":"","meta":{"footnotes":""},"class_list":["post-39313","page","type-page","status-publish","has-post-thumbnail"],"_links":{"self":[{"href":"https:\/\/www.sisinternational.com\/pt\/wp-json\/wp\/v2\/pages\/39313","targetHints":{"allow":["GET"]}}],"collection":[{"href":"https:\/\/www.sisinternational.com\/pt\/wp-json\/wp\/v2\/pages"}],"about":[{"href":"https:\/\/www.sisinternational.com\/pt\/wp-json\/wp\/v2\/types\/page"}],"author":[{"embeddable":true,"href":"https:\/\/www.sisinternational.com\/pt\/wp-json\/wp\/v2\/users\/1"}],"replies":[{"embeddable":true,"href":"https:\/\/www.sisinternational.com\/pt\/wp-json\/wp\/v2\/comments?post=39313"}],"version-history":[{"count":3,"href":"https:\/\/www.sisinternational.com\/pt\/wp-json\/wp\/v2\/pages\/39313\/revisions"}],"predecessor-version":[{"id":81314,"href":"https:\/\/www.sisinternational.com\/pt\/wp-json\/wp\/v2\/pages\/39313\/revisions\/81314"}],"up":[{"embeddable":true,"href":"https:\/\/www.sisinternational.com\/pt\/wp-json\/wp\/v2\/pages\/14660"}],"wp:featuredmedia":[{"embeddable":true,"href":"https:\/\/www.sisinternational.com\/pt\/wp-json\/wp\/v2\/media\/62706"}],"wp:attachment":[{"href":"https:\/\/www.sisinternational.com\/pt\/wp-json\/wp\/v2\/media?parent=39313"}],"curies":[{"name":"wp","href":"https:\/\/api.w.org\/{rel}","templated":true}]}}