{"id":39294,"date":"2021-11-11T03:52:48","date_gmt":"2021-11-11T03:52:48","guid":{"rendered":"https:\/\/www.sisinternational.com\/?page_id=39294"},"modified":"2025-09-14T22:18:47","modified_gmt":"2025-09-15T02:18:47","slug":"pesquisa-de-mercado-geracao-alfa","status":"publish","type":"page","link":"https:\/\/www.sisinternational.com\/pt\/publicacoes\/pesquisa-de-mercado-geracao-alfa\/","title":{"rendered":"Pesquisa de mercado da gera\u00e7\u00e3o Alpha"},"content":{"rendered":"<h1 class=\"wp-block-heading\">Pesquisa de mercado da gera\u00e7\u00e3o Alpha<\/h1>\n\n\n\n<figure class=\"gb-block-image gb-block-image-73bf4078\"><img loading=\"lazy\" decoding=\"async\" width=\"1456\" height=\"816\" class=\"gb-image gb-image-73bf4078\" src=\"https:\/\/www.sisinternational.com\/wp-content\/uploads\/2025\/08\/Academic-2.jpg\" alt=\"Pesquisa e Estrat\u00e9gia de Mercado Internacional da SIS\" title=\"Academic (2)\" srcset=\"https:\/\/www.sisinternational.com\/wp-content\/uploads\/2025\/08\/Academic-2.jpg 1456w, https:\/\/www.sisinternational.com\/wp-content\/uploads\/2025\/08\/Academic-2-300x168.jpg 300w, https:\/\/www.sisinternational.com\/wp-content\/uploads\/2025\/08\/Academic-2-1024x574.jpg 1024w, https:\/\/www.sisinternational.com\/wp-content\/uploads\/2025\/08\/Academic-2-768x430.jpg 768w, https:\/\/www.sisinternational.com\/wp-content\/uploads\/2025\/08\/Academic-2-18x10.jpg 18w\" sizes=\"auto, (max-width: 1456px) 100vw, 1456px\"><\/figure>\n\n\n\n<p><\/p>\n\n\n\n<hr class=\"wp-block-separator has-alpha-channel-opacity is-style-dots\"\/>\n\n\n\n<h2 class=\"wp-block-heading\">O que \u00e9 a Gera\u00e7\u00e3o Alfa?<\/h2>\n\n\n\n<p>H\u00e1 uma gera\u00e7\u00e3o que representa mais de uma em cada sete pessoas. Ela molda o poder de compra das fam\u00edlias e \u00e9 vital para o futuro, mas poucas pessoas ouviram falar delas. Eles ultrapassar\u00e3o os Baby Boomers nos pr\u00f3ximos quatro anos ou menos. E a maioria deles sobreviver\u00e1 para ver o s\u00e9culo XXII.<\/p>\n\n\n\n<p>Estamos falando da Gera\u00e7\u00e3o Alfa, que \u00e9 a atual gera\u00e7\u00e3o de jovens nascidos em 2010. Eles s\u00e3o filhos da gera\u00e7\u00e3o Millennials e, muitas vezes, irm\u00e3os mais novos da Gera\u00e7\u00e3o Z. Mais de 2,8 milh\u00f5es deles nascem todas as semanas em todo o mundo. Chegar\u00e3o a mais de 2 mil milh\u00f5es quando todos nascerem em 2025. S\u00e3o o maior grupo da hist\u00f3ria.<\/p>\n\n\n\n<p>A Gera\u00e7\u00e3o Alfa (ou Gera\u00e7\u00e3o Alfa) \u00e9 a gera\u00e7\u00e3o demogr\u00e1fica que segue a Gera\u00e7\u00e3o Z. Os anos de nascimento iniciais s\u00e3o o in\u00edcio da d\u00e9cada de 2010 \u2013 os pesquisadores e a imprensa moderna projetam que os anos de nascimento ocorrer\u00e3o em meados da d\u00e9cada de 2020. A Gera\u00e7\u00e3o Alfa \u00e9 um segmento valioso que est\u00e1 em ascens\u00e3o. A primeira vaga destas crian\u00e7as come\u00e7ou o ensino prim\u00e1rio em 2018. Estas crian\u00e7as ser\u00e3o a gera\u00e7\u00e3o mais rica, mais qualificada e mais interligada de sempre. Seu poder de compra total \u00e9 vasto.<\/p>\n\n\n\n<h2 class=\"wp-block-heading\">Por que a Gera\u00e7\u00e3o Alfa \u00e9 importante?<\/h2>\n\n\n\n<p>Para come\u00e7ar, a Gera\u00e7\u00e3o Alfa ser\u00e1 a gera\u00e7\u00e3o com maior tecnologia de todos os tempos. Eles crescer\u00e3o com dispositivos m\u00f3veis, IA, m\u00eddias sociais e rob\u00f3tica. Eles tamb\u00e9m ter\u00e3o melhores cuidados de sa\u00fade. Al\u00e9m disso, a Gera\u00e7\u00e3o Alfa tem a honra de ser a gera\u00e7\u00e3o mais rica de todos os tempos. Como resultado, eles poder\u00e3o gastar mais em itens discricion\u00e1rios do que as gera\u00e7\u00f5es anteriores. Eles tamb\u00e9m ter\u00e3o a expectativa de vida mais prolongada e ser\u00e3o o grupo mais informado at\u00e9 agora.<\/p>\n\n\n\n<h2 class=\"wp-block-heading\">Por que as empresas precisam da gera\u00e7\u00e3o Alpha?<\/h2>\n\n\n\n<p>Even though they are the youngest generation, for now, they have buying power. Generation Alpha has brand influence much beyond the years of its members. They are the cultural <a href=\"https:\/\/www.sisinternational.com\/pt\/multiplos-circulos-eleitorais-influenciadores-indiretos-nas-compras-do-consumidor\/\" title=\"M\u00faltiplos influenciadores nas compras do consumidor\"  data-wpil-monitor-id=\"11261\">influencers and future consumers<\/a>. They shape the social media environment.<\/p>\n\n\n\n<p>Apesar da idade, a Gera\u00e7\u00e3o Alfa j\u00e1 tem opini\u00f5es fortes. Eles opinaram sobre algumas das preocupa\u00e7\u00f5es mais prementes do mundo. E, com base num dos nossos estudos mais recentes, a Gera\u00e7\u00e3o Alfa est\u00e1 muito preocupada. Na verdade, ao contr\u00e1rio das gera\u00e7\u00f5es anteriores, eles est\u00e3o mais conscientes das quest\u00f5es vitais.<\/p>\n\n\n\n<p>Os dispositivos cercam o t\u00edpico Gen Alpha na vida di\u00e1ria. O v\u00ednculo deles com eles \u00e9 t\u00e3o normal quanto conversar com outras pessoas. As crian\u00e7as mais novas t\u00eam maior probabilidade de falar com assistentes virtuais como se fossem humanos. Eles fazem perguntas a esses assistentes, como idade e cor favorita, de acordo com um estudo recente do MIT. Este estudo tamb\u00e9m observou que as crian\u00e7as acreditavam que poderiam ensinar e aprender com os dispositivos.<\/p>\n\n\n\n<p>Menos de um quarto dos Alfas acreditam que os an\u00fancios os influenciam, e apenas um oitavo afirma que as personas online os influenciam de alguma forma. A grande maioria acredita que deveria verificar o que v\u00ea na web. \u00c9 mais prov\u00e1vel que conversem com seus colegas antes de tomar uma decis\u00e3o.<\/p>\n\n\n\n<h2 class=\"wp-block-heading\">Fatores importantes de sucesso<\/h2>\n\n\n\n<p>A Gera\u00e7\u00e3o Alfa \u00e9 uma janela para o futuro, proporcionando uma lente atrav\u00e9s da qual podemos ver a pr\u00f3xima d\u00e9cada e al\u00e9m. Eles agora ocupam nossas escolas prim\u00e1rias. Os mais velhos logo passar\u00e3o pela adolesc\u00eancia. E ent\u00e3o chega \u00e0 idade adulta durante a d\u00e9cada seguinte.<\/p>\n\n\n\n<p>Devemos lembrar que estas crian\u00e7as nasceram inteiramente no s\u00e9culo XXI. Assim, eles est\u00e3o influenciando as decis\u00f5es de compra das suas fam\u00edlias millennials. Eles tamb\u00e9m s\u00e3o os primeiros a adotar a tecnologia. N\u00e3o s\u00f3 isso, mas ser\u00e3o a maior gera\u00e7\u00e3o do mundo. Eles est\u00e3o surgindo num momento em que o globo est\u00e1 em transi\u00e7\u00e3o para o s\u00e9culo asi\u00e1tico. A \u00c1sia ter\u00e1 a maior classe m\u00e9dia quando os mais jovens da Gera\u00e7\u00e3o Alfa amadurecerem (em meados da d\u00e9cada de 2030).<\/p>\n\n\n\n<h2 class=\"wp-block-heading\">Sobre a pesquisa de mercado da Gera\u00e7\u00e3o Alpha<\/h2>\n\n\n\n<p>Due to rapid technological advances, Gen Alpha will not know many things such as record players, VHS, and the like. As a result, the use of surveys and one-on-one interviews are critical. Companies can use quantitative, qualitative, and strategy <a href=\"https:\/\/www.sisinternational.com\/pt\/solucoes\/pesquisa-de-mercado-de-ia-e-consultoria-estrategica\/pesquisa-de-mercado-de-ia-com-deteccao-de-objetos\/\" title=\"Pesquisa de mercado de IA para detec\u00e7\u00e3o de objetos\"  data-wpil-monitor-id=\"11260\">research to meet their objectives<\/a>. They can use these tools not only for Gen Alpha but for all the other cohorts.<\/p>\n\n\n\n<p><a href=\"https:\/\/www.sisinternational.com\/pt\/solucoes\/pesquisa-de-mercado-de-reconhecimento-de-marca-b2b\/\" title=\"Pesquisa de mercado de conscientiza\u00e7\u00e3o da marca B2B\"  data-wpil-monitor-id=\"11259\">Marketers should be aware<\/a> that the process of starting a marketing campaign for Gen Alpha is unique. It\u2019s incomparable to other generations. Keep in mind that Gen Alpha will be more tech-savvy and expect more from the economy.<\/p>\n\n\n<h2>Localiza\u00e7\u00e3o de nossas instala\u00e7\u00f5es em Nova York<\/h2>\n<p><!-- \/wp:post-content --> <!-- wp:html --> <iframe loading=\"lazy\" src=\"https:\/\/www.google.com\/maps\/embed?pb=!1m18!1m12!1m3!1d3022.976188376966!2d-73.99130312499956!3d40.740549471389315!2m3!1f0!2f0!3f0!3m2!1i1024!2i768!4f13.1!3m3!1m2!1s0x89c259a15798c731%3A0xd695d09bdd495f25!2s11%20E%2022nd%20St%20FL%202%2C%20New%20York%2C%20NY%2010010%2C%20USA!5e0!3m2!1sen!2spe!4v1726171763526!5m2!1sen!2spe\" width=\"600\" height=\"450\" allowfullscreen=\"allowfullscreen\" data-mce-fragment=\"1\"><\/iframe> <!-- \/wp:html --> <!-- wp:paragraph --><\/p>\n<h3 class=\"wp-block-heading\">11 E 22nd Street, andar 2, Nova York, NY 10010 T: +1(212) 505-6805<\/h3>\n<hr \/>\n<h2><span style=\"font-weight: 400;\">Sobre SIS Internacional<\/span><\/h2>\n<p><a href=\"https:\/\/www.sisinternational.com\/pt\/\"><span style=\"font-weight: 400;\">SIS Internacional<\/span><\/a><span style=\"font-weight: 400;\"> offers Quantitative, Qualitative, and Strategy Research. We provide data, tools, strategies, reports, and insights for decision-making. We also conduct interviews, surveys, focus groups, and other <a href=\"https:\/\/www.sisinternational.com\/pt\/quantitative-market-research-methods-and-techniques\/\" title=\"Quantitative Market Research Methods and Techniques\"  data-wpil-monitor-id=\"11258\">Market Research methods<\/a> and approaches.<\/span><a href=\"https:\/\/www.sisinternational.com\/pt\/sobre-a-sis-international-research\/contact-sis-international-market-research\/\"><span style=\"font-weight: 400;\"> Entre em contato conosco<\/span><\/a><span style=\"font-weight: 400;\"> para o seu pr\u00f3ximo projeto de pesquisa de mercado.<\/span><\/p>\n<p>\u00a0<\/p>\n<p><!-- wp:heading --><\/p>\n<h2 id=\"about-sis-international\" class=\"wp-block-heading\">\u00a0<\/h2>\n<p><!-- \/wp:heading --><\/p>","protected":false},"excerpt":{"rendered":"<p>Pesquisa de mercado da Gera\u00e7\u00e3o Alpha O que \u00e9 a Gera\u00e7\u00e3o Alpha? H\u00e1 uma gera\u00e7\u00e3o que representa mais de uma em cada sete pessoas. Ela molda o poder de compra das fam\u00edlias e \u00e9 vital para o futuro, mas poucas pessoas ouviram falar delas. Eles ultrapassar\u00e3o os Baby Boomers nos pr\u00f3ximos quatro anos ou menos. E \u2026 <a title=\"Pesquisa de mercado da gera\u00e7\u00e3o Alpha\" class=\"read-more\" href=\"https:\/\/www.sisinternational.com\/pt\/publicacoes\/pesquisa-de-mercado-geracao-alfa\/\" aria-label=\"Leia mais sobre a Pesquisa de Mercado da Gera\u00e7\u00e3o Alpha\">Leia mais<\/a><\/p>","protected":false},"author":1,"featured_media":63121,"parent":20148,"menu_order":10,"comment_status":"closed","ping_status":"closed","template":"","meta":{"footnotes":""},"class_list":["post-39294","page","type-page","status-publish","has-post-thumbnail"],"_links":{"self":[{"href":"https:\/\/www.sisinternational.com\/pt\/wp-json\/wp\/v2\/pages\/39294","targetHints":{"allow":["GET"]}}],"collection":[{"href":"https:\/\/www.sisinternational.com\/pt\/wp-json\/wp\/v2\/pages"}],"about":[{"href":"https:\/\/www.sisinternational.com\/pt\/wp-json\/wp\/v2\/types\/page"}],"author":[{"embeddable":true,"href":"https:\/\/www.sisinternational.com\/pt\/wp-json\/wp\/v2\/users\/1"}],"replies":[{"embeddable":true,"href":"https:\/\/www.sisinternational.com\/pt\/wp-json\/wp\/v2\/comments?post=39294"}],"version-history":[{"count":4,"href":"https:\/\/www.sisinternational.com\/pt\/wp-json\/wp\/v2\/pages\/39294\/revisions"}],"predecessor-version":[{"id":81836,"href":"https:\/\/www.sisinternational.com\/pt\/wp-json\/wp\/v2\/pages\/39294\/revisions\/81836"}],"up":[{"embeddable":true,"href":"https:\/\/www.sisinternational.com\/pt\/wp-json\/wp\/v2\/pages\/20148"}],"wp:featuredmedia":[{"embeddable":true,"href":"https:\/\/www.sisinternational.com\/pt\/wp-json\/wp\/v2\/media\/63121"}],"wp:attachment":[{"href":"https:\/\/www.sisinternational.com\/pt\/wp-json\/wp\/v2\/media?parent=39294"}],"curies":[{"name":"wp","href":"https:\/\/api.w.org\/{rel}","templated":true}]}}