{"id":39257,"date":"2021-11-03T17:54:06","date_gmt":"2021-11-03T17:54:06","guid":{"rendered":"https:\/\/www.sisinternational.com\/?page_id=39257"},"modified":"2025-09-14T22:17:15","modified_gmt":"2025-09-15T02:17:15","slug":"pesquisa-de-mercado-no-haiti","status":"publish","type":"page","link":"https:\/\/www.sisinternational.com\/pt\/cobertura\/pesquisa-de-mercado-no-caribe\/pesquisa-de-mercado-no-haiti\/","title":{"rendered":"Pesquisa de mercado no Haiti"},"content":{"rendered":"<h1 class=\"wp-block-heading\">Pesquisa de mercado no Haiti<\/h1>\n\n\n\n<p><\/p>\n\n\n\n<figure class=\"gb-block-image gb-block-image-24b59cfb\"><img loading=\"lazy\" decoding=\"async\" width=\"1456\" height=\"816\" class=\"gb-image gb-image-24b59cfb\" src=\"https:\/\/www.sisinternational.com\/wp-content\/uploads\/2025\/09\/Haiti-3.jpg\" alt=\"Pesquisa e Estrat\u00e9gia de Mercado Internacional da SIS\" title=\"Haiti (3)\" srcset=\"https:\/\/www.sisinternational.com\/wp-content\/uploads\/2025\/09\/Haiti-3.jpg 1456w, https:\/\/www.sisinternational.com\/wp-content\/uploads\/2025\/09\/Haiti-3-300x168.jpg 300w, https:\/\/www.sisinternational.com\/wp-content\/uploads\/2025\/09\/Haiti-3-1024x574.jpg 1024w, https:\/\/www.sisinternational.com\/wp-content\/uploads\/2025\/09\/Haiti-3-768x430.jpg 768w, https:\/\/www.sisinternational.com\/wp-content\/uploads\/2025\/09\/Haiti-3-18x10.jpg 18w\" sizes=\"auto, (max-width: 1456px) 100vw, 1456px\"><\/figure>\n\n\n\n<p><\/p>\n\n\n\n<p>O Haiti \u00e9 uma na\u00e7\u00e3o do Caribe localizada em uma grande ilha chamada Hispaniola. Ocupa o ter\u00e7o ocidental da ilha, com a Rep\u00fablica Dominicana localizada no lado oriental. \u00c9 o terceiro maior pa\u00eds do Caribe em \u00e1rea e tem um total de 11,5 milh\u00f5es de pessoas. Assim, ultrapassou Cuba como o pa\u00eds mais populoso do Caribe. Porto Pr\u00edncipe \u00e9 a capital. O crioulo haitiano \u00e9 como o franc\u00eas e \u00e9 o dialeto mais popular do pa\u00eds.<\/p>\n\n\n\n<h2 class=\"wp-block-heading\">Principais ind\u00fastrias<\/h2>\n\n\n\n<p>O Haiti tem uma economia de mercado livre com m\u00e3o-de-obra barata. Muitos haitianos dependem da agricultura para viver. O pa\u00eds tamb\u00e9m possui um setor de exporta\u00e7\u00e3o agr\u00edcola. A agricultura, a silvicultura e a pesca representam cerca de um quarto do PIB anual do Haiti. Essas ind\u00fastrias empregam mais de dois ter\u00e7os da for\u00e7a de trabalho. O Haiti tamb\u00e9m possui um setor mineiro robusto. Os mineiros procuram minerais como bauxita, cobre, carbonato de c\u00e1lcio e ouro.<\/p>\n\n\n\n<h2 class=\"wp-block-heading\">Bairros<\/h2>\n\n\n\n<p>No Haiti, o crime \u00e9 comum em todas as formas. No entanto, P\u00e9tion-Ville parece ser a op\u00e7\u00e3o mais segura. P\u00e9tion-Ville faz parte da cidade de Porto Pr\u00edncipe, localizada nas colinas orientais do Maci\u00e7o de la Selle. O bairro serve como resid\u00eancia e ponto tur\u00edstico. Quase 100.000 novas pessoas se estabeleceram l\u00e1 nos \u00faltimos vinte anos. A popula\u00e7\u00e3o agora \u00e9 de 377.000. Al\u00e9m disso, em P\u00e9tion-Ville, muitos enviados, propriet\u00e1rios de empresas estrangeiras e pessoas ricas fazem neg\u00f3cios e vivem.<\/p>\n\n\n\n<h2 class=\"wp-block-heading\">Tend\u00eancias<\/h2>\n\n\n\n<p>O terremoto de 2010 destruiu muitas casas e edif\u00edcios de escrit\u00f3rios. Como resultado, os pre\u00e7os das casas e dos im\u00f3veis dispararam. Nesta \u201ceconomia de desastre\u201d, h\u00e1 um impulso para obter imensas riquezas atrav\u00e9s da cobran\u00e7a de rendas elevadas. Alguns haitianos t\u00eam a sorte de possuir propriedades que ainda est\u00e3o em boas condi\u00e7\u00f5es. Eles, \u00e9 claro, t\u00eam uma vantagem.<\/p>\n\n\n\n<h2 class=\"wp-block-heading\">Benef\u00edcios e pontos fortes no mercado<\/h2>\n\n\n\n<p>Um dos activos mais valiosos do Haiti \u00e9 a sua m\u00e3o-de-obra muitas vezes bilingue. A popula\u00e7\u00e3o do pa\u00eds tamb\u00e9m \u00e9 relativamente jovem, com grande necessidade de trabalho. Al\u00e9m disso, o fornecimento de energia regional e local \u00e9 um dos neg\u00f3cios emergentes no Haiti.<\/p>\n\n\n\n<p>This country has several hoops to get over. Still, there are chances for small-to-medium-sized US <a href=\"https:\/\/www.sisinternational.com\/pt\/pericia\/industrias\/pesquisa-de-mercado-para-empresa-de-design\/\" title=\"Pesquisa de mercado de empresa de design\"  data-wpil-monitor-id=\"7836\">firms in the Haitian market<\/a>. The cosmetics, grains, poultry, devices, and transportation <a href=\"https:\/\/www.sisinternational.com\/pt\/venezuela-oil-mining-industry-potential-strategic-forecast-2026-2036\/\" title=\"Venezuela Oil &amp; Mining Industry Potential: Strategic Forecast 2026-2036\"  data-wpil-monitor-id=\"7838\">industries have the export potential<\/a> for US companies.<\/p>\n\n\n\n<h2 class=\"wp-block-heading\">Base de Consumidores<\/h2>\n\n\n\n<p>A recent study on Haitian buyer preference was in part related to online shopping. The researchers <a href=\"https:\/\/www.sisinternational.com\/pt\/solucoes\/empresa-de-pesquisa-de-mercado-por-amostragem-de-pesquisa-on-line\/\" title=\"Empresa de pesquisa de mercado de amostragem de pesquisa on-line\"  data-wpil-monitor-id=\"7840\">surveyed<\/a> to find out whether Haitians buy online. The <a href=\"https:\/\/www.sisinternational.com\/pt\/sampling-techniques-in-qualitative-research-the-complete-guide-to-choosing-the-right-method\/\" title=\"Sampling Techniques in Qualitative Research: The Complete Guide to Choosing the Right Method\"  data-wpil-monitor-id=\"7846\">sample<\/a> consisted of people reached via the \u201csnowball\u201d method. The study showed that Haitians still hold a dim view of online shopping. They still seem to prefer traditional shopping. The study shows that various social metrics have an impact on online buying in Haiti. These metrics include gender, income, and education.<\/p>\n\n\n\n<h2 class=\"wp-block-heading\">Raz\u00f5es para fazer neg\u00f3cios no Haiti<\/h2>\n\n\n\n<ul class=\"wp-block-list\">\n<li>Haiti has preferential access to the <a href=\"https:\/\/www.sisinternational.com\/pt\/pericia\/industrias\/pesquisa-de-mercado-de-pais-de-mercado-fronteirico\/\" title=\"Pesquisa de mercado do pa\u00eds de mercado fronteiri\u00e7o\"  data-wpil-monitor-id=\"7835\">markets of 17 developed countries<\/a>.<\/li>\n\n\n\n<li>Atrav\u00e9s da legisla\u00e7\u00e3o HOPE II e HELP, o sector do vestu\u00e1rio tem acesso isento de impostos ao mercado dos EUA.<\/li>\n\n\n\n<li>Al\u00e9m disso, ampla cobertura celular e conectividade est\u00e3o dispon\u00edveis.<\/li>\n\n\n\n<li>O pa\u00eds tem uma grande for\u00e7a de trabalho de pessoas dispostas a trabalhar. Mais de 50% da for\u00e7a de trabalho tem menos de 30 anos e o Haiti tem um grande n\u00famero de falantes de ingl\u00eas, franc\u00eas e espanhol.<\/li>\n\n\n\n<li>H\u00e1 v\u00f4os di\u00e1rios dos Estados Unidos para Porto Pr\u00edncipe e Cap Haitien. Voc\u00ea tamb\u00e9m pode conseguir voos dom\u00e9sticos.<\/li>\n<\/ul>\n\n\n\n<h2 class=\"wp-block-heading\">Pesquisa de mercado no Haiti<\/h2>\n\n\n\n<p>Doing quantitative, qualitative, and strategic research is critical. Other <a href=\"https:\/\/www.sisinternational.com\/pt\/solucoes\/solucoes-de-pesquisa-quantitativa-qualitativa\/testes-de-localizacao-central-vs-grupos-focais\/\" title=\"Testes de localiza\u00e7\u00e3o central vs grupos focais\"  data-wpil-monitor-id=\"7834\">central needs are focus groups<\/a>, interviews, and surveys. These tools can expose the customer\u2019s true feelings. and thoughts. Also, in Haiti, the step of <a href=\"https:\/\/www.sisinternational.com\/pt\/solucoes\/consultoria-estrategica\/pesquisa-de-oportunidade-de-entrada-no-mercado\/a-eficacia-dos-testes-de-produtos-em-nova-york-para-entrar-no-mercado-americano\/\" title=\"A efic\u00e1cia dos testes de produtos em Nova York para entrar no mercado americano\"  data-wpil-monitor-id=\"7844\">entering the market<\/a> is like that of many other countries. To begin, you must first go to the country. During a visit, your <a href=\"https:\/\/www.sisinternational.com\/pt\/pericia\/curriculos-de-experiencia\/curriculo-de-experiencia-na-industria-automotiva\/\" title=\"Empresa de pesquisa de mercado da ind\u00fastria automotiva\"  data-wpil-monitor-id=\"7842\">company can create valuable industry<\/a> ties. These relations may be helpful to aid you in succeeding in the market.<\/p>\n\n\n\n<p><\/p>","protected":false},"excerpt":{"rendered":"<p>Pesquisa de Mercado no Haiti O Haiti \u00e9 uma na\u00e7\u00e3o do Caribe localizada em uma grande ilha chamada Hispaniola. Ocupa o ter\u00e7o ocidental da ilha, com a Rep\u00fablica Dominicana localizada no lado oriental. \u00c9 o terceiro maior pa\u00eds do Caribe em \u00e1rea e tem um total de 11,5 milh\u00f5es de pessoas. Assim, \u00e9\u2026 <a title=\"Pesquisa de mercado no Haiti\" class=\"read-more\" href=\"https:\/\/www.sisinternational.com\/pt\/cobertura\/pesquisa-de-mercado-no-caribe\/pesquisa-de-mercado-no-haiti\/\" aria-label=\"Leia mais sobre pesquisa de mercado no Haiti\">Leia mais<\/a><\/p>","protected":false},"author":1,"featured_media":66128,"parent":33287,"menu_order":0,"comment_status":"closed","ping_status":"closed","template":"","meta":{"footnotes":""},"class_list":["post-39257","page","type-page","status-publish","has-post-thumbnail"],"_links":{"self":[{"href":"https:\/\/www.sisinternational.com\/pt\/wp-json\/wp\/v2\/pages\/39257","targetHints":{"allow":["GET"]}}],"collection":[{"href":"https:\/\/www.sisinternational.com\/pt\/wp-json\/wp\/v2\/pages"}],"about":[{"href":"https:\/\/www.sisinternational.com\/pt\/wp-json\/wp\/v2\/types\/page"}],"author":[{"embeddable":true,"href":"https:\/\/www.sisinternational.com\/pt\/wp-json\/wp\/v2\/users\/1"}],"replies":[{"embeddable":true,"href":"https:\/\/www.sisinternational.com\/pt\/wp-json\/wp\/v2\/comments?post=39257"}],"version-history":[{"count":5,"href":"https:\/\/www.sisinternational.com\/pt\/wp-json\/wp\/v2\/pages\/39257\/revisions"}],"predecessor-version":[{"id":81323,"href":"https:\/\/www.sisinternational.com\/pt\/wp-json\/wp\/v2\/pages\/39257\/revisions\/81323"}],"up":[{"embeddable":true,"href":"https:\/\/www.sisinternational.com\/pt\/wp-json\/wp\/v2\/pages\/33287"}],"wp:featuredmedia":[{"embeddable":true,"href":"https:\/\/www.sisinternational.com\/pt\/wp-json\/wp\/v2\/media\/66128"}],"wp:attachment":[{"href":"https:\/\/www.sisinternational.com\/pt\/wp-json\/wp\/v2\/media?parent=39257"}],"curies":[{"name":"wp","href":"https:\/\/api.w.org\/{rel}","templated":true}]}}