{"id":39212,"date":"2021-10-28T23:05:16","date_gmt":"2021-10-28T23:05:16","guid":{"rendered":"https:\/\/www.sisinternational.com\/?page_id=39212"},"modified":"2026-01-25T19:39:07","modified_gmt":"2026-01-26T00:39:07","slug":"ilha-do-principe-eduardo-canada","status":"publish","type":"page","link":"https:\/\/www.sisinternational.com\/pt\/cobertura\/north-america\/pesquisa-de-mercado-canada\/ilha-do-principe-eduardo-canada\/","title":{"rendered":"Pesquisa de mercado na Ilha do Pr\u00edncipe Eduardo"},"content":{"rendered":"<h1 class=\"wp-block-heading\">Pesquisa de mercado na Ilha do Pr\u00edncipe Eduardo<\/h1>\n\n\n\n<p><\/p>\n\n\n\n<figure class=\"gb-block-image gb-block-image-23f7b5df\"><img loading=\"lazy\" decoding=\"async\" width=\"1456\" height=\"816\" class=\"gb-image gb-image-23f7b5df\" src=\"https:\/\/www.sisinternational.com\/wp-content\/uploads\/2025\/08\/Prince-Edward-Island-2.jpg\" alt=\"Pesquisa e Estrat\u00e9gia de Mercado Internacional da SIS\" title=\"Prince Edward Island (2)\" srcset=\"https:\/\/www.sisinternational.com\/wp-content\/uploads\/2025\/08\/Prince-Edward-Island-2.jpg 1456w, https:\/\/www.sisinternational.com\/wp-content\/uploads\/2025\/08\/Prince-Edward-Island-2-300x168.jpg 300w, https:\/\/www.sisinternational.com\/wp-content\/uploads\/2025\/08\/Prince-Edward-Island-2-1024x574.jpg 1024w, https:\/\/www.sisinternational.com\/wp-content\/uploads\/2025\/08\/Prince-Edward-Island-2-768x430.jpg 768w, https:\/\/www.sisinternational.com\/wp-content\/uploads\/2025\/08\/Prince-Edward-Island-2-18x10.jpg 18w\" sizes=\"auto, (max-width: 1456px) 100vw, 1456px\"><\/figure>\n\n\n\n<hr class=\"wp-block-separator has-alpha-channel-opacity is-style-dots\"\/>\n\n\n\n<h3 class=\"wp-block-heading\"><span style=\"font-weight: 400;\">A pesquisa de mercado na Ilha do Pr\u00edncipe Eduardo fornece \u00e0s empresas os insights necess\u00e1rios para explorar os principais setores da prov\u00edncia, descobrir o potencial de crescimento e navegar pelos desafios do mercado local.<\/span><\/h3>\n\n\n\n<p><span style=\"font-weight: 400;\">A Ilha do Pr\u00edncipe Eduardo \u00e9 mais do que apenas a menor prov\u00edncia do Canad\u00e1 \u2014 \u00e9 um centro econ\u00f4mico pr\u00f3spero com vastas oportunidades em agricultura, pesca e turismo. \u00c9 por isso que a pesquisa de mercado na Ilha do Pr\u00edncipe Eduardo equipa as empresas com os insights para explorar as principais ind\u00fastrias da prov\u00edncia, descobrir o potencial de crescimento e navegar pelos desafios do mercado local.<\/span><\/p>\n\n\n\n<h2 class=\"wp-block-heading\"><strong>O que \u00e9 pesquisa de mercado na Ilha do Pr\u00edncipe Eduardo?<\/strong><\/h2>\n\n\n\n<p><span style=\"font-weight: 400;\">A pesquisa de mercado na Ilha do Pr\u00edncipe Eduardo ajuda as empresas a entender o comportamento do consumidor local, as tend\u00eancias da ind\u00fastria e a din\u00e2mica competitiva. Isso permite que elas tomem decis\u00f5es informadas adaptadas \u00e0s condi\u00e7\u00f5es espec\u00edficas de mercado da ilha. Tamb\u00e9m permite que as empresas identifiquem a demanda do mercado, otimizem as cadeias de suprimentos e explorem novas oportunidades de crescimento.<\/span><\/p>\n\n\n\n<h2 class=\"wp-block-heading\"><strong>Por que as empresas precisam de pesquisa de mercado na Ilha do Pr\u00edncipe Eduardo?<\/strong><\/h2>\n\n\n\n<p><span style=\"font-weight: 400;\">One critical reason for conducting <a href=\"https:\/\/www.sisinternational.com\/pt\/cobertura\/as-americas\/pesquisa-de-mercado-no-caribe\/pesquisa-de-mercado-nas-ilhas-turks-e-caicos\/\" title=\"Pesquisa de mercado nas Ilhas Turks e Caicos\"  data-wpil-monitor-id=\"3550\">market research in Prince Edward Island<\/a> is to stay competitive in the province\u2019s core sectors. For example, the agricultural industry, particularly potato farming, faces challenges such as changing weather patterns, soil health management, and shifts in market demand. Market research provides valuable data on consumer trends, competitor activities, and technological advancements, enabling agricultural businesses to adapt and thrive in this competitive environment.<\/span><\/p>\n\n\n\n<p><span style=\"font-weight: 400;\">Adicionalmente, <a href=\"https:\/\/www.sisinternational.com\/pt\/cobertura\/europa\/pesquisa-de-mercado-ilhas-faroe\/\" title=\"Pesquisa de mercado nas Ilhas Faro\u00e9\"  data-wpil-monitor-id=\"3747\">market research in Prince Edward Island<\/a> is vital for identifying opportunities in the growing tourism sector. The island\u2019s appeal as a travel destination is fueled by its scenic beauty, rich cultural heritage, and outdoor activities. Market research helps tourism operators understand visitor demographics, optimize marketing strategies, and develop experiences that cater to both local and international travelers.&nbsp;<\/span><\/p>\n\n\n\n<p><span style=\"font-weight: 400;\">Em qualquer caso, tem muitos outros benef\u00edcios, incluindo:&nbsp;<\/span><\/p>\n\n\n\n<ul class=\"wp-block-list\">\n<li><b>Deep Understanding of Local <\/b><a href=\"https:\/\/www.sisinternational.com\/pt\/cobertura\/pesquisa-de-mercado-asia\/pesquisa-de-mercado-nas-ilhas-marianas\/\" title=\"Pesquisa de mercado nas Ilhas Marianas\"  data-wpil-monitor-id=\"3861\">Din\u00e2mica de Mercado:<span style=\"font-weight: 400;\"> Market research in Prince Edward Island<\/a> analyzes the specific economic landscape, including its agriculture, fisheries, and tourism sectors. This knowledge helps businesses tailor their strategies to meet the distinct needs of the local market.<\/span><\/li>\n\n\n\n<li><b>Identifica\u00e7\u00e3o de oportunidades de crescimento:<\/b><span style=\"font-weight: 400;\"> A economia da Ilha do Pr\u00edncipe Eduardo est\u00e1 evoluindo, com novas oportunidades surgindo em \u00e1reas como agricultura sustent\u00e1vel, ecoturismo e exporta\u00e7\u00e3o de frutos do mar. A pesquisa de mercado ajuda as empresas a identificar essas oportunidades cedo, permitindo que elas se expandam para segmentos de alto crescimento e fiquem \u00e0 frente dos concorrentes.<\/span><\/li>\n\n\n\n<li><b>Mitiga\u00e7\u00e3o de Riscos e Adapta\u00e7\u00e3o \u00e0s Mudan\u00e7as de Mercado:<\/b><span style=\"font-weight: 400;\"> Mercado <a href=\"https:\/\/www.sisinternational.com\/pt\/cobertura\/as-americas\/pesquisa-de-mercado-no-caribe\/pesquisa-de-mercado-nas-ilhas-virgens-dos-eua\/\" title=\"Pesquisa de mercado nas Ilhas Virgens dos EUA\"  data-wpil-monitor-id=\"5181\">research in Prince Edward Island<\/a> identifies potential market challenges, such as environmental impacts, regulatory changes, or shifts in demand. With these insights, businesses can proactively adjust their strategies to mitigate risks and maintain stability in a dynamic market.<\/span><\/li>\n\n\n\n<li><b>Estrat\u00e9gias otimizadas de marketing e vendas:<\/b><span style=\"font-weight: 400;\"> Entender as prefer\u00eancias dos consumidores e visitantes locais da Ilha do Pr\u00edncipe Eduardo permite que as empresas criem campanhas de marketing direcionadas que ressoem com seu p\u00fablico. A pesquisa de mercado ajuda a refinar mensagens, selecionar canais de marketing eficazes e impulsionar o engajamento com moradores e turistas.<\/span><\/li>\n<\/ul>\n\n\n\n<h2 class=\"wp-block-heading\"><strong>Principais ind\u00fastrias na Ilha do Pr\u00edncipe Eduardo<\/strong><\/h2>\n\n\n\n<ul class=\"wp-block-list\">\n<li><b>Agricultura:<\/b><span style=\"font-weight: 400;\"> Agriculture is a cornerstone of Prince Edward Island\u2019s economy. The province is known for its high-quality potato production, grains, and other crops. The island\u2019s fertile soil and innovative farming techniques make it a leader in Canadian agriculture. <a href=\"https:\/\/www.sisinternational.com\/pt\/cobertura\/pesquisa-de-mercado-africa\/pesquisa-de-mercado-nas-mauricias-africa\/\" title=\"Market Research in Mauritius \u2014 Island off Africa&#8217;s East Coast\"  data-wpil-monitor-id=\"5304\">Market research in Prince Edward Island<\/a> helps agricultural businesses optimize their operations, explore new markets, and stay competitive in an evolving sector.<\/span><\/li>\n\n\n\n<li><b>Pesca e frutos do mar:<\/b><span style=\"font-weight: 400;\"> A ind\u00fastria pesqueira da Ilha do Pr\u00edncipe Eduardo \u00e9 famosa por seus frutos do mar premium, incluindo lagosta, mexilh\u00f5es e ostras. Este setor desempenha um papel cr\u00edtico na economia da prov\u00edncia, impulsionando exporta\u00e7\u00f5es e apoiando comunidades locais. A pesquisa de mercado fornece insights sobre a demanda do mercado, pr\u00e1ticas de sustentabilidade e novas oportunidades de produtos, permitindo que as empresas de frutos do mar se adaptem \u00e0s mudan\u00e7as nas condi\u00e7\u00f5es do mercado.<\/span><\/li>\n\n\n\n<li><b>Turismo:<\/b><span style=\"font-weight: 400;\"> The province\u2019s scenic beauty and unique attractions, such as the Anne of Green Gables Museum, draw tourists from around the world. <a href=\"https:\/\/www.sisinternational.com\/pt\/cobertura\/pesquisa-de-mercado-asia\/pesquisa-de-mercado-nas-ilhas-cook\/\" title=\"Pesquisa de mercado nas Ilhas Cook\"  data-wpil-monitor-id=\"5737\">Market research in Prince Edward Island<\/a> helps tourism operators understand visitor trends, develop targeted marketing campaigns, and create memorable experiences that resonate with tourists.<\/span><\/li>\n<\/ul>\n\n\n\n<h2 class=\"wp-block-heading\">Bairros<\/h2>\n\n\n\n<p>Charlottetown \u00e9 a capital e maior cidade da Ilha do Pr\u00edncipe Eduardo. O nome da cidade vem da Rainha Charlotte, a antiga Rainha da Gr\u00e3-Bretanha e Irlanda e esposa do Rei George III.<\/p>\n\n\n\n<p>Muitas \u00e1reas urbanas \u00e0 beira-mar cobrem a cidade. O centro de Charlotte tem marcos encantadores. A cidade tamb\u00e9m desenvolveu espa\u00e7os ao ar livre ao norte, oeste e leste do centro. No entanto, a maioria das regi\u00f5es externas de Charlotte s\u00e3o terras agr\u00edcolas.<\/p>\n\n\n\n<p>Summerside \u00e9 a segunda maior cidade da ilha e compartilha muitas caracter\u00edsticas com outras. Os turistas podem aproveitar vistas deslumbrantes do oceano e hectares de espa\u00e7os verdes. Summerside tamb\u00e9m \u00e9 famosa por suas lojas exclusivas. Dentro desta cidade, teatro e m\u00fasica de classe mundial aguardam.<\/p>\n\n\n\n<h2 class=\"wp-block-heading\">Tend\u00eancias<\/h2>\n\n\n\n<figure class=\"gb-block-image gb-block-image-659b6d92\"><img loading=\"lazy\" decoding=\"async\" width=\"1456\" height=\"816\" class=\"gb-image gb-image-659b6d92\" src=\"https:\/\/www.sisinternational.com\/wp-content\/uploads\/2025\/08\/Prince-Edward-Island-1.jpg\" alt=\"Pesquisa e Estrat\u00e9gia de Mercado Internacional da SIS\" title=\"Prince Edward Island (1)\" srcset=\"https:\/\/www.sisinternational.com\/wp-content\/uploads\/2025\/08\/Prince-Edward-Island-1.jpg 1456w, https:\/\/www.sisinternational.com\/wp-content\/uploads\/2025\/08\/Prince-Edward-Island-1-300x168.jpg 300w, https:\/\/www.sisinternational.com\/wp-content\/uploads\/2025\/08\/Prince-Edward-Island-1-1024x574.jpg 1024w, https:\/\/www.sisinternational.com\/wp-content\/uploads\/2025\/08\/Prince-Edward-Island-1-768x430.jpg 768w, https:\/\/www.sisinternational.com\/wp-content\/uploads\/2025\/08\/Prince-Edward-Island-1-18x10.jpg 18w\" sizes=\"auto, (max-width: 1456px) 100vw, 1456px\"><\/figure>\n\n\n\n<p><\/p>\n\n\n\n<p>A popula\u00e7\u00e3o da Ilha do Pr\u00edncipe Eduardo est\u00e1 crescendo lentamente, mas de forma constante. Por exemplo, a ilha espera que um grande n\u00famero de seus futuros moradores sejam estrangeiros. Parte de seu apelo est\u00e1 em suas riquezas na beleza concedida pela M\u00e3e Natureza, bem como em sua hist\u00f3ria e cultura.<\/p>\n\n\n\n<p>Os moradores locais vivem uma vida descontra\u00edda devido ao baixo custo de vida em compara\u00e7\u00e3o com outras partes do Canad\u00e1. A ilha \u00e9 um dos lugares mais baratos para se viver no Canad\u00e1.<\/p>\n\n\n\n<h2 class=\"wp-block-heading\"><strong>Motoristas de mercado na Ilha do Pr\u00edncipe Eduardo<\/strong><\/h2>\n\n\n\n<p><span style=\"font-weight: 400;\">V\u00e1rios fatores importantes de mercado est\u00e3o impulsionando o crescimento na Ilha do Pr\u00edncipe Eduardo, tornando-a uma regi\u00e3o atraente para neg\u00f3cios e investimentos.<\/span><\/p>\n\n\n\n<ul class=\"wp-block-list\">\n<li><b>Pr\u00e1ticas de Agricultura Sustent\u00e1vel:<\/b><span style=\"font-weight: 400;\"> The shift toward sustainable and organic farming is a major driver in Prince Edward Island\u2019s agricultural sector. Consumers are increasingly seeking locally sourced, eco-friendly products, which is prompting farmers to adopt practices like crop rotation, reduced pesticide use, and organic farming. <a href=\"https:\/\/www.sisinternational.com\/pt\/cobertura\/as-americas\/pesquisa-de-mercado-no-caribe\/pesquisa-de-mercado-ilhas-virgens-britanicas\/\" title=\"Pesquisa de mercado nas Ilhas Virgens Brit\u00e2nicas\"  data-wpil-monitor-id=\"5839\">Market research in Prince Edward Island<\/a> helps agricultural businesses understand consumer trends, identify sustainable farming techniques, and align their strategies with market demand.<\/span><\/li>\n\n\n\n<li><b>Aumento das exporta\u00e7\u00f5es de frutos do mar:<\/b><span style=\"font-weight: 400;\"> Prince Edward Island\u2019s seafood industry, particularly its well-known mussels, oysters, and lobsters, continues to see strong demand in international markets. The province\u2019s commitment to quality and sustainable fishing practices enhances its global reputation as a top seafood producer. <a href=\"https:\/\/www.sisinternational.com\/pt\/pericia\/industrias\/mercado-de-frutos-do-mar\/\" title=\"Pesquisa de mercado de frutos do mar\"  data-wpil-monitor-id=\"3952\">Market research supports seafood<\/a> companies by providing insights into global market trends, export opportunities, and evolving consumer preferences for sustainable seafood.<\/span><\/li>\n\n\n\n<li><b>Setor de turismo em crescimento:<\/b><span style=\"font-weight: 400;\"> Tourism is a critical driver of Prince Edward Island\u2019s economy, with the island\u2019s scenic landscapes, cultural attractions, and outdoor activities attracting visitors from around the world. The rise of experiential and eco-tourism is encouraging businesses to develop unique, sustainable tourism offerings. <a href=\"https:\/\/www.sisinternational.com\/pt\/pericia\/industrias\/pesquisa-de-mercado-demografica\/\" title=\"Pesquisa de mercado demogr\u00e1fica\"  data-wpil-monitor-id=\"3221\">Market research in Prince Edward Island<\/a> helps tourism operators understand visitor demographics, explore emerging travel trends, and optimize their marketing strategies.<\/span><\/li>\n\n\n\n<li><b>Investimento em Energia Renov\u00e1vel: <\/b><span style=\"font-weight: 400;\">O foco da Ilha do Pr\u00edncipe Eduardo em energia renov\u00e1vel, particularmente energia e\u00f3lica, est\u00e1 impulsionando o crescimento no setor de energia verde. O comprometimento da prov\u00edncia em reduzir as emiss\u00f5es de carbono e aumentar a independ\u00eancia energ\u00e9tica apresenta oportunidades significativas para empresas envolvidas na produ\u00e7\u00e3o de energia sustent\u00e1vel.&nbsp;<\/span><\/li>\n<\/ul>\n\n\n\n<h2 class=\"wp-block-heading\"><strong>Restri\u00e7\u00f5es de mercado na Ilha do Pr\u00edncipe Eduardo<\/strong><\/h2>\n\n\n\n<p><span style=\"font-weight: 400;\">Embora a Ilha do Pr\u00edncipe Eduardo ofere\u00e7a in\u00fameras oportunidades, diversas restri\u00e7\u00f5es de mercado representam desafios para as empresas que operam na prov\u00edncia.<\/span><\/p>\n\n\n\n<ul class=\"wp-block-list\">\n<li><b>Flutua\u00e7\u00f5es sazonais do mercado:<\/b><span style=\"font-weight: 400;\"> A economia da Ilha do Pr\u00edncipe Eduardo, particularmente na agricultura, pesca e turismo, \u00e9 altamente sazonal. Essa sazonalidade afeta a demanda, a disponibilidade de m\u00e3o de obra e a estabilidade da receita, criando desafios para empresas que tentam manter opera\u00e7\u00f5es consistentes o ano todo.&nbsp;<\/span><\/li>\n\n\n\n<li><b>Desafios ambientais e regulat\u00f3rios:<\/b><span style=\"font-weight: 400;\"> Regulamenta\u00e7\u00f5es ambientais, particularmente nos setores agr\u00edcola e de frutos do mar, podem representar obst\u00e1culos significativos para as empresas. A conformidade com padr\u00f5es de sustentabilidade, esfor\u00e7os de conserva\u00e7\u00e3o e mudan\u00e7as nas pol\u00edticas ambientais adicionam complexidade \u00e0s opera\u00e7\u00f5es.&nbsp;<\/span><\/li>\n\n\n\n<li><b>Escassez limitada de m\u00e3o de obra e habilidades:<\/b><span style=\"font-weight: 400;\"> A pequena popula\u00e7\u00e3o da Ilha do Pr\u00edncipe Eduardo pode levar \u00e0 escassez de m\u00e3o de obra, especialmente em setores especializados como turismo, tecnologia e of\u00edcios qualificados. Isso pode dificultar que as empresas encontrem e retenham funcion\u00e1rios qualificados, impactando a produtividade e o crescimento. A pesquisa de mercado na Ilha do Pr\u00edncipe Eduardo auxilia as empresas a entender as tend\u00eancias da for\u00e7a de trabalho, identificar as necessidades de treinamento e desenvolver estrat\u00e9gias para atrair talentos.<\/span><\/li>\n<\/ul>\n\n\n\n<h2 class=\"wp-block-heading\">Raz\u00f5es para expandir seus neg\u00f3cios neste mercado<\/h2>\n\n\n\n<p>Com crescimento de mercado r\u00e1pido e constante, esta ilha \u00e9 ideal para neg\u00f3cios. Seu governo apoia a inova\u00e7\u00e3o e o crescimento empresarial, tornando esta economia s\u00f3lida, por\u00e9m variada, atraente para investidores.<\/p>\n\n\n\n<p>Outro motivo para expandir seus neg\u00f3cios na PEI \u00e9 a chance de investir e se tornar um cidad\u00e3o do Canad\u00e1. \u00c9 f\u00e1cil para as empresas encontrarem outro lar na Ilha do Pr\u00edncipe Eduardo, e seu ambiente seguro e tranquilo encoraja isso ainda mais.<\/p>\n\n\n\n<p>A sua localiza\u00e7\u00e3o \u00e9 vital porque tem excelente acesso aos mercados norte-americanos e europeus, incluindo portos durante todo o ano, principais rotas de carga a\u00e9rea e transporte terrestre de grandes volumes.<\/p>\n\n\n\n<h2 class=\"wp-block-heading\"><strong>Como a pesquisa de mercado da SIS International na Ilha do Pr\u00edncipe Eduardo ajuda as empresas<\/strong><\/h2>\n\n\n\n<p><span style=\"font-weight: 400;\">No <\/span><a href=\"https:\/\/www.linkedin.com\/company\/sisinternationalresearch\/\" target=\"_blank\" rel=\"noopener\"><span style=\"font-weight: 400;\">SIS Internacional<\/span><\/a><span style=\"font-weight: 400;\">, our market research in Prince Edward Island equips businesses with the insights needed to navigate the province\u2019s unique market landscape. Our tailored <a href=\"https:\/\/www.sisinternational.com\/pt\/cobertura\/europa\/pesquisa-de-mercado-o-vaticano\/\" title=\"Pesquisa de mercado no Vaticano\" data-wpil-monitor-id=\"3769\">research approach helps companies understand local market<\/a> dynamics, identify growth opportunities, and make informed decisions that align with the province\u2019s distinct economic conditions.<\/span><\/p>\n\n\n\n<p><b>Planejamento Estrat\u00e9gico Aprimorado:<\/b><span style=\"font-weight: 400;\">&nbsp;<\/span><\/p>\n\n\n\n<p><span style=\"font-weight: 400;\">Nossa pesquisa de mercado fornece \u00e0s empresas um profundo entendimento das principais ind\u00fastrias da Ilha do Pr\u00edncipe Eduardo, incluindo agricultura, pesca e turismo. Ao alavancar nossos insights, as empresas podem desenvolver estrat\u00e9gias que se alinham com as tend\u00eancias locais, otimizar seu posicionamento de mercado e impulsionar o crescimento neste mercado competitivo.<\/span><\/p>\n\n\n\n<p><b>Aumento da receita e ROI impulsionado:<\/b><span style=\"font-weight: 400;\">&nbsp;<\/span><\/p>\n\n\n\n<p><span style=\"font-weight: 400;\">Ajudamos empresas a identificar setores de alto potencial e oportunidades emergentes, como agricultura sustent\u00e1vel, ecoturismo e energia renov\u00e1vel. Nossa an\u00e1lise detalhada garante que as empresas possam concentrar seus esfor\u00e7os nas \u00e1reas mais lucrativas, maximizando seu retorno sobre o investimento e aumentando sua lucratividade geral.<\/span><\/p>\n\n\n\n<p><b>Redu\u00e7\u00e3o de Riscos e Melhoria da Efici\u00eancia Operacional:<\/b><span style=\"font-weight: 400;\">&nbsp;<\/span><\/p>\n\n\n\n<p><span style=\"font-weight: 400;\">Identificamos potenciais restri\u00e7\u00f5es de mercado, como desafios ambientais e flutua\u00e7\u00f5es sazonais, permitindo que as empresas abordem proativamente essas quest\u00f5es. Nossos insights ajudam as empresas a otimizar suas opera\u00e7\u00f5es, reduzir riscos e se adaptar \u00e0s mudan\u00e7as de mercado, garantindo estabilidade de longo prazo neste mercado em evolu\u00e7\u00e3o.<\/span><\/p>\n\n\n\n<p><b>Crescimento Acelerado e Inova\u00e7\u00e3o:<\/b><span style=\"font-weight: 400;\">&nbsp;<\/span><\/p>\n\n\n\n<p><span style=\"font-weight: 400;\">Nossa pesquisa de mercado ajuda as empresas a explorar esses setores din\u00e2micos, fomentar a inova\u00e7\u00e3o e explorar novas oportunidades de desenvolvimento de produtos. A parceria com a SIS International fornece \u00e0s empresas a orienta\u00e7\u00e3o estrat\u00e9gica necess\u00e1ria para prosperar no ambiente de mercado competitivo da Ilha do Pr\u00edncipe Eduardo.<\/span><\/p>\n\n\n\n<h2 class=\"wp-block-heading\">Sobre pesquisa de mercado na Ilha do Pr\u00edncipe Eduardo<\/h2>\n\n\n\n<p>Pesquisa quantitativa, qualitativa e estrat\u00e9gica \u00e9 crucial. As empresas devem fazer essas verifica\u00e7\u00f5es antes de entrar no mercado para deduzir a melhor estrat\u00e9gia de entrada. Tamb\u00e9m vale a pena visitar a prov\u00edncia para encontrar oportunidades de sorte. Al\u00e9m disso, ajuda a fazer um tour pela regi\u00e3o, visitar sites de neg\u00f3cios e conduzir pesquisas on-line. Essas a\u00e7\u00f5es ajudar\u00e3o a informar a pesquisa de mercado.<\/p>\n\n\n\n<h2 class=\"wp-block-heading\"><strong>Sobre SIS Internacional<\/strong><\/h2>\n\n\n\n<p><a href=\"https:\/\/www.sisinternational.com\/pt\/\"><span style=\"font-weight: 400;\">SIS Internacional<\/span><\/a><span style=\"font-weight: 400;\"> oferece pesquisa quantitativa, qualitativa e estrat\u00e9gica. Fornecemos dados, ferramentas, estrat\u00e9gias, relat\u00f3rios e insights para a tomada de decis\u00f5es. Tamb\u00e9m realizamos entrevistas, pesquisas, grupos focais e outros m\u00e9todos e abordagens de Pesquisa de Mercado.<\/span><a href=\"https:\/\/www.sisinternational.com\/pt\/sobre-a-sis-international-research\/contact-sis-international-market-research\/\"><span style=\"font-weight: 400;\"> Entre em contato conosco<\/span><\/a><span style=\"font-weight: 400;\"> para o seu pr\u00f3ximo projeto de pesquisa de mercado.<\/span><\/p>\n\n\n\n<p><\/p>","protected":false},"excerpt":{"rendered":"<p>Market Research in Prince Edward Island Market research in Prince Edward Island equips businesses with the insights needed to tap into the province\u2019s key industries, uncover growth potential, and navigate local market challenges. Prince Edward Island is more than just Canada\u2019s smallest province\u2014it\u2019s a thriving economic hub with vast opportunities across agriculture, fisheries, and tourism. &#8230; <a title=\"Pesquisa de mercado na Ilha do Pr\u00edncipe Eduardo\" class=\"read-more\" href=\"https:\/\/www.sisinternational.com\/pt\/cobertura\/north-america\/pesquisa-de-mercado-canada\/ilha-do-principe-eduardo-canada\/\" aria-label=\"Read more about Market Research in Prince Edward Island\">Leia mais<\/a><\/p>","protected":false},"author":1,"featured_media":65341,"parent":16507,"menu_order":10,"comment_status":"closed","ping_status":"closed","template":"","meta":{"footnotes":""},"class_list":["post-39212","page","type-page","status-publish","has-post-thumbnail"],"_links":{"self":[{"href":"https:\/\/www.sisinternational.com\/pt\/wp-json\/wp\/v2\/pages\/39212","targetHints":{"allow":["GET"]}}],"collection":[{"href":"https:\/\/www.sisinternational.com\/pt\/wp-json\/wp\/v2\/pages"}],"about":[{"href":"https:\/\/www.sisinternational.com\/pt\/wp-json\/wp\/v2\/types\/page"}],"author":[{"embeddable":true,"href":"https:\/\/www.sisinternational.com\/pt\/wp-json\/wp\/v2\/users\/1"}],"replies":[{"embeddable":true,"href":"https:\/\/www.sisinternational.com\/pt\/wp-json\/wp\/v2\/comments?post=39212"}],"version-history":[{"count":15,"href":"https:\/\/www.sisinternational.com\/pt\/wp-json\/wp\/v2\/pages\/39212\/revisions"}],"predecessor-version":[{"id":79521,"href":"https:\/\/www.sisinternational.com\/pt\/wp-json\/wp\/v2\/pages\/39212\/revisions\/79521"}],"up":[{"embeddable":true,"href":"https:\/\/www.sisinternational.com\/pt\/wp-json\/wp\/v2\/pages\/16507"}],"wp:featuredmedia":[{"embeddable":true,"href":"https:\/\/www.sisinternational.com\/pt\/wp-json\/wp\/v2\/media\/65341"}],"wp:attachment":[{"href":"https:\/\/www.sisinternational.com\/pt\/wp-json\/wp\/v2\/media?parent=39212"}],"curies":[{"name":"wp","href":"https:\/\/api.w.org\/{rel}","templated":true}]}}