{"id":39120,"date":"2021-10-21T04:03:03","date_gmt":"2021-10-21T04:03:03","guid":{"rendered":"https:\/\/www.sisinternational.com\/?page_id=39120"},"modified":"2025-09-14T22:34:39","modified_gmt":"2025-09-15T02:34:39","slug":"pesquisa-de-mercado-psicografica","status":"publish","type":"page","link":"https:\/\/www.sisinternational.com\/pt\/solucoes\/solucoes-de-pesquisa-quantitativa-qualitativa\/pesquisa-de-mercado-psicografica\/","title":{"rendered":"Pesquisa de mercado psicogr\u00e1fico"},"content":{"rendered":"<h1 class=\"wp-block-heading\">Pesquisa de mercado psicogr\u00e1fico<\/h1>\n\n\n\n<figure class=\"gb-block-image gb-block-image-b944f77d\"><img loading=\"lazy\" decoding=\"async\" width=\"1456\" height=\"816\" class=\"gb-image gb-image-b944f77d\" src=\"https:\/\/www.sisinternational.com\/wp-content\/uploads\/2025\/08\/Non-profit-8-1.jpg\" alt=\"Pesquisa e Estrat\u00e9gia de Mercado Internacional da SIS\" title=\"Non profit (8)\" srcset=\"https:\/\/www.sisinternational.com\/wp-content\/uploads\/2025\/08\/Non-profit-8-1.jpg 1456w, https:\/\/www.sisinternational.com\/wp-content\/uploads\/2025\/08\/Non-profit-8-1-300x168.jpg 300w, https:\/\/www.sisinternational.com\/wp-content\/uploads\/2025\/08\/Non-profit-8-1-1024x574.jpg 1024w, https:\/\/www.sisinternational.com\/wp-content\/uploads\/2025\/08\/Non-profit-8-1-768x430.jpg 768w, https:\/\/www.sisinternational.com\/wp-content\/uploads\/2025\/08\/Non-profit-8-1-18x10.jpg 18w\" sizes=\"auto, (max-width: 1456px) 100vw, 1456px\"><\/figure>\n\n\n\n<hr class=\"wp-block-separator has-alpha-channel-opacity is-style-dots\"\/>\n\n\n\n<h2 class=\"wp-block-heading\">Sobre Psicografia<\/h2>\n\n\n\n<p>A psicografia \u00e9 um dos quatro tipos de segmenta\u00e7\u00e3o. \u00c9 tamb\u00e9m o estudo dos consumidores com base em seus atributos mentais. A psicografia explica \u201cpor que\u201d os consumidores est\u00e3o comprando seu produto. Ele faz perguntas com base em interesses, valores, estilo de vida, renda e cren\u00e7as.<\/p>\n\n\n\n<p><strong>Este tipo de Pesquisa de Mercado possui cinco vari\u00e1veis:<\/strong><\/p>\n\n\n\n<ol class=\"wp-block-list\">\n<li>Personalidade<\/li>\n\n\n\n<li>Estilo de vida<\/li>\n\n\n\n<li>Status social<\/li>\n\n\n\n<li>AIO (Atividades, Interesses, Opini\u00f5es)<\/li>\n\n\n\n<li>Atitude<\/li>\n<\/ol>\n\n\n\n<p>A demografia trata de \u201cquem\u201d \u00e9 o cliente. Implica encontrar dados sobre idade, sexo, etnia, carreira e educa\u00e7\u00e3o.<\/p>\n\n\n\n<p>Demographics and Psychographics work together to create a perfect consumer profile. The business can now use this profile to format new product ideas. Those ideas are in line with what the consumer desires.<\/p>\n\n\n\n<h2 class=\"wp-block-heading\">Por que isso \u00e9 importante?<\/h2>\n\n\n\n<p>The success of a business lies in its ability to provide the best services to customers. You can only offer the <a href=\"https:\/\/www.linkedin.com\/company\/sisinternationalresearch\" target=\"_blank\" rel=\"noopener\">best services<\/a> if you know the customers you are marketing to. It also helps narrow the customer outlook. Doing so makes it easier to target those who are likely to buy your products and services.<\/p>\n\n\n\n<p>Facilita o gerenciamento de recursos. Ao compreender as necessidades dos consumidores, voc\u00ea economiza recursos. Voc\u00ea pode ent\u00e3o desenvolver produtos mais precisos. Voc\u00ea tamb\u00e9m economiza dinheiro com campanhas de marca se tiver um p\u00fablico-alvo.<\/p>\n\n\n\n<p>A psicografia se aplica a muitas empresas. Tamb\u00e9m \u00e9 \u00fatil para os clientes. Ao aprender seus interesses e desgostos, voc\u00ea pode rejeitar e lan\u00e7ar produtos e despertar o interesse na empresa. Ningu\u00e9m buscaria um produto que n\u00e3o fosse direcionado a ele.<\/p>\n\n\n\n<p>Psychographic segmentation is qualitative. Yet, because each customer has a broad range of AIOs, the information is better understood. When the company understands its buyers, it can improve its products. Seth Godin once said, \u201cDon\u2019t find customers for your products; find products for your customers.\u201d By increasing the value of your products, you keep customers coming back.<\/p>\n\n\n\n<h2 class=\"wp-block-heading\">Principais cargos<\/h2>\n\n\n\n<h4 class=\"wp-block-heading\">Diretor de marketing<\/h4>\n\n\n\n<p>The Marketing Director is responsible for developing brands and customer personas. They also test different channels to optimize the customer experience and gather extensive demographic and psychographic data to do so.<\/p>\n\n\n\n<h4 class=\"wp-block-heading\">Gerente de Segmento de Clientes<\/h4>\n\n\n\n<p>This person organizes all customer research groups. They must develop products that match customer profiles and transfer information for promoting goods to the marketing teams.<\/p>\n\n\n\n<h2 class=\"wp-block-heading\">Principais fatores de sucesso<\/h2>\n\n\n\n<p>A m\u00eddia social \u00e9 um fator cr\u00edtico na psicografia. A melhor maneira de saber \u201cporqu\u00ea\u201d \u00e9 perguntar \u201cporqu\u00ea\u201d. Voc\u00ea pode convidar os clientes a fornecerem os motivos para comprar seus produtos na forma de pesquisas online. \u00c9 uma \u00f3tima maneira de melhorar seus servi\u00e7os.<\/p>\n\n\n\n<p>Um bom marketing tamb\u00e9m \u00e9 um fator vital de sucesso. A empresa deve ter uma forma de reunir todos os dados psicogr\u00e1ficos. Isso permitir\u00e1 que ela atenda \u00e0s necessidades de seus clientes. Voc\u00ea pode fazer tudo isso por meio de publicidade especializada. As vendas tamb\u00e9m definem o sucesso desse tipo de pesquisa.<\/p>\n\n\n\n<h2 class=\"wp-block-heading\">Por que as empresas precisam de psicografia<\/h2>\n\n\n\n<p><\/p>\n\n\n\n<figure class=\"gb-block-image gb-block-image-e1789400\"><img loading=\"lazy\" decoding=\"async\" width=\"1456\" height=\"816\" class=\"gb-image gb-image-e1789400\" src=\"https:\/\/www.sisinternational.com\/wp-content\/uploads\/2025\/08\/Business-17.jpg\" alt=\"Pesquisa e Estrat\u00e9gia de Mercado Internacional da SIS\" title=\"Business (17)\" srcset=\"https:\/\/www.sisinternational.com\/wp-content\/uploads\/2025\/08\/Business-17.jpg 1456w, https:\/\/www.sisinternational.com\/wp-content\/uploads\/2025\/08\/Business-17-300x168.jpg 300w, https:\/\/www.sisinternational.com\/wp-content\/uploads\/2025\/08\/Business-17-1024x574.jpg 1024w, https:\/\/www.sisinternational.com\/wp-content\/uploads\/2025\/08\/Business-17-768x430.jpg 768w, https:\/\/www.sisinternational.com\/wp-content\/uploads\/2025\/08\/Business-17-18x10.jpg 18w\" sizes=\"auto, (max-width: 1456px) 100vw, 1456px\"><\/figure>\n\n\n\n<p><\/p>\n\n\n\n<p>Usar psicografia \u00e9 uma forma criativa de compreender melhor seus consumidores. Os clientes s\u00e3o a raiz do seu neg\u00f3cio. Sem eles, o fracasso est\u00e1 fadado a acontecer. Conhecer seu cliente vai muito al\u00e9m da demografia. Voc\u00ea tamb\u00e9m deve entender como suas mentes funcionam. Voc\u00ea deve saber por que eles fazem as escolhas que fazem. Com isso, voc\u00ea pode fazer com que seu neg\u00f3cio e seus produtos funcionem para eles.<\/p>\n\n\n\n<p>Ajuda a atingir consumidores espec\u00edficos: aqueles que provavelmente comprariam de voc\u00ea. Um exemplo disso \u00e9 um neg\u00f3cio de fabrica\u00e7\u00e3o de velas. Uma pesquisa demogr\u00e1fica mostra \u201cquem\u201d s\u00e3o seus clientes. A maioria dos seus compradores s\u00e3o mulheres entre 17 e 26 anos. Esta informa\u00e7\u00e3o \u00e9 relevante, mas n\u00e3o suficiente.<\/p>\n\n\n\n<p>Voc\u00ea deve saber por que eles compram de voc\u00ea, seja pelo pre\u00e7o, pelo produto ou pela ocasi\u00e3o. Eles usar\u00e3o essas velas para decora\u00e7\u00e3o, presentes ou para si mesmos? Todas essas s\u00e3o perguntas que a psicografia responde. Agora voc\u00ea tem uma vis\u00e3o hol\u00edstica e uma imagem de seu cliente e de sua opini\u00e3o. Assim, voc\u00ea pode direcionar melhor seus produtos para um grupo espec\u00edfico. Voc\u00ea pode at\u00e9 criar novos produtos, que, por sua vez, gerar\u00e3o mais vendas.<\/p>\n\n\n\n<p>Vimos como essa ferramenta \u00e9 vital para ajudar voc\u00ea a descobrir por que os clientes compram seus produtos. Tamb\u00e9m ajuda sua empresa a criar uma personalidade de usu\u00e1rio forte. Essa persona ajuda a enviar a mensagem certa para pessoas selecionadas. A empresa agora assumiria o papel de comprador. Agora eles podem perguntar o que gostariam da empresa e de seus produtos.<\/p>\n\n\n\n<p>Atender \u00e0s necessidades dos clientes em produtos tamb\u00e9m cria fidelidade \u00e0 marca. D\u00e1 aos consumidores a sensa\u00e7\u00e3o de que voc\u00ea os conhece. Tamb\u00e9m os faz se sentir especiais. Ao atender \u00e0s necessidades deles em produtos, voc\u00ea tamb\u00e9m evoca a lealdade deles apenas \u00e0 sua marca.<\/p>\n\n\n\n<h2 class=\"wp-block-heading\">Sobre pesquisa de mercado psicogr\u00e1fica<\/h2>\n\n\n\n<p>Psychographics is a unique form of <a class=\"wpil_keyword_link\" href=\"https:\/\/www.sisinternational.com\/pt\/solucoes\/pesquisa-de-mercado-consumidor\/\" title=\"Consumer Market Research Services for Smarter Business Decisions\" data-wpil-keyword-link=\"linked\" data-wpil-monitor-id=\"418\">pesquisa de mercado consumidor<\/a>. Companies gather data through Focus Groups, Interviews, and Surveys. The data collected is a form of Qualitative Research, whereas demographics are Quantitative. Strategy Research is also important in making advertising plans. Thus, psychographics is excellent for consumer research.<\/p>\n\n\n\n<h2 class=\"wp-block-heading\">Localiza\u00e7\u00e3o de nossas instala\u00e7\u00f5es em Nova York<\/h2>\n\n\n\n<p>\n\n\n\n<iframe loading=\"lazy\" src=\"https:\/\/www.google.com\/maps\/embed?pb=!1m18!1m12!1m3!1d3022.976188376966!2d-73.99130312499956!3d40.740549471389315!2m3!1f0!2f0!3f0!3m2!1i1024!2i768!4f13.1!3m3!1m2!1s0x89c259a15798c731%3A0xd695d09bdd495f25!2s11%20E%2022nd%20St%20FL%202%2C%20New%20York%2C%20NY%2010010%2C%20USA!5e0!3m2!1sen!2spe!4v1726171763526!5m2!1sen!2spe\" width=\"600\" height=\"450\" allowfullscreen=\"allowfullscreen\" data-mce-fragment=\"1\"><\/iframe>\n\n\n\n<\/p>\n\n\n\n<h3 class=\"wp-block-heading\">11 E 22nd Street, 2\u00ba andar, Nova York, NY 10010 T: +1(212) 505-6805<\/h3>\n\n\n\n<hr class=\"wp-block-separator has-alpha-channel-opacity\"\/>\n\n\n\n<h2 class=\"wp-block-heading\"><span style=\"font-weight: 400;\">Sobre SIS Internacional<\/span><\/h2>\n\n\n\n<p><a href=\"https:\/\/www.sisinternational.com\/pt\/\"><span style=\"font-weight: 400;\">SIS Internacional<\/span><\/a><span style=\"font-weight: 400;\"> oferece pesquisa quantitativa, qualitativa e estrat\u00e9gica. Fornecemos dados, ferramentas, estrat\u00e9gias, relat\u00f3rios e insights para a tomada de decis\u00f5es. Tamb\u00e9m realizamos entrevistas, pesquisas, grupos focais e outros m\u00e9todos e abordagens de Pesquisa de Mercado.<\/span><a href=\"https:\/\/www.sisinternational.com\/pt\/sobre-a-sis-international-research\/contact-sis-international-market-research\/\"><span style=\"font-weight: 400;\"> Entre em contato conosco<\/span><\/a><span style=\"font-weight: 400;\"> para o seu pr\u00f3ximo projeto de pesquisa de mercado.<\/span><\/p>\n\n\n\n<p><\/p>","protected":false},"excerpt":{"rendered":"<p>Expanda seus neg\u00f3cios com pesquisa de mercado psicogr\u00e1fica.<\/p>","protected":false},"author":1,"featured_media":62999,"parent":14660,"menu_order":22,"comment_status":"closed","ping_status":"closed","template":"","meta":{"footnotes":""},"class_list":["post-39120","page","type-page","status-publish","has-post-thumbnail"],"_links":{"self":[{"href":"https:\/\/www.sisinternational.com\/pt\/wp-json\/wp\/v2\/pages\/39120","targetHints":{"allow":["GET"]}}],"collection":[{"href":"https:\/\/www.sisinternational.com\/pt\/wp-json\/wp\/v2\/pages"}],"about":[{"href":"https:\/\/www.sisinternational.com\/pt\/wp-json\/wp\/v2\/types\/page"}],"author":[{"embeddable":true,"href":"https:\/\/www.sisinternational.com\/pt\/wp-json\/wp\/v2\/users\/1"}],"replies":[{"embeddable":true,"href":"https:\/\/www.sisinternational.com\/pt\/wp-json\/wp\/v2\/comments?post=39120"}],"version-history":[{"count":10,"href":"https:\/\/www.sisinternational.com\/pt\/wp-json\/wp\/v2\/pages\/39120\/revisions"}],"predecessor-version":[{"id":74915,"href":"https:\/\/www.sisinternational.com\/pt\/wp-json\/wp\/v2\/pages\/39120\/revisions\/74915"}],"up":[{"embeddable":true,"href":"https:\/\/www.sisinternational.com\/pt\/wp-json\/wp\/v2\/pages\/14660"}],"wp:featuredmedia":[{"embeddable":true,"href":"https:\/\/www.sisinternational.com\/pt\/wp-json\/wp\/v2\/media\/62999"}],"wp:attachment":[{"href":"https:\/\/www.sisinternational.com\/pt\/wp-json\/wp\/v2\/media?parent=39120"}],"curies":[{"name":"wp","href":"https:\/\/api.w.org\/{rel}","templated":true}]}}