{"id":39118,"date":"2021-10-21T03:45:03","date_gmt":"2021-10-21T03:45:03","guid":{"rendered":"https:\/\/www.sisinternational.com\/?page_id=39118"},"modified":"2026-03-12T22:40:13","modified_gmt":"2026-03-13T02:40:13","slug":"pesquisa-de-mercado-de-infraestrutura","status":"publish","type":"page","link":"https:\/\/www.sisinternational.com\/pt\/construction-market-research-solutions\/pesquisa-de-mercado-de-infraestrutura\/","title":{"rendered":"Pesquisa de mercado de infraestrutura"},"content":{"rendered":"<h1 class=\"wp-block-heading\">Pesquisa de mercado de infraestrutura<\/h1>\n\n\n\n<figure class=\"gb-block-image gb-block-image-e50f9464\"><img loading=\"lazy\" decoding=\"async\" width=\"1456\" height=\"816\" class=\"gb-image gb-image-e50f9464\" src=\"https:\/\/www.sisinternational.com\/wp-content\/uploads\/2025\/08\/Communications-Infrastructure-6.jpg\" alt=\"Pesquisa e Estrat\u00e9gia de Mercado Internacional da SIS\" title=\"Communications Infrastructure (6)\" srcset=\"https:\/\/www.sisinternational.com\/wp-content\/uploads\/2025\/08\/Communications-Infrastructure-6.jpg 1456w, https:\/\/www.sisinternational.com\/wp-content\/uploads\/2025\/08\/Communications-Infrastructure-6-300x168.jpg 300w, https:\/\/www.sisinternational.com\/wp-content\/uploads\/2025\/08\/Communications-Infrastructure-6-1024x574.jpg 1024w, https:\/\/www.sisinternational.com\/wp-content\/uploads\/2025\/08\/Communications-Infrastructure-6-768x430.jpg 768w, https:\/\/www.sisinternational.com\/wp-content\/uploads\/2025\/08\/Communications-Infrastructure-6-18x10.jpg 18w\" sizes=\"auto, (max-width: 1456px) 100vw, 1456px\"><\/figure>\n\n\n\n<p><\/p>\n\n\n\n<hr class=\"wp-block-separator has-alpha-channel-opacity is-style-dots\"\/>\n\n\n\n<div class=\"wp-block-columns has-global-color-9-color has-text-color has-background has-link-color wp-elements-d441985328312167291664ed367995ea is-layout-flex wp-container-core-columns-is-layout-9d6595d7 wp-block-columns-is-layout-flex\" style=\"background-color:#f7f9fa6e\">\n<div class=\"wp-block-column is-layout-flow wp-block-column-is-layout-flow\" style=\"flex-basis:18%\"><\/div>\n\n\n\n<div class=\"wp-block-column is-vertically-aligned-center is-layout-flow wp-block-column-is-layout-flow\" style=\"flex-basis:71.28%\">\n<div class=\"wp-block-rank-math-toc-block aligncenter has-global-color-9-color has-text-color has-link-color wp-elements-08d98711f08828cccc3d09bdeb1c104a\" style=\"font-size:16px\" id=\"rank-math-toc\"><h2><br><strong>T<\/strong>able of Contents<\/h2><nav><ul><li class=\"\"><a href=\"#what-is-infrastructure\">O que \u00e9 infraestrutura?<\/a><\/li><li class=\"\"><a href=\"#why-is-it-important\">Por que isso \u00e9 importante?<\/a><\/li><li class=\"\"><a href=\"#key-job-titles\">Principais cargos<\/a><\/li><li class=\"\"><a href=\"#key-success-factors\">Principais fatores de sucesso<\/a><\/li><li class=\"\"><a href=\"#why-businesses-need-infrastructure\">Por que as empresas precisam de infraestrutura<\/a><\/li><li class=\"\"><a href=\"#about-infrastructure-market-research\">Sobre pesquisa de mercado de infraestrutura<\/a><\/li><\/ul><\/nav><\/div>\n<\/div>\n<\/div>\n\n\n\n<p><\/p>\n\n\n\n<h2 class=\"wp-block-heading\" id=\"what-is-infrastructure\">O que \u00e9 infraestrutura?<\/h2>\n\n\n\n<p>\u00c9 a estrutura b\u00e1sica de um pa\u00eds, por exemplo, estradas, transportes e fornecimento de energia. Tamb\u00e9m podemos agrup\u00e1-lo em dois tipos principais.<\/p>\n\n\n\n<p>Infraestrutura pesada \u00e9 o sistema f\u00edsico que permite ao pa\u00eds operar. Estes incluem transporte, energia, abastecimento de \u00e1gua e saneamento.<\/p>\n\n\n\n<p>A infraestrutura leve consiste em centros que mant\u00eam a economia. Tais centros s\u00e3o essenciais para a qualidade de vida de um pa\u00eds. Os sistemas governamental, de sa\u00fade, financeiro e educacional garantem isso. Tamb\u00e9m inclui sistemas jur\u00eddicos.<\/p>\n\n\n\n<h2 class=\"wp-block-heading\" id=\"why-is-it-important\">Por que isso \u00e9 importante?<\/h2>\n\n\n\n<figure class=\"gb-block-image gb-block-image-894f201a\"><img loading=\"lazy\" decoding=\"async\" width=\"1456\" height=\"816\" class=\"gb-image gb-image-894f201a\" src=\"https:\/\/www.sisinternational.com\/wp-content\/uploads\/2025\/08\/Communications-Infrastructure-4.jpg\" alt=\"Pesquisa e Estrat\u00e9gia de Mercado Internacional da SIS\" title=\"Communications Infrastructure (4)\" srcset=\"https:\/\/www.sisinternational.com\/wp-content\/uploads\/2025\/08\/Communications-Infrastructure-4.jpg 1456w, https:\/\/www.sisinternational.com\/wp-content\/uploads\/2025\/08\/Communications-Infrastructure-4-300x168.jpg 300w, https:\/\/www.sisinternational.com\/wp-content\/uploads\/2025\/08\/Communications-Infrastructure-4-1024x574.jpg 1024w, https:\/\/www.sisinternational.com\/wp-content\/uploads\/2025\/08\/Communications-Infrastructure-4-768x430.jpg 768w, https:\/\/www.sisinternational.com\/wp-content\/uploads\/2025\/08\/Communications-Infrastructure-4-18x10.jpg 18w\" sizes=\"auto, (max-width: 1456px) 100vw, 1456px\"><\/figure>\n\n\n\n<p><\/p>\n\n\n\n<p>A infraestrutura fornece empregos para muitas pessoas, como engenheiros, motoristas de caminh\u00e3o, pilotos, trabalhadores da constru\u00e7\u00e3o civil e instaladores de linhas de energia. \u00c9 f\u00e1cil entrar neste campo. Os trabalhadores n\u00e3o precisam estudar durante anos e anos. Assim, quase qualquer pessoa pode entrar na \u00e1rea, mas deve ter a \u00e9tica de trabalho adequada.<\/p>\n\n\n\n<p>Apoia o crescimento da economia. Tamb\u00e9m permite o transporte de bens e servi\u00e7os dentro e fora do pa\u00eds. Trens de carga, navios de carga, aeronaves e sistemas rodovi\u00e1rios cumprem essa fun\u00e7\u00e3o. Tamb\u00e9m ajuda a conectar as fam\u00edlias. Permite que as crian\u00e7as estudem em casa, auxiliando assim na educa\u00e7\u00e3o. As pessoas tamb\u00e9m podem verificar sua sa\u00fade por conta pr\u00f3pria \u2013 n\u00e3o h\u00e1 necessidade de ir correndo para o hospital todas as vezes.<\/p>\n\n\n\n<p>Com o passar dos anos, tornou-se mais consciente da sa\u00fade e ecol\u00f3gico. Tamb\u00e9m tem visto muitos empreendimentos para ajudar a economia verde, por exemplo, os muitos novos projetos de f\u00e1bricas hidrel\u00e9tricas e e\u00f3licas em todo o mundo. Ve\u00edculos e sistemas movidos a energia solar s\u00e3o o futuro. O novo transporte p\u00fablico de energia limpa tamb\u00e9m reduz os gases de efeito estufa.<\/p>\n\n\n\n<p>A infraestrutura \u00e9 a base para uma vida de qualidade. Facilita o trabalho e aumenta o conforto. Mant\u00e9m as pessoas trabalhando, saud\u00e1veis e tamb\u00e9m felizes. Sem isso, tudo ficar\u00e1 paralisado. Usamos isso todos os dias, mas n\u00e3o percebemos. Energia el\u00e9trica, \u00e1gua encanada e transporte s\u00e3o exemplos.<\/p>\n\n\n\n<p>Al\u00e9m disso, permite ao governo criar empregos. Eles investem em determinadas \u00e1reas para atrair neg\u00f3cios. Ningu\u00e9m investiria em um lugar para onde n\u00e3o pudesse dirigir. Boas estradas, oleodutos e redes criam uma boa imagem. O resultado s\u00e3o canteiros de obras modernos, que atraem pessoas e empresas.<\/p>\n\n\n\n<h2 class=\"wp-block-heading\" id=\"key-job-titles\">Principais cargos<\/h2>\n\n\n\n<h3 class=\"wp-block-heading\">Engenheiro civil<\/h3>\n\n\n\n<p>Os engenheiros civis projetam, constroem e supervisionam projetos e sistemas de infraestrutura, incluindo edif\u00edcios, estradas e drenos. Os engenheiros civis tamb\u00e9m projetam e constroem barragens, aeroportos, t\u00faneis, sistemas de abastecimento de \u00e1gua e tratamento de esgoto.<\/p>\n\n\n\n<h3 class=\"wp-block-heading\">Operador de M\u00e1quinas Pesadas<\/h3>\n\n\n\n<p>Como o nome diz, esta \u00e9 a pessoa que usa o hardware. Embora pare\u00e7a f\u00e1cil, esse trabalho \u00e9 essencial. Estes operadores t\u00eam de transportar abastecimentos de diferentes pontos \u2013 quaisquer perturba\u00e7\u00f5es durante este processo causam grandes problemas ao projecto.<\/p>\n\n\n\n<h3 class=\"wp-block-heading\">Gerente de Projetos de Infraestrutura<\/h3>\n\n\n\n<p>Essa pessoa supervisiona o desenvolvimento de projetos dentro de uma empresa. Eles tamb\u00e9m t\u00eam v\u00e1rias subtarefas. Isso inclui o gerenciamento de or\u00e7amentos, a comunica\u00e7\u00e3o entre departamentos e o estabelecimento de cronogramas para os projetos.<\/p>\n\n\n\n<h3 class=\"wp-block-heading\">Capacidade de Ambiente de Energia de Infraestrutura\/Arquiteto de Solu\u00e7\u00f5es<\/h3>\n\n\n\n<figure class=\"gb-block-image gb-block-image-d17a4a8e\"><img loading=\"lazy\" decoding=\"async\" width=\"1456\" height=\"816\" class=\"gb-image gb-image-d17a4a8e\" src=\"https:\/\/www.sisinternational.com\/wp-content\/uploads\/2025\/08\/Communications-Infrastructure-1.jpg\" alt=\"Pesquisa e Estrat\u00e9gia de Mercado Internacional da SIS\" title=\"Communications Infrastructure (1)\" srcset=\"https:\/\/www.sisinternational.com\/wp-content\/uploads\/2025\/08\/Communications-Infrastructure-1.jpg 1456w, https:\/\/www.sisinternational.com\/wp-content\/uploads\/2025\/08\/Communications-Infrastructure-1-300x168.jpg 300w, https:\/\/www.sisinternational.com\/wp-content\/uploads\/2025\/08\/Communications-Infrastructure-1-1024x574.jpg 1024w, https:\/\/www.sisinternational.com\/wp-content\/uploads\/2025\/08\/Communications-Infrastructure-1-768x430.jpg 768w, https:\/\/www.sisinternational.com\/wp-content\/uploads\/2025\/08\/Communications-Infrastructure-1-18x10.jpg 18w\" sizes=\"auto, (max-width: 1456px) 100vw, 1456px\"><\/figure>\n\n\n\n<p><\/p>\n\n\n\n<p>Estas pessoas s\u00e3o a liga\u00e7\u00e3o entre a infra-estrutura e o ambiente. Eles revisam e apresentam projetos que n\u00e3o danificam o meio ambiente. Por exemplo, construir mais estradas e casas \u00e9 sempre uma necessidade. Ainda assim, precisamos pensar no planeta e nas gera\u00e7\u00f5es futuras. Os arquitetos de solu\u00e7\u00f5es analisam os poss\u00edveis impactos de cada op\u00e7\u00e3o e apresentam ideias que criar\u00e3o um equil\u00edbrio.<\/p>\n\n\n\n<h2 class=\"wp-block-heading\" id=\"key-success-factors\">Principais fatores de sucesso<\/h2>\n\n\n\n<p>Small teams lead many mega-projects. These people may also be working together for the first time. Although typical, it may prove to be stressful. Everyone may feel pressure throughout the project. Having excellent management creates a high-performing team. An adaptive team means the success of projects.<\/p>\n\n\n\n<p>Every project should have an input system that allows the team to access the same fact base. It should also have strict guidelines. These guidelines will ensure that everyone is on the same script. Blunders are common in these projects, but this system decreases such errors. The team can then resolve any issues or problems.<\/p>\n\n\n\n<p>Many mega-projects receive the go-ahead despite significant risks. Some believe the contractor will figure it out along the way, but this is never a good idea. Project leaders should be certain about the project before final approval. The risks always come back to haunt in the future.<\/p>\n\n\n\n<h2 class=\"wp-block-heading\" id=\"why-businesses-need-infrastructure\">Por que as empresas precisam de infraestrutura<\/h2>\n\n\n\n<figure class=\"gb-block-image gb-block-image-77e3daee\"><img loading=\"lazy\" decoding=\"async\" width=\"1456\" height=\"816\" class=\"gb-image gb-image-77e3daee\" src=\"https:\/\/www.sisinternational.com\/wp-content\/uploads\/2025\/08\/Building-5.jpg\" alt=\"Pesquisa e Estrat\u00e9gia de Mercado Internacional da SIS\" title=\"Building (5)\" srcset=\"https:\/\/www.sisinternational.com\/wp-content\/uploads\/2025\/08\/Building-5.jpg 1456w, https:\/\/www.sisinternational.com\/wp-content\/uploads\/2025\/08\/Building-5-300x168.jpg 300w, https:\/\/www.sisinternational.com\/wp-content\/uploads\/2025\/08\/Building-5-1024x574.jpg 1024w, https:\/\/www.sisinternational.com\/wp-content\/uploads\/2025\/08\/Building-5-768x430.jpg 768w, https:\/\/www.sisinternational.com\/wp-content\/uploads\/2025\/08\/Building-5-18x10.jpg 18w\" sizes=\"auto, (max-width: 1456px) 100vw, 1456px\"><\/figure>\n\n\n\n<p><\/p>\n\n\n\n<p>A infra-estrutura apoia as actividades econ\u00f3micas quotidianas. Muitos a chamam de art\u00e9ria do conforto humano. Sem ele, a vida \u00e9 um ped\u00e1gio. Veja por que as empresas precisam disso.<\/p>\n\n\n\n<p>\u00c9 f\u00e1cil para os funcion\u00e1rios chegarem ao trabalho quando h\u00e1 uma boa rede de transportes. O trabalho n\u00e3o pode come\u00e7ar se a equipe n\u00e3o estiver presente. Esta rede tamb\u00e9m permite o transporte de entrada e sa\u00edda de produtos acabados. Estradas pavimentadas permitem isso.<\/p>\n\n\n\n<p>Water supply and sanitation is also a benefit of this. In buildings, running water is essential. No business can operate without water. Clean water is a safety feature: we need it in case of fires. In fact, companies are required always to have water.<\/p>\n\n\n\n<p>IT is a big part of most businesses. Some cannot complete tasks without it. Computers play a vital role. Systems such as mobile phone networks and the internet are also crucial to boost remote working. Many people now work at home. These systems make it easy for them to receive and do work assigned to them. People can now work not only from home but also from anywhere in the world.<\/p>\n\n\n\n<p><\/p>\n\n\n\n<!DOCTYPE html>\n<html lang=\"en\">\n<head>\n    <meta charset=\"UTF-8\">\n    <meta name=\"viewport\" content=\"width=device-width, initial-scale=1.0\">\n    <title>AI Blog Banner<\/title>\n    <style>\n        * {\n            margin: 0;\n            padding: 0;\n            box-sizing: border-box;\n        }\n\n        .banner {\n            position: relative;\n            width: 100%;\n            height: 350px;\n            overflow: hidden;\n            display: flex;\n            align-items: center;\n            justify-content: center;\n            font-family: 'Arial', sans-serif;\n            border-radius: 25px;\n        }\n\n        .animated-background {\n            position: absolute;\n            top: 0;\n            left: 0;\n            width: 100%;\n            height: 100%;\n            background: linear-gradient(45deg, #003f6b, #2d5a7b, #003f6b, #2d5a7b);\n            background-size: 400% 400%;\n            animation: gradientMove 8s ease-in-out infinite;\n        }\n\n        .ai-pattern {\n            position: absolute;\n            top: 0;\n            left: 0;\n            width: 100%;\n            height: 100%;\n            opacity: 0.1;\n            background-image: \n                radial-gradient(circle at 20% 20%, rgba(255,255,255,0.3) 2px, transparent 2px),\n                radial-gradient(circle at 80% 80%, rgba(255,255,255,0.2) 1px, transparent 1px),\n                radial-gradient(circle at 40% 60%, rgba(255,255,255,0.15) 1.5px, transparent 1.5px),\n                radial-gradient(circle at 60% 20%, rgba(255,255,255,0.25) 1px, transparent 1px),\n                radial-gradient(circle at 80% 40%, rgba(255,255,255,0.2) 2px, transparent 2px);\n            background-size: 100px 100px, 150px 150px, 80px 80px, 120px 120px, 90px 90px;\n            animation: patternFloat 12s linear infinite;\n        }\n\n        .neural-network {\n            position: absolute;\n            top: 0;\n            left: 0;\n            width: 100%;\n            height: 100%;\n            opacity: 0.08;\n        }\n\n        .neural-line {\n            position: absolute;\n            height: 1px;\n            background: linear-gradient(90deg, transparent, rgba(255,255,255,0.5), transparent);\n            animation: neuralPulse 6s ease-in-out infinite;\n        }\n\n        .neural-line:nth-child(1) {\n            top: 30%;\n            left: 0;\n            width: 60%;\n            animation-delay: 0s;\n        }\n\n        .neural-line:nth-child(2) {\n            top: 50%;\n            right: 0;\n            width: 70%;\n            animation-delay: 2s;\n        }\n\n        .neural-line:nth-child(3) {\n            top: 70%;\n            left: 20%;\n            width: 50%;\n            animation-delay: 4s;\n        }\n\n        .content {\n            position: relative;\n            z-index: 10;\n            text-align: center;\n            color: white !important;\n            max-width: 800px;\n            padding: 30px;\n        }\n\n        .content * {\n            color: white !important;\n        }\n\n        .cta-text {\n            font-size: 1.9rem;\n            font-weight: 700;\n            margin-bottom: 15px;\n            color: white !important;\n            background: linear-gradient(90deg, rgba(255,255,255,0.6), rgba(255,255,255,1), rgba(230,230,230,1), rgba(255,255,255,1), rgba(240,240,240,0.8), rgba(255,255,255,0.6));\n            background-size: 200% 100%;\n            -webkit-background-clip: text;\n            -webkit-text-fill-color: transparent;\n            background-clip: text;\n            animation: shineEffect 10s ease-in-out infinite;\n            line-height: 1.3;\n        }\n\n        .cta-subheading {\n            font-size: 1rem;\n            font-weight: 400;\n            margin-bottom: 25px;\n            color: white !important;\n            line-height: 1.6;\n            opacity: 0.95;\n        }\n\n        .cta-button {\n            background: linear-gradient(135deg, #8a6b0f, #bd9013, #d4a519);\n            border: 2px solid #8a6b0f;\n            color: white !important;\n            padding: 18px 40px;\n            font-size: 1.2rem;\n            font-weight: 600;\n            border-radius: 50px;\n            cursor: pointer;\n            transition: all 0.3s ease;\n            text-decoration: none;\n            display: inline-block;\n            position: relative;\n            overflow: hidden;\n        }\n\n        .cta-button::before {\n            content: '';\n            position: absolute;\n            top: 0;\n            left: -100%;\n            width: 100%;\n            height: 100%;\n            background: linear-gradient(90deg, \n                transparent 0%, \n                rgba(255, 255, 255, 0.3) 25%,\n                rgba(255, 255, 255, 0.6) 50%,\n                rgba(255, 255, 255, 0.3) 75%,\n                transparent 100%);\n            animation: shine 3s ease-in-out infinite;\n        }\n\n        .cta-button:hover {\n            transform: translateY(-3px);\n            box-shadow: 0 10px 25px rgba(0,0,0,0.2);\n            border-color: #bd9013;\n            background: linear-gradient(135deg, #bd9013, #d4a519, #e6b61f);\n        }\n\n        .floating-elements {\n            position: absolute;\n            top: 0;\n            left: 0;\n            width: 100%;\n            height: 100%;\n            pointer-events: none;\n        }\n\n        .floating-circle {\n            position: absolute;\n            border-radius: 50%;\n            background: rgba(255,255,255,0.1);\n            animation: float 8s ease-in-out infinite;\n        }\n\n        .floating-circle:nth-child(1) {\n            width: 80px;\n            height: 80px;\n            top: 20%;\n            left: 10%;\n            animation-delay: 0s;\n        }\n\n        .floating-circle:nth-child(2) {\n            width: 60px;\n            height: 60px;\n            top: 60%;\n            right: 15%;\n            animation-delay: 3s;\n        }\n\n        .floating-circle:nth-child(3) {\n            width: 40px;\n            height: 40px;\n            top: 80%;\n            left: 80%;\n            animation-delay: 6s;\n        }\n\n        .floating-circle:nth-child(4) {\n            width: 70px;\n            height: 70px;\n            top: 10%;\n            right: 20%;\n            animation-delay: 1.5s;\n        }\n\n        .floating-circle:nth-child(5) {\n            width: 50px;\n            height: 50px;\n            top: 75%;\n            left: 30%;\n            animation-delay: 4.5s;\n        }\n\n        @keyframes gradientMove {\n            0% { background-position: 0% 50%; }\n            25% { background-position: 100% 50%; }\n            50% { background-position: 100% 100%; }\n            75% { background-position: 0% 100%; }\n            100% { background-position: 0% 50%; }\n        }\n\n        @keyframes patternFloat {\n            0% { transform: translateX(0) translateY(0); }\n            33% { transform: translateX(30px) translateY(-20px); }\n            66% { transform: translateX(-20px) translateY(10px); }\n            100% { transform: translateX(0) translateY(0); }\n        }\n\n        @keyframes neuralPulse {\n            0%, 100% { opacity: 0.08; }\n            50% { opacity: 0.2; }\n        }\n\n        @keyframes shineEffect {\n            0% { background-position: 200% 0; }\n            100% { background-position: -200% 0; }\n        }\n\n        @keyframes shine {\n            0% {\n                left: -100%;\n            }\n            20%, 100% {\n                left: 100%;\n            }\n        }\n\n        @keyframes float {\n            0%, 100% { transform: translateY(0px) rotate(0deg); }\n            33% { transform: translateY(-30px) rotate(120deg); }\n            66% { transform: translateY(15px) rotate(240deg); }\n        }\n\n        @media (max-width: 768px) {\n            .banner {\n                height: 320px;\n                padding: 30px 0;\n            }\n            \n            .content {\n                padding: 40px 20px;\n            }\n            \n            .cta-text {\n                font-size: 1.3rem;\n                margin-bottom: 12px;\n            }\n            \n            .cta-subheading {\n                font-size: 0.85rem;\n                margin-bottom: 20px;\n            }\n            \n            .cta-button {\n                padding: 14px 28px;\n                font-size: 0.95rem;\n            }\n        }\n    <\/style>\n<\/head>\n<body>\n    <div class=\"banner\">\n        <div class=\"animated-background\"><\/div>\n        \n        <div class=\"ai-pattern\"><\/div>\n        \n        <div class=\"neural-network\">\n            <div class=\"neural-line\"><\/div>\n            <div class=\"neural-line\"><\/div>\n            <div class=\"neural-line\"><\/div>\n        <\/div>\n        \n        <div class=\"floating-elements\">\n            <div class=\"floating-circle\"><\/div>\n            <div class=\"floating-circle\"><\/div>\n            <div class=\"floating-circle\"><\/div>\n            <div class=\"floating-circle\"><\/div>\n            <div class=\"floating-circle\"><\/div>\n        <\/div>\n        \n        <div class=\"content\">\n            <div class=\"cta-text\">Ready to explore the insights that drive smarter decisions?<\/div>\n            <div class=\"cta-subheading\">Contact our Research experts today.<\/div>\n            <a href=\"mailto:Research@sisinternational.com\" class=\"cta-button\">Contact us now!<\/a>\n        <\/div>\n    <\/div>\n<\/body>\n<\/html>\n\n\n\n<p><\/p>\n\n\n\n<h2 class=\"wp-block-heading\" id=\"about-infrastructure-market-research\">Sobre pesquisa de mercado de infraestrutura<\/h2>\n\n\n\n<p>A pesquisa de mercado analisa o estado da economia. Atrav\u00e9s disso, voc\u00ea v\u00ea o que tem que acontecer. Seria melhor se voc\u00ea realizasse pesquisas qualitativas e quantitativas, e tamb\u00e9m pesquisas estrat\u00e9gicas. A pesquisa de mercado tamb\u00e9m pode envolver grupos focais, pesquisas e entrevistas. Contate-nos hoje para encontrar o m\u00e9todo mais adequado para o seu neg\u00f3cio.<\/p>\n\n\n<h2>Localiza\u00e7\u00e3o de nossas instala\u00e7\u00f5es em Nova York<\/h2>\n<p><!-- \/wp:post-content --> <!-- wp:html --> <iframe loading=\"lazy\" src=\"https:\/\/www.google.com\/maps\/embed?pb=!1m18!1m12!1m3!1d3022.976188376966!2d-73.99130312499956!3d40.740549471389315!2m3!1f0!2f0!3f0!3m2!1i1024!2i768!4f13.1!3m3!1m2!1s0x89c259a15798c731%3A0xd695d09bdd495f25!2s11%20E%2022nd%20St%20FL%202%2C%20New%20York%2C%20NY%2010010%2C%20USA!5e0!3m2!1sen!2spe!4v1726171763526!5m2!1sen!2spe\" width=\"600\" height=\"450\" allowfullscreen=\"allowfullscreen\" data-mce-fragment=\"1\"><\/iframe> <!-- \/wp:html --> <!-- wp:paragraph --><\/p>\n<h3 class=\"wp-block-heading\">11 E 22nd Street, andar 2, Nova York, NY 10010 T: +1(212) 505-6805<\/h3>\n<hr \/>\n<h2><span style=\"font-weight: 400;\">Sobre SIS Internacional<\/span><\/h2>\n<p><a href=\"https:\/\/www.sisinternational.com\/pt\/\"><span style=\"font-weight: 400;\">SIS Internacional<\/span><\/a><span style=\"font-weight: 400;\"> oferece pesquisa quantitativa, qualitativa e estrat\u00e9gica. Fornecemos dados, ferramentas, estrat\u00e9gias, relat\u00f3rios e insights para a tomada de decis\u00f5es. Tamb\u00e9m realizamos entrevistas, pesquisas, grupos focais e outros m\u00e9todos e abordagens de Pesquisa de Mercado.<\/span><a href=\"https:\/\/www.sisinternational.com\/pt\/sobre-a-sis-international-research\/contact-sis-international-market-research\/\"><span style=\"font-weight: 400;\"> Entre em contato conosco<\/span><\/a><span style=\"font-weight: 400;\"> para o seu pr\u00f3ximo projeto de pesquisa de mercado.<\/span><\/p>\n<p><!-- wp:heading --><\/p>\n<p><!-- wp:paragraph --><\/p>\n<p><!-- \/wp:paragraph --><!-- \/wp:heading --><\/p>\n\n<!-- wp:paragraph -->\n<p><\/p>\n<!-- \/wp:paragraph -->","protected":false},"excerpt":{"rendered":"<p>Expanda seus neg\u00f3cios com pesquisa de mercado de infraestrutura.<\/p>","protected":false},"author":1,"featured_media":64241,"parent":84498,"menu_order":82,"comment_status":"closed","ping_status":"closed","template":"","meta":{"footnotes":""},"class_list":["post-39118","page","type-page","status-publish","has-post-thumbnail"],"_links":{"self":[{"href":"https:\/\/www.sisinternational.com\/pt\/wp-json\/wp\/v2\/pages\/39118","targetHints":{"allow":["GET"]}}],"collection":[{"href":"https:\/\/www.sisinternational.com\/pt\/wp-json\/wp\/v2\/pages"}],"about":[{"href":"https:\/\/www.sisinternational.com\/pt\/wp-json\/wp\/v2\/types\/page"}],"author":[{"embeddable":true,"href":"https:\/\/www.sisinternational.com\/pt\/wp-json\/wp\/v2\/users\/1"}],"replies":[{"embeddable":true,"href":"https:\/\/www.sisinternational.com\/pt\/wp-json\/wp\/v2\/comments?post=39118"}],"version-history":[{"count":10,"href":"https:\/\/www.sisinternational.com\/pt\/wp-json\/wp\/v2\/pages\/39118\/revisions"}],"predecessor-version":[{"id":73368,"href":"https:\/\/www.sisinternational.com\/pt\/wp-json\/wp\/v2\/pages\/39118\/revisions\/73368"}],"up":[{"embeddable":true,"href":"https:\/\/www.sisinternational.com\/pt\/wp-json\/wp\/v2\/pages\/84498"}],"wp:featuredmedia":[{"embeddable":true,"href":"https:\/\/www.sisinternational.com\/pt\/wp-json\/wp\/v2\/media\/64241"}],"wp:attachment":[{"href":"https:\/\/www.sisinternational.com\/pt\/wp-json\/wp\/v2\/media?parent=39118"}],"curies":[{"name":"wp","href":"https:\/\/api.w.org\/{rel}","templated":true}]}}