{"id":39116,"date":"2021-10-21T03:34:48","date_gmt":"2021-10-21T03:34:48","guid":{"rendered":"https:\/\/www.sisinternational.com\/?page_id=39116"},"modified":"2026-01-25T17:17:30","modified_gmt":"2026-01-25T22:17:30","slug":"pesquisa-de-mercado-da-industria-pesada","status":"publish","type":"page","link":"https:\/\/www.sisinternational.com\/pt\/pericia\/pesquisa-de-mercado-da-industria-pesada\/","title":{"rendered":"Pesquisa de mercado da ind\u00fastria pesada"},"content":{"rendered":"<h1 class=\"wp-block-heading\">Pesquisa de mercado da ind\u00fastria pesada<\/h1>\n\n\n\n<figure class=\"gb-block-image gb-block-image-405d5ad1\"><img loading=\"lazy\" decoding=\"async\" width=\"1456\" height=\"816\" class=\"gb-image gb-image-405d5ad1\" src=\"https:\/\/www.sisinternational.com\/wp-content\/uploads\/2025\/08\/Heavy-machinery-6.jpg\" alt=\"Pesquisa e Estrat\u00e9gia de Mercado Internacional da SIS\" title=\"Heavy machinery (6)\" srcset=\"https:\/\/www.sisinternational.com\/wp-content\/uploads\/2025\/08\/Heavy-machinery-6.jpg 1456w, https:\/\/www.sisinternational.com\/wp-content\/uploads\/2025\/08\/Heavy-machinery-6-300x168.jpg 300w, https:\/\/www.sisinternational.com\/wp-content\/uploads\/2025\/08\/Heavy-machinery-6-1024x574.jpg 1024w, https:\/\/www.sisinternational.com\/wp-content\/uploads\/2025\/08\/Heavy-machinery-6-768x430.jpg 768w, https:\/\/www.sisinternational.com\/wp-content\/uploads\/2025\/08\/Heavy-machinery-6-18x10.jpg 18w\" sizes=\"auto, (max-width: 1456px) 100vw, 1456px\"><\/figure>\n\n\n\n<p><\/p>\n\n\n\n<h2 class=\"wp-block-heading\">O que \u00e9 pesquisa de mercado da ind\u00fastria pesada?<\/h2>\n\n\n\n<p>A Ind\u00fastria Pesada concentra-se menos no consumidor do que o setor da ind\u00fastria leve. Mas usa muito mais capital. Al\u00e9m disso, muitas vezes envolve a extra\u00e7\u00e3o e utiliza\u00e7\u00e3o de mat\u00e9rias-primas para produzir bens. Assim, a Ind\u00fastria Pesada tem um grande impacto em diversas ind\u00fastrias.<\/p>\n\n\n\n<p>Exemplos de ind\u00fastria pesada s\u00e3o:<\/p>\n\n\n\n<ul class=\"wp-block-list\">\n<li>Constru\u00e7\u00e3o naval<\/li>\n\n\n\n<li>Constru\u00e7\u00e3o de m\u00e1quinas-ferramenta<\/li>\n\n\n\n<li>Produ\u00e7\u00e3o de a\u00e7o<\/li>\n\n\n\n<li>Minera\u00e7\u00e3o<\/li>\n\n\n\n<li>Produtos qu\u00edmicos<\/li>\n<\/ul>\n\n\n\n<p>A Ind\u00fastria Pesada tamb\u00e9m inclui a fabrica\u00e7\u00e3o de equipamentos utilizados na agricultura e na constru\u00e7\u00e3o.<\/p>\n\n\n\n<p>Um dos principais impulsionadores do mercado neste setor \u00e9 o aumento dos gastos com constru\u00e7\u00e3o em todo o mundo. Mas criar novos produtos no sector da Ind\u00fastria Pesada exige enormes gastos de capital. Assim, as pequenas empresas deste setor s\u00f3 podem produzir m\u00e1quinas especializadas.<\/p>\n\n\n\n<h2 class=\"wp-block-heading\">Por que a pesquisa de mercado da ind\u00fastria pesada \u00e9 importante?<\/h2>\n\n\n\n<p>In all industries and sectors, Market Research is essential. It is vital in the Heavy Industry industry, where the effects of making misinformed decisions can be severe. At times, such decisions can be nothing short of disastrous. Market Research is vital for entering new markets as well as acquiring other businesses. It\u2019s also needed for major new product launches. Here are four reasons why <a href=\"https:\/\/www.sisinternational.com\/pt\/pesquisa-de-mercado-da-industria-educacional\/\" title=\"Pesquisa de mercado da ind\u00fastria educacional\"  data-wpil-monitor-id=\"1818\">Market Research benefits Heavy Industry<\/a>:<\/p>\n\n\n\n<p>1. Ajuda os participantes do setor a obter insights prim\u00e1rios. Na verdade, \u00e9 raro obter tais informa\u00e7\u00f5es de fontes secund\u00e1rias.<\/p>\n\n\n\n<p>2. Ajuda os fabricantes de produtos da ind\u00fastria pesada a identificar as personas dos compradores.<\/p>\n\n\n\n<p>3. Ajuda-os a identificar conte\u00fados e m\u00e9todos que os manter\u00e3o relevantes.<\/p>\n\n\n\n<p>4. Ajuda-os a reduzir o risco.<\/p>\n\n\n\n<h2 class=\"wp-block-heading\">Principais cargos<\/h2>\n\n\n\n<h3 class=\"wp-block-heading\">Os cargos cr\u00edticos na Ind\u00fastria Pesada s\u00e3o os seguintes:<\/h3>\n\n\n\n<ul class=\"wp-block-list\">\n<li><strong>Montador: <\/strong>Uma montadora monta equipamentos da Ind\u00fastria Pesada. Ele ou ela monta as diferentes partes de um produto para torn\u00e1-lo funcional.<\/li>\n\n\n\n<li><strong>Operador\/Maquinista: <\/strong>Operadores e maquinistas s\u00e3o especialistas no uso de m\u00e1quinas. Os operadores\/maquinistas tamb\u00e9m devem ser bons na resolu\u00e7\u00e3o de problemas de funcionamento das m\u00e1quinas. A maioria dos operadores sabe usar quase todos os tipos de m\u00e1quinas. Assim, a maioria deles s\u00e3o especialistas em opera\u00e7\u00e3o de m\u00e1quinas.<\/li>\n\n\n\n<li><strong>Inspetor de qualidade: <\/strong>Um inspetor de qualidade \u00e9 especialista em verificar o funcionamento do maquin\u00e1rio. Essa pessoa tamb\u00e9m pode identificar o valor de uma m\u00e1quina no mercado. Os inspetores de qualidade tendem a conhecer todo tipo de material utilizado em qualquer equipamento pesado.<\/li>\n<\/ul>\n\n\n\n<h2 class=\"wp-block-heading\">Por que as empresas precisam de pesquisas de mercado na ind\u00fastria pesada<\/h2>\n\n\n\n<p>A Pesquisa de Mercado fornece conhecimento do estado atual do mercado. As empresas tamb\u00e9m podem us\u00e1-lo para prever as necessidades futuras dos consumidores. Os ciclos de vendas neste setor costumam ser longos. A pesquisa de mercado pode ajudar a determinar as melhores maneiras de manter os clientes potenciais envolvidos durante todo o processo.<\/p>\n\n\n\n<p>As empresas com alcance global precisam estar em conformidade com os padr\u00f5es locais. Eles devem se manter informados em todas as etapas dos processos de produ\u00e7\u00e3o e vendas. A pesquisa de mercado pode ajud\u00e1-lo a identificar e acompanhar tend\u00eancias emergentes. Assim, voc\u00ea gasta menos dinheiro com surpresas de compliance.<\/p>\n\n\n\n<h2 class=\"wp-block-heading\">Principais fatores de sucesso<\/h2>\n\n\n\n<p>Os especialistas destacaram v\u00e1rios fatores que podem ajudar os participantes deste setor. Estes factores podem ajud\u00e1-los a competir nos seus respectivos mercados. Eles incluem:<\/p>\n\n\n\n<ul class=\"wp-block-list\">\n<li><strong>Produtividade:<\/strong> A expans\u00e3o muitas vezes significa aumentar a produ\u00e7\u00e3o sem aumentar o tamanho da f\u00e1brica. Assim, os players do setor devem se concentrar em serem mais eficientes em suas opera\u00e7\u00f5es.<\/li>\n\n\n\n<li><strong>Conectividade:<\/strong> Bilh\u00f5es de m\u00e1quinas e equipamentos agora est\u00e3o conectados \u00e0 Internet, gra\u00e7as ao poder da IA. Para que os fabricantes de equipamentos da Ind\u00fastria Pesada possam competir, devem ver os seus sistemas como parte de um mundo conectado.<\/li>\n\n\n\n<li><strong>Estandardiza\u00e7\u00e3o:<\/strong> O processo de fabrica\u00e7\u00e3o de m\u00e1quinas em conformidade com um padr\u00e3o torna as opera\u00e7\u00f5es da Ind\u00fastria Pesada mais eficientes. Por um lado, \u00e9 mais r\u00e1pido colocar o produto no mercado. Tamb\u00e9m permite que os participantes da ind\u00fastria melhorem continuamente.<\/li>\n<\/ul>\n\n\n\n<h2 class=\"wp-block-heading\">Sobre a pesquisa de mercado da ind\u00fastria pesada<\/h2>\n\n\n\n<figure class=\"gb-block-image gb-block-image-5181c579\"><img loading=\"lazy\" decoding=\"async\" width=\"1456\" height=\"816\" class=\"gb-image gb-image-5181c579\" src=\"https:\/\/www.sisinternational.com\/wp-content\/uploads\/2025\/08\/Heavy-machinery-7.jpg\" alt=\"Pesquisa e Estrat\u00e9gia de Mercado Internacional da SIS\" title=\"Heavy machinery (7)\" srcset=\"https:\/\/www.sisinternational.com\/wp-content\/uploads\/2025\/08\/Heavy-machinery-7.jpg 1456w, https:\/\/www.sisinternational.com\/wp-content\/uploads\/2025\/08\/Heavy-machinery-7-300x168.jpg 300w, https:\/\/www.sisinternational.com\/wp-content\/uploads\/2025\/08\/Heavy-machinery-7-1024x574.jpg 1024w, https:\/\/www.sisinternational.com\/wp-content\/uploads\/2025\/08\/Heavy-machinery-7-768x430.jpg 768w, https:\/\/www.sisinternational.com\/wp-content\/uploads\/2025\/08\/Heavy-machinery-7-18x10.jpg 18w\" sizes=\"auto, (max-width: 1456px) 100vw, 1456px\"><\/figure>\n\n\n\n<p><\/p>\n\n\n\n<p>Through the years, Heavy <a href=\"https:\/\/www.sisinternational.com\/pt\/pericia\/industrias\/pesquisa-de-mercado-da-industria-fotografica\/\" title=\"Pesquisa de mercado da ind\u00fastria fotogr\u00e1fica\"  data-wpil-monitor-id=\"3192\">Industry Market Research<\/a> has helped the field of science. It has made room for avant-garde players in technology, manufacturing, and machinery, and it enables them to survive future risks at least.<\/p>\n\n\n\n<p>Fazemos pesquisas qualitativas, quantitativas e estrat\u00e9gicas por meio de entrevistas e pesquisas. Tamb\u00e9m organizamos Focus Groups para ajudar a avaliar a resposta do mercado aos produtos.<\/p>\n\n\n\n<p>Companies need to see the importance of Heavy <a href=\"https:\/\/www.sisinternational.com\/pt\/pericia\/industrias\/pesquisa-de-mercado-de-design-industrial\/\" title=\"Pesquisa de mercado de design industrial\"  data-wpil-monitor-id=\"4154\">Industry Market Research<\/a>. It takes time, money, and effort, but it builds endless potential. It also enables the makers of heavy equipment to improve their bottom line.<\/p>\n\n\n\n<p><\/p>","protected":false},"excerpt":{"rendered":"<p>A pesquisa de mercado da ind\u00fastria pesada ajudou a ci\u00eancia e capacitou players de vanguarda em tecnologia, manufatura e maquin\u00e1rio.<\/p>","protected":false},"author":1,"featured_media":63560,"parent":14514,"menu_order":81,"comment_status":"closed","ping_status":"closed","template":"","meta":{"footnotes":""},"class_list":["post-39116","page","type-page","status-publish","has-post-thumbnail"],"_links":{"self":[{"href":"https:\/\/www.sisinternational.com\/pt\/wp-json\/wp\/v2\/pages\/39116","targetHints":{"allow":["GET"]}}],"collection":[{"href":"https:\/\/www.sisinternational.com\/pt\/wp-json\/wp\/v2\/pages"}],"about":[{"href":"https:\/\/www.sisinternational.com\/pt\/wp-json\/wp\/v2\/types\/page"}],"author":[{"embeddable":true,"href":"https:\/\/www.sisinternational.com\/pt\/wp-json\/wp\/v2\/users\/1"}],"replies":[{"embeddable":true,"href":"https:\/\/www.sisinternational.com\/pt\/wp-json\/wp\/v2\/comments?post=39116"}],"version-history":[{"count":6,"href":"https:\/\/www.sisinternational.com\/pt\/wp-json\/wp\/v2\/pages\/39116\/revisions"}],"predecessor-version":[{"id":78263,"href":"https:\/\/www.sisinternational.com\/pt\/wp-json\/wp\/v2\/pages\/39116\/revisions\/78263"}],"up":[{"embeddable":true,"href":"https:\/\/www.sisinternational.com\/pt\/wp-json\/wp\/v2\/pages\/14514"}],"wp:featuredmedia":[{"embeddable":true,"href":"https:\/\/www.sisinternational.com\/pt\/wp-json\/wp\/v2\/media\/63560"}],"wp:attachment":[{"href":"https:\/\/www.sisinternational.com\/pt\/wp-json\/wp\/v2\/media?parent=39116"}],"curies":[{"name":"wp","href":"https:\/\/api.w.org\/{rel}","templated":true}]}}