{"id":39114,"date":"2021-10-21T03:25:35","date_gmt":"2021-10-21T03:25:35","guid":{"rendered":"https:\/\/www.sisinternational.com\/?page_id=39114"},"modified":"2025-09-14T23:19:31","modified_gmt":"2025-09-15T03:19:31","slug":"pesquisa-de-mercado-genomica","status":"publish","type":"page","link":"https:\/\/www.sisinternational.com\/pt\/pericia\/pesquisa-de-mercado-genomica\/","title":{"rendered":"Pesquisa de mercado de gen\u00f4mica"},"content":{"rendered":"<h1 class=\"wp-block-heading\">Pesquisa de mercado de gen\u00f4mica<\/h1>\n\n\n\n<figure class=\"gb-block-image gb-block-image-29d616c7\"><img loading=\"lazy\" decoding=\"async\" width=\"1456\" height=\"816\" class=\"gb-image gb-image-29d616c7\" src=\"https:\/\/www.sisinternational.com\/wp-content\/uploads\/2025\/08\/DNA-genomics-genetics-5.jpg\" alt=\"Pesquisa e Estrat\u00e9gia de Mercado Internacional da SIS\" title=\"DNA genomics genetics (5)\" srcset=\"https:\/\/www.sisinternational.com\/wp-content\/uploads\/2025\/08\/DNA-genomics-genetics-5.jpg 1456w, https:\/\/www.sisinternational.com\/wp-content\/uploads\/2025\/08\/DNA-genomics-genetics-5-300x168.jpg 300w, https:\/\/www.sisinternational.com\/wp-content\/uploads\/2025\/08\/DNA-genomics-genetics-5-1024x574.jpg 1024w, https:\/\/www.sisinternational.com\/wp-content\/uploads\/2025\/08\/DNA-genomics-genetics-5-768x430.jpg 768w, https:\/\/www.sisinternational.com\/wp-content\/uploads\/2025\/08\/DNA-genomics-genetics-5-18x10.jpg 18w\" sizes=\"auto, (max-width: 1456px) 100vw, 1456px\"><\/figure>\n\n\n\n<p><\/p>\n\n\n\n<h2 class=\"wp-block-heading\">O que \u00e9 Gen\u00f4mica?<\/h2>\n\n\n\n<p>Genomics is the study of genes and all DNA. The data genomics can help diagnose an illness. It can also determine the chance of getting a condition in later life. Also,\u00a0genomics can detect the right type of medicine needed for certain illnesses. Another great thing about this field is that it has no limits. As a matter of fact,\u00a0this type of tech can tell you your disease risk. As a result, diseases and outbreaks can be traced and cured.<\/p>\n\n\n\n<h2 class=\"wp-block-heading\">Por que a pesquisa gen\u00f4mica de mercado \u00e9 importante?<\/h2>\n\n\n\n<ul class=\"wp-block-list\">\n<li>Ele verifica toda a sua composi\u00e7\u00e3o gen\u00e9tica usando m\u00e9todos de sequenciamento de DNA e bioinform\u00e1tica.<\/li>\n\n\n\n<li>It will be able to point out where genes have been tampered with. And also, why we have certain kinds of diseases and ways of curing them.<\/li>\n\n\n\n<li>A gen\u00f4mica pode dizer as chances de ter certos genes. Tamb\u00e9m pode prever o risco de mudan\u00e7a na pr\u00f3xima gera\u00e7\u00e3o.<\/li>\n<\/ul>\n\n\n\n<h2 class=\"wp-block-heading\">Principais cargos<\/h2>\n\n\n\n<h3 class=\"wp-block-heading\">Geneticista Cl\u00ednico<\/h3>\n\n\n\n<p>A clinical geneticist helps in giving the correct lab tests on genes. In addition, they counsel patients who are at risk of genetic health problems.<\/p>\n\n\n\n<h3 class=\"wp-block-heading\">Conselheiro Gen\u00e9tico<\/h3>\n\n\n\n<p>Os conselheiros gen\u00e9ticos aconselham os pacientes sobre as escolhas que fazem sobre sua sa\u00fade gen\u00e9tica. Eles combinam seu conhecimento de ci\u00eancia b\u00e1sica e tamb\u00e9m de gen\u00e9tica m\u00e9dica para aconselhar os clientes sobre um conjunto diversificado de indica\u00e7\u00f5es gen\u00e9ticas.<\/p>\n\n\n\n<h3 class=\"wp-block-heading\">Cientista de Dados<\/h3>\n\n\n\n<p>Os cientistas de dados comparam dados de organismos modelo com dados humanos para obter insights biom\u00e9dicos. Eles tamb\u00e9m interpretam sequ\u00eancias e dados cl\u00ednicos. Al\u00e9m disso, eles usam ferramentas e m\u00e9todos computacionais para extrair dados de estudos de medicina gen\u00f4mica.<\/p>\n\n\n\n<h3 class=\"wp-block-heading\">Pesquisadores Gen\u00f4micos<\/h3>\n\n\n\n<p>Os pesquisadores gen\u00f4micos decidem as fun\u00e7\u00f5es dos genes e outros fatos do genoma. Por exemplo, eles definem o sequenciamento de DNA e as diferen\u00e7as em humanos e seus efeitos.<\/p>\n\n\n\n<h2 class=\"wp-block-heading\">Por que as empresas precisam de pesquisas de mercado gen\u00f4mica?<\/h2>\n\n\n\n<figure class=\"gb-block-image gb-block-image-9abcbf42\"><img loading=\"lazy\" decoding=\"async\" width=\"1456\" height=\"816\" class=\"gb-image gb-image-9abcbf42\" src=\"https:\/\/www.sisinternational.com\/wp-content\/uploads\/2025\/08\/DNA-genomics-genetics-4.jpg\" alt=\"Pesquisa e Estrat\u00e9gia de Mercado Internacional da SIS\" title=\"DNA genomics genetics (4)\" srcset=\"https:\/\/www.sisinternational.com\/wp-content\/uploads\/2025\/08\/DNA-genomics-genetics-4.jpg 1456w, https:\/\/www.sisinternational.com\/wp-content\/uploads\/2025\/08\/DNA-genomics-genetics-4-300x168.jpg 300w, https:\/\/www.sisinternational.com\/wp-content\/uploads\/2025\/08\/DNA-genomics-genetics-4-1024x574.jpg 1024w, https:\/\/www.sisinternational.com\/wp-content\/uploads\/2025\/08\/DNA-genomics-genetics-4-768x430.jpg 768w, https:\/\/www.sisinternational.com\/wp-content\/uploads\/2025\/08\/DNA-genomics-genetics-4-18x10.jpg 18w\" sizes=\"auto, (max-width: 1456px) 100vw, 1456px\"><\/figure>\n\n\n\n<p><\/p>\n\n\n\n<p>Genetic <a href=\"https:\/\/www.sisinternational.com\/pt\/melhor-empresa-de-analise-da-industria-em-ny\/\" title=\"Melhor empresa de an\u00e1lise da ind\u00fastria em NY\"  data-wpil-monitor-id=\"7831\">analysis can help companies<\/a> in the health and wellness sector to understand why some people get sick from certain infections. It also helps to unveil why climate factors affect some people and have little or no effect on others. For example,\u00a0some\u00a0eat healthy diets, have regular medical tests, and die of chest pains at age 40. In contrast, some people smoke, eat junk foods, and live to be 100.<\/p>\n\n\n\n<p>Further, in the US, genomics plays an effective role in getting rid of nine of the ten leading causes of death.\u00a0It helps\u00a0people to know their risk factors, and it also enables them to change their environment to suit. It also alters a genome with a unique order. In addition, it gives a high regard for what our DNA means for our health and values.<\/p>\n\n\n\n<h2 class=\"wp-block-heading\">Fatores importantes de sucesso<\/h2>\n\n\n\n<p>With genomics, clinicians get enough knowledge of genes and their environment. Moreover, the ability to read the human genome has led to many discoveries on the causes of rare disorders. After all, it is hard to deny the relief that genomics has brought to patients. Clinicians can now break down a tumor and look at it in detail, according to its mutations.&nbsp;What\u2019s more, Genomics helps in&nbsp;finding better ways to prevent disease, like preventing the onset of Type 2 diabetes. In addition, it helps how we study and treat cancer.<\/p>\n\n\n\n<h2 class=\"wp-block-heading\">Pesquisa de mercado de gen\u00f4mica<\/h2>\n\n\n\n<p>Nosso <a href=\"https:\/\/www.sisinternational.com\/pt\/cobertura\/pesquisa-de-mercado-asia\/market-research-in-china-2\/pesquisa-empresa-de-pesquisa-de-mercado-china\/\" title=\"Empresa de pesquisa de mercado na China\"  data-wpil-monitor-id=\"7833\">company does live interviews and surveys<\/a>, and we collect data about what your customers think.\u00a0We also organize focus groups, which are one of the most effective and popular <a href=\"https:\/\/www.sisinternational.com\/pt\/quantitative-market-research-methods-and-techniques\/\" title=\"Quantitative Market Research Methods and Techniques\"  data-wpil-monitor-id=\"7830\">market research methods<\/a> available to gather in-depth insights. Focus groups also reveal customers\u2019 true points of view and opinions.<\/p>\n\n\n\n<p><a href=\"https:\/\/www.sisinternational.com\/pt\/qualitative-research-to-enhance-customer-experience\/\" title=\"Qualitative Research to Enhance Customer Experience\"  data-wpil-monitor-id=\"7829\">Qualitative research helps us to understand customer<\/a> behavior. It also identifies reasons for product rebuying. Quantitative research, on the other hand, gives us objective data about your customers\u2019 buying habits. With strategy research, we help you save money and ensure <a href=\"https:\/\/www.sisinternational.com\/pt\/predictive-analytics\/\" title=\"Predictive Analytics: Your Crystal Ball for Business Success\"  data-wpil-monitor-id=\"7832\">success for your business<\/a>.<\/p>\n\n\n\n<p><\/p>","protected":false},"excerpt":{"rendered":"<p>A investiga\u00e7\u00e3o gen\u00f3mica ajuda as empresas do sector da sa\u00fade a compreender porque \u00e9 que as pessoas adoecem devido a infec\u00e7\u00f5es e como os factores clim\u00e1ticos afectam as pessoas.<\/p>","protected":false},"author":1,"featured_media":63647,"parent":14514,"menu_order":80,"comment_status":"closed","ping_status":"closed","template":"","meta":{"footnotes":""},"class_list":["post-39114","page","type-page","status-publish","has-post-thumbnail"],"_links":{"self":[{"href":"https:\/\/www.sisinternational.com\/pt\/wp-json\/wp\/v2\/pages\/39114","targetHints":{"allow":["GET"]}}],"collection":[{"href":"https:\/\/www.sisinternational.com\/pt\/wp-json\/wp\/v2\/pages"}],"about":[{"href":"https:\/\/www.sisinternational.com\/pt\/wp-json\/wp\/v2\/types\/page"}],"author":[{"embeddable":true,"href":"https:\/\/www.sisinternational.com\/pt\/wp-json\/wp\/v2\/users\/1"}],"replies":[{"embeddable":true,"href":"https:\/\/www.sisinternational.com\/pt\/wp-json\/wp\/v2\/comments?post=39114"}],"version-history":[{"count":4,"href":"https:\/\/www.sisinternational.com\/pt\/wp-json\/wp\/v2\/pages\/39114\/revisions"}],"predecessor-version":[{"id":81322,"href":"https:\/\/www.sisinternational.com\/pt\/wp-json\/wp\/v2\/pages\/39114\/revisions\/81322"}],"up":[{"embeddable":true,"href":"https:\/\/www.sisinternational.com\/pt\/wp-json\/wp\/v2\/pages\/14514"}],"wp:featuredmedia":[{"embeddable":true,"href":"https:\/\/www.sisinternational.com\/pt\/wp-json\/wp\/v2\/media\/63647"}],"wp:attachment":[{"href":"https:\/\/www.sisinternational.com\/pt\/wp-json\/wp\/v2\/media?parent=39114"}],"curies":[{"name":"wp","href":"https:\/\/api.w.org\/{rel}","templated":true}]}}