{"id":39111,"date":"2021-10-21T03:17:47","date_gmt":"2021-10-21T03:17:47","guid":{"rendered":"https:\/\/www.sisinternational.com\/?page_id=39111"},"modified":"2025-09-14T23:17:39","modified_gmt":"2025-09-15T03:17:39","slug":"pesquisa-de-mercado-de-analise-conjunta","status":"publish","type":"page","link":"https:\/\/www.sisinternational.com\/pt\/solucoes\/solucoes-de-pesquisa-quantitativa-qualitativa\/pesquisa-de-mercado-de-analise-conjunta\/","title":{"rendered":"O que \u00e9 pesquisa de mercado de an\u00e1lise conjunta?"},"content":{"rendered":"<h1 class=\"wp-block-heading\">O que \u00e9 pesquisa de mercado de an\u00e1lise conjunta?<\/h1>\n\n\n\n<figure class=\"gb-block-image gb-block-image-f83c43bc\"><img loading=\"lazy\" decoding=\"async\" width=\"1456\" height=\"816\" class=\"gb-image gb-image-f83c43bc\" src=\"https:\/\/www.sisinternational.com\/wp-content\/uploads\/2025\/09\/Quantitative-research-23.jpg\" alt=\"Pesquisa e Estrat\u00e9gia de Mercado Internacional da SIS\" title=\"Quantitative research (23)\" srcset=\"https:\/\/www.sisinternational.com\/wp-content\/uploads\/2025\/09\/Quantitative-research-23.jpg 1456w, https:\/\/www.sisinternational.com\/wp-content\/uploads\/2025\/09\/Quantitative-research-23-300x168.jpg 300w, https:\/\/www.sisinternational.com\/wp-content\/uploads\/2025\/09\/Quantitative-research-23-1024x574.jpg 1024w, https:\/\/www.sisinternational.com\/wp-content\/uploads\/2025\/09\/Quantitative-research-23-768x430.jpg 768w, https:\/\/www.sisinternational.com\/wp-content\/uploads\/2025\/09\/Quantitative-research-23-18x10.jpg 18w\" sizes=\"auto, (max-width: 1456px) 100vw, 1456px\"><\/figure>\n\n\n\n<p><\/p>\n\n\n\n<h2 class=\"wp-block-heading\">A An\u00e1lise Conjunta determina como os consumidores valorizam os diferentes atributos de um produto ou servi\u00e7o.<\/h2>\n\n\n\n<p>Por exemplo, as ind\u00fastrias de bens de consumo e de bens el\u00e9tricos o utilizam. O objetivo da An\u00e1lise Conjunta \u00e9 descobrir qual combina\u00e7\u00e3o de um grupo de atributos \u00e9 mais importante para os consumidores.<\/p>\n\n\n\n<p>Veja como fazer um estudo de design conjunto. Em primeiro lugar, voc\u00ea deve reconhecer o problema do neg\u00f3cio. Em segundo lugar, voc\u00ea precisar\u00e1 criar quest\u00f5es de pesquisa. Em terceiro lugar, voc\u00ea pode escolher um m\u00e9todo de pesquisa. Em quarto lugar, \u00e9 hora de coletar dados! Depois vem a parte divertida: neste ponto, voc\u00ea precisar\u00e1 limpar os dados, analis\u00e1-los, preparar uma apresenta\u00e7\u00e3o e determinar suas a\u00e7\u00f5es de neg\u00f3cios.<\/p>\n\n\n\n<p><strong>Tipos de an\u00e1lise conjunta:<\/strong><\/p>\n\n\n\n<ul class=\"wp-block-list\">\n<li>An\u00e1lise Conjunta Baseada em Menu<\/li>\n\n\n\n<li>An\u00e1lise conjunta de perfil completo<\/li>\n\n\n\n<li>An\u00e1lise Conjunta Baseada em Escolha<\/li>\n\n\n\n<li>An\u00e1lise Conjunta Adaptativa<\/li>\n<\/ul>\n\n\n\n<h2 class=\"wp-block-heading\">Por que a pesquisa de mercado de an\u00e1lise conjunta \u00e9 importante?<\/h2>\n\n\n\n<p>Para uma empresa que tenta \u201centrar na cabe\u00e7a dos clientes\u201d (An\u00e1lise Conjunta) n\u00e3o \u00e9 apenas mais uma ferramenta. \u00c9 a melhor ferramenta para isso. A An\u00e1lise Conjunta \u00e9 mais \u00fatil para:<\/p>\n\n\n\n<ul class=\"wp-block-list\">\n<li>Descobrir os sacrif\u00edcios que os compradores fazem ao analisar muitos recursos juntos<\/li>\n\n\n\n<li>Descobrir como os compradores valorizam cada recurso<\/li>\n\n\n\n<li>Mostrando como os compradores fazem escolhas no mundo real<\/li>\n<\/ul>\n\n\n\n<p>Por exemplo, vejamos um estudo conjunto de smart TVs. Primeiro, uma empresa de eletr\u00f4nicos quer come\u00e7ar a vender uma nova linha de TVs inteligentes. Para obter o m\u00e1ximo lucro, eles querem saber quais recursos s\u00e3o mais importantes para os compradores.<\/p>\n\n\n\n<p>Eles se baseiam em quatro atributos principais.<\/p>\n\n\n\n<ul class=\"wp-block-list\">\n<li>Comprimento<\/li>\n\n\n\n<li>Marca<\/li>\n\n\n\n<li>Tipo de exibi\u00e7\u00e3o (OLED, LED, LCD)<\/li>\n\n\n\n<li>Pre\u00e7o<\/li>\n<\/ul>\n\n\n\n<p>Se us\u00e1ssemos a an\u00e1lise conjunta baseada em escolha, as op\u00e7\u00f5es seriam as seguintes:<\/p>\n\n\n\n<h3 class=\"wp-block-heading\">OP\u00c7\u00c3O 1<\/h3>\n\n\n\n<ul class=\"wp-block-list\">\n<li>Tamanho da tela: 50\u2033<\/li>\n\n\n\n<li>Marca: Sony<\/li>\n\n\n\n<li>Tipo de exibi\u00e7\u00e3o: LED<\/li>\n\n\n\n<li>Pre\u00e7o: $550,00<\/li>\n<\/ul>\n\n\n\n<h3 class=\"wp-block-heading\">OP\u00c7\u00c3O 2<\/h3>\n\n\n\n<ul class=\"wp-block-list\">\n<li>Tamanho da tela: 40\u2033<\/li>\n\n\n\n<li>Marca: Amazon<\/li>\n\n\n\n<li>Tipo de exibi\u00e7\u00e3o: LED<\/li>\n\n\n\n<li>Pre\u00e7o: $350<\/li>\n<\/ul>\n\n\n\n<h3 class=\"wp-block-heading\">OP\u00c7\u00c3O 3<\/h3>\n\n\n\n<ul class=\"wp-block-list\">\n<li>Tamanho da tela: 65\u2033<\/li>\n\n\n\n<li>Marca: Samsung<\/li>\n\n\n\n<li>Tipo de exibi\u00e7\u00e3o: QLED<\/li>\n\n\n\n<li>Pre\u00e7o: $750,00<\/li>\n<\/ul>\n\n\n\n<h3 class=\"wp-block-heading\">OP\u00c7\u00c3O 4<\/h3>\n\n\n\n<ul class=\"wp-block-list\">\n<li>Tamanho da tela: 55\u2033<\/li>\n\n\n\n<li>Marca: LG<\/li>\n\n\n\n<li>Tipo de exibi\u00e7\u00e3o: LCD<\/li>\n\n\n\n<li>Pre\u00e7o: $600<\/li>\n<\/ul>\n\n\n\n<p>Besides the data gained from the respondents\u2019 choice, they also give data on what feature was most important to them. In a standard conjoint analysis survey, the respondents answer 8 to 12 questions. Thus, the raw total data from the study becomes a sort of utility score, which the analysts then use to build simulations. Finally, these simulations can forecast <a href=\"https:\/\/www.sisinternational.com\/pt\/solucoes\/solucoes-de-branding-e-pesquisa-de-clientes\/pesquisa-de-mercado-para-testes-de-produtos\/\" title=\"Pesquisa de mercado para testes de produtos\"  data-wpil-monitor-id=\"8654\">market<\/a> shares for a set of different products.<\/p>\n\n\n\n<h2 class=\"wp-block-heading\">Principais cargos<\/h2>\n\n\n\n<p>Os analistas de pesquisa de mercado leem os dados para planejar a melhor forma de trabalhar com o mercado. Assim, os dados obtidos com (An\u00e1lise Conjunta) s\u00e3o cr\u00edticos para um analista de pesquisa de mercado.<\/p>\n\n\n\n<p>Os analistas de entrada de dados usam os dados das pesquisas e os organizam.<\/p>\n\n\n\n<p>Finally, Consumer <a href=\"https:\/\/www.sisinternational.com\/pt\/publicacoes\/comportamento-do-comprador-apos-coronavirus-novo-consumidor\/\" title=\"Comportamento do comprador ap\u00f3s o coronav\u00edrus \u2013 Pesquisa de mercado de consumo\"  data-wpil-monitor-id=\"8653\">Pesquisar<\/a> Analysts are responsible for understanding the data gained from buyers. So, they work with other professionals to make predictions.<\/p>\n\n\n\n<h2 class=\"wp-block-heading\">Por que as empresas precisam de pesquisas de mercado da CA?<\/h2>\n\n\n\n<figure class=\"gb-block-image gb-block-image-32fd6c99\"><img decoding=\"async\" class=\"gb-image gb-image-32fd6c99\" src=\"https:\/\/www.sisinternational.com\/wp-content\/uploads\/2025\/07\/Quantitative-Market-Research-Methods-2.jpg\" alt=\"M\u00e9todos quantitativos de pesquisa de mercado\" title=\"Quantitative Market Research Methods 2\"\/><\/figure>\n\n\n\n<p><\/p>\n\n\n\n<p>Businesses of all kinds can <a href=\"https:\/\/www.sisinternational.com\/pt\/solucoes\/pesquisa-de-consultoria-em-estrategia-fintech\/analise-de-custo-beneficio-pesquisa-de-mercado\/\" title=\"Pesquisa de mercado de an\u00e1lise de custo-benef\u00edcio\"  data-wpil-monitor-id=\"8651\">benefit Conjoint Analysis<\/a>, including grocery stores, restaurants, and large corporations. It helps them to understand which products or <a href=\"https:\/\/www.sisinternational.com\/pt\/solucoes\/pesquisa-de-consultoria-em-estrategia-fintech\/consultoria-de-aquisicao-de-clientes-de-servicos-financeiros\/\" title=\"Consultoria de aquisi\u00e7\u00e3o de clientes de servi\u00e7os financeiros\"  data-wpil-monitor-id=\"8652\">services their customers<\/a> value over others. For example, the data gained from a study may show that screen resolution is an essential feature to people. Afterward, a consumer research analyst may decide that making more high-resolution TVs enables the <a href=\"https:\/\/www.sisinternational.com\/pt\/pericia\/curriculos-de-experiencia\/pesquisa-de-marca\/\" title=\"Empresa de pesquisa de marca\"  data-wpil-monitor-id=\"8655\">company<\/a> to make more money.<\/p>\n\n\n\n<h3 class=\"wp-block-heading\">Principais fatores de sucesso<\/h3>\n\n\n\n<p>A An\u00e1lise Conjunta deve:<\/p>\n\n\n\n<ul class=\"wp-block-list\">\n<li>influenciar prefer\u00eancias<\/li>\n\n\n\n<li>ser claramente definido e compreens\u00edvel<\/li>\n\n\n\n<li>consiste em dois n\u00edveis<\/li>\n\n\n\n<li>t\u00eam n\u00edveis variados na vida real<\/li>\n<\/ul>\n\n\n\n<p>Os atributos podem ter diferentes n\u00edveis, o que se refere ao qu\u00e3o espec\u00edfico ele \u00e9. Portanto, ao falar sobre n\u00edveis de atributos, \u00e9 preciso ser claro, mutuamente exclusivo e realista. Por exemplo, quando falamos de teclados de computador, sabemos que um teclado pode ser mec\u00e2nico ou n\u00e3o mec\u00e2nico. Portanto, eles est\u00e3o no mesmo n\u00edvel. Um n\u00edvel acima de um teclado mec\u00e2nico pode ser se as teclas forem lineares, clic\u00e1veis ou t\u00e1teis. Da mesma forma, um n\u00edvel acima do n\u00e3o mec\u00e2nico poderia ser se o teclado fosse rol\u00e1vel.<\/p>\n\n\n\n<p>Businesses must use conjoint analysis to be <a href=\"https:\/\/www.sisinternational.com\/pt\/o-efeito-das-culturas-de-mercado-nigerianas-nos-negocios\/\" title=\"O mercado nigeriano: o efeito da cultura nos neg\u00f3cios\"  data-wpil-monitor-id=\"8656\">effective<\/a>. But it is essential not to wear out the respondent with too many questions. They must give informative answers. Also, there are some guidelines when constructing surveys to find out the attributes that have the most effect on demand.<\/p>\n\n\n\n<h2 class=\"wp-block-heading\">Sobre pesquisa de mercado de an\u00e1lise conjunta<\/h2>\n\n\n\n<p>Conjoint Analysis, at its core, is a quantitative form of analysis. However, the use of other techniques together with Conjoint <a href=\"https:\/\/www.sisinternational.com\/pt\/solucoes\/solucoes-de-pesquisa-quantitativa-qualitativa\/mastering-conjoint-analysis-research-strategies-for-market-success\/\" title=\"Conjoint Analysis Research\"  data-wpil-monitor-id=\"1016\">Analysis<\/a> is also helpful for qualitative and strategy research. In conclusion, good Conjoint Analysis uses focus groups, interviews, and surveys to get the best information.<\/p>\n\n\n\n<p><\/p>","protected":false},"excerpt":{"rendered":"<p>Saiba mais o que \u00e9 Pesquisa de Mercado de An\u00e1lise Conjunta.<\/p>","protected":false},"author":1,"featured_media":66985,"parent":14660,"menu_order":21,"comment_status":"closed","ping_status":"closed","template":"","meta":{"footnotes":""},"class_list":["post-39111","page","type-page","status-publish","has-post-thumbnail"],"_links":{"self":[{"href":"https:\/\/www.sisinternational.com\/pt\/wp-json\/wp\/v2\/pages\/39111","targetHints":{"allow":["GET"]}}],"collection":[{"href":"https:\/\/www.sisinternational.com\/pt\/wp-json\/wp\/v2\/pages"}],"about":[{"href":"https:\/\/www.sisinternational.com\/pt\/wp-json\/wp\/v2\/types\/page"}],"author":[{"embeddable":true,"href":"https:\/\/www.sisinternational.com\/pt\/wp-json\/wp\/v2\/users\/1"}],"replies":[{"embeddable":true,"href":"https:\/\/www.sisinternational.com\/pt\/wp-json\/wp\/v2\/comments?post=39111"}],"version-history":[{"count":5,"href":"https:\/\/www.sisinternational.com\/pt\/wp-json\/wp\/v2\/pages\/39111\/revisions"}],"predecessor-version":[{"id":81452,"href":"https:\/\/www.sisinternational.com\/pt\/wp-json\/wp\/v2\/pages\/39111\/revisions\/81452"}],"up":[{"embeddable":true,"href":"https:\/\/www.sisinternational.com\/pt\/wp-json\/wp\/v2\/pages\/14660"}],"wp:featuredmedia":[{"embeddable":true,"href":"https:\/\/www.sisinternational.com\/pt\/wp-json\/wp\/v2\/media\/66985"}],"wp:attachment":[{"href":"https:\/\/www.sisinternational.com\/pt\/wp-json\/wp\/v2\/media?parent=39111"}],"curies":[{"name":"wp","href":"https:\/\/api.w.org\/{rel}","templated":true}]}}