{"id":39109,"date":"2021-10-21T02:28:26","date_gmt":"2021-10-21T02:28:26","guid":{"rendered":"https:\/\/www.sisinternational.com\/?page_id=39109"},"modified":"2025-09-14T23:13:32","modified_gmt":"2025-09-15T03:13:32","slug":"pesquisa-de-mercado-de-gestao-de-mudancas","status":"publish","type":"page","link":"https:\/\/www.sisinternational.com\/pt\/solucoes\/consultoria-estrategica\/pesquisa-de-mercado-de-gestao-de-mudancas\/","title":{"rendered":"Pesquisa de mercado de gest\u00e3o de mudan\u00e7as"},"content":{"rendered":"<h1 class=\"wp-block-heading\">Pesquisa de mercado de gest\u00e3o de mudan\u00e7as<\/h1>\n\n\n\n<figure class=\"gb-block-image gb-block-image-005341ab\"><img loading=\"lazy\" decoding=\"async\" width=\"1456\" height=\"816\" class=\"gb-image gb-image-005341ab\" src=\"https:\/\/www.sisinternational.com\/wp-content\/uploads\/2025\/08\/Inventory-Management-4.jpg\" alt=\"Pesquisa e Estrat\u00e9gia de Mercado Internacional da SIS\" title=\"Inventory Management (4)\" srcset=\"https:\/\/www.sisinternational.com\/wp-content\/uploads\/2025\/08\/Inventory-Management-4.jpg 1456w, https:\/\/www.sisinternational.com\/wp-content\/uploads\/2025\/08\/Inventory-Management-4-300x168.jpg 300w, https:\/\/www.sisinternational.com\/wp-content\/uploads\/2025\/08\/Inventory-Management-4-1024x574.jpg 1024w, https:\/\/www.sisinternational.com\/wp-content\/uploads\/2025\/08\/Inventory-Management-4-768x430.jpg 768w, https:\/\/www.sisinternational.com\/wp-content\/uploads\/2025\/08\/Inventory-Management-4-18x10.jpg 18w\" sizes=\"auto, (max-width: 1456px) 100vw, 1456px\"><\/figure>\n\n\n\n<p><\/p>\n\n\n\n<h2 class=\"wp-block-heading\">O que \u00e9 gerenciamento de mudan\u00e7as?<\/h2>\n\n\n\n<p>A mudan\u00e7a \u00e9 uma parte constante da vida de uma pessoa e tamb\u00e9m uma caracter\u00edstica de todos os neg\u00f3cios. As empresas podem gerenciar mudan\u00e7as.<\/p>\n\n\n\n<p>Freq\u00fcentemente nos referimos ao Gerenciamento de Mudan\u00e7as como \u201cCM\u201d. Ele descreve maneiras e m\u00e9todos espec\u00edficos usados por uma empresa. Esses m\u00e9todos permitem que uma empresa alcance mudan\u00e7as internas e externas. Alguns exemplos incluem a implementa\u00e7\u00e3o das etapas necess\u00e1rias para a mudan\u00e7a. Al\u00e9m disso, ficar de olho nas atividades pr\u00e9 e p\u00f3s-mudan\u00e7a garante o sucesso na hora de colocar o plano em a\u00e7\u00e3o.<\/p>\n\n\n\n<p>As interrup\u00e7\u00f5es dentro de uma empresa s\u00e3o rotineiras. Como resultado, \u00e9 essencial utilizar uma abordagem estruturada ao lidar com a mudan\u00e7a. Esta abordagem garante uma boa transi\u00e7\u00e3o.<\/p>\n\n\n\n<h2 class=\"wp-block-heading\">Por que isso \u00e9 importante?<\/h2>\n\n\n\n<p>O Gerenciamento de Mudan\u00e7as permite que as empresas alcancem o resultado preferido ao passar por uma mudan\u00e7a. Tamb\u00e9m promove processos de neg\u00f3cios aprimorados. O gerenciamento de mudan\u00e7as \u00e9 vital para as empresas, pois avalia, redesenha e implementa novas estrat\u00e9gias.<\/p>\n\n\n\n<p>Change <a href=\"https:\/\/www.sisinternational.com\/pt\/solucoes\/sis-crescimento-global\/gerenciamento-de-projetos-globais\/\" title=\"Consultoria Global em Gest\u00e3o de Projetos\"  data-wpil-monitor-id=\"11181\">Management also shrinks project<\/a> overheads. Changes in projects which go unmanaged can lead to high costs. These costs may exceed budget constraints.<\/p>\n\n\n\n<p>O gerenciamento pr\u00e1tico de mudan\u00e7as permite a previs\u00e3o e preven\u00e7\u00e3o de problemas.<\/p>\n\n\n\n<p>A mitiga\u00e7\u00e3o de riscos tamb\u00e9m \u00e9 um benef\u00edcio. Assim, \u00e9 comum fazer avalia\u00e7\u00f5es de riscos e criar planos de mitiga\u00e7\u00e3o de riscos.<\/p>\n\n\n\n<p>A Gest\u00e3o de Mudan\u00e7as tamb\u00e9m melhora as experi\u00eancias dos funcion\u00e1rios e a cultura da empresa.<\/p>\n\n\n\n<h2 class=\"wp-block-heading\">Principais cargos<\/h2>\n\n\n\n<p>In general, people in <a href=\"https:\/\/www.sisinternational.com\/pt\/solucoes\/pesquisa-de-mercado-de-ia-e-consultoria-estrategica\/consultoria-de-inteligencia-artificial-de-automacao-de-gerenciamento-de-mudancas\/\" title=\"Automa\u00e7\u00e3o de gerenciamento de mudan\u00e7as e consultoria de IA\"  data-wpil-monitor-id=\"7613\">Change Management jobs may consult<\/a> or have in-house positions. The changes they put in place range from systems design to business practices. There is a wide range of jobs in the field of Change Management. Some examples of critical jobs are:<\/p>\n\n\n\n<ul class=\"wp-block-list\">\n<li>Especialista em Gest\u00e3o de Mudan\u00e7as<\/li>\n\n\n\n<li>Gerenciador de programa<\/li>\n\n\n\n<li>Analista de Programa<\/li>\n\n\n\n<li><a href=\"https:\/\/www.sisinternational.com\/pt\/solucoes\/pesquisa-de-consultoria-em-estrategia-fintech\/consultoria-em-estrategia-de-pesquisa-de-mercado-em-gestao-de-mudancas-em-servicos-financeiros\/\" title=\"Pesquisa de mercado e consultoria estrat\u00e9gica em gest\u00e3o de mudan\u00e7as em servi\u00e7os financeiros\"  data-wpil-monitor-id=\"11178\">Consultor de Gest\u00e3o de Mudan\u00e7as<\/a><\/li>\n\n\n\n<li>Engenheiro senior<\/li>\n\n\n\n<li>Propriet\u00e1rio do produto de gerenciamento de mudan\u00e7as<\/li>\n<\/ul>\n\n\n\n<h2 class=\"wp-block-heading\">Por que as empresas precisam de gerenciamento de mudan\u00e7as<\/h2>\n\n\n\n<p>A mudan\u00e7a \u00e9 um aspecto crucial que permite que as empresas cres\u00e7am e evoluam. Como resultado, quando uma empresa muda, a efici\u00eancia deve ser uma prioridade. O Gerenciamento de Mudan\u00e7as fornece essa efici\u00eancia de v\u00e1rias maneiras que auxiliam os neg\u00f3cios. Ajuda a gerenciar a quantidade de mudan\u00e7as que ocorrem. Tamb\u00e9m oferece benef\u00edcios financeiros e as empresas podem obter melhores resultados.<\/p>\n\n\n\n<p>Change Management allows a <a href=\"https:\/\/www.sisinternational.com\/pt\/predictive-analytics\/\" title=\"Predictive Analytics: Your Crystal Ball for Business Success\"  data-wpil-monitor-id=\"11190\">business to stay successful<\/a> and competitive. This success comes about because it can help companies to prepare for the many changes which lie ahead.<\/p>\n\n\n\n<p>An established Change Management system in a business inspires consistency. A standard approach allows for the <a href=\"https:\/\/www.sisinternational.com\/pt\/how-to-design-effective-surveys-for-quantitative-research\/\" title=\"How to Design Effective Surveys for Quantitative Research\"  data-wpil-monitor-id=\"11188\">design of more effective<\/a> estrat\u00e9gias.<\/p>\n\n\n\n<p>Os dados sugerem que o gerenciamento de mudan\u00e7as afeta o ROI de uma empresa. As mudan\u00e7as no ROI se devem a muitos fatores. Um exemplo s\u00e3o os funcion\u00e1rios que n\u00e3o est\u00e3o em conformidade com as mudan\u00e7as. A n\u00e3o conformidade pode causar baixa produtividade e, portanto, um pequeno ROI. No entanto, a Gest\u00e3o de Mudan\u00e7as evita isso, pois planeja e cria a melhor maneira de mudar uma empresa.<\/p>\n\n\n\n<h2 class=\"wp-block-heading\">Principais fatores de sucesso<\/h2>\n\n\n\n<figure class=\"gb-block-image gb-block-image-9d575b71\"><img loading=\"lazy\" decoding=\"async\" width=\"1456\" height=\"816\" class=\"gb-image gb-image-9d575b71\" src=\"https:\/\/www.sisinternational.com\/wp-content\/uploads\/2025\/08\/Strategy-consulting-19.jpg\" alt=\"Pesquisa e Estrat\u00e9gia de Mercado Internacional da SIS\" title=\"Strategy consulting (19)\" srcset=\"https:\/\/www.sisinternational.com\/wp-content\/uploads\/2025\/08\/Strategy-consulting-19.jpg 1456w, https:\/\/www.sisinternational.com\/wp-content\/uploads\/2025\/08\/Strategy-consulting-19-300x168.jpg 300w, https:\/\/www.sisinternational.com\/wp-content\/uploads\/2025\/08\/Strategy-consulting-19-1024x574.jpg 1024w, https:\/\/www.sisinternational.com\/wp-content\/uploads\/2025\/08\/Strategy-consulting-19-768x430.jpg 768w, https:\/\/www.sisinternational.com\/wp-content\/uploads\/2025\/08\/Strategy-consulting-19-18x10.jpg 18w\" sizes=\"auto, (max-width: 1456px) 100vw, 1456px\"><\/figure>\n\n\n\n<p><\/p>\n\n\n\n<p>Muitos fatores vitais afetam o sucesso do Gerenciamento de Mudan\u00e7as em uma empresa. Alguns deles incluem:<\/p>\n\n\n\n<ul class=\"wp-block-list\">\n<li>Exemplos ativos e vis\u00edveis de altos funcion\u00e1rios da empresa<\/li>\n\n\n\n<li>Uma abordagem estruturada de gerenciamento de mudan\u00e7as<\/li>\n\n\n\n<li>Atribui\u00e7\u00e3o de recursos e financiamento para Gest\u00e3o de Mudan\u00e7as<\/li>\n\n\n\n<li>Relat\u00f3rios frequentes e abertos sobre a mudan\u00e7a e a necessidade de mudan\u00e7a<\/li>\n\n\n\n<li>envolvimento dos funcion\u00e1rios<\/li>\n\n\n\n<li>Engagement and <a href=\"https:\/\/www.sisinternational.com\/pt\/solucoes\/pesquisa-de-mercado-de-ia-e-consultoria-estrategica\/pesquisa-de-mercado-de-gerenciamento-de-integracao-de-api\/\" title=\"Pesquisa de mercado de gerenciamento de integra\u00e7\u00e3o de API\"  data-wpil-monitor-id=\"11186\">integration with project management<\/a><\/li>\n\n\n\n<li>Envolvimento e apoio da ger\u00eancia intermedi\u00e1ria<\/li>\n<\/ul>\n\n\n\n<p>To summarize, proper planning and reporting are the keys to success with Change Management. Also, a business must <a href=\"https:\/\/www.sisinternational.com\/pt\/solucoes\/pesquisa-de-consultoria-em-estrategia-fintech\/pesquisa-de-mercado-de-gestao-de-investimentos\/\" title=\"Pesquisa de mercado de gest\u00e3o de investimentos\"  data-wpil-monitor-id=\"11185\">invest in Change Management<\/a>. To do this, it has to allot enough resources to Change Management.<\/p>\n\n\n\n<h2 class=\"wp-block-heading\">Sobre a pesquisa de mercado de gerenciamento de mudan\u00e7as<\/h2>\n\n\n\n<p>Quantitative, Qualitative, and <a href=\"https:\/\/www.sisinternational.com\/pt\/solucoes\/consultoria-em-hotelaria-e-turismo-em-viagens\/consultoria-em-estrategia-de-pesquisa-de-mercado-para-empresa-de-gestao-hoteleira\/\" title=\"Pesquisa de mercado e consultoria estrat\u00e9gica para empresas de gest\u00e3o hoteleira\"  data-wpil-monitor-id=\"11180\">Strategy Research help companies<\/a> to achieve their goals. This research may take the form of Interviews, Surveys, or Focus Groups.<\/p>\n\n\n\n<p>For Change Management, businesses should understand its importance. They should also acknowledge its ability to guarantee success. Thus, research into this area is necessary for any growing business. Many transitions occur during the creation and operation of a new business. Adequate <a href=\"https:\/\/www.sisinternational.com\/pt\/pericia\/industrias\/pesquisa-de-mercado-sobre-mudancas-climaticas\/\" title=\"Pesquisa de mercado sobre mudan\u00e7as clim\u00e1ticas\"  data-wpil-monitor-id=\"4976\">research into a Change<\/a> Management system and Change Management experts is crucial. <a href=\"https:\/\/www.sisinternational.com\/pt\/pericia\/curriculos-de-experiencia\/curriculo-de-experiencia-na-industria-automotiva\/\" title=\"Empresa de pesquisa de mercado da ind\u00fastria automotiva\"  data-wpil-monitor-id=\"11183\">Research ensures the company<\/a> puts resources toward Change Management and gets the best guidance.<\/p>\n\n\n\n<p><\/p>","protected":false},"excerpt":{"rendered":"<p>A SIS \u00e9 uma empresa global de pesquisa de mercado e consultoria estrat\u00e9gica. Expanda seus neg\u00f3cios com pesquisa de mercado de gerenciamento de mudan\u00e7as.<\/p>","protected":false},"author":1,"featured_media":64929,"parent":14567,"menu_order":16,"comment_status":"closed","ping_status":"closed","template":"","meta":{"footnotes":""},"class_list":["post-39109","page","type-page","status-publish","has-post-thumbnail"],"_links":{"self":[{"href":"https:\/\/www.sisinternational.com\/pt\/wp-json\/wp\/v2\/pages\/39109","targetHints":{"allow":["GET"]}}],"collection":[{"href":"https:\/\/www.sisinternational.com\/pt\/wp-json\/wp\/v2\/pages"}],"about":[{"href":"https:\/\/www.sisinternational.com\/pt\/wp-json\/wp\/v2\/types\/page"}],"author":[{"embeddable":true,"href":"https:\/\/www.sisinternational.com\/pt\/wp-json\/wp\/v2\/users\/1"}],"replies":[{"embeddable":true,"href":"https:\/\/www.sisinternational.com\/pt\/wp-json\/wp\/v2\/comments?post=39109"}],"version-history":[{"count":6,"href":"https:\/\/www.sisinternational.com\/pt\/wp-json\/wp\/v2\/pages\/39109\/revisions"}],"predecessor-version":[{"id":81825,"href":"https:\/\/www.sisinternational.com\/pt\/wp-json\/wp\/v2\/pages\/39109\/revisions\/81825"}],"up":[{"embeddable":true,"href":"https:\/\/www.sisinternational.com\/pt\/wp-json\/wp\/v2\/pages\/14567"}],"wp:featuredmedia":[{"embeddable":true,"href":"https:\/\/www.sisinternational.com\/pt\/wp-json\/wp\/v2\/media\/64929"}],"wp:attachment":[{"href":"https:\/\/www.sisinternational.com\/pt\/wp-json\/wp\/v2\/media?parent=39109"}],"curies":[{"name":"wp","href":"https:\/\/api.w.org\/{rel}","templated":true}]}}