{"id":39103,"date":"2021-10-20T19:57:53","date_gmt":"2021-10-20T19:57:53","guid":{"rendered":"https:\/\/www.sisinternational.com\/?page_id=39103"},"modified":"2026-01-25T16:37:07","modified_gmt":"2026-01-25T21:37:07","slug":"pesquisa-de-mercado-de-alto-falantes-inteligentes","status":"publish","type":"page","link":"https:\/\/www.sisinternational.com\/pt\/pericia\/pesquisa-de-mercado-de-alto-falantes-inteligentes\/","title":{"rendered":"Pesquisa de mercado de alto-falantes inteligentes"},"content":{"rendered":"<h1 class=\"wp-block-heading p1\"><span class=\"s1\">Pesquisa de mercado de alto-falantes inteligentes<\/span><\/h1>\n\n\n\n<figure class=\"gb-block-image gb-block-image-c474ca16\"><img loading=\"lazy\" decoding=\"async\" width=\"1456\" height=\"816\" class=\"gb-image gb-image-c474ca16\" src=\"https:\/\/www.sisinternational.com\/wp-content\/uploads\/2025\/08\/Smart-speaker-8.jpg\" alt=\"Pesquisa e Estrat\u00e9gia de Mercado Internacional da SIS\" title=\"Smart speaker (8)\" srcset=\"https:\/\/www.sisinternational.com\/wp-content\/uploads\/2025\/08\/Smart-speaker-8.jpg 1456w, https:\/\/www.sisinternational.com\/wp-content\/uploads\/2025\/08\/Smart-speaker-8-300x168.jpg 300w, https:\/\/www.sisinternational.com\/wp-content\/uploads\/2025\/08\/Smart-speaker-8-1024x574.jpg 1024w, https:\/\/www.sisinternational.com\/wp-content\/uploads\/2025\/08\/Smart-speaker-8-768x430.jpg 768w, https:\/\/www.sisinternational.com\/wp-content\/uploads\/2025\/08\/Smart-speaker-8-18x10.jpg 18w\" sizes=\"auto, (max-width: 1456px) 100vw, 1456px\"><\/figure>\n\n\n\n<p><\/p>\n\n\n\n<h2 class=\"wp-block-heading\">O que \u00e9 pesquisa de mercado de alto-falantes inteligentes?<\/h2>\n\n\n\n<p class=\"p2\">Os alto-falantes inteligentes s\u00e3o um novo tipo de dispositivo com muitas fun\u00e7\u00f5es. Seu uso principal \u00e9 como alto-falante e para comandos de voz. Um assistente virtual integrado tamb\u00e9m \u00e9 uma das principais caracter\u00edsticas desses dispositivos. Este assistente pode interagir com o usu\u00e1rio. \u00c9 f\u00e1cil de ativar quando o usu\u00e1rio d\u00e1 comandos verbais espec\u00edficos.<\/p>\n\n\n\n<p class=\"p2\">Esses alto-falantes tamb\u00e9m podem atuar como \u201cdispositivos inteligentes\u201d. Dessa forma, eles podem usar Wi-Fi e Bluetooth como outros dispositivos inteligentes, como telefones.<\/p>\n\n\n\n<h2 class=\"wp-block-heading\">Por que isso \u00e9 importante?<\/h2>\n\n\n\n<p class=\"p2\">The field of smart speaker tech has made notable progress over the last few years. These speakers have many features that aid day-to-day life for many people. As a result, these devices have become essential.<\/p>\n\n\n\n<p class=\"p2\">Por exemplo, um uso \u00e9 para automa\u00e7\u00e3o residencial. Os usu\u00e1rios controlam coisas como ilumina\u00e7\u00e3o e eletrodom\u00e9sticos em suas casas. Para fazer isso, eles informam comandos simples ao alto-falante inteligente.<\/p>\n\n\n\n<p class=\"p2\">Tamb\u00e9m \u00e9 \u00fatil para sistemas de seguran\u00e7a dom\u00e9stica. Por exemplo, o alto-falante inteligente pode ser conectado a c\u00e2meras de seguran\u00e7a. Ele tamb\u00e9m pode fornecer controle de acesso. Se algu\u00e9m bater \u00e0 sua porta, esse recurso ser\u00e1 \u00fatil. Atrav\u00e9s de um comando, o usu\u00e1rio pode ver os sistemas de c\u00e2meras. Assim, eles podem fornecer acesso de entrada \u00e0 pessoa que espera em um local remoto.<\/p>\n\n\n\n<h2 class=\"wp-block-heading\">Principais cargos<\/h2>\n\n\n\n<p class=\"p2\">Novas tecnologias no mercado podem representar um risco no in\u00edcio. Pessoas que possam operar, atualizar e solucionar poss\u00edveis problemas do dispositivo s\u00e3o cruciais. A ind\u00fastria de alto-falantes inteligentes precisa de engenheiros de software e pessoas com conhecimento de IA. Al\u00e9m disso, para vender estes dispositivos, a ind\u00fastria precisa de pessoas com compet\u00eancias t\u00e9cnicas e um conhecimento s\u00f3lido do mercado.<\/p>\n\n\n\n<h2 class=\"wp-block-heading\">Por que as empresas precisam de alto-falantes inteligentes<\/h2>\n\n\n\n<figure class=\"gb-block-image gb-block-image-1acbf889\"><img loading=\"lazy\" decoding=\"async\" width=\"1456\" height=\"816\" class=\"gb-image gb-image-1acbf889\" src=\"https:\/\/www.sisinternational.com\/wp-content\/uploads\/2025\/08\/Smart-speaker-5.jpg\" alt=\"Pesquisa e Estrat\u00e9gia de Mercado Internacional da SIS\" title=\"Smart speaker (5)\" srcset=\"https:\/\/www.sisinternational.com\/wp-content\/uploads\/2025\/08\/Smart-speaker-5.jpg 1456w, https:\/\/www.sisinternational.com\/wp-content\/uploads\/2025\/08\/Smart-speaker-5-300x168.jpg 300w, https:\/\/www.sisinternational.com\/wp-content\/uploads\/2025\/08\/Smart-speaker-5-1024x574.jpg 1024w, https:\/\/www.sisinternational.com\/wp-content\/uploads\/2025\/08\/Smart-speaker-5-768x430.jpg 768w, https:\/\/www.sisinternational.com\/wp-content\/uploads\/2025\/08\/Smart-speaker-5-18x10.jpg 18w\" sizes=\"auto, (max-width: 1456px) 100vw, 1456px\"><\/figure>\n\n\n\n<p><\/p>\n\n\n\n<p class=\"p2\">Alto-falantes inteligentes podem ajudar a melhorar a efici\u00eancia de uma empresa. Eles podem auxiliar os funcion\u00e1rios em tarefas simples e at\u00e9 atuar como assistentes pessoais virtuais. Ler e-mails ou fazer pesquisas enquanto tenta fazer caf\u00e9 \u00e9 muito mais f\u00e1cil. Assim, esses dispositivos incentivam a multitarefa. O usu\u00e1rio pode realizar tarefas com as duas m\u00e3os e com comandos de voz. Esses recursos s\u00e3o \u00fateis para propriet\u00e1rios de pequenas empresas e freelancers. Essas pessoas ocupadas valorizam muito a capacidade de realizar multitarefas. Conseq\u00fcentemente, um alto-falante inteligente \u00e9 muito \u00fatil.<\/p>\n\n\n\n<p class=\"p2\">Esses dispositivos podem funcionar como despertadores para ajudar os usu\u00e1rios a gerenciar seu tempo. Por exemplo, um alto-falante inteligente pode informar quando concluir tarefas espec\u00edficas ao longo do dia.<\/p>\n\n\n\n<p class=\"p2\">Outro benef\u00edcio \u00e9 que eles podem ajudar na elabora\u00e7\u00e3o de planos de viagem. Por exemplo, \u00e9 poss\u00edvel solicitar e reservar voos dispon\u00edveis com esses dispositivos. Comandos de voz simples ajudam nisso.<\/p>\n\n\n\n<p class=\"p2\">As empresas tamb\u00e9m usam esses dispositivos para auxiliar no atendimento automatizado ao cliente. No entanto, ainda h\u00e1 espa\u00e7o para melhorias nesta \u00e1rea. As empresas devem ser cautelosas ao utiliz\u00e1-los para esse fim.<\/p>\n\n\n\n<p>Principais fatores de sucesso<\/p>\n\n\n\n<p class=\"p2\">Many factors drive the <a href=\"https:\/\/www.sisinternational.com\/pt\/saude-inteligente\/\" title=\"Pesquisa de mercado de sa\u00fade inteligente\"  data-wpil-monitor-id=\"1965\">smart speaker market<\/a>. One example is the advancement of audio technology. As innovations continue to increase, consumers continue to buy new tech. The number of smart homes is also growing. This fact, plus the growth in wireless tech, creates an ideal space for smart speakers. The influx of smartphones and <a href=\"https:\/\/www.sisinternational.com\/pt\/pericia\/industrias\/pesquisa-de-mercado-de-cidade-inteligente\/\" title=\"Pesquisa de mercado de cidades inteligentes\"  data-wpil-monitor-id=\"3414\">smart devices in the market<\/a> also aids the success of smart speakers.<\/p>\n\n\n\n<h2 class=\"wp-block-heading\">Sobre a pesquisa de mercado de alto-falantes inteligentes<\/h2>\n\n\n\n<p class=\"p2\">Quantitative, Qualitative, and Strategy Research are helpful for firms seeking to enter the <a href=\"https:\/\/www.sisinternational.com\/pt\/pesquisa-de-mercado-de-mobilidade-inteligente\/\" title=\"Pesquisa de mercado de mobilidade inteligente\"  data-wpil-monitor-id=\"1920\">Smart Speaker<\/a> market. This research may take the form of Interviews, Surveys, or Focus Groups.<\/p>\n\n\n\n<p class=\"p2\">MR into smart speakers provides insight into its drawbacks and benefits. For now, this technology comes at a high cost. Companies must consider these factors and assess the related risks. Factors to research include privacy and compatibility. It can help determine the ideal and cost-effective device on the market.<\/p>\n\n\n\n<p class=\"p3\">We\u2019re here to help you gather information on the <a href=\"https:\/\/www.sisinternational.com\/pt\/pesquisa-de-mercado-de-manufatura-inteligente\/\" title=\"Pesquisa de mercado de manufatura inteligente\"  data-wpil-monitor-id=\"3625\">Smart Speaker market<\/a>. Contact us today!<\/p>\n\n\n\n<p><\/p>","protected":false},"excerpt":{"rendered":"<p>Alto-falantes inteligentes podem ajudar a melhorar a efici\u00eancia de uma empresa. Eles podem auxiliar os funcion\u00e1rios em tarefas simples e at\u00e9 atuar como assistentes pessoais virtuais.<\/p>","protected":false},"author":1,"featured_media":64585,"parent":14514,"menu_order":79,"comment_status":"closed","ping_status":"closed","template":"","meta":{"footnotes":""},"class_list":["post-39103","page","type-page","status-publish","has-post-thumbnail"],"_links":{"self":[{"href":"https:\/\/www.sisinternational.com\/pt\/wp-json\/wp\/v2\/pages\/39103","targetHints":{"allow":["GET"]}}],"collection":[{"href":"https:\/\/www.sisinternational.com\/pt\/wp-json\/wp\/v2\/pages"}],"about":[{"href":"https:\/\/www.sisinternational.com\/pt\/wp-json\/wp\/v2\/types\/page"}],"author":[{"embeddable":true,"href":"https:\/\/www.sisinternational.com\/pt\/wp-json\/wp\/v2\/users\/1"}],"replies":[{"embeddable":true,"href":"https:\/\/www.sisinternational.com\/pt\/wp-json\/wp\/v2\/comments?post=39103"}],"version-history":[{"count":7,"href":"https:\/\/www.sisinternational.com\/pt\/wp-json\/wp\/v2\/pages\/39103\/revisions"}],"predecessor-version":[{"id":77832,"href":"https:\/\/www.sisinternational.com\/pt\/wp-json\/wp\/v2\/pages\/39103\/revisions\/77832"}],"up":[{"embeddable":true,"href":"https:\/\/www.sisinternational.com\/pt\/wp-json\/wp\/v2\/pages\/14514"}],"wp:featuredmedia":[{"embeddable":true,"href":"https:\/\/www.sisinternational.com\/pt\/wp-json\/wp\/v2\/media\/64585"}],"wp:attachment":[{"href":"https:\/\/www.sisinternational.com\/pt\/wp-json\/wp\/v2\/media?parent=39103"}],"curies":[{"name":"wp","href":"https:\/\/api.w.org\/{rel}","templated":true}]}}