{"id":39093,"date":"2021-10-20T19:27:37","date_gmt":"2021-10-20T19:27:37","guid":{"rendered":"https:\/\/www.sisinternational.com\/?page_id=39093"},"modified":"2026-01-27T16:48:54","modified_gmt":"2026-01-27T21:48:54","slug":"pesquisa-de-mercado-de-semicondutores","status":"publish","type":"page","link":"https:\/\/www.sisinternational.com\/pt\/pericia\/pesquisa-de-mercado-de-semicondutores\/","title":{"rendered":"Pesquisa de mercado de semicondutores"},"content":{"rendered":"<h1 class=\"wp-block-heading p1\"><span class=\"s1\">Pesquisa de mercado de semicondutores<\/span><\/h1>\n\n\n\n<figure class=\"gb-block-image gb-block-image-92194432\"><img loading=\"lazy\" decoding=\"async\" width=\"1456\" height=\"816\" class=\"gb-image gb-image-92194432\" src=\"https:\/\/www.sisinternational.com\/wp-content\/uploads\/2025\/08\/Semiconductor-6.jpg\" alt=\"Pesquisa e Estrat\u00e9gia de Mercado Internacional da SIS\" title=\"Semiconductor (6)\" srcset=\"https:\/\/www.sisinternational.com\/wp-content\/uploads\/2025\/08\/Semiconductor-6.jpg 1456w, https:\/\/www.sisinternational.com\/wp-content\/uploads\/2025\/08\/Semiconductor-6-300x168.jpg 300w, https:\/\/www.sisinternational.com\/wp-content\/uploads\/2025\/08\/Semiconductor-6-1024x574.jpg 1024w, https:\/\/www.sisinternational.com\/wp-content\/uploads\/2025\/08\/Semiconductor-6-768x430.jpg 768w, https:\/\/www.sisinternational.com\/wp-content\/uploads\/2025\/08\/Semiconductor-6-18x10.jpg 18w\" sizes=\"auto, (max-width: 1456px) 100vw, 1456px\"><\/figure>\n\n\n\n<p><\/p>\n\n\n\n<h2 class=\"wp-block-heading p1\">Com a ind\u00fastria de semicondutores passando por constantes mudan\u00e7as, a pesquisa de mercado de semicondutores \u00e9 um elemento essencial para o sucesso no neg\u00f3cio global de eletr\u00f4nicos.<\/h2>\n\n\n\n<p class=\"p1\">Por esse motivo, as empresas devem se manter atualizadas com as tend\u00eancias e avan\u00e7os emergentes para permanecerem competitivas.<\/p>\n\n\n\n<p class=\"p1\">Ao aproveitar a pesquisa de mercado de semicondutores, as empresas obt\u00eam an\u00e1lises baseadas em dados que lhes fornecem informa\u00e7\u00f5es valiosas para tomar decis\u00f5es informadas sobre seus produtos, planos e investimentos.<\/p>\n\n\n\n<h2 class=\"wp-block-heading\">O que \u00e9 pesquisa de mercado de semicondutores?<\/h2>\n\n\n\n<p class=\"p2\">A Pesquisa de Mercado de Semicondutores \u00e9 a investiga\u00e7\u00e3o de qu\u00e3o procuradas e seguras s\u00e3o essas subst\u00e2ncias. As empresas competem implacavelmente nesta ind\u00fastria, e os semicondutores est\u00e3o em alta demanda agora. Al\u00e9m disso, s\u00e3o escassos e poucas empresas os fabricam. Estas s\u00e3o mais algumas raz\u00f5es pelas quais pode ser um bom investimento de seu tempo e dinheiro.<\/p>\n\n\n\n<p class=\"p1\">A ind\u00fastria de semicondutores \u00e9 um componente-chave do espa\u00e7o eletr\u00f4nico, com os semicondutores servindo como base para v\u00e1rios dispositivos e componentes eletr\u00f4nicos, de computadores a smartphones.<\/p>\n\n\n\n<p class=\"p1\">In addition, the ever-rising demand for electronics and technology has caused the global <a href=\"https:\/\/www.sisinternational.com\/pt\/pericia\/industrias\/pesquisa-de-mercado-de-circuitos-eletronicos\/\" title=\"Pesquisa de mercado de circuitos eletr\u00f4nicos\"  data-wpil-monitor-id=\"6917\">semiconductor<\/a> market to flourish in recent years. To remain competitive, it is vital to conduct <a href=\"https:\/\/www.sisinternational.com\/pt\/quais-sao-algumas-tendencias-no-setor-de-pesquisa-de-mercado\/\" title=\"Quais s\u00e3o algumas tend\u00eancias no setor de pesquisa de mercado?\"  data-wpil-monitor-id=\"11182\">research within this industry on current trends<\/a>, customer preferences, and competitors&#8217; strategies.<\/p>\n\n\n\n<p class=\"p1\">Today, semiconductor market research is essential in this industry as it provides market sizing, segmentation, competitive analysis, and customer insights. It also keeps stakeholders informed of the latest trends that affect their decisions about product development, investments, and <a href=\"https:\/\/www.sisinternational.com\/pt\/estrategias-de-entrada-no-mercado-b2b\/\" title=\"Estrat\u00e9gias de entrada no mercado B2B\"  data-wpil-monitor-id=\"11177\">entry strategies into new markets<\/a>.<\/p>\n\n\n\n<h2 class=\"wp-block-heading\">Por que a pesquisa de mercado de semicondutores \u00e9 importante?<\/h2>\n\n\n\n<h3 class=\"wp-block-heading p2\">A pesquisa de mercado \u00e9 importante. Como investidor que deseja fornecer este produto, voc\u00ea precisar\u00e1 pesquisar seu potencial de lucro.<\/h3>\n\n\n\n<p class=\"p1\">A ind\u00fastria de semicondutores est\u00e1 na vanguarda da inova\u00e7\u00e3o tecnol\u00f3gica, fornecendo componentes cr\u00edticos para uma variedade de produtos eletr\u00f4nicos. Portanto, ao empregar pesquisas de mercado de semicondutores para descobrir tend\u00eancias, tecnologias e din\u00e2micas emergentes desta ind\u00fastria, as empresas podem tomar decis\u00f5es informadas que as impulsionar\u00e3o \u00e0 frente dos seus rivais e garantir\u00e3o o sucesso no ambiente atual.<\/p>\n\n\n\n<p class=\"p2\"><strong>Algumas perguntas que voc\u00ea, como investidor, precisar\u00e1 ter respondidas s\u00e3o:<\/strong><\/p>\n\n\n\n<p class=\"p2\">1. The scarcity of <a href=\"https:\/\/www.sisinternational.com\/pt\/pericia\/curriculos-de-experiencia\/pesquisa-de-mercado-de-produtos-de-higiene-pessoal\/\" title=\"Pesquisa de mercado de produtos de cuidados pessoais\"  data-wpil-monitor-id=\"11184\">products on the market<\/a> currently<\/p>\n\n\n\n<p class=\"p2\">2. Qual \u00e9 a demanda do produto?<\/p>\n\n\n\n<p class=\"p2\">3. Existe alguma op\u00e7\u00e3o mais barata para o produto que voc\u00ea pretende comprar?<\/p>\n\n\n\n<p class=\"p2\">4. \u00c9 melhor do que uma op\u00e7\u00e3o mais barata?<\/p>\n\n\n\n<p class=\"p2\">5. O seu mercado-alvo pode pagar?<\/p>\n\n\n\n<p class=\"p2\">6. Quem \u00e9 o seu mercado-alvo?<\/p>\n\n\n\n<h2 class=\"wp-block-heading\">O produto est\u00e1 em demanda?<\/h2>\n\n\n\n<figure class=\"gb-block-image gb-block-image-986632f7\"><img loading=\"lazy\" decoding=\"async\" width=\"1456\" height=\"816\" class=\"gb-image gb-image-986632f7\" src=\"https:\/\/www.sisinternational.com\/wp-content\/uploads\/2025\/08\/Semiconductor-1.jpg\" alt=\"Pesquisa e Estrat\u00e9gia de Mercado Internacional da SIS\" title=\"Semiconductor (1)\" srcset=\"https:\/\/www.sisinternational.com\/wp-content\/uploads\/2025\/08\/Semiconductor-1.jpg 1456w, https:\/\/www.sisinternational.com\/wp-content\/uploads\/2025\/08\/Semiconductor-1-300x168.jpg 300w, https:\/\/www.sisinternational.com\/wp-content\/uploads\/2025\/08\/Semiconductor-1-1024x574.jpg 1024w, https:\/\/www.sisinternational.com\/wp-content\/uploads\/2025\/08\/Semiconductor-1-768x430.jpg 768w, https:\/\/www.sisinternational.com\/wp-content\/uploads\/2025\/08\/Semiconductor-1-18x10.jpg 18w\" sizes=\"auto, (max-width: 1456px) 100vw, 1456px\"><\/figure>\n\n\n\n<p><\/p>\n\n\n\n<p class=\"p2\">Ao fazer uma pesquisa de mercado sobre este produto, voc\u00ea descobrir\u00e1 muitas coisas. Por exemplo, voc\u00ea ver\u00e1 que houve uma escassez nos \u00faltimos anos. Outro ponto fundamental \u00e9 que essa escassez tem provocado um aumento nos pre\u00e7os dos ve\u00edculos. Ent\u00e3o, sim, isso afeta o uso do ve\u00edculo, o que responderia \u00e0 pergunta \u201cO produto est\u00e1 em demanda\u201d. Os ve\u00edculos est\u00e3o em alta demanda.<\/p>\n\n\n\n<p class=\"p2\">A ind\u00fastria automobil\u00edstica usa semicondutores porque eles auxiliam no controle de marchas e combust\u00edvel. Eles tamb\u00e9m s\u00e3o cruciais para que as conex\u00f5es de internet e os sensores de c\u00e2meras nos ve\u00edculos funcionem.<\/p>\n\n\n\n<p class=\"p2\">A energia el\u00e9trica tamb\u00e9m est\u00e1 em alta demanda. Assim, os semicondutores ser\u00e3o muito \u00fateis em quase todos os ambientes dom\u00e9sticos e comerciais. Na verdade, eles possuem uma propriedade \u00fanica de conduzir energia el\u00e9trica.<\/p>\n\n\n\n<p class=\"p2\">A condutividade de um semicondutor muda com base no seu ambiente. Essa capacidade \u00fanica torna-o o c\u00e9rebro dos dispositivos tecnol\u00f3gicos e leva a avan\u00e7os nos cuidados de sa\u00fade e tamb\u00e9m nas comunica\u00e7\u00f5es. Outro uso para esses materiais \u00e9 em transistores. Um transistor \u00e9 um circuito de pequenos interruptores semicondutores no cora\u00e7\u00e3o de um chip de computador. Eles permitem que os chips fa\u00e7am c\u00e1lculos e executem programas. Em poucas palavras, \u00e9 assim que usamos esses materiais para comunica\u00e7\u00e3o.<\/p>\n\n\n\n<p class=\"p2\">Este tipo de recurso \u00e9 \u00fatil para prestadores de cuidados de sa\u00fade. Por exemplo, permite-lhes digitalizar dados e observar doen\u00e7as em \u00e1reas remotas. Portanto, \u00e9 f\u00e1cil ver que os semicondutores s\u00e3o \u00fateis. No entanto, as suas alternativas duram mais tempo e funcionam melhor a temperaturas mais elevadas. O grafeno e o sil\u00edcio s\u00e3o \u00f3timos condutores que podem substituir os semicondutores.<\/p>\n\n\n\n<p class=\"p2\">Imagine investir sem saber pelo menos os detalhes essenciais. Isso seria um risco real para um investidor. Portanto, desse ponto de vista, \u00e9 f\u00e1cil perceber por que fazer pesquisas de mercado \u00e9 crucial.<\/p>\n\n\n\n<h2 class=\"wp-block-heading\">Principais cargos<\/h2>\n\n\n\n<h3 class=\"wp-block-heading p2\">Alguns cargos que voc\u00ea encontrar\u00e1 neste setor s\u00e3o os seguintes:<\/h3>\n\n\n\n<p class=\"p2\">1. Montador de placa de circuito<\/p>\n\n\n\n<p class=\"p2\">2. T\u00e9cnico de Processo<\/p>\n\n\n\n<p class=\"p2\">3. T\u00e9cnico de Equipamentos<\/p>\n\n\n\n<p class=\"p2\">4. Engenheiro de servi\u00e7o de campo<\/p>\n\n\n\n<p class=\"p2\">5. T\u00e9cnico de Teste<\/p>\n\n\n\n<h2 class=\"wp-block-heading\">Por que as empresas precisam de pesquisas de mercado de semicondutores?<\/h2>\n\n\n\n<p class=\"p2\">As empresas precisam de pesquisa de mercado de semicondutores. Por exemplo, ajuda-os a descobrir quais clientes atingir. Al\u00e9m disso, conhecer o seu mercado-alvo \u00e9 um aspecto crucial para um neg\u00f3cio de sucesso. Da mesma forma, a realiza\u00e7\u00e3o de pesquisas de mercado o ajudar\u00e1 a descobrir o mercado-alvo da sua empresa. Assim, ao conhecer o seu mercado-alvo, voc\u00ea saber\u00e1 qual plataforma utilizar para anunciar. Voc\u00ea tamb\u00e9m aprende sobre seus rivais com Pesquisa de Mercado. Isso reduz o risco de mercado.<\/p>\n\n\n\n<p class=\"p1\">Benef\u00edcios da pesquisa de mercado de semicondutores<\/p>\n\n\n\n<p class=\"p2\">As empresas que atuam na ind\u00fastria de semicondutores podem obter in\u00fameras vantagens, tais como:<\/p>\n\n\n\n<ul class=\"wp-block-list ul1\">\n<li><b>Ficar \u00e0 frente da curva<\/b>: A pesquisa de mercado em semicondutores fornece \u00e0s organiza\u00e7\u00f5es informa\u00e7\u00f5es valiosas sobre as condi\u00e7\u00f5es de mercado em constante evolu\u00e7\u00e3o, desde os avan\u00e7os tecnol\u00f3gicos at\u00e9 as prefer\u00eancias dos clientes. Esses pontos de dados podem ser utilizados para moldar a cria\u00e7\u00e3o de produtos, estrat\u00e9gias de pre\u00e7os e esfor\u00e7os de marketing para m\u00e1xima efici\u00eancia.<\/li>\n\n\n\n<li><b>Reconhecendo perspectivas de desenvolvimento<\/b>: Semiconductor market <a href=\"https:\/\/www.sisinternational.com\/pt\/mercado-fmcg-no-vietna\/\" title=\"Mercado FMCG no Vietn\u00e3\"  data-wpil-monitor-id=\"7601\">pesquisar<\/a> can be beneficial to businesses by providing them with the opportunity to identify growth opportunities in existing and emerging markets. With a comprehensive examination of <a href=\"https:\/\/www.sisinternational.com\/pt\/pericia\/industrias\/voz-da-pesquisa-de-mercado-do-cliente-sobre-alimentos-e-bebidas\/\" title=\"Pesquisa de Mercado Voz do Cliente em Alimentos e Bebidas\"  data-wpil-monitor-id=\"11187\">customer requirements and market<\/a> trends, companies can create new products and services that satisfy the ever-changing needs of their target audience.<\/li>\n\n\n\n<li><b>Mitiga\u00e7\u00e3o de riscos<\/b>: By leveraging semiconductor market research, organizations can reduce the risks of entering a new <a href=\"https:\/\/www.sisinternational.com\/pt\/solucoes\/consultoria-estrategica\/pesquisa-de-mercado-de-produto-minimo-viavel\/\" title=\"Pesquisa de mercado de produto m\u00ednimo vi\u00e1vel\"  data-wpil-monitor-id=\"11189\">market or launching new products<\/a>.<\/li>\n\n\n\n<li><b>Aumentando a satisfa\u00e7\u00e3o do cliente<\/b>: A utiliza\u00e7\u00e3o de pesquisas de mercado de semicondutores ajuda as organiza\u00e7\u00f5es a obter um maior conhecimento das necessidades e desejos de seus clientes. Ao aproveitar esse entendimento, eles s\u00e3o mais capazes de criar linhas de produtos e servi\u00e7os que satisfa\u00e7am melhor as expectativas dos clientes.<\/li>\n\n\n\n<li><b>Melhor tomada de decis\u00e3o<\/b>: A pesquisa de mercado de semicondutores permite que as empresas tomem decis\u00f5es informadas sobre design e desenvolvimento de produtos, estrat\u00e9gias de marketing e pol\u00edticas de pre\u00e7os, entre outros. Com esse conhecimento, as empresas est\u00e3o melhor posicionadas para aproveitar todas as oportunidades dispon\u00edveis em seu setor em ritmo acelerado.<\/li>\n<\/ul>\n\n\n\n<p class=\"p1\"><strong>Limita\u00e7\u00f5es da pesquisa de mercado de semicondutores<\/strong><\/p>\n\n\n\n<ul class=\"wp-block-list ul1\">\n<li>As empresas da ind\u00fastria de semicondutores hesitam em revelar dados precisos sobre os seus produtos e processos devido a preocupa\u00e7\u00f5es competitivas. Isto pode apresentar algumas limita\u00e7\u00f5es quando chega a hora de uma pesquisa de mercado abrangente.<\/li>\n\n\n\n<li>Obter acesso ao conhecimento t\u00e9cnico especializado e aos recursos necess\u00e1rios para uma pesquisa de mercado abrangente na ind\u00fastria de semicondutores pode ser caro, pois geralmente exige o uso de ferramentas e fontes de dados espec\u00edficas.<\/li>\n\n\n\n<li>A pol\u00edtica global influencia fortemente o mercado de semicondutores. Como estes factores s\u00e3o notoriamente imprevis\u00edveis, podem levar a mudan\u00e7as dram\u00e1ticas tanto no crescimento como na rentabilidade da ind\u00fastria.<\/li>\n<\/ul>\n\n\n\n<h2 class=\"wp-block-heading\">Principais fatores de sucesso<\/h2>\n\n\n\n<figure class=\"gb-block-image gb-block-image-c25db120\"><img loading=\"lazy\" decoding=\"async\" width=\"1456\" height=\"816\" class=\"gb-image gb-image-c25db120\" src=\"https:\/\/www.sisinternational.com\/wp-content\/uploads\/2025\/08\/Semiconductor-5.jpg\" alt=\"Pesquisa e Estrat\u00e9gia de Mercado Internacional da SIS\" title=\"Semiconductor (5)\" srcset=\"https:\/\/www.sisinternational.com\/wp-content\/uploads\/2025\/08\/Semiconductor-5.jpg 1456w, https:\/\/www.sisinternational.com\/wp-content\/uploads\/2025\/08\/Semiconductor-5-300x168.jpg 300w, https:\/\/www.sisinternational.com\/wp-content\/uploads\/2025\/08\/Semiconductor-5-1024x574.jpg 1024w, https:\/\/www.sisinternational.com\/wp-content\/uploads\/2025\/08\/Semiconductor-5-768x430.jpg 768w, https:\/\/www.sisinternational.com\/wp-content\/uploads\/2025\/08\/Semiconductor-5-18x10.jpg 18w\" sizes=\"auto, (max-width: 1456px) 100vw, 1456px\"><\/figure>\n\n\n\n<p><\/p>\n\n\n\n<p class=\"p2\">We\u2019ve outlined some key factors to succeed and make a profit in this area. For example, there must be high hopes for the future of the business. Also, by doing research, you will know the risks. Thus, <a href=\"https:\/\/www.sisinternational.com\/pt\/principais-fatores-de-sucesso-na-pesquisa-de-mercado-automotivo\/\" title=\"Principais fatores de sucesso na pesquisa de mercado automotivo\"  data-wpil-monitor-id=\"11179\">research is another success factor<\/a> to keep in mind.<\/p>\n\n\n\n<h3 class=\"wp-block-heading p2\">Alguns outros fatores cr\u00edticos de sucesso incluem:<\/h3>\n\n\n\n<p>1. Obten\u00e7\u00e3o de financiamento<\/p>\n\n\n\n<p>2. Melhorar e crescer<\/p>\n\n\n\n<p>3. Ficar dentro do or\u00e7amento<\/p>\n\n\n\n<p>4. Ter um engenheiro de design<\/p>\n\n\n\n<p>5. Construindo a confian\u00e7a do cliente<\/p>\n\n\n\n<h2 class=\"wp-block-heading p1\">Perspectivas futuras da pesquisa de mercado de semicondutores<\/h2>\n\n\n\n<p class=\"p3\">A ind\u00fastria de semicondutores est\u00e1 passando por uma enorme mudan\u00e7a na demanda por dispositivos IoT. Para capitalizar esta tend\u00eancia, as empresas est\u00e3o a desenvolver chips mais pequenos, mais r\u00e1pidos e mais eficientes em termos energ\u00e9ticos, que podem alimentar estes dispositivos futuristas. Este desenvolvimento promete impulsionar o crescimento do sector nos pr\u00f3ximos anos.<\/p>\n\n\n\n<p class=\"p3\">Al\u00e9m disso, a utiliza\u00e7\u00e3o acelerada da intelig\u00eancia artificial e da aprendizagem autom\u00e1tica abrir\u00e1 um mundo de possibilidades para a ind\u00fastria de semicondutores. Para processar enormes conjuntos de dados em tempo real com alta precis\u00e3o, essas tecnologias contam com semicondutores de \u00faltima gera\u00e7\u00e3o. Al\u00e9m disso, prev\u00ea-se que materiais de ponta, como o nitreto de g\u00e1lio e o carboneto de sil\u00edcio, impulsionem um maior crescimento neste setor, uma vez que proporcionam desempenho e efici\u00eancia energ\u00e9tica superiores aos dos componentes tradicionais.<\/p>\n\n\n\n<h2 class=\"wp-block-heading\">Sobre pesquisa de mercado de semicondutores<\/h2>\n\n\n\n<p class=\"p2\">Are you looking to invest in Semiconductors but don\u2019t know how to go about doing Market Research? We can help with your first step of investing in this sector. <a href=\"https:\/\/www.sisinternational.com\/pt\/entre-em-contato-com-a-sis-international-market-research\/\" title=\"Contate-nos\"  data-wpil-monitor-id=\"11175\">A SIS International Research<\/a> offers Quantitative and Qualitative Research coupled with Strategy Research. We <a href=\"https:\/\/www.sisinternational.com\/pt\/solucoes\/grupos-de-foco\/recrutamento-de-grupos-focais-on-line\/\" title=\"Recrutamento de grupos focais on-line\"  data-wpil-monitor-id=\"11176\">recruit Focus Groups<\/a> to gain public opinion and worries about a product. We also do Interviews and Surveys. Contact us today!<\/p>\n\n\n\n<p><\/p>","protected":false},"excerpt":{"rendered":"<p>A SIS \u00e9 uma empresa global de pesquisa de mercado e consultoria estrat\u00e9gica. Expanda seus neg\u00f3cios com pesquisa de mercado de semicondutores. <\/p>","protected":false},"author":1,"featured_media":64529,"parent":14514,"menu_order":78,"comment_status":"closed","ping_status":"closed","template":"","meta":{"footnotes":""},"class_list":["post-39093","page","type-page","status-publish","has-post-thumbnail"],"_links":{"self":[{"href":"https:\/\/www.sisinternational.com\/pt\/wp-json\/wp\/v2\/pages\/39093","targetHints":{"allow":["GET"]}}],"collection":[{"href":"https:\/\/www.sisinternational.com\/pt\/wp-json\/wp\/v2\/pages"}],"about":[{"href":"https:\/\/www.sisinternational.com\/pt\/wp-json\/wp\/v2\/types\/page"}],"author":[{"embeddable":true,"href":"https:\/\/www.sisinternational.com\/pt\/wp-json\/wp\/v2\/users\/1"}],"replies":[{"embeddable":true,"href":"https:\/\/www.sisinternational.com\/pt\/wp-json\/wp\/v2\/comments?post=39093"}],"version-history":[{"count":6,"href":"https:\/\/www.sisinternational.com\/pt\/wp-json\/wp\/v2\/pages\/39093\/revisions"}],"predecessor-version":[{"id":81826,"href":"https:\/\/www.sisinternational.com\/pt\/wp-json\/wp\/v2\/pages\/39093\/revisions\/81826"}],"up":[{"embeddable":true,"href":"https:\/\/www.sisinternational.com\/pt\/wp-json\/wp\/v2\/pages\/14514"}],"wp:featuredmedia":[{"embeddable":true,"href":"https:\/\/www.sisinternational.com\/pt\/wp-json\/wp\/v2\/media\/64529"}],"wp:attachment":[{"href":"https:\/\/www.sisinternational.com\/pt\/wp-json\/wp\/v2\/media?parent=39093"}],"curies":[{"name":"wp","href":"https:\/\/api.w.org\/{rel}","templated":true}]}}