{"id":39077,"date":"2021-10-20T18:59:39","date_gmt":"2021-10-20T18:59:39","guid":{"rendered":"https:\/\/www.sisinternational.com\/?page_id=39077"},"modified":"2025-10-22T19:40:18","modified_gmt":"2025-10-22T23:40:18","slug":"analise-de-diferenca-maxima","status":"publish","type":"page","link":"https:\/\/www.sisinternational.com\/pt\/solucoes\/solucoes-de-pesquisa-quantitativa-qualitativa\/analise-de-diferenca-maxima\/","title":{"rendered":"An\u00e1lise Maxdiff"},"content":{"rendered":"<h1 class=\"wp-block-heading\">An\u00e1lise Maxdiff<\/h1>\n\n\n\n<figure class=\"gb-block-image gb-block-image-fa50b16a\"><img loading=\"lazy\" decoding=\"async\" width=\"1456\" height=\"816\" class=\"gb-image gb-image-fa50b16a\" src=\"https:\/\/www.sisinternational.com\/wp-content\/uploads\/2025\/10\/analysis-analytics-research-10.jpg\" alt=\"Pesquisa e Estrat\u00e9gia de Mercado Internacional da SIS\" title=\"analysis analytics research (10)\" srcset=\"https:\/\/www.sisinternational.com\/wp-content\/uploads\/2025\/10\/analysis-analytics-research-10.jpg 1456w, https:\/\/www.sisinternational.com\/wp-content\/uploads\/2025\/10\/analysis-analytics-research-10-300x168.jpg 300w, https:\/\/www.sisinternational.com\/wp-content\/uploads\/2025\/10\/analysis-analytics-research-10-1024x574.jpg 1024w, https:\/\/www.sisinternational.com\/wp-content\/uploads\/2025\/10\/analysis-analytics-research-10-768x430.jpg 768w, https:\/\/www.sisinternational.com\/wp-content\/uploads\/2025\/10\/analysis-analytics-research-10-18x10.jpg 18w\" sizes=\"auto, (max-width: 1456px) 100vw, 1456px\"><\/figure>\n\n\n\n<p><\/p>\n\n\n\n<h2 class=\"wp-block-heading p1\">A An\u00e1lise Maxdiff \u00e9 um m\u00e9todo de escalonamento usado para registrar o feedback da pesquisa.<\/h2>\n\n\n\n<p class=\"p1\">It also measures preference scores and values that customers put on a list of items. The Maxdiff Analysis is very much like the Conjoint Analysis. But it is much easier to use. It\u2019s also more precise than Conjoint when it comes to analyzing essential information. This method shows participants the best and worst options in a list of items. Companies use it to see the traits that customers find most important. They can then adjust their <a href=\"https:\/\/www.sisinternational.com\/pt\/solucoes\/teste-de-sabor\/servicos-de-teste-de-produtos-em-nova-york\/\" title=\"Servi\u00e7os de teste de produtos em Nova York\"  data-wpil-monitor-id=\"7827\">products or services<\/a> to suit.<\/p>\n\n\n\n<h2 class=\"wp-block-heading\">Por que a an\u00e1lise Maxdiff \u00e9 importante?<\/h2>\n\n\n\n<p class=\"p1\">Maxdiff analysis is a tremendous aid to researchers. They use this method to find features that suit customers\u2019 choices. <a href=\"https:\/\/www.sisinternational.com\/pt\/solucoes\/empresa-de-pesquisa-de-mercado-por-amostragem-de-pesquisa-on-line\/\" title=\"Empresa de pesquisa de mercado de amostragem de pesquisa on-line\"  data-wpil-monitor-id=\"7826\">Companies create surveys<\/a> to see the most chosen things by customers. Also, to know the things that will make a difference in their business.<\/p>\n\n\n\n<p class=\"p1\">Os departamentos de marketing, por exemplo, no setor de turismo, utilizam muito o Maxdiff. Este m\u00e9todo pode ajudar a comparar as peculiaridades de dois lugares. Pode ent\u00e3o restringir a tomada de decis\u00f5es com base no or\u00e7amento fornecido. Por exemplo, pode oferecer op\u00e7\u00f5es quanto ao n\u00edvel de luxo, gastronomia e se o visitante deseja conhecer a vida selvagem local. Eles tamb\u00e9m podem decidir sobre vida noturna, praias e atividades culturais para sua viagem. A partir da\u00ed, eles podem comparar as op\u00e7\u00f5es e escolher uma.<\/p>\n\n\n\n<h2 class=\"wp-block-heading\">Principais cargos<\/h2>\n\n\n\n<p class=\"p2\">No marketing, esta an\u00e1lise desempenha o papel de alavanca. Ajuda os pesquisadores de mercado a obter uma classifica\u00e7\u00e3o para todas as diferentes op\u00e7\u00f5es apresentadas. Essas pontua\u00e7\u00f5es ajudam no gerenciamento do or\u00e7amento. Tamb\u00e9m ajuda a descobrir o que os clientes mais e menos gostam.<span class=\"Apple-converted-space\">&nbsp;<\/span><\/p>\n\n\n\n<p class=\"p2\">The Maxdiff analysis makes specific hunches about how people make their choices, which is very useful for the marketing industry. By using this method, businesses can make profits. Why? Because they spend time focusing on the things the customers want and need instead of stocking up on items people do not want. After gaining this type of information, it\u2019s easier to <a href=\"https:\/\/www.sisinternational.com\/pt\/solucoes\/legal-market-research\/escritorio-de-advocacia-gasta-pesquisa-de-mercado-de-gestao\/\" title=\"Pesquisa de mercado de gerenciamento de gastos de escrit\u00f3rios de advocacia\"  data-wpil-monitor-id=\"7825\">manage their spending<\/a>. Profits will rise, and market researchers can then move to find new bestsellers.<\/p>\n\n\n\n<h2 class=\"wp-block-heading\">Por que as empresas precisam da an\u00e1lise Maxdiff<\/h2>\n\n\n\n<p class=\"p2\">The Maxdiff analysis shows preferences. Likewise, businesses can use it to make final choices in different areas. It also helps to focus on essential areas. Also, it makes the most of the budget by evaluating the answers collected from the surveys. This process then allows the company to make the best choices for itself. Other survey types like rank order, matrix, and rating scales lack this ability. That\u2019s why this <a href=\"https:\/\/www.sisinternational.com\/pt\/quantitative-market-research-methods-and-techniques\/\" title=\"Quantitative Market Research Methods and Techniques\"  data-wpil-monitor-id=\"7823\">method is an excellent research<\/a> tool.<\/p>\n\n\n\n<p class=\"p2\">Este m\u00e9todo \u00e9 mais \u00fatil em dados de prefer\u00eancia de n\u00edvel \u00fanico. \u00c9 conveniente quando as empresas precisam fazer escolhas importantes, como o tipo de refrigerante mais popular. Assim, Maxdiff d\u00e1 aos clientes uma palavra a dizer sobre quais produtos permanecem na prateleira e quais s\u00e3o cortados.<\/p>\n\n\n\n<p class=\"p2\">Conjoint analysis is the opposite of this data collection method. For instance, it comes in handy when collecting many different levels of choices.<\/p>\n\n\n\n<h2 class=\"wp-block-heading\">Principais fatores de sucesso<\/h2>\n\n\n\n<p class=\"p2\">O uso deste m\u00e9todo fornece classifica\u00e7\u00f5es importantes para cada item. Tamb\u00e9m pode mostrar qu\u00e3o vitais esses produtos s\u00e3o em rela\u00e7\u00e3o uns aos outros. Os principais benef\u00edcios de usar Maxdiff s\u00e3o:<\/p>\n\n\n\n<p class=\"p2\">1. Julgamento forte<\/p>\n\n\n\n<p class=\"p2\">2. \u00c9 f\u00e1cil obter respostas<\/p>\n\n\n\n<p class=\"p2\">3. Allows the <a href=\"https:\/\/www.sisinternational.com\/pt\/solucoes\/solucoes-de-branding-e-pesquisa-de-clientes\/pesquisa-de-mercado-para-testes-de-produtos\/new-product-concept-testing-methods\/\" title=\"New Product Concept Testing Methods\"  data-wpil-monitor-id=\"7828\">testando<\/a> of more items than with other methods<\/p>\n\n\n\n<p class=\"p2\">4. Fornece dados de propor\u00e7\u00e3o e mede todas as diferen\u00e7as<\/p>\n\n\n\n<p class=\"p2\">5. Sem limites<\/p>\n\n\n\n<p class=\"p2\">Ele n\u00e3o s\u00f3 pode fazer todas essas coisas e gerenciar pontua\u00e7\u00f5es, mas tamb\u00e9m tem outras vantagens, como TURF (Total Unduplicated Reach and Frequency). A TURF pode dizer quais dos dados provavelmente cobrir\u00e3o uma parte significativa do seu alvo.<\/p>\n\n\n\n<h2 class=\"wp-block-heading\">Sobre a Pesquisa de Mercado Maxdiff<\/h2>\n\n\n\n<p class=\"p2\">If your company is thinking of using this method of analysis, then you\u2019ve come to the right place. We have created focus groups to help in this area, and also in survey making and interviews. This company also does strategic, quantitative, and <a href=\"https:\/\/www.sisinternational.com\/pt\/empresa-lider-global-em-pesquisa-qualitativa\/\" title=\"Empresa l\u00edder global em pesquisa qualitativa\"  data-wpil-monitor-id=\"7820\">qualitative research for companies<\/a> we support. We can give you the tools to make the best decisions to improve your company. We are always willing to assist in growing new companies. So please feel free to contact us.<\/p>\n\n\n\n<p><\/p>","protected":false},"excerpt":{"rendered":"<p>A An\u00e1lise Maxdiff \u00e9 um m\u00e9todo de escalonamento usado para registrar o feedback da pesquisa. Tamb\u00e9m mede pontua\u00e7\u00f5es de prefer\u00eancia e valores que os clientes colocam em uma lista de itens.<\/p>","protected":false},"author":1,"featured_media":71908,"parent":14660,"menu_order":20,"comment_status":"closed","ping_status":"closed","template":"","meta":{"footnotes":""},"class_list":["post-39077","page","type-page","status-publish","has-post-thumbnail"],"_links":{"self":[{"href":"https:\/\/www.sisinternational.com\/pt\/wp-json\/wp\/v2\/pages\/39077","targetHints":{"allow":["GET"]}}],"collection":[{"href":"https:\/\/www.sisinternational.com\/pt\/wp-json\/wp\/v2\/pages"}],"about":[{"href":"https:\/\/www.sisinternational.com\/pt\/wp-json\/wp\/v2\/types\/page"}],"author":[{"embeddable":true,"href":"https:\/\/www.sisinternational.com\/pt\/wp-json\/wp\/v2\/users\/1"}],"replies":[{"embeddable":true,"href":"https:\/\/www.sisinternational.com\/pt\/wp-json\/wp\/v2\/comments?post=39077"}],"version-history":[{"count":5,"href":"https:\/\/www.sisinternational.com\/pt\/wp-json\/wp\/v2\/pages\/39077\/revisions"}],"predecessor-version":[{"id":81320,"href":"https:\/\/www.sisinternational.com\/pt\/wp-json\/wp\/v2\/pages\/39077\/revisions\/81320"}],"up":[{"embeddable":true,"href":"https:\/\/www.sisinternational.com\/pt\/wp-json\/wp\/v2\/pages\/14660"}],"wp:featuredmedia":[{"embeddable":true,"href":"https:\/\/www.sisinternational.com\/pt\/wp-json\/wp\/v2\/media\/71908"}],"wp:attachment":[{"href":"https:\/\/www.sisinternational.com\/pt\/wp-json\/wp\/v2\/media?parent=39077"}],"curies":[{"name":"wp","href":"https:\/\/api.w.org\/{rel}","templated":true}]}}