{"id":39071,"date":"2021-10-20T18:58:32","date_gmt":"2021-10-20T18:58:32","guid":{"rendered":"https:\/\/www.sisinternational.com\/?page_id=39071"},"modified":"2026-01-25T18:22:02","modified_gmt":"2026-01-25T23:22:02","slug":"pesquisa-de-mercado-de-previsao-de-demanda","status":"publish","type":"page","link":"https:\/\/www.sisinternational.com\/pt\/solucoes\/consultoria-estrategica\/pesquisa-de-mercado-de-previsao-de-demanda\/","title":{"rendered":"Demand Forecasting Market Consulting"},"content":{"rendered":"<h1 class=\"wp-block-heading\">Demand Forecasting Market Consulting<\/h1>\n\n\n\n<p><\/p>\n\n\n\n<figure class=\"gb-block-image gb-block-image-4b7ab4e9\"><img loading=\"lazy\" decoding=\"async\" width=\"1456\" height=\"816\" class=\"gb-image gb-image-4b7ab4e9\" src=\"https:\/\/www.sisinternational.com\/wp-content\/uploads\/2025\/08\/Creativity-5.jpg\" alt=\"Pesquisa e Estrat\u00e9gia de Mercado Internacional da SIS\" title=\"Creativity (5)\" srcset=\"https:\/\/www.sisinternational.com\/wp-content\/uploads\/2025\/08\/Creativity-5.jpg 1456w, https:\/\/www.sisinternational.com\/wp-content\/uploads\/2025\/08\/Creativity-5-300x168.jpg 300w, https:\/\/www.sisinternational.com\/wp-content\/uploads\/2025\/08\/Creativity-5-1024x574.jpg 1024w, https:\/\/www.sisinternational.com\/wp-content\/uploads\/2025\/08\/Creativity-5-768x430.jpg 768w, https:\/\/www.sisinternational.com\/wp-content\/uploads\/2025\/08\/Creativity-5-18x10.jpg 18w\" sizes=\"auto, (max-width: 1456px) 100vw, 1456px\"><\/figure>\n\n\n\n<p><\/p>\n\n\n\n<p class=\"p1\">Demand Forecasting is the process of analyzing data in detail. The forecaster then uses it to predict customers\u2019 future wants for a product or service. This method has many different areas. Each varies from the other. Thus, the forecaster has to choose which one is best. The <a href=\"https:\/\/www.sisinternational.com\/pt\/solucoes\/solucoes-de-pesquisa-quantitativa-qualitativa\/demand-forecasting-best-practices\/\" title=\"Demand Forecasting Best Practices\"  data-wpil-monitor-id=\"1638\">forecasting of customers\u2019 demands<\/a> helps companies make good decisions. These types of decisions will grow future sales and revenues.<\/p>\n\n\n\n<p class=\"p1\">Demand refers to what goods or services customers want. In other words, it shows how willing customers are to buy things at a given price. <a href=\"https:\/\/www.sisinternational.com\/pt\/solucoes\/pesquisa-de-mercado-de-vendas-corporativas-b2b\/\" title=\"Pesquisa de mercado de vendas corporativas B2B\"  data-wpil-monitor-id=\"11169\">Sales and marketing<\/a> departments usually do the forecasting. Product managers may also do it. These <a href=\"https:\/\/www.sisinternational.com\/pt\/pericia\/industrias\/pesquisa-de-mercado-sobre-povos-indigenas\/\" title=\"Pesquisa de mercado de povos ind\u00edgenas\"  data-wpil-monitor-id=\"11167\">people have the best understanding of marketing<\/a> demands and customer behavior. Hence the company trusts them to make choices that will <a href=\"https:\/\/www.sisinternational.com\/pt\/publicacoes\/pesquisa-de-mercado-de-negocios-escalaveis-7-maneiras-de-construir-um-negocio-escalavel\/\" title=\"Pesquisa de mercado de neg\u00f3cios escal\u00e1veis: 7 maneiras de construir um neg\u00f3cio escal\u00e1vel\"  data-wpil-monitor-id=\"11173\">build the business<\/a> in the end. If they fail and make a wrong decision, the company\u2019s revenues will drop, causing losses.<\/p>\n\n\n\n<h2 class=\"wp-block-heading\">Por que a previs\u00e3o de demanda \u00e9 importante?<\/h2>\n\n\n\n<p class=\"p1\">A previs\u00e3o da demanda \u00e9 cr\u00edtica nas vendas. Permite \u00e0 empresa definir os pre\u00e7os e n\u00edveis de estoque corretos. Tamb\u00e9m ajuda a empresa a entender como expandir projetos futuros. Uma previs\u00e3o deficiente pode levar a perdas de vendas e quedas de estoque, sem falar em clientes insatisfeitos e perda de receitas.<\/p>\n\n\n\n<p class=\"p1\">Demand has a very valued bond with supply. Together they both determine prices and the bulk of goods and <a href=\"https:\/\/www.sisinternational.com\/pt\/solucoes\/pesquisa-de-consultoria-em-estrategia-fintech\/pesquisa-de-mercado-de-servicos-financeiros\/\" title=\"Pesquisa de mercado de servi\u00e7os financeiros\"  data-wpil-monitor-id=\"11168\">services in a market<\/a> base. This bond with demand and supply keeps a balance between goods and services. It is the basis of marketing.<\/p>\n\n\n\n<h2 class=\"wp-block-heading\">Principais cargos<\/h2>\n\n\n\n<p class=\"p1\"><a href=\"https:\/\/www.sisinternational.com\/pt\/pericia\/curriculos-de-experiencia\/pesquisa-de-mercado-de-produtos-de-higiene-pessoal\/\" title=\"Pesquisa de mercado de produtos de cuidados pessoais\"  data-wpil-monitor-id=\"11171\">Persons working in marketing<\/a> rely on demand forecasting. This metric shows many things, such as what sales can achieve. So, to clarify, the sales department makes decisions based on <a href=\"https:\/\/www.sisinternational.com\/pt\/solucoes\/consultoria-estrategica\/analise-de-dados\/\" title=\"Empresa de an\u00e1lise de dados\"  data-wpil-monitor-id=\"11174\">data<\/a> they have for the better of the company. These decisions set a new base for the company, to say nothing of drawing in new customers.<\/p>\n\n\n\n<p class=\"p1\">As previs\u00f5es feitas por esses departamentos garantem que o futuro continue tranquilo. Essas previs\u00f5es tamb\u00e9m devem ser lucrativas para o neg\u00f3cio. Al\u00e9m disso, saber o que o futuro reserva torna mais f\u00e1cil enfrentar os problemas com facilidade.<\/p>\n\n\n\n<h2 class=\"wp-block-heading\">Por que as empresas precisam de previs\u00e3o de demanda<\/h2>\n\n\n\n<figure class=\"gb-block-image gb-block-image-2ba65b91\"><img loading=\"lazy\" decoding=\"async\" width=\"1456\" height=\"816\" class=\"gb-image gb-image-2ba65b91\" src=\"https:\/\/www.sisinternational.com\/wp-content\/uploads\/2025\/08\/Business-24.jpg\" alt=\"Pesquisa e Estrat\u00e9gia de Mercado Internacional da SIS\" title=\"Business (24)\" srcset=\"https:\/\/www.sisinternational.com\/wp-content\/uploads\/2025\/08\/Business-24.jpg 1456w, https:\/\/www.sisinternational.com\/wp-content\/uploads\/2025\/08\/Business-24-300x168.jpg 300w, https:\/\/www.sisinternational.com\/wp-content\/uploads\/2025\/08\/Business-24-1024x574.jpg 1024w, https:\/\/www.sisinternational.com\/wp-content\/uploads\/2025\/08\/Business-24-768x430.jpg 768w, https:\/\/www.sisinternational.com\/wp-content\/uploads\/2025\/08\/Business-24-18x10.jpg 18w\" sizes=\"auto, (max-width: 1456px) 100vw, 1456px\"><\/figure>\n\n\n\n<p><\/p>\n\n\n\n<p class=\"p1\"><a href=\"https:\/\/www.sisinternational.com\/pt\/white-paper-que-vem-primeiro-demanda-ou-oferta\/\" title=\"White Paper: O que vem primeiro: demanda ou oferta?\"  data-wpil-monitor-id=\"4789\">Demand Forecasting<\/a> helps companies make decisions from stock to supply. Expectations from customers change by the minute. Thus, businesses need a way to forecast demand. When <a href=\"https:\/\/www.sisinternational.com\/pt\/empresa-de-previsao-de-tendencias-da-industria-b2b\/\" title=\"Empresa de previs\u00e3o das principais tend\u00eancias da ind\u00fastria B2B\"  data-wpil-monitor-id=\"11170\">companies use forecasting<\/a>, managers can make choices for growth, which will increase their value in their current markets and others.<\/p>\n\n\n\n<p class=\"p1\">Primeiro, as empresas devem prever as vendas. Eles podem ent\u00e3o usar os dados rec\u00e9m-descobertos para ajudar no planejamento futuro. Uma boa compreens\u00e3o dos dados pode ajudar os gerentes a ver como ser\u00e3o as vendas em breve. Eles podem ent\u00e3o formar um plano para atender aos desejos de seus clientes.<\/p>\n\n\n\n<p class=\"p1\">Em cada neg\u00f3cio existe um capital definido. Se n\u00e3o gerir as \u00e1reas financeiras, poder\u00e1 sofrer excesso ou insufici\u00eancia de financiamento. Mas, quando tudo der certo, o neg\u00f3cio ganhar\u00e1 com isso.<\/p>\n\n\n\n<h3 class=\"wp-block-heading\">Principais fatores de sucesso<\/h3>\n\n\n\n<p class=\"p1\">O benef\u00edcio mais comum da previs\u00e3o de demanda s\u00e3o os clientes satisfeitos. Outro benef\u00edcio \u00e9 o aumento dos lucros. Outros seriam:<\/p>\n\n\n\n<p class=\"p1\">1. Redu\u00e7\u00e3o do estoque dispon\u00edvel<\/p>\n\n\n\n<p class=\"p1\">2. Melhorar os or\u00e7amentos<\/p>\n\n\n\n<p class=\"p1\">3. Melhor atendimento ao cliente<\/p>\n\n\n\n<p class=\"p1\">4. Melhorando os planos<\/p>\n\n\n\n<p class=\"p1\">5. Abrindo caminho para parcerias<\/p>\n\n\n\n<p class=\"p1\">6. Estimando as necessidades financeiras<\/p>\n\n\n\n<p class=\"p1\">Com todos esses fatores reunidos, as empresas podem estabelecer uma base para o planejamento. Esse tipo de planejamento garante o futuro do neg\u00f3cio. Segue o conceito de que quanto mais dados coletados, melhor ser\u00e1 a tomada de decis\u00e3o.<\/p>\n\n\n\n<h2 class=\"wp-block-heading\">Sobre pesquisa de previs\u00e3o de demanda<\/h2>\n\n\n\n<p class=\"p1\">Using a forecasting method has many benefits. It gains both profits and happy customers. If your company is willing to use this method, our business is here to help. We arrange focus groups to help with this and other areas as well. We also conduct Strategic, Quantitative, and Qualitative Research. Our team can help improve the choices you make in the company to increase profits. We are always ready and willing to help. So contact us today. Let\u2019s get started on <a href=\"https:\/\/www.sisinternational.com\/pt\/publicacoes\/exportacao-do-mercado-intermediario-do-japao\/\" title=\"Expandindo seus neg\u00f3cios no Jap\u00e3o\"  data-wpil-monitor-id=\"11172\">growing your business<\/a>.<\/p>\n\n\n\n<p><\/p>","protected":false},"excerpt":{"rendered":"<p>Previs\u00e3o de Demanda \u00e9 o processo de an\u00e1lise detalhada de dados. Os previsores usam-no para prever os desejos futuros dos clientes por um produto ou servi\u00e7o. O SIS fornece pesquisas extensas para ajudar a aumentar os lucros da sua empresa.<\/p>","protected":false},"author":1,"featured_media":62645,"parent":14567,"menu_order":15,"comment_status":"closed","ping_status":"closed","template":"","meta":{"footnotes":""},"class_list":["post-39071","page","type-page","status-publish","has-post-thumbnail"],"_links":{"self":[{"href":"https:\/\/www.sisinternational.com\/pt\/wp-json\/wp\/v2\/pages\/39071","targetHints":{"allow":["GET"]}}],"collection":[{"href":"https:\/\/www.sisinternational.com\/pt\/wp-json\/wp\/v2\/pages"}],"about":[{"href":"https:\/\/www.sisinternational.com\/pt\/wp-json\/wp\/v2\/types\/page"}],"author":[{"embeddable":true,"href":"https:\/\/www.sisinternational.com\/pt\/wp-json\/wp\/v2\/users\/1"}],"replies":[{"embeddable":true,"href":"https:\/\/www.sisinternational.com\/pt\/wp-json\/wp\/v2\/comments?post=39071"}],"version-history":[{"count":6,"href":"https:\/\/www.sisinternational.com\/pt\/wp-json\/wp\/v2\/pages\/39071\/revisions"}],"predecessor-version":[{"id":81824,"href":"https:\/\/www.sisinternational.com\/pt\/wp-json\/wp\/v2\/pages\/39071\/revisions\/81824"}],"up":[{"embeddable":true,"href":"https:\/\/www.sisinternational.com\/pt\/wp-json\/wp\/v2\/pages\/14567"}],"wp:featuredmedia":[{"embeddable":true,"href":"https:\/\/www.sisinternational.com\/pt\/wp-json\/wp\/v2\/media\/62645"}],"wp:attachment":[{"href":"https:\/\/www.sisinternational.com\/pt\/wp-json\/wp\/v2\/media?parent=39071"}],"curies":[{"name":"wp","href":"https:\/\/api.w.org\/{rel}","templated":true}]}}