{"id":38919,"date":"2021-09-25T02:39:15","date_gmt":"2021-09-25T02:39:15","guid":{"rendered":"https:\/\/www.sisinternational.com\/?page_id=38919"},"modified":"2026-04-01T17:25:12","modified_gmt":"2026-04-01T21:25:12","slug":"pesquisa-de-mercado-bulgaria","status":"publish","type":"page","link":"https:\/\/www.sisinternational.com\/pt\/cobertura\/europa\/pesquisa-de-mercado-bulgaria\/","title":{"rendered":"Pesquisa de mercado na Bulg\u00e1ria"},"content":{"rendered":"<h1 class=\"gb-headline gb-headline-bd43b33e gb-headline-text\">Pesquisa de mercado na Bulg\u00e1ria<\/h1>\n\n\n\n<figure class=\"gb-block-image gb-block-image-744902c4\"><img loading=\"lazy\" decoding=\"async\" width=\"1408\" height=\"768\" class=\"gb-image gb-image-744902c4\" src=\"https:\/\/www.sisinternational.com\/wp-content\/uploads\/2026\/04\/Bulgaria-1.jpg\" alt=\"Pesquisa e Estrat\u00e9gia de Mercado Internacional da SIS\" title=\"Bulgaria (1)\" srcset=\"https:\/\/www.sisinternational.com\/wp-content\/uploads\/2026\/04\/Bulgaria-1.jpg 1408w, https:\/\/www.sisinternational.com\/wp-content\/uploads\/2026\/04\/Bulgaria-1-300x164.jpg 300w, https:\/\/www.sisinternational.com\/wp-content\/uploads\/2026\/04\/Bulgaria-1-1024x559.jpg 1024w, https:\/\/www.sisinternational.com\/wp-content\/uploads\/2026\/04\/Bulgaria-1-768x419.jpg 768w, https:\/\/www.sisinternational.com\/wp-content\/uploads\/2026\/04\/Bulgaria-1-18x10.jpg 18w\" sizes=\"auto, (max-width: 1408px) 100vw, 1408px\"><\/figure>\n\n\n\n<h1 class=\"wp-block-heading\">&nbsp;<\/h1>\n\n\n\n<hr class=\"wp-block-separator has-alpha-channel-opacity is-style-dots\"\/>\n\n\n\n<p><span style=\"font-weight: 400;\">Comprehensive market research in Bulgaria can unveil critical insights that drive strategic business decisions. This diverse market, characterized by its distinct challenges and abundant opportunities, requires a deep understanding of business success.<\/span><\/p>\n\n\n\n<h2 class=\"wp-block-heading\"><strong>O que \u00e9 pesquisa de mercado na Bulg\u00e1ria?<\/strong><\/h2>\n\n\n\n<p><span style=\"font-weight: 400;\">A pesquisa de mercado na Bulg\u00e1ria proporciona \u00e0s empresas uma compreens\u00e3o abrangente do cen\u00e1rio econ\u00f3mico, dos comportamentos dos consumidores e da din\u00e2mica competitiva espec\u00edfica da Bulg\u00e1ria.&nbsp;<\/span><\/p>\n\n\n\n<h2 class=\"wp-block-heading\"><strong>Por que as empresas precisam de pesquisas de mercado na Bulg\u00e1ria?<\/strong><\/h2>\n\n\n\n<p><span style=\"font-weight: 400;\">A pesquisa de mercado na Bulg\u00e1ria ajuda as empresas a navegar pelas complexidades do ambiente empresarial local e a tomar decis\u00f5es informadas. Isto \u00e9 particularmente importante na Bulg\u00e1ria, onde as condi\u00e7\u00f5es econ\u00f3micas e os comportamentos dos consumidores podem diferir significativamente de outras regi\u00f5es.<\/span><\/p>\n\n\n\n<p><span style=\"font-weight: 400;\">As empresas precisam de estudos de mercado na Bulg\u00e1ria para identificar e compreender o seu p\u00fablico-alvo. Ao compreender o que impulsiona as decis\u00f5es dos consumidores, as empresas podem adaptar os seus produtos e servi\u00e7os para satisfazer eficazmente as exig\u00eancias locais.<\/span><\/p>\n\n\n\n<p><span style=\"font-weight: 400;\">Al\u00e9m disso, a pesquisa de mercado na Bulg\u00e1ria fornece informa\u00e7\u00f5es cr\u00edticas sobre o cen\u00e1rio competitivo. As empresas podem analisar os pontos fortes e fracos dos seus concorrentes, identificar lacunas de mercado e desenvolver estrat\u00e9gias para se diferenciarem. Esse conhecimento \u00e9 inestim\u00e1vel para criar uma proposta de valor \u00fanica e obter uma vantagem competitiva.<\/span><\/p>\n\n\n\n<h2 class=\"wp-block-heading\"><strong>Resultados esperados da pesquisa de mercado da SIS na Bulg\u00e1ria<\/strong><\/h2>\n\n\n\n<figure class=\"gb-block-image gb-block-image-0c82cda1\"><img loading=\"lazy\" decoding=\"async\" width=\"1456\" height=\"816\" class=\"gb-image gb-image-0c82cda1\" src=\"https:\/\/www.sisinternational.com\/wp-content\/uploads\/2025\/09\/Bulgaria-3.jpg\" alt=\"Pesquisa e Estrat\u00e9gia de Mercado Internacional da SIS\" title=\"Bulgaria (3)\" srcset=\"https:\/\/www.sisinternational.com\/wp-content\/uploads\/2025\/09\/Bulgaria-3.jpg 1456w, https:\/\/www.sisinternational.com\/wp-content\/uploads\/2025\/09\/Bulgaria-3-300x168.jpg 300w, https:\/\/www.sisinternational.com\/wp-content\/uploads\/2025\/09\/Bulgaria-3-1024x574.jpg 1024w, https:\/\/www.sisinternational.com\/wp-content\/uploads\/2025\/09\/Bulgaria-3-768x430.jpg 768w, https:\/\/www.sisinternational.com\/wp-content\/uploads\/2025\/09\/Bulgaria-3-18x10.jpg 18w\" sizes=\"auto, (max-width: 1456px) 100vw, 1456px\"><\/figure>\n\n\n\n<p><\/p>\n\n\n\n<p><b>Maior conhecimento do mercado<\/b><span style=\"font-weight: 400;\">:&nbsp;<\/span><\/p>\n\n\n\n<p><span style=\"font-weight: 400;\">A SIS International proporciona \u00e0s empresas um conhecimento profundo do panorama do mercado da Bulg\u00e1ria. Este conhecimento permite \u00e0s empresas tomar decis\u00f5es informadas, alinhar as suas estrat\u00e9gias com as condi\u00e7\u00f5es do mercado e identificar oportunidades de crescimento.<\/span><\/p>\n\n\n\n<p><b>Planejamento Estrat\u00e9gico Aprimorado<\/b><span style=\"font-weight: 400;\">:&nbsp;<\/span><\/p>\n\n\n\n<p><span style=\"font-weight: 400;\">We help businesses develop robust strategic plans crucial for achieving long-term success and sustainable growth in Bulgaria.<\/span><\/p>\n\n\n\n<p><b>Campanhas de marketing otimizadas<\/b><span style=\"font-weight: 400;\">:&nbsp;<\/span><\/p>\n\n\n\n<p><span style=\"font-weight: 400;\">As empresas podem criar campanhas de marketing direcionadas com insights detalhados do consumidor que repercutam em seu p\u00fablico. Isso leva a um maior engajamento, maior fidelidade \u00e0 marca e aumento de vendas.<\/span><\/p>\n\n\n\n<p><b>Aumento do ROI<\/b><span style=\"font-weight: 400;\">:&nbsp;<\/span><\/p>\n\n\n\n<p><span style=\"font-weight: 400;\">A pesquisa de mercado da SIS ajuda as empresas a maximizar o retorno do investimento, identificando os segmentos e oportunidades de mercado mais promissores. Ao fazer isso, as empresas podem alocar recursos de forma mais eficiente e alcan\u00e7ar melhores resultados.<\/span><\/p>\n\n\n\n<h2 class=\"wp-block-heading p3\">Bairros<\/h2>\n\n\n\n<p class=\"p2\">Sofia is the biggest and capital city in the world. It has some of the country\u2019s best attractions, such as the Saint Sofia Church and underground museum. Sofia is also home to the National History Museum, which displays famous gold treasures worldwide.<\/p>\n\n\n\n<p class=\"p2\">Outro ponto chave desta cidade \u00e9 que ela fica aos p\u00e9s da montanha Vitosha. Vitosha \u00e9 um ponto de encontro para entusiastas de caminhadas e esqui.<\/p>\n\n\n\n<p class=\"p2\">Plovdiv \u00e9 outra cidade antiga e conhecida do sul. Sempre atraiu visitantes devido \u00e0 sua ampla gama de atividades.<\/p>\n\n\n\n<h2 class=\"wp-block-heading\"><strong>Principais atra\u00e7\u00f5es tur\u00edsticas da Bulg\u00e1ria<\/strong><\/h2>\n\n\n\n<p><span style=\"font-weight: 400;\">Bulgaria has many tourist attractions that draw visitors from around the world. Understanding these attractions is crucial for tourism businesses to tailor their services and marketing strategies.<\/span><\/p>\n\n\n\n<ul class=\"wp-block-list\">\n<li><b>Sofia<\/b><span style=\"font-weight: 400;\">: A capital oferece uma mistura de atra\u00e7\u00f5es modernas e hist\u00f3ricas, incluindo a Catedral Alexander Nevsky, o Boulevard Vitosha e o Pal\u00e1cio Nacional da Cultura.<\/span><\/li>\n\n\n\n<li><b>Plovdiv<\/b><span style=\"font-weight: 400;\">: Plovdiv \u00e9 um centro cultural que atrai turistas com sua rica hist\u00f3ria e vibrante cen\u00e1rio art\u00edstico.<\/span><\/li>\n\n\n\n<li><b>Varna<\/b><span style=\"font-weight: 400;\">: Varna \u00e9 um destino popular de ver\u00e3o com atra\u00e7\u00f5es como o Sea Garden, o Museu Arqueol\u00f3gico de Varna e o Dolphinarium.<\/span><\/li>\n\n\n\n<li><b>Mosteiro de Rila<\/b><span style=\"font-weight: 400;\">: Este Patrim\u00f4nio Mundial da UNESCO \u00e9 um importante marco cultural e religioso, conhecido por sua arquitetura deslumbrante e significado hist\u00f3rico.<\/span><\/li>\n\n\n\n<li><b>Bansko<\/b><span style=\"font-weight: 400;\">: Uma importante esta\u00e7\u00e3o de esqui nas montanhas Pirin, Bansko oferece excelentes oportunidades de esqui e snowboard, atraindo entusiastas de esportes de inverno em todo o mundo.<\/span><\/li>\n\n\n\n<li><b>Veliko Tarnovo<\/b><span style=\"font-weight: 400;\">: Veliko Tarnovo apresenta atra\u00e7\u00f5es como a Fortaleza Tsarevets e a pitoresca vila de Arbanasi.<\/span><\/li>\n\n\n\n<li><b>Nessebar<\/b><span style=\"font-weight: 400;\">: Esta antiga cidade na costa do Mar Negro \u00e9 outro Patrim\u00f4nio Mundial da UNESCO, famosa por seus edif\u00edcios medievais bem preservados e belas praias.<\/span><\/li>\n<\/ul>\n\n\n\n<h2 class=\"wp-block-heading\"><strong>Principais ind\u00fastrias na Bulg\u00e1ria<\/strong><\/h2>\n\n\n\n<p><span style=\"font-weight: 400;\">Bulgaria is home to several key industries that drive its economy and offer substantial opportunities for <a href=\"https:\/\/www.sisinternational.com\/pt\/pericia\/industrias\/pesquisa-de-mercado-de-eletrodomesticos\/\" title=\"Pesquisa de mercado de eletrodom\u00e9sticos\" data-wpil-monitor-id=\"6608\">market<\/a> research. <\/span><b>Agricultura<\/b><span style=\"font-weight: 400;\"> continua a ser um setor significativo, com empresas como a Vinprom Peshtera e a Agria Group Holding liderando a produ\u00e7\u00e3o de produtos agr\u00edcolas, incluindo vinho e cereais.&nbsp;<\/span><\/p>\n\n\n\n<p><span style=\"font-weight: 400;\">O <\/span><b>ind\u00fastria de transforma\u00e7\u00e3o<\/b><span style=\"font-weight: 400;\"> tamb\u00e9m \u00e9 vital, especialmente em pe\u00e7as automotivas, m\u00e1quinas e eletr\u00f4nicos. Empresas como Sensata Technologies e Melexis s\u00e3o atores-chave neste setor. A pesquisa de mercado ajuda essas empresas a otimizar processos de produ\u00e7\u00e3o, reduzir custos e inovar para permanecerem competitivas.<\/span><\/p>\n\n\n\n<p><span style=\"font-weight: 400;\">O <\/span><b>setor de tecnologia da informa\u00e7\u00e3o<\/b><span style=\"font-weight: 400;\"> est\u00e1 crescendo rapidamente, impulsionado por empresas como Telerik e Musala Soft. Este setor beneficia imensamente de pesquisas de mercado que identificam tend\u00eancias tecnol\u00f3gicas, necessidades dos consumidores e \u00e1reas potenciais para inova\u00e7\u00e3o.<\/span><\/p>\n\n\n\n<p><b>Turismo <\/b><span style=\"font-weight: 400;\">\u00e9 outro setor importante, com o rico patrim\u00f3nio cultural e a beleza natural da Bulg\u00e1ria atraindo visitantes de todo o mundo. Empresas como Albena AD e Solvex utilizam pesquisas de mercado para aprimorar seus servi\u00e7os e atrair mais turistas.<\/span><\/p>\n\n\n\n<p><span style=\"font-weight: 400;\">O <\/span><b>setor de energia<\/b><span style=\"font-weight: 400;\"> also plays a crucial role in Bulgaria\u2019s economy. Companies such as Bulgargaz and CEZ Group are prominent players. <a href=\"https:\/\/www.sisinternational.com\/pt\/perspectivas-sobre-veiculos-eletricos-2013\/\" title=\"Pesquisa de mercado de ve\u00edculos h\u00edbridos e el\u00e9tricos\" data-wpil-monitor-id=\"6631\">Market research helps understand energy<\/a> consumption patterns, regulatory changes, and opportunities for renewable energy development.<\/span><\/p>\n\n\n\n<h2 class=\"wp-block-heading p3\">Tend\u00eancias<\/h2>\n\n\n\n<p class=\"p2\">O pa\u00eds coloca muitos esfor\u00e7os nos setores de constru\u00e7\u00e3o, minera\u00e7\u00e3o, servi\u00e7os e agricultura. A recente recess\u00e3o na economia global p\u00f4s fim a um per\u00edodo de enorme crescimento econ\u00f3mico para a Bulg\u00e1ria.<\/p>\n\n\n\n<p class=\"p2\">O pa\u00eds tem uma for\u00e7a de trabalho bem qualificada. Apesar dos seus n\u00fameros, continua a ser um dos pa\u00edses mais pobres da UE. Embora o pa\u00eds seja pobre, tem alguns milion\u00e1rios. Portanto, a economia n\u00e3o \u00e9 t\u00e3o sombria quanto pode parecer. Tem um excelente potencial de crescimento. Ainda assim, a Bulg\u00e1ria tem o sal\u00e1rio m\u00e9dio mais baixo da UE, com muitas pessoas a ganhar apenas $2 por hora.<\/p>\n\n\n\n<h2 class=\"wp-block-heading\"><strong>Oportunidades&nbsp;<\/strong><\/h2>\n\n\n\n<figure class=\"gb-block-image gb-block-image-4cbf26d6\"><img loading=\"lazy\" decoding=\"async\" width=\"1456\" height=\"816\" class=\"gb-image gb-image-4cbf26d6\" src=\"https:\/\/www.sisinternational.com\/wp-content\/uploads\/2025\/09\/Bulgaria-4.jpg\" alt=\"Pesquisa e Estrat\u00e9gia de Mercado Internacional da SIS\" title=\"Bulgaria (4)\" srcset=\"https:\/\/www.sisinternational.com\/wp-content\/uploads\/2025\/09\/Bulgaria-4.jpg 1456w, https:\/\/www.sisinternational.com\/wp-content\/uploads\/2025\/09\/Bulgaria-4-300x168.jpg 300w, https:\/\/www.sisinternational.com\/wp-content\/uploads\/2025\/09\/Bulgaria-4-1024x574.jpg 1024w, https:\/\/www.sisinternational.com\/wp-content\/uploads\/2025\/09\/Bulgaria-4-768x430.jpg 768w, https:\/\/www.sisinternational.com\/wp-content\/uploads\/2025\/09\/Bulgaria-4-18x10.jpg 18w\" sizes=\"auto, (max-width: 1456px) 100vw, 1456px\"><\/figure>\n\n\n\n<p><\/p>\n\n\n\n<p><span style=\"font-weight: 400;\">A pesquisa de mercado na Bulg\u00e1ria revela in\u00fameras oportunidades para empresas em v\u00e1rios setores.<\/span><\/p>\n\n\n\n<ul class=\"wp-block-list\">\n<li><b>Transforma\u00e7\u00e3o Digital<\/b><span style=\"font-weight: 400;\">: A crescente ado\u00e7\u00e3o de tecnologias digitais apresenta oportunidades para empresas de TI e startups oferecerem solu\u00e7\u00f5es inovadoras.<\/span><\/li>\n\n\n\n<li><b>Demanda do Consumidor por Qualidade<\/b><span style=\"font-weight: 400;\">: A crescente procura por produtos de alta qualidade permite que as empresas se diferenciem atrav\u00e9s da oferta de bens e servi\u00e7os de qualidade superior.<\/span><\/li>\n\n\n\n<li><b>Crescimento do Turismo<\/b><span style=\"font-weight: 400;\">: A ind\u00fastria do turismo em expans\u00e3o oferece \u00e0s empresas oportunidades para desenvolver novas atra\u00e7\u00f5es tur\u00edsticas, melhorar os servi\u00e7os existentes e promover o patrim\u00f3nio cultural.<\/span><\/li>\n\n\n\n<li><b>Inova\u00e7\u00e3o Agr\u00edcola<\/b><span style=\"font-weight: 400;\">: O setor agr\u00edcola apresenta oportunidades para as empresas introduzirem t\u00e9cnicas agr\u00edcolas modernas, melhorarem a qualidade dos produtos e explorarem novos mercados.<\/span><\/li>\n<\/ul>\n\n\n\n<h2 class=\"wp-block-heading\"><strong>Desafios&nbsp;<\/strong><\/h2>\n\n\n\n<p><span style=\"font-weight: 400;\">Embora existam in\u00fameras oportunidades, as empresas tamb\u00e9m devem enfrentar v\u00e1rios desafios ao realizar pesquisas de mercado na Bulg\u00e1ria.<\/span><\/p>\n\n\n\n<ul class=\"wp-block-list\">\n<li><b>Complexidades regulat\u00f3rias<\/b><span style=\"font-weight: 400;\">: Navegar no ambiente regulamentar da Bulg\u00e1ria pode ser um desafio. A pesquisa de mercado esclarece os requisitos de conformidade e ajuda as empresas a desenvolver estrat\u00e9gias para enfrentar os obst\u00e1culos regulat\u00f3rios.<\/span><\/li>\n\n\n\n<li><b>Diferen\u00e7as culturais<\/b><span style=\"font-weight: 400;\">: Compreender as nuances culturais locais \u00e9 essencial para o sucesso. A pesquisa de mercado fornece insights sobre prefer\u00eancias e comportamentos culturais, ajudando as empresas a adaptar suas ofertas de acordo.<\/span><\/li>\n\n\n\n<li><b>Limita\u00e7\u00f5es de infraestrutura<\/b><span style=\"font-weight: 400;\">: Embora melhore, a infraestrutura da Bulg\u00e1ria ainda apresenta desafios em determinadas \u00e1reas, afetando a log\u00edstica e a distribui\u00e7\u00e3o. A pesquisa de mercado ajuda as empresas a planejarem com efic\u00e1cia a supera\u00e7\u00e3o desses obst\u00e1culos.<\/span><\/li>\n<\/ul>\n\n\n\n<h2 class=\"wp-block-heading\"><strong>Perspectiva futura&nbsp;<\/strong><\/h2>\n\n\n\n<p><span style=\"font-weight: 400;\">A pesquisa de mercado na Bulg\u00e1ria oferece um futuro promissor para as empresas dispostas a investir na compreens\u00e3o da din\u00e2mica do mercado.<\/span><\/p>\n\n\n\n<ul class=\"wp-block-list\">\n<li><b>Avan\u00e7os tecnol\u00f3gicos<\/b><span style=\"font-weight: 400;\">: O crescimento cont\u00ednuo no setor tecnol\u00f3gico impulsionar\u00e1 a procura por m\u00e9todos inovadores de investiga\u00e7\u00e3o de mercado, incluindo IA e an\u00e1lise de big data.<\/span><\/li>\n\n\n\n<li><b>Crescimento econ\u00f4mico<\/b><span style=\"font-weight: 400;\">: O crescimento econ\u00f3mico constante da Bulg\u00e1ria proporcionar\u00e1 um ambiente est\u00e1vel para as empresas se expandirem e investirem.<\/span><\/li>\n\n\n\n<li><b>Sofistica\u00e7\u00e3o do Consumidor<\/b><span style=\"font-weight: 400;\">: \u00c0 medida que os consumidores se tornam mais sofisticados, as empresas devem realizar pesquisas de mercado aprofundadas para compreender a evolu\u00e7\u00e3o das suas necessidades e prefer\u00eancias.<\/span><\/li>\n\n\n\n<li><b>Tend\u00eancias de Sustentabilidade<\/b><span style=\"font-weight: 400;\">: O foco crescente na sustentabilidade criar\u00e1 oportunidades para as empresas desenvolverem produtos e servi\u00e7os ecol\u00f3gicos, apoiados por insights de pesquisas de mercado.<\/span><\/li>\n\n\n\n<li><b>Integra\u00e7\u00e3o regional<\/b><span style=\"font-weight: 400;\">: A integra\u00e7\u00e3o da Bulg\u00e1ria na Uni\u00e3o Europeia continuar\u00e1 a influenciar as condi\u00e7\u00f5es de mercado, tornando essencial que as empresas se mantenham informadas atrav\u00e9s de estudos de mercado.<\/span><\/li>\n<\/ul>\n\n\n\n<h2 class=\"wp-block-heading\"><strong>Como a pesquisa de mercado da SIS International na Bulg\u00e1ria ajuda as empresas<\/strong><\/h2>\n\n\n\n<p><span style=\"font-weight: 400;\">A SIS International realiza pesquisas de mercado que s\u00e3o fundamentais para ajudar as empresas a navegar pelas complexidades do mercado b\u00falgaro. Ao fornecer informa\u00e7\u00f5es abrangentes sobre as condi\u00e7\u00f5es de mercado, os comportamentos dos consumidores e a din\u00e2mica competitiva, o SIS permite que as empresas tomem decis\u00f5es informadas que impulsionam o crescimento e a inova\u00e7\u00e3o.<\/span><\/p>\n\n\n\n<p><b>Reduzindo o risco<\/b><span style=\"font-weight: 400;\">:&nbsp;<\/span><\/p>\n\n\n\n<p><a href=\"https:\/\/www.linkedin.com\/company\/sisinternationalresearch\/\" target=\"_blank\" rel=\"noopener\"><span style=\"font-weight: 400;\">SIS Internacional<\/span><\/a><span style=\"font-weight: 400;\"> ajuda as empresas a identificar riscos potenciais e desenvolver estrat\u00e9gias para mitig\u00e1-los. Esta abordagem proativa reduz a incerteza e melhora os processos de tomada de decis\u00e3o.<\/span><\/p>\n\n\n\n<p><b>Aumentando a receita<\/b><span style=\"font-weight: 400;\">:&nbsp;<\/span><\/p>\n\n\n\n<p><span style=\"font-weight: 400;\">Ao compreender <a href=\"https:\/\/www.sisinternational.com\/pt\/solucoes\/pesquisa-de-mercado-consumidor\/\">prefer\u00eancias do consumidor<\/a> e as tend\u00eancias do mercado, as empresas podem adaptar as suas ofertas para satisfazer a procura, aumentando as vendas e as receitas.<\/span><\/p>\n\n\n\n<p><b>Economizando dinheiro<\/b><span style=\"font-weight: 400;\">:&nbsp;<\/span><\/p>\n\n\n\n<p><a href=\"https:\/\/twitter.com\/SISIntlResearch\" target=\"_blank\" rel=\"noopener\"><span style=\"font-weight: 400;\">SIS<\/span><\/a><span style=\"font-weight: 400;\"> allows companies to allocate resources more efficiently, minimize waste, and optimize investment. This leads to cost savings and improved operational efficiency.<\/span><\/p>\n\n\n\n<p><b>Economizando tempo<\/b><span style=\"font-weight: 400;\">:&nbsp;<\/span><\/p>\n\n\n\n<p><span style=\"font-weight: 400;\">O acesso a informa\u00e7\u00f5es de mercado precisas e oportunas acelera a tomada de decis\u00f5es, permitindo que as empresas respondam rapidamente \u00e0s mudan\u00e7as do mercado e aproveitem as oportunidades.<\/span><\/p>\n\n\n\n<p><b>Acelerando o crescimento e a inova\u00e7\u00e3o<\/b><span style=\"font-weight: 400;\">:&nbsp;<\/span><\/p>\n\n\n\n<p><span style=\"font-weight: 400;\">Uma pesquisa de mercado abrangente na Bulg\u00e1ria fornece informa\u00e7\u00f5es que impulsionam o desenvolvimento e a inova\u00e7\u00e3o de produtos. Isso ajuda as empresas a permanecerem competitivas e alcan\u00e7arem um crescimento sustent\u00e1vel.<\/span><\/p>\n\n\n\n<p><b>Aumentando o ROI<\/b><span style=\"font-weight: 400;\">:&nbsp;<\/span><\/p>\n\n\n\n<p><span style=\"font-weight: 400;\">A pesquisa de mercado maximiza o retorno do investimento, identificando os segmentos e oportunidades de mercado mais promissores. As empresas podem concentrar os seus esfor\u00e7os em \u00e1reas de elevado potencial e alcan\u00e7ar melhores resultados.<\/span><\/p>\n\n\n\n<h2 class=\"wp-block-heading\">Localiza\u00e7\u00e3o de nossas instala\u00e7\u00f5es em Nova York<\/h2>\n\n\n\n<p>\n\n\n\n<iframe loading=\"lazy\" src=\"https:\/\/www.google.com\/maps\/embed?pb=!1m18!1m12!1m3!1d3022.976188376966!2d-73.99130312499956!3d40.740549471389315!2m3!1f0!2f0!3f0!3m2!1i1024!2i768!4f13.1!3m3!1m2!1s0x89c259a15798c731%3A0xd695d09bdd495f25!2s11%20E%2022nd%20St%20FL%202%2C%20New%20York%2C%20NY%2010010%2C%20USA!5e0!3m2!1sen!2spe!4v1726171763526!5m2!1sen!2spe\" width=\"600\" height=\"450\" allowfullscreen=\"allowfullscreen\" data-mce-fragment=\"1\"><\/iframe>\n\n\n\n<\/p>\n\n\n\n<h3 class=\"wp-block-heading\">11 E 22nd Street, 2\u00ba andar, Nova York, NY 10010 T: +1(212) 505-6805<\/h3>\n\n\n\n<hr class=\"wp-block-separator has-alpha-channel-opacity\"\/>\n\n\n\n<h2 class=\"wp-block-heading\"><span style=\"font-weight: 400;\">Sobre SIS Internacional<\/span><\/h2>\n\n\n\n<p><a href=\"https:\/\/www.sisinternational.com\/pt\/\"><span style=\"font-weight: 400;\">SIS Internacional<\/span><\/a><span style=\"font-weight: 400;\"> oferece pesquisa quantitativa, qualitativa e estrat\u00e9gica. Fornecemos dados, ferramentas, estrat\u00e9gias, relat\u00f3rios e insights para a tomada de decis\u00f5es. Tamb\u00e9m realizamos entrevistas, pesquisas, grupos focais e outros m\u00e9todos e abordagens de Pesquisa de Mercado.<\/span><a href=\"https:\/\/www.sisinternational.com\/pt\/sobre-a-sis-international-research\/contact-sis-international-market-research\/\"><span style=\"font-weight: 400;\"> Entre em contato conosco<\/span><\/a><span style=\"font-weight: 400;\"> para o seu pr\u00f3ximo projeto de pesquisa de mercado.<\/span><\/p>\n\n\n\n<p><\/p>\n\n\n\n<h2 class=\"wp-block-heading\">&nbsp;<\/h2>","protected":false},"excerpt":{"rendered":"<p>Expanda seus neg\u00f3cios com pesquisa de mercado na Bulg\u00e1ria.<\/p>","protected":false},"author":1,"featured_media":85249,"parent":14510,"menu_order":44,"comment_status":"closed","ping_status":"closed","template":"","meta":{"footnotes":""},"class_list":["post-38919","page","type-page","status-publish","has-post-thumbnail"],"_links":{"self":[{"href":"https:\/\/www.sisinternational.com\/pt\/wp-json\/wp\/v2\/pages\/38919","targetHints":{"allow":["GET"]}}],"collection":[{"href":"https:\/\/www.sisinternational.com\/pt\/wp-json\/wp\/v2\/pages"}],"about":[{"href":"https:\/\/www.sisinternational.com\/pt\/wp-json\/wp\/v2\/types\/page"}],"author":[{"embeddable":true,"href":"https:\/\/www.sisinternational.com\/pt\/wp-json\/wp\/v2\/users\/1"}],"replies":[{"embeddable":true,"href":"https:\/\/www.sisinternational.com\/pt\/wp-json\/wp\/v2\/comments?post=38919"}],"version-history":[{"count":8,"href":"https:\/\/www.sisinternational.com\/pt\/wp-json\/wp\/v2\/pages\/38919\/revisions"}],"predecessor-version":[{"id":85252,"href":"https:\/\/www.sisinternational.com\/pt\/wp-json\/wp\/v2\/pages\/38919\/revisions\/85252"}],"up":[{"embeddable":true,"href":"https:\/\/www.sisinternational.com\/pt\/wp-json\/wp\/v2\/pages\/14510"}],"wp:featuredmedia":[{"embeddable":true,"href":"https:\/\/www.sisinternational.com\/pt\/wp-json\/wp\/v2\/media\/85249"}],"wp:attachment":[{"href":"https:\/\/www.sisinternational.com\/pt\/wp-json\/wp\/v2\/media?parent=38919"}],"curies":[{"name":"wp","href":"https:\/\/api.w.org\/{rel}","templated":true}]}}