{"id":38914,"date":"2021-09-25T02:28:00","date_gmt":"2021-09-25T02:28:00","guid":{"rendered":"https:\/\/www.sisinternational.com\/?page_id=38914"},"modified":"2025-09-15T00:27:31","modified_gmt":"2025-09-15T04:27:31","slug":"esg-investindo-pesquisa-de-mercado","status":"publish","type":"page","link":"https:\/\/www.sisinternational.com\/pt\/pericia\/esg-investindo-pesquisa-de-mercado\/","title":{"rendered":"Pesquisa de mercado de investimentos ESG"},"content":{"rendered":"<h1 class=\"wp-block-heading p1\">Pesquisa de mercado de investimentos ESG<\/h1>\n\n\n\n<figure class=\"gb-block-image gb-block-image-7c51963a\"><img loading=\"lazy\" decoding=\"async\" width=\"1456\" height=\"816\" class=\"gb-image gb-image-7c51963a\" src=\"https:\/\/www.sisinternational.com\/wp-content\/uploads\/2025\/08\/Environmental-Services-3.jpg\" alt=\"Pesquisa e Estrat\u00e9gia de Mercado Internacional da SIS\" title=\"Environmental Services (3)\" srcset=\"https:\/\/www.sisinternational.com\/wp-content\/uploads\/2025\/08\/Environmental-Services-3.jpg 1456w, https:\/\/www.sisinternational.com\/wp-content\/uploads\/2025\/08\/Environmental-Services-3-300x168.jpg 300w, https:\/\/www.sisinternational.com\/wp-content\/uploads\/2025\/08\/Environmental-Services-3-1024x574.jpg 1024w, https:\/\/www.sisinternational.com\/wp-content\/uploads\/2025\/08\/Environmental-Services-3-768x430.jpg 768w, https:\/\/www.sisinternational.com\/wp-content\/uploads\/2025\/08\/Environmental-Services-3-18x10.jpg 18w\" sizes=\"auto, (max-width: 1456px) 100vw, 1456px\"><\/figure>\n\n\n\n<p><\/p>\n\n\n\n<h2 class=\"wp-block-heading p2\">O que \u00e9 investimento ESG<\/h2>\n\n\n\n<p class=\"p3\">O investimento ESG (Ambiental, Social e Governan\u00e7a) \u00e9 um modelo que estabelece fatores ambientais, sociais e de governan\u00e7a (ESG). Nos investimentos ESG, os empres\u00e1rios fazem os seus investimentos tendo o ambiente em mente. Eles tamb\u00e9m consideram o bem-estar humano e a economia.<\/p>\n\n\n\n<p class=\"p3\">Ambiental (E) determina como uma empresa atua como administradora da natureza. Conta como a atividade da empresa impacta o meio ambiente. Ele tamb\u00e9m gerencia o risco envolvido. Al\u00e9m disso, serve para gerir e conservar o mundo natural.<\/p>\n\n\n\n<p class=\"p3\">Social (S) mostra a conex\u00e3o com pessoas dentro e fora da empresa. Estes podem incluir funcion\u00e1rios, fornecedores e a \u00e1rea onde atua.<\/p>\n\n\n\n<p class=\"p3\">Governan\u00e7a (G) mostra como a empresa opera. Os investidores se esfor\u00e7am para saber como e quais decis\u00f5es podem tomar a portas fechadas.<\/p>\n\n\n\n<h2 class=\"wp-block-heading p2\">Por que o investimento ESG \u00e9 importante?<\/h2>\n\n\n\n<p class=\"p3\">The European Green Deal is an example of planning with the climate in mind. This Deal is a set of policies that aims to make Europe climate-neutral by 2050. The goal is for member states to have circular economies, which put an end to waste. Such economies also circulate <a href=\"https:\/\/www.sisinternational.com\/pt\/pericia\/industrias\/pesquisa-de-mercado-de-recursos-naturais\/\" title=\"Pesquisa de mercado de recursos naturais\"  data-wpil-monitor-id=\"7869\">resources and regenerate nature<\/a>. Another critical point about circular economies is that they aim for net-zero emissions.<\/p>\n\n\n\n<p class=\"p3\">The European Union is already advanced in this quest. The United States also teases a decarbonized economy. Our country plans to have net-zero emissions by 2050.<\/p>\n\n\n\n<p class=\"p3\">ESG investing has held the interest of private investors and millennial businesspeople. Investing in <a href=\"https:\/\/www.sisinternational.com\/pt\/empresa-lider-em-estrategia-de-entrada-no-mercado-b2b\/\" title=\"Melhor empresa de estrat\u00e9gia de entrada no mercado B2B\"  data-wpil-monitor-id=\"7870\">companies with good ESG strategies<\/a> can result in high ROI. Also, fewer lending and revenue risks would come to the surface. Another great thing about ESG investing is that it is excellent for the planet. It results in clean air and water and a healthy environment.<\/p>\n\n\n\n<h2 class=\"wp-block-heading p2\">Principais cargos<\/h2>\n\n\n\n<figure class=\"gb-block-image gb-block-image-597643f0\"><img loading=\"lazy\" decoding=\"async\" width=\"1456\" height=\"816\" class=\"gb-image gb-image-597643f0\" src=\"https:\/\/www.sisinternational.com\/wp-content\/uploads\/2025\/08\/Environmental-Services-2.jpg\" alt=\"Pesquisa e Estrat\u00e9gia de Mercado Internacional da SIS\" title=\"Environmental Services (2)\" srcset=\"https:\/\/www.sisinternational.com\/wp-content\/uploads\/2025\/08\/Environmental-Services-2.jpg 1456w, https:\/\/www.sisinternational.com\/wp-content\/uploads\/2025\/08\/Environmental-Services-2-300x168.jpg 300w, https:\/\/www.sisinternational.com\/wp-content\/uploads\/2025\/08\/Environmental-Services-2-1024x574.jpg 1024w, https:\/\/www.sisinternational.com\/wp-content\/uploads\/2025\/08\/Environmental-Services-2-768x430.jpg 768w, https:\/\/www.sisinternational.com\/wp-content\/uploads\/2025\/08\/Environmental-Services-2-18x10.jpg 18w\" sizes=\"auto, (max-width: 1456px) 100vw, 1456px\"><\/figure>\n\n\n\n<p><\/p>\n\n\n\n<h3 class=\"wp-block-heading p3\">Existem muitos empregos diferentes para uma pessoa interessada em ESG. Alguns deles incluem t\u00edtulos como:<\/h3>\n\n\n\n<ul class=\"wp-block-list ul1\">\n<li><b>Planejador urbano<\/b>: um trabalho b\u00e1sico na comunidade ESG. O foco principal dos planejadores urbanos \u00e9 ajudar a planejar a melhor maneira de usar o terreno em benef\u00edcio do projeto. Os planejadores tamb\u00e9m elaboram maneiras de diminuir o impacto negativo que isso pode ter no meio ambiente. Sua tarefa \u00e9 elaborar o plano para todos os projetos.<\/li>\n\n\n\n<li><b>Gerente de Energia ESG<\/b> \u00e9 outro trabalho importante. Essa pessoa diminui os recursos ambientais e financeiros utilizados. Eles tamb\u00e9m precisam criar ideias para controlar o uso de \u00e1gua e energia.<\/li>\n\n\n\n<li><b>Ecologista: <\/b>As pessoas referem-se aos ecologistas como as m\u00e3es dos investimentos ESG. Tamb\u00e9m \u00e9 sua fun\u00e7\u00e3o mostrar como as pessoas e suas atividades afetam o meio ambiente. Essa fun\u00e7\u00e3o visa reverter o impacto negativo das pessoas no meio ambiente.<\/li>\n\n\n\n<li><b>Engenheiro de Qualidade do Ar ESG<\/b>; This person helps with smog, emissions, and fires in the area. They are tasked with tracking pollution to the exact source and setting fines. They may also enforce legal action onto those caught breaking their rules. These rules serve to protect the environment.<\/li>\n<\/ul>\n\n\n\n<h2 class=\"wp-block-heading p2\">Why Businesses Need ESG Investing<\/h2>\n\n\n\n<p class=\"p3\">Houve rumores de que o ESG pode se tornar obrigat\u00f3rio em breve. As empresas devem seguir as diretrizes ESG. \u00c9 uma excelente forma de dominar a concorr\u00eancia e garantir o sucesso.<\/p>\n\n\n\n<p class=\"p3\">Any start-up business should include an ESG investing component. Studies show that companies that use ESG practices have better outcomes. ESG has many rewards. For example, it leads to financial growth and high employee productivity.<\/p>\n\n\n\n<p class=\"p3\">Companies without any ESG policies tend to have high costs of capital and sudden changes. All these are due to events such as labor strikes and fraudulent accounting. Reasons such as these should prompt companies to involve ESG policies before it is too late.<\/p>\n\n\n\n<p class=\"p3\">As empresas devem fazer o poss\u00edvel para seguir os fatores ambientais e sociais do ESG. N\u00e3o fazer isso pode significar ter que lidar com quest\u00f5es regulat\u00f3rias e legais no futuro.<\/p>\n\n\n\n<h2 class=\"wp-block-heading p2\">Principais fatores de sucesso<\/h2>\n\n\n\n<p class=\"p3\">Empresas de sucesso sempre t\u00eam grandes equipes por tr\u00e1s delas. No caso dos investimentos ESG, as empresas dependem muito de cada pessoa.<\/p>\n\n\n\n<p class=\"p3\">O mundo est\u00e1 mudando rapidamente. Com as altera\u00e7\u00f5es clim\u00e1ticas a tornarem-se uma amea\u00e7a mais grave, as empresas est\u00e3o a recorrer ao ESG. Para garantir o sucesso, a pegada de carbono destas empresas tem de diminuir. A energia renov\u00e1vel tem que assumir as r\u00e9deas.<\/p>\n\n\n\n<p class=\"p3\">Bad press and ratings stem from environmental neglect. <a href=\"https:\/\/www.sisinternational.com\/pt\/solucoes\/consultoria-estrategica\/consultoria-em-estrategia-de-pesquisa-de-mercado-para-investidores-esg\/\" title=\"ESG Investor Strategy Consulting\"  data-wpil-monitor-id=\"7871\">Investors now look at a company\u2019s ESG<\/a> rating before all. A low rating also means higher interest rates on loans. At the same time, a high ESG rating invites rewards such as better lending terms.<\/p>\n\n\n\n<p class=\"p3\">O investimento ESG \u00e9 um incentivo empresarial \u00e9tico. Embora o foco principal seja obter lucro, n\u00e3o podemos prejudicar o meio ambiente no processo. \u00c9 por isso que existem leis severas e multas para desencorajar isso.<\/p>\n\n\n\n<h2 class=\"wp-block-heading p2\">Sobre investimentos ESG<\/h2>\n\n\n\n<p class=\"p3\">ESG Investing is the future of investing. Climate change is happening, and this is a measure to combat it. <a href=\"https:\/\/www.sisinternational.com\/pt\/cobertura\/as-americas\/cobertura-dos-eua\/empresa-de-pesquisa-de-mercado-em-atlanta\/\" title=\"Empresa de pesquisa de mercado em Atlanta\"  data-wpil-monitor-id=\"7868\">Pesquisa de mercado<\/a> into this also proves that many companies have adopted ESG practices. ESG Investing is growing, and it is working. In the end, \u201cWho Cares Wins.\u201d<\/p>\n\n\n\n<p class=\"p4\">Many use <a href=\"https:\/\/www.sisinternational.com\/pt\/cobertura\/as-americas\/cobertura-dos-eua\/pesquisa-de-mercado-do-estado-de-nova-york\/\" title=\"Pesquisa de mercado do estado de Nova York\"  data-wpil-monitor-id=\"7866\">Market Research to look at the state<\/a> of the business. We\u2019ve used it to examine ESG investing in this case. It would help if you carried out Qualitative, Quantitative, and Strategy <a href=\"https:\/\/www.sisinternational.com\/pt\/solucoes\/pesquisa-de-mercado-em-grupo-focal\/\" title=\"Pesquisa de mercado com grupo focal\"  data-wpil-monitor-id=\"7867\">Research and used our Focus Groups<\/a> and Interviews. You can also use Surveys. Do all this, and the quality of your work will get much praise.<\/p>\n\n\n\n<p><\/p>","protected":false},"excerpt":{"rendered":"<p>A SIS \u00e9 uma empresa global de pesquisa de mercado e consultoria estrat\u00e9gica. Expanda seus neg\u00f3cios com a Pesquisa de Mercado de Investimentos ESG.<\/p>","protected":false},"author":1,"featured_media":64611,"parent":14514,"menu_order":77,"comment_status":"closed","ping_status":"closed","template":"","meta":{"footnotes":""},"class_list":["post-38914","page","type-page","status-publish","has-post-thumbnail"],"_links":{"self":[{"href":"https:\/\/www.sisinternational.com\/pt\/wp-json\/wp\/v2\/pages\/38914","targetHints":{"allow":["GET"]}}],"collection":[{"href":"https:\/\/www.sisinternational.com\/pt\/wp-json\/wp\/v2\/pages"}],"about":[{"href":"https:\/\/www.sisinternational.com\/pt\/wp-json\/wp\/v2\/types\/page"}],"author":[{"embeddable":true,"href":"https:\/\/www.sisinternational.com\/pt\/wp-json\/wp\/v2\/users\/1"}],"replies":[{"embeddable":true,"href":"https:\/\/www.sisinternational.com\/pt\/wp-json\/wp\/v2\/comments?post=38914"}],"version-history":[{"count":4,"href":"https:\/\/www.sisinternational.com\/pt\/wp-json\/wp\/v2\/pages\/38914\/revisions"}],"predecessor-version":[{"id":81327,"href":"https:\/\/www.sisinternational.com\/pt\/wp-json\/wp\/v2\/pages\/38914\/revisions\/81327"}],"up":[{"embeddable":true,"href":"https:\/\/www.sisinternational.com\/pt\/wp-json\/wp\/v2\/pages\/14514"}],"wp:featuredmedia":[{"embeddable":true,"href":"https:\/\/www.sisinternational.com\/pt\/wp-json\/wp\/v2\/media\/64611"}],"wp:attachment":[{"href":"https:\/\/www.sisinternational.com\/pt\/wp-json\/wp\/v2\/media?parent=38914"}],"curies":[{"name":"wp","href":"https:\/\/api.w.org\/{rel}","templated":true}]}}