{"id":38897,"date":"2021-09-25T00:55:47","date_gmt":"2021-09-25T00:55:47","guid":{"rendered":"https:\/\/www.sisinternational.com\/?page_id=38897"},"modified":"2026-01-25T16:52:33","modified_gmt":"2026-01-25T21:52:33","slug":"pesquisa-de-mercado-de-elite-politica","status":"publish","type":"page","link":"https:\/\/www.sisinternational.com\/pt\/pericia\/pesquisa-de-mercado-de-elite-politica\/","title":{"rendered":"Pesquisa de mercado de elite pol\u00edtica\u00a0"},"content":{"rendered":"<h1 class=\"wp-block-heading\">Pesquisa de mercado de elite pol\u00edtica<\/h1>\n\n\n\n<figure class=\"gb-block-image gb-block-image-15e0dce4\"><img loading=\"lazy\" decoding=\"async\" width=\"1456\" height=\"816\" class=\"gb-image gb-image-15e0dce4\" src=\"https:\/\/www.sisinternational.com\/wp-content\/uploads\/2025\/08\/Government-federal-municipal-2.jpg\" alt=\"Pesquisa e Estrat\u00e9gia de Mercado Internacional da SIS\" title=\"Government federal municipal (2)\" srcset=\"https:\/\/www.sisinternational.com\/wp-content\/uploads\/2025\/08\/Government-federal-municipal-2.jpg 1456w, https:\/\/www.sisinternational.com\/wp-content\/uploads\/2025\/08\/Government-federal-municipal-2-300x168.jpg 300w, https:\/\/www.sisinternational.com\/wp-content\/uploads\/2025\/08\/Government-federal-municipal-2-1024x574.jpg 1024w, https:\/\/www.sisinternational.com\/wp-content\/uploads\/2025\/08\/Government-federal-municipal-2-768x430.jpg 768w, https:\/\/www.sisinternational.com\/wp-content\/uploads\/2025\/08\/Government-federal-municipal-2-18x10.jpg 18w\" sizes=\"auto, (max-width: 1456px) 100vw, 1456px\"><\/figure>\n\n\n\n<p><\/p>\n\n\n\n<h2 class=\"wp-block-heading p2\">O que \u00e9 pesquisa de mercado de elite pol\u00edtica?<\/h2>\n\n\n\n<p class=\"p3\">As \u201celites pol\u00edticas\u201d s\u00e3o os actores estatais que moldam o processo de elabora\u00e7\u00e3o de pol\u00edticas de um pa\u00eds. O termo deriva da &#039;teoria da elite&#039;. Esta teoria sugere que as pol\u00edticas p\u00fablicas reflectem os interesses das elites dominantes. A teoria da elite divide a sociedade em duas partes principais. Existem poucos que t\u00eam poder e muitos que n\u00e3o.<\/p>\n\n\n\n<p class=\"p3\">O poder tem pouco a ver com o que acontece no dia das elei\u00e7\u00f5es. Em vez disso, cabe a um pequeno grupo de pessoas conhecidas como elites. Este grupo inclui pessoas ricas. Inclui tamb\u00e9m os pensadores e aqueles com outras habilidades. S\u00e3o eles que t\u00eam o poder e formam a classe alta. A riqueza que possuem permite-lhes ganhar posi\u00e7\u00f5es-chave. Devido ao seu papel, s\u00e3o eles que tomam decis\u00f5es e distribuem recursos. Eles usam esse papel em seu benef\u00edcio.<\/p>\n\n\n\n<h2 class=\"wp-block-heading p2\">Por que isso \u00e9 importante?<\/h2>\n\n\n\n<p class=\"p3\">As elites pol\u00edticas desempenham um papel crucial. Eles criam as pol\u00edticas e tomam decis\u00f5es. Eles tamb\u00e9m ajudam a ensinar\/fazer lavagem cerebral nas massas na pol\u00edtica. Al\u00e9m disso, ajudam a estabelecer padr\u00f5es modelo espec\u00edficos na sociedade.<\/p>\n\n\n\n<p class=\"p3\">Many authors claim that elites are the <a href=\"https:\/\/www.sisinternational.com\/pt\/principais-fatores-de-sucesso-na-pesquisa-de-mercado-automotivo\/\" title=\"Principais fatores de sucesso na pesquisa de mercado automotivo\"  data-wpil-monitor-id=\"8736\">key to the success<\/a> of major shifts in society. They can influence both the economy and civil society. We need these factors for the government and other organs of society to function.<\/p>\n\n\n\n<p class=\"p3\">Civil society calls for a stable democratic state. The elites create the space for civil society to thrive outside of the state. Thus, they control this space while allowing civil society to be self-governing.<\/p>\n\n\n\n<p class=\"p3\">As elites tamb\u00e9m podem usar o seu poder para for\u00e7ar uma mudan\u00e7a pol\u00edtica. Primeiro, a elite precisa mobilizar o povo. Quando isso ocorrer, as elites podem dobrar as massas para se adequarem \u00e0 sua vontade.<\/p>\n\n\n\n<h2 class=\"wp-block-heading p2\">Principais cargos<\/h2>\n\n\n\n<p class=\"p3\">Em geral, as elites ocupam alguns dos cargos mais elevados do sistema pol\u00edtico. Estes incluem economistas, presidentes e ministros. Os principais burocratas, membros do Congresso e diplomatas s\u00e3o outras fun\u00e7\u00f5es vitais. Os l\u00edderes partid\u00e1rios tamb\u00e9m se enquadram neste grupo. As elites podem vir de empregos de alto status, incluindo advogados, professores e gestores. Eles trabalham nos setores p\u00fablico ou privado. Propriet\u00e1rios de empresas que se criaram por conta pr\u00f3pria s\u00e3o outro exemplo.<\/p>\n\n\n\n<h2 class=\"wp-block-heading p2\">Por que as empresas precisam de elites pol\u00edticas<\/h2>\n\n\n\n<p class=\"p3\">When an elite makes policy choices, these choices usually benefit that elite. This rule includes any business owned, managed, or linked to a policy elite. Such companies stand to gain from decisions made. Elites can suggest policies that will have a positive <a href=\"https:\/\/www.sisinternational.com\/pt\/o-efeito-das-culturas-de-mercado-nigerianas-nos-negocios\/\" title=\"O mercado nigeriano: o efeito da cultura nos neg\u00f3cios\"  data-wpil-monitor-id=\"8737\">effect on a business<\/a>.<\/p>\n\n\n\n<p class=\"p3\">Businesses can count on elites to share their interests. Since the level of wealth contributes to elite status, elites can invest in many companies. These investments help them stay rich and preserve their elite status. Thus, one can link a business\u2019s success to an elite\u2019s wealth and vice versa. As a result, elites will be sure to reap benefits from decisions made.<\/p>\n\n\n\n<h2 class=\"wp-block-heading p2\">Principais fatores de sucesso<\/h2>\n\n\n\n<figure class=\"gb-block-image gb-block-image-3d648d44\"><img loading=\"lazy\" decoding=\"async\" width=\"1456\" height=\"816\" class=\"gb-image gb-image-3d648d44\" src=\"https:\/\/www.sisinternational.com\/wp-content\/uploads\/2025\/08\/Government-federal-municipal-4.jpg\" alt=\"Pesquisa e Estrat\u00e9gia de Mercado Internacional da SIS\" title=\"Government federal municipal (4)\" srcset=\"https:\/\/www.sisinternational.com\/wp-content\/uploads\/2025\/08\/Government-federal-municipal-4.jpg 1456w, https:\/\/www.sisinternational.com\/wp-content\/uploads\/2025\/08\/Government-federal-municipal-4-300x168.jpg 300w, https:\/\/www.sisinternational.com\/wp-content\/uploads\/2025\/08\/Government-federal-municipal-4-1024x574.jpg 1024w, https:\/\/www.sisinternational.com\/wp-content\/uploads\/2025\/08\/Government-federal-municipal-4-768x430.jpg 768w, https:\/\/www.sisinternational.com\/wp-content\/uploads\/2025\/08\/Government-federal-municipal-4-18x10.jpg 18w\" sizes=\"auto, (max-width: 1456px) 100vw, 1456px\"><\/figure>\n\n\n\n<p><\/p>\n\n\n\n<p class=\"p3\">A an\u00e1lise de estudos de caso ajudou a deduzir alguns dos factores cr\u00edticos de sucesso das elites. Alguns deles s\u00e3o os seguintes:<\/p>\n\n\n\n<p class=\"p3\">1. As elites devem falar aberta e honestamente durante o processo de formula\u00e7\u00e3o de pol\u00edticas.<\/p>\n\n\n\n<p class=\"p3\">2. As pessoas tamb\u00e9m devem estar dispostas a negociar.<\/p>\n\n\n\n<p class=\"p3\">3. As elites internas deveriam iniciar as negocia\u00e7\u00f5es. As for\u00e7as externas n\u00e3o devem influenci\u00e1-los.<\/p>\n\n\n\n<p class=\"p3\">4. As elites devem ser exclusivas. Este factor evita poss\u00edveis rea\u00e7\u00f5es adversas de grupos extremistas alienados.<\/p>\n\n\n\n<p class=\"p3\">5. As elites devem manter o poder ao longo de todo o processo para garantir a adop\u00e7\u00e3o de pol\u00edticas. Al\u00e9m disso, garante que as pessoas dentro de seus partidos as cumpram.<\/p>\n\n\n\n<p class=\"p3\">Uma vez seguidas, as elites podem alcan\u00e7ar o sucesso com estes factores de sucesso.<\/p>\n\n\n\n<h2 class=\"wp-block-heading p2\">Sobre a pesquisa de mercado da Policy Elite<\/h2>\n\n\n\n<p class=\"p4\">Knowing the elite theory is key to analyzing policy elites. Quantitative, Qualitative, and strategy <a href=\"https:\/\/www.sisinternational.com\/pt\/cobertura\/europa\/pesquisa-de-mercado-o-vaticano\/\" title=\"Pesquisa de mercado no Vaticano\"  data-wpil-monitor-id=\"3786\">research are also helpful when doing market<\/a> research on these elites. Our <a href=\"https:\/\/www.sisinternational.com\/pt\/empresa-lider-global-em-grupos-focais\/\" title=\"Empresa l\u00edder global em grupos focais\"  data-wpil-monitor-id=\"8735\">company also offers Focus Groups<\/a>, Interviews, and Surveys.<\/p>\n\n\n\n<p><\/p>","protected":false},"excerpt":{"rendered":"<p>As elites pol\u00edticas tendem a tomar decis\u00f5es que beneficiam as suas empresas. Expanda seus neg\u00f3cios e cause impacto com a Policy Elite Market Research.<\/p>","protected":false},"author":1,"featured_media":64505,"parent":14514,"menu_order":76,"comment_status":"closed","ping_status":"closed","template":"","meta":{"footnotes":""},"class_list":["post-38897","page","type-page","status-publish","has-post-thumbnail"],"_links":{"self":[{"href":"https:\/\/www.sisinternational.com\/pt\/wp-json\/wp\/v2\/pages\/38897","targetHints":{"allow":["GET"]}}],"collection":[{"href":"https:\/\/www.sisinternational.com\/pt\/wp-json\/wp\/v2\/pages"}],"about":[{"href":"https:\/\/www.sisinternational.com\/pt\/wp-json\/wp\/v2\/types\/page"}],"author":[{"embeddable":true,"href":"https:\/\/www.sisinternational.com\/pt\/wp-json\/wp\/v2\/users\/1"}],"replies":[{"embeddable":true,"href":"https:\/\/www.sisinternational.com\/pt\/wp-json\/wp\/v2\/comments?post=38897"}],"version-history":[{"count":5,"href":"https:\/\/www.sisinternational.com\/pt\/wp-json\/wp\/v2\/pages\/38897\/revisions"}],"predecessor-version":[{"id":81466,"href":"https:\/\/www.sisinternational.com\/pt\/wp-json\/wp\/v2\/pages\/38897\/revisions\/81466"}],"up":[{"embeddable":true,"href":"https:\/\/www.sisinternational.com\/pt\/wp-json\/wp\/v2\/pages\/14514"}],"wp:featuredmedia":[{"embeddable":true,"href":"https:\/\/www.sisinternational.com\/pt\/wp-json\/wp\/v2\/media\/64505"}],"wp:attachment":[{"href":"https:\/\/www.sisinternational.com\/pt\/wp-json\/wp\/v2\/media?parent=38897"}],"curies":[{"name":"wp","href":"https:\/\/api.w.org\/{rel}","templated":true}]}}