{"id":38806,"date":"2021-09-14T03:12:38","date_gmt":"2021-09-14T03:12:38","guid":{"rendered":"https:\/\/www.sisinternational.com\/?page_id=38806"},"modified":"2026-01-27T16:45:49","modified_gmt":"2026-01-27T21:45:49","slug":"pesquisa-de-mercado-croacia","status":"publish","type":"page","link":"https:\/\/www.sisinternational.com\/pt\/cobertura\/europa\/pesquisa-de-mercado-croacia\/","title":{"rendered":"Pesquisa de mercado na Cro\u00e1cia"},"content":{"rendered":"<h1 class=\"wp-block-heading\">Pesquisa de mercado na Cro\u00e1cia<\/h1>\n\n\n\n<figure class=\"gb-block-image gb-block-image-f33a9387\"><img loading=\"lazy\" decoding=\"async\" width=\"1456\" height=\"816\" class=\"gb-image gb-image-f33a9387\" src=\"https:\/\/www.sisinternational.com\/wp-content\/uploads\/2025\/09\/Croatia-2.jpg\" alt=\"Pesquisa e Estrat\u00e9gia de Mercado Internacional da SIS\" title=\"Croatia (2)\" srcset=\"https:\/\/www.sisinternational.com\/wp-content\/uploads\/2025\/09\/Croatia-2.jpg 1456w, https:\/\/www.sisinternational.com\/wp-content\/uploads\/2025\/09\/Croatia-2-300x168.jpg 300w, https:\/\/www.sisinternational.com\/wp-content\/uploads\/2025\/09\/Croatia-2-1024x574.jpg 1024w, https:\/\/www.sisinternational.com\/wp-content\/uploads\/2025\/09\/Croatia-2-768x430.jpg 768w, https:\/\/www.sisinternational.com\/wp-content\/uploads\/2025\/09\/Croatia-2-18x10.jpg 18w\" sizes=\"auto, (max-width: 1456px) 100vw, 1456px\"><\/figure>\n\n\n\n<hr class=\"wp-block-separator has-alpha-channel-opacity is-style-dots\"\/>\n\n\n\n<h3 class=\"wp-block-heading\">As empresas precisam de estudos de mercado na Cro\u00e1cia para navegar pelas complexidades deste mercado em evolu\u00e7\u00e3o e capitalizar as oportunidades emergentes. Eles devem compreender o comportamento do consumidor local, as condi\u00e7\u00f5es econ\u00f3micas e a din\u00e2mica competitiva.<\/h3>\n\n\n\n<p>Voc\u00ea pretende expandir seus neg\u00f3cios no mercado din\u00e2mico da Cro\u00e1cia? A pesquisa de mercado na Cro\u00e1cia \u00e9 uma ferramenta vital para as empresas que pretendem prosperar neste mercado emergente e competitivo. \u00c0 medida que a Cro\u00e1cia continua a integrar-se na Uni\u00e3o Europeia, compreender a din\u00e2mica do mercado local e o comportamento do consumidor \u00e9 crucial para o sucesso.<\/p>\n\n\n\n<h2 class=\"wp-block-heading\">O que \u00e9 pesquisa de mercado na Cro\u00e1cia?<\/h2>\n\n\n\n<p>A pesquisa de mercado na Cro\u00e1cia fornece \u00e0s empresas informa\u00e7\u00f5es cr\u00edticas sobre o ambiente econ\u00f3mico local, as prefer\u00eancias dos consumidores e as tend\u00eancias do mercado. Ao aproveitar estes conhecimentos, as empresas podem tomar decis\u00f5es informadas que melhoram o seu posicionamento no mercado e as suas perspetivas de crescimento. Al\u00e9m disso, a pesquisa de mercado fornece informa\u00e7\u00f5es valiosas sobre as necessidades dos consumidores, a procura do mercado e a din\u00e2mica competitiva para as empresas que pretendem entrar ou expandir-se na Cro\u00e1cia.<\/p>\n\n\n\n<h2 class=\"wp-block-heading\">Por que as empresas precisam de pesquisas de mercado na Cro\u00e1cia?<\/h2>\n\n\n\n<p>A pesquisa de mercado na Cro\u00e1cia ajuda as empresas a compreender as prefer\u00eancias dos consumidores locais e \u00e9 crucial para adaptar produtos e servi\u00e7os para satisfazer as necessidades e expectativas dos clientes croatas. A pesquisa de mercado fornece insights sobre h\u00e1bitos de compra, tend\u00eancias de estilo de vida e diferen\u00e7as regionais, permitindo que as empresas desenvolvam estrat\u00e9gias de marketing direcionadas e otimizem suas ofertas de produtos.<\/p>\n\n\n\n<p>Al\u00e9m disso, a pesquisa de mercado ajuda as empresas a manterem-se informadas sobre as tend\u00eancias econ\u00f3micas e os riscos potenciais. Com dados precisos sobre as condi\u00e7\u00f5es do mercado, as empresas podem antecipar as mudan\u00e7as e adaptar as suas estrat\u00e9gias em conformidade. Esta abordagem proativa minimiza riscos e maximiza oportunidades, contribuindo para o sucesso a longo prazo no mercado croata.<\/p>\n\n\n\n<h2 class=\"wp-block-heading\">Quando realizar pesquisas de mercado na Cro\u00e1cia<\/h2>\n\n\n\n<figure class=\"gb-block-image gb-block-image-ad453148\"><img loading=\"lazy\" decoding=\"async\" width=\"1456\" height=\"816\" class=\"gb-image gb-image-ad453148\" src=\"https:\/\/www.sisinternational.com\/wp-content\/uploads\/2025\/09\/Croatia-3.jpg\" alt=\"Pesquisa e Estrat\u00e9gia de Mercado Internacional da SIS\" title=\"Croatia (3)\" srcset=\"https:\/\/www.sisinternational.com\/wp-content\/uploads\/2025\/09\/Croatia-3.jpg 1456w, https:\/\/www.sisinternational.com\/wp-content\/uploads\/2025\/09\/Croatia-3-300x168.jpg 300w, https:\/\/www.sisinternational.com\/wp-content\/uploads\/2025\/09\/Croatia-3-1024x574.jpg 1024w, https:\/\/www.sisinternational.com\/wp-content\/uploads\/2025\/09\/Croatia-3-768x430.jpg 768w, https:\/\/www.sisinternational.com\/wp-content\/uploads\/2025\/09\/Croatia-3-18x10.jpg 18w\" sizes=\"auto, (max-width: 1456px) 100vw, 1456px\"><\/figure>\n\n\n\n<p><\/p>\n\n\n\n<p>Businesses should engage in <a href=\"https:\/\/www.sisinternational.com\/pt\/entrando-no-mercado-latino-americano\/\" title=\"Entrando no mercado latino-americano\"  data-wpil-monitor-id=\"7562\">pesquisa de mercado<\/a> during the planning phase of entering the Croatian market to understand the local landscape, consumer preferences, and potential barriers to entry. This initial <a href=\"https:\/\/www.sisinternational.com\/pt\/pericia\/industrias\/pesquisa-de-mercado-de-tabulacao-cruzada\/\" title=\"Pesquisa de mercado de tabula\u00e7\u00e3o cruzada\"  data-wpil-monitor-id=\"4924\">pesquisar<\/a> helps companies tailor their products and marketing strategies to meet the needs of Croatian consumers.<\/p>\n\n\n\n<p><a href=\"https:\/\/www.sisinternational.com\/pt\/solucoes\/pesquisa-de-mercado-consumidor\/\">Pesquisa de mercado<\/a> tamb\u00e9m \u00e9 crucial no lan\u00e7amento de novos produtos ou servi\u00e7os na Cro\u00e1cia. Ao reunir informa\u00e7\u00f5es sobre as rea\u00e7\u00f5es dos consumidores, a procura do mercado e o posicionamento competitivo, as empresas podem refinar as suas ofertas e maximizar as suas hip\u00f3teses de sucesso. A pesquisa cont\u00ednua ao longo do ciclo de vida do produto permite que as empresas fiquem atentas \u00e0s tend\u00eancias do mercado e se adaptem \u00e0s mudan\u00e7as no comportamento do consumidor.<\/p>\n\n\n\n<p>Al\u00e9m disso, as empresas devem realizar estudos de mercado ao avaliar o desempenho dos seus produtos ou servi\u00e7os na Cro\u00e1cia. Compreender o feedback dos clientes e a din\u00e2mica do mercado ajuda a identificar \u00e1reas de melhoria e inova\u00e7\u00e3o. Essa avalia\u00e7\u00e3o cont\u00ednua garante que os neg\u00f3cios permane\u00e7am competitivos e alinhados \u00e0s demandas do mercado.<\/p>\n\n\n\n<h2 class=\"wp-block-heading\">Nossa an\u00e1lise e recomenda\u00e7\u00f5es atuais do mercado<\/h2>\n\n\n\n<p>Constat\u00e1mos que a Cro\u00e1cia registou um crescimento significativo nos setores do turismo, da tecnologia e das energias renov\u00e1veis. A ind\u00fastria do turismo continua a expandir-se, impulsionada pela deslumbrante costa, locais hist\u00f3ricos e atra\u00e7\u00f5es culturais do pa\u00eds. Al\u00e9m disso, o setor da tecnologia est\u00e1 a florescer, com o surgimento de um n\u00famero crescente de startups e empresas tecnol\u00f3gicas, especialmente em centros urbanos como Zagreb. As iniciativas de energias renov\u00e1veis tamb\u00e9m est\u00e3o a ganhar for\u00e7a \u00e0 medida que a Cro\u00e1cia procura reduzir a sua depend\u00eancia dos combust\u00edveis f\u00f3sseis e promover o desenvolvimento sustent\u00e1vel.<\/p>\n\n\n\n<p>Espera-se que o mercado croata continue a sua trajet\u00f3ria de crescimento, apoiado pela integra\u00e7\u00e3o cont\u00ednua da UE e pelos investimentos em infraestruturas. A m\u00e3o-de-obra jovem e qualificada do pa\u00eds est\u00e1 bem posicionada para impulsionar a inova\u00e7\u00e3o e o desenvolvimento econ\u00f3mico.<\/p>\n\n\n\n<p><em><strong>ROI potencial:<\/strong> <\/em><\/p>\n\n\n\n<p>Investir na Cro\u00e1cia oferece retornos promissores, especialmente em sectores de elevado crescimento como o turismo, a tecnologia e as energias renov\u00e1veis. No entanto, alcan\u00e7ar o ROI ideal requer uma abordagem bem pesquisada, considerando as condi\u00e7\u00f5es do mercado local, as prefer\u00eancias do consumidor e os requisitos regulamentares. Os investimentos estrat\u00e9gicos em pesquisas de mercado podem aumentar significativamente o potencial de sucesso e rentabilidade.<\/p>\n\n\n\n<h2 class=\"wp-block-heading p2\">A Cro\u00e1cia \u00e9 um belo pa\u00eds localizado na encruzilhada da Europa Central e do Sudeste.<\/h2>\n\n\n\n<figure class=\"gb-block-image gb-block-image-921dfbb4\"><img loading=\"lazy\" decoding=\"async\" width=\"1456\" height=\"816\" class=\"gb-image gb-image-921dfbb4\" src=\"https:\/\/www.sisinternational.com\/wp-content\/uploads\/2025\/09\/Croatia-5.jpg\" alt=\"Pesquisa e Estrat\u00e9gia de Mercado Internacional da SIS\" title=\"Croatia (5)\" srcset=\"https:\/\/www.sisinternational.com\/wp-content\/uploads\/2025\/09\/Croatia-5.jpg 1456w, https:\/\/www.sisinternational.com\/wp-content\/uploads\/2025\/09\/Croatia-5-300x168.jpg 300w, https:\/\/www.sisinternational.com\/wp-content\/uploads\/2025\/09\/Croatia-5-1024x574.jpg 1024w, https:\/\/www.sisinternational.com\/wp-content\/uploads\/2025\/09\/Croatia-5-768x430.jpg 768w, https:\/\/www.sisinternational.com\/wp-content\/uploads\/2025\/09\/Croatia-5-18x10.jpg 18w\" sizes=\"auto, (max-width: 1456px) 100vw, 1456px\"><\/figure>\n\n\n\n<p><\/p>\n\n\n\n<p class=\"p2\">Este pa\u00eds em forma de meia-lua tem montanhas baixas e terras altas perto da costa. Tamb\u00e9m possui muitas plan\u00edcies e um grande n\u00famero de ilhas.<\/p>\n\n\n\n<p class=\"p2\">O primeiro assentamento moderno da Cro\u00e1cia ocorreu no in\u00edcio do s\u00e9culo VII. Os refugiados tamb\u00e9m chegaram durante a Primeira e a Segunda Guerras Mundiais. A Cro\u00e1cia \u00e9 agora uma rep\u00fablica governada por um parlamento.<\/p>\n\n\n\n<p class=\"p2\">A rica hist\u00f3ria e a paisagem encantadora fizeram dele o local escolhido para filmar partes da s\u00e9rie da HBO. <i>A Guerra dos Tronos<\/i>. Neste pa\u00eds, voc\u00ea tem muitas oportunidades para explorar e descobrir coisas novas.<\/p>\n\n\n\n<h2 class=\"wp-block-heading p3\">Atra\u00e7\u00f5es Tur\u00edsticas e Bairros<\/h2>\n\n\n\n<p class=\"p2\">Recentemente, a Cro\u00e1cia tornou-se um destino de f\u00e9rias reconhecido e cada vez mais turistas est\u00e3o a inclu\u00ed-la nos seus itiner\u00e1rios de viagem. O pa\u00eds inteiro \u00e9 de tirar o f\u00f4lego, com bairros de renome mundial como Split, Zagreb e Hvar.<\/p>\n\n\n\n<p><strong>\u2022Dubrovnik:<\/strong> Dubrovnik \u00e9 famosa pela sua deslumbrante Cidade Velha, rodeada por enormes muros de pedra. Este Patrim\u00f4nio Mundial da UNESCO oferece aos visitantes um vislumbre da hist\u00f3ria medieval da cidade, com sua arquitetura bem preservada, igrejas hist\u00f3ricas e ruas estreitas de paralelep\u00edpedos. A localiza\u00e7\u00e3o da cidade ao longo do Mar Adri\u00e1tico oferece vistas pitorescas e oportunidades para excurs\u00f5es costeiras.<\/p>\n\n\n\n<p><strong>\u2022 Parque Nacional dos Lagos Plitvice:<\/strong> O Parque Nacional dos Lagos Plitvice \u00e9 uma das maravilhas naturais mais espetaculares da Cro\u00e1cia, conhecido por seus lagos em cascata, cachoeiras e florestas exuberantes. Este Patrim\u00f3nio Mundial da UNESCO \u00e9 um para\u00edso para os amantes da natureza e oferece extensos trilhos para caminhadas que permitem aos visitantes explorar a sua paisagem \u00fanica. As \u00e1guas cristalinas do parque e a diversidade da vida selvagem fazem dele um destino de visita obrigat\u00f3ria.<\/p>\n\n\n\n<p><strong>\u2022 Dividir:<\/strong> Split, a segunda maior cidade da Cro\u00e1cia, \u00e9 um centro urbano vibrante com uma hist\u00f3ria rica. A pe\u00e7a central da cidade \u00e9 o Pal\u00e1cio de Diocleciano, um enorme complexo palaciano romano que hoje forma o cora\u00e7\u00e3o da cidade velha. O cal\u00e7ad\u00e3o \u00e0 beira-mar de Split, os mercados movimentados e as praias pr\u00f3ximas atraem entusiastas da hist\u00f3ria e viajantes a lazer.<\/p>\n\n\n\n<p><strong>\u2022 Ilha de Hvar:<\/strong> A Ilha de Hvar \u00e9 conhecida pelas suas paisagens deslumbrantes, belas praias e vida noturna animada. A cidade hist\u00f3rica de Hvar, na ilha, possui ruas encantadoras, fortalezas hist\u00f3ricas e uma marina vibrante repleta de iates luxuosos. O clima mediterr\u00e2neo e as \u00e1guas cristalinas de Hvar fazem dela um destino popular para quem procura sol e entusiastas de aventura.<\/p>\n\n\n\n<p><strong>\u2022 Zagrebe:<\/strong> Zagreb, a capital da Cro\u00e1cia, oferece uma mistura de charme hist\u00f3rico e comodidades modernas. A Cidade Alta da cidade apresenta arquitetura medieval, ruas de paralelep\u00edpedos e marcos hist\u00f3ricos como a Igreja de S\u00e3o Marcos e a Catedral de Zagreb. A Cidade Baixa de Zagreb \u00e9 conhecida pela sua vibrante cena cultural, com in\u00fameros museus, galerias e teatros.<\/p>\n\n\n\n<h2 class=\"wp-block-heading p3\">Principais ind\u00fastrias<\/h2>\n\n\n\n<p class=\"p2\">Croatia\u2019s main income products are food, drinks, tobacco, and chemical oil. The Croat people are also very skilled in agriculture, one of their key industries. Croatia is doing so well in agriculture that the World Bank has classed it as a high-income economy.<\/p>\n\n\n\n<p class=\"p2\">Croatia has many small farmers\u2019 markets scattered throughout the country. The vendors sell local fruits, vegetables, cheese, wine, and meat. Most are in the city centers, but others are in small villages.<\/p>\n\n\n\n<p>Em qualquer caso, a economia da Cro\u00e1cia \u00e9 impulsionada por v\u00e1rias ind\u00fastrias importantes que proporcionam oportunidades substanciais \u00e0s empresas e aos investidores. Compreender estas ind\u00fastrias e os seus principais intervenientes \u00e9 crucial para qualquer empresa que entre no mercado croata.<\/p>\n\n\n\n<ul class=\"wp-block-list\">\n<li><strong>Turismo:<\/strong> O turismo \u00e9 uma pedra angular da economia da Cro\u00e1cia, contribuindo significativamente para o PIB e o emprego. A deslumbrante costa do Adri\u00e1tico do pa\u00eds, cidades hist\u00f3ricas como Dubrovnik e Split e in\u00fameras ilhas atraem milh\u00f5es de turistas anualmente. Os principais intervenientes neste sector incluem ag\u00eancias de viagens como Atlas e Uniline e cadeias hoteleiras internacionais como Hilton e Marriott. O desenvolvimento cont\u00ednuo de resorts de luxo e projetos de ecoturismo continua a impulsionar esta ind\u00fastria.<\/li>\n\n\n\n<li><strong>Tecnologia e startups:<\/strong> O setor tecnol\u00f3gico da Cro\u00e1cia est\u00e1 a crescer rapidamente, com Zagreb a emergir como um centro tecnol\u00f3gico. Empresas como Infobip, Rimac Automobili e Nanobit mostram o potencial do pa\u00eds em comunica\u00e7\u00f5es m\u00f3veis, inova\u00e7\u00e3o automotiva e jogos. O ecossistema de apoio \u00e0s startups, alimentado por iniciativas governamentais e investimentos de capital de risco, impulsiona a inova\u00e7\u00e3o e o avan\u00e7o tecnol\u00f3gico.<\/li>\n\n\n\n<li><strong>Fabrica\u00e7\u00e3o:<\/strong> A manufatura \u00e9 outra ind\u00fastria cr\u00edtica, com a Cro\u00e1cia produzindo de tudo, desde pe\u00e7as automotivas at\u00e9 produtos farmac\u00eauticos. A presen\u00e7a de empresas consolidadas como Pliva (produto farmac\u00eautico) e AD Plastik (pe\u00e7as automotivas) destaca a diversidade e a capacidade de inova\u00e7\u00e3o do setor. A localiza\u00e7\u00e3o estrat\u00e9gica do pa\u00eds e a m\u00e3o-de-obra qualificada aumentam ainda mais a sua atractividade como centro industrial.<\/li>\n<\/ul>\n\n\n\n<h2 class=\"wp-block-heading\">Principais players no mercado croata<\/h2>\n\n\n\n<figure class=\"gb-block-image gb-block-image-88fdee43\"><img loading=\"lazy\" decoding=\"async\" width=\"1456\" height=\"816\" class=\"gb-image gb-image-88fdee43\" src=\"https:\/\/www.sisinternational.com\/wp-content\/uploads\/2025\/09\/Croatia-4.jpg\" alt=\"Pesquisa e Estrat\u00e9gia de Mercado Internacional da SIS\" title=\"Croatia (4)\" srcset=\"https:\/\/www.sisinternational.com\/wp-content\/uploads\/2025\/09\/Croatia-4.jpg 1456w, https:\/\/www.sisinternational.com\/wp-content\/uploads\/2025\/09\/Croatia-4-300x168.jpg 300w, https:\/\/www.sisinternational.com\/wp-content\/uploads\/2025\/09\/Croatia-4-1024x574.jpg 1024w, https:\/\/www.sisinternational.com\/wp-content\/uploads\/2025\/09\/Croatia-4-768x430.jpg 768w, https:\/\/www.sisinternational.com\/wp-content\/uploads\/2025\/09\/Croatia-4-18x10.jpg 18w\" sizes=\"auto, (max-width: 1456px) 100vw, 1456px\"><\/figure>\n\n\n\n<p><\/p>\n\n\n\n<p>O mercado croata \u00e9 representado por empresas locais proeminentes e intervenientes internacionais influentes, cada um contribuindo para o panorama econ\u00f3mico diversificado e din\u00e2mico do pa\u00eds. Isso inclui:<\/p>\n\n\n\n<ul class=\"wp-block-list\">\n<li><strong>Infobip:<\/strong> Como l\u00edder global em comunica\u00e7\u00f5es em nuvem, a Infobip \u00e9 uma das empresas de tecnologia mais bem-sucedidas da Cro\u00e1cia. Ele oferece um conjunto abrangente de solu\u00e7\u00f5es de mensagens, permitindo que as empresas se comuniquem com seus clientes por meio de aplicativos de SMS, e-mail, voz e chat.<\/li>\n\n\n\n<li><strong>Rimac Autom\u00f3veis:<\/strong> A Rimac Automobili \u00e9 um renomado fabricante de ve\u00edculos el\u00e9tricos e sistemas de baterias de alto desempenho. Conhecida por sua tecnologia de ponta e excel\u00eancia em engenharia, a Rimac se posicionou como l\u00edder na ind\u00fastria automotiva.<\/li>\n\n\n\n<li><strong>Podravka:<\/strong> A Podravka \u00e9 uma empresa l\u00edder em processamento de alimentos na Cro\u00e1cia, conhecida por sua ampla variedade de produtos aliment\u00edcios, incluindo o ic\u00f4nico tempero Vegeta. O compromisso da empresa com a qualidade e a inova\u00e7\u00e3o ajudou-a a manter uma forte presen\u00e7a nacional e internacional.<\/li>\n\n\n\n<li><strong>HEP (Companhia Croata de Energia El\u00e9trica):<\/strong> A HEP \u00e9 o ator dominante no setor energ\u00e9tico da Cro\u00e1cia, respons\u00e1vel pela gera\u00e7\u00e3o, transmiss\u00e3o e distribui\u00e7\u00e3o de eletricidade. Os investimentos significativos da empresa em projetos de energias renov\u00e1veis sublinham o seu compromisso com a sustentabilidade e a efici\u00eancia energ\u00e9tica.<\/li>\n\n\n\n<li><strong>Pliva:<\/strong> A Pliva \u00e9 uma importante empresa farmac\u00eautica na Cro\u00e1cia, com uma reputa\u00e7\u00e3o de longa data na produ\u00e7\u00e3o de medicamentos de alta qualidade. Como parte do grupo Teva Pharmaceutical Industries, a Pliva beneficia de extensos recursos de investiga\u00e7\u00e3o e desenvolvimento, o que lhe permite inovar e expandir a sua oferta de produtos.<\/li>\n<\/ul>\n\n\n\n<h2 class=\"wp-block-heading p3\">Tend\u00eancias<\/h2>\n\n\n\n<p class=\"p2\">A Cro\u00e1cia tem uma economia em desenvolvimento, de elevado rendimento e baseada em servi\u00e7os. O pa\u00eds sofreu durante as Guerras Iugoslavas na d\u00e9cada de 1990. Foi somente ap\u00f3s o fim das guerras que a economia come\u00e7ou a melhorar. Ap\u00f3s as guerras, o pa\u00eds tornou-se uma economia baseada no mercado. Assim, a economia croata \u00e9 hoje uma das mais fortes do Sudeste Europeu.<\/p>\n\n\n\n<h2 class=\"wp-block-heading p3\">Raz\u00f5es para come\u00e7ar um neg\u00f3cio na Cro\u00e1cia<\/h2>\n\n\n\n<p class=\"p2\">Croatia\u2019s location is the main reason it is a great place to run a business. Moreover, Croatia has travel connections to Europe and the rest of the world by sea, road, and air, attracting many tourists. Other reasons are its modern infrastructure, stability overall, and educated workforce. The country also continues to develop its transport, telecommunications, and energy equipment.<\/p>\n\n\n\n<h2 class=\"wp-block-heading\">Resultados esperados da pesquisa de mercado da SIS na Cro\u00e1cia<\/h2>\n\n\n\n<p><strong>Compreens\u00e3o aprimorada do mercado:<\/strong><\/p>\n\n\n\n<p><a href=\"https:\/\/www.linkedin.com\/company\/sisinternationalresearch\/\" target=\"_blank\" rel=\"noopener\"><span style=\"font-weight: 400;\">SIS Internacional<\/span><\/a>A pesquisa de mercado da d\u00e1 \u00e0s empresas uma compreens\u00e3o profunda do mercado croata. Isso inclui insights sobre o comportamento do consumidor, a demanda do mercado e a din\u00e2mica competitiva. Com este conhecimento, as empresas podem adaptar as suas estrat\u00e9gias para se alinharem com as prefer\u00eancias locais e as condi\u00e7\u00f5es do mercado.<\/p>\n\n\n\n<p><strong>Tomada de decis\u00e3o informada:<\/strong><\/p>\n\n\n\n<p>A pesquisa de mercado fornece \u00e0s empresas os dados para tomar decis\u00f5es informadas. As empresas podem identificar oportunidades e potenciais desafios analisando as tend\u00eancias do mercado e o feedback dos consumidores, levando a um planeamento mais estrat\u00e9gico e a uma execu\u00e7\u00e3o eficaz.<\/p>\n\n\n\n<p><strong>Mitiga\u00e7\u00e3o de riscos:<\/strong><\/p>\n\n\n\n<p>Um dos principais benef\u00edcios da pesquisa de mercado \u00e9 sua capacidade de mitigar riscos. Ao compreender o cen\u00e1rio do mercado e as potenciais armadilhas, as empresas podem desenvolver planos de conting\u00eancia e estrat\u00e9gias proativas para enfrentar as incertezas. Isso reduz a probabilidade de erros dispendiosos e aumenta a resili\u00eancia geral dos neg\u00f3cios.<\/p>\n\n\n\n<p><strong>ROI melhorado:<\/strong><\/p>\n\n\n\n<p>Investir em pesquisas de mercado geralmente leva a um melhor ROI. As empresas podem otimizar seus esfor\u00e7os de marketing, desenvolvimento de produtos e estrat\u00e9gias operacionais tomando decis\u00f5es baseadas em dados. Isto aumenta a rentabilidade e garante um crescimento sustent\u00e1vel no mercado croata.<\/p>\n\n\n\n<p><strong>Vantagem Estrat\u00e9gica:<\/strong><\/p>\n\n\n\n<p><a href=\"https:\/\/twitter.com\/SISIntlResearch\" target=\"_blank\" rel=\"noopener\"><span style=\"font-weight: 400;\">SIS<\/span><\/a> d\u00e1 \u00e0s empresas uma vantagem estrat\u00e9gica sobre os concorrentes. As empresas podem inovar e adaptar-se de forma mais eficaz, mantendo-se \u00e0 frente das tend\u00eancias do mercado e das prefer\u00eancias dos consumidores. Esta vantagem competitiva \u00e9 crucial para manter e expandir a quota de mercado.<\/p>\n\n\n\n<h2 class=\"wp-block-heading\">Localiza\u00e7\u00e3o de nossas instala\u00e7\u00f5es em Nova York<\/h2>\n\n\n\n<p>  <iframe loading=\"lazy\" src=\"https:\/\/www.google.com\/maps\/embed?pb=!1m18!1m12!1m3!1d3022.976188376966!2d-73.99130312499956!3d40.740549471389315!2m3!1f0!2f0!3f0!3m2!1i1024!2i768!4f13.1!3m3!1m2!1s0x89c259a15798c731%3A0xd695d09bdd495f25!2s11%20E%2022nd%20St%20FL%202%2C%20New%20York%2C%20NY%2010010%2C%20USA!5e0!3m2!1sen!2spe!4v1726171763526!5m2!1sen!2spe\" width=\"600\" height=\"450\" allowfullscreen=\"allowfullscreen\" data-mce-fragment=\"1\"><\/iframe>  <\/p>\n\n\n\n<h3 class=\"wp-block-heading\">11 E 22nd Street, 2\u00ba andar, Nova York, NY 10010 T: +1(212) 505-6805<\/h3>\n\n\n\n<hr class=\"wp-block-separator has-alpha-channel-opacity\"\/>\n\n\n\n<h2 class=\"wp-block-heading\"><span style=\"font-weight: 400;\">Sobre SIS Internacional<\/span><\/h2>\n\n\n\n<p><a href=\"https:\/\/www.sisinternational.com\/pt\/\"><span style=\"font-weight: 400;\">SIS Internacional<\/span><\/a><span style=\"font-weight: 400;\"> oferece pesquisa quantitativa, qualitativa e estrat\u00e9gica. Fornecemos dados, ferramentas, estrat\u00e9gias, relat\u00f3rios e insights para a tomada de decis\u00f5es. Tamb\u00e9m realizamos entrevistas, pesquisas, grupos focais e outros m\u00e9todos e abordagens de Pesquisa de Mercado.<\/span><a href=\"https:\/\/www.sisinternational.com\/pt\/sobre-a-sis-international-research\/contact-sis-international-market-research\/\"><span style=\"font-weight: 400;\"> Entre em contato conosco<\/span><\/a><span style=\"font-weight: 400;\"> para o seu pr\u00f3ximo projeto de pesquisa de mercado.<\/span><\/p>\n\n\n\n<p><\/p>","protected":false},"excerpt":{"rendered":"<p>Expanda seus neg\u00f3cios com pesquisa de mercado na Cro\u00e1cia.<\/p>","protected":false},"author":1,"featured_media":65946,"parent":14510,"menu_order":42,"comment_status":"closed","ping_status":"closed","template":"","meta":{"footnotes":""},"class_list":["post-38806","page","type-page","status-publish","has-post-thumbnail"],"_links":{"self":[{"href":"https:\/\/www.sisinternational.com\/pt\/wp-json\/wp\/v2\/pages\/38806","targetHints":{"allow":["GET"]}}],"collection":[{"href":"https:\/\/www.sisinternational.com\/pt\/wp-json\/wp\/v2\/pages"}],"about":[{"href":"https:\/\/www.sisinternational.com\/pt\/wp-json\/wp\/v2\/types\/page"}],"author":[{"embeddable":true,"href":"https:\/\/www.sisinternational.com\/pt\/wp-json\/wp\/v2\/users\/1"}],"replies":[{"embeddable":true,"href":"https:\/\/www.sisinternational.com\/pt\/wp-json\/wp\/v2\/comments?post=38806"}],"version-history":[{"count":10,"href":"https:\/\/www.sisinternational.com\/pt\/wp-json\/wp\/v2\/pages\/38806\/revisions"}],"predecessor-version":[{"id":81185,"href":"https:\/\/www.sisinternational.com\/pt\/wp-json\/wp\/v2\/pages\/38806\/revisions\/81185"}],"up":[{"embeddable":true,"href":"https:\/\/www.sisinternational.com\/pt\/wp-json\/wp\/v2\/pages\/14510"}],"wp:featuredmedia":[{"embeddable":true,"href":"https:\/\/www.sisinternational.com\/pt\/wp-json\/wp\/v2\/media\/65946"}],"wp:attachment":[{"href":"https:\/\/www.sisinternational.com\/pt\/wp-json\/wp\/v2\/media?parent=38806"}],"curies":[{"name":"wp","href":"https:\/\/api.w.org\/{rel}","templated":true}]}}