{"id":38800,"date":"2021-09-14T02:58:29","date_gmt":"2021-09-14T02:58:29","guid":{"rendered":"https:\/\/www.sisinternational.com\/?page_id=38800"},"modified":"2026-01-24T20:38:35","modified_gmt":"2026-01-25T01:38:35","slug":"pesquisa-de-mercado-bosnia-e-herzegovina","status":"publish","type":"page","link":"https:\/\/www.sisinternational.com\/pt\/cobertura\/europa\/pesquisa-de-mercado-bosnia-e-herzegovina\/","title":{"rendered":"Pesquisa de mercado na B\u00f3snia e Herzegovina"},"content":{"rendered":"<h1 class=\"wp-block-heading\">Pesquisa de mercado na B\u00f3snia e Herzegovina<\/h1>\n\n\n\n<figure class=\"gb-block-image gb-block-image-c6e007f8\"><img loading=\"lazy\" decoding=\"async\" width=\"1456\" height=\"816\" class=\"gb-image gb-image-c6e007f8\" src=\"https:\/\/www.sisinternational.com\/wp-content\/uploads\/2025\/09\/Bosnia-and-Herzegovina-2.jpg\" alt=\"Pesquisa e Estrat\u00e9gia de Mercado Internacional da SIS\" title=\"Bosnia and Herzegovina (2)\" srcset=\"https:\/\/www.sisinternational.com\/wp-content\/uploads\/2025\/09\/Bosnia-and-Herzegovina-2.jpg 1456w, https:\/\/www.sisinternational.com\/wp-content\/uploads\/2025\/09\/Bosnia-and-Herzegovina-2-300x168.jpg 300w, https:\/\/www.sisinternational.com\/wp-content\/uploads\/2025\/09\/Bosnia-and-Herzegovina-2-1024x574.jpg 1024w, https:\/\/www.sisinternational.com\/wp-content\/uploads\/2025\/09\/Bosnia-and-Herzegovina-2-768x430.jpg 768w, https:\/\/www.sisinternational.com\/wp-content\/uploads\/2025\/09\/Bosnia-and-Herzegovina-2-18x10.jpg 18w\" sizes=\"auto, (max-width: 1456px) 100vw, 1456px\"><\/figure>\n\n\n\n<p><\/p>\n\n\n\n<hr class=\"wp-block-separator has-alpha-channel-opacity is-style-dots\"\/>\n\n\n\n<h3 class=\"wp-block-heading\"><span style=\"font-weight: 400;\">A B\u00f3snia e Herzegovina oferece oportunidades significativas para empresas dispostas a investir em an\u00e1lises de mercado minuciosas \u2013 e a pesquisa de mercado na B\u00f3snia e Herzegovina pode revelar conhecimentos cr\u00edticos que orientam decis\u00f5es empresariais estrat\u00e9gicas.&nbsp;<\/span><\/h3>\n\n\n\n<h2 class=\"wp-block-heading\"><strong>O que \u00e9 pesquisa de mercado na B\u00f3snia e Herzegovina?<\/strong><\/h2>\n\n\n\n<p><span style=\"font-weight: 400;\">A pesquisa de mercado na B\u00f3snia e Herzegovina proporciona \u00e0s empresas uma compreens\u00e3o abrangente do cen\u00e1rio econ\u00f3mico, dos comportamentos dos consumidores e da din\u00e2mica competitiva espec\u00edfica da B\u00f3snia e Herzegovina. Ele equipa as empresas com intelig\u00eancia acion\u00e1vel que apoia a tomada de decis\u00f5es informadas. Isto inclui identificar segmentos de mercado-alvo, compreender as necessidades e prefer\u00eancias dos consumidores e avaliar a efic\u00e1cia das estrat\u00e9gias de marketing.&nbsp;<\/span><\/p>\n\n\n\n<h2 class=\"wp-block-heading\"><strong>Import\u00e2ncia da Pesquisa de Mercado na B\u00f3snia e Herzegovina<\/strong><\/h2>\n\n\n\n<p><span style=\"font-weight: 400;\">A investiga\u00e7\u00e3o de mercado na B\u00f3snia e Herzegovina \u00e9 essencial para compreender as condi\u00e7\u00f5es econ\u00f3micas locais e os comportamentos dos consumidores, que podem variar muito em rela\u00e7\u00e3o a outras regi\u00f5es. Isso inclui obter insights sobre as prefer\u00eancias do consumidor, padr\u00f5es de compra e necessidades n\u00e3o atendidas. Ao compreender estes factores, as empresas podem adaptar os seus produtos e servi\u00e7os para satisfazer as exig\u00eancias locais e aumentar a satisfa\u00e7\u00e3o do cliente.<\/span><\/p>\n\n\n\n<p><span style=\"font-weight: 400;\">Al\u00e9m disso, a pesquisa de mercado fornece informa\u00e7\u00f5es valiosas sobre o cen\u00e1rio competitivo na B\u00f3snia e Herzegovina. Analisar os pontos fortes e fracos dos concorrentes, identificar lacunas de mercado e desenvolver estrat\u00e9gias para se diferenciar dos concorrentes s\u00e3o cruciais para obter vantagem competitiva.&nbsp;<\/span><\/p>\n\n\n\n<h2 class=\"wp-block-heading\"><strong>Quem usa pesquisas de mercado na B\u00f3snia e Herzegovina?<\/strong><\/h2>\n\n\n\n<figure class=\"gb-block-image gb-block-image-d2fddbe9\"><img loading=\"lazy\" decoding=\"async\" width=\"1456\" height=\"816\" class=\"gb-image gb-image-d2fddbe9\" src=\"https:\/\/www.sisinternational.com\/wp-content\/uploads\/2025\/09\/Bosnia-and-Herzegovina-1.jpg\" alt=\"Pesquisa e Estrat\u00e9gia de Mercado Internacional da SIS\" title=\"Bosnia and Herzegovina (1)\" srcset=\"https:\/\/www.sisinternational.com\/wp-content\/uploads\/2025\/09\/Bosnia-and-Herzegovina-1.jpg 1456w, https:\/\/www.sisinternational.com\/wp-content\/uploads\/2025\/09\/Bosnia-and-Herzegovina-1-300x168.jpg 300w, https:\/\/www.sisinternational.com\/wp-content\/uploads\/2025\/09\/Bosnia-and-Herzegovina-1-1024x574.jpg 1024w, https:\/\/www.sisinternational.com\/wp-content\/uploads\/2025\/09\/Bosnia-and-Herzegovina-1-768x430.jpg 768w, https:\/\/www.sisinternational.com\/wp-content\/uploads\/2025\/09\/Bosnia-and-Herzegovina-1-18x10.jpg 18w\" sizes=\"auto, (max-width: 1456px) 100vw, 1456px\"><\/figure>\n\n\n\n<p><\/p>\n\n\n\n<p><span style=\"font-weight: 400;\">Market research in Bosnia and Herzegovina is utilized by diverse stakeholders, each benefitting from its insights to enhance their operations and strategic planning. <\/span><b>Corpora\u00e7\u00f5es multinacionais<\/b><span style=\"font-weight: 400;\"> est\u00e3o entre os principais utilizadores, aproveitando a pesquisa de mercado para adaptar as suas estrat\u00e9gias globais ao contexto local.&nbsp;<\/span><\/p>\n\n\n\n<p><b>Neg\u00f3cio local<\/b><span style=\"font-weight: 400;\"> tamb\u00e9m dependem fortemente de pesquisas de mercado para manter a competitividade. Compreender as tend\u00eancias do mercado e as prefer\u00eancias dos consumidores \u00e9 crucial para que estas empresas permane\u00e7am relevantes e impulsionem o crescimento. A pesquisa de mercado na B\u00f3snia e Herzegovina ajuda-os a identificar oportunidades de inova\u00e7\u00e3o e melhoria, garantindo que podem satisfazer as necessidades crescentes dos seus clientes.<\/span><\/p>\n\n\n\n<p><span style=\"font-weight: 400;\">Al\u00e9m disso, <\/span><b>ag\u00eancias governamentais<\/b><span style=\"font-weight: 400;\"> e <\/span><b>organiza\u00e7\u00f5es n\u00e3o governamentais (ONGs)<\/b><span style=\"font-weight: 400;\"> utilizar pesquisas de mercado para informar a formula\u00e7\u00e3o de pol\u00edticas e o desenvolvimento de programas. Ao obter conhecimentos sobre as condi\u00e7\u00f5es econ\u00f3micas, a opini\u00e3o p\u00fablica e as quest\u00f5es sociais, estas entidades podem conceber interven\u00e7\u00f5es mais eficazes e apoiar iniciativas que promovam o desenvolvimento econ\u00f3mico e o bem-estar social na B\u00f3snia e Herzegovina.<\/span><\/p>\n\n\n\n<h2 class=\"wp-block-heading\"><strong>Quando realizar pesquisas de mercado na B\u00f3snia e Herzegovina<\/strong><\/h2>\n\n\n\n<p><span style=\"font-weight: 400;\">Market research in Bosnia and Herzegovina is essential at various business planning and development stages. Businesses should undertake market research when considering <\/span><b>a entrada no mercado<\/b><span style=\"font-weight: 400;\">. Isto ajuda a avaliar a viabilidade de entrada no mercado b\u00f3snio, a compreender os requisitos regulamentares e a identificar potenciais barreiras \u00e0 entrada.<\/span><\/p>\n\n\n\n<p><span style=\"font-weight: 400;\">A pesquisa de mercado tamb\u00e9m \u00e9 cr\u00edtica durante o <\/span><b>desenvolvimento de produto<\/b><span style=\"font-weight: 400;\"> phase. By gathering feedback from potential customers and analyzing market needs, businesses can design products and services that align with local preferences and expectations.<\/span><\/p>\n\n\n\n<h2 class=\"wp-block-heading\"><strong>Ind\u00fastrias-chave na B\u00f3snia e Herzegovina<\/strong><\/h2>\n\n\n\n<figure class=\"gb-block-image gb-block-image-d1790076\"><img loading=\"lazy\" decoding=\"async\" width=\"1456\" height=\"816\" class=\"gb-image gb-image-d1790076\" src=\"https:\/\/www.sisinternational.com\/wp-content\/uploads\/2025\/09\/Bosnia-and-Herzegovina-3.jpg\" alt=\"Pesquisa e Estrat\u00e9gia de Mercado Internacional da SIS\" title=\"Bosnia and Herzegovina (3)\" srcset=\"https:\/\/www.sisinternational.com\/wp-content\/uploads\/2025\/09\/Bosnia-and-Herzegovina-3.jpg 1456w, https:\/\/www.sisinternational.com\/wp-content\/uploads\/2025\/09\/Bosnia-and-Herzegovina-3-300x168.jpg 300w, https:\/\/www.sisinternational.com\/wp-content\/uploads\/2025\/09\/Bosnia-and-Herzegovina-3-1024x574.jpg 1024w, https:\/\/www.sisinternational.com\/wp-content\/uploads\/2025\/09\/Bosnia-and-Herzegovina-3-768x430.jpg 768w, https:\/\/www.sisinternational.com\/wp-content\/uploads\/2025\/09\/Bosnia-and-Herzegovina-3-18x10.jpg 18w\" sizes=\"auto, (max-width: 1456px) 100vw, 1456px\"><\/figure>\n\n\n\n<p><\/p>\n\n\n\n<p><span style=\"font-weight: 400;\">A B\u00f3snia e Herzegovina acolhe uma variedade de ind\u00fastrias-chave que impulsionam a sua economia e oferecem oportunidades substanciais para pesquisa de mercado. <\/span><b>Agricultura<\/b><span style=\"font-weight: 400;\"> continua a ser um setor fundamental, com empresas como a Mlijekoprodukt e a Vispak liderando a produ\u00e7\u00e3o de latic\u00ednios e caf\u00e9. Compreender as prefer\u00eancias dos consumidores e a din\u00e2mica do mercado neste setor \u00e9 crucial para as empresas que pretendem entrar ou expandir-se na B\u00f3snia e Herzegovina.<\/span><\/p>\n\n\n\n<p><b>Fabrica\u00e7\u00e3o<\/b><span style=\"font-weight: 400;\"> tamb\u00e9m \u00e9 significativo, especialmente na produ\u00e7\u00e3o de pe\u00e7as automotivas, t\u00eaxteis e m\u00f3veis. Empresas como Grupo Prevent e F\u00e1brica de M\u00f3veis Padr\u00e3o s\u00e3o atores-chave. A pesquisa de mercado ajuda essas empresas a otimizar processos de produ\u00e7\u00e3o, reduzir custos e inovar para permanecerem competitivas.<\/span><\/p>\n\n\n\n<p><span style=\"font-weight: 400;\">O <\/span><b>setor de tecnologia da informa\u00e7\u00e3o<\/b><span style=\"font-weight: 400;\"> est\u00e1 crescendo rapidamente e \u00e9 impulsionado por empresas como Authority Partners e Atlantbh. Este setor beneficia imensamente de pesquisas de mercado que identificam tend\u00eancias tecnol\u00f3gicas, necessidades dos consumidores e \u00e1reas potenciais para inova\u00e7\u00e3o.<\/span><\/p>\n\n\n\n<p><b>Turismo<\/b><span style=\"font-weight: 400;\"> is another vital sector, with Bosnia and Herzegovina&#8217;s rich cultural heritage and natural beauty attracting visitors worldwide. Businesses like Visit Sarajevo and Green <a href=\"https:\/\/www.sisinternational.com\/pt\/solucoes\/pesquisa-de-mercado-de-ia-e-consultoria-estrategica\/pesquisa-de-mercado-de-ia-de-visao-computacional\/\" title=\"Pesquisa de mercado de IA de vis\u00e3o computacional\"  data-wpil-monitor-id=\"2782\">Visions utilize market research<\/a> to enhance their services and attract more tourists.<\/span><\/p>\n\n\n\n<h2 class=\"wp-block-heading p3\">Bairros<\/h2>\n\n\n\n<p class=\"p2\">Sarajevo \u00e9 a capital e maior cidade. Tamb\u00e9m \u00e9 conhecida como a \u201cJerusal\u00e9m da Europa\u201d devido \u00e0 sua rica hist\u00f3ria e museus. Esta cidade \u00e9 um centro pol\u00edtico, social e cultural com uma influ\u00eancia not\u00e1vel no cen\u00e1rio mais amplo de entretenimento, m\u00eddia, moda e artes da regi\u00e3o. Tem diversas religi\u00f5es e culturas, e muitas religi\u00f5es coexistem nos mesmos lugares. A cidade tamb\u00e9m \u00e9 conhecida por seus diversos mirantes. Essas vis\u00f5es s\u00e3o populares entre os turistas.<\/p>\n\n\n\n<p class=\"p2\">Outra cidade importante \u00e9 Tuzla. A ind\u00fastria \u00e9 tamb\u00e9m o seu principal setor e tem apar\u00eancia sovi\u00e9tica. Portanto, n\u00e3o \u00e9 o local mais bonito aqui. Apesar disso, tem uma hist\u00f3ria rica. H\u00e1 evid\u00eancias que sugerem que foi um pr\u00f3spero assentamento neol\u00edtico. A produ\u00e7\u00e3o de sal na cidade \u00e9 uma importante fonte de renda. Existem extensos dep\u00f3sitos de sal abaixo da cidade. O nome Tuzla deriva da palavra \u201ctuzia\u201d. Esta \u00e9 uma palavra turca otomana para mina de sal.<\/p>\n\n\n\n<h2 class=\"wp-block-heading\"><strong>Principais atra\u00e7\u00f5es tur\u00edsticas da B\u00f3snia e Herzegovina<\/strong><\/h2>\n\n\n\n<p><span style=\"font-weight: 400;\">A B\u00f3snia e Herzegovina possui in\u00fameras atra\u00e7\u00f5es tur\u00edsticas que atraem visitantes de todo o mundo. Compreender essas atra\u00e7\u00f5es \u00e9 crucial para que as empresas de turismo adaptem seus servi\u00e7os e estrat\u00e9gias de marketing.<\/span><\/p>\n\n\n\n<ul class=\"wp-block-list\">\n<li><b>Sarajevo<\/b><span style=\"font-weight: 400;\">: The capital city, known for its historical significance and cultural diversity, offers attractions such as the Latin Bridge, the site of Archduke Franz Ferdinand&#8217;s assassination, and Ba\u0161\u010dar\u0161ija, the old bazaar filled with traditional crafts and food.<\/span><\/li>\n\n\n\n<li><b>Mostar<\/b><span style=\"font-weight: 400;\">: Famosa pela sua ic\u00f3nica Stari Most (Ponte Velha), Mostar \u00e9 um s\u00edmbolo de reconcilia\u00e7\u00e3o e patrim\u00f3nio cultural. A cidade atrai turistas com sua arquitetura deslumbrante e mercados de rua vibrantes.<\/span><\/li>\n\n\n\n<li><b>Medjugorje<\/b><span style=\"font-weight: 400;\">: Esta cidade tornou-se um importante local de peregrina\u00e7\u00e3o cat\u00f3lica desde as apari\u00e7\u00f5es da Virgem Maria em 1981. Atrai milhares de peregrinos e turistas anualmente.<\/span><\/li>\n\n\n\n<li><b>Blagaj<\/b><span style=\"font-weight: 400;\">: Conhecido pelo Blagaj Tekke, um mosteiro Dervixe situado na nascente do rio Buna, Blagaj \u00e9 um local de import\u00e2ncia espiritual e hist\u00f3rica, oferecendo vistas panor\u00e2micas e tranquilidade.<\/span><\/li>\n\n\n\n<li><b>Jajce<\/b><span style=\"font-weight: 400;\">: Esta cidade hist\u00f3rica \u00e9 famosa pela sua bela cascata no centro da cidade e pela sua fortaleza medieval, que d\u00e3o aos visitantes um vislumbre da rica hist\u00f3ria da B\u00f3snia e Herzegovina.<\/span><\/li>\n\n\n\n<li><b>Trebinje<\/b><span style=\"font-weight: 400;\">: Uma cidade pitoresca na parte sul do pa\u00eds, Trebinje \u00e9 conhecida pelo seu clima mediterr\u00e2nico, pelo seu centro hist\u00f3rico e pela Ponte Arslanagi\u0107a do s\u00e9culo XVI.<\/span><\/li>\n<\/ul>\n\n\n\n<h2 class=\"wp-block-heading p3\">Benef\u00edcios e pontos fortes no mercado<\/h2>\n\n\n\n<p class=\"p2\">Este pa\u00eds est\u00e1 aberto ao investimento estrangeiro e oferece um regime comercial muito liberal. Seus ricos recursos naturais o tornam ideal para diversos neg\u00f3cios e h\u00e1 muitas oportunidades em diversos setores.<\/p>\n\n\n\n<p class=\"p2\">Por exemplo, tem espa\u00e7o para fornecedores da ind\u00fastria metal\u00fargica. Outro exemplo est\u00e1 na ind\u00fastria de energia. O pa\u00eds tamb\u00e9m pode empreender projectos como a constru\u00e7\u00e3o e moderniza\u00e7\u00e3o de centrais el\u00e9ctricas. Existem muitas perspectivas de neg\u00f3cios em outros setores.<\/p>\n\n\n\n<h2 class=\"wp-block-heading\"><strong>Pesquisa de mercado na B\u00f3snia e Herzegovina: an\u00e1lise SWOT&nbsp;<\/strong><\/h2>\n\n\n\n<p><span style=\"font-weight: 400;\">Compreender os pontos fortes, fracos, oportunidades e amea\u00e7as do mercado b\u00f3snio \u00e9 essencial para as empresas que planeiam entrar ou expandir-se nesta regi\u00e3o.<\/span><\/p>\n\n\n\n<h3 class=\"wp-block-heading\"><b>For\u00e7as<\/b><span style=\"font-weight: 400;\">:&nbsp;<\/span><\/h3>\n\n\n\n<p><span style=\"font-weight: 400;\">A B\u00f3snia e Herzegovina possui uma localiza\u00e7\u00e3o estrat\u00e9gica no Sudeste da Europa, proporcionando acesso a v\u00e1rios mercados regionais. O pa\u00eds tem uma m\u00e3o-de-obra qualificada e custos laborais competitivos, o que o torna um destino atraente para investimento. Al\u00e9m disso, o rico patrim\u00f3nio cultural e as diversas paisagens naturais da B\u00f3snia e Herzegovina fazem dela um destino popular para o turismo.<\/span><\/p>\n\n\n\n<h3 class=\"wp-block-heading\"><b>Fraquezas<\/b><span style=\"font-weight: 400;\">:&nbsp;<\/span><\/h3>\n\n\n\n<p><span style=\"font-weight: 400;\">Apesar destes pontos fortes, o mercado enfrenta volatilidade econ\u00f3mica e uma base de consumidores relativamente pequena. O acesso limitado a tecnologias avan\u00e7adas e n\u00edveis mais baixos de inova\u00e7\u00e3o tamb\u00e9m podem dificultar o crescimento empresarial. Al\u00e9m disso, os processos burocr\u00e1ticos e as complexidades regulamentares podem colocar dificuldades \u00e0 entrada de novas empresas no mercado.<\/span><\/p>\n\n\n\n<h3 class=\"wp-block-heading\"><b>Oportunidades<\/b><span style=\"font-weight: 400;\">:&nbsp;<\/span><\/h3>\n\n\n\n<p><span style=\"font-weight: 400;\">Existem in\u00fameras oportunidades para empresas na B\u00f3snia e Herzegovina. A crescente economia digital apresenta caminhos para empresas de tecnologia e startups. O foco do pa\u00eds no desenvolvimento sustent\u00e1vel abre portas para neg\u00f3cios verdes e projetos de energia renov\u00e1vel. Al\u00e9m disso, a crescente demanda dos consumidores por produtos e servi\u00e7os de qualidade oferece oportunidades de diferencia\u00e7\u00e3o de mercado.<\/span><\/p>\n\n\n\n<h3 class=\"wp-block-heading\"><b>Amea\u00e7as<\/b><span style=\"font-weight: 400;\">:&nbsp;<\/span><\/h3>\n\n\n\n<p><span style=\"font-weight: 400;\">As amea\u00e7as potenciais incluem instabilidade econ\u00f3mica e mudan\u00e7as nas pol\u00edticas governamentais que podem impactar as opera\u00e7\u00f5es comerciais. O cen\u00e1rio competitivo tamb\u00e9m pode ser desafiador, com atores estabelecidos dominando setores-chave. Al\u00e9m disso, as condi\u00e7\u00f5es econ\u00f3micas globais e as tens\u00f5es geopol\u00edticas podem afectar a din\u00e2mica do mercado da B\u00f3snia e Herzegovina.<\/span><\/p>\n\n\n\n<h2 class=\"wp-block-heading\"><strong>Como a pesquisa de mercado da SIS International na B\u00f3snia e Herzegovina ajuda as empresas<\/strong><\/h2>\n\n\n\n<p><a href=\"https:\/\/twitter.com\/SISIntlResearch\" target=\"_blank\" rel=\"noopener\"><span style=\"font-weight: 400;\">SIS<\/span><\/a><span style=\"font-weight: 400;\"> ajuda as empresas a navegar pelas complexidades do mercado b\u00f3snio. Ao fornecer insights abrangentes sobre as condi\u00e7\u00f5es de mercado, os comportamentos dos consumidores e a din\u00e2mica competitiva, a SIS International permite que as empresas tomem decis\u00f5es informadas que impulsionam o crescimento e a inova\u00e7\u00e3o.<\/span><\/p>\n\n\n\n<p><b>Reduzindo o risco<\/b><span style=\"font-weight: 400;\">:&nbsp;<\/span><\/p>\n\n\n\n<p><span style=\"font-weight: 400;\">Nossa equipe ajuda as empresas a identificar riscos potenciais e desenvolver estrat\u00e9gias para mitig\u00e1-los. Esta abordagem proativa reduz a incerteza e melhora os processos de tomada de decis\u00e3o.<\/span><\/p>\n\n\n\n<p><b>Aumentando a receita<\/b><span style=\"font-weight: 400;\">:&nbsp;<\/span><\/p>\n\n\n\n<p><span style=\"font-weight: 400;\">Ao compreender as prefer\u00eancias dos consumidores e as tend\u00eancias do mercado, as empresas podem adaptar as suas ofertas para satisfazer a procura, aumentando as vendas e as receitas.<\/span><\/p>\n\n\n\n<p><b>Economizando dinheiro<\/b><span style=\"font-weight: 400;\">:&nbsp;<\/span><\/p>\n\n\n\n<p><a href=\"https:\/\/www.linkedin.com\/company\/sisinternationalresearch\/\" target=\"_blank\" rel=\"noopener\"><span style=\"font-weight: 400;\">SIS Internacional<\/span><\/a><span style=\"font-weight: 400;\">Os especialistas da empresa permitem que as empresas aloquem recursos de forma mais eficiente, minimizando desperd\u00edcios e otimizando o investimento. Isso leva a economia de custos e maior efici\u00eancia operacional.<\/span><\/p>\n\n\n\n<p><b>Economizando tempo<\/b><span style=\"font-weight: 400;\">:&nbsp;<\/span><\/p>\n\n\n\n<p><span style=\"font-weight: 400;\">O acesso a informa\u00e7\u00f5es de mercado precisas e oportunas acelera a tomada de decis\u00f5es, permitindo que as empresas respondam rapidamente \u00e0s mudan\u00e7as do mercado e aproveitem as oportunidades.<\/span><\/p>\n\n\n\n<p><b>Acelerando o crescimento e a inova\u00e7\u00e3o<\/b><span style=\"font-weight: 400;\">:&nbsp;<\/span><\/p>\n\n\n\n<p><span style=\"font-weight: 400;\">Uma pesquisa de mercado abrangente fornece insights que impulsionam o desenvolvimento e a inova\u00e7\u00e3o de produtos. Isso ajuda as empresas a permanecerem competitivas e alcan\u00e7arem um crescimento sustent\u00e1vel.<\/span><\/p>\n\n\n\n<p><b>Aumentando o ROI<\/b><span style=\"font-weight: 400;\">:&nbsp;<\/span><\/p>\n\n\n\n<p><span style=\"font-weight: 400;\">A SIS maximiza o retorno do investimento identificando os segmentos e oportunidades de mercado mais promissores. As empresas podem concentrar os seus esfor\u00e7os em \u00e1reas de elevado potencial e alcan\u00e7ar melhores resultados.<\/span><\/p>\n\n\n\n<h2 class=\"wp-block-heading p3\">Raz\u00f5es para expandir o seu neg\u00f3cio no mercado b\u00f3snio<\/h2>\n\n\n\n<p class=\"p2\">Exportadores e investidores bem preparados t\u00eam muitas perspectivas de neg\u00f3cios. Os investidores estrangeiros gozam dos mesmos direitos que os cidad\u00e3os. Eles s\u00e3o tributados com taxas mais baixas e se beneficiam de um sistema jur\u00eddico s\u00f3lido. O pa\u00eds tamb\u00e9m possui uma for\u00e7a de trabalho bem educada e altamente qualificada.<\/p>\n\n\n\n<div class=\"is-root-container is-desktop-preview is-layout-flow wp-block-post-content block-editor-block-list__layout\" spellcheck=\"false\">\n<div id=\"block-384c2a08-a270-48c9-9b10-b335265edad1\" class=\"block-editor-block-list__block wp-block is-selected wp-block-freeform is-hovered\" tabindex=\"0\" role=\"document\" aria-label=\"Block: Classic\" data-block=\"384c2a08-a270-48c9-9b10-b335265edad1\" data-type=\"core\/freeform\" data-title=\"Classic\">\n<div id=\"editor-384c2a08-a270-48c9-9b10-b335265edad1\" class=\"wp-block-freeform block-library-rich-text__tinymce mce-content-body html5-captions mce-edit-focus\" style=\"position: relative;\" contenteditable=\"true\">\n<h2>Localiza\u00e7\u00e3o de nossas instala\u00e7\u00f5es em Nova York<\/h2>\n<p>  <iframe loading=\"lazy\" src=\"https:\/\/www.google.com\/maps\/embed?pb=!1m18!1m12!1m3!1d3022.976188376966!2d-73.99130312499956!3d40.740549471389315!2m3!1f0!2f0!3f0!3m2!1i1024!2i768!4f13.1!3m3!1m2!1s0x89c259a15798c731%3A0xd695d09bdd495f25!2s11%20E%2022nd%20St%20FL%202%2C%20New%20York%2C%20NY%2010010%2C%20USA!5e0!3m2!1sen!2spe!4v1726171763526!5m2!1sen!2spe\" width=\"600\" height=\"450\" allowfullscreen=\"allowfullscreen\" data-mce-fragment=\"1\"><\/iframe>  <\/p>\n<h3 class=\"wp-block-heading\">11 E 22nd Street, 2\u00ba andar, Nova York, NY 10010 T: +1(212) 505-6805<\/h3>\n<hr>\n<h2><span style=\"font-weight: 400;\">Sobre SIS Internacional<\/span><\/h2>\n<p><a href=\"https:\/\/www.sisinternational.com\/pt\/\"><span style=\"font-weight: 400;\">SIS Internacional<\/span><\/a><span style=\"font-weight: 400;\"> oferece pesquisa quantitativa, qualitativa e estrat\u00e9gica. Fornecemos dados, ferramentas, estrat\u00e9gias, relat\u00f3rios e insights para a tomada de decis\u00f5es. Tamb\u00e9m realizamos entrevistas, pesquisas, grupos focais e outros m\u00e9todos e abordagens de Pesquisa de Mercado.<\/span><a href=\"https:\/\/www.sisinternational.com\/pt\/sobre-a-sis-international-research\/contact-sis-international-market-research\/\"><span style=\"font-weight: 400;\"> Entre em contato conosco<\/span><\/a><span style=\"font-weight: 400;\"> para o seu pr\u00f3ximo projeto de pesquisa de mercado.<\/span><\/p>\n<hr><\/div>\n<\/div>\n<p id=\"block-13718977-774f-4eb6-9307-bdda3647fbca\" class=\"block-editor-rich-text__editable block-editor-block-list__block wp-block wp-block-paragraph rich-text\" style=\"white-space: pre-wrap; min-width: 1px;\" role=\"document\" contenteditable=\"true\" aria-multiline=\"true\" aria-label=\"Empty block; start writing or type forward slash to choose a block\" data-block=\"13718977-774f-4eb6-9307-bdda3647fbca\" data-type=\"core\/paragraph\" data-title=\"Paragraph\" data-empty=\"true\" data-wp-block-attribute-key=\"content\">&nbsp;<\/p>\n<\/div>\n\n\n\n<p><\/p>\n\n\n\n<p><\/p>","protected":false},"excerpt":{"rendered":"<p>Expanda seus neg\u00f3cios com pesquisa de mercado na B\u00f3snia e Herzegovina.<\/p>","protected":false},"author":1,"featured_media":65925,"parent":14510,"menu_order":41,"comment_status":"closed","ping_status":"closed","template":"","meta":{"footnotes":""},"class_list":["post-38800","page","type-page","status-publish","has-post-thumbnail"],"_links":{"self":[{"href":"https:\/\/www.sisinternational.com\/pt\/wp-json\/wp\/v2\/pages\/38800","targetHints":{"allow":["GET"]}}],"collection":[{"href":"https:\/\/www.sisinternational.com\/pt\/wp-json\/wp\/v2\/pages"}],"about":[{"href":"https:\/\/www.sisinternational.com\/pt\/wp-json\/wp\/v2\/types\/page"}],"author":[{"embeddable":true,"href":"https:\/\/www.sisinternational.com\/pt\/wp-json\/wp\/v2\/users\/1"}],"replies":[{"embeddable":true,"href":"https:\/\/www.sisinternational.com\/pt\/wp-json\/wp\/v2\/comments?post=38800"}],"version-history":[{"count":8,"href":"https:\/\/www.sisinternational.com\/pt\/wp-json\/wp\/v2\/pages\/38800\/revisions"}],"predecessor-version":[{"id":77120,"href":"https:\/\/www.sisinternational.com\/pt\/wp-json\/wp\/v2\/pages\/38800\/revisions\/77120"}],"up":[{"embeddable":true,"href":"https:\/\/www.sisinternational.com\/pt\/wp-json\/wp\/v2\/pages\/14510"}],"wp:featuredmedia":[{"embeddable":true,"href":"https:\/\/www.sisinternational.com\/pt\/wp-json\/wp\/v2\/media\/65925"}],"wp:attachment":[{"href":"https:\/\/www.sisinternational.com\/pt\/wp-json\/wp\/v2\/media?parent=38800"}],"curies":[{"name":"wp","href":"https:\/\/api.w.org\/{rel}","templated":true}]}}