{"id":38694,"date":"2021-09-06T04:06:01","date_gmt":"2021-09-06T04:06:01","guid":{"rendered":"https:\/\/www.sisinternational.com\/?page_id=38694"},"modified":"2026-03-05T23:55:21","modified_gmt":"2026-03-06T04:55:21","slug":"pesquisa-de-mercado-de-tequila","status":"publish","type":"page","link":"https:\/\/www.sisinternational.com\/pt\/solucoes\/teste-de-sabor\/pesquisa-de-mercado-de-tequila\/","title":{"rendered":"Pesquisa de mercado de tequila"},"content":{"rendered":"<h1 class=\"wp-block-heading\">Pesquisa de mercado de tequila<\/h1>\n\n\n\n<figure class=\"gb-block-image gb-block-image-36e530c8\"><img loading=\"lazy\" decoding=\"async\" width=\"1456\" height=\"816\" class=\"gb-image gb-image-36e530c8\" src=\"https:\/\/www.sisinternational.com\/wp-content\/uploads\/2025\/08\/Tequila-5.jpg\" alt=\"Pesquisa e Estrat\u00e9gia de Mercado Internacional da SIS\" title=\"Tequila (5)\" srcset=\"https:\/\/www.sisinternational.com\/wp-content\/uploads\/2025\/08\/Tequila-5.jpg 1456w, https:\/\/www.sisinternational.com\/wp-content\/uploads\/2025\/08\/Tequila-5-300x168.jpg 300w, https:\/\/www.sisinternational.com\/wp-content\/uploads\/2025\/08\/Tequila-5-1024x574.jpg 1024w, https:\/\/www.sisinternational.com\/wp-content\/uploads\/2025\/08\/Tequila-5-768x430.jpg 768w, https:\/\/www.sisinternational.com\/wp-content\/uploads\/2025\/08\/Tequila-5-18x10.jpg 18w\" sizes=\"auto, (max-width: 1456px) 100vw, 1456px\"><\/figure>\n\n\n\n<p><\/p>\n\n\n\n<hr class=\"wp-block-separator has-alpha-channel-opacity is-style-dots\"\/>\n\n\n\n<h3 class=\"wp-block-heading\"><span style=\"font-weight: 400;\">A pesquisa de mercado da Tequila visa identificar tend\u00eancias, oportunidades e desafios de mercado que podem impactar as estrat\u00e9gias de neg\u00f3cios.<\/span><\/h3>\n\n\n\n<p><span style=\"font-weight: 400;\">Tequila is a beloved spirit enjoyed by millions around the world. However, a complex market landscape behind the scenes dictates production, distribution, and consumption\u2026 That&#8217;s why tequila market research explores what businesses need in this market, who benefits from it, and the opportunities and challenges it presents.&nbsp;<\/span><\/p>\n\n\n\n<h2 class=\"wp-block-heading\"><strong>O que \u00e9 pesquisa de mercado de tequila?<\/strong><\/h2>\n\n\n\n<p><span style=\"font-weight: 400;\">Tequila market research gives businesses insights into consumer preferences, market dynamics, and competitive landscapes. By conducting it, companies can gain a deeper understanding of the tequila market and make informed decisions to drive their success.<\/span><\/p>\n\n\n\n<p><span style=\"font-weight: 400;\">Esta pesquisa de mercado abrange diversos aspectos como an\u00e1lise do comportamento do consumidor, posicionamento da marca, estrat\u00e9gias de pre\u00e7os e segmenta\u00e7\u00e3o de mercado. Envolve a coleta de dados de diversas fontes, incluindo pesquisas, entrevistas, grupos focais e relat\u00f3rios do setor de tequila.<\/span><\/p>\n\n\n\n<h2 class=\"wp-block-heading\"><strong>Por que as empresas precisam de pesquisas de mercado sobre tequila?<\/strong><\/h2>\n\n\n\n<p><span style=\"font-weight: 400;\">A pesquisa de mercado da tequila ajuda as empresas a compreender as prefer\u00eancias do consumidor, incluindo perfis de sabor, prefer\u00eancias de embalagem e fidelidade \u00e0 marca. Essas informa\u00e7\u00f5es s\u00e3o cruciais para o desenvolvimento de produtos que atraiam os consumidores.<\/span><\/p>\n\n\n\n<p><span style=\"font-weight: 400;\">Atrav\u00e9s<\/span> <span style=\"font-weight: 400;\">pesquisa de mercado, as empresas podem identificar tend\u00eancias emergentes no mercado de tequila, como a crescente demanda por tequila premium ou o surgimento de destilarias artesanais. Ele permite que as empresas ajustem suas estrat\u00e9gias para capitalizar essas tend\u00eancias. Al\u00e9m disso<\/span><b>, <\/b><span style=\"font-weight: 400;\">A pesquisa de mercado da tequila permite que as empresas analisem as estrat\u00e9gias de seus concorrentes, incluindo pre\u00e7os, marketing e distribui\u00e7\u00e3o.&nbsp;<\/span><\/p>\n\n\n\n<p><span style=\"font-weight: 400;\">Likewise, market research is essential for businesses looking to enter the tequila market or expand into new markets. It helps companies to understand the market landscape, consumer preferences, and regulatory environment, guiding their market entry strategies. In any case, tequila market research offers several key benefits for businesses in the tequila industry:<\/span><\/p>\n\n\n\n<ul class=\"wp-block-list\">\n<li><b>Insights do consumidor<\/b><span style=\"font-weight: 400;\">: A pesquisa de mercado fornece \u00e0s empresas informa\u00e7\u00f5es valiosas sobre as prefer\u00eancias dos consumidores, ajudando-as a adaptar seus produtos e estrat\u00e9gias de marketing para melhor atender \u00e0s necessidades dos consumidores.<\/span><\/li>\n\n\n\n<li><b>Vantagem competitiva<\/b><span style=\"font-weight: 400;\">: Ao compreender o cen\u00e1rio do mercado e as estrat\u00e9gias dos concorrentes, as empresas podem identificar oportunidades para se diferenciarem e obterem uma vantagem competitiva.<\/span><\/li>\n\n\n\n<li><b>Gerenciamento de riscos<\/b><span style=\"font-weight: 400;\">: Market research helps businesses identify potential risks and challenges, allowing them to develop strategies to mitigate and protect their business.<\/span><\/li>\n\n\n\n<li><b>Desenvolvimento de Produto<\/b><span style=\"font-weight: 400;\">: Market research gives businesses feedback on their products, enabling them to refine their offerings and develop new products that better meet consumer demands.<\/span><\/li>\n\n\n\n<li><b>Expans\u00e3o do Mercado<\/b><span style=\"font-weight: 400;\">: Para empresas que procuram expandir-se para novos mercados, a pesquisa de mercado fornece informa\u00e7\u00f5es valiosas sobre a din\u00e2mica do mercado, o comportamento do consumidor e o ambiente regulat\u00f3rio, orientando as suas estrat\u00e9gias de expans\u00e3o.<\/span><\/li>\n<\/ul>\n\n\n\n<h2 class=\"wp-block-heading p2\">O que a pesquisa de mercado da Tequila pode descobrir?<\/h2>\n\n\n\n<figure class=\"gb-block-image gb-block-image-862dd4c9\"><img loading=\"lazy\" decoding=\"async\" width=\"1456\" height=\"816\" class=\"gb-image gb-image-862dd4c9\" src=\"https:\/\/www.sisinternational.com\/wp-content\/uploads\/2025\/08\/Tequila-4.jpg\" alt=\"Pesquisa e Estrat\u00e9gia de Mercado Internacional da SIS\" title=\"Tequila (4)\" srcset=\"https:\/\/www.sisinternational.com\/wp-content\/uploads\/2025\/08\/Tequila-4.jpg 1456w, https:\/\/www.sisinternational.com\/wp-content\/uploads\/2025\/08\/Tequila-4-300x168.jpg 300w, https:\/\/www.sisinternational.com\/wp-content\/uploads\/2025\/08\/Tequila-4-1024x574.jpg 1024w, https:\/\/www.sisinternational.com\/wp-content\/uploads\/2025\/08\/Tequila-4-768x430.jpg 768w, https:\/\/www.sisinternational.com\/wp-content\/uploads\/2025\/08\/Tequila-4-18x10.jpg 18w\" sizes=\"auto, (max-width: 1456px) 100vw, 1456px\"><\/figure>\n\n\n\n<p><\/p>\n\n\n\n<p class=\"p3\">Market research on tequila can uncover changes in customer tastes, reveal favorite brands, and help launch new products. It can also guide companies to improve their offerings to increase their profits.<\/p>\n\n\n\n<p class=\"p3\">Market research on tequila can also help customers learn about this liquor and guide them to the best buy that may suit their taste.<\/p>\n\n\n\n<p class=\"p4\">Al\u00e9m de testes de sabor, a SIS International fornece pesquisas quantitativas, qualitativas e estrat\u00e9gicas. Usamos grupos focais, entrevistas e pesquisas para avaliar o pulso do mercado. \u00c9 o parceiro perfeito se voc\u00ea deseja explorar o mercado da tequila.<\/p>\n\n\n\n<h2 class=\"wp-block-heading\"><strong>Quem usa pesquisa de mercado de tequila<\/strong><\/h2>\n\n\n\n<ul class=\"wp-block-list\">\n<li><b>Produtores de Tequila<\/b><span style=\"font-weight: 400;\"> use regularmente pesquisas de mercado para entender as prefer\u00eancias do consumidor, desenvolver novos produtos e criar estrat\u00e9gias de marketing eficazes.<\/span><\/li>\n\n\n\n<li><b>Distribuidores e Varejistas<\/b><span style=\"font-weight: 400;\"> aproveitar a pesquisa de mercado para abastecer suas prateleiras com marcas de tequila que atraiam seus clientes-alvo e fiquem \u00e0 frente das tend\u00eancias do mercado.<\/span><\/li>\n\n\n\n<li><b>Restaurantes e Bares<\/b><span style=\"font-weight: 400;\"> rely on <a href=\"https:\/\/www.sisinternational.com\/pt\/pericia\/industrias\/pesquisa-de-mercado-de-restaurantes-chineses\/\" title=\"Pesquisa de mercado de restaurantes chineses\"  data-wpil-monitor-id=\"3800\">pesquisa de mercado de tequila<\/a> to curate their tequila offerings, pricing strategies, and marketing efforts to attract and retain customers.<\/span><\/li>\n<\/ul>\n\n\n\n<h2 class=\"wp-block-heading\"><strong>Quando realizar pesquisas de mercado de tequila<\/strong><\/h2>\n\n\n\n<p><span style=\"font-weight: 400;\">A pesquisa de mercado da tequila deve ser conduzida em v\u00e1rios est\u00e1gios do ciclo de vida de um produto e em resposta \u00e0s necessidades espec\u00edficas do neg\u00f3cio. Alguns momentos cr\u00edticos para conduzir pesquisas de mercado de tequila incluem:<\/span><\/p>\n\n\n\n<ul class=\"wp-block-list\">\n<li><b>Antes de lan\u00e7ar um novo produto Tequila<\/b><span style=\"font-weight: 400;\">: A realiza\u00e7\u00e3o de pesquisas de mercado antes de lan\u00e7ar um novo produto de tequila pode ajudar as empresas a compreender as prefer\u00eancias do consumidor e a demanda do mercado, garantindo que o produto atenda \u00e0s necessidades do cliente.<\/span><\/li>\n\n\n\n<li><b>Ao expandir para novos mercados<\/b><span style=\"font-weight: 400;\">: Market research is essential to understand local consumer preferences, the competitive landscape, and the regulatory environment.<\/span><\/li>\n\n\n\n<li><b>Regularmente para se manter informado<\/b><span style=\"font-weight: 400;\">: pesquisas regulares de mercado ajudam as empresas a se manterem informadas sobre as mudan\u00e7as nas prefer\u00eancias dos consumidores, tend\u00eancias de mercado e estrat\u00e9gias da concorr\u00eancia, permitindo-lhes adaptar suas estrat\u00e9gias de acordo.<\/span><\/li>\n<\/ul>\n\n\n\n<h2 class=\"wp-block-heading\"><strong>Leading Players in the Tequila Market<\/strong><\/h2>\n\n\n\n<p><span style=\"font-weight: 400;\">O mercado de tequila \u00e9 dominado por v\u00e1rios players importantes, incluindo:<\/span><\/p>\n\n\n\n<ul class=\"wp-block-list\">\n<li><b>Jos\u00e9 Cuervo<\/b><span style=\"font-weight: 400;\">: Como uma das marcas de tequila mais antigas e conhecidas, Jose Cuervo tem forte presen\u00e7a no mercado global de tequila.<\/span><\/li>\n\n\n\n<li><b>Patrono<\/b><span style=\"font-weight: 400;\">: Conhecida por suas ofertas de tequila premium, a Patr\u00f3n \u00e9 um player importante no segmento sofisticado do mercado de tequila.<\/span><\/li>\n\n\n\n<li><b>Sauza<\/b><span style=\"font-weight: 400;\">: Sauza has a wide range of tequila products and is a prominent player in the mainstream tequila market.<\/span><\/li>\n\n\n\n<li><b>Dom J\u00falio<\/b><span style=\"font-weight: 400;\">: Don Julio \u00e9 conhecido por seus produtos de tequila de alta qualidade e \u00e9 uma escolha popular entre os entusiastas da tequila.<\/span><\/li>\n\n\n\n<li><b>Olmeca<\/b><span style=\"font-weight: 400;\">: A Olmeca oferece uma variedade de produtos de tequila, incluindo <\/span><i><span style=\"font-weight: 400;\">branco, reposado<\/span><\/i><span style=\"font-weight: 400;\">, e <\/span><i><span style=\"font-weight: 400;\">a\u00f1ejo<\/span><\/i><span style=\"font-weight: 400;\"> variedades, atendendo \u00e0s diferentes prefer\u00eancias dos consumidores.<\/span><\/li>\n<\/ul>\n\n\n\n<h2 class=\"wp-block-heading p2\">SIS realiza testes de sabor de tequila<\/h2>\n\n\n\n<p class=\"p3\">Os testes de sabor, onde as pessoas avaliam o sabor de uma bebida, tornaram-se populares. Aprender o teste de sabor adequado pode ser uma \u00f3tima maneira de aprender e saborear a tequila. Bares, restaurantes e outras empresas podem observar um aumento no n\u00famero de consumidores. Tirar o melhor proveito desta experi\u00eancia pode impactar positivamente a ind\u00fastria da tequila. A SIS International Research realiza testes de sabor. Voc\u00ea pode fazer parceria com o SIS para realizar testes em seu local de trabalho.<\/p>\n\n\n\n<h2 class=\"wp-block-heading\"><strong>Oportunidades no mercado de tequila&nbsp;<\/strong><\/h2>\n\n\n\n<figure class=\"gb-block-image gb-block-image-497026b4\"><img loading=\"lazy\" decoding=\"async\" width=\"1456\" height=\"816\" class=\"gb-image gb-image-497026b4\" src=\"https:\/\/www.sisinternational.com\/wp-content\/uploads\/2025\/08\/Tequila-3.jpg\" alt=\"Pesquisa e Estrat\u00e9gia de Mercado Internacional da SIS\" title=\"Tequila (3)\" srcset=\"https:\/\/www.sisinternational.com\/wp-content\/uploads\/2025\/08\/Tequila-3.jpg 1456w, https:\/\/www.sisinternational.com\/wp-content\/uploads\/2025\/08\/Tequila-3-300x168.jpg 300w, https:\/\/www.sisinternational.com\/wp-content\/uploads\/2025\/08\/Tequila-3-1024x574.jpg 1024w, https:\/\/www.sisinternational.com\/wp-content\/uploads\/2025\/08\/Tequila-3-768x430.jpg 768w, https:\/\/www.sisinternational.com\/wp-content\/uploads\/2025\/08\/Tequila-3-18x10.jpg 18w\" sizes=\"auto, (max-width: 1456px) 100vw, 1456px\"><\/figure>\n\n\n\n<p><\/p>\n\n\n\n<p><span style=\"font-weight: 400;\">O mercado da tequila oferece diversas oportunidades importantes para empresas que buscam entrar ou expandir sua presen\u00e7a no mercado:<\/span><\/p>\n\n\n\n<ul class=\"wp-block-list\">\n<li><b>Premiumiza\u00e7\u00e3o<\/b><span style=\"font-weight: 400;\">: A crescente demanda por produtos de tequila premium e ultra-premium apresenta uma oportunidade para as empresas capitalizarem essa tend\u00eancia, oferecendo produtos de tequila premium de alta qualidade.<\/span><\/li>\n\n\n\n<li><b>Tend\u00eancias de sa\u00fade e bem-estar<\/b><span style=\"font-weight: 400;\">: Com um foco cada vez maior na sa\u00fade e no bem-estar, as empresas podem desenvolver produtos de tequila que atendam a essa tend\u00eancia, como op\u00e7\u00f5es org\u00e2nicas ou de baixa caloria.<\/span><\/li>\n\n\n\n<li><b>Crescimento do com\u00e9rcio eletr\u00f4nico<\/b><span style=\"font-weight: 400;\">: A ascens\u00e3o do com\u00e9rcio eletr\u00f3nico apresenta uma oportunidade para as empresas alcan\u00e7arem um p\u00fablico mais vasto de consumidores, especialmente aqueles que preferem a conveni\u00eancia das compras online para as suas compras de tequila.<\/span><\/li>\n\n\n\n<li><b>Expans\u00e3o internacional<\/b><span style=\"font-weight: 400;\">: Tequila&#8217;s popularity is more comprehensive than in Mexico, allowing businesses to expand into global markets where tequila consumption grows.<\/span><\/li>\n\n\n\n<li><b>Inova\u00e7\u00e3o e Desenvolvimento de Novos Produtos<\/b><span style=\"font-weight: 400;\">: H\u00e1 uma oportunidade para as empresas inovarem e desenvolverem novos produtos de tequila que atendam \u00e0s novas prefer\u00eancias e tend\u00eancias dos consumidores<\/span><\/li>\n<\/ul>\n\n\n\n<h2 class=\"wp-block-heading\"><strong>Desafios do mercado de tequila&nbsp;<\/strong><\/h2>\n\n\n\n<p><span style=\"font-weight: 400;\">Embora o mercado da tequila apresente diversas oportunidades, ele tamb\u00e9m traz seu pr\u00f3prio conjunto de desafios para as empresas:<\/span><\/p>\n\n\n\n<ul class=\"wp-block-list\">\n<li><b>Concorr\u00eancia<\/b><span style=\"font-weight: 400;\">: O mercado de tequila \u00e9 altamente competitivo, com muitas marcas estabelecidas disputando participa\u00e7\u00e3o de mercado. Isso pode dificultar a entrada de novos participantes no mercado.<\/span><\/li>\n\n\n\n<li><b>Ambiente regulat\u00f3rio<\/b><span style=\"font-weight: 400;\">: A ind\u00fastria da tequila est\u00e1 sujeita a regulamenta\u00e7\u00f5es r\u00edgidas em rela\u00e7\u00e3o \u00e0 produ\u00e7\u00e3o, rotulagem e indica\u00e7\u00f5es geogr\u00e1ficas. Navegar por essas regulamenta\u00e7\u00f5es pode ser um desafio para as empresas.<\/span><\/li>\n\n\n\n<li><b>Problemas da cadeia de suprimentos<\/b><span style=\"font-weight: 400;\">: Garantir uma cadeia de abastecimento est\u00e1vel e confi\u00e1vel para a produ\u00e7\u00e3o de tequila pode ser um desafio, especialmente para as empresas que compram agave, o ingrediente principal.<\/span><\/li>\n\n\n\n<li><b>Mudando as prefer\u00eancias do consumidor<\/b><span style=\"font-weight: 400;\">: As prefer\u00eancias e tend\u00eancias dos consumidores no mercado de tequila podem mudar rapidamente, tornando um desafio para as empresas acompanhar as mudan\u00e7as nas demandas.<\/span><\/li>\n\n\n\n<li><b>Marketing e Marca<\/b><span style=\"font-weight: 400;\">: O marketing e a marca eficazes dos produtos de tequila para se destacarem em um mercado lotado podem ser um desafio para as empresas, especialmente aquelas com recursos limitados.<\/span><\/li>\n<\/ul>\n\n\n\n<h2 class=\"wp-block-heading\"><strong>What Makes SIS International Research the Top Market Research Firm in the Tequila Market?<\/strong><\/h2>\n\n\n\n<p><a href=\"https:\/\/www.linkedin.com\/company\/sisinternationalresearch\/\" target=\"_blank\" rel=\"noopener\"><span style=\"font-weight: 400;\">SIS Internacional<\/span><\/a> provides actionable insights within the tequila market, helping brands understand consumer preferences, navigate regulatory landscapes, and spot emerging trends in a highly competitive industry. Here\u2019s why SIS International is the top choice for tequila <a href=\"https:\/\/www.linkedin.com\/pulse\/how-market-research-enables-growth-ruth-stanat-phekf\/\" target=\"_blank\" rel=\"noopener\"><span style=\"font-weight: 400;\">pesquisa de mercado<\/span><\/a>:<\/p>\n\n\n\n<p><strong>1. Deep Expertise in Tequila Trends<\/strong><br><a href=\"https:\/\/medium.com\/@sisinternational\/sis-international-c17160da8fac\" target=\"_blank\" rel=\"noopener\"><span style=\"font-weight: 400;\">SIS<\/span><\/a> has an in-depth understanding of the tequila market\u2019s unique dynamics, from the premiumization trend and artisanal production methods to the growing demand for sustainable and organic products. This expertise ensures our clients stay ahead of industry shifts and evolving consumer tastes.<\/p>\n\n\n\n<p><strong>2. Insight into Consumer Preferences and Behavior<\/strong><br>We specialize in understanding the nuanced preferences of tequila consumers, such as the rising interest in premium and ultra-premium categories. Our <a href=\"https:\/\/www.sisinternational.com\/pt\/cobertura\/as-americas\/pesquisa-de-mercado-na-america-latina\/pesquisa-de-mercado-costa-rica\/\" title=\"Pesquisa de mercado na Costa Rica\" data-wpil-monitor-id=\"4945\">pesquisar<\/a> helps brands tailor their products and marketing to meet the desires of a discerning audience seeking authenticity and quality.<\/p>\n\n\n\n<p><strong>3. Comprehensive Competitive Analysis<\/strong><br>The tequila market is crowded with both legacy brands and new entrants. SIS International provides detailed competitive insights, analyzing key players and their strategies, allowing brands to position themselves strategically in a highly competitive space.<\/p>\n\n\n\n<p><strong>4. Expertise in Regulatory Compliance<\/strong><br>Navigating the tequila industry\u2019s strict regulatory requirements, especially in regions like Mexico, requires precision. SIS International\u2019s expertise ensures that clients comply with local and international standards, from production and labeling to export regulations, minimizing risks and ensuring smooth market entry.<\/p>\n\n\n\n<p><strong>5. Data-Driven Insights on Emerging Market Opportunities<\/strong><br>Our research identifies key growth opportunities, such as expanding tequila\u2019s presence in global markets and capitalizing on trends like tequila-based cocktails and low-sugar options. We empower brands to make strategic, data-driven decisions that align with market demands by pinpointing these opportunities.<\/p>\n\n\n\n<p><strong>6. Global Reach with Regional Insights<\/strong><br>With a global presence, SIS International understands the regional variations in tequila consumption, whether it\u2019s the appreciation for artisanal tequila in the United States or the rising popularity of tequila-based drinks in Europe and Asia. This regional insight enables brands to adapt and thrive in diverse markets.<\/p>\n\n\n\n<p><strong>7. Trusted Partner for Leading Spirits Brands<\/strong><br>SIS International is a trusted advisor to top spirits brands worldwide, known for delivering high-quality, actionable research. Our clients value our commitment to insightful tequila market research, helping them navigate industry complexities and foster sustainable growth.<\/p>\n\n\n\n<h2 class=\"wp-block-heading\"><strong>Sobre SIS Internacional<\/strong><\/h2>\n\n\n\n<p class=\"p4\"><a href=\"https:\/\/www.sisinternational.com\/pt\/\"><span style=\"font-weight: 400;\">SIS Internacional<\/span><\/a><span style=\"font-weight: 400;\"> oferece pesquisa quantitativa, qualitativa e estrat\u00e9gica. Fornecemos dados, ferramentas, estrat\u00e9gias, relat\u00f3rios e insights para a tomada de decis\u00f5es. Tamb\u00e9m realizamos entrevistas, pesquisas, grupos focais e outros m\u00e9todos e abordagens de Pesquisa de Mercado.<\/span><a href=\"https:\/\/www.sisinternational.com\/pt\/sobre-a-sis-international-research\/contact-sis-international-market-research\/\"><span style=\"font-weight: 400;\"> Entre em contato conosco<\/span><\/a><span style=\"font-weight: 400;\"> para o seu pr\u00f3ximo projeto de pesquisa de mercado.<\/span><\/p>\n\n\n\n<p><\/p>","protected":false},"excerpt":{"rendered":"<p>A pesquisa de mercado da tequila descobre os gostos dos clientes, revela marcas favoritas, orienta o lan\u00e7amento de produtos e ajuda as empresas a aumentar os lucros.<\/p>","protected":false},"author":1,"featured_media":63389,"parent":47794,"menu_order":1,"comment_status":"closed","ping_status":"closed","template":"","meta":{"footnotes":""},"class_list":["post-38694","page","type-page","status-publish","has-post-thumbnail"],"_links":{"self":[{"href":"https:\/\/www.sisinternational.com\/pt\/wp-json\/wp\/v2\/pages\/38694","targetHints":{"allow":["GET"]}}],"collection":[{"href":"https:\/\/www.sisinternational.com\/pt\/wp-json\/wp\/v2\/pages"}],"about":[{"href":"https:\/\/www.sisinternational.com\/pt\/wp-json\/wp\/v2\/types\/page"}],"author":[{"embeddable":true,"href":"https:\/\/www.sisinternational.com\/pt\/wp-json\/wp\/v2\/users\/1"}],"replies":[{"embeddable":true,"href":"https:\/\/www.sisinternational.com\/pt\/wp-json\/wp\/v2\/comments?post=38694"}],"version-history":[{"count":9,"href":"https:\/\/www.sisinternational.com\/pt\/wp-json\/wp\/v2\/pages\/38694\/revisions"}],"predecessor-version":[{"id":78859,"href":"https:\/\/www.sisinternational.com\/pt\/wp-json\/wp\/v2\/pages\/38694\/revisions\/78859"}],"up":[{"embeddable":true,"href":"https:\/\/www.sisinternational.com\/pt\/wp-json\/wp\/v2\/pages\/47794"}],"wp:featuredmedia":[{"embeddable":true,"href":"https:\/\/www.sisinternational.com\/pt\/wp-json\/wp\/v2\/media\/63389"}],"wp:attachment":[{"href":"https:\/\/www.sisinternational.com\/pt\/wp-json\/wp\/v2\/media?parent=38694"}],"curies":[{"name":"wp","href":"https:\/\/api.w.org\/{rel}","templated":true}]}}