{"id":38686,"date":"2021-09-06T03:38:41","date_gmt":"2021-09-06T03:38:41","guid":{"rendered":"https:\/\/www.sisinternational.com\/?page_id=38686"},"modified":"2025-09-15T00:32:35","modified_gmt":"2025-09-15T04:32:35","slug":"pesquisa-de-mercado-de-metais-de-terras-raras","status":"publish","type":"page","link":"https:\/\/www.sisinternational.com\/pt\/pericia\/pesquisa-de-mercado-de-metais-de-terras-raras\/","title":{"rendered":"Pesquisa de mercado de metais de terras raras"},"content":{"rendered":"<h1 class=\"wp-block-heading\">Pesquisa de mercado de metais de terras raras<\/h1>\n\n\n\n<figure class=\"gb-block-image gb-block-image-aade0851\"><img loading=\"lazy\" decoding=\"async\" width=\"1456\" height=\"816\" class=\"gb-image gb-image-aade0851\" src=\"https:\/\/www.sisinternational.com\/wp-content\/uploads\/2025\/09\/Rare-earth-metal-5.jpg\" alt=\"Pesquisa e Estrat\u00e9gia de Mercado Internacional da SIS\" title=\"Rare earth metal 5\" srcset=\"https:\/\/www.sisinternational.com\/wp-content\/uploads\/2025\/09\/Rare-earth-metal-5.jpg 1456w, https:\/\/www.sisinternational.com\/wp-content\/uploads\/2025\/09\/Rare-earth-metal-5-300x168.jpg 300w, https:\/\/www.sisinternational.com\/wp-content\/uploads\/2025\/09\/Rare-earth-metal-5-1024x574.jpg 1024w, https:\/\/www.sisinternational.com\/wp-content\/uploads\/2025\/09\/Rare-earth-metal-5-768x430.jpg 768w, https:\/\/www.sisinternational.com\/wp-content\/uploads\/2025\/09\/Rare-earth-metal-5-18x10.jpg 18w\" sizes=\"auto, (max-width: 1456px) 100vw, 1456px\"><\/figure>\n\n\n\n<p><\/p>\n\n\n\n<h2 class=\"wp-block-heading p2\">O que s\u00e3o metais de terras raras?<\/h2>\n\n\n\n<p class=\"p3\">Os metais de terras raras fazem parte da tabela peri\u00f3dica dos elementos. A terra rara \u00e9 um metal prateado encontrado em pequenos bols\u00f5es incrustados em rocha dura. Existem dezessete elementos diferentes:<\/p>\n\n\n\n<ul class=\"wp-block-list\">\n<li>Neod\u00edmio<\/li>\n\n\n\n<li>Sam\u00e1rio<\/li>\n\n\n\n<li>C\u00e9rio<\/li>\n\n\n\n<li>\u00c9rbio<\/li>\n\n\n\n<li>Dispr\u00f3sio<\/li>\n\n\n\n<li>H\u00f3lmio<\/li>\n\n\n\n<li>Praseod\u00edmio<\/li>\n\n\n\n<li>Lut\u00e9cio<\/li>\n\n\n\n<li>Gadol\u00ednio<\/li>\n\n\n\n<li>Lant\u00e2nio<\/li>\n\n\n\n<li>Eur\u00f3pio<\/li>\n\n\n\n<li>T\u00e9rbio<\/li>\n\n\n\n<li>It\u00e9rbio<\/li>\n\n\n\n<li>T\u00falio<\/li>\n\n\n\n<li>\u00cdtrio<\/li>\n\n\n\n<li>Prom\u00e9cio<\/li>\n\n\n\n<li>Esc\u00e2ndio<\/li>\n<\/ul>\n\n\n\n<p class=\"p3\">O mais conhecido de todos \u00e9 o neod\u00edmio por ser um forte elemento magn\u00e9tico. O neod\u00edmio tem muitos usos, desde geradores de turbinas e\u00f3licas at\u00e9 motores el\u00e9tricos. A ind\u00fastria musical combina-o com o sam\u00e1rio para fabricar alto-falantes e fones de ouvido.<\/p>\n\n\n\n<p class=\"p3\">Os outros dezesseis elementos s\u00e3o \u00fateis para discos r\u00edgidos e lasers. Os fabricantes tamb\u00e9m os utilizam para transdutores e equipamentos de monitoramento de desastres naturais.<\/p>\n\n\n\n<h2 class=\"wp-block-heading p2\">Por que os metais e minerais raros s\u00e3o importantes?<\/h2>\n\n\n\n<p class=\"p3\">Metais e minerais raros s\u00e3o essenciais porque toda a vida de um ser humano depende deles. Os minerais de terras raras est\u00e3o em tudo que precisamos em nossas vidas di\u00e1rias, como telefones e televis\u00f5es. Eles tamb\u00e9m est\u00e3o em baterias de carros el\u00e9tricos e pain\u00e9is solares.<\/p>\n\n\n\n<p class=\"p3\">From wind power to medical imaging tools, these rare earth metals are helpful so we cannot afford to run out of them because the lack of these minerals can put the <a href=\"https:\/\/www.sisinternational.com\/pt\/solucoes\/pesquisa-de-mercado-de-ia-e-consultoria-estrategica\/saude-bem-estar-automacao-consultoria-em-inteligencia-artificial\/\" title=\"Automa\u00e7\u00e3o de sa\u00fade e bem-estar e consultoria de IA\"  data-wpil-monitor-id=\"7688\">health and wellness<\/a> of our people at risk.<\/p>\n\n\n\n<p class=\"p3\"><a href=\"https:\/\/www.sisinternational.com\/pt\/pericia\/industrias\/testes-de-pesquisa-de-cuidados-com-a-pele\/\" title=\"Pesquisa e testes de cuidados com a pele\"  data-wpil-monitor-id=\"7685\">Skin cancer care<\/a> medication and lighters all need this type of metal to be effective. Altogether, they make up crucial bits of our LCD screens, smartphones, and laptops. Many of our devices need rare earth metals to operate.<\/p>\n\n\n\n<p class=\"p3\">Also known as Rare Earth Minerals, these metals are essential for technological growth. Yet, they are running out. Therefore, we must sparingly use these metals as means of saving our tech future.<\/p>\n\n\n\n<h2 class=\"wp-block-heading p2\">Tomadores de decis\u00e3o na ind\u00fastria<\/h2>\n\n\n\n<p class=\"p3\">A China \u00e9 o tomador de decis\u00f5es mais proeminente na ind\u00fastria de metais de terras raras porque mais de 80% de todos os metais raros do planeta est\u00e3o na China. Esse pa\u00eds armazenou terras raras que est\u00e3o em baixa demanda. Outros grandes produtores incluem os Estados Unidos, Mianmar, Austr\u00e1lia, Madagascar, \u00cdndia, R\u00fassia e Tail\u00e2ndia.<\/p>\n\n\n\n<h2 class=\"wp-block-heading p2\">Oportunidades e Desafios<\/h2>\n\n\n\n<p class=\"p3\">Os metais de terras raras est\u00e3o na zona vermelha. Em breve, eles poder\u00e3o n\u00e3o existir mais porque h\u00e1 uma demanda maior por eles. Mais de 130 mil toneladas de metais de terras raras s\u00e3o utilizadas por ano, o que \u00e9 uma quantidade significativa. Estamos queimando o suprimento. A minera\u00e7\u00e3o de metais t\u00e3o r\u00e1pido quanto precisamos deles est\u00e1 destruindo o meio ambiente da China.<\/p>\n\n\n\n<p class=\"p3\">Fixing this problem is not as easy as mining elsewhere, which is another story. For example, experts recently come into contact with rare earth minerals on their seabed. It is up to 30 times more concentrated than China\u2019s supply. Japan has a store that will last up to 230 years.<\/p>\n\n\n\n<p class=\"p3\">O problema desta descoberta \u00e9 recuper\u00e1-la de onde ela est\u00e1. Esse suprimento est\u00e1 no oceano, cerca de 5.800 metros abaixo. N\u00e3o houve uma opera\u00e7\u00e3o de minera\u00e7\u00e3o bem-sucedida a mais de 5.000 metros abaixo do n\u00edvel do mar. \u00c9 a\u00ed que entram as novas tecnologias na minera\u00e7\u00e3o.<\/p>\n\n\n\n<h2 class=\"wp-block-heading p2\">Novas tecnologias na minera\u00e7\u00e3o de metais de terras raras<\/h2>\n\n\n\n<figure class=\"gb-block-image gb-block-image-dd59637f\"><img loading=\"lazy\" decoding=\"async\" width=\"1456\" height=\"816\" class=\"gb-image gb-image-dd59637f\" src=\"https:\/\/www.sisinternational.com\/wp-content\/uploads\/2025\/09\/rare-earth-metal-2.jpg\" alt=\"Pesquisa e Estrat\u00e9gia de Mercado Internacional da SIS\" title=\"rare earth metal (2)\" srcset=\"https:\/\/www.sisinternational.com\/wp-content\/uploads\/2025\/09\/rare-earth-metal-2.jpg 1456w, https:\/\/www.sisinternational.com\/wp-content\/uploads\/2025\/09\/rare-earth-metal-2-300x168.jpg 300w, https:\/\/www.sisinternational.com\/wp-content\/uploads\/2025\/09\/rare-earth-metal-2-1024x574.jpg 1024w, https:\/\/www.sisinternational.com\/wp-content\/uploads\/2025\/09\/rare-earth-metal-2-768x430.jpg 768w, https:\/\/www.sisinternational.com\/wp-content\/uploads\/2025\/09\/rare-earth-metal-2-18x10.jpg 18w\" sizes=\"auto, (max-width: 1456px) 100vw, 1456px\"><\/figure>\n\n\n\n<p><\/p>\n\n\n\n<p class=\"p3\">China uses the conventional open-pit method in the mining of rare-earth metals. Some other countries also use this method of blowing up the large rocks to get the minerals within. There is a demand for a new way of retrieving these minerals, mainly due to the Japanese underwater crisis.<\/p>\n\n\n\n<h2 class=\"wp-block-heading p2\">Import\u00e2ncia da pesquisa de mercado de metais de terras raras<\/h2>\n\n\n\n<p class=\"p3\"><a href=\"https:\/\/www.sisinternational.com\/pt\/pericia\/industrias\/pesquisa-de-mercado-de-doencas-raras\/\" title=\"Pesquisa de mercado de doen\u00e7as raras\"  data-wpil-monitor-id=\"7687\">Research on Rare<\/a> Earth Metals is a smart move for companies that want to invest in this area. We organize Quantitative, Qualitative, and Strategy Research. We also bring in <a href=\"https:\/\/www.sisinternational.com\/pt\/solucoes\/grupos-de-foco\/focus-group-on-personal-care-products\/\" title=\"Focus Group on Personal Care Products\"  data-wpil-monitor-id=\"7684\">Grupos de foco<\/a> to help us know the public\u2019s opinion and concerns about the product. It also helps us get an idea of the things we can improve. We <a href=\"https:\/\/www.sisinternational.com\/pt\/how-to-conduct-in-depth-interviews-for-market-insights\/\" title=\"Como conduzir entrevistas em profundidade para obter insights de mercado\"  data-wpil-monitor-id=\"7689\">conduct Surveys and Interviews<\/a> as well.<\/p>\n\n\n\n<p class=\"p4\">Connecting to decision-makers in the Rare Earth Metal industry is a huge <a href=\"https:\/\/www.sisinternational.com\/pt\/cobertura\/pesquisa-de-mercado-medio-oriente\/investment-opportunities-in-neom-real-estate\/\" title=\"Investment Opportunities in NEOM Real Estate\"  data-wpil-monitor-id=\"7686\">opportunity because companies can profit by investing<\/a> money (for example, into the Japan mineral rescue development). The resources of this project can be a worldwide win while being profitable to your company.<\/p>\n\n\n\n<p><\/p>","protected":false},"excerpt":{"rendered":"<p>A pesquisa de mercado de metais de terras raras \u00e9 um investimento inteligente. O SIS utiliza v\u00e1rios m\u00e9todos de pesquisa, incluindo grupos focais, pesquisas e entrevistas.<\/p>","protected":false},"author":1,"featured_media":68824,"parent":14514,"menu_order":74,"comment_status":"closed","ping_status":"closed","template":"","meta":{"footnotes":""},"class_list":["post-38686","page","type-page","status-publish","has-post-thumbnail"],"_links":{"self":[{"href":"https:\/\/www.sisinternational.com\/pt\/wp-json\/wp\/v2\/pages\/38686","targetHints":{"allow":["GET"]}}],"collection":[{"href":"https:\/\/www.sisinternational.com\/pt\/wp-json\/wp\/v2\/pages"}],"about":[{"href":"https:\/\/www.sisinternational.com\/pt\/wp-json\/wp\/v2\/types\/page"}],"author":[{"embeddable":true,"href":"https:\/\/www.sisinternational.com\/pt\/wp-json\/wp\/v2\/users\/1"}],"replies":[{"embeddable":true,"href":"https:\/\/www.sisinternational.com\/pt\/wp-json\/wp\/v2\/comments?post=38686"}],"version-history":[{"count":4,"href":"https:\/\/www.sisinternational.com\/pt\/wp-json\/wp\/v2\/pages\/38686\/revisions"}],"predecessor-version":[{"id":81296,"href":"https:\/\/www.sisinternational.com\/pt\/wp-json\/wp\/v2\/pages\/38686\/revisions\/81296"}],"up":[{"embeddable":true,"href":"https:\/\/www.sisinternational.com\/pt\/wp-json\/wp\/v2\/pages\/14514"}],"wp:featuredmedia":[{"embeddable":true,"href":"https:\/\/www.sisinternational.com\/pt\/wp-json\/wp\/v2\/media\/68824"}],"wp:attachment":[{"href":"https:\/\/www.sisinternational.com\/pt\/wp-json\/wp\/v2\/media?parent=38686"}],"curies":[{"name":"wp","href":"https:\/\/api.w.org\/{rel}","templated":true}]}}