{"id":38495,"date":"2021-08-20T17:55:35","date_gmt":"2021-08-20T17:55:35","guid":{"rendered":"https:\/\/www.sisinternational.com\/?page_id=38495"},"modified":"2026-01-26T16:47:55","modified_gmt":"2026-01-26T21:47:55","slug":"pesquisa-de-mercado-venezuelana","status":"publish","type":"page","link":"https:\/\/www.sisinternational.com\/pt\/cobertura\/latin-america\/pesquisa-de-mercado-na-america-latina\/pesquisa-de-mercado-venezuelana\/","title":{"rendered":"Pesquisa de mercado na Venezuela"},"content":{"rendered":"<h1 class=\"wp-block-heading\">Pesquisa de mercado na Venezuela<\/h1>\n\n\n\n<figure class=\"gb-block-image gb-block-image-8d7b827f\"><img loading=\"lazy\" decoding=\"async\" width=\"1456\" height=\"816\" class=\"gb-image gb-image-8d7b827f\" src=\"https:\/\/www.sisinternational.com\/wp-content\/uploads\/2025\/09\/Venezuela-5.jpg\" alt=\"Pesquisa e Estrat\u00e9gia de Mercado Internacional da SIS\" title=\"Venezuela (5)\" srcset=\"https:\/\/www.sisinternational.com\/wp-content\/uploads\/2025\/09\/Venezuela-5.jpg 1456w, https:\/\/www.sisinternational.com\/wp-content\/uploads\/2025\/09\/Venezuela-5-300x168.jpg 300w, https:\/\/www.sisinternational.com\/wp-content\/uploads\/2025\/09\/Venezuela-5-1024x574.jpg 1024w, https:\/\/www.sisinternational.com\/wp-content\/uploads\/2025\/09\/Venezuela-5-768x430.jpg 768w, https:\/\/www.sisinternational.com\/wp-content\/uploads\/2025\/09\/Venezuela-5-18x10.jpg 18w\" sizes=\"auto, (max-width: 1456px) 100vw, 1456px\"><\/figure>\n\n\n\n<p><\/p>\n\n\n\n<h2 class=\"wp-block-heading\">A Venezuela \u00e9 um porto de escala atraente.<\/h2>\n\n\n\n<p>\u00c9 um dos maiores pa\u00edses do mundo, com cerca de 32 milh\u00f5es de habitantes. S\u00e3o 350.000 milhas quadradas de \u00e1rea e lideram quando se trata de paisagens e riqueza cultural. Possui cachoeiras deslumbrantes, pastagens, densas florestas tropicais e praias imaculadas.<\/p>\n\n\n\n<p>To this day, the culture of the land still reflects the customs of the past. There\u2019s also a hint of the old Spanish along with it. It borders countries such as <a class=\"wpil_keyword_link\" href=\"https:\/\/www.sisinternational.com\/pt\/cobertura\/as-americas\/pesquisa-de-mercado-na-america-latina\/pesquisa-de-mercado-na-guiana\/\"   title=\"Pesquisa de mercado na Guiana\" data-wpil-keyword-link=\"linked\"  data-wpil-monitor-id=\"420\">Guiana<\/a>, Colombia, and Brazil. <a href=\"https:\/\/www.sisinternational.com\/pt\/cobertura\/as-americas\/pesquisa-de-mercado-no-caribe\/pesquisa-de-mercado-trinidad-tobago\/\" title=\"Pesquisa de mercado em Trinidad e Tobago\"  data-wpil-monitor-id=\"6204\">Trinidad &amp; Tobago<\/a> is also close by. Other island neighbors include Grenada, Curacao, and Aruba.<\/p>\n\n\n\n<p>A Venezuela possui as maiores reservas de petr\u00f3leo do planeta. \u00c9 o maior exportador de petr\u00f3leo do mundo. Tamb\u00e9m est\u00e1 entre os oito maiores fornecedores de g\u00e1s natural do mundo. A sua sociedade depende muito das exporta\u00e7\u00f5es de petr\u00f3leo, o que lhe confere a posi\u00e7\u00e3o que ocupa no mercado mundial. As exporta\u00e7\u00f5es de petr\u00f3leo representam a maior parte das receitas de exporta\u00e7\u00e3o do pa\u00eds. A terra tamb\u00e9m cont\u00e9m outros recursos naturais, como ferro, ouro, diamantes e outros minerais. Apesar de contar com esses recursos, o pa\u00eds ainda tem muitos problemas.<\/p>\n\n\n\n<h2 class=\"wp-block-heading\">Bairros<\/h2>\n\n\n\n<p>Caracas \u00e9 a capital e maior cidade com mais de 4 milh\u00f5es de habitantes. \u00c9 tamb\u00e9m o centro da sa\u00fade, da escolaridade, do governo e da ind\u00fastria. Caracas tamb\u00e9m possui uma grande ind\u00fastria de servi\u00e7os.<\/p>\n\n\n\n<p>Maracaibo \u00e9 a segunda maior cidade, com cerca de 3 milh\u00f5es de habitantes e o maior porto mar\u00edtimo. Esta cidade \u00e9 o n\u00facleo da ind\u00fastria petrol\u00edfera h\u00e1 v\u00e1rios anos.<\/p>\n\n\n\n<p>Valencia City is the primary link between the west terrain and the rest of the country.&nbsp;It also&nbsp;has&nbsp;some of the most fertile lands. It is well known for cattle breeding and growing several crops.<\/p>\n\n\n\n<h2 class=\"wp-block-heading\">Principais ind\u00fastrias<\/h2>\n\n\n\n<p>A agricultura \u00e9 uma ind\u00fastria chave. As principais culturas produzidas s\u00e3o cana-de-a\u00e7\u00facar, arroz, milho e sorgo. O sector petroqu\u00edmico tamb\u00e9m est\u00e1 a crescer rapidamente.<\/p>\n\n\n\n<p>In addition, there are the gold mining, oil, manufacturing, plastics, and pharmaceuticals industries. The country also produces steel, tobacco products, paper, and textiles.&nbsp;Still other products include cement, food, woven goods, rope, drinks, and soaps.<\/p>\n\n\n\n<p>There are large tracts of untouched arable land and vast bodies of water.&nbsp;Moreover, the country has rich sources of iron ore, gold, natural gas, and various minerals.<\/p>\n\n\n\n<p>There are also plans to revive the production of coffee and cocoa for export. Currently, exports include corn, soybeans, wheat, cotton, and cooking oils.&nbsp;Furthermore, rice, fish, fruits, pork, beef, and coffee are also in demand. The country\u2019s main export partners&nbsp;are China, Brazil, Colombia, Mexico, and the United States.<\/p>\n\n\n\n<h2 class=\"wp-block-heading\">Tend\u00eancias<\/h2>\n\n\n\n<p>Os venezuelanos s\u00e3o altamente alfabetizados. Como resultado, o pa\u00eds tem uma for\u00e7a de trabalho qualificada. Ainda assim, existe uma grande disparidade de rendimentos entre os seus cidad\u00e3os. Esta lacuna deixa quase todos os habitantes locais abaixo da linha da pobreza. Os moradores locais n\u00e3o t\u00eam condi\u00e7\u00f5es de comprar suprimentos b\u00e1sicos. O pa\u00eds tem bairros chiques. Mas tamb\u00e9m tem dezenas de favelas para as pessoas que vivem na pobreza.<\/p>\n\n\n\n<p>Apesar destes desafios sociais, este pa\u00eds tem muitas promessas. Por exemplo, os investidores podem considerar investir o seu dinheiro na produ\u00e7\u00e3o de petr\u00f3leo, que \u00e9 uma ind\u00fastria em crescimento. As exporta\u00e7\u00f5es tamb\u00e9m continuam a crescer.<\/p>\n\n\n\n<h2 class=\"wp-block-heading\">Base de Consumidores<\/h2>\n\n\n\n<p>Uma percentagem muito elevada de cidad\u00e3os vive nas cidades. Mais de um quarto da popula\u00e7\u00e3o tem menos de 15 anos. Mais de metade tem entre 15 e 65 anos. O cidad\u00e3o m\u00e9dio carece de bens essenciais como produtos de higiene pessoal, farinha e leite. Muitos cidad\u00e3os tamb\u00e9m n\u00e3o t\u00eam acesso a \u00e1gua pot\u00e1vel. Os pre\u00e7os dispararam e devem aumentar ainda mais.<\/p>\n\n\n\n<p>Ainda assim, este pa\u00eds tem um mercado de quase 30 milh\u00f5es. H\u00e1 um grande potencial para formar joint ventures locais. Embora haja potencial, tenha em mente que as pessoas n\u00e3o podem pagar os pre\u00e7os estabelecidos pelos empres\u00e1rios locais. A maioria dos supermercados tem prateleiras vazias devido \u00e0 escassez de alimentos e suprimentos b\u00e1sicos.<\/p>\n\n\n\n<h2 class=\"wp-block-heading\">Raz\u00f5es para expandir seus neg\u00f3cios na Venezuela<\/h2>\n\n\n\n<p>Existem v\u00e1rios motivos para expandir seus neg\u00f3cios neste estado. Por um lado, h\u00e1 a sua localiza\u00e7\u00e3o. A Venezuela \u00e9 de f\u00e1cil acesso atrav\u00e9s do Caribe. Ele tamb\u00e9m tem muitos outros gateways.<\/p>\n\n\n\n<p>Al\u00e9m disso, os custos de fazer neg\u00f3cios s\u00e3o baixos. A for\u00e7a de trabalho \u00e9 outro incentivo, pois as pessoas est\u00e3o dispostas a trabalhar para poder pagar as necessidades b\u00e1sicas. Assim, a m\u00e3o de obra \u00e9 barata.<\/p>\n\n\n\n<p>Al\u00e9m disso, as exporta\u00e7\u00f5es de petr\u00f3leo continuam a melhorar, apesar de alguns pequenos contratempos. Reservas de areias betuminosas, betume e petr\u00f3leo bruto s\u00e3o boas op\u00e7\u00f5es para explorar. O mercado energ\u00e9tico est\u00e1 a crescer, mas o sector dos produtos n\u00e3o petrol\u00edferos precisa de ser melhorado. Apesar dos desafios, viagens, turismo, agricultura, abastecimento alimentar e tecnologia da informa\u00e7\u00e3o s\u00e3o excelentes apostas para os investidores.<\/p>\n\n\n\n<h2 class=\"wp-block-heading\">Sobre pesquisa de mercado na Venezuela<\/h2>\n\n\n\n<p>Voc\u00ea est\u00e1 interessado em fazer neg\u00f3cios na Venezuela? A pesquisa mostra v\u00e1rios<br>setores s\u00e3o \u00f3timos para investimento. Oferecemos pesquisa quantitativa e qualitativa em ind\u00fastrias em ascens\u00e3o. Tamb\u00e9m fornecemos Pesquisa de Estrat\u00e9gia. Al\u00e9m disso, podemos implantar Focus Groups para testar seu mercado. Tamb\u00e9m podemos ajud\u00e1-lo a melhorar seu jogo fazendo pesquisas e entrevistas.<\/p>\n\n\n\n<p><a href=\"https:\/\/www.sisinternational.com\/pt\/sobre-a-sis-international-research\/contact-sis-international-market-research\/\">Contate-nos hoje para ver como podemos ajud\u00e1-lo.<\/a><\/p>\n\n\n\n<p><\/p>\n\n\n\n<h2 class=\"wp-block-heading\">&nbsp;<\/h2>","protected":false},"excerpt":{"rendered":"<p>Descubra como expandir seus neg\u00f3cios com a Pesquisa de Mercado da Venezuela.<\/p>","protected":false},"author":1,"featured_media":66384,"parent":14351,"menu_order":18,"comment_status":"closed","ping_status":"closed","template":"","meta":{"footnotes":""},"class_list":["post-38495","page","type-page","status-publish","has-post-thumbnail"],"_links":{"self":[{"href":"https:\/\/www.sisinternational.com\/pt\/wp-json\/wp\/v2\/pages\/38495","targetHints":{"allow":["GET"]}}],"collection":[{"href":"https:\/\/www.sisinternational.com\/pt\/wp-json\/wp\/v2\/pages"}],"about":[{"href":"https:\/\/www.sisinternational.com\/pt\/wp-json\/wp\/v2\/types\/page"}],"author":[{"embeddable":true,"href":"https:\/\/www.sisinternational.com\/pt\/wp-json\/wp\/v2\/users\/1"}],"replies":[{"embeddable":true,"href":"https:\/\/www.sisinternational.com\/pt\/wp-json\/wp\/v2\/comments?post=38495"}],"version-history":[{"count":7,"href":"https:\/\/www.sisinternational.com\/pt\/wp-json\/wp\/v2\/pages\/38495\/revisions"}],"predecessor-version":[{"id":79791,"href":"https:\/\/www.sisinternational.com\/pt\/wp-json\/wp\/v2\/pages\/38495\/revisions\/79791"}],"up":[{"embeddable":true,"href":"https:\/\/www.sisinternational.com\/pt\/wp-json\/wp\/v2\/pages\/14351"}],"wp:featuredmedia":[{"embeddable":true,"href":"https:\/\/www.sisinternational.com\/pt\/wp-json\/wp\/v2\/media\/66384"}],"wp:attachment":[{"href":"https:\/\/www.sisinternational.com\/pt\/wp-json\/wp\/v2\/media?parent=38495"}],"curies":[{"name":"wp","href":"https:\/\/api.w.org\/{rel}","templated":true}]}}