{"id":38487,"date":"2021-08-20T16:35:39","date_gmt":"2021-08-20T16:35:39","guid":{"rendered":"https:\/\/www.sisinternational.com\/?page_id=38487"},"modified":"2025-09-15T01:27:24","modified_gmt":"2025-09-15T05:27:24","slug":"pesquisa-de-mercado-uruguai","status":"publish","type":"page","link":"https:\/\/www.sisinternational.com\/pt\/cobertura\/latin-america\/pesquisa-de-mercado-na-america-latina\/pesquisa-de-mercado-uruguai\/","title":{"rendered":"Pesquisa de mercado no Uruguai"},"content":{"rendered":"<h1 class=\"wp-block-heading\">Pesquisa de mercado no Uruguai<\/h1>\n\n\n\n<figure class=\"gb-block-image gb-block-image-4afdc781\"><img loading=\"lazy\" decoding=\"async\" width=\"1456\" height=\"816\" class=\"gb-image gb-image-4afdc781\" src=\"https:\/\/www.sisinternational.com\/wp-content\/uploads\/2025\/09\/Uruguay-1.jpg\" alt=\"Pesquisa e Estrat\u00e9gia de Mercado Internacional da SIS\" title=\"Uruguay (1)\" srcset=\"https:\/\/www.sisinternational.com\/wp-content\/uploads\/2025\/09\/Uruguay-1.jpg 1456w, https:\/\/www.sisinternational.com\/wp-content\/uploads\/2025\/09\/Uruguay-1-300x168.jpg 300w, https:\/\/www.sisinternational.com\/wp-content\/uploads\/2025\/09\/Uruguay-1-1024x574.jpg 1024w, https:\/\/www.sisinternational.com\/wp-content\/uploads\/2025\/09\/Uruguay-1-768x430.jpg 768w, https:\/\/www.sisinternational.com\/wp-content\/uploads\/2025\/09\/Uruguay-1-18x10.jpg 18w\" sizes=\"auto, (max-width: 1456px) 100vw, 1456px\"><\/figure>\n\n\n\n<p><\/p>\n\n\n\n<h2 class=\"wp-block-heading\">O Uruguai \u00e9 min\u00fasculo. Na verdade, \u00e9 um dos menores pa\u00edses da Am\u00e9rica Latina.<\/h2>\n\n\n\n<p>A \u00e1rea tem 68.000 milhas quadradas e apenas quatro milh\u00f5es de pessoas vivem l\u00e1. O pa\u00eds fica entre o Brasil e a Argentina. Existem colinas baixas e belas \u00e1reas costeiras. A regi\u00e3o central abriga grandes fazendas de gado. As pastagens verdes proporcionam boas pastagens para a cria\u00e7\u00e3o de bovinos e ovinos.<\/p>\n\n\n\n<h2 class=\"wp-block-heading\">Bairros<\/h2>\n\n\n\n<p>Uruguay has three main cities. The capital, Montevideo, is an active, colorful coastal area. An old-world charm blends with the modern. In addition, the <a href=\"https:\/\/www.sisinternational.com\/pt\/solucoes\/solucoes-de-pesquisa-quantitativa-qualitativa\/testes-de-locais-centrais-na-cidade-de-nova-york\/\" title=\"Testes de locais centrais na cidade de Nova York: benef\u00edcios para testes de produtos\"  data-wpil-monitor-id=\"7811\">city is the central<\/a> cultural hub. It has several museums and old churches, which are popular with tourists. Several plazas, piers, restaurants, and green spaces offer shopping, dining, and other fun options.<\/p>\n\n\n\n<p>Salto \u00e9 menor que a capital. \u00c9 uma zona tur\u00edstica com muito para ver. Salto possui balne\u00e1rios de primavera, campings, lanchonetes, lojas e barracas de vendedores. Possui tamb\u00e9m diversas vinhas, campos de tomate, citrinos, milho, trigo e linho. al\u00e9m disso, os agricultores locais cultivam morangos, sementes de girassol, milho e trigo.<\/p>\n\n\n\n<p>Outra grande cidade \u00e9 Paysand\u00fa, uma movimentada \u00e1rea industrial. Esta cidade possui f\u00e1bricas de farinha e t\u00eaxteis, cervejarias, curtumes e f\u00e1bricas de processamento de carne.<\/p>\n\n\n\n<h2 class=\"wp-block-heading\">Tend\u00eancias<\/h2>\n\n\n\n<figure class=\"gb-block-image gb-block-image-c7e350aa\"><img loading=\"lazy\" decoding=\"async\" width=\"1456\" height=\"816\" class=\"gb-image gb-image-c7e350aa\" src=\"https:\/\/www.sisinternational.com\/wp-content\/uploads\/2025\/09\/Uruguay-2.jpg\" alt=\"Pesquisa e Estrat\u00e9gia de Mercado Internacional da SIS\" title=\"Uruguay (2)\" srcset=\"https:\/\/www.sisinternational.com\/wp-content\/uploads\/2025\/09\/Uruguay-2.jpg 1456w, https:\/\/www.sisinternational.com\/wp-content\/uploads\/2025\/09\/Uruguay-2-300x168.jpg 300w, https:\/\/www.sisinternational.com\/wp-content\/uploads\/2025\/09\/Uruguay-2-1024x574.jpg 1024w, https:\/\/www.sisinternational.com\/wp-content\/uploads\/2025\/09\/Uruguay-2-768x430.jpg 768w, https:\/\/www.sisinternational.com\/wp-content\/uploads\/2025\/09\/Uruguay-2-18x10.jpg 18w\" sizes=\"auto, (max-width: 1456px) 100vw, 1456px\"><\/figure>\n\n\n\n<p><\/p>\n\n\n\n<p>O Uruguai tem uma for\u00e7a de trabalho bem qualificada e um bom sistema de sa\u00fade. Cerca de dois ter\u00e7os da for\u00e7a de trabalho est\u00e1 no setor de servi\u00e7os. Ainda assim, muitas pessoas est\u00e3o sem emprego, devido \u00e0 baixa chegada de turistas e \u00e0 queda nas exporta\u00e7\u00f5es. Outra tend\u00eancia preocupante \u00e9 que os cidad\u00e3os est\u00e3o a abandonar o pa\u00eds em massa.<\/p>\n\n\n\n<p>Al\u00e9m disso, a baixa taxa de natalidade significa que a popula\u00e7\u00e3o est\u00e1 a envelhecer. A idade m\u00e9dia \u00e9 de 35,8 anos e um quarto das pessoas tem entre 15 e 29 anos. Al\u00e9m disso, h\u00e1 procura de m\u00e3o-de-obra jovem e qualificada. Apesar destes problemas, os gastos pessoais est\u00e3o a aumentar, o que \u00e9 uma boa not\u00edcia para quem quer fazer neg\u00f3cios l\u00e1.<\/p>\n\n\n\n<h2 class=\"wp-block-heading\">Principais ind\u00fastrias<\/h2>\n\n\n\n<p>O Uruguai est\u00e1 entre os maiores produtores de vinho da Am\u00e9rica Latina. Destacam-se tamb\u00e9m as exporta\u00e7\u00f5es de carne bovina produzida a pasto, que continuam a aumentar. Da mesma forma, as exporta\u00e7\u00f5es de pesca, silvicultura, processamento de carne, top\u00e1zio e ametista est\u00e3o prosperando.<\/p>\n\n\n\n<p>As ind\u00fastrias de artigos de couro de luxo e de curtume est\u00e3o prontas para investimento. A cria\u00e7\u00e3o de bovinos e ovinos, frutas, frutas c\u00edtricas, milho e arroz tamb\u00e9m s\u00e3o vi\u00e1veis. Al\u00e9m disso, a soja, a carne enlatada, os lactic\u00ednios, o peixe, a celulose, o arroz e o trigo s\u00e3o produtos de exporta\u00e7\u00e3o importantes.<\/p>\n\n\n\n<p>Os principais parceiros de exporta\u00e7\u00e3o do Uruguai s\u00e3o:<\/p>\n\n\n\n<ul class=\"wp-block-list\">\n<li>A UE<\/li>\n\n\n\n<li>Argentina<\/li>\n\n\n\n<li>Os Estados Unidos<\/li>\n\n\n\n<li>Brasil<\/li>\n<\/ul>\n\n\n\n<h2 class=\"wp-block-heading\">Base de Consumidores<\/h2>\n\n\n\n<p>O Uruguai tem um alto padr\u00e3o de vida e liberdades sociais. A maioria das pessoas vive em \u00e1reas urbanas. H\u00e1 espa\u00e7o para desenvolver neg\u00f3cios nas zonas centrais e rurais.<\/p>\n\n\n\n<p>Itens locais populares s\u00e3o lanches, charutos, tabaco, doces, vinho, cidra e cerveja. Os gastos pessoais continuam a aumentar ap\u00f3s uma recess\u00e3o inicial. Assim, as coisas est\u00e3o melhorando em diversas \u00e1reas de neg\u00f3cios.<\/p>\n\n\n\n<p>As principais importa\u00e7\u00f5es incluem pe\u00e7as de ve\u00edculos, petr\u00f3leo refinado e bruto e ve\u00edculos de passageiros. Telefones celulares e inseticidas tamb\u00e9m est\u00e3o no topo da lista.<\/p>\n\n\n\n<p>Atualmente, h\u00e1 necessidade de expandir as \u00e1guas residuais e gerir o meio ambiente. O pa\u00eds tamb\u00e9m precisa de ajuda nas suas ind\u00fastrias de constru\u00e7\u00e3o, silvicultura e energia.<\/p>\n\n\n\n<h2 class=\"wp-block-heading\">Raz\u00f5es para expandir seus neg\u00f3cios no Uruguai<\/h2>\n\n\n\n<p>Uruguay has a thriving wine <a href=\"https:\/\/www.sisinternational.com\/pt\/melhor-empresa-de-analise-da-industria-em-ny\/\" title=\"Melhor empresa de an\u00e1lise da ind\u00fastria em NY\"  data-wpil-monitor-id=\"7810\">industry and is among the top<\/a> five Latam wine producers. Also, the country is among the best places to do business. It is one of the top three emerging Latam giants. In addition, the country ranks very low on the corruption scale.<\/p>\n\n\n\n<p>O Uruguai tem um clima quente com invernos amenos. Oferece um bom equil\u00edbrio entre trabalho e vida pessoal. Al\u00e9m disso, o pa\u00eds est\u00e1 seguro, com um governo est\u00e1vel. Tem bons transportes rodovi\u00e1rios, servi\u00e7os de ferry e cuidados de sa\u00fade baratos.<\/p>\n\n\n\n<h2 class=\"wp-block-heading\">Pesquisa de mercado no Uruguai<\/h2>\n\n\n\n<p>Uruguay is one of the <a href=\"https:\/\/www.sisinternational.com\/pt\/top-5-benefits-of-qualitative-market-research-for-businesses\/\" title=\"Top 5 Benefits of Qualitative Market Research for Businesses\"  data-wpil-monitor-id=\"7812\">top<\/a> places in Latin America to do business. We offer Qualitative, Quantitative, and Strategy <a href=\"https:\/\/www.sisinternational.com\/pt\/estudos-de-caso\/\" title=\"Estudos de caso\"  data-wpil-monitor-id=\"7809\">market research studies<\/a> of Uruguay and other countries. We hope that this article will help you to make sound investment decisions.<\/p>\n\n\n\n<h2 class=\"wp-block-heading\">&nbsp;<\/h2>","protected":false},"excerpt":{"rendered":"<p>Descubra como fazer sua organiza\u00e7\u00e3o crescer com Pesquisa de Mercado no Uruguai.<\/p>","protected":false},"author":1,"featured_media":66374,"parent":14351,"menu_order":17,"comment_status":"closed","ping_status":"closed","template":"","meta":{"footnotes":""},"class_list":["post-38487","page","type-page","status-publish","has-post-thumbnail"],"_links":{"self":[{"href":"https:\/\/www.sisinternational.com\/pt\/wp-json\/wp\/v2\/pages\/38487","targetHints":{"allow":["GET"]}}],"collection":[{"href":"https:\/\/www.sisinternational.com\/pt\/wp-json\/wp\/v2\/pages"}],"about":[{"href":"https:\/\/www.sisinternational.com\/pt\/wp-json\/wp\/v2\/types\/page"}],"author":[{"embeddable":true,"href":"https:\/\/www.sisinternational.com\/pt\/wp-json\/wp\/v2\/users\/1"}],"replies":[{"embeddable":true,"href":"https:\/\/www.sisinternational.com\/pt\/wp-json\/wp\/v2\/comments?post=38487"}],"version-history":[{"count":4,"href":"https:\/\/www.sisinternational.com\/pt\/wp-json\/wp\/v2\/pages\/38487\/revisions"}],"predecessor-version":[{"id":81318,"href":"https:\/\/www.sisinternational.com\/pt\/wp-json\/wp\/v2\/pages\/38487\/revisions\/81318"}],"up":[{"embeddable":true,"href":"https:\/\/www.sisinternational.com\/pt\/wp-json\/wp\/v2\/pages\/14351"}],"wp:featuredmedia":[{"embeddable":true,"href":"https:\/\/www.sisinternational.com\/pt\/wp-json\/wp\/v2\/media\/66374"}],"wp:attachment":[{"href":"https:\/\/www.sisinternational.com\/pt\/wp-json\/wp\/v2\/media?parent=38487"}],"curies":[{"name":"wp","href":"https:\/\/api.w.org\/{rel}","templated":true}]}}