{"id":38482,"date":"2021-08-20T16:33:18","date_gmt":"2021-08-20T16:33:18","guid":{"rendered":"https:\/\/www.sisinternational.com\/?page_id=38482"},"modified":"2026-01-25T16:55:40","modified_gmt":"2026-01-25T21:55:40","slug":"pesquisa-de-mercado-republica-dominicana","status":"publish","type":"page","link":"https:\/\/www.sisinternational.com\/pt\/cobertura\/latin-america\/pesquisa-de-mercado-na-america-latina\/pesquisa-de-mercado-republica-dominicana\/","title":{"rendered":"Pesquisa de mercado na Rep\u00fablica Dominicana"},"content":{"rendered":"<h1 class=\"wp-block-heading\">Pesquisa de mercado na Rep\u00fablica Dominicana<\/h1>\n\n\n\n<figure class=\"gb-block-image gb-block-image-cb40ad49\"><img loading=\"lazy\" decoding=\"async\" width=\"1456\" height=\"816\" class=\"gb-image gb-image-cb40ad49\" src=\"https:\/\/www.sisinternational.com\/wp-content\/uploads\/2025\/09\/Dominican-Republic-3.jpg\" alt=\"Pesquisa e Estrat\u00e9gia de Mercado Internacional da SIS\" title=\"Dominican Republic (3)\" srcset=\"https:\/\/www.sisinternational.com\/wp-content\/uploads\/2025\/09\/Dominican-Republic-3.jpg 1456w, https:\/\/www.sisinternational.com\/wp-content\/uploads\/2025\/09\/Dominican-Republic-3-300x168.jpg 300w, https:\/\/www.sisinternational.com\/wp-content\/uploads\/2025\/09\/Dominican-Republic-3-1024x574.jpg 1024w, https:\/\/www.sisinternational.com\/wp-content\/uploads\/2025\/09\/Dominican-Republic-3-768x430.jpg 768w, https:\/\/www.sisinternational.com\/wp-content\/uploads\/2025\/09\/Dominican-Republic-3-18x10.jpg 18w\" sizes=\"auto, (max-width: 1456px) 100vw, 1456px\"><\/figure>\n\n\n\n<p><\/p>\n\n\n\n<h2 class=\"wp-block-heading\">A Rep\u00fablica Dominicana, ou RD, fica no lado oriental da ilha de Hispaniola.<\/h2>\n\n\n\n<p>A na\u00e7\u00e3o de l\u00edngua francesa, o Haiti, est\u00e1 a oeste.<\/p>\n\n\n\n<h2 class=\"wp-block-heading\">Principais ind\u00fastrias<\/h2>\n\n\n\n<p>Setores como turismo, manufatura, constru\u00e7\u00e3o e minera\u00e7\u00e3o impulsionam o mercado.<\/p>\n\n\n\n<p>A RD exporta metais, minerais, a\u00e7\u00facar e tabaco. Produz e exporta a segunda maior quantidade de cana-de-a\u00e7\u00facar da regi\u00e3o.<\/p>\n\n\n\n<p>Most exports are to the United States, but other major trade partners are <a href=\"https:\/\/www.sisinternational.com\/pt\/pericia\/pesquisa-de-mercado-bric\/\" title=\"Pesquisa de Mercado BRIC (Brasil, R\u00fassia, \u00cdndia e China)\"  data-wpil-monitor-id=\"11149\">China and India<\/a>.<\/p>\n\n\n\n<p>O clima tropical do pa\u00eds o torna um ponto tur\u00edstico popular, juntamente com suas praias de areia branca e belas montanhas. Ele tamb\u00e9m tem uma hist\u00f3ria rica.<\/p>\n\n\n\n<p>A RD ganha muito dinheiro com a minera\u00e7\u00e3o, o que ajuda a impulsionar o seu PIB. Possui a maior mina de ouro da regi\u00e3o Latam.<\/p>\n\n\n\n<p>The country also has a growing \u201cFree-trade zone.\u201d This area allows the import, production, export, and transport of goods. Custom duties are low here. Within this zone, the <a href=\"https:\/\/www.sisinternational.com\/pt\/solucoes\/solucoes-de-branding-e-pesquisa-de-clientes\/pesquisa-de-mercado-para-testes-de-produtos\/product-testing-for-consumer-products\/medical-device-product-testing-in-nyc\/\" title=\"Medical Device Product Testing in NYC\"  data-wpil-monitor-id=\"11151\">production of medical<\/a> equipment for export is fast-growing.<\/p>\n\n\n\n<h2 class=\"wp-block-heading\">Bairros<\/h2>\n\n\n\n<p>Santo Domingo \u00e9 a capital e maior cidade. \u00c9 o lar de muitos marcos religiosos. Pequenas cidades urbanas tamb\u00e9m s\u00e3o uma caracter\u00edstica. Grandes parques e espa\u00e7os verdes enchem a cidade.<\/p>\n\n\n\n<p>Outra cidade central \u00e9 Santiago, cercada por altas montanhas com densas florestas tropicais. Esses recursos ajudam a proteger a cidade contra furac\u00f5es.<\/p>\n\n\n\n<h2 class=\"wp-block-heading\">Tend\u00eancias<\/h2>\n\n\n\n<figure class=\"gb-block-image gb-block-image-d851b78f\"><img loading=\"lazy\" decoding=\"async\" width=\"1456\" height=\"816\" class=\"gb-image gb-image-d851b78f\" src=\"https:\/\/www.sisinternational.com\/wp-content\/uploads\/2025\/09\/Dominican-Republic-2.jpg\" alt=\"Pesquisa e Estrat\u00e9gia de Mercado Internacional da SIS\" title=\"Dominican Republic (2)\" srcset=\"https:\/\/www.sisinternational.com\/wp-content\/uploads\/2025\/09\/Dominican-Republic-2.jpg 1456w, https:\/\/www.sisinternational.com\/wp-content\/uploads\/2025\/09\/Dominican-Republic-2-300x168.jpg 300w, https:\/\/www.sisinternational.com\/wp-content\/uploads\/2025\/09\/Dominican-Republic-2-1024x574.jpg 1024w, https:\/\/www.sisinternational.com\/wp-content\/uploads\/2025\/09\/Dominican-Republic-2-768x430.jpg 768w, https:\/\/www.sisinternational.com\/wp-content\/uploads\/2025\/09\/Dominican-Republic-2-18x10.jpg 18w\" sizes=\"auto, (max-width: 1456px) 100vw, 1456px\"><\/figure>\n\n\n\n<p>S<\/p>\n\n\n\n<p>ectors within the nation continue to grow due to an increase in external demand. As a result, there are more exports of goods and services and all-round growth.<\/p>\n\n\n\n<p>Este crescimento tem muitos efeitos positivos, tais como aumentos nos sal\u00e1rios dos setores p\u00fablico e privado. Tamb\u00e9m cria mais empregos. As taxas de pobreza diminuem e a classe m\u00e9dia cresce, tudo como resultado do crescimento econ\u00f3mico.<\/p>\n\n\n\n<p>Todas estas s\u00e3o raz\u00f5es pelas quais os investimentos privados no pa\u00eds deveriam aumentar. Beneficia tanto o investidor como o povo da RD.<\/p>\n\n\n\n<h2 class=\"wp-block-heading\">Benef\u00edcios e pontos fortes no mercado<\/h2>\n\n\n\n<p>As taxas de infla\u00e7\u00e3o no pa\u00eds s\u00e3o baixas e est\u00e1veis, o que atrai grandes somas de investimento estrangeiro.<\/p>\n\n\n\n<p>Al\u00e9m disso, a dist\u00e2ncia da RD dos Estados Unidos traz benef\u00edcios. Est\u00e1 fechado; assim, as empresas podem instalar filiais estrangeiras l\u00e1.<\/p>\n\n\n\n<p>O pa\u00eds est\u00e1 est\u00e1vel. O PIB est\u00e1 a crescer e os n\u00edveis de pobreza est\u00e3o a diminuir, o que pode ajudar os investidores. A RD tamb\u00e9m tem acordos comerciais com muitos pa\u00edses, o que lhe permite exportar mais.<\/p>\n\n\n\n<p>The people in the DR treat foreign and local investors as equals, which is an added benefit.&nbsp;Furthermore, they use tax incentives and other measures to attract foreign investors. They give these incentives when the investment made can help the country.<\/p>\n\n\n\n<h2 class=\"wp-block-heading\">Base de Consumidores<\/h2>\n\n\n\n<p>Actualmente, a maioria dos cidad\u00e3os est\u00e1 abaixo do n\u00edvel de pobreza.<\/p>\n\n\n\n<p>Devido \u00e0 pandemia de Covid-19, os consumidores est\u00e3o mais cuidadosos com os gastos. Boa vida familiar, seguran\u00e7a e sa\u00fade p\u00fablica s\u00e3o o seu foco.<\/p>\n\n\n\n<h2 class=\"wp-block-heading\">Raz\u00f5es para expandir seus neg\u00f3cios no mercado dominicano<\/h2>\n\n\n\n<p>The DR is an excellent place for foreign investments. It is a central place for <a href=\"https:\/\/www.sisinternational.com\/pt\/solucoes\/pesquisa-de-consultoria-em-estrategia-fintech\/pesquisa-de-mercado-de-negociacao-algoritmica\/\" title=\"Pesquisa de mercado de negocia\u00e7\u00e3o algor\u00edtmica\"  data-wpil-monitor-id=\"11146\">trade and transport between many large markets<\/a>, including Central, South, and North America.<\/p>\n\n\n\n<p>Os investidores tamb\u00e9m podem desfrutar de um grande mercado de trabalho. A educa\u00e7\u00e3o \u00e9 gratuita e obrigat\u00f3ria, assim os cidad\u00e3os podem aprender compet\u00eancias e acrescentar valor ao investidor. Isso beneficia investidores que podem gerar empregos.<\/p>\n\n\n\n<p>Al\u00e9m disso, o pa\u00eds \u00e9 bom para empreendimentos comerciais devido ao seu grande tamanho.<\/p>\n\n\n\n<p>The thriving export <a href=\"https:\/\/www.sisinternational.com\/pt\/solucoes\/consultoria-em-hotelaria-e-turismo-em-viagens\/pesquisa-de-mercado-de-empresa-de-guia-turistico\/\" title=\"Pesquisa de mercado da empresa de guia tur\u00edstico\"  data-wpil-monitor-id=\"11147\">market provides an added benefit for companies<\/a>. <a href=\"https:\/\/www.sisinternational.com\/pt\/transportadoras-de-baixo-custo-na-industria-da-aviacao\/\" title=\"Pesquisa de mercado de companhias a\u00e9reas de baixo custo\"  data-wpil-monitor-id=\"11148\">Low operating and labor costs<\/a> allow companies to achieve economies of scale.<\/p>\n\n\n\n<h2 class=\"wp-block-heading\">Sobre pesquisa de mercado na Rep\u00fablica Dominicana<\/h2>\n\n\n\n<p>Businesses must conduct Quantitative, Qualitative, and Strategic <a href=\"https:\/\/www.sisinternational.com\/pt\/cobertura\/as-americas\/pesquisa-de-mercado-no-caribe\/pesquisa-de-mercado-antigua-barbuda\/\" title=\"Pesquisa de mercado em Ant\u00edgua e Barbuda\"  data-wpil-monitor-id=\"3799\">Research before market<\/a> entry. Such <a href=\"https:\/\/www.sisinternational.com\/pt\/cobertura\/europa\/pesquisa-de-mercado-em-liverpool-reino-unido\/\" title=\"Pesquisa de Mercado em Liverpool | Grupos focais e coleta de dados no Reino Unido\"  data-wpil-monitor-id=\"11150\">research analyzes current data<\/a>, and this helps investors with decision-making. <a href=\"https:\/\/www.sisinternational.com\/pt\/solucoes\/solucoes-de-branding-e-pesquisa-de-clientes\/pesquisa-de-mercado-de-posicionamento-de-marca\/\" title=\"Pesquisa de mercado de posicionamento de marca\"  data-wpil-monitor-id=\"11145\">Market Research can have a positive<\/a> impact on your business ventures. Thus, it is essential to conduct <a href=\"https:\/\/www.sisinternational.com\/pt\/pericia\/industrias\/pesquisa-de-mercado-geopolitico\/\" title=\"Pesquisa de mercado geopol\u00edtico\"  data-wpil-monitor-id=\"3811\">research before entering the market<\/a>.<\/p>\n\n\n\n<p><\/p>\n\n\n\n<h2 class=\"wp-block-heading\">&nbsp;<\/h2>","protected":false},"excerpt":{"rendered":"<p>Descubra como fazer sua organiza\u00e7\u00e3o crescer com a Pesquisa de Mercado na Rep\u00fablica Dominicana.<\/p>","protected":false},"author":1,"featured_media":66248,"parent":14351,"menu_order":16,"comment_status":"closed","ping_status":"closed","template":"","meta":{"footnotes":""},"class_list":["post-38482","page","type-page","status-publish","has-post-thumbnail"],"_links":{"self":[{"href":"https:\/\/www.sisinternational.com\/pt\/wp-json\/wp\/v2\/pages\/38482","targetHints":{"allow":["GET"]}}],"collection":[{"href":"https:\/\/www.sisinternational.com\/pt\/wp-json\/wp\/v2\/pages"}],"about":[{"href":"https:\/\/www.sisinternational.com\/pt\/wp-json\/wp\/v2\/types\/page"}],"author":[{"embeddable":true,"href":"https:\/\/www.sisinternational.com\/pt\/wp-json\/wp\/v2\/users\/1"}],"replies":[{"embeddable":true,"href":"https:\/\/www.sisinternational.com\/pt\/wp-json\/wp\/v2\/comments?post=38482"}],"version-history":[{"count":6,"href":"https:\/\/www.sisinternational.com\/pt\/wp-json\/wp\/v2\/pages\/38482\/revisions"}],"predecessor-version":[{"id":81821,"href":"https:\/\/www.sisinternational.com\/pt\/wp-json\/wp\/v2\/pages\/38482\/revisions\/81821"}],"up":[{"embeddable":true,"href":"https:\/\/www.sisinternational.com\/pt\/wp-json\/wp\/v2\/pages\/14351"}],"wp:featuredmedia":[{"embeddable":true,"href":"https:\/\/www.sisinternational.com\/pt\/wp-json\/wp\/v2\/media\/66248"}],"wp:attachment":[{"href":"https:\/\/www.sisinternational.com\/pt\/wp-json\/wp\/v2\/media?parent=38482"}],"curies":[{"name":"wp","href":"https:\/\/api.w.org\/{rel}","templated":true}]}}