{"id":38474,"date":"2021-08-20T16:20:30","date_gmt":"2021-08-20T16:20:30","guid":{"rendered":"https:\/\/www.sisinternational.com\/?page_id=38474"},"modified":"2026-01-25T18:32:20","modified_gmt":"2026-01-25T23:32:20","slug":"pesquisa-de-mercado-catar","status":"publish","type":"page","link":"https:\/\/www.sisinternational.com\/pt\/cobertura\/pesquisa-de-mercado-medio-oriente\/pesquisa-de-mercado-catar\/","title":{"rendered":"Pesquisa de mercado no Catar"},"content":{"rendered":"<h1 class=\"wp-block-heading\">Pesquisa de mercado no Catar<\/h1>\n\n\n\n<figure class=\"gb-block-image gb-block-image-d8197e24\"><img loading=\"lazy\" decoding=\"async\" width=\"1456\" height=\"816\" class=\"gb-image gb-image-d8197e24\" src=\"https:\/\/www.sisinternational.com\/wp-content\/uploads\/2025\/08\/Qatar-2.jpg\" alt=\"Pesquisa e Estrat\u00e9gia de Mercado Internacional da SIS\" title=\"Qatar (2)\" srcset=\"https:\/\/www.sisinternational.com\/wp-content\/uploads\/2025\/08\/Qatar-2.jpg 1456w, https:\/\/www.sisinternational.com\/wp-content\/uploads\/2025\/08\/Qatar-2-300x168.jpg 300w, https:\/\/www.sisinternational.com\/wp-content\/uploads\/2025\/08\/Qatar-2-1024x574.jpg 1024w, https:\/\/www.sisinternational.com\/wp-content\/uploads\/2025\/08\/Qatar-2-768x430.jpg 768w, https:\/\/www.sisinternational.com\/wp-content\/uploads\/2025\/08\/Qatar-2-18x10.jpg 18w\" sizes=\"auto, (max-width: 1456px) 100vw, 1456px\"><\/figure>\n\n\n\n<p><\/p>\n\n\n\n<h2 class=\"wp-block-heading\">O Catar \u00e9 um pa\u00eds do Oriente M\u00e9dio localizado em uma pen\u00ednsula no Golfo P\u00e9rsico.<\/h2>\n\n\n\n<p>O Catar tem 2,8 milh\u00f5es de cidad\u00e3os. Suas terras cont\u00eam desertos \u00e1ridos e praias costeiras do Golfo. O Catar faz fronteira com a Ar\u00e1bia Saudita. O Golfo do Bahrein, uma entrada do Golfo P\u00e9rsico, separa o Catar da na\u00e7\u00e3o insular do Bahrein.<\/p>\n\n\n\n<p>O Qatar tem um dos PIBs mais elevados do planeta e o Banco Mundial classifica-o como um pa\u00eds de rendimento elevado. Possui algumas das maiores reservas de g\u00e1s natural e petr\u00f3leo do mundo.<\/p>\n\n\n\n<h2 class=\"wp-block-heading\"><strong>O que \u00e9 pesquisa de mercado no Catar?<\/strong><\/h2>\n\n\n\n<p><span style=\"font-weight: 400;\">A pesquisa de mercado no Catar envolve a coleta, an\u00e1lise e interpreta\u00e7\u00e3o sistem\u00e1tica de dados relacionados ao mercado do Catar. Ajuda as empresas a compreender as prefer\u00eancias, necessidades e comportamentos dos consumidores do Qatar, permitindo-lhes adaptar os seus produtos ou servi\u00e7os em conformidade.<\/span><\/p>\n\n\n\n<p><span style=\"font-weight: 400;\">Num ambiente de mercado em r\u00e1pida mudan\u00e7a, a pesquisa de mercado no Qatar ajuda as empresas a antecipar potenciais riscos e desafios, permitindo-lhes conceber estrat\u00e9gias para os mitigar de forma eficaz. Ele tamb\u00e9m fornece dados e insights valiosos que informam processos estrat\u00e9gicos de tomada de decis\u00e3o, como estrat\u00e9gias de entrada no mercado, desenvolvimento de produtos, estrat\u00e9gias de pre\u00e7os e campanhas de marketing.<\/span><\/p>\n\n\n\n<p><span style=\"font-weight: 400;\">De qualquer forma, traz v\u00e1rios outros benef\u00edcios para as empresas. Incluindo:&nbsp;<\/span><\/p>\n\n\n\n<ul class=\"wp-block-list\">\n<li><b>Tomada de decis\u00e3o informada<\/b><span style=\"font-weight: 400;\">: Ao fornecer insights pr\u00e1ticos sobre as prefer\u00eancias dos consumidores, tend\u00eancias de mercado e cen\u00e1rios competitivos, a pesquisa de mercado capacita as empresas a tomarem decis\u00f5es informadas, minimizando riscos e maximizando oportunidades.<\/span><\/li>\n\n\n\n<li><b>Estrat\u00e9gias de marketing direcionadas<\/b><span style=\"font-weight: 400;\">: Compreender as necessidades e prefer\u00eancias exclusivas dos consumidores do Catar permite que as empresas desenvolvam estrat\u00e9gias de marketing direcionadas que ressoem com seu p\u00fablico-alvo, levando a maiores taxas de engajamento e convers\u00e3o.<\/span><\/li>\n\n\n\n<li><b>Otimiza\u00e7\u00e3o de Produto<\/b><span style=\"font-weight: 400;\">: Atrav\u00e9s de pesquisas de mercado no Catar, as empresas podem obter feedback sobre produtos ou servi\u00e7os existentes e identificar \u00e1reas para melhoria ou inova\u00e7\u00e3o, garantindo que as suas ofertas atendam \u00e0s necessidades em evolu\u00e7\u00e3o do mercado do Catar.<\/span><\/li>\n\n\n\n<li><b>Mitiga\u00e7\u00e3o de riscos<\/b><span style=\"font-weight: 400;\">: A pesquisa de mercado ajuda as empresas a identificar potenciais riscos e desafios no mercado do Qatar, permitindo-lhes desenvolver eficazmente planos de conting\u00eancia e estrat\u00e9gias para mitigar esses riscos.<\/span><\/li>\n\n\n\n<li><b>Vantagem competitiva<\/b><span style=\"font-weight: 400;\">: Ao permanecerem \u00e0 frente das tend\u00eancias do mercado e das atividades dos concorrentes, as empresas podem obter uma vantagem competitiva no mercado do Catar e posicionar-se como l\u00edderes nos seus respetivos setores.<\/span><\/li>\n<\/ul>\n\n\n\n<h2 class=\"wp-block-heading\"><strong>Nossa an\u00e1lise e recomenda\u00e7\u00f5es atuais do mercado<\/strong><\/h2>\n\n\n\n<figure class=\"gb-block-image gb-block-image-9365c593\"><img loading=\"lazy\" decoding=\"async\" width=\"1456\" height=\"816\" class=\"gb-image gb-image-9365c593\" src=\"https:\/\/www.sisinternational.com\/wp-content\/uploads\/2025\/08\/Qatar-1.jpg\" alt=\"Pesquisa e Estrat\u00e9gia de Mercado Internacional da SIS\" title=\"Qatar (1)\" srcset=\"https:\/\/www.sisinternational.com\/wp-content\/uploads\/2025\/08\/Qatar-1.jpg 1456w, https:\/\/www.sisinternational.com\/wp-content\/uploads\/2025\/08\/Qatar-1-300x168.jpg 300w, https:\/\/www.sisinternational.com\/wp-content\/uploads\/2025\/08\/Qatar-1-1024x574.jpg 1024w, https:\/\/www.sisinternational.com\/wp-content\/uploads\/2025\/08\/Qatar-1-768x430.jpg 768w, https:\/\/www.sisinternational.com\/wp-content\/uploads\/2025\/08\/Qatar-1-18x10.jpg 18w\" sizes=\"auto, (max-width: 1456px) 100vw, 1456px\"><\/figure>\n\n\n\n<p><\/p>\n\n\n\n<p><span style=\"font-weight: 400;\">Acreditamos que a economia do Qatar est\u00e1 a diversificar-se rapidamente, com ind\u00fastrias emergentes como a tecnologia, a sa\u00fade e as energias renov\u00e1veis a ganharem for\u00e7a. A an\u00e1lise destas tend\u00eancias pode revelar oportunidades lucrativas para as empresas que procuram capitalizar a transforma\u00e7\u00e3o econ\u00f3mica do Qatar.<\/span><\/p>\n\n\n\n<p><span style=\"font-weight: 400;\">A popula\u00e7\u00e3o rica do Catar tem prefer\u00eancias e comportamentos de compra distintos, impulsionados por influ\u00eancias culturais, escolhas de estilo de vida e avan\u00e7os tecnol\u00f3gicos. Compreender essas nuances \u00e9 essencial para adaptar produtos, servi\u00e7os e estrat\u00e9gias de marketing para que tenham uma boa repercuss\u00e3o entre os consumidores do Catar.<\/span><\/p>\n\n\n\n<p><span style=\"font-weight: 400;\">Additionally, Qatar&#8217;s ambitious development projects, including infrastructure upgrades, hospitality expansion, and preparations for the FIFA World Cup 2022, present significant investment opportunities for businesses across various sectors.&nbsp; By aligning with these initiatives, companies can position themselves for long-term growth and success in the Qatari market.<\/span><\/p>\n\n\n\n<p><span style=\"font-weight: 400;\">Para as empresas que consideram entrar ou expandir-se no Qatar, abordagens estrat\u00e9gicas de entrada no mercado, tais como parcerias, aquisi\u00e7\u00f5es ou investimentos diretos, podem facilitar a penetra\u00e7\u00e3o no mercado e mitigar os riscos associados \u00e0 entrada no mercado.<\/span><\/p>\n\n\n\n<h2 class=\"wp-block-heading\"><strong>Resultados esperados dos servi\u00e7os de pesquisa de mercado da SIS International no Qatar<\/strong><\/h2>\n\n\n\n<p><span style=\"font-weight: 400;\">Antes de nos aprofundarmos nos resultados espec\u00edficos, vamos considerar os benef\u00edcios que as empresas podem esperar da parceria com <\/span><a href=\"https:\/\/www.linkedin.com\/company\/sisinternationalresearch\/\" target=\"_blank\" rel=\"noopener\"><span style=\"font-weight: 400;\">SIS Internacional<\/span><\/a><span style=\"font-weight: 400;\"> para servi\u00e7os de pesquisa de mercado no Catar.<\/span><\/p>\n\n\n\n<p><b>Insights acion\u00e1veis<\/b><span style=\"font-weight: 400;\">:&nbsp;&nbsp;<\/span><\/p>\n\n\n\n<p><span style=\"font-weight: 400;\">Atrav\u00e9s de rigorosa coleta, an\u00e1lise e interpreta\u00e7\u00e3o de dados, a SIS International fornece insights pr\u00e1ticos que permitem \u00e0s empresas tomar decis\u00f5es informadas e desenvolver estrat\u00e9gias eficazes adaptadas ao mercado do Catar.<\/span><\/p>\n\n\n\n<p><b>Recomenda\u00e7\u00f5es Estrat\u00e9gicas<\/b><span style=\"font-weight: 400;\">:&nbsp;&nbsp;<\/span><\/p>\n\n\n\n<p><a href=\"https:\/\/twitter.com\/SISIntlResearch\" target=\"_blank\" rel=\"noopener\"><span style=\"font-weight: 400;\">SIS<\/span><\/a><span style=\"font-weight: 400;\"> fornece recomenda\u00e7\u00f5es estrat\u00e9gicas baseadas na experi\u00eancia do setor, tend\u00eancias de mercado e percep\u00e7\u00f5es do consumidor, capacitando as empresas a aproveitar oportunidades, mitigar riscos e otimizar seu desempenho de mercado no Catar.<\/span><\/p>\n\n\n\n<p><b>Melhor compreens\u00e3o do mercado<\/b><span style=\"font-weight: 400;\">:&nbsp;&nbsp;<\/span><\/p>\n\n\n\n<p><span style=\"font-weight: 400;\">By leveraging advanced <a href=\"https:\/\/www.sisinternational.com\/pt\/cobertura\/as-americas\/pesquisa-de-mercado-no-caribe\/pesquisa-de-mercado-antigua-barbuda\/\" title=\"Pesquisa de mercado em Ant\u00edgua e Barbuda\" data-wpil-monitor-id=\"3802\">research methodologies and local market<\/a> knowledge, SIS International helps businesses comprehensively understand Qatar&#8217;s market dynamics, consumer preferences, and competitive landscape.<\/span><\/p>\n\n\n\n<p><b>Solu\u00e7\u00f5es Personalizadas<\/b><span style=\"font-weight: 400;\">:&nbsp;&nbsp;<\/span><\/p>\n\n\n\n<p><span style=\"font-weight: 400;\">We offer customized research solutions tailored to each client&#8217;s unique needs and objectives, ensuring that research outcomes address specific business challenges and opportunities in the <a href=\"https:\/\/www.sisinternational.com\/pt\/cobertura\/as-americas\/pesquisa-de-mercado-na-america-latina\/pesquisa-de-mercado-costa-rica\/\" title=\"Pesquisa de mercado na Costa Rica\" data-wpil-monitor-id=\"4949\">Qatar<\/a> market.<\/span><\/p>\n\n\n\n<p><b>ROI melhorado<\/b><span style=\"font-weight: 400;\">:&nbsp;&nbsp;<\/span><\/p>\n\n\n\n<p><span style=\"font-weight: 400;\">Atrav\u00e9s da tomada de decis\u00f5es baseada em evid\u00eancias e do planeamento estrat\u00e9gico informado pela pesquisa de mercado da SIS International, as empresas podem melhorar o seu ROI e maximizar a efic\u00e1cia das suas iniciativas de mercado no Qatar.<\/span><\/p>\n\n\n\n<h2 class=\"wp-block-heading\">Bairros<\/h2>\n\n\n\n<p><\/p>\n\n\n\n<p>Qatar&#8217;s capital is Doha. Al Sadd is an area in Doha with several malls, schools, health centers, caf\u00e9s, and restaurants. Furthermore, Al Sadd is the city&#8217;s oldest and most popular part. People looking for rentals in Doha often go to Al Sadd.<\/p>\n\n\n\n<p>Al Waab \u00e9 outro bairro com muitas zonas escolares. A maioria das \u00e1reas de aluguel s\u00e3o vilas e complexos. Tamb\u00e9m tem muitos apartamentos para alugar. Al\u00e9m disso, Aspire Zones e Village Malls s\u00e3o excelentes pontos de encontro para crian\u00e7as e jovens.<\/p>\n\n\n\n<p>Al Wakrah \u00e9 um dos favoritos entre as pessoas que n\u00e3o preferem a vida na cidade. Eles v\u00e3o para l\u00e1 em busca de uma vida costeira descontra\u00edda. Al\u00e9m disso, os alugu\u00e9is l\u00e1 s\u00e3o muito acess\u00edveis.<\/p>\n\n\n\n<h2 class=\"wp-block-heading\"><strong>Principais ind\u00fastrias no Catar<\/strong><\/h2>\n\n\n\n<p><span style=\"font-weight: 400;\">Before exploring the specific industries, let&#8217;s highlight Qatar&#8217;s diverse economic landscape, characterized by dynamic sectors driving growth and innovation in the region.<\/span><\/p>\n\n\n\n<p><b>\u2022 Energia e Petroqu\u00edmica<\/b><span style=\"font-weight: 400;\">:&nbsp; Qatar is a leading exporter of liquefied natural gas (LNG) and petrochemical products, with significant investments in energy infrastructure and sustainability initiatives.&nbsp; Key players in this industry include Qatar Petroleum and RasGas, which contribute to Qatar&#8217;s status as a global energy hub.<\/span><\/p>\n\n\n\n<p><b>\u2022 Sa\u00fade e Ci\u00eancias da Vida<\/b><span style=\"font-weight: 400;\">:&nbsp; Qatar&#8217;s healthcare sector is witnessing rapid growth, driven by investments in healthcare infrastructure, medical research, and preventive care initiatives.&nbsp; Leading healthcare providers such as Hamad Medical Corporation (HMC) and Sidra Medicine are enhancing Qatar&#8217;s healthcare capabilities and attracting medical tourists worldwide.<\/span><\/p>\n\n\n\n<p><b>\u2022 Turismo e hospitalidade<\/b><span style=\"font-weight: 400;\">: A ind\u00fastria tur\u00edstica do Catar est\u00e1 passando por uma expans\u00e3o significativa, alimentada por investimentos em hot\u00e9is de luxo, atra\u00e7\u00f5es culturais e locais de entretenimento. Desenvolvimentos importantes, como o projecto Msheireb Downtown Doha e o Museu Nacional do Qatar, impulsionam o crescimento do turismo e melhoram a reputa\u00e7\u00e3o do pa\u00eds como um destino de classe mundial.<\/span><\/p>\n\n\n\n<h2 class=\"wp-block-heading\"><strong>Principais players no mercado do Catar<\/strong><\/h2>\n\n\n\n<ul class=\"wp-block-list\">\n<li><b>Petr\u00f3leo do Catar<\/b><span style=\"font-weight: 400;\">: Como empresa petrol\u00edfera estatal, a Qatar Petroleum \u00e9 fundamental no setor energ\u00e9tico do pa\u00eds, supervisionando as atividades de explora\u00e7\u00e3o, produ\u00e7\u00e3o e exporta\u00e7\u00e3o de petr\u00f3leo e g\u00e1s.<\/span><\/li>\n\n\n\n<li><b>Qatar Airways<\/b><span style=\"font-weight: 400;\">: A Qatar Airways \u00e9 uma companhia a\u00e9rea l\u00edder global, reconhecida por seus servi\u00e7os premium e extensa rede de rotas. Contribui significativamente para as ind\u00fastrias de avia\u00e7\u00e3o e turismo do Catar.<\/span><\/li>\n\n\n\n<li><b>Banco Nacional do Catar (QNB)<\/b><span style=\"font-weight: 400;\">: Como a maior institui\u00e7\u00e3o financeira do Qatar, o QNB oferece uma gama abrangente de servi\u00e7os banc\u00e1rios e financeiros, apoiando o crescimento econ\u00f3mico e as iniciativas de desenvolvimento do pa\u00eds.<\/span><\/li>\n\n\n\n<li><b>Ooredoo Catar<\/b><span style=\"font-weight: 400;\">: Ooredoo Qatar \u00e9 um provedor l\u00edder de telecomunica\u00e7\u00f5es que oferece v\u00e1rios servi\u00e7os m\u00f3veis, de Internet e digitais para consumidores e empresas do Catar.<\/span><\/li>\n\n\n\n<li><b>Funda\u00e7\u00e3o Catar<\/b><span style=\"font-weight: 400;\">: A Funda\u00e7\u00e3o Qatar \u00e9 uma organiza\u00e7\u00e3o sem fins lucrativos dedicada \u00e0 educa\u00e7\u00e3o, pesquisa e desenvolvimento comunit\u00e1rio. Ela lidera iniciativas como Education City e Qatar Science &amp; Technology Park.<\/span><\/li>\n<\/ul>\n\n\n\n<h2 class=\"wp-block-heading\"><strong>Drivers de mercado no Catar<\/strong><\/h2>\n\n\n\n<figure class=\"gb-block-image gb-block-image-3dd9aa60\"><img loading=\"lazy\" decoding=\"async\" width=\"1456\" height=\"816\" class=\"gb-image gb-image-3dd9aa60\" src=\"https:\/\/www.sisinternational.com\/wp-content\/uploads\/2025\/08\/Qatar-3.jpg\" alt=\"Pesquisa e Estrat\u00e9gia de Mercado Internacional da SIS\" title=\"Qatar (3)\" srcset=\"https:\/\/www.sisinternational.com\/wp-content\/uploads\/2025\/08\/Qatar-3.jpg 1456w, https:\/\/www.sisinternational.com\/wp-content\/uploads\/2025\/08\/Qatar-3-300x168.jpg 300w, https:\/\/www.sisinternational.com\/wp-content\/uploads\/2025\/08\/Qatar-3-1024x574.jpg 1024w, https:\/\/www.sisinternational.com\/wp-content\/uploads\/2025\/08\/Qatar-3-768x430.jpg 768w, https:\/\/www.sisinternational.com\/wp-content\/uploads\/2025\/08\/Qatar-3-18x10.jpg 18w\" sizes=\"auto, (max-width: 1456px) 100vw, 1456px\"><\/figure>\n\n\n\n<p><\/p>\n\n\n\n<p><b>\u2022 Iniciativas Governamentais<\/b><span style=\"font-weight: 400;\">: O governo do Qatar \u00e9 proativo na promo\u00e7\u00e3o da diversifica\u00e7\u00e3o e do desenvolvimento econ\u00f3mico atrav\u00e9s de iniciativas como a Vis\u00e3o Nacional do Qatar 2030, que visa transformar o Qatar numa economia baseada no conhecimento e aumentar a sua competitividade global.<\/span><\/p>\n\n\n\n<p><b>\u2022 Expans\u00e3o do Setor Energ\u00e9tico<\/b><span style=\"font-weight: 400;\">:&nbsp; Qatar&#8217;s dominance in the global energy market, particularly as the world&#8217;s largest exporter of LNG, continues to drive investment and growth in the energy sector, supporting economic stability and development.<\/span><\/p>\n\n\n\n<p><b>\u2022 Promo\u00e7\u00e3o Tur\u00edstica<\/b><span style=\"font-weight: 400;\">: Os esfor\u00e7os do Qatar para promover o turismo e melhorar a sua infra-estrutura hoteleira est\u00e3o a impulsionar o crescimento do sector do turismo. Visitantes de todo o mundo vivenciam a rica cultura, comodidades modernas e atra\u00e7\u00f5es exclusivas do Catar.<\/span><\/p>\n\n\n\n<p><b>\u2022 Transforma\u00e7\u00e3o Digital<\/b><span style=\"font-weight: 400;\">:&nbsp; Qatar&#8217;s digital transformation agenda, aimed at fostering innovation, entrepreneurship, and digital infrastructure development, is creating opportunities in the IT, telecommunications, and fintech sectors, positioning Qatar as a regional leader in digitalization.<\/span><\/p>\n\n\n\n<h2 class=\"wp-block-heading\"><strong>Restri\u00e7\u00f5es de mercado no Catar<\/strong><\/h2>\n\n\n\n<p><b>\u2022 Depend\u00eancia de Petr\u00f3leo e G\u00e1s<\/b><span style=\"font-weight: 400;\">: Apesar dos esfor\u00e7os para diversificar a sua economia, o Qatar continua fortemente dependente das receitas do sector do petr\u00f3leo e do g\u00e1s. Isto torna-o suscet\u00edvel a flutua\u00e7\u00f5es nos pre\u00e7os globais da energia e na procura do mercado, o que representa riscos para a estabilidade econ\u00f3mica e para o crescimento.<\/span><\/p>\n\n\n\n<p><b>\u2022 Restri\u00e7\u00f5es do Mercado de Trabalho<\/b><span style=\"font-weight: 400;\">:&nbsp; Qatar&#8217;s labor market, characterized by a significant expatriate workforce, faces challenges related to labor laws, workforce regulations, and labor rights, which can impact recruitment, retention, and talent management for businesses in the country.<\/span><\/p>\n\n\n\n<p><b>\u2022 Riscos Geopol\u00edticos:&nbsp; <a href=\"https:\/\/www.sisinternational.com\/pt\/perspectivas-economicas-do-catar\/\" title=\"Perspectivas Econ\u00f4micas e Pesquisa de Mercado do Catar\" data-wpil-monitor-id=\"3556\">Qatar&#8217;s geopolitical position in the Middle East<\/a>, amidst regional tensions and geopolitical dynamics, may pose risks to business operations, trade relations, and investor confidence, necessitating careful risk assessment and contingency planning.<\/span><\/p>\n\n\n\n<p><b>\u2022 Desafios de infraestrutura<\/b><span style=\"font-weight: 400;\">:&nbsp; While Qatar has made significant investments in infrastructure development, challenges such as traffic congestion, inadequate public transportation, and utility disruptions may impact business operations and logistics, requiring strategic planning and investment.<\/span><\/p>\n\n\n\n<h2 class=\"wp-block-heading\">Tend\u00eancias<\/h2>\n\n\n\n<p>O Catar liderou a lista em 2013 como o estado mais rico do mundo medido pelo PIB per capita. Ainda \u00e9 um dos pa\u00edses mais ricos do mundo.<\/p>\n\n\n\n<p>Actualmente, o Qatar \u00e9 o mercado de luxo que mais cresce no mundo. Possui participa\u00e7\u00e3o majorit\u00e1ria na Valentino (marca italiana de alta costura) e est\u00e1 interessada em lojas de departamentos como Printemps em Paris e Harrods em Londres. Os catarianos tendem a gastar muito, mas muitos deles fazem compras em Dubai ou online. Ainda assim, o Qatar est\u00e1 a tornar-se um centro de moda de luxo.<\/p>\n\n\n\n<h2 class=\"wp-block-heading\">Base de Consumidores<\/h2>\n\n\n\n<p>A economia do Qatar depende do petr\u00f3leo e do g\u00e1s natural. Estes sectores constituem uma grande parte das receitas de exporta\u00e7\u00e3o.<\/p>\n\n\n\n<p>Antes de o pa\u00eds basear os seus ganhos no g\u00e1s natural e no petr\u00f3leo, o mergulho em p\u00e9rolas era a principal ind\u00fastria. Ent\u00e3o, em 1939, o povo come\u00e7ou a explorar os campos de petr\u00f3leo e g\u00e1s. Em 1973, a produ\u00e7\u00e3o de petr\u00f3leo come\u00e7ou e as receitas aumentaram. O petr\u00f3leo fez com que o Qatar passasse de um dos pa\u00edses mais pobres para um dos mais ricos do mundo.<\/p>\n\n\n\n<h2 class=\"wp-block-heading\">Raz\u00f5es para expandir um neg\u00f3cio no Catar<\/h2>\n\n\n\n<p>Construir um neg\u00f3cio no Catar tem seus benef\u00edcios. O estado \u00e9 um dos pa\u00edses mais ricos e o governo presta muita aten\u00e7\u00e3o \u00e0 gest\u00e3o da sua economia. Alguns benef\u00edcios incluem infraestrutura desenvolvida e NENHUM imposto de renda. Tamb\u00e9m traz benef\u00edcios adicionais, como edif\u00edcios de escrit\u00f3rios modernos e locais de moradia decentes. Al\u00e9m disso, trabalhar com os habitantes locais seria agrad\u00e1vel. Os moradores do Catar tendem a ser trabalhadores determinados e capazes.<\/p>\n\n\n\n<h2 class=\"wp-block-heading\"><strong>Atratividade da Ind\u00fastria: An\u00e1lise SWOT do Mercado do Catar<\/strong><\/h2>\n\n\n\n<h3 class=\"wp-block-heading\">For\u00e7as<span style=\"font-weight: 400;\">:<\/span><\/h3>\n\n\n\n<ul class=\"wp-block-list\">\n<li>\n<ul class=\"wp-block-list\">\n<li><span style=\"font-weight: 400;\">A localiza\u00e7\u00e3o estrat\u00e9gica do Qatar como porta de entrada entre o Oriente e o Ocidente proporciona acesso a diversos mercados e rotas comerciais, aumentando a sua atratividade como centro de neg\u00f3cios regional.<\/span><\/li>\n\n\n\n<li><span style=\"font-weight: 400;\">O ambiente pol\u00edtico est\u00e1vel do pa\u00eds, apoiado por institui\u00e7\u00f5es e lideran\u00e7a governamentais fortes, promove a confian\u00e7a dos investidores e a estabilidade no clima de neg\u00f3cios.<\/span><\/li>\n<\/ul>\n<\/li>\n<\/ul>\n\n\n\n<h3 class=\"wp-block-heading\">Fraquezas<span style=\"font-weight: 400;\">:<\/span><\/h3>\n\n\n\n<ul class=\"wp-block-list\">\n<li>\n<ul class=\"wp-block-list\">\n<li><span style=\"font-weight: 400;\">A forte depend\u00eancia do Catar das receitas do petr\u00f3leo e do g\u00e1s exp\u00f5e a sua economia \u00e0 volatilidade e \u00e0s flutua\u00e7\u00f5es do mercado, real\u00e7ando a necessidade de diversifica\u00e7\u00e3o e resili\u00eancia noutros setores.<\/span><\/li>\n\n\n\n<li><span style=\"font-weight: 400;\">O pequeno tamanho do mercado interno do pa\u00eds e a popula\u00e7\u00e3o limitada representam desafios para as empresas que procuram escala e oportunidades de crescimento, necessitando de estrat\u00e9gias para explorar os mercados internacionais.<\/span><\/li>\n<\/ul>\n<\/li>\n<\/ul>\n\n\n\n<h3 class=\"wp-block-heading\">Oportunidades<span style=\"font-weight: 400;\">:<\/span><\/h3>\n\n\n\n<ul class=\"wp-block-list\">\n<li>\n<ul class=\"wp-block-list\">\n<li><span style=\"font-weight: 400;\">O foco do governo na diversifica\u00e7\u00e3o econ\u00f3mica e nas iniciativas de inova\u00e7\u00e3o, juntamente com o pr\u00f3spero ecossistema digital do Qatar, cria oportunidades para a tecnologia, o empreendedorismo e a transforma\u00e7\u00e3o digital.<\/span><\/li>\n<\/ul>\n<\/li>\n<\/ul>\n\n\n\n<h3 class=\"wp-block-heading\">Amea\u00e7as<span style=\"font-weight: 400;\">:<\/span><\/h3>\n\n\n\n<ul class=\"wp-block-list\">\n<li>\n<ul class=\"wp-block-list\">\n<li><span style=\"font-weight: 400;\">As tens\u00f5es geopol\u00edticas e a instabilidade regional no M\u00e9dio Oriente representam riscos para a seguran\u00e7a, a estabilidade e o ambiente empresarial do Qatar, necessitando de estrat\u00e9gias de gest\u00e3o de riscos e de planeamento de conting\u00eancia.<\/span><\/li>\n\n\n\n<li><span style=\"font-weight: 400;\">Fatores externos, como crises econ\u00f3micas globais, flutua\u00e7\u00f5es nos pre\u00e7os da energia e altera\u00e7\u00f5es regulamentares, podem afetar a economia e o cen\u00e1rio empresarial do Qatar, exigindo que as empresas se adaptem e mitiguem os riscos.<\/span><\/li>\n<\/ul>\n<\/li>\n<\/ul>\n\n\n\n<h2 class=\"wp-block-heading\">Localiza\u00e7\u00e3o de nossas instala\u00e7\u00f5es em Nova York<\/h2>\n\n\n\n<p>  <iframe loading=\"lazy\" src=\"https:\/\/www.google.com\/maps\/embed?pb=!1m18!1m12!1m3!1d3022.976188376966!2d-73.99130312499956!3d40.740549471389315!2m3!1f0!2f0!3f0!3m2!1i1024!2i768!4f13.1!3m3!1m2!1s0x89c259a15798c731%3A0xd695d09bdd495f25!2s11%20E%2022nd%20St%20FL%202%2C%20New%20York%2C%20NY%2010010%2C%20USA!5e0!3m2!1sen!2spe!4v1726171763526!5m2!1sen!2spe\" width=\"600\" height=\"450\" allowfullscreen=\"allowfullscreen\" data-mce-fragment=\"1\"><\/iframe>  <\/p>\n\n\n\n<h3 class=\"wp-block-heading\">11 E 22nd Street, 2\u00ba andar, Nova York, NY 10010 T: +1(212) 505-6805<\/h3>\n\n\n\n<hr class=\"wp-block-separator has-alpha-channel-opacity\"\/>\n\n\n\n<h2 class=\"wp-block-heading\"><span style=\"font-weight: 400;\">Sobre SIS Internacional<\/span><\/h2>\n\n\n\n<p><a href=\"https:\/\/www.sisinternational.com\/pt\/\"><span style=\"font-weight: 400;\">SIS Internacional<\/span><\/a><span style=\"font-weight: 400;\"> oferece pesquisa quantitativa, qualitativa e estrat\u00e9gica. Fornecemos dados, ferramentas, estrat\u00e9gias, relat\u00f3rios e insights para a tomada de decis\u00f5es. Tamb\u00e9m realizamos entrevistas, pesquisas, grupos focais e outros m\u00e9todos e abordagens de Pesquisa de Mercado.<\/span><a href=\"https:\/\/www.sisinternational.com\/pt\/sobre-a-sis-international-research\/contact-sis-international-market-research\/\"><span style=\"font-weight: 400;\"> Entre em contato conosco<\/span><\/a><span style=\"font-weight: 400;\"> para o seu pr\u00f3ximo projeto de pesquisa de mercado.<\/span><\/p>\n\n\n\n<p><\/p>","protected":false},"excerpt":{"rendered":"<p>Descubra como expandir sua organiza\u00e7\u00e3o com a Pesquisa de Mercado no Catar.<\/p>","protected":false},"author":1,"featured_media":65093,"parent":36619,"menu_order":14,"comment_status":"closed","ping_status":"closed","template":"","meta":{"footnotes":""},"class_list":["post-38474","page","type-page","status-publish","has-post-thumbnail"],"_links":{"self":[{"href":"https:\/\/www.sisinternational.com\/pt\/wp-json\/wp\/v2\/pages\/38474","targetHints":{"allow":["GET"]}}],"collection":[{"href":"https:\/\/www.sisinternational.com\/pt\/wp-json\/wp\/v2\/pages"}],"about":[{"href":"https:\/\/www.sisinternational.com\/pt\/wp-json\/wp\/v2\/types\/page"}],"author":[{"embeddable":true,"href":"https:\/\/www.sisinternational.com\/pt\/wp-json\/wp\/v2\/users\/1"}],"replies":[{"embeddable":true,"href":"https:\/\/www.sisinternational.com\/pt\/wp-json\/wp\/v2\/comments?post=38474"}],"version-history":[{"count":10,"href":"https:\/\/www.sisinternational.com\/pt\/wp-json\/wp\/v2\/pages\/38474\/revisions"}],"predecessor-version":[{"id":78860,"href":"https:\/\/www.sisinternational.com\/pt\/wp-json\/wp\/v2\/pages\/38474\/revisions\/78860"}],"up":[{"embeddable":true,"href":"https:\/\/www.sisinternational.com\/pt\/wp-json\/wp\/v2\/pages\/36619"}],"wp:featuredmedia":[{"embeddable":true,"href":"https:\/\/www.sisinternational.com\/pt\/wp-json\/wp\/v2\/media\/65093"}],"wp:attachment":[{"href":"https:\/\/www.sisinternational.com\/pt\/wp-json\/wp\/v2\/media?parent=38474"}],"curies":[{"name":"wp","href":"https:\/\/api.w.org\/{rel}","templated":true}]}}