{"id":38470,"date":"2021-08-19T17:02:33","date_gmt":"2021-08-19T17:02:33","guid":{"rendered":"https:\/\/www.sisinternational.com\/?page_id=38470"},"modified":"2025-09-15T01:36:57","modified_gmt":"2025-09-15T05:36:57","slug":"pesquisa-de-mercado-paraguai","status":"publish","type":"page","link":"https:\/\/www.sisinternational.com\/pt\/cobertura\/latin-america\/pesquisa-de-mercado-na-america-latina\/pesquisa-de-mercado-paraguai\/","title":{"rendered":"Pesquisa de mercado no Paraguai"},"content":{"rendered":"<h1 class=\"wp-block-heading\">Pesquisa de mercado no Paraguai<\/h1>\n\n\n\n<figure class=\"gb-block-image gb-block-image-7902f428\"><img loading=\"lazy\" decoding=\"async\" width=\"1456\" height=\"816\" class=\"gb-image gb-image-7902f428\" src=\"https:\/\/www.sisinternational.com\/wp-content\/uploads\/2025\/09\/Paraguay-3.jpg\" alt=\"Pesquisa e Estrat\u00e9gia de Mercado Internacional da SIS\" title=\"Paraguay (3)\" srcset=\"https:\/\/www.sisinternational.com\/wp-content\/uploads\/2025\/09\/Paraguay-3.jpg 1456w, https:\/\/www.sisinternational.com\/wp-content\/uploads\/2025\/09\/Paraguay-3-300x168.jpg 300w, https:\/\/www.sisinternational.com\/wp-content\/uploads\/2025\/09\/Paraguay-3-1024x574.jpg 1024w, https:\/\/www.sisinternational.com\/wp-content\/uploads\/2025\/09\/Paraguay-3-768x430.jpg 768w, https:\/\/www.sisinternational.com\/wp-content\/uploads\/2025\/09\/Paraguay-3-18x10.jpg 18w\" sizes=\"auto, (max-width: 1456px) 100vw, 1456px\"><\/figure>\n\n\n\n<p><\/p>\n\n\n\n<h2 class=\"wp-block-heading\">Principais ind\u00fastrias<\/h2>\n\n\n\n<p>A agricultura \u00e9 fundamental no Paraguai. Este setor responde por um quinto do PIB do pa\u00eds e emprega quase metade da for\u00e7a de trabalho. As principais culturas plantadas neste pa\u00eds s\u00e3o trigo, milho e mandioca. Tamb\u00e9m produz caf\u00e9, frutas c\u00edtricas, amendoim, arroz, cana-de-a\u00e7\u00facar, sorgo, feij\u00e3o, batata doce e latic\u00ednios. A carne bovina \u00e9 outro importante produto de exporta\u00e7\u00e3o, assim como a madeira. O Paraguai processa madeira serrada e madeira para combust\u00edvel em larga escala.<\/p>\n\n\n\n<h2 class=\"wp-block-heading\">Bairros<\/h2>\n\n\n\n<p>Asunci\u00f3n is the capital and also the largest city in Paraguay. In addition, it has the largest population. Asunci\u00f3n is also home to many famous buildings. For example, one can find the National Pantheon of Heroes and the Hotel Guaran\u00ed here. The cathedral and the Presidential Palace are also in La Asunci\u00f3n. All four of these buildings date back to the 19th century. Asunci\u00f3n also has its own airport.<\/p>\n\n\n\n<h2 class=\"wp-block-heading\">Tend\u00eancias<\/h2>\n\n\n\n<p>O Paraguai tem visto muito crescimento nos \u00faltimos anos devido ao seu s\u00f3lido sistema financeiro. Outro motor do crescimento foi a redu\u00e7\u00e3o da pobreza e outras pol\u00edticas. Estas pol\u00edticas abriram o caminho para a reforma social. A pandemia da COVID-19 atingiu o Paraguai enquanto o pa\u00eds apresentava uma tend\u00eancia ascendente. O crescimento estava prestes a arrancar depois de ter estagnado em 2019. Os especialistas esperam que o crescimento regresse aos n\u00edveis normais \u00e0 medida que a economia mundial recupera.<\/p>\n\n\n\n<p>O Governo do Paraguai anunciou um plano de recupera\u00e7\u00e3o ousado. O plano busca investimento p\u00fablico. Tamb\u00e9m procurar\u00e1 garantias de empr\u00e9stimos para empreendimentos pequenos e informais. As transfer\u00eancias sociais para fam\u00edlias pobres s\u00e3o outro aspecto do programa. Prop\u00f5e tamb\u00e9m uma revis\u00e3o da legisla\u00e7\u00e3o fiscal. O plano implementar\u00e1 a fun\u00e7\u00e3o p\u00fablica e a reforma do Estado. Procurar\u00e1 tamb\u00e9m desenvolver melhores sistemas de contrata\u00e7\u00e3o p\u00fablica. A crise da COVID-19 pode ser o in\u00edcio de um per\u00edodo de reformas profundas que colocar\u00e3o o Paraguai no caminho para um futuro brilhante.<\/p>\n\n\n\n<h2 class=\"wp-block-heading\">Benef\u00edcios e pontos fortes no mercado<\/h2>\n\n\n\n<p>O Paraguai depende da agricultura. O estado tem visto crescimento nesse setor devido ao aumento das exporta\u00e7\u00f5es de soja e carne bovina.<\/p>\n\n\n\n<p>O Paraguai tamb\u00e9m possui cerca de 17.705 hectares de terras org\u00e2nicas, que contam com v\u00e1rios milhares de fazendas org\u00e2nicas em funcionamento.<\/p>\n\n\n\n<p>Os principais parceiros comerciais do Paraguai s\u00e3o Brasil, Argentina, Chile, Federa\u00e7\u00e3o Russa e Turquia.<\/p>\n\n\n\n<h2 class=\"wp-block-heading\">Base de Consumidores<\/h2>\n\n\n\n<p>Paraguay is one of the poorest countries because of the unequal division of income. Much of the state lives in poverty. People cannot buy certain goods and <a href=\"https:\/\/www.sisinternational.com\/pt\/solucoes\/grupos-de-foco\/professional-focus-group-services\/\" title=\"Professional Focus Group Services\"  data-wpil-monitor-id=\"7677\">services since their main focus<\/a> is basic needs for their families.<\/p>\n\n\n\n<h2 class=\"wp-block-heading\">Raz\u00f5es para expandir seu neg\u00f3cio no mercado<\/h2>\n\n\n\n<p>Although Paraguay is poor, it is now in a state of healing. There are reasons why one should consider starting and <a href=\"https:\/\/www.sisinternational.com\/pt\/publicacoes\/exportacao-do-mercado-intermediario-do-japao\/\" title=\"Expandindo seus neg\u00f3cios no Jap\u00e3o\"  data-wpil-monitor-id=\"7673\">growing their business<\/a>.<\/p>\n\n\n\n<p>In Paraguay, there are green <a href=\"https:\/\/www.sisinternational.com\/pt\/pericia\/industrias\/pesquisa-de-mercado-de-consultoria-em-estrategia-de-energia-energetica\/\" title=\"Pesquisa de mercado de consultoria em estrat\u00e9gia de energia e energia\"  data-wpil-monitor-id=\"7681\">energia<\/a> benefits because the country receives all its power from Itaipu Dam. For this reason, Paraguay has an adequate power supply, and it can even export. Furthermore, companies have an edge when starting up. Power is cheap and safe, and green <a href=\"https:\/\/www.sisinternational.com\/pt\/pericia\/curriculos-de-experiencia\/curriculo-de-experiencia-em-industrias-quimicas-e-energeticas\/\" title=\"Empresa de pesquisa de mercado qu\u00edmico e energ\u00e9tico\"  data-wpil-monitor-id=\"7675\">energy reduces the carbon footprint of companies<\/a>. It also fulfills their social duty. Also, starting a business in this country is very easy. Paraguay supports investment by foreign investors and business persons.<\/p>\n\n\n\n<h2 class=\"wp-block-heading\">Sobre Pesquisa de Mercado no Paraguai<\/h2>\n\n\n\n<p>Are you having thoughts about starting your business in Paraguay? We offer Quantitative, Qualitative, and <a href=\"https:\/\/www.sisinternational.com\/pt\/solucoes\/consultoria-em-hotelaria-e-turismo-em-viagens\/consultoria-em-estrategia-de-pesquisa-de-mercado-para-empresa-de-gestao-hoteleira\/\" title=\"Pesquisa de mercado e consultoria estrat\u00e9gica para empresas de gest\u00e3o hoteleira\"  data-wpil-monitor-id=\"7672\">Strategy Research for startups and other companies<\/a>. Our methods include Interviews, Surveys, and Focus Groups. Contact us now to see how we can help you <a href=\"https:\/\/www.sisinternational.com\/pt\/abrir-um-negocio-na-turquia\/\" title=\"Abrir um neg\u00f3cio na Turquia\"  data-wpil-monitor-id=\"7679\">set up your business<\/a> in Paraguay.<\/p>\n\n\n\n<h2 class=\"wp-block-heading\">&nbsp;<\/h2>","protected":false},"excerpt":{"rendered":"<p>Descubra como expandir sua organiza\u00e7\u00e3o com Pesquisa de Mercado no Paraguai.<\/p>","protected":false},"author":1,"featured_media":66335,"parent":14351,"menu_order":14,"comment_status":"closed","ping_status":"closed","template":"","meta":{"footnotes":""},"class_list":["post-38470","page","type-page","status-publish","has-post-thumbnail"],"_links":{"self":[{"href":"https:\/\/www.sisinternational.com\/pt\/wp-json\/wp\/v2\/pages\/38470","targetHints":{"allow":["GET"]}}],"collection":[{"href":"https:\/\/www.sisinternational.com\/pt\/wp-json\/wp\/v2\/pages"}],"about":[{"href":"https:\/\/www.sisinternational.com\/pt\/wp-json\/wp\/v2\/types\/page"}],"author":[{"embeddable":true,"href":"https:\/\/www.sisinternational.com\/pt\/wp-json\/wp\/v2\/users\/1"}],"replies":[{"embeddable":true,"href":"https:\/\/www.sisinternational.com\/pt\/wp-json\/wp\/v2\/comments?post=38470"}],"version-history":[{"count":4,"href":"https:\/\/www.sisinternational.com\/pt\/wp-json\/wp\/v2\/pages\/38470\/revisions"}],"predecessor-version":[{"id":81295,"href":"https:\/\/www.sisinternational.com\/pt\/wp-json\/wp\/v2\/pages\/38470\/revisions\/81295"}],"up":[{"embeddable":true,"href":"https:\/\/www.sisinternational.com\/pt\/wp-json\/wp\/v2\/pages\/14351"}],"wp:featuredmedia":[{"embeddable":true,"href":"https:\/\/www.sisinternational.com\/pt\/wp-json\/wp\/v2\/media\/66335"}],"wp:attachment":[{"href":"https:\/\/www.sisinternational.com\/pt\/wp-json\/wp\/v2\/media?parent=38470"}],"curies":[{"name":"wp","href":"https:\/\/api.w.org\/{rel}","templated":true}]}}