{"id":38466,"date":"2021-08-19T16:53:13","date_gmt":"2021-08-19T16:53:13","guid":{"rendered":"https:\/\/www.sisinternational.com\/?page_id=38466"},"modified":"2025-09-15T01:39:47","modified_gmt":"2025-09-15T05:39:47","slug":"pesquisa-de-mercado-nicaragua","status":"publish","type":"page","link":"https:\/\/www.sisinternational.com\/pt\/cobertura\/latin-america\/pesquisa-de-mercado-na-america-latina\/pesquisa-de-mercado-nicaragua\/","title":{"rendered":"Pesquisa de mercado na Nicar\u00e1gua"},"content":{"rendered":"<h1 class=\"wp-block-heading\">Pesquisa de mercado na Nicar\u00e1gua<\/h1>\n\n\n\n<figure class=\"gb-block-image gb-block-image-933f39c5\"><img loading=\"lazy\" decoding=\"async\" width=\"1456\" height=\"816\" class=\"gb-image gb-image-933f39c5\" src=\"https:\/\/www.sisinternational.com\/wp-content\/uploads\/2025\/09\/Nicaragua-1.jpg\" alt=\"Pesquisa e Estrat\u00e9gia de Mercado Internacional da SIS\" title=\"Nicaragua (1)\" srcset=\"https:\/\/www.sisinternational.com\/wp-content\/uploads\/2025\/09\/Nicaragua-1.jpg 1456w, https:\/\/www.sisinternational.com\/wp-content\/uploads\/2025\/09\/Nicaragua-1-300x168.jpg 300w, https:\/\/www.sisinternational.com\/wp-content\/uploads\/2025\/09\/Nicaragua-1-1024x574.jpg 1024w, https:\/\/www.sisinternational.com\/wp-content\/uploads\/2025\/09\/Nicaragua-1-768x430.jpg 768w, https:\/\/www.sisinternational.com\/wp-content\/uploads\/2025\/09\/Nicaragua-1-18x10.jpg 18w\" sizes=\"auto, (max-width: 1456px) 100vw, 1456px\"><\/figure>\n\n\n\n<p><\/p>\n\n\n\n<h2 class=\"wp-block-heading\">A Nicar\u00e1gua \u00e9 um dos maiores pa\u00edses da Am\u00e9rica Latina.<\/h2>\n\n\n\n<p>Faz fronteira com Honduras ao norte e com a Costa Rica ao sul. Al\u00e9m disso, possui dois litorais muito extensos.<\/p>\n\n\n\n<p>O clima \u00e9 frio no leste e tamb\u00e9m muito mais \u00famido do que no oeste.<\/p>\n\n\n\n<p>A l\u00edngua oficial \u00e9 o espanhol. Muitos artistas e escritores chamam este pa\u00eds de lar.<\/p>\n\n\n\n<p>Quase metade da popula\u00e7\u00e3o \u00e9 cat\u00f3lica. Outro ter\u00e7o s\u00e3o protestantes. Depois, h\u00e1 um pequeno s\u00e9quito de judeus e mu\u00e7ulmanos.<\/p>\n\n\n\n<p>O principal festival religioso \u00e9 La Pur\u00edsima, um evento de uma semana no in\u00edcio de dezembro. Celebra a Imaculada Concei\u00e7\u00e3o. Naquela \u00e9poca, as casas e os locais de trabalho costumam exibir altares ornamentados \u00e0 Virgem Maria.<\/p>\n\n\n\n<h2 class=\"wp-block-heading\">Principais ind\u00fastrias<\/h2>\n\n\n\n<p>Farming and <a href=\"https:\/\/www.sisinternational.com\/pt\/solucoes\/pesquisa-de-mercado-de-ia-e-consultoria-estrategica\/adocao-de-ia-viagens-hospitalidade-turismo-consultoria-da-industria\/\" title=\"Ado\u00e7\u00e3o de IA em consultoria da ind\u00fastria de viagens, hotelaria e turismo\"  data-wpil-monitor-id=\"7799\">tourism are two powerful industries<\/a> in this country. In fact, farmers produce bananas, rice, sugar cane, beans, beef, poultry, coffee, cotton, and timber.<\/p>\n\n\n\n<p>Then there\u2019s the service sector, which employs around half of the labor force.&nbsp;This sector includes many services, for example<\/p>\n\n\n\n<ul class=\"wp-block-list\">\n<li>transportes, com\u00e9rcio, servi\u00e7os banc\u00e1rios<\/li>\n\n\n\n<li>artes, sa\u00fade e educa\u00e7\u00e3o<\/li>\n\n\n\n<li><a href=\"https:\/\/www.sisinternational.com\/pt\/solucoes\/consultoria-em-hotelaria-e-turismo-em-viagens\/consultoria-de-marketing-para-restaurantes-de-hoteis\/\" title=\"Consultoria de Marketing em Restaurantes Hoteleiros\"  data-wpil-monitor-id=\"7801\">restaurantes e hot\u00e9is<\/a><\/li>\n<\/ul>\n\n\n\n<p>O turismo impulsiona este setor e muitos outros. Na verdade, o turismo \u00e9 fundamental. Al\u00e9m disso, o Los Angeles Times elogia a na\u00e7\u00e3o como um \u201cpara\u00edso tropical\u201d. Possui muitos pontos tur\u00edsticos, incluindo:<\/p>\n\n\n\n<ul class=\"wp-block-list\">\n<li>praias,<\/li>\n\n\n\n<li>rotas c\u00eanicas,<\/li>\n\n\n\n<li>Belas cidades como Le\u00f3n e Granada<\/li>\n<\/ul>\n\n\n\n<p>Os turistas podem fazer caminhadas, andar de caiaque, passear, escalar, acampar e nadar. Cultura, natureza e aventura s\u00e3o os principais pontos de venda. O Vulc\u00e3o Masaya \u00e9 outro ponto tur\u00edstico popular.<\/p>\n\n\n\n<p>O ecoturismo \u00e9 mais um ponto de venda, e este \u00e9 um pa\u00eds com flora e fauna diversificadas. Por exemplo, os turistas podem visitar:<\/p>\n\n\n\n<ul class=\"wp-block-list\">\n<li>A Reserva Natural do Charco Verde,<\/li>\n\n\n\n<li>Bosawas, uma das maiores florestas tropicais da Am\u00e9rica Latina<\/li>\n\n\n\n<li>Lago Nicar\u00e1gua<\/li>\n<\/ul>\n\n\n\n<p>O pa\u00eds possui 78 \u00e1reas protegidas. Estes abrangem um quinto do pa\u00eds.<\/p>\n\n\n\n<p>Farmers profit from <a href=\"https:\/\/www.sisinternational.com\/pt\/solucoes\/consultoria-em-hotelaria-e-turismo-em-viagens\/\" title=\"Consultoria em viagens, turismo e hospitalidade\"  data-wpil-monitor-id=\"7794\">tourism by letting travelers<\/a> visit their coffee farms. There, they can learn about making coffee, stay overnight, and explore with a guide.<\/p>\n\n\n\n<p>Outras ind\u00fastrias dignas de nota incluem:<\/p>\n\n\n\n<ul class=\"wp-block-list\">\n<li>T\u00eaxteis \u2013 tecidos de malha e tecidos, cal\u00e7ados.<\/li>\n\n\n\n<li>Cimento, produtos qu\u00edmicos, refino de petr\u00f3leo, m\u00e1quinas e produtos de metal<\/li>\n\n\n\n<li>Bebidas, processamento de alimentos<\/li>\n\n\n\n<li>Minera\u00e7\u00e3o \u2013 cobre, prata e ouro<\/li>\n<\/ul>\n\n\n\n<h2 class=\"wp-block-heading\">Bairros<\/h2>\n\n\n\n<p>Cerca de tr\u00eas quintos da popula\u00e7\u00e3o vivem nas cidades. A capital \u00e9 Man\u00e1gua, que \u00e9 a maior cidade do pa\u00eds. Outras \u00e1reas urbanas not\u00e1veis s\u00e3o Granada, Le\u00f3n, Matagalpa e Bluefields. A maioria das cidades e ind\u00fastrias est\u00e1 no Ocidente, assim como a maioria das pessoas.<\/p>\n\n\n\n<p>Os do leste, por outro lado, cultivam, criam gado e exploram recursos madeireiros.<\/p>\n\n\n\n<h2 class=\"wp-block-heading\">Tend\u00eancias<\/h2>\n\n\n\n<figure class=\"gb-block-image gb-block-image-99378de4\"><img loading=\"lazy\" decoding=\"async\" width=\"1456\" height=\"816\" class=\"gb-image gb-image-99378de4\" src=\"https:\/\/www.sisinternational.com\/wp-content\/uploads\/2025\/09\/Nicaragua-2.jpg\" alt=\"Pesquisa e Estrat\u00e9gia de Mercado Internacional da SIS\" title=\"Nicaragua (2)\" srcset=\"https:\/\/www.sisinternational.com\/wp-content\/uploads\/2025\/09\/Nicaragua-2.jpg 1456w, https:\/\/www.sisinternational.com\/wp-content\/uploads\/2025\/09\/Nicaragua-2-300x168.jpg 300w, https:\/\/www.sisinternational.com\/wp-content\/uploads\/2025\/09\/Nicaragua-2-1024x574.jpg 1024w, https:\/\/www.sisinternational.com\/wp-content\/uploads\/2025\/09\/Nicaragua-2-768x430.jpg 768w, https:\/\/www.sisinternational.com\/wp-content\/uploads\/2025\/09\/Nicaragua-2-18x10.jpg 18w\" sizes=\"auto, (max-width: 1456px) 100vw, 1456px\"><\/figure>\n\n\n\n<p><\/p>\n\n\n\n<p>A resposta do pa\u00eds \u00e0 pandemia da COVID-19 foi frouxa. Decidiu contra as medidas de confinamento e as rigorosas pol\u00edticas de testes de outros pa\u00edses. Como resultado, um jornal dos EUA qualificou-o de \u201cum governo em nega\u00e7\u00e3o\u201d e o Departamento de Estado dos EUA alertou contra as viagens.<\/p>\n\n\n\n<p>Ainda assim, os bloqueios globais prejudicam o pa\u00eds. O mesmo aconteceu com os furac\u00f5es Eta e Iota. Assim, o com\u00e9rcio e o turismo encolheram.<\/p>\n\n\n\n<p>Os especialistas esperam que a economia se recupere em breve.<\/p>\n\n\n\n<h2 class=\"wp-block-heading\">Benef\u00edcios e pontos fortes do mercado<\/h2>\n\n\n\n<p>This is a very promising Latam country, even though it\u2019s one of the least developed. For one thing, it has strong ties with the United States. It has also signed free trade agreements with large <a href=\"https:\/\/www.sisinternational.com\/pt\/cobertura\/as-americas\/cobertura-dos-eua\/\" title=\"Pesquisa de mercado nos Estados Unidos\"  data-wpil-monitor-id=\"7791\">markets such as the United States<\/a>, Taiwan, and others.<\/p>\n\n\n\n<p>Em segundo lugar, oferece um bom clima de neg\u00f3cios para os habitantes locais e potenciais investidores.<\/p>\n\n\n\n<p>It is the <a href=\"https:\/\/www.sisinternational.com\/pt\/solucoes\/solucoes-de-branding-e-pesquisa-de-clientes\/pesquisa-de-mercado-para-testes-de-produtos\/empresa-de-testes-de-localizacao-central-de-topo\/\" title=\"Melhor empresa de testes de localiza\u00e7\u00e3o central\"  data-wpil-monitor-id=\"7787\">top location in Central<\/a> America for starting or closing a business and investor protection. It also ranks high for ease of doing business, and it\u2019s easy to register a business and pay taxes.<\/p>\n\n\n\n<h2 class=\"wp-block-heading\">Base de Consumidores<\/h2>\n\n\n\n<p>Este pa\u00eds \u00e9 o lar de mais de seis milh\u00f5es de pessoas. Muitos deles s\u00e3o mesti\u00e7os, uma mistura de brancos e nativos. A cidade com mais popula\u00e7\u00e3o \u00e9 a capital, Man\u00e1gua.<\/p>\n\n\n\n<p>Many of the country\u2019s nationals are living abroad. Thus there is a high foreign remittance rate.&nbsp;Sadly, the global lockdowns caused a marked decrease in money sent home by those living abroad.<\/p>\n\n\n\n<p>Nove d\u00e9cimos da popula\u00e7\u00e3o vivem nas terras baixas do Pac\u00edfico ocidental e nas terras altas pr\u00f3ximas. Outros vivem nas regi\u00f5es Pac\u00edfico, Central e Norte. A regi\u00e3o do Caribe Oriental representa o d\u00e9cimo restante.<\/p>\n\n\n\n<p>O pa\u00eds tem uma popula\u00e7\u00e3o jovem, muitos dos quais t\u00eam menos de 15 anos.<\/p>\n\n\n\n<h2 class=\"wp-block-heading\">Por que expandir seus neg\u00f3cios no mercado da Nicar\u00e1gua<\/h2>\n\n\n\n<p>Este \u00e9 o pa\u00eds latino-americano com a menor taxa de criminalidade, conforme afirmado pela Interpol e muitas outras fontes.<\/p>\n\n\n\n<p>Al\u00e9m disso, oferece diversos incentivos para abertura e fechamento de neg\u00f3cios, al\u00e9m de oferecer prote\u00e7\u00e3o ao investidor. O pa\u00eds se destaca pela capacidade de importar e exportar. Tamb\u00e9m obt\u00e9m resultados elevados nas medidas de obten\u00e7\u00e3o de propriedade e pagamento de impostos.<\/p>\n\n\n\n<h2 class=\"wp-block-heading\">Sobre pesquisa de mercado na Nicar\u00e1gua<\/h2>\n\n\n\n<p><a href=\"https:\/\/www.sisinternational.com\/pt\/solucoes\/solucoes-de-pesquisa-quantitativa-qualitativa\/recrutamento-de-pesquisa-qualitativa\/\" title=\"Recrutamento de Pesquisa Qualitativa\"  data-wpil-monitor-id=\"7796\">Qualitative and Quantitative research<\/a> can shed insights for your investment. So can Strategy Research. We also offer Surveys, Interviews, and Focus Groups. Contact us today to find out how we can help your business venture.<\/p>\n\n\n\n<p><\/p>","protected":false},"excerpt":{"rendered":"<p>Descubra como expandir sua organiza\u00e7\u00e3o com pesquisa de mercado na Nicar\u00e1gua.<\/p>","protected":false},"author":1,"featured_media":66327,"parent":14351,"menu_order":12,"comment_status":"closed","ping_status":"closed","template":"","meta":{"footnotes":""},"class_list":["post-38466","page","type-page","status-publish","has-post-thumbnail"],"_links":{"self":[{"href":"https:\/\/www.sisinternational.com\/pt\/wp-json\/wp\/v2\/pages\/38466","targetHints":{"allow":["GET"]}}],"collection":[{"href":"https:\/\/www.sisinternational.com\/pt\/wp-json\/wp\/v2\/pages"}],"about":[{"href":"https:\/\/www.sisinternational.com\/pt\/wp-json\/wp\/v2\/types\/page"}],"author":[{"embeddable":true,"href":"https:\/\/www.sisinternational.com\/pt\/wp-json\/wp\/v2\/users\/1"}],"replies":[{"embeddable":true,"href":"https:\/\/www.sisinternational.com\/pt\/wp-json\/wp\/v2\/comments?post=38466"}],"version-history":[{"count":4,"href":"https:\/\/www.sisinternational.com\/pt\/wp-json\/wp\/v2\/pages\/38466\/revisions"}],"predecessor-version":[{"id":81316,"href":"https:\/\/www.sisinternational.com\/pt\/wp-json\/wp\/v2\/pages\/38466\/revisions\/81316"}],"up":[{"embeddable":true,"href":"https:\/\/www.sisinternational.com\/pt\/wp-json\/wp\/v2\/pages\/14351"}],"wp:featuredmedia":[{"embeddable":true,"href":"https:\/\/www.sisinternational.com\/pt\/wp-json\/wp\/v2\/media\/66327"}],"wp:attachment":[{"href":"https:\/\/www.sisinternational.com\/pt\/wp-json\/wp\/v2\/media?parent=38466"}],"curies":[{"name":"wp","href":"https:\/\/api.w.org\/{rel}","templated":true}]}}