{"id":38458,"date":"2021-08-19T13:14:11","date_gmt":"2021-08-19T13:14:11","guid":{"rendered":"https:\/\/www.sisinternational.com\/?page_id=38458"},"modified":"2025-09-14T18:58:14","modified_gmt":"2025-09-14T22:58:14","slug":"pesquisa-de-mercado-honduras","status":"publish","type":"page","link":"https:\/\/www.sisinternational.com\/pt\/cobertura\/latin-america\/pesquisa-de-mercado-na-america-latina\/pesquisa-de-mercado-honduras\/","title":{"rendered":"Pesquisa de mercado em Honduras"},"content":{"rendered":"<h1 class=\"wp-block-heading\">Pesquisa de mercado em Honduras<\/h1>\n\n\n\n<figure class=\"gb-block-image gb-block-image-85a8f18c\"><img loading=\"lazy\" decoding=\"async\" width=\"1456\" height=\"816\" class=\"gb-image gb-image-85a8f18c\" src=\"https:\/\/www.sisinternational.com\/wp-content\/uploads\/2025\/09\/Honduras-1.jpg\" alt=\"Pesquisa e Estrat\u00e9gia de Mercado Internacional da SIS\" title=\"Honduras (1)\" srcset=\"https:\/\/www.sisinternational.com\/wp-content\/uploads\/2025\/09\/Honduras-1.jpg 1456w, https:\/\/www.sisinternational.com\/wp-content\/uploads\/2025\/09\/Honduras-1-300x168.jpg 300w, https:\/\/www.sisinternational.com\/wp-content\/uploads\/2025\/09\/Honduras-1-1024x574.jpg 1024w, https:\/\/www.sisinternational.com\/wp-content\/uploads\/2025\/09\/Honduras-1-768x430.jpg 768w, https:\/\/www.sisinternational.com\/wp-content\/uploads\/2025\/09\/Honduras-1-18x10.jpg 18w\" sizes=\"auto, (max-width: 1456px) 100vw, 1456px\"><\/figure>\n\n\n\n<p><\/p>\n\n\n\n<h2 class=\"wp-block-heading\">Bairros<\/h2>\n\n\n\n<p>Honduras fica na Am\u00e9rica Central, entre El Salvador e Guatemala. A Nicar\u00e1gua fica mais a sudeste. Basicamente, o pa\u00eds tem 18 departamentos, ou estados. A capital, \u201cTegucigalpa\u201d, tamb\u00e9m \u00e9 um departamento.<\/p>\n\n\n\n<p>A capital de Honduras \u00e9 uma das principais cidades em situa\u00e7\u00e3o de pobreza. Muitas das pessoas nas zonas rurais tamb\u00e9m enfrentam pobreza extrema. Apesar disso, o pa\u00eds ainda tem raios de esperan\u00e7a. As exporta\u00e7\u00f5es s\u00e3o superiores \u00e0s importa\u00e7\u00f5es, uma vez que a agricultura \u00e9 um sector significativo.<\/p>\n\n\n\n<p>Existem certas \u00e1reas onde ocorre a maioria das transa\u00e7\u00f5es comerciais. Outro ponto fundamental \u00e9 que, a partir de 2013, Honduras desenvolveu uma nova divis\u00e3o de zona econ\u00f3mica. Na verdade, sob este sistema, a maioria das cidades tornou-se autogovernada. Este sistema \u00e9 s\u00f3lido, pois pode aumentar as receitas, mas \u00e9 ruim devido aos altos riscos que o acompanham. Am\u00e1lia foi o primeiro distrito a ser zona franca. Pode conduzir seus neg\u00f3cios com alguma forma de autogoverno.<\/p>\n\n\n\n<h2 class=\"wp-block-heading\">Tend\u00eancias<\/h2>\n\n\n\n<p>O pa\u00eds possui quatro aeroportos. O mais popular \u00e9 \u201cRamon Villeda Morales\u201d, que n\u00e3o fica na capital, mas sim em uma \u00e1rea chamada San Pedro Sula. Outro dos aeroportos de Honduras \u00e9 famoso por ser o segundo mais perigoso do mundo. \u00c9 comum ver pessoas orando no desembarque.<\/p>\n\n\n\n<p>O espanhol \u00e9 a l\u00edngua principal em Honduras. A diversidade de pessoas \u00e9 o que torna o pa\u00eds t\u00e3o grande. A Ru\u00edna Maia de Copan e o Templo Ros\u00e1lia s\u00e3o alguns dos locais mais comuns. As escadas esculpidas e o visual antigo s\u00e3o uma das melhores atra\u00e7\u00f5es tur\u00edsticas.<\/p>\n\n\n\n<p>Honduras possui alguns dos animais mais ex\u00f3ticos, j\u00e1 que seus cidad\u00e3os se orgulham de conserv\u00e1-los. Possui tamb\u00e9m uma reserva florestal que auxilia na prote\u00e7\u00e3o de \u00e1rvores e animais raros.<\/p>\n\n\n\n<p>Honduras tem cerca de 20 ilhas ao seu redor, a maioria das quais est\u00e1 no Mar do Caribe. O mais conhecido \u00e9 \u201cBonacca Cay\u201d. \u00c9 a ilha mais populosa de Honduras.<\/p>\n\n\n\n<p>O pa\u00eds tem um hist\u00f3rico de inseguran\u00e7a, pois \u00e9 muito popular entre gangues e roubos. Os turistas devem ter cuidado ao viajar para Honduras.<\/p>\n\n\n\n<h2 class=\"wp-block-heading\">Base de Consumidores<\/h2>\n\n\n\n<p>Sua principal fonte de renda \u00e9 a agricultura. Os hondurenhos cultivam a maior parte do que comem, o que reduz as importa\u00e7\u00f5es de certos alimentos. Coisas como m\u00e1quinas para f\u00e1bricas e combust\u00edveis s\u00e3o as principais importa\u00e7\u00f5es.<\/p>\n\n\n\n<p>O pa\u00eds exporta mais e gasta menos com importa\u00e7\u00f5es. Esta reviravolta \u00e9 um grande sinal de crescimento econ\u00f3mico. Seus principais parceiros comerciais s\u00e3o os EUA, a China, o M\u00e9xico e a Guatemala.<\/p>\n\n\n\n<h2 class=\"wp-block-heading\">Principais ind\u00fastrias<\/h2>\n\n\n\n<figure class=\"gb-block-image gb-block-image-9b3ca6d9\"><img loading=\"lazy\" decoding=\"async\" width=\"1456\" height=\"816\" class=\"gb-image gb-image-9b3ca6d9\" src=\"https:\/\/www.sisinternational.com\/wp-content\/uploads\/2025\/09\/Honduras-5.jpg\" alt=\"Pesquisa e Estrat\u00e9gia de Mercado Internacional da SIS\" title=\"Honduras (5)\" srcset=\"https:\/\/www.sisinternational.com\/wp-content\/uploads\/2025\/09\/Honduras-5.jpg 1456w, https:\/\/www.sisinternational.com\/wp-content\/uploads\/2025\/09\/Honduras-5-300x168.jpg 300w, https:\/\/www.sisinternational.com\/wp-content\/uploads\/2025\/09\/Honduras-5-1024x574.jpg 1024w, https:\/\/www.sisinternational.com\/wp-content\/uploads\/2025\/09\/Honduras-5-768x430.jpg 768w, https:\/\/www.sisinternational.com\/wp-content\/uploads\/2025\/09\/Honduras-5-18x10.jpg 18w\" sizes=\"auto, (max-width: 1456px) 100vw, 1456px\"><\/figure>\n\n\n\n<p><\/p>\n\n\n\n<p>O pa\u00eds \u00e9 rico em recursos. O setor prim\u00e1rio \u00e9 a agricultura e o caf\u00e9 \u00e9 o principal produto de exporta\u00e7\u00e3o. \u00c9 respons\u00e1vel por 22 por cento da receita de exporta\u00e7\u00e3o. Este sector proporcionou muitos empregos aos desempregados e tamb\u00e9m poupou muitas despesas.<\/p>\n\n\n\n<p>Cimento, Pesca, Minera\u00e7\u00e3o, Charutos e Silvicultura s\u00e3o as outras ind\u00fastrias prim\u00e1rias. Alguns dos produtos locais s\u00e3o produtos qu\u00edmicos, bananas, a\u00e7\u00facar, caf\u00e9 e madeira.<\/p>\n\n\n\n<h2 class=\"wp-block-heading\">Raz\u00f5es para expandir seus neg\u00f3cios em Honduras<\/h2>\n\n\n\n<p>Honduras \u00e9 um \u00f3timo pa\u00eds para investimentos. O envolvimento do governo no crescimento econ\u00f3mico do pa\u00eds \u00e9 definitivamente uma vantagem. Eles colocaram as reformas como uma prioridade para atrair os investidores. Ter um governo que tenha em mente os melhores interesses do pa\u00eds \u00e9 excelente para os investidores. Isso os ajuda a obter lucro.<\/p>\n\n\n\n<h2 class=\"wp-block-heading\">Sobre pesquisa de mercado em Honduras<\/h2>\n\n\n\n<p>Voc\u00ea quer investir em Honduras? Este artigo fornece todas as informa\u00e7\u00f5es necess\u00e1rias para tomar sua decis\u00e3o. Organizamos pesquisas quantitativas, qualitativas e estrat\u00e9gicas para fornecer a voc\u00ea mais conhecimento sobre Honduras. Esse conhecimento \u00e9 vital e esperamos que voc\u00ea tamb\u00e9m considere investir em Honduras.<\/p>\n\n\n\n<p><\/p>","protected":false},"excerpt":{"rendered":"<p>Descubra como expandir sua organiza\u00e7\u00e3o com Pesquisa de Mercado em Honduras.<\/p>","protected":false},"author":1,"featured_media":66287,"parent":14351,"menu_order":11,"comment_status":"closed","ping_status":"closed","template":"","meta":{"footnotes":""},"class_list":["post-38458","page","type-page","status-publish","has-post-thumbnail"],"_links":{"self":[{"href":"https:\/\/www.sisinternational.com\/pt\/wp-json\/wp\/v2\/pages\/38458","targetHints":{"allow":["GET"]}}],"collection":[{"href":"https:\/\/www.sisinternational.com\/pt\/wp-json\/wp\/v2\/pages"}],"about":[{"href":"https:\/\/www.sisinternational.com\/pt\/wp-json\/wp\/v2\/types\/page"}],"author":[{"embeddable":true,"href":"https:\/\/www.sisinternational.com\/pt\/wp-json\/wp\/v2\/users\/1"}],"replies":[{"embeddable":true,"href":"https:\/\/www.sisinternational.com\/pt\/wp-json\/wp\/v2\/comments?post=38458"}],"version-history":[{"count":3,"href":"https:\/\/www.sisinternational.com\/pt\/wp-json\/wp\/v2\/pages\/38458\/revisions"}],"predecessor-version":[{"id":68606,"href":"https:\/\/www.sisinternational.com\/pt\/wp-json\/wp\/v2\/pages\/38458\/revisions\/68606"}],"up":[{"embeddable":true,"href":"https:\/\/www.sisinternational.com\/pt\/wp-json\/wp\/v2\/pages\/14351"}],"wp:featuredmedia":[{"embeddable":true,"href":"https:\/\/www.sisinternational.com\/pt\/wp-json\/wp\/v2\/media\/66287"}],"wp:attachment":[{"href":"https:\/\/www.sisinternational.com\/pt\/wp-json\/wp\/v2\/media?parent=38458"}],"curies":[{"name":"wp","href":"https:\/\/api.w.org\/{rel}","templated":true}]}}