{"id":38456,"date":"2021-08-19T13:09:26","date_gmt":"2021-08-19T13:09:26","guid":{"rendered":"https:\/\/www.sisinternational.com\/?page_id=38456"},"modified":"2025-09-14T19:00:10","modified_gmt":"2025-09-14T23:00:10","slug":"pesquisa-de-mercado-guatemala","status":"publish","type":"page","link":"https:\/\/www.sisinternational.com\/pt\/cobertura\/latin-america\/pesquisa-de-mercado-na-america-latina\/pesquisa-de-mercado-guatemala\/","title":{"rendered":"Pesquisa de mercado na Guatemala"},"content":{"rendered":"<h1 class=\"wp-block-heading\">Pesquisa de mercado na Guatemala<\/h1>\n\n\n\n<figure class=\"gb-block-image gb-block-image-0a3badc8\"><img loading=\"lazy\" decoding=\"async\" width=\"1456\" height=\"816\" class=\"gb-image gb-image-0a3badc8\" src=\"https:\/\/www.sisinternational.com\/wp-content\/uploads\/2025\/09\/Guatemala-5.jpg\" alt=\"Pesquisa e Estrat\u00e9gia de Mercado Internacional da SIS\" title=\"Guatemala (5)\" srcset=\"https:\/\/www.sisinternational.com\/wp-content\/uploads\/2025\/09\/Guatemala-5.jpg 1456w, https:\/\/www.sisinternational.com\/wp-content\/uploads\/2025\/09\/Guatemala-5-300x168.jpg 300w, https:\/\/www.sisinternational.com\/wp-content\/uploads\/2025\/09\/Guatemala-5-1024x574.jpg 1024w, https:\/\/www.sisinternational.com\/wp-content\/uploads\/2025\/09\/Guatemala-5-768x430.jpg 768w, https:\/\/www.sisinternational.com\/wp-content\/uploads\/2025\/09\/Guatemala-5-18x10.jpg 18w\" sizes=\"auto, (max-width: 1456px) 100vw, 1456px\"><\/figure>\n\n\n\n<p><\/p>\n\n\n\n<h2 class=\"wp-block-heading\">Bairros<\/h2>\n\n\n\n<p>Guatemala is in Central America, south of Mexico. It is home to roughly 16 million people. Nearby countries include Mexico, Belize, Honduras, and El Salvador. It is lovely to travel to and also a nice place to <a href=\"https:\/\/www.sisinternational.com\/pt\/publicacoes\/exportacao-do-mercado-intermediario-do-japao\/\" title=\"Expandindo seus neg\u00f3cios no Jap\u00e3o\"  data-wpil-monitor-id=\"7800\">grow your business<\/a>.<\/p>\n\n\n\n<p>A cidade da Guatemala \u00e9 a capital. \u00c9 tamb\u00e9m onde ocorre a maior parte da atividade econ\u00f3mica. Algumas outras cidades importantes incluem Mixco, Villa e Nueva.<\/p>\n\n\n\n<h2 class=\"wp-block-heading\">Tend\u00eancias<\/h2>\n\n\n\n<p>A Guatemala possui ricas paisagens vulc\u00e2nicas e antigos edif\u00edcios de pedra. A hist\u00f3ria maia do pa\u00eds tem muito a ver com a forma como ele \u00e9 hoje. A cultura do pa\u00eds vem da tradi\u00e7\u00e3o maia. As pessoas ainda hoje reconhecem eventos culturais antigos.<\/p>\n\n\n\n<p>New <a href=\"https:\/\/www.sisinternational.com\/pt\/empresa-lider-em-monitoramento-de-tendencias-de-mercado-b2b\/\" title=\"Empresa de monitoramento de tend\u00eancias de mercado B2B\"  data-wpil-monitor-id=\"7792\">trends continue to rise in the market<\/a>. For example, the country\u2019s communication sector has strong <a href=\"https:\/\/www.sisinternational.com\/pt\/solucoes\/pesquisa-de-mercado-de-crescimento-corporativo-internacional\/\" title=\"Pesquisa de mercado sobre crescimento corporativo internacional\"  data-wpil-monitor-id=\"7795\">growth potential across the market<\/a>.<\/p>\n\n\n\n<p>A Guatemala tamb\u00e9m tem registado um crescimento econ\u00f3mico crescente. Apesar do v\u00edrus recente, o pa\u00eds est\u00e1 bem. Infelizmente, a disparidade de rendimentos continua a ser grande, com elevadas taxas de pobreza entre o povo maia. A Guatemala \u00e9 hoje o principal pa\u00eds de origem de requerentes de asilo e migrantes na fronteira sul dos EUA.<\/p>\n\n\n\n<p>The government is giving out vaccines in light of the COVID-19 virus, and despite the challenges, things seem to be looking up for this small nation. It is on the path to being one of the largest <a href=\"https:\/\/www.sisinternational.com\/pt\/cobertura\/as-americas\/pesquisa-de-mercado-na-america-latina\/\" title=\"Pesquisa de Mercado da Am\u00e9rica Latina\"  data-wpil-monitor-id=\"7790\">markets in Central America<\/a>.<\/p>\n\n\n\n<h2 class=\"wp-block-heading\">Principais ind\u00fastrias<\/h2>\n\n\n\n<p>A Guatemala tem uma grande economia: uma das maiores da Am\u00e9rica Central. Mais de metade da vida econ\u00f3mica do pa\u00eds ocorre no sector privado.<\/p>\n\n\n\n<p>Algumas das principais ind\u00fastrias s\u00e3o papel, caf\u00e9 e turismo. A popula\u00e7\u00e3o tamb\u00e9m se dedica \u00e0 minera\u00e7\u00e3o em pequena escala. Pedras e metais preciosos s\u00e3o exportados. Embora seja algo recente, vem crescendo rapidamente. O pa\u00eds tamb\u00e9m exporta produtos manufaturados. O sistema de exporta\u00e7\u00e3o ajuda a riqueza da economia.<\/p>\n\n\n\n<p>O setor prim\u00e1rio da Guatemala \u00e9 a agricultura, e as principais culturas incluem noz-moscada, cana-de-a\u00e7\u00facar, banana e caf\u00e9. A ind\u00fastria tamb\u00e9m oferece empregos para muitas pessoas. Ainda assim, o pa\u00eds corre o risco de sofrer altera\u00e7\u00f5es clim\u00e1ticas. Sente o efeito mais do que seus vizinhos mais pr\u00f3ximos. A falta de chuva \u00e9 um dos principais problemas. As esta\u00e7\u00f5es secas podem durar at\u00e9 quatro meses em muitas partes do pa\u00eds. Este fen\u00f3meno tamb\u00e9m acontece em El Salvador e Honduras, o que certamente n\u00e3o ajuda a ind\u00fastria. Investir no sector agr\u00edcola da Guatemala \u00e9 arriscado devido \u00e0s secas frequentes. Embora seja esse o caso, o pequeno pa\u00eds tem estado bem.<\/p>\n\n\n\n<p>The primary export <a href=\"https:\/\/www.sisinternational.com\/pt\/cobertura\/as-americas\/cobertura-dos-eua\/\" title=\"Pesquisa de mercado nos Estados Unidos\"  data-wpil-monitor-id=\"7783\">market is the United States<\/a> of America. Its other trading partners include El Salvador, Mexico, and Honduras.<\/p>\n\n\n\n<h2 class=\"wp-block-heading\">Base de clientes<\/h2>\n\n\n\n<figure class=\"gb-block-image gb-block-image-34912991\"><img loading=\"lazy\" decoding=\"async\" width=\"1456\" height=\"816\" class=\"gb-image gb-image-34912991\" src=\"https:\/\/www.sisinternational.com\/wp-content\/uploads\/2025\/09\/Guatemala-5.jpg\" alt=\"Pesquisa e Estrat\u00e9gia de Mercado Internacional da SIS\" title=\"Guatemala (5)\" srcset=\"https:\/\/www.sisinternational.com\/wp-content\/uploads\/2025\/09\/Guatemala-5.jpg 1456w, https:\/\/www.sisinternational.com\/wp-content\/uploads\/2025\/09\/Guatemala-5-300x168.jpg 300w, https:\/\/www.sisinternational.com\/wp-content\/uploads\/2025\/09\/Guatemala-5-1024x574.jpg 1024w, https:\/\/www.sisinternational.com\/wp-content\/uploads\/2025\/09\/Guatemala-5-768x430.jpg 768w, https:\/\/www.sisinternational.com\/wp-content\/uploads\/2025\/09\/Guatemala-5-18x10.jpg 18w\" sizes=\"auto, (max-width: 1456px) 100vw, 1456px\"><\/figure>\n\n\n\n<p><\/p>\n\n\n\n<p>As principais exporta\u00e7\u00f5es do pa\u00eds s\u00e3o bens de capital, bens de consumo e petr\u00f3leo. A maior parte de suas importa\u00e7\u00f5es vem dos EUA. Apesar destas importa\u00e7\u00f5es, os cidad\u00e3os vivem dos seus produtos agr\u00edcolas. Eles dependem dos seus campos de milho e de outras frutas e vegetais locais.<\/p>\n\n\n\n<h2 class=\"wp-block-heading\">Raz\u00f5es para expandir seu neg\u00f3cio no mercado<\/h2>\n\n\n\n<p>The main reason to grow your business is the country\u2019s location. It is a bridge to a <a href=\"https:\/\/www.sisinternational.com\/pt\/pericia\/industrias\/pesquisa-de-mercado-sobre-povos-indigenas\/\" title=\"Pesquisa de mercado de povos ind\u00edgenas\"  data-wpil-monitor-id=\"7797\">market with over 68 million people<\/a>. Also, Guatemala offers perks like free trading with the US and Europe.<\/p>\n\n\n\n<p>Algumas outras vantagens incluem:<\/p>\n\n\n\n<ul class=\"wp-block-list\">\n<li>Baixa taxa de tributa\u00e7\u00e3o<\/li>\n\n\n\n<li>Baixas taxas de criminalidade em compara\u00e7\u00e3o com outros pa\u00edses<\/li>\n\n\n\n<li>Uma for\u00e7a de trabalho qualificada.<\/li>\n<\/ul>\n\n\n\n<h2 class=\"wp-block-heading\">Sobre pesquisa de mercado na Guatemala<\/h2>\n\n\n\n<p>Are you looking to invest in Guatemala? Do you want to expand your business to new places? We have given you all the details about the country\u2019s economy and profit potential. <a href=\"https:\/\/www.sisinternational.com\/pt\/sis-revela-plataforma-de-ciencia-de-dados-e-analise-quantitativa\/\" title=\"SIS revela plataforma de ci\u00eancia de dados e an\u00e1lise quantitativa\"  data-wpil-monitor-id=\"7781\">SIS Research gathers Quantitative and Qualitative data<\/a>, and we also offer Strategy Research. We use interviews, surveys, and <a href=\"https:\/\/www.sisinternational.com\/pt\/solucoes\/pesquisa-de-mercado-em-grupo-focal\/\" title=\"Pesquisa de mercado com grupo focal\"  data-wpil-monitor-id=\"7786\">grupos de foco<\/a> to help you decide your market strategy. Contact us today for more insights!<\/p>\n\n\n\n<p><\/p>","protected":false},"excerpt":{"rendered":"<p>Descubra como expandir sua organiza\u00e7\u00e3o com Pesquisa de Mercado na Guatemala.<\/p>","protected":false},"author":1,"featured_media":66276,"parent":14351,"menu_order":10,"comment_status":"closed","ping_status":"closed","template":"","meta":{"footnotes":""},"class_list":["post-38456","page","type-page","status-publish","has-post-thumbnail"],"_links":{"self":[{"href":"https:\/\/www.sisinternational.com\/pt\/wp-json\/wp\/v2\/pages\/38456","targetHints":{"allow":["GET"]}}],"collection":[{"href":"https:\/\/www.sisinternational.com\/pt\/wp-json\/wp\/v2\/pages"}],"about":[{"href":"https:\/\/www.sisinternational.com\/pt\/wp-json\/wp\/v2\/types\/page"}],"author":[{"embeddable":true,"href":"https:\/\/www.sisinternational.com\/pt\/wp-json\/wp\/v2\/users\/1"}],"replies":[{"embeddable":true,"href":"https:\/\/www.sisinternational.com\/pt\/wp-json\/wp\/v2\/comments?post=38456"}],"version-history":[{"count":4,"href":"https:\/\/www.sisinternational.com\/pt\/wp-json\/wp\/v2\/pages\/38456\/revisions"}],"predecessor-version":[{"id":81315,"href":"https:\/\/www.sisinternational.com\/pt\/wp-json\/wp\/v2\/pages\/38456\/revisions\/81315"}],"up":[{"embeddable":true,"href":"https:\/\/www.sisinternational.com\/pt\/wp-json\/wp\/v2\/pages\/14351"}],"wp:featuredmedia":[{"embeddable":true,"href":"https:\/\/www.sisinternational.com\/pt\/wp-json\/wp\/v2\/media\/66276"}],"wp:attachment":[{"href":"https:\/\/www.sisinternational.com\/pt\/wp-json\/wp\/v2\/media?parent=38456"}],"curies":[{"name":"wp","href":"https:\/\/api.w.org\/{rel}","templated":true}]}}