{"id":38450,"date":"2021-08-19T04:44:36","date_gmt":"2021-08-19T04:44:36","guid":{"rendered":"https:\/\/www.sisinternational.com\/?page_id=38450"},"modified":"2025-09-14T19:06:59","modified_gmt":"2025-09-14T23:06:59","slug":"pesquisa-de-mercado-costa-rica","status":"publish","type":"page","link":"https:\/\/www.sisinternational.com\/pt\/cobertura\/latin-america\/pesquisa-de-mercado-na-america-latina\/pesquisa-de-mercado-costa-rica\/","title":{"rendered":"Pesquisa de mercado na Costa Rica"},"content":{"rendered":"<h1 class=\"wp-block-heading\">Pesquisa de mercado na Costa Rica<\/h1>\n\n\n\n<figure class=\"gb-block-image gb-block-image-10e61012\"><img loading=\"lazy\" decoding=\"async\" width=\"1456\" height=\"816\" class=\"gb-image gb-image-10e61012\" src=\"https:\/\/www.sisinternational.com\/wp-content\/uploads\/2025\/09\/Costa-Rica-2.jpg\" alt=\"Pesquisa e Estrat\u00e9gia de Mercado Internacional da SIS\" title=\"Costa Rica (2)\" srcset=\"https:\/\/www.sisinternational.com\/wp-content\/uploads\/2025\/09\/Costa-Rica-2.jpg 1456w, https:\/\/www.sisinternational.com\/wp-content\/uploads\/2025\/09\/Costa-Rica-2-300x168.jpg 300w, https:\/\/www.sisinternational.com\/wp-content\/uploads\/2025\/09\/Costa-Rica-2-1024x574.jpg 1024w, https:\/\/www.sisinternational.com\/wp-content\/uploads\/2025\/09\/Costa-Rica-2-768x430.jpg 768w, https:\/\/www.sisinternational.com\/wp-content\/uploads\/2025\/09\/Costa-Rica-2-18x10.jpg 18w\" sizes=\"auto, (max-width: 1456px) 100vw, 1456px\"><\/figure>\n\n\n\n<p><\/p>\n\n\n\n<h2 class=\"wp-block-heading\">Costa Rica is a strong market in Central America, providing many benefits.<\/h2>\n\n\n\n<p>It is also a member of the World Trade Organization, and as a result, it doesn\u2019t have many trade barriers. The presence of Foreign Trade Agreements also makes it a prime marketplace. These agreements make trade possible between many countries such as Chile, the USA, Mexico, and Canada. This trade provides many benefits for Costa Rica. It also has a social and economic balance, which allows it to handle foreign commerce.<\/p>\n\n\n\n<h2 class=\"wp-block-heading\">Principais ind\u00fastrias<\/h2>\n\n\n\n<p>The primary <a href=\"https:\/\/www.sisinternational.com\/pt\/solucoes\/pesquisa-de-mercado-de-ia-e-consultoria-estrategica\/adocao-de-ia-viagens-hospitalidade-turismo-consultoria-da-industria\/\" title=\"Ado\u00e7\u00e3o de IA em consultoria da ind\u00fastria de viagens, hotelaria e turismo\"  data-wpil-monitor-id=\"7861\">industries in Costa Rica are tourism<\/a>, agriculture, and electrical exports.<\/p>\n\n\n\n<p>A Costa Rica recebe capital da exporta\u00e7\u00e3o de abacaxi, banana e caf\u00e9. Tem um clima ameno e uma localiza\u00e7\u00e3o perfeita, e a fruta e o caf\u00e9 contribuem para o seu PIB. O setor agr\u00edcola tamb\u00e9m emprega grande parte da for\u00e7a de trabalho do pa\u00eds.<\/p>\n\n\n\n<p>The manufacturing sector is also prominent in Costa Rica. The main <a href=\"https:\/\/www.sisinternational.com\/pt\/solucoes\/solucoes-de-branding-e-pesquisa-de-clientes\/pesquisa-de-mercado-para-testes-de-produtos\/product-testing-for-consumer-products\/medical-device-product-testing-in-nyc\/\" title=\"Medical Device Product Testing in NYC\"  data-wpil-monitor-id=\"7864\">products are medical<\/a>, electrical, and aerospace devices. It also produces jewelry, clothing, and food products. It is also known for cheese factories and sawmills.<\/p>\n\n\n\n<p>Tourism is a leading sector. It is also the fastest-growing. Many visit because of the country\u2019s natural beauty and attractions. The government is taking measures to develop this sector further.<\/p>\n\n\n\n<h2 class=\"wp-block-heading\">Bairros<\/h2>\n\n\n\n<p>San Jos\u00e9 \u00e9 a capital e maior cidade da Costa Rica. \u00c9 rico em cultura e hist\u00f3ria e recebe muitos visitantes todos os dias. Cheia de gente simp\u00e1tica e atra\u00e7\u00f5es fant\u00e1sticas, oferece noites agitadas e dias tranquilos e quentes. Bares e restaurantes ao vivo s\u00e3o uma del\u00edcia.<\/p>\n\n\n\n<p>Puerto Lim\u00f3n is the second-largest city in Costa Rica and the most important port for the country. It offers many attractions, such as a volcano, a beach, and parks. Puerto Lim\u00f3n is also famous for its cashew wine, which the locals produce themselves. It houses many bars and restaurants. You will also find a few open-air markets to explore.<\/p>\n\n\n\n<p>Alajuela \u00e9 o \u201cref\u00fagio de ver\u00e3o perfeito\u201d. Tamb\u00e9m \u00e9 conhecida como a \u201ccidade das mangas\u201d. A agricultura de Alajuela \u00e9 o que a torna \u00fanica. Os moradores locais cultivam ra\u00edzes, caf\u00e9 e arroz, e tamb\u00e9m colhem cana-de-a\u00e7\u00facar, milho e banana. Esta cidade \u00e9 rica em vida agr\u00edcola.<\/p>\n\n\n\n<h2 class=\"wp-block-heading\">Tend\u00eancias<\/h2>\n\n\n\n<p>Technology is a growing trend in Costa Rica. Thus, it produces many devices. Because of the recent pandemic, this need has increased. The need for social distancing has raised e-commerce rates. Costa Ricans are turning toward tech to help with daily life tasks. Consumers are finding it easier to shop online than head to physical stores. So, online retail <a href=\"https:\/\/www.sisinternational.com\/pt\/empresa-lider-em-monitoramento-de-tendencias-de-mercado-b2b\/\" title=\"Empresa de monitoramento de tend\u00eancias de mercado B2B\"  data-wpil-monitor-id=\"7860\">markets take advantage of this trend<\/a>. E-commerce increases ease in shopping for the consumer.<\/p>\n\n\n\n<h2 class=\"wp-block-heading\">Base de Consumidores<\/h2>\n\n\n\n<p>Costa Rica is a growing economy, and the <a href=\"https:\/\/www.sisinternational.com\/pt\/transportadoras-de-baixo-custo-na-industria-da-aviacao\/\" title=\"Pesquisa de mercado de companhias a\u00e9reas de baixo custo\"  data-wpil-monitor-id=\"7862\">cost of living is low<\/a>. Most of the people are middle-class. The people are open to new <a href=\"https:\/\/www.sisinternational.com\/pt\/solucoes\/teste-de-sabor\/product-testing-for-companies\/\" title=\"Product Testing for Companies\"  data-wpil-monitor-id=\"7865\">companies and products<\/a>. They know about foreign trends, and they value good product quality. Costa Ricans love good product promotion, and it ensures the sale of products. They show brand loyalty to products they already know. When brands do not promote their products, consumers tend not to buy. If the consumer base is not happy, the business will fail.<\/p>\n\n\n\n<h2 class=\"wp-block-heading\">Raz\u00f5es para expandir seus neg\u00f3cios no mercado<\/h2>\n\n\n\n<p>A Costa Rica tem muitos pontos fortes. Tem uma localiza\u00e7\u00e3o perfeita no meio do continente americano. Assim, tem excelente acesso ao mercado. O pa\u00eds possui portos nas costas do Pac\u00edfico e do Atl\u00e2ntico. A Costa Rica tem uma alta taxa de alfabetiza\u00e7\u00e3o. Tamb\u00e9m oferece baixas al\u00edquotas de impostos, o que faz com que os investidores se interessem mais pelo pa\u00eds. Os investidores pagam impostos com base nos seus rendimentos, o que \u00e9 um grande benef\u00edcio, principalmente para os rec\u00e9m-chegados ao mercado. \u00c9 f\u00e1cil come\u00e7ar um neg\u00f3cio aqui e o pa\u00eds est\u00e1 pronto para investimentos.<\/p>\n\n\n\n<h2 class=\"wp-block-heading\">Sobre Pesquisa na Costa Rica<\/h2>\n\n\n\n<p>Costa Rica is a growing economy. <a href=\"https:\/\/www.sisinternational.com\/pt\/cobertura\/as-americas\/cobertura-dos-eua\/\" title=\"Pesquisa de mercado nos Estados Unidos\"  data-wpil-monitor-id=\"7859\">Pesquisa de mercado<\/a> is vital to look at the state of the economy. It\u2019s essential to carry out Qualitative, Quantitative, and Strategy research. <a href=\"https:\/\/www.sisinternational.com\/pt\/solucoes\/pesquisa-de-mercado-em-grupo-focal\/\" title=\"Pesquisa de mercado com grupo focal\"  data-wpil-monitor-id=\"7858\">Market Research can also involve Focus Groups<\/a> and Interviews. We also use <a href=\"https:\/\/www.sisinternational.com\/pt\/solucoes\/solucoes-de-pesquisa-quantitativa-qualitativa\/pesquisa-de-mercado\/\" title=\"Pesquisa de mercado\"  data-wpil-monitor-id=\"7863\">Surveys in our research<\/a> efforts. Contact us today for a consultation.<\/p>\n\n\n\n<p><\/p>","protected":false},"excerpt":{"rendered":"<p>Descubra como expandir sua organiza\u00e7\u00e3o com Pesquisa de Mercado na Costa Rica.<\/p>","protected":false},"author":1,"featured_media":66240,"parent":14351,"menu_order":8,"comment_status":"closed","ping_status":"closed","template":"","meta":{"footnotes":""},"class_list":["post-38450","page","type-page","status-publish","has-post-thumbnail"],"_links":{"self":[{"href":"https:\/\/www.sisinternational.com\/pt\/wp-json\/wp\/v2\/pages\/38450","targetHints":{"allow":["GET"]}}],"collection":[{"href":"https:\/\/www.sisinternational.com\/pt\/wp-json\/wp\/v2\/pages"}],"about":[{"href":"https:\/\/www.sisinternational.com\/pt\/wp-json\/wp\/v2\/types\/page"}],"author":[{"embeddable":true,"href":"https:\/\/www.sisinternational.com\/pt\/wp-json\/wp\/v2\/users\/1"}],"replies":[{"embeddable":true,"href":"https:\/\/www.sisinternational.com\/pt\/wp-json\/wp\/v2\/comments?post=38450"}],"version-history":[{"count":5,"href":"https:\/\/www.sisinternational.com\/pt\/wp-json\/wp\/v2\/pages\/38450\/revisions"}],"predecessor-version":[{"id":81325,"href":"https:\/\/www.sisinternational.com\/pt\/wp-json\/wp\/v2\/pages\/38450\/revisions\/81325"}],"up":[{"embeddable":true,"href":"https:\/\/www.sisinternational.com\/pt\/wp-json\/wp\/v2\/pages\/14351"}],"wp:featuredmedia":[{"embeddable":true,"href":"https:\/\/www.sisinternational.com\/pt\/wp-json\/wp\/v2\/media\/66240"}],"wp:attachment":[{"href":"https:\/\/www.sisinternational.com\/pt\/wp-json\/wp\/v2\/media?parent=38450"}],"curies":[{"name":"wp","href":"https:\/\/api.w.org\/{rel}","templated":true}]}}